{"id":3302,"date":"2026-03-11T07:38:30","date_gmt":"2026-03-11T07:38:30","guid":{"rendered":"https:\/\/ultramachineparts.com\/?post_type=product&#038;p=3302"},"modified":"2026-03-23T02:10:09","modified_gmt":"2026-03-23T02:10:09","slug":"e95161631-board-repair","status":"publish","type":"product","link":"https:\/\/ultramachineparts.com\/de\/product\/e95161631-board-repair\/","title":{"rendered":"GE LOGIQ E9 \/ Vivid E9 GFI2 Karte E95161631 Reparatur"},"content":{"rendered":"<p>Die <strong>GFI2 Board Repair Service f\u00fcr GE LOGIQ E9 und Vivid E9 Ultraschallsysteme<\/strong> bietet eine zuverl\u00e4ssige und kosteng\u00fcnstige L\u00f6sung f\u00fcr die Reparatur von fehlerhaften oder besch\u00e4digten GFI2-Baugruppen. Diese Platine ist ein wichtiges elektronisches Modul, das f\u00fcr die interne Signalverarbeitung und Systemsteuerung innerhalb der Ultraschallplattform verantwortlich ist. Eine professionelle Reparatur und eine vollst\u00e4ndige Funktionspr\u00fcfung tragen dazu bei, die Systemleistung wiederherzustellen, die Lebensdauer der Ger\u00e4te zu verl\u00e4ngern und die Ausfallzeiten f\u00fcr Krankenh\u00e4user, Kliniken und Ultraschalldienstleister zu reduzieren.<\/p>\n<hr \/>\n<p><strong>Leistungsbeschreibung<\/strong><\/p>\n<ul>\n<li><strong>Produktname:<\/strong> GFI2 Platinen-Reparaturservice<\/li>\n<li><strong>Kompatible Systeme:<\/strong> GE LOGIQ E9 \/ GE Vivid E9<\/li>\n<li><strong>Teil Nummer:<\/strong> E95161631<\/li>\n<li><strong>Art der Dienstleistung:<\/strong> Reparatur \/ Austausch \/ Outright (verf\u00fcgbar)<\/li>\n<li><strong>Reparaturzeit:<\/strong> Normalerweise 2-4 Arbeitstage<\/li>\n<li><strong>Garantie:<\/strong> 90 Tage nach der Reparatur<\/li>\n<li><strong>Zustand:<\/strong> Originalplatine repariert und vollst\u00e4ndig getestet<\/li>\n<\/ul>\n<hr \/>\n<p><strong>Wesentliche Merkmale<\/strong><\/p>\n<ul>\n<li>Professionelle Reparatur f\u00fcr GE LOGIQ E9 \/ Vivid E9 GFI2 Platinen<\/li>\n<li>Kosteng\u00fcnstige Alternative zum Kauf von Neuteilen<\/li>\n<li>Umfassend getestet, um einen stabilen Systembetrieb zu gew\u00e4hrleisten<\/li>\n<li>Hilft bei der Wiederherstellung der Leistung der Ultraschallbildgebung<\/li>\n<li>Reduziert Ausfallzeiten und Wartungskosten der Ger\u00e4te<\/li>\n<li>Sofortkauf, Umtausch und Reparaturservice verf\u00fcgbar<\/li>\n<\/ul>\n<hr \/>\n<p><strong>Anwendungen<\/strong><\/p>\n<p>Dieser Reparaturservice wird von vielen Unternehmen genutzt:<\/p>\n<ul>\n<li>Krankenh\u00e4user und Zentren f\u00fcr medizinische Bildgebung<\/li>\n<li>H\u00e4ndler f\u00fcr Ultraschallger\u00e4te<\/li>\n<li>Biomedizinische Ingenieure und Dienstleistungsanbieter<\/li>\n<li>Wartungsunternehmen f\u00fcr medizinische Ger\u00e4te<\/li>\n<\/ul>\n<hr \/>\n<p><strong>Hinweise zum Service<\/strong><\/p>\n<ul>\n<li>Die Platine muss vollst\u00e4ndig und reparaturf\u00e4hig sein, damit sie f\u00fcr den Service bewertet werden kann.<\/li>\n<li>F\u00fcr den Austausch kann es erforderlich sein, die defekte Kernplatine zur\u00fcckzuschicken.<\/li>\n<li>Wenden Sie sich an uns, wenn Sie eine Kompatibilit\u00e4tsbest\u00e4tigung, eine Reparaturbewertung oder eine Anfrage f\u00fcr den Massenservice ben\u00f6tigen.<\/li>\n<\/ul>","protected":false},"excerpt":{"rendered":"<p>GE LOGIQ E9 \/ Vivid E9 GFI2 Platinenreparaturservice f\u00fcr P\/N E95161631. Kosteneffiziente Reparatur der Ultraschallplatine mit Austausch- und Outright-Optionen.<\/p>","protected":false},"featured_media":3308,"parent":0,"template":"","meta":{"_acf_changed":false,"_kad_blocks_custom_css":"","_kad_blocks_head_custom_js":"","_kad_blocks_body_custom_js":"","_kad_blocks_footer_custom_js":"","_kadence_starter_templates_imported_post":false,"_kad_post_transparent":"default","_kad_post_title":"","_kad_post_layout":"default","_kad_post_sidebar_id":"","_kad_post_content_style":"default","_kad_post_vertical_padding":"default","_kad_post_feature":"","_kad_post_feature_position":"","_kad_post_header":false,"_kad_post_footer":false},"pcategory":[5],"ptag":[],"class_list":["post-3302","product","type-product","status-publish","has-post-thumbnail","hentry","pcategory-ultrasound-boards-repair"],"acf":[],"yoast_head":"<!-- This site is optimized with the Yoast SEO plugin v27.1.1 - https:\/\/yoast.com\/product\/yoast-seo-wordpress\/ -->\n<title>GE LOGIQ E9 \/ Vivid E9 GFI2 Board E95161631 Repair<\/title>\n<meta name=\"description\" content=\"GE LOGIQ E9 \/ Vivid E9 GFI2 board repair service for P\/N E95161631. Cost-effective ultrasound system board repair with exchange and outright options.\" \/>\n<meta name=\"robots\" content=\"index, follow, max-snippet:-1, max-image-preview:large, max-video-preview:-1\" \/>\n<link rel=\"canonical\" href=\"https:\/\/ultramachineparts.com\/de\/product\/e95161631-board-repair\/\" \/>\n<meta property=\"og:locale\" content=\"de_DE\" \/>\n<meta property=\"og:type\" content=\"article\" \/>\n<meta property=\"og:title\" content=\"GE LOGIQ E9 \/ Vivid E9 GFI2 Board E95161631 Repair\" \/>\n<meta property=\"og:description\" content=\"GE LOGIQ E9 \/ Vivid E9 GFI2 board repair service for P\/N E95161631. Cost-effective ultrasound system board repair with exchange and outright options.\" \/>\n<meta property=\"og:url\" content=\"https:\/\/ultramachineparts.com\/de\/product\/e95161631-board-repair\/\" \/>\n<meta property=\"og:site_name\" content=\"ultramachine-part\" \/>\n<meta property=\"article:modified_time\" content=\"2026-03-23T02:10:09+00:00\" \/>\n<meta property=\"og:image\" content=\"https:\/\/ultramachineparts.com\/wp-content\/uploads\/2027\/03\/GE-Board-E95161631.jpg\" \/>\n\t<meta property=\"og:image:width\" content=\"800\" \/>\n\t<meta property=\"og:image:height\" content=\"800\" \/>\n\t<meta property=\"og:image:type\" content=\"image\/jpeg\" \/>\n<meta name=\"twitter:card\" content=\"summary_large_image\" \/>\n<meta name=\"twitter:label1\" content=\"Gesch\u00e4tzte Lesezeit\" \/>\n\t<meta name=\"twitter:data1\" content=\"2\u00a0Minuten\" \/>\n<script type=\"application\/ld+json\" class=\"yoast-schema-graph\">{\"@context\":\"https:\/\/schema.org\",\"@graph\":[{\"@type\":\"WebPage\",\"@id\":\"https:\/\/ultramachineparts.com\/product\/e95161631-board-repair\/\",\"url\":\"https:\/\/ultramachineparts.com\/product\/e95161631-board-repair\/\",\"name\":\"GE LOGIQ E9 \/ Vivid E9 GFI2 Board E95161631 Repair\",\"isPartOf\":{\"@id\":\"https:\/\/ultramachineparts.com\/#website\"},\"primaryImageOfPage\":{\"@id\":\"https:\/\/ultramachineparts.com\/product\/e95161631-board-repair\/#primaryimage\"},\"image\":{\"@id\":\"https:\/\/ultramachineparts.com\/product\/e95161631-board-repair\/#primaryimage\"},\"thumbnailUrl\":\"https:\/\/ultramachineparts.com\/wp-content\/uploads\/2027\/03\/GE-Board-E95161631.jpg\",\"datePublished\":\"2026-03-11T07:38:30+00:00\",\"dateModified\":\"2026-03-23T02:10:09+00:00\",\"description\":\"GE LOGIQ E9 \/ Vivid E9 GFI2 board repair service for P\/N E95161631. Cost-effective ultrasound system board repair with exchange and outright options.\",\"breadcrumb\":{\"@id\":\"https:\/\/ultramachineparts.com\/product\/e95161631-board-repair\/#breadcrumb\"},\"inLanguage\":\"de\",\"potentialAction\":[{\"@type\":\"ReadAction\",\"target\":[\"https:\/\/ultramachineparts.com\/product\/e95161631-board-repair\/\"]}]},{\"@type\":\"ImageObject\",\"inLanguage\":\"de\",\"@id\":\"https:\/\/ultramachineparts.com\/product\/e95161631-board-repair\/#primaryimage\",\"url\":\"https:\/\/ultramachineparts.com\/wp-content\/uploads\/2027\/03\/GE-Board-E95161631.jpg\",\"contentUrl\":\"https:\/\/ultramachineparts.com\/wp-content\/uploads\/2027\/03\/GE-Board-E95161631.jpg\",\"width\":800,\"height\":800,\"caption\":\"GE Board E95161631\"},{\"@type\":\"BreadcrumbList\",\"@id\":\"https:\/\/ultramachineparts.com\/product\/e95161631-board-repair\/#breadcrumb\",\"itemListElement\":[{\"@type\":\"ListItem\",\"position\":1,\"name\":\"Home\",\"item\":\"https:\/\/ultramachineparts.com\/\"},{\"@type\":\"ListItem\",\"position\":2,\"name\":\"Ultrasound Boards Repair\",\"item\":\"https:\/\/ultramachineparts.com\/pcategory\/ultrasound-boards-repair\/\"},{\"@type\":\"ListItem\",\"position\":3,\"name\":\"GE LOGIQ E9 \/ Vivid E9 GFI2 Board E95161631 Repair\"}]},{\"@type\":\"WebSite\",\"@id\":\"https:\/\/ultramachineparts.com\/#website\",\"url\":\"https:\/\/ultramachineparts.com\/\",\"name\":\"ultramachine-part\",\"description\":\"\",\"publisher\":{\"@id\":\"https:\/\/ultramachineparts.com\/#organization\"},\"potentialAction\":[{\"@type\":\"SearchAction\",\"target\":{\"@type\":\"EntryPoint\",\"urlTemplate\":\"https:\/\/ultramachineparts.com\/?s={search_term_string}\"},\"query-input\":{\"@type\":\"PropertyValueSpecification\",\"valueRequired\":true,\"valueName\":\"search_term_string\"}}],\"inLanguage\":\"de\"},{\"@type\":\"Organization\",\"@id\":\"https:\/\/ultramachineparts.com\/#organization\",\"name\":\"ultramachine-part\",\"url\":\"https:\/\/ultramachineparts.com\/\",\"logo\":{\"@type\":\"ImageObject\",\"inLanguage\":\"de\",\"@id\":\"https:\/\/ultramachineparts.com\/#\/schema\/logo\/image\/\",\"url\":\"https:\/\/ultramachineparts.com\/wp-content\/uploads\/2026\/03\/logo-echoelite.png\",\"contentUrl\":\"https:\/\/ultramachineparts.com\/wp-content\/uploads\/2026\/03\/logo-echoelite.png\",\"width\":463,\"height\":120,\"caption\":\"ultramachine-part\"},\"image\":{\"@id\":\"https:\/\/ultramachineparts.com\/#\/schema\/logo\/image\/\"}}]}<\/script>\n<!-- \/ Yoast SEO plugin. -->","yoast_head_json":{"title":"GE LOGIQ E9 \/ Vivid E9 GFI2 Karte E95161631 Reparatur","description":"GE LOGIQ E9 \/ Vivid E9 GFI2 Platinenreparaturservice f\u00fcr P\/N E95161631. Kosteneffiziente Reparatur der Ultraschallplatine mit Austausch- und Outright-Optionen.","robots":{"index":"index","follow":"follow","max-snippet":"max-snippet:-1","max-image-preview":"max-image-preview:large","max-video-preview":"max-video-preview:-1"},"canonical":"https:\/\/ultramachineparts.com\/de\/product\/e95161631-board-repair\/","og_locale":"de_DE","og_type":"article","og_title":"GE LOGIQ E9 \/ Vivid E9 GFI2 Board E95161631 Repair","og_description":"GE LOGIQ E9 \/ Vivid E9 GFI2 board repair service for P\/N E95161631. Cost-effective ultrasound system board repair with exchange and outright options.","og_url":"https:\/\/ultramachineparts.com\/de\/product\/e95161631-board-repair\/","og_site_name":"ultramachine-part","article_modified_time":"2026-03-23T02:10:09+00:00","og_image":[{"width":800,"height":800,"url":"https:\/\/ultramachineparts.com\/wp-content\/uploads\/2027\/03\/GE-Board-E95161631.jpg","type":"image\/jpeg"}],"twitter_card":"summary_large_image","twitter_misc":{"Gesch\u00e4tzte Lesezeit":"2\u00a0Minuten"},"schema":{"@context":"https:\/\/schema.org","@graph":[{"@type":"WebPage","@id":"https:\/\/ultramachineparts.com\/product\/e95161631-board-repair\/","url":"https:\/\/ultramachineparts.com\/product\/e95161631-board-repair\/","name":"GE LOGIQ E9 \/ Vivid E9 GFI2 Karte E95161631 Reparatur","isPartOf":{"@id":"https:\/\/ultramachineparts.com\/#website"},"primaryImageOfPage":{"@id":"https:\/\/ultramachineparts.com\/product\/e95161631-board-repair\/#primaryimage"},"image":{"@id":"https:\/\/ultramachineparts.com\/product\/e95161631-board-repair\/#primaryimage"},"thumbnailUrl":"https:\/\/ultramachineparts.com\/wp-content\/uploads\/2027\/03\/GE-Board-E95161631.jpg","datePublished":"2026-03-11T07:38:30+00:00","dateModified":"2026-03-23T02:10:09+00:00","description":"GE LOGIQ E9 \/ Vivid E9 GFI2 Platinenreparaturservice f\u00fcr P\/N E95161631. Kosteneffiziente Reparatur der Ultraschallplatine mit Austausch- und Outright-Optionen.","breadcrumb":{"@id":"https:\/\/ultramachineparts.com\/product\/e95161631-board-repair\/#breadcrumb"},"inLanguage":"de","potentialAction":[{"@type":"ReadAction","target":["https:\/\/ultramachineparts.com\/product\/e95161631-board-repair\/"]}]},{"@type":"ImageObject","inLanguage":"de","@id":"https:\/\/ultramachineparts.com\/product\/e95161631-board-repair\/#primaryimage","url":"https:\/\/ultramachineparts.com\/wp-content\/uploads\/2027\/03\/GE-Board-E95161631.jpg","contentUrl":"https:\/\/ultramachineparts.com\/wp-content\/uploads\/2027\/03\/GE-Board-E95161631.jpg","width":800,"height":800,"caption":"GE Board E95161631"},{"@type":"BreadcrumbList","@id":"https:\/\/ultramachineparts.com\/product\/e95161631-board-repair\/#breadcrumb","itemListElement":[{"@type":"ListItem","position":1,"name":"Home","item":"https:\/\/ultramachineparts.com\/"},{"@type":"ListItem","position":2,"name":"Ultrasound Boards Repair","item":"https:\/\/ultramachineparts.com\/pcategory\/ultrasound-boards-repair\/"},{"@type":"ListItem","position":3,"name":"GE LOGIQ E9 \/ Vivid E9 GFI2 Board E95161631 Repair"}]},{"@type":"WebSite","@id":"https:\/\/ultramachineparts.com\/#website","url":"https:\/\/ultramachineparts.com\/","name":"ultramachine-part","description":"","publisher":{"@id":"https:\/\/ultramachineparts.com\/#organization"},"potentialAction":[{"@type":"SearchAction","target":{"@type":"EntryPoint","urlTemplate":"https:\/\/ultramachineparts.com\/?s={search_term_string}"},"query-input":{"@type":"PropertyValueSpecification","valueRequired":true,"valueName":"search_term_string"}}],"inLanguage":"de"},{"@type":"Organization","@id":"https:\/\/ultramachineparts.com\/#organization","name":"ultramachine-part","url":"https:\/\/ultramachineparts.com\/","logo":{"@type":"ImageObject","inLanguage":"de","@id":"https:\/\/ultramachineparts.com\/#\/schema\/logo\/image\/","url":"https:\/\/ultramachineparts.com\/wp-content\/uploads\/2026\/03\/logo-echoelite.png","contentUrl":"https:\/\/ultramachineparts.com\/wp-content\/uploads\/2026\/03\/logo-echoelite.png","width":463,"height":120,"caption":"ultramachine-part"},"image":{"@id":"https:\/\/ultramachineparts.com\/#\/schema\/logo\/image\/"}}]}},"taxonomy_info":{"pcategory":[{"value":5,"label":"Ultrasound Boards Repair"}]},"featured_image_src_large":["https:\/\/ultramachineparts.com\/wp-content\/uploads\/2027\/03\/GE-Board-E95161631.jpg",800,800,false],"author_info":[],"comment_info":"","_links":{"self":[{"href":"https:\/\/ultramachineparts.com\/de\/wp-json\/wp\/v2\/product\/3302","targetHints":{"allow":["GET"]}}],"collection":[{"href":"https:\/\/ultramachineparts.com\/de\/wp-json\/wp\/v2\/product"}],"about":[{"href":"https:\/\/ultramachineparts.com\/de\/wp-json\/wp\/v2\/types\/product"}],"wp:featuredmedia":[{"embeddable":true,"href":"https:\/\/ultramachineparts.com\/de\/wp-json\/wp\/v2\/media\/3308"}],"wp:attachment":[{"href":"https:\/\/ultramachineparts.com\/de\/wp-json\/wp\/v2\/media?parent=3302"}],"wp:term":[{"taxonomy":"pcategory","embeddable":true,"href":"https:\/\/ultramachineparts.com\/de\/wp-json\/wp\/v2\/pcategory?post=3302"},{"taxonomy":"ptag","embeddable":true,"href":"https:\/\/ultramachineparts.com\/de\/wp-json\/wp\/v2\/ptag?post=3302"}],"curies":[{"name":"wp","href":"https:\/\/api.w.org\/{rel}","templated":true}]}}