{"id":3434,"date":"2026-03-14T15:29:08","date_gmt":"2026-03-14T15:29:08","guid":{"rendered":"https:\/\/ultramachineparts.com\/?post_type=product&#038;p=3434"},"modified":"2026-03-13T09:10:04","modified_gmt":"2026-03-13T09:10:04","slug":"e8-e6-rsr14-p9-receiver-sub-board","status":"publish","type":"product","link":"https:\/\/ultramachineparts.com\/de\/product\/e8-e6-rsr14-p9-receiver-sub-board\/","title":{"rendered":"GE Ultrasound Voluson E6 E8 RSR14-P9 Empf\u00e4nger-Unterplatine KTI196357_9"},"content":{"rendered":"<p>Die <strong>GE Voluson E8\/E6 RSR14-P9 KTI196357_9 Empf\u00e4nger-Unterplatine<\/strong> ist eine Ersatz-Empf\u00e4nger-Subplatine, die f\u00fcr den Einsatz in GE Voluson E8- und Voluson E6-Ultraschalldiagnosesystemen entwickelt wurde. Diese Karte unterst\u00fctzt den Empfang und die Verarbeitung von Echosignalen von der Front-End-Elektronik und tr\u00e4gt so zu einer genauen Bildgebung und einem zuverl\u00e4ssigen klinischen Betrieb bei.<\/p>\n<ul>\n<li><strong>Produktname:<\/strong> Ultraschall-Empf\u00e4nger-Subplatine<\/li>\n<li><strong>Teil Nummer:<\/strong> RSR14-P9 KTI196357_9<\/li>\n<li><strong>Kompatible Systeme:<\/strong> GE Voluson E8- und E6-Ultraschallsysteme<\/li>\n<li><strong>Funktion:<\/strong> Unterplatine f\u00fcr Empf\u00e4ngersignalverarbeitung zur Bildgebung<\/li>\n<li><strong>Marke:<\/strong> GE<\/li>\n<li><strong>Zustand:<\/strong> Gepr\u00fcftes Originalersatzteil<\/li>\n<li><strong>Garantie:<\/strong> 90 Tage<\/li>\n<li><strong>Lieferzeiten:<\/strong> Normalerweise 2-7 Arbeitstage, wenn auf Lager<\/li>\n<li><strong>Dienst:<\/strong> Sofortiger Verkauf \/ Umtausch \/ Reparatur m\u00f6glich<\/li>\n<\/ul>\n<p><strong>Hinweise zum Service<\/strong><\/p>\n<ul>\n<li>Bitte best\u00e4tigen Sie vor der Bestellung die Kompatibilit\u00e4t mit Ihrem GE Voluson E8 oder E6 System.<\/li>\n<li>Die Installation sollte von qualifizierten Servicetechnikern durchgef\u00fchrt werden, die Erfahrung mit Ultraschallelektronik haben.<\/li>\n<li>Umtausch- oder Garantieleistungen k\u00f6nnen die R\u00fccksendung der defekten Originalkarte erfordern.<\/li>\n<li>Um Sch\u00e4den an empfindlichen Bauteilen zu vermeiden, wird eine sachgem\u00e4\u00dfe Handhabung und ESD-Vorsichtsma\u00dfnahmen empfohlen.<\/li>\n<li>Wenden Sie sich an den Lieferanten, wenn Sie Fragen zur Reparatur, zum technischen Support oder zum Gro\u00dfeinkauf haben.<\/li>\n<\/ul>","protected":false},"excerpt":{"rendered":"<p>RSR14-P9KTI196357_9 Empf\u00e4nger Unterplatine KTI196357_9 kompatibel mit GE Voluson E6 und E8 Ultraschallger\u00e4te. Zuverl\u00e4ssige Ultraschall-Ersatzteile Lieferant mit schneller Lieferung.<\/p>","protected":false},"featured_media":3497,"parent":0,"template":"","meta":{"_acf_changed":false,"_kad_blocks_custom_css":"","_kad_blocks_head_custom_js":"","_kad_blocks_body_custom_js":"","_kad_blocks_footer_custom_js":"","_kadence_starter_templates_imported_post":false,"_kad_post_transparent":"default","_kad_post_title":"","_kad_post_layout":"default","_kad_post_sidebar_id":"","_kad_post_content_style":"default","_kad_post_vertical_padding":"default","_kad_post_feature":"","_kad_post_feature_position":"","_kad_post_header":false,"_kad_post_footer":false},"pcategory":[5],"ptag":[],"class_list":["post-3434","product","type-product","status-publish","has-post-thumbnail","hentry","pcategory-ultrasound-boards-repair"],"acf":[],"yoast_head":"<!-- This site is optimized with the Yoast SEO plugin v27.1.1 - https:\/\/yoast.com\/product\/yoast-seo-wordpress\/ -->\n<title>GE Ultrasound Voluson E6 E8 RSR14-P9 Receiver Sub Board KTI196357_9<\/title>\n<meta name=\"description\" content=\"RSR14-P9 receiver sub board compatible with GE Voluson E6 and E8 ultrasound machines. Reliable ultrasound spare parts supplier with fast delivery.\" \/>\n<meta name=\"robots\" content=\"index, follow, max-snippet:-1, max-image-preview:large, max-video-preview:-1\" \/>\n<link rel=\"canonical\" href=\"https:\/\/ultramachineparts.com\/de\/product\/e8-e6-rsr14-p9-receiver-sub-board\/\" \/>\n<meta property=\"og:locale\" content=\"de_DE\" \/>\n<meta property=\"og:type\" content=\"article\" \/>\n<meta property=\"og:title\" content=\"GE Ultrasound Voluson E6 E8 RSR14-P9 Receiver Sub Board KTI196357_9\" \/>\n<meta property=\"og:description\" content=\"RSR14-P9 receiver sub board compatible with GE Voluson E6 and E8 ultrasound machines. Reliable ultrasound spare parts supplier with fast delivery.\" \/>\n<meta property=\"og:url\" content=\"https:\/\/ultramachineparts.com\/de\/product\/e8-e6-rsr14-p9-receiver-sub-board\/\" \/>\n<meta property=\"og:site_name\" content=\"ultramachine-part\" \/>\n<meta property=\"og:image\" content=\"https:\/\/ultramachineparts.com\/wp-content\/uploads\/2026\/03\/E6-E8-RSR14-P9-Receiver-Sub-Board-2.jpg\" \/>\n\t<meta property=\"og:image:width\" content=\"860\" \/>\n\t<meta property=\"og:image:height\" content=\"1147\" \/>\n\t<meta property=\"og:image:type\" content=\"image\/jpeg\" \/>\n<meta name=\"twitter:card\" content=\"summary_large_image\" \/>\n<meta name=\"twitter:label1\" content=\"Gesch\u00e4tzte Lesezeit\" \/>\n\t<meta name=\"twitter:data1\" content=\"1\u00a0Minute\" \/>\n<script type=\"application\/ld+json\" class=\"yoast-schema-graph\">{\"@context\":\"https:\/\/schema.org\",\"@graph\":[{\"@type\":\"WebPage\",\"@id\":\"https:\/\/ultramachineparts.com\/product\/e8-e6-rsr14-p9-receiver-sub-board\/\",\"url\":\"https:\/\/ultramachineparts.com\/product\/e8-e6-rsr14-p9-receiver-sub-board\/\",\"name\":\"GE Ultrasound Voluson E6 E8 RSR14-P9 Receiver Sub Board KTI196357_9\",\"isPartOf\":{\"@id\":\"https:\/\/ultramachineparts.com\/#website\"},\"primaryImageOfPage\":{\"@id\":\"https:\/\/ultramachineparts.com\/product\/e8-e6-rsr14-p9-receiver-sub-board\/#primaryimage\"},\"image\":{\"@id\":\"https:\/\/ultramachineparts.com\/product\/e8-e6-rsr14-p9-receiver-sub-board\/#primaryimage\"},\"thumbnailUrl\":\"https:\/\/ultramachineparts.com\/wp-content\/uploads\/2026\/03\/E6-E8-RSR14-P9-Receiver-Sub-Board-2.jpg\",\"datePublished\":\"2026-03-14T15:29:08+00:00\",\"description\":\"RSR14-P9 receiver sub board compatible with GE Voluson E6 and E8 ultrasound machines. Reliable ultrasound spare parts supplier with fast delivery.\",\"breadcrumb\":{\"@id\":\"https:\/\/ultramachineparts.com\/product\/e8-e6-rsr14-p9-receiver-sub-board\/#breadcrumb\"},\"inLanguage\":\"de\",\"potentialAction\":[{\"@type\":\"ReadAction\",\"target\":[\"https:\/\/ultramachineparts.com\/product\/e8-e6-rsr14-p9-receiver-sub-board\/\"]}]},{\"@type\":\"ImageObject\",\"inLanguage\":\"de\",\"@id\":\"https:\/\/ultramachineparts.com\/product\/e8-e6-rsr14-p9-receiver-sub-board\/#primaryimage\",\"url\":\"https:\/\/ultramachineparts.com\/wp-content\/uploads\/2026\/03\/E6-E8-RSR14-P9-Receiver-Sub-Board-2.jpg\",\"contentUrl\":\"https:\/\/ultramachineparts.com\/wp-content\/uploads\/2026\/03\/E6-E8-RSR14-P9-Receiver-Sub-Board-2.jpg\",\"width\":860,\"height\":1147,\"caption\":\"E6 E8 RSR14-P9 Receiver Sub Board KTI196357_9\"},{\"@type\":\"BreadcrumbList\",\"@id\":\"https:\/\/ultramachineparts.com\/product\/e8-e6-rsr14-p9-receiver-sub-board\/#breadcrumb\",\"itemListElement\":[{\"@type\":\"ListItem\",\"position\":1,\"name\":\"Home\",\"item\":\"https:\/\/ultramachineparts.com\/\"},{\"@type\":\"ListItem\",\"position\":2,\"name\":\"Ultrasound Boards Repair\",\"item\":\"https:\/\/ultramachineparts.com\/pcategory\/ultrasound-boards-repair\/\"},{\"@type\":\"ListItem\",\"position\":3,\"name\":\"GE Ultrasound Voluson E6 E8 RSR14-P9 Receiver Sub Board KTI196357_9\"}]},{\"@type\":\"WebSite\",\"@id\":\"https:\/\/ultramachineparts.com\/#website\",\"url\":\"https:\/\/ultramachineparts.com\/\",\"name\":\"ultramachine-part\",\"description\":\"\",\"publisher\":{\"@id\":\"https:\/\/ultramachineparts.com\/#organization\"},\"potentialAction\":[{\"@type\":\"SearchAction\",\"target\":{\"@type\":\"EntryPoint\",\"urlTemplate\":\"https:\/\/ultramachineparts.com\/?s={search_term_string}\"},\"query-input\":{\"@type\":\"PropertyValueSpecification\",\"valueRequired\":true,\"valueName\":\"search_term_string\"}}],\"inLanguage\":\"de\"},{\"@type\":\"Organization\",\"@id\":\"https:\/\/ultramachineparts.com\/#organization\",\"name\":\"ultramachine-part\",\"url\":\"https:\/\/ultramachineparts.com\/\",\"logo\":{\"@type\":\"ImageObject\",\"inLanguage\":\"de\",\"@id\":\"https:\/\/ultramachineparts.com\/#\/schema\/logo\/image\/\",\"url\":\"https:\/\/ultramachineparts.com\/wp-content\/uploads\/2026\/03\/logo-echoelite.png\",\"contentUrl\":\"https:\/\/ultramachineparts.com\/wp-content\/uploads\/2026\/03\/logo-echoelite.png\",\"width\":463,\"height\":120,\"caption\":\"ultramachine-part\"},\"image\":{\"@id\":\"https:\/\/ultramachineparts.com\/#\/schema\/logo\/image\/\"}}]}<\/script>\n<!-- \/ Yoast SEO plugin. -->","yoast_head_json":{"title":"GE Ultrasound Voluson E6 E8 RSR14-P9 Empf\u00e4nger-Unterplatine KTI196357_9","description":"RSR14-P9 Empf\u00e4nger-Unterplatine kompatibel mit GE Voluson E6 und E8 Ultraschallger\u00e4te. Zuverl\u00e4ssiger Lieferant von Ultraschall-Ersatzteilen mit schneller Lieferung.","robots":{"index":"index","follow":"follow","max-snippet":"max-snippet:-1","max-image-preview":"max-image-preview:large","max-video-preview":"max-video-preview:-1"},"canonical":"https:\/\/ultramachineparts.com\/de\/product\/e8-e6-rsr14-p9-receiver-sub-board\/","og_locale":"de_DE","og_type":"article","og_title":"GE Ultrasound Voluson E6 E8 RSR14-P9 Receiver Sub Board KTI196357_9","og_description":"RSR14-P9 receiver sub board compatible with GE Voluson E6 and E8 ultrasound machines. Reliable ultrasound spare parts supplier with fast delivery.","og_url":"https:\/\/ultramachineparts.com\/de\/product\/e8-e6-rsr14-p9-receiver-sub-board\/","og_site_name":"ultramachine-part","og_image":[{"width":860,"height":1147,"url":"https:\/\/ultramachineparts.com\/wp-content\/uploads\/2026\/03\/E6-E8-RSR14-P9-Receiver-Sub-Board-2.jpg","type":"image\/jpeg"}],"twitter_card":"summary_large_image","twitter_misc":{"Gesch\u00e4tzte Lesezeit":"1\u00a0Minute"},"schema":{"@context":"https:\/\/schema.org","@graph":[{"@type":"WebPage","@id":"https:\/\/ultramachineparts.com\/product\/e8-e6-rsr14-p9-receiver-sub-board\/","url":"https:\/\/ultramachineparts.com\/product\/e8-e6-rsr14-p9-receiver-sub-board\/","name":"GE Ultrasound Voluson E6 E8 RSR14-P9 Empf\u00e4nger-Unterplatine KTI196357_9","isPartOf":{"@id":"https:\/\/ultramachineparts.com\/#website"},"primaryImageOfPage":{"@id":"https:\/\/ultramachineparts.com\/product\/e8-e6-rsr14-p9-receiver-sub-board\/#primaryimage"},"image":{"@id":"https:\/\/ultramachineparts.com\/product\/e8-e6-rsr14-p9-receiver-sub-board\/#primaryimage"},"thumbnailUrl":"https:\/\/ultramachineparts.com\/wp-content\/uploads\/2026\/03\/E6-E8-RSR14-P9-Receiver-Sub-Board-2.jpg","datePublished":"2026-03-14T15:29:08+00:00","description":"RSR14-P9 Empf\u00e4nger-Unterplatine kompatibel mit GE Voluson E6 und E8 Ultraschallger\u00e4te. Zuverl\u00e4ssiger Lieferant von Ultraschall-Ersatzteilen mit schneller Lieferung.","breadcrumb":{"@id":"https:\/\/ultramachineparts.com\/product\/e8-e6-rsr14-p9-receiver-sub-board\/#breadcrumb"},"inLanguage":"de","potentialAction":[{"@type":"ReadAction","target":["https:\/\/ultramachineparts.com\/product\/e8-e6-rsr14-p9-receiver-sub-board\/"]}]},{"@type":"ImageObject","inLanguage":"de","@id":"https:\/\/ultramachineparts.com\/product\/e8-e6-rsr14-p9-receiver-sub-board\/#primaryimage","url":"https:\/\/ultramachineparts.com\/wp-content\/uploads\/2026\/03\/E6-E8-RSR14-P9-Receiver-Sub-Board-2.jpg","contentUrl":"https:\/\/ultramachineparts.com\/wp-content\/uploads\/2026\/03\/E6-E8-RSR14-P9-Receiver-Sub-Board-2.jpg","width":860,"height":1147,"caption":"E6 E8 RSR14-P9 Receiver Sub Board KTI196357_9"},{"@type":"BreadcrumbList","@id":"https:\/\/ultramachineparts.com\/product\/e8-e6-rsr14-p9-receiver-sub-board\/#breadcrumb","itemListElement":[{"@type":"ListItem","position":1,"name":"Home","item":"https:\/\/ultramachineparts.com\/"},{"@type":"ListItem","position":2,"name":"Ultrasound Boards Repair","item":"https:\/\/ultramachineparts.com\/pcategory\/ultrasound-boards-repair\/"},{"@type":"ListItem","position":3,"name":"GE Ultrasound Voluson E6 E8 RSR14-P9 Receiver Sub Board KTI196357_9"}]},{"@type":"WebSite","@id":"https:\/\/ultramachineparts.com\/#website","url":"https:\/\/ultramachineparts.com\/","name":"ultramachine-part","description":"","publisher":{"@id":"https:\/\/ultramachineparts.com\/#organization"},"potentialAction":[{"@type":"SearchAction","target":{"@type":"EntryPoint","urlTemplate":"https:\/\/ultramachineparts.com\/?s={search_term_string}"},"query-input":{"@type":"PropertyValueSpecification","valueRequired":true,"valueName":"search_term_string"}}],"inLanguage":"de"},{"@type":"Organization","@id":"https:\/\/ultramachineparts.com\/#organization","name":"ultramachine-part","url":"https:\/\/ultramachineparts.com\/","logo":{"@type":"ImageObject","inLanguage":"de","@id":"https:\/\/ultramachineparts.com\/#\/schema\/logo\/image\/","url":"https:\/\/ultramachineparts.com\/wp-content\/uploads\/2026\/03\/logo-echoelite.png","contentUrl":"https:\/\/ultramachineparts.com\/wp-content\/uploads\/2026\/03\/logo-echoelite.png","width":463,"height":120,"caption":"ultramachine-part"},"image":{"@id":"https:\/\/ultramachineparts.com\/#\/schema\/logo\/image\/"}}]}},"taxonomy_info":{"pcategory":[{"value":5,"label":"Ultrasound Boards Repair"}]},"featured_image_src_large":["https:\/\/ultramachineparts.com\/wp-content\/uploads\/2026\/03\/E6-E8-RSR14-P9-Receiver-Sub-Board-2-768x1024.jpg",768,1024,true],"author_info":[],"comment_info":"","_links":{"self":[{"href":"https:\/\/ultramachineparts.com\/de\/wp-json\/wp\/v2\/product\/3434","targetHints":{"allow":["GET"]}}],"collection":[{"href":"https:\/\/ultramachineparts.com\/de\/wp-json\/wp\/v2\/product"}],"about":[{"href":"https:\/\/ultramachineparts.com\/de\/wp-json\/wp\/v2\/types\/product"}],"wp:featuredmedia":[{"embeddable":true,"href":"https:\/\/ultramachineparts.com\/de\/wp-json\/wp\/v2\/media\/3497"}],"wp:attachment":[{"href":"https:\/\/ultramachineparts.com\/de\/wp-json\/wp\/v2\/media?parent=3434"}],"wp:term":[{"taxonomy":"pcategory","embeddable":true,"href":"https:\/\/ultramachineparts.com\/de\/wp-json\/wp\/v2\/pcategory?post=3434"},{"taxonomy":"ptag","embeddable":true,"href":"https:\/\/ultramachineparts.com\/de\/wp-json\/wp\/v2\/ptag?post=3434"}],"curies":[{"name":"wp","href":"https:\/\/api.w.org\/{rel}","templated":true}]}}