{"id":3430,"date":"2026-03-16T19:21:29","date_gmt":"2026-03-16T19:21:29","guid":{"rendered":"https:\/\/ultramachineparts.com\/?post_type=product&#038;p=3430"},"modified":"2026-03-17T02:57:16","modified_gmt":"2026-03-17T02:57:16","slug":"philips-453561197522","status":"publish","type":"product","link":"https:\/\/ultramachineparts.com\/es\/product\/philips-453561197522\/","title":{"rendered":"Philips IE33 Panel de control de ultrasonidos 453561197522 |Refurbished Sustituci\u00f3n y reparaci\u00f3n"},"content":{"rendered":"<p>En <strong>Philips IE33 Ensamblaje del panel de control 453561197522<\/strong> es un conjunto de panel de control dise\u00f1ado para su uso con el sistema de diagn\u00f3stico por ultrasonidos IE33 de Philips. Proporciona la interfaz principal para la entrada de datos del usuario y el control del sistema, incluido el acceso a botones y funciones para las operaciones de imagen y examen.<\/p>\n<p><strong>Informaci\u00f3n sobre el producto<\/strong><\/p>\n<ul>\n<li><strong>Nombre del producto:<\/strong> Conjunto del panel de control de ultrasonidos<\/li>\n<li><strong>N\u00famero de pieza:<\/strong> 453561197522<\/li>\n<li><strong>Sistema compatible:<\/strong> Ec\u00f3grafo Philips IE33<\/li>\n<li><strong>Funci\u00f3n:<\/strong> Interfaz de control de usuario para el funcionamiento del sistema<\/li>\n<li><strong>Marca:<\/strong> Philips<\/li>\n<li><strong>Estado:<\/strong> Pieza de recambio original o reacondicionada<\/li>\n<li><strong>Garant\u00eda:<\/strong> Normalmente 3 meses (depende del proveedor) :<\/li>\n<li><strong>Plazo de entrega:<\/strong> Normalmente 3-7 d\u00edas laborables cuando est\u00e1 en stock<\/li>\n<li><strong>Servicio:<\/strong> Venta directa \/ Cambio \/ Reparaci\u00f3n disponible<\/li>\n<\/ul>\n<p><strong>Notas de servicio<\/strong><\/p>\n<ul>\n<li>Confirme la compatibilidad con su sistema Philips IE33 antes de realizar el pedido.<\/li>\n<li>La instalaci\u00f3n debe ser realizada por t\u00e9cnicos de servicio cualificados familiarizados con los componentes del sistema de ultrasonidos.<\/li>\n<li>El servicio de cambio o de garant\u00eda puede requerir la devoluci\u00f3n de la unidad defectuosa original.<\/li>\n<li>Una manipulaci\u00f3n adecuada durante la instalaci\u00f3n ayuda a mantener la fiabilidad del sistema.<\/li>\n<li>P\u00f3ngase en contacto con el proveedor para obtener informaci\u00f3n sobre reparaciones, asistencia t\u00e9cnica o compras al por mayor.<\/li>\n<\/ul>","protected":false},"excerpt":{"rendered":"<p>Philips IE33 Panel de control 453561197522 para sistemas de ultrasonido. Piezas reacondicionadas, env\u00edo r\u00e1pido, instalaci\u00f3n profesional recomendada y servicio de garant\u00eda disponible.<\/p>","protected":false},"featured_media":3561,"parent":0,"template":"","meta":{"_acf_changed":false,"_kad_blocks_custom_css":"","_kad_blocks_head_custom_js":"","_kad_blocks_body_custom_js":"","_kad_blocks_footer_custom_js":"","_kadence_starter_templates_imported_post":false,"_kad_post_transparent":"default","_kad_post_title":"","_kad_post_layout":"default","_kad_post_sidebar_id":"","_kad_post_content_style":"default","_kad_post_vertical_padding":"default","_kad_post_feature":"","_kad_post_feature_position":"","_kad_post_header":false,"_kad_post_footer":false},"pcategory":[35],"ptag":[],"class_list":["post-3430","product","type-product","status-publish","has-post-thumbnail","hentry","pcategory-ultrasound-components"],"acf":[],"yoast_head":"<!-- This site is optimized with the Yoast SEO plugin v27.1.1 - https:\/\/yoast.com\/product\/yoast-seo-wordpress\/ -->\n<title>Philips IE33 Ultrasound Control Panel 453561197522 |Refurbished Replacement &amp; Repair<\/title>\n<meta name=\"description\" content=\"Philips IE33 Control Panel 453561197522 for ultrasound systems. Refurbished parts, quick shipping, professional installation recommended, and warranty service available.\" \/>\n<meta name=\"robots\" content=\"index, follow, max-snippet:-1, max-image-preview:large, max-video-preview:-1\" \/>\n<link rel=\"canonical\" href=\"https:\/\/ultramachineparts.com\/es\/product\/philips-453561197522\/\" \/>\n<meta property=\"og:locale\" content=\"es_ES\" \/>\n<meta property=\"og:type\" content=\"article\" \/>\n<meta property=\"og:title\" content=\"Philips IE33 Ultrasound Control Panel 453561197522 |Refurbished Replacement &amp; Repair\" \/>\n<meta property=\"og:description\" content=\"Philips IE33 Control Panel 453561197522 for ultrasound systems. Refurbished parts, quick shipping, professional installation recommended, and warranty service available.\" \/>\n<meta property=\"og:url\" content=\"https:\/\/ultramachineparts.com\/es\/product\/philips-453561197522\/\" \/>\n<meta property=\"og:site_name\" content=\"ultramachine-part\" \/>\n<meta property=\"article:modified_time\" content=\"2026-03-17T02:57:16+00:00\" \/>\n<meta property=\"og:image\" content=\"https:\/\/ultramachineparts.com\/wp-content\/uploads\/2027\/03\/Philips-453561197522-2.jpg\" \/>\n\t<meta property=\"og:image:width\" content=\"800\" \/>\n\t<meta property=\"og:image:height\" content=\"800\" \/>\n\t<meta property=\"og:image:type\" content=\"image\/jpeg\" \/>\n<meta name=\"twitter:card\" content=\"summary_large_image\" \/>\n<meta name=\"twitter:label1\" content=\"Tiempo de lectura\" \/>\n\t<meta name=\"twitter:data1\" content=\"1 minuto\" \/>\n<script type=\"application\/ld+json\" class=\"yoast-schema-graph\">{\"@context\":\"https:\/\/schema.org\",\"@graph\":[{\"@type\":\"WebPage\",\"@id\":\"https:\/\/ultramachineparts.com\/product\/philips-453561197522\/\",\"url\":\"https:\/\/ultramachineparts.com\/product\/philips-453561197522\/\",\"name\":\"Philips IE33 Ultrasound Control Panel 453561197522 |Refurbished Replacement & Repair\",\"isPartOf\":{\"@id\":\"https:\/\/ultramachineparts.com\/#website\"},\"primaryImageOfPage\":{\"@id\":\"https:\/\/ultramachineparts.com\/product\/philips-453561197522\/#primaryimage\"},\"image\":{\"@id\":\"https:\/\/ultramachineparts.com\/product\/philips-453561197522\/#primaryimage\"},\"thumbnailUrl\":\"https:\/\/ultramachineparts.com\/wp-content\/uploads\/2027\/03\/Philips-453561197522-2.jpg\",\"datePublished\":\"2026-03-16T19:21:29+00:00\",\"dateModified\":\"2026-03-17T02:57:16+00:00\",\"description\":\"Philips IE33 Control Panel 453561197522 for ultrasound systems. Refurbished parts, quick shipping, professional installation recommended, and warranty service available.\",\"breadcrumb\":{\"@id\":\"https:\/\/ultramachineparts.com\/product\/philips-453561197522\/#breadcrumb\"},\"inLanguage\":\"es\",\"potentialAction\":[{\"@type\":\"ReadAction\",\"target\":[\"https:\/\/ultramachineparts.com\/product\/philips-453561197522\/\"]}]},{\"@type\":\"ImageObject\",\"inLanguage\":\"es\",\"@id\":\"https:\/\/ultramachineparts.com\/product\/philips-453561197522\/#primaryimage\",\"url\":\"https:\/\/ultramachineparts.com\/wp-content\/uploads\/2027\/03\/Philips-453561197522-2.jpg\",\"contentUrl\":\"https:\/\/ultramachineparts.com\/wp-content\/uploads\/2027\/03\/Philips-453561197522-2.jpg\",\"width\":800,\"height\":800,\"caption\":\"Philips 453561197522\"},{\"@type\":\"BreadcrumbList\",\"@id\":\"https:\/\/ultramachineparts.com\/product\/philips-453561197522\/#breadcrumb\",\"itemListElement\":[{\"@type\":\"ListItem\",\"position\":1,\"name\":\"Home\",\"item\":\"https:\/\/ultramachineparts.com\/\"},{\"@type\":\"ListItem\",\"position\":2,\"name\":\"Ultrasound Components\",\"item\":\"https:\/\/ultramachineparts.com\/pcategory\/ultrasound-components\/\"},{\"@type\":\"ListItem\",\"position\":3,\"name\":\"Philips IE33 Ultrasound Control Panel 453561197522 |Refurbished Replacement &#038; Repair\"}]},{\"@type\":\"WebSite\",\"@id\":\"https:\/\/ultramachineparts.com\/#website\",\"url\":\"https:\/\/ultramachineparts.com\/\",\"name\":\"ultramachine-part\",\"description\":\"\",\"publisher\":{\"@id\":\"https:\/\/ultramachineparts.com\/#organization\"},\"potentialAction\":[{\"@type\":\"SearchAction\",\"target\":{\"@type\":\"EntryPoint\",\"urlTemplate\":\"https:\/\/ultramachineparts.com\/?s={search_term_string}\"},\"query-input\":{\"@type\":\"PropertyValueSpecification\",\"valueRequired\":true,\"valueName\":\"search_term_string\"}}],\"inLanguage\":\"es\"},{\"@type\":\"Organization\",\"@id\":\"https:\/\/ultramachineparts.com\/#organization\",\"name\":\"ultramachine-part\",\"url\":\"https:\/\/ultramachineparts.com\/\",\"logo\":{\"@type\":\"ImageObject\",\"inLanguage\":\"es\",\"@id\":\"https:\/\/ultramachineparts.com\/#\/schema\/logo\/image\/\",\"url\":\"https:\/\/ultramachineparts.com\/wp-content\/uploads\/2026\/03\/logo-echoelite.png\",\"contentUrl\":\"https:\/\/ultramachineparts.com\/wp-content\/uploads\/2026\/03\/logo-echoelite.png\",\"width\":463,\"height\":120,\"caption\":\"ultramachine-part\"},\"image\":{\"@id\":\"https:\/\/ultramachineparts.com\/#\/schema\/logo\/image\/\"}}]}<\/script>\n<!-- \/ Yoast SEO plugin. -->","yoast_head_json":{"title":"Philips IE33 Panel de control de ultrasonidos 453561197522 |Refurbished Sustituci\u00f3n y reparaci\u00f3n","description":"Philips IE33 Panel de control 453561197522 para sistemas de ultrasonido. Piezas reacondicionadas, env\u00edo r\u00e1pido, instalaci\u00f3n profesional recomendada y servicio de garant\u00eda disponible.","robots":{"index":"index","follow":"follow","max-snippet":"max-snippet:-1","max-image-preview":"max-image-preview:large","max-video-preview":"max-video-preview:-1"},"canonical":"https:\/\/ultramachineparts.com\/es\/product\/philips-453561197522\/","og_locale":"es_ES","og_type":"article","og_title":"Philips IE33 Ultrasound Control Panel 453561197522 |Refurbished Replacement & Repair","og_description":"Philips IE33 Control Panel 453561197522 for ultrasound systems. Refurbished parts, quick shipping, professional installation recommended, and warranty service available.","og_url":"https:\/\/ultramachineparts.com\/es\/product\/philips-453561197522\/","og_site_name":"ultramachine-part","article_modified_time":"2026-03-17T02:57:16+00:00","og_image":[{"width":800,"height":800,"url":"https:\/\/ultramachineparts.com\/wp-content\/uploads\/2027\/03\/Philips-453561197522-2.jpg","type":"image\/jpeg"}],"twitter_card":"summary_large_image","twitter_misc":{"Tiempo de lectura":"1 minuto"},"schema":{"@context":"https:\/\/schema.org","@graph":[{"@type":"WebPage","@id":"https:\/\/ultramachineparts.com\/product\/philips-453561197522\/","url":"https:\/\/ultramachineparts.com\/product\/philips-453561197522\/","name":"Philips IE33 Panel de control de ultrasonidos 453561197522 |Refurbished Sustituci\u00f3n y reparaci\u00f3n","isPartOf":{"@id":"https:\/\/ultramachineparts.com\/#website"},"primaryImageOfPage":{"@id":"https:\/\/ultramachineparts.com\/product\/philips-453561197522\/#primaryimage"},"image":{"@id":"https:\/\/ultramachineparts.com\/product\/philips-453561197522\/#primaryimage"},"thumbnailUrl":"https:\/\/ultramachineparts.com\/wp-content\/uploads\/2027\/03\/Philips-453561197522-2.jpg","datePublished":"2026-03-16T19:21:29+00:00","dateModified":"2026-03-17T02:57:16+00:00","description":"Philips IE33 Panel de control 453561197522 para sistemas de ultrasonido. Piezas reacondicionadas, env\u00edo r\u00e1pido, instalaci\u00f3n profesional recomendada y servicio de garant\u00eda disponible.","breadcrumb":{"@id":"https:\/\/ultramachineparts.com\/product\/philips-453561197522\/#breadcrumb"},"inLanguage":"es","potentialAction":[{"@type":"ReadAction","target":["https:\/\/ultramachineparts.com\/product\/philips-453561197522\/"]}]},{"@type":"ImageObject","inLanguage":"es","@id":"https:\/\/ultramachineparts.com\/product\/philips-453561197522\/#primaryimage","url":"https:\/\/ultramachineparts.com\/wp-content\/uploads\/2027\/03\/Philips-453561197522-2.jpg","contentUrl":"https:\/\/ultramachineparts.com\/wp-content\/uploads\/2027\/03\/Philips-453561197522-2.jpg","width":800,"height":800,"caption":"Philips 453561197522"},{"@type":"BreadcrumbList","@id":"https:\/\/ultramachineparts.com\/product\/philips-453561197522\/#breadcrumb","itemListElement":[{"@type":"ListItem","position":1,"name":"Home","item":"https:\/\/ultramachineparts.com\/"},{"@type":"ListItem","position":2,"name":"Ultrasound Components","item":"https:\/\/ultramachineparts.com\/pcategory\/ultrasound-components\/"},{"@type":"ListItem","position":3,"name":"Philips IE33 Ultrasound Control Panel 453561197522 |Refurbished Replacement &#038; Repair"}]},{"@type":"WebSite","@id":"https:\/\/ultramachineparts.com\/#website","url":"https:\/\/ultramachineparts.com\/","name":"ultramachine-parte","description":"","publisher":{"@id":"https:\/\/ultramachineparts.com\/#organization"},"potentialAction":[{"@type":"SearchAction","target":{"@type":"EntryPoint","urlTemplate":"https:\/\/ultramachineparts.com\/?s={search_term_string}"},"query-input":{"@type":"PropertyValueSpecification","valueRequired":true,"valueName":"search_term_string"}}],"inLanguage":"es"},{"@type":"Organization","@id":"https:\/\/ultramachineparts.com\/#organization","name":"ultramachine-parte","url":"https:\/\/ultramachineparts.com\/","logo":{"@type":"ImageObject","inLanguage":"es","@id":"https:\/\/ultramachineparts.com\/#\/schema\/logo\/image\/","url":"https:\/\/ultramachineparts.com\/wp-content\/uploads\/2026\/03\/logo-echoelite.png","contentUrl":"https:\/\/ultramachineparts.com\/wp-content\/uploads\/2026\/03\/logo-echoelite.png","width":463,"height":120,"caption":"ultramachine-part"},"image":{"@id":"https:\/\/ultramachineparts.com\/#\/schema\/logo\/image\/"}}]}},"taxonomy_info":{"pcategory":[{"value":35,"label":"Ultrasound Components"}]},"featured_image_src_large":["https:\/\/ultramachineparts.com\/wp-content\/uploads\/2027\/03\/Philips-453561197522-2.jpg",800,800,false],"author_info":[],"comment_info":"","_links":{"self":[{"href":"https:\/\/ultramachineparts.com\/es\/wp-json\/wp\/v2\/product\/3430","targetHints":{"allow":["GET"]}}],"collection":[{"href":"https:\/\/ultramachineparts.com\/es\/wp-json\/wp\/v2\/product"}],"about":[{"href":"https:\/\/ultramachineparts.com\/es\/wp-json\/wp\/v2\/types\/product"}],"wp:featuredmedia":[{"embeddable":true,"href":"https:\/\/ultramachineparts.com\/es\/wp-json\/wp\/v2\/media\/3561"}],"wp:attachment":[{"href":"https:\/\/ultramachineparts.com\/es\/wp-json\/wp\/v2\/media?parent=3430"}],"wp:term":[{"taxonomy":"pcategory","embeddable":true,"href":"https:\/\/ultramachineparts.com\/es\/wp-json\/wp\/v2\/pcategory?post=3430"},{"taxonomy":"ptag","embeddable":true,"href":"https:\/\/ultramachineparts.com\/es\/wp-json\/wp\/v2\/ptag?post=3430"}],"curies":[{"name":"wp","href":"https:\/\/api.w.org\/{rel}","templated":true}]}}