{"id":3433,"date":"2026-03-15T12:27:07","date_gmt":"2026-03-15T12:27:07","guid":{"rendered":"https:\/\/ultramachineparts.com\/?post_type=product&#038;p=3433"},"modified":"2026-03-16T08:16:40","modified_gmt":"2026-03-16T08:16:40","slug":"2382377-2-rev5","status":"publish","type":"product","link":"https:\/\/ultramachineparts.com\/es\/product\/2382377-2-rev5\/","title":{"rendered":"GE Logiq Book XP DC-DC PWA Conjunto de m\u00f3dulo de fuente de alimentaci\u00f3n P\/N 2382377-2 Rev5"},"content":{"rendered":"<p>En <strong>GE Logiq Book XP DC-DC PWA Assy P\/N 2382377-2 Rev5<\/strong> es un conjunto de cableado impreso de conversi\u00f3n de alimentaci\u00f3n de CC a CC dise\u00f1ado para su uso con los sistemas de ecograf\u00eda Logiq Book y Logiq Book XP de GE. Este m\u00f3dulo regula y convierte los voltajes de CC internos para garantizar una distribuci\u00f3n estable de la energ\u00eda a los distintos componentes del sistema, lo que garantiza un rendimiento fiable en todas las operaciones de obtenci\u00f3n de im\u00e1genes cl\u00ednicas.<\/p>\n<p><strong>Informaci\u00f3n sobre el producto<\/strong><\/p>\n<ul>\n<li><strong>Nombre del producto:<\/strong> Conjunto PWA de fuente de alimentaci\u00f3n CC-CC<\/li>\n<li><strong>N\u00famero de pieza:<\/strong> 2382377-2 Rev5<\/li>\n<li><strong>Sistema compatible:<\/strong> Sistemas de ecograf\u00eda Logiq Book \/ Logiq Book XP de GE<\/li>\n<li><strong>Funci\u00f3n:<\/strong> M\u00f3dulo interno de conversi\u00f3n de corriente continua a continua para distribuir y regular las tensiones de alimentaci\u00f3n.<\/li>\n<li><strong>Marca:<\/strong> GE<\/li>\n<li><strong>Estado:<\/strong> Pieza de recambio original probada<\/li>\n<li><strong>Garant\u00eda:<\/strong>90 d\u00edas<\/li>\n<li><strong>Plazo de entrega:<\/strong> Normalmente de 2 a 7 d\u00edas laborables cuando est\u00e1 en stock<\/li>\n<li><strong>Servicio:<\/strong> Venta directa \/ Cambio \/ Reparaci\u00f3n disponible<\/li>\n<\/ul>\n<p><strong>Notas de servicio<\/strong><\/p>\n<ul>\n<li>Confirme la compatibilidad con su sistema Logiq Book o Logiq Book XP de GE antes de realizar el pedido.<\/li>\n<li>La instalaci\u00f3n debe ser realizada por t\u00e9cnicos de servicio biom\u00e9dico cualificados.<\/li>\n<li>El servicio de cambio o de garant\u00eda puede requerir la devoluci\u00f3n de la unidad defectuosa original.<\/li>\n<li>Se recomienda una manipulaci\u00f3n adecuada y precauciones ESD para evitar da\u00f1os en los componentes electr\u00f3nicos sensibles.<\/li>\n<li>P\u00f3ngase en contacto con el proveedor para obtener informaci\u00f3n sobre reparaciones, asistencia t\u00e9cnica o compras al por mayor.<\/li>\n<\/ul>","protected":false},"excerpt":{"rendered":"<p>Placa de alimentaci\u00f3n DC-DC PWA de GE para los sistemas de ultrasonidos Logiq Book XP y Logiq Book, dise\u00f1ada para una distribuci\u00f3n de tensi\u00f3n estable, sustituci\u00f3n comprobada, con servicios de reparaci\u00f3n, intercambio y garant\u00eda.<\/p>","protected":false},"featured_media":3530,"parent":0,"template":"","meta":{"_acf_changed":false,"_kad_blocks_custom_css":"","_kad_blocks_head_custom_js":"","_kad_blocks_body_custom_js":"","_kad_blocks_footer_custom_js":"","_kadence_starter_templates_imported_post":false,"_kad_post_transparent":"default","_kad_post_title":"","_kad_post_layout":"default","_kad_post_sidebar_id":"","_kad_post_content_style":"default","_kad_post_vertical_padding":"default","_kad_post_feature":"","_kad_post_feature_position":"","_kad_post_header":false,"_kad_post_footer":false},"pcategory":[34],"ptag":[],"class_list":["post-3433","product","type-product","status-publish","has-post-thumbnail","hentry","pcategory-ultrasound-power-supply"],"acf":[],"yoast_head":"<!-- This site is optimized with the Yoast SEO plugin v27.1.1 - https:\/\/yoast.com\/product\/yoast-seo-wordpress\/ -->\n<title>GE Logiq Book XP DC-DC PWA Power Supply Module Assembly P\/N 2382377-2 Rev5<\/title>\n<meta name=\"description\" content=\"GE DC-DC PWA Power Supply Board for Logiq Book XP and Logiq Book ultrasound systems, designed for stable voltage distribution, tested replacement, with repair, exchange, and warranty services.\" \/>\n<meta name=\"robots\" content=\"index, follow, max-snippet:-1, max-image-preview:large, max-video-preview:-1\" \/>\n<link rel=\"canonical\" href=\"https:\/\/ultramachineparts.com\/es\/product\/2382377-2-rev5\/\" \/>\n<meta property=\"og:locale\" content=\"es_ES\" \/>\n<meta property=\"og:type\" content=\"article\" \/>\n<meta property=\"og:title\" content=\"GE Logiq Book XP DC-DC PWA Power Supply Module Assembly P\/N 2382377-2 Rev5\" \/>\n<meta property=\"og:description\" content=\"GE DC-DC PWA Power Supply Board for Logiq Book XP and Logiq Book ultrasound systems, designed for stable voltage distribution, tested replacement, with repair, exchange, and warranty services.\" \/>\n<meta property=\"og:url\" content=\"https:\/\/ultramachineparts.com\/es\/product\/2382377-2-rev5\/\" \/>\n<meta property=\"og:site_name\" content=\"ultramachine-part\" \/>\n<meta property=\"article:modified_time\" content=\"2026-03-16T08:16:40+00:00\" \/>\n<meta property=\"og:image\" content=\"https:\/\/ultramachineparts.com\/wp-content\/uploads\/2027\/03\/2382377-2-Rev5.jpg\" \/>\n\t<meta property=\"og:image:width\" content=\"700\" \/>\n\t<meta property=\"og:image:height\" content=\"700\" \/>\n\t<meta property=\"og:image:type\" content=\"image\/jpeg\" \/>\n<meta name=\"twitter:card\" content=\"summary_large_image\" \/>\n<meta name=\"twitter:label1\" content=\"Tiempo de lectura\" \/>\n\t<meta name=\"twitter:data1\" content=\"1 minuto\" \/>\n<script type=\"application\/ld+json\" class=\"yoast-schema-graph\">{\"@context\":\"https:\/\/schema.org\",\"@graph\":[{\"@type\":\"WebPage\",\"@id\":\"https:\/\/ultramachineparts.com\/product\/2382377-2-rev5\/\",\"url\":\"https:\/\/ultramachineparts.com\/product\/2382377-2-rev5\/\",\"name\":\"GE Logiq Book XP DC-DC PWA Power Supply Module Assembly P\/N 2382377-2 Rev5\",\"isPartOf\":{\"@id\":\"https:\/\/ultramachineparts.com\/#website\"},\"primaryImageOfPage\":{\"@id\":\"https:\/\/ultramachineparts.com\/product\/2382377-2-rev5\/#primaryimage\"},\"image\":{\"@id\":\"https:\/\/ultramachineparts.com\/product\/2382377-2-rev5\/#primaryimage\"},\"thumbnailUrl\":\"https:\/\/ultramachineparts.com\/wp-content\/uploads\/2027\/03\/2382377-2-Rev5.jpg\",\"datePublished\":\"2026-03-15T12:27:07+00:00\",\"dateModified\":\"2026-03-16T08:16:40+00:00\",\"description\":\"GE DC-DC PWA Power Supply Board for Logiq Book XP and Logiq Book ultrasound systems, designed for stable voltage distribution, tested replacement, with repair, exchange, and warranty services.\",\"breadcrumb\":{\"@id\":\"https:\/\/ultramachineparts.com\/product\/2382377-2-rev5\/#breadcrumb\"},\"inLanguage\":\"es\",\"potentialAction\":[{\"@type\":\"ReadAction\",\"target\":[\"https:\/\/ultramachineparts.com\/product\/2382377-2-rev5\/\"]}]},{\"@type\":\"ImageObject\",\"inLanguage\":\"es\",\"@id\":\"https:\/\/ultramachineparts.com\/product\/2382377-2-rev5\/#primaryimage\",\"url\":\"https:\/\/ultramachineparts.com\/wp-content\/uploads\/2027\/03\/2382377-2-Rev5.jpg\",\"contentUrl\":\"https:\/\/ultramachineparts.com\/wp-content\/uploads\/2027\/03\/2382377-2-Rev5.jpg\",\"width\":700,\"height\":700,\"caption\":\"2382377-2 Rev5\"},{\"@type\":\"BreadcrumbList\",\"@id\":\"https:\/\/ultramachineparts.com\/product\/2382377-2-rev5\/#breadcrumb\",\"itemListElement\":[{\"@type\":\"ListItem\",\"position\":1,\"name\":\"Home\",\"item\":\"https:\/\/ultramachineparts.com\/\"},{\"@type\":\"ListItem\",\"position\":2,\"name\":\"Ultrasound Power Supply\",\"item\":\"https:\/\/ultramachineparts.com\/pcategory\/ultrasound-power-supply\/\"},{\"@type\":\"ListItem\",\"position\":3,\"name\":\"GE Logiq Book XP DC-DC PWA Power Supply Module Assembly P\/N 2382377-2 Rev5\"}]},{\"@type\":\"WebSite\",\"@id\":\"https:\/\/ultramachineparts.com\/#website\",\"url\":\"https:\/\/ultramachineparts.com\/\",\"name\":\"ultramachine-part\",\"description\":\"\",\"publisher\":{\"@id\":\"https:\/\/ultramachineparts.com\/#organization\"},\"potentialAction\":[{\"@type\":\"SearchAction\",\"target\":{\"@type\":\"EntryPoint\",\"urlTemplate\":\"https:\/\/ultramachineparts.com\/?s={search_term_string}\"},\"query-input\":{\"@type\":\"PropertyValueSpecification\",\"valueRequired\":true,\"valueName\":\"search_term_string\"}}],\"inLanguage\":\"es\"},{\"@type\":\"Organization\",\"@id\":\"https:\/\/ultramachineparts.com\/#organization\",\"name\":\"ultramachine-part\",\"url\":\"https:\/\/ultramachineparts.com\/\",\"logo\":{\"@type\":\"ImageObject\",\"inLanguage\":\"es\",\"@id\":\"https:\/\/ultramachineparts.com\/#\/schema\/logo\/image\/\",\"url\":\"https:\/\/ultramachineparts.com\/wp-content\/uploads\/2026\/03\/logo-echoelite.png\",\"contentUrl\":\"https:\/\/ultramachineparts.com\/wp-content\/uploads\/2026\/03\/logo-echoelite.png\",\"width\":463,\"height\":120,\"caption\":\"ultramachine-part\"},\"image\":{\"@id\":\"https:\/\/ultramachineparts.com\/#\/schema\/logo\/image\/\"}}]}<\/script>\n<!-- \/ Yoast SEO plugin. -->","yoast_head_json":{"title":"GE Logiq Book XP DC-DC PWA Conjunto de m\u00f3dulo de fuente de alimentaci\u00f3n P\/N 2382377-2 Rev5","description":"Placa de alimentaci\u00f3n DC-DC PWA de GE para los sistemas de ultrasonidos Logiq Book XP y Logiq Book, dise\u00f1ada para una distribuci\u00f3n de tensi\u00f3n estable, sustituci\u00f3n comprobada, con servicios de reparaci\u00f3n, intercambio y garant\u00eda.","robots":{"index":"index","follow":"follow","max-snippet":"max-snippet:-1","max-image-preview":"max-image-preview:large","max-video-preview":"max-video-preview:-1"},"canonical":"https:\/\/ultramachineparts.com\/es\/product\/2382377-2-rev5\/","og_locale":"es_ES","og_type":"article","og_title":"GE Logiq Book XP DC-DC PWA Power Supply Module Assembly P\/N 2382377-2 Rev5","og_description":"GE DC-DC PWA Power Supply Board for Logiq Book XP and Logiq Book ultrasound systems, designed for stable voltage distribution, tested replacement, with repair, exchange, and warranty services.","og_url":"https:\/\/ultramachineparts.com\/es\/product\/2382377-2-rev5\/","og_site_name":"ultramachine-part","article_modified_time":"2026-03-16T08:16:40+00:00","og_image":[{"width":700,"height":700,"url":"https:\/\/ultramachineparts.com\/wp-content\/uploads\/2027\/03\/2382377-2-Rev5.jpg","type":"image\/jpeg"}],"twitter_card":"summary_large_image","twitter_misc":{"Tiempo de lectura":"1 minuto"},"schema":{"@context":"https:\/\/schema.org","@graph":[{"@type":"WebPage","@id":"https:\/\/ultramachineparts.com\/product\/2382377-2-rev5\/","url":"https:\/\/ultramachineparts.com\/product\/2382377-2-rev5\/","name":"GE Logiq Book XP DC-DC PWA Conjunto de m\u00f3dulo de fuente de alimentaci\u00f3n P\/N 2382377-2 Rev5","isPartOf":{"@id":"https:\/\/ultramachineparts.com\/#website"},"primaryImageOfPage":{"@id":"https:\/\/ultramachineparts.com\/product\/2382377-2-rev5\/#primaryimage"},"image":{"@id":"https:\/\/ultramachineparts.com\/product\/2382377-2-rev5\/#primaryimage"},"thumbnailUrl":"https:\/\/ultramachineparts.com\/wp-content\/uploads\/2027\/03\/2382377-2-Rev5.jpg","datePublished":"2026-03-15T12:27:07+00:00","dateModified":"2026-03-16T08:16:40+00:00","description":"Placa de alimentaci\u00f3n DC-DC PWA de GE para los sistemas de ultrasonidos Logiq Book XP y Logiq Book, dise\u00f1ada para una distribuci\u00f3n de tensi\u00f3n estable, sustituci\u00f3n comprobada, con servicios de reparaci\u00f3n, intercambio y garant\u00eda.","breadcrumb":{"@id":"https:\/\/ultramachineparts.com\/product\/2382377-2-rev5\/#breadcrumb"},"inLanguage":"es","potentialAction":[{"@type":"ReadAction","target":["https:\/\/ultramachineparts.com\/product\/2382377-2-rev5\/"]}]},{"@type":"ImageObject","inLanguage":"es","@id":"https:\/\/ultramachineparts.com\/product\/2382377-2-rev5\/#primaryimage","url":"https:\/\/ultramachineparts.com\/wp-content\/uploads\/2027\/03\/2382377-2-Rev5.jpg","contentUrl":"https:\/\/ultramachineparts.com\/wp-content\/uploads\/2027\/03\/2382377-2-Rev5.jpg","width":700,"height":700,"caption":"2382377-2 Rev5"},{"@type":"BreadcrumbList","@id":"https:\/\/ultramachineparts.com\/product\/2382377-2-rev5\/#breadcrumb","itemListElement":[{"@type":"ListItem","position":1,"name":"Home","item":"https:\/\/ultramachineparts.com\/"},{"@type":"ListItem","position":2,"name":"Ultrasound Power Supply","item":"https:\/\/ultramachineparts.com\/pcategory\/ultrasound-power-supply\/"},{"@type":"ListItem","position":3,"name":"GE Logiq Book XP DC-DC PWA Power Supply Module Assembly P\/N 2382377-2 Rev5"}]},{"@type":"WebSite","@id":"https:\/\/ultramachineparts.com\/#website","url":"https:\/\/ultramachineparts.com\/","name":"ultramachine-parte","description":"","publisher":{"@id":"https:\/\/ultramachineparts.com\/#organization"},"potentialAction":[{"@type":"SearchAction","target":{"@type":"EntryPoint","urlTemplate":"https:\/\/ultramachineparts.com\/?s={search_term_string}"},"query-input":{"@type":"PropertyValueSpecification","valueRequired":true,"valueName":"search_term_string"}}],"inLanguage":"es"},{"@type":"Organization","@id":"https:\/\/ultramachineparts.com\/#organization","name":"ultramachine-parte","url":"https:\/\/ultramachineparts.com\/","logo":{"@type":"ImageObject","inLanguage":"es","@id":"https:\/\/ultramachineparts.com\/#\/schema\/logo\/image\/","url":"https:\/\/ultramachineparts.com\/wp-content\/uploads\/2026\/03\/logo-echoelite.png","contentUrl":"https:\/\/ultramachineparts.com\/wp-content\/uploads\/2026\/03\/logo-echoelite.png","width":463,"height":120,"caption":"ultramachine-part"},"image":{"@id":"https:\/\/ultramachineparts.com\/#\/schema\/logo\/image\/"}}]}},"taxonomy_info":{"pcategory":[{"value":34,"label":"Ultrasound Power Supply"}]},"featured_image_src_large":["https:\/\/ultramachineparts.com\/wp-content\/uploads\/2027\/03\/2382377-2-Rev5.jpg",700,700,false],"author_info":[],"comment_info":"","_links":{"self":[{"href":"https:\/\/ultramachineparts.com\/es\/wp-json\/wp\/v2\/product\/3433","targetHints":{"allow":["GET"]}}],"collection":[{"href":"https:\/\/ultramachineparts.com\/es\/wp-json\/wp\/v2\/product"}],"about":[{"href":"https:\/\/ultramachineparts.com\/es\/wp-json\/wp\/v2\/types\/product"}],"wp:featuredmedia":[{"embeddable":true,"href":"https:\/\/ultramachineparts.com\/es\/wp-json\/wp\/v2\/media\/3530"}],"wp:attachment":[{"href":"https:\/\/ultramachineparts.com\/es\/wp-json\/wp\/v2\/media?parent=3433"}],"wp:term":[{"taxonomy":"pcategory","embeddable":true,"href":"https:\/\/ultramachineparts.com\/es\/wp-json\/wp\/v2\/pcategory?post=3433"},{"taxonomy":"ptag","embeddable":true,"href":"https:\/\/ultramachineparts.com\/es\/wp-json\/wp\/v2\/ptag?post=3433"}],"curies":[{"name":"wp","href":"https:\/\/api.w.org\/{rel}","templated":true}]}}