{"id":5306,"date":"2026-04-26T19:01:40","date_gmt":"2026-04-26T19:01:40","guid":{"rendered":"https:\/\/ultramachineparts.com\/?post_type=product&#038;p=5306"},"modified":"2026-04-27T02:02:21","modified_gmt":"2026-04-27T02:02:21","slug":"ge-gc200002-2","status":"publish","type":"product","link":"https:\/\/ultramachineparts.com\/es\/product\/ge-gc200002-2\/","title":{"rendered":"GC200002 Reparaci\u00f3n, sustituci\u00f3n y venta de placas CRX para ec\u00f3grafos GE HealthCare Vivid E80 \/ E90 \/ E95"},"content":{"rendered":"<p><strong>Placa GE Vivid E80 E90 E95 CRX GC200002<\/strong><\/p>\n<p><strong>N\u00famero de pieza:<\/strong> GC200002<\/p>\n<p><strong>Sistema compatible:<\/strong> Ec\u00f3grafos GE Vivid E80, E90, E95<\/p>\n<p><strong>Estado:<\/strong> Placa CRX reacondicionada, probada y restaurada para un funcionamiento estable<\/p>\n<p><strong>Plazo de entrega:<\/strong> 2-5 d\u00edas laborables tras la confirmaci\u00f3n del pedido<\/p>\n<p><strong>Garant\u00eda:<\/strong> 60 d\u00edas de garant\u00eda<\/p>\n<p><strong>Notas:<\/strong><\/p>\n<ul>\n<li>Compruebe el n\u00famero de pieza GC200002 y la compatibilidad del sistema antes de realizar el pedido.<\/li>\n<li>Aseg\u00farese de que el equipo de ultrasonidos est\u00e1 apagado antes de la instalaci\u00f3n<\/li>\n<li>Las tarjetas defectuosas deben devolverse para su reparaci\u00f3n o cambio.<\/li>\n<\/ul>","protected":false},"excerpt":{"rendered":"<p>Placa GC200002 CRX para sistemas de ultrasonidos GE Vivid E80, E90 y E95. Disponible para servicio de venta, reparaci\u00f3n y sustituci\u00f3n. Totalmente probada y restaurada profesionalmente con un plazo de entrega r\u00e1pido de 2 a 5 d\u00edas y una garant\u00eda de 90 d\u00edas para un rendimiento de imagen fiable.<\/p>","protected":false},"featured_media":5309,"parent":0,"template":"","meta":{"_acf_changed":false,"_kad_blocks_custom_css":"","_kad_blocks_head_custom_js":"","_kad_blocks_body_custom_js":"","_kad_blocks_footer_custom_js":"","_kadence_starter_templates_imported_post":false,"_kad_post_transparent":"default","_kad_post_title":"","_kad_post_layout":"default","_kad_post_sidebar_id":"","_kad_post_content_style":"default","_kad_post_vertical_padding":"default","_kad_post_feature":"","_kad_post_feature_position":"","_kad_post_header":false,"_kad_post_footer":false},"pcategory":[5],"ptag":[],"class_list":["post-5306","product","type-product","status-publish","has-post-thumbnail","hentry","pcategory-ultrasound-boards-repair"],"acf":[],"yoast_head":"<!-- This site is optimized with the Yoast SEO plugin v27.1.1 - https:\/\/yoast.com\/product\/yoast-seo-wordpress\/ -->\n<title>GC200002 CRX Board Repair, Replacement &amp; Sales for GE HealthCare Vivid E80 \/ E90 \/ E95 Ultrasound<\/title>\n<meta name=\"robots\" content=\"index, follow, max-snippet:-1, max-image-preview:large, max-video-preview:-1\" \/>\n<link rel=\"canonical\" href=\"https:\/\/ultramachineparts.com\/es\/product\/ge-gc200002-2\/\" \/>\n<meta property=\"og:locale\" content=\"es_ES\" \/>\n<meta property=\"og:type\" content=\"article\" \/>\n<meta property=\"og:title\" content=\"GC200002 CRX Board Repair, Replacement &amp; Sales for GE HealthCare Vivid E80 \/ E90 \/ E95 Ultrasound\" \/>\n<meta property=\"og:description\" content=\"GC200002 CRX board for GE Vivid E80, E90, and E95 ultrasound systems. Available for sales, repair, and replacement service. Fully tested and professionally restored with fast 2\u20135 day turnaround and 90-day warranty for reliable imaging performance.\" \/>\n<meta property=\"og:url\" content=\"https:\/\/ultramachineparts.com\/es\/product\/ge-gc200002-2\/\" \/>\n<meta property=\"og:site_name\" content=\"ultramachine-part\" \/>\n<meta property=\"article:modified_time\" content=\"2026-04-27T02:02:21+00:00\" \/>\n<meta property=\"og:image\" content=\"https:\/\/ultramachineparts.com\/wp-content\/uploads\/2027\/03\/GE-GC200002_2.jpg\" \/>\n\t<meta property=\"og:image:width\" content=\"800\" \/>\n\t<meta property=\"og:image:height\" content=\"800\" \/>\n\t<meta property=\"og:image:type\" content=\"image\/jpeg\" \/>\n<meta name=\"twitter:card\" content=\"summary_large_image\" \/>\n<meta name=\"twitter:label1\" content=\"Tiempo de lectura\" \/>\n\t<meta name=\"twitter:data1\" content=\"1 minuto\" \/>\n<script type=\"application\/ld+json\" class=\"yoast-schema-graph\">{\"@context\":\"https:\/\/schema.org\",\"@graph\":[{\"@type\":\"WebPage\",\"@id\":\"https:\/\/ultramachineparts.com\/product\/ge-gc200002-2\/\",\"url\":\"https:\/\/ultramachineparts.com\/product\/ge-gc200002-2\/\",\"name\":\"GC200002 CRX Board Repair, Replacement & Sales for GE HealthCare Vivid E80 \/ E90 \/ E95 Ultrasound\",\"isPartOf\":{\"@id\":\"https:\/\/ultramachineparts.com\/#website\"},\"primaryImageOfPage\":{\"@id\":\"https:\/\/ultramachineparts.com\/product\/ge-gc200002-2\/#primaryimage\"},\"image\":{\"@id\":\"https:\/\/ultramachineparts.com\/product\/ge-gc200002-2\/#primaryimage\"},\"thumbnailUrl\":\"https:\/\/ultramachineparts.com\/wp-content\/uploads\/2027\/03\/GE-GC200002_2.jpg\",\"datePublished\":\"2026-04-26T19:01:40+00:00\",\"dateModified\":\"2026-04-27T02:02:21+00:00\",\"breadcrumb\":{\"@id\":\"https:\/\/ultramachineparts.com\/product\/ge-gc200002-2\/#breadcrumb\"},\"inLanguage\":\"es\",\"potentialAction\":[{\"@type\":\"ReadAction\",\"target\":[\"https:\/\/ultramachineparts.com\/product\/ge-gc200002-2\/\"]}]},{\"@type\":\"ImageObject\",\"inLanguage\":\"es\",\"@id\":\"https:\/\/ultramachineparts.com\/product\/ge-gc200002-2\/#primaryimage\",\"url\":\"https:\/\/ultramachineparts.com\/wp-content\/uploads\/2027\/03\/GE-GC200002_2.jpg\",\"contentUrl\":\"https:\/\/ultramachineparts.com\/wp-content\/uploads\/2027\/03\/GE-GC200002_2.jpg\",\"width\":800,\"height\":800},{\"@type\":\"BreadcrumbList\",\"@id\":\"https:\/\/ultramachineparts.com\/product\/ge-gc200002-2\/#breadcrumb\",\"itemListElement\":[{\"@type\":\"ListItem\",\"position\":1,\"name\":\"Home\",\"item\":\"https:\/\/ultramachineparts.com\/\"},{\"@type\":\"ListItem\",\"position\":2,\"name\":\"Ultrasound Boards Repair\",\"item\":\"https:\/\/ultramachineparts.com\/pcategory\/ultrasound-boards-repair\/\"},{\"@type\":\"ListItem\",\"position\":3,\"name\":\"GC200002 CRX Board Repair, Replacement &#038; Sales for GE HealthCare Vivid E80 \/ E90 \/ E95 Ultrasound\"}]},{\"@type\":\"WebSite\",\"@id\":\"https:\/\/ultramachineparts.com\/#website\",\"url\":\"https:\/\/ultramachineparts.com\/\",\"name\":\"ultramachine-part\",\"description\":\"\",\"publisher\":{\"@id\":\"https:\/\/ultramachineparts.com\/#organization\"},\"potentialAction\":[{\"@type\":\"SearchAction\",\"target\":{\"@type\":\"EntryPoint\",\"urlTemplate\":\"https:\/\/ultramachineparts.com\/?s={search_term_string}\"},\"query-input\":{\"@type\":\"PropertyValueSpecification\",\"valueRequired\":true,\"valueName\":\"search_term_string\"}}],\"inLanguage\":\"es\"},{\"@type\":\"Organization\",\"@id\":\"https:\/\/ultramachineparts.com\/#organization\",\"name\":\"ultramachine-part\",\"url\":\"https:\/\/ultramachineparts.com\/\",\"logo\":{\"@type\":\"ImageObject\",\"inLanguage\":\"es\",\"@id\":\"https:\/\/ultramachineparts.com\/#\/schema\/logo\/image\/\",\"url\":\"https:\/\/ultramachineparts.com\/wp-content\/uploads\/2026\/03\/logo-echoelite.png\",\"contentUrl\":\"https:\/\/ultramachineparts.com\/wp-content\/uploads\/2026\/03\/logo-echoelite.png\",\"width\":463,\"height\":120,\"caption\":\"ultramachine-part\"},\"image\":{\"@id\":\"https:\/\/ultramachineparts.com\/#\/schema\/logo\/image\/\"}}]}<\/script>\n<!-- \/ Yoast SEO plugin. -->","yoast_head_json":{"title":"GC200002 Reparaci\u00f3n, sustituci\u00f3n y venta de placas CRX para ec\u00f3grafos GE HealthCare Vivid E80 \/ E90 \/ E95","robots":{"index":"index","follow":"follow","max-snippet":"max-snippet:-1","max-image-preview":"max-image-preview:large","max-video-preview":"max-video-preview:-1"},"canonical":"https:\/\/ultramachineparts.com\/es\/product\/ge-gc200002-2\/","og_locale":"es_ES","og_type":"article","og_title":"GC200002 CRX Board Repair, Replacement & Sales for GE HealthCare Vivid E80 \/ E90 \/ E95 Ultrasound","og_description":"GC200002 CRX board for GE Vivid E80, E90, and E95 ultrasound systems. Available for sales, repair, and replacement service. Fully tested and professionally restored with fast 2\u20135 day turnaround and 90-day warranty for reliable imaging performance.","og_url":"https:\/\/ultramachineparts.com\/es\/product\/ge-gc200002-2\/","og_site_name":"ultramachine-part","article_modified_time":"2026-04-27T02:02:21+00:00","og_image":[{"width":800,"height":800,"url":"https:\/\/ultramachineparts.com\/wp-content\/uploads\/2027\/03\/GE-GC200002_2.jpg","type":"image\/jpeg"}],"twitter_card":"summary_large_image","twitter_misc":{"Tiempo de lectura":"1 minuto"},"schema":{"@context":"https:\/\/schema.org","@graph":[{"@type":"WebPage","@id":"https:\/\/ultramachineparts.com\/product\/ge-gc200002-2\/","url":"https:\/\/ultramachineparts.com\/product\/ge-gc200002-2\/","name":"GC200002 Reparaci\u00f3n, sustituci\u00f3n y venta de placas CRX para ec\u00f3grafos GE HealthCare Vivid E80 \/ E90 \/ E95","isPartOf":{"@id":"https:\/\/ultramachineparts.com\/#website"},"primaryImageOfPage":{"@id":"https:\/\/ultramachineparts.com\/product\/ge-gc200002-2\/#primaryimage"},"image":{"@id":"https:\/\/ultramachineparts.com\/product\/ge-gc200002-2\/#primaryimage"},"thumbnailUrl":"https:\/\/ultramachineparts.com\/wp-content\/uploads\/2027\/03\/GE-GC200002_2.jpg","datePublished":"2026-04-26T19:01:40+00:00","dateModified":"2026-04-27T02:02:21+00:00","breadcrumb":{"@id":"https:\/\/ultramachineparts.com\/product\/ge-gc200002-2\/#breadcrumb"},"inLanguage":"es","potentialAction":[{"@type":"ReadAction","target":["https:\/\/ultramachineparts.com\/product\/ge-gc200002-2\/"]}]},{"@type":"ImageObject","inLanguage":"es","@id":"https:\/\/ultramachineparts.com\/product\/ge-gc200002-2\/#primaryimage","url":"https:\/\/ultramachineparts.com\/wp-content\/uploads\/2027\/03\/GE-GC200002_2.jpg","contentUrl":"https:\/\/ultramachineparts.com\/wp-content\/uploads\/2027\/03\/GE-GC200002_2.jpg","width":800,"height":800},{"@type":"BreadcrumbList","@id":"https:\/\/ultramachineparts.com\/product\/ge-gc200002-2\/#breadcrumb","itemListElement":[{"@type":"ListItem","position":1,"name":"Home","item":"https:\/\/ultramachineparts.com\/"},{"@type":"ListItem","position":2,"name":"Ultrasound Boards Repair","item":"https:\/\/ultramachineparts.com\/pcategory\/ultrasound-boards-repair\/"},{"@type":"ListItem","position":3,"name":"GC200002 CRX Board Repair, Replacement &#038; Sales for GE HealthCare Vivid E80 \/ E90 \/ E95 Ultrasound"}]},{"@type":"WebSite","@id":"https:\/\/ultramachineparts.com\/#website","url":"https:\/\/ultramachineparts.com\/","name":"ultramachine-parte","description":"","publisher":{"@id":"https:\/\/ultramachineparts.com\/#organization"},"potentialAction":[{"@type":"SearchAction","target":{"@type":"EntryPoint","urlTemplate":"https:\/\/ultramachineparts.com\/?s={search_term_string}"},"query-input":{"@type":"PropertyValueSpecification","valueRequired":true,"valueName":"search_term_string"}}],"inLanguage":"es"},{"@type":"Organization","@id":"https:\/\/ultramachineparts.com\/#organization","name":"ultramachine-parte","url":"https:\/\/ultramachineparts.com\/","logo":{"@type":"ImageObject","inLanguage":"es","@id":"https:\/\/ultramachineparts.com\/#\/schema\/logo\/image\/","url":"https:\/\/ultramachineparts.com\/wp-content\/uploads\/2026\/03\/logo-echoelite.png","contentUrl":"https:\/\/ultramachineparts.com\/wp-content\/uploads\/2026\/03\/logo-echoelite.png","width":463,"height":120,"caption":"ultramachine-part"},"image":{"@id":"https:\/\/ultramachineparts.com\/#\/schema\/logo\/image\/"}}]}},"taxonomy_info":{"pcategory":[{"value":5,"label":"Ultrasound Boards Repair"}]},"featured_image_src_large":["https:\/\/ultramachineparts.com\/wp-content\/uploads\/2027\/03\/GE-GC200002_2.jpg",800,800,false],"author_info":[],"comment_info":"","_links":{"self":[{"href":"https:\/\/ultramachineparts.com\/es\/wp-json\/wp\/v2\/product\/5306","targetHints":{"allow":["GET"]}}],"collection":[{"href":"https:\/\/ultramachineparts.com\/es\/wp-json\/wp\/v2\/product"}],"about":[{"href":"https:\/\/ultramachineparts.com\/es\/wp-json\/wp\/v2\/types\/product"}],"wp:featuredmedia":[{"embeddable":true,"href":"https:\/\/ultramachineparts.com\/es\/wp-json\/wp\/v2\/media\/5309"}],"wp:attachment":[{"href":"https:\/\/ultramachineparts.com\/es\/wp-json\/wp\/v2\/media?parent=5306"}],"wp:term":[{"taxonomy":"pcategory","embeddable":true,"href":"https:\/\/ultramachineparts.com\/es\/wp-json\/wp\/v2\/pcategory?post=5306"},{"taxonomy":"ptag","embeddable":true,"href":"https:\/\/ultramachineparts.com\/es\/wp-json\/wp\/v2\/ptag?post=5306"}],"curies":[{"name":"wp","href":"https:\/\/api.w.org\/{rel}","templated":true}]}}