{"id":5396,"date":"2026-05-02T17:29:12","date_gmt":"2026-05-02T17:29:12","guid":{"rendered":"https:\/\/ultramachineparts.com\/?post_type=product&#038;p=5396"},"modified":"2026-04-30T02:47:20","modified_gmt":"2026-04-30T02:47:20","slug":"ge-ktz304074-5729200-2","status":"publish","type":"product","link":"https:\/\/ultramachineparts.com\/es\/product\/ge-ktz304074-5729200-2\/","title":{"rendered":"KTZ304074 \/ 5729200 RFM423 FE Placa base para sistemas de ultrasonidos GE Voluson E6 \/ E8 \/ E10"},"content":{"rendered":"<p><strong>Reparaci\u00f3n GE Voluson E6\/E8\/E10 RFM423 FE Placa base (KTZ304074 \/ 5729200)<\/strong><\/p>\n<p><strong>N\u00famero de pieza:<\/strong> KTZ304074 \/ 5729200<\/p>\n<p><strong>Sistema compatible:<\/strong> Sistemas de ultrasonidos GE Voluson E6, E8, E10<\/p>\n<p><strong>Estado:<\/strong> Servicio de reacondicionamiento\/reparaci\u00f3n de la placa base RFM423 FE, comprobada y restaurada a un estado de funcionamiento estable.<\/p>\n<p><strong>Plazo de entrega:<\/strong> De 2 a 4 d\u00edas laborables tras la confirmaci\u00f3n del pedido<\/p>\n<p><strong>Garant\u00eda:<\/strong> 60 d\u00edas de garant\u00eda<\/p>\n<p><strong>Notas:<\/strong><\/p>\n<ul>\n<li>Compruebe el n\u00famero de pieza KTZ304074 \/ 5729200 y la compatibilidad del sistema antes de realizar el pedido.<\/li>\n<li>Aseg\u00farese de que el equipo de ultrasonidos est\u00e1 apagado antes de la instalaci\u00f3n<\/li>\n<li>Las placas base defectuosas deben devolverse para su reparaci\u00f3n o cambio.<\/li>\n<\/ul>","protected":false},"excerpt":{"rendered":"<p>KTZ304074 \/ 5729200 Placa base RFM423 FE para sistemas de ultrasonidos Voluson E6, E8 y E10 de GE. Disponible para servicio de venta, reparaci\u00f3n y sustituci\u00f3n. Totalmente probada y restaurada por profesionales con un plazo de entrega r\u00e1pido de 2 a 4 d\u00edas y 90 d\u00edas de garant\u00eda para un procesamiento de im\u00e1genes estable y un rendimiento fiable del sistema.<\/p>","protected":false},"featured_media":5399,"parent":0,"template":"","meta":{"_acf_changed":false,"_kad_blocks_custom_css":"","_kad_blocks_head_custom_js":"","_kad_blocks_body_custom_js":"","_kad_blocks_footer_custom_js":"","_kadence_starter_templates_imported_post":false,"_kad_post_transparent":"default","_kad_post_title":"","_kad_post_layout":"default","_kad_post_sidebar_id":"","_kad_post_content_style":"default","_kad_post_vertical_padding":"default","_kad_post_feature":"","_kad_post_feature_position":"","_kad_post_header":false,"_kad_post_footer":false},"pcategory":[5],"ptag":[],"class_list":["post-5396","product","type-product","status-publish","has-post-thumbnail","hentry","pcategory-ultrasound-boards-repair"],"acf":[],"yoast_head":"<!-- This site is optimized with the Yoast SEO plugin v27.1.1 - https:\/\/yoast.com\/product\/yoast-seo-wordpress\/ -->\n<title>KTZ304074 \/ 5729200 RFM423 FE Mainboard for GE Voluson E6 \/ E8 \/ E10 Ultrasound Systems<\/title>\n<meta name=\"robots\" content=\"index, follow, max-snippet:-1, max-image-preview:large, max-video-preview:-1\" \/>\n<link rel=\"canonical\" href=\"https:\/\/ultramachineparts.com\/es\/product\/ge-ktz304074-5729200-2\/\" \/>\n<meta property=\"og:locale\" content=\"es_ES\" \/>\n<meta property=\"og:type\" content=\"article\" \/>\n<meta property=\"og:title\" content=\"KTZ304074 \/ 5729200 RFM423 FE Mainboard for GE Voluson E6 \/ E8 \/ E10 Ultrasound Systems\" \/>\n<meta property=\"og:description\" content=\"KTZ304074 \/ 5729200 RFM423 FE mainboard for GE Voluson E6, E8, and E10 ultrasound systems. Available for sales, repair, and replacement service. Fully tested and professionally restored with fast 2\u20134 day turnaround and 90-day warranty for stable image processing and reliable system performance.\" \/>\n<meta property=\"og:url\" content=\"https:\/\/ultramachineparts.com\/es\/product\/ge-ktz304074-5729200-2\/\" \/>\n<meta property=\"og:site_name\" content=\"ultramachine-part\" \/>\n<meta property=\"og:image\" content=\"https:\/\/ultramachineparts.com\/wp-content\/uploads\/2027\/03\/GE-KTZ304074-5729200_2.jpg\" \/>\n\t<meta property=\"og:image:width\" content=\"800\" \/>\n\t<meta property=\"og:image:height\" content=\"800\" \/>\n\t<meta property=\"og:image:type\" content=\"image\/jpeg\" \/>\n<meta name=\"twitter:card\" content=\"summary_large_image\" \/>\n<meta name=\"twitter:label1\" content=\"Tiempo de lectura\" \/>\n\t<meta name=\"twitter:data1\" content=\"1 minuto\" \/>\n<script type=\"application\/ld+json\" class=\"yoast-schema-graph\">{\"@context\":\"https:\/\/schema.org\",\"@graph\":[{\"@type\":\"WebPage\",\"@id\":\"https:\/\/ultramachineparts.com\/product\/ge-ktz304074-5729200-2\/\",\"url\":\"https:\/\/ultramachineparts.com\/product\/ge-ktz304074-5729200-2\/\",\"name\":\"KTZ304074 \/ 5729200 RFM423 FE Mainboard for GE Voluson E6 \/ E8 \/ E10 Ultrasound Systems\",\"isPartOf\":{\"@id\":\"https:\/\/ultramachineparts.com\/#website\"},\"primaryImageOfPage\":{\"@id\":\"https:\/\/ultramachineparts.com\/product\/ge-ktz304074-5729200-2\/#primaryimage\"},\"image\":{\"@id\":\"https:\/\/ultramachineparts.com\/product\/ge-ktz304074-5729200-2\/#primaryimage\"},\"thumbnailUrl\":\"https:\/\/ultramachineparts.com\/wp-content\/uploads\/2027\/03\/GE-KTZ304074-5729200_2.jpg\",\"datePublished\":\"2026-05-02T17:29:12+00:00\",\"breadcrumb\":{\"@id\":\"https:\/\/ultramachineparts.com\/product\/ge-ktz304074-5729200-2\/#breadcrumb\"},\"inLanguage\":\"es\",\"potentialAction\":[{\"@type\":\"ReadAction\",\"target\":[\"https:\/\/ultramachineparts.com\/product\/ge-ktz304074-5729200-2\/\"]}]},{\"@type\":\"ImageObject\",\"inLanguage\":\"es\",\"@id\":\"https:\/\/ultramachineparts.com\/product\/ge-ktz304074-5729200-2\/#primaryimage\",\"url\":\"https:\/\/ultramachineparts.com\/wp-content\/uploads\/2027\/03\/GE-KTZ304074-5729200_2.jpg\",\"contentUrl\":\"https:\/\/ultramachineparts.com\/wp-content\/uploads\/2027\/03\/GE-KTZ304074-5729200_2.jpg\",\"width\":800,\"height\":800},{\"@type\":\"BreadcrumbList\",\"@id\":\"https:\/\/ultramachineparts.com\/product\/ge-ktz304074-5729200-2\/#breadcrumb\",\"itemListElement\":[{\"@type\":\"ListItem\",\"position\":1,\"name\":\"Home\",\"item\":\"https:\/\/ultramachineparts.com\/\"},{\"@type\":\"ListItem\",\"position\":2,\"name\":\"Ultrasound Boards Repair\",\"item\":\"https:\/\/ultramachineparts.com\/pcategory\/ultrasound-boards-repair\/\"},{\"@type\":\"ListItem\",\"position\":3,\"name\":\"KTZ304074 \/ 5729200 RFM423 FE Mainboard for GE Voluson E6 \/ E8 \/ E10 Ultrasound Systems\"}]},{\"@type\":\"WebSite\",\"@id\":\"https:\/\/ultramachineparts.com\/#website\",\"url\":\"https:\/\/ultramachineparts.com\/\",\"name\":\"ultramachine-part\",\"description\":\"\",\"publisher\":{\"@id\":\"https:\/\/ultramachineparts.com\/#organization\"},\"potentialAction\":[{\"@type\":\"SearchAction\",\"target\":{\"@type\":\"EntryPoint\",\"urlTemplate\":\"https:\/\/ultramachineparts.com\/?s={search_term_string}\"},\"query-input\":{\"@type\":\"PropertyValueSpecification\",\"valueRequired\":true,\"valueName\":\"search_term_string\"}}],\"inLanguage\":\"es\"},{\"@type\":\"Organization\",\"@id\":\"https:\/\/ultramachineparts.com\/#organization\",\"name\":\"ultramachine-part\",\"url\":\"https:\/\/ultramachineparts.com\/\",\"logo\":{\"@type\":\"ImageObject\",\"inLanguage\":\"es\",\"@id\":\"https:\/\/ultramachineparts.com\/#\/schema\/logo\/image\/\",\"url\":\"https:\/\/ultramachineparts.com\/wp-content\/uploads\/2026\/03\/logo-echoelite.png\",\"contentUrl\":\"https:\/\/ultramachineparts.com\/wp-content\/uploads\/2026\/03\/logo-echoelite.png\",\"width\":463,\"height\":120,\"caption\":\"ultramachine-part\"},\"image\":{\"@id\":\"https:\/\/ultramachineparts.com\/#\/schema\/logo\/image\/\"}}]}<\/script>\n<!-- \/ Yoast SEO plugin. -->","yoast_head_json":{"title":"KTZ304074 \/ 5729200 RFM423 FE Placa base para sistemas de ultrasonidos GE Voluson E6 \/ E8 \/ E10","robots":{"index":"index","follow":"follow","max-snippet":"max-snippet:-1","max-image-preview":"max-image-preview:large","max-video-preview":"max-video-preview:-1"},"canonical":"https:\/\/ultramachineparts.com\/es\/product\/ge-ktz304074-5729200-2\/","og_locale":"es_ES","og_type":"article","og_title":"KTZ304074 \/ 5729200 RFM423 FE Mainboard for GE Voluson E6 \/ E8 \/ E10 Ultrasound Systems","og_description":"KTZ304074 \/ 5729200 RFM423 FE mainboard for GE Voluson E6, E8, and E10 ultrasound systems. Available for sales, repair, and replacement service. Fully tested and professionally restored with fast 2\u20134 day turnaround and 90-day warranty for stable image processing and reliable system performance.","og_url":"https:\/\/ultramachineparts.com\/es\/product\/ge-ktz304074-5729200-2\/","og_site_name":"ultramachine-part","og_image":[{"width":800,"height":800,"url":"https:\/\/ultramachineparts.com\/wp-content\/uploads\/2027\/03\/GE-KTZ304074-5729200_2.jpg","type":"image\/jpeg"}],"twitter_card":"summary_large_image","twitter_misc":{"Tiempo de lectura":"1 minuto"},"schema":{"@context":"https:\/\/schema.org","@graph":[{"@type":"WebPage","@id":"https:\/\/ultramachineparts.com\/product\/ge-ktz304074-5729200-2\/","url":"https:\/\/ultramachineparts.com\/product\/ge-ktz304074-5729200-2\/","name":"KTZ304074 \/ 5729200 RFM423 FE Placa base para sistemas de ultrasonidos GE Voluson E6 \/ E8 \/ E10","isPartOf":{"@id":"https:\/\/ultramachineparts.com\/#website"},"primaryImageOfPage":{"@id":"https:\/\/ultramachineparts.com\/product\/ge-ktz304074-5729200-2\/#primaryimage"},"image":{"@id":"https:\/\/ultramachineparts.com\/product\/ge-ktz304074-5729200-2\/#primaryimage"},"thumbnailUrl":"https:\/\/ultramachineparts.com\/wp-content\/uploads\/2027\/03\/GE-KTZ304074-5729200_2.jpg","datePublished":"2026-05-02T17:29:12+00:00","breadcrumb":{"@id":"https:\/\/ultramachineparts.com\/product\/ge-ktz304074-5729200-2\/#breadcrumb"},"inLanguage":"es","potentialAction":[{"@type":"ReadAction","target":["https:\/\/ultramachineparts.com\/product\/ge-ktz304074-5729200-2\/"]}]},{"@type":"ImageObject","inLanguage":"es","@id":"https:\/\/ultramachineparts.com\/product\/ge-ktz304074-5729200-2\/#primaryimage","url":"https:\/\/ultramachineparts.com\/wp-content\/uploads\/2027\/03\/GE-KTZ304074-5729200_2.jpg","contentUrl":"https:\/\/ultramachineparts.com\/wp-content\/uploads\/2027\/03\/GE-KTZ304074-5729200_2.jpg","width":800,"height":800},{"@type":"BreadcrumbList","@id":"https:\/\/ultramachineparts.com\/product\/ge-ktz304074-5729200-2\/#breadcrumb","itemListElement":[{"@type":"ListItem","position":1,"name":"Home","item":"https:\/\/ultramachineparts.com\/"},{"@type":"ListItem","position":2,"name":"Ultrasound Boards Repair","item":"https:\/\/ultramachineparts.com\/pcategory\/ultrasound-boards-repair\/"},{"@type":"ListItem","position":3,"name":"KTZ304074 \/ 5729200 RFM423 FE Mainboard for GE Voluson E6 \/ E8 \/ E10 Ultrasound Systems"}]},{"@type":"WebSite","@id":"https:\/\/ultramachineparts.com\/#website","url":"https:\/\/ultramachineparts.com\/","name":"ultramachine-parte","description":"","publisher":{"@id":"https:\/\/ultramachineparts.com\/#organization"},"potentialAction":[{"@type":"SearchAction","target":{"@type":"EntryPoint","urlTemplate":"https:\/\/ultramachineparts.com\/?s={search_term_string}"},"query-input":{"@type":"PropertyValueSpecification","valueRequired":true,"valueName":"search_term_string"}}],"inLanguage":"es"},{"@type":"Organization","@id":"https:\/\/ultramachineparts.com\/#organization","name":"ultramachine-parte","url":"https:\/\/ultramachineparts.com\/","logo":{"@type":"ImageObject","inLanguage":"es","@id":"https:\/\/ultramachineparts.com\/#\/schema\/logo\/image\/","url":"https:\/\/ultramachineparts.com\/wp-content\/uploads\/2026\/03\/logo-echoelite.png","contentUrl":"https:\/\/ultramachineparts.com\/wp-content\/uploads\/2026\/03\/logo-echoelite.png","width":463,"height":120,"caption":"ultramachine-part"},"image":{"@id":"https:\/\/ultramachineparts.com\/#\/schema\/logo\/image\/"}}]}},"taxonomy_info":{"pcategory":[{"value":5,"label":"Ultrasound Boards Repair"}]},"featured_image_src_large":["https:\/\/ultramachineparts.com\/wp-content\/uploads\/2027\/03\/GE-KTZ304074-5729200_2.jpg",800,800,false],"author_info":[],"comment_info":"","_links":{"self":[{"href":"https:\/\/ultramachineparts.com\/es\/wp-json\/wp\/v2\/product\/5396","targetHints":{"allow":["GET"]}}],"collection":[{"href":"https:\/\/ultramachineparts.com\/es\/wp-json\/wp\/v2\/product"}],"about":[{"href":"https:\/\/ultramachineparts.com\/es\/wp-json\/wp\/v2\/types\/product"}],"wp:featuredmedia":[{"embeddable":true,"href":"https:\/\/ultramachineparts.com\/es\/wp-json\/wp\/v2\/media\/5399"}],"wp:attachment":[{"href":"https:\/\/ultramachineparts.com\/es\/wp-json\/wp\/v2\/media?parent=5396"}],"wp:term":[{"taxonomy":"pcategory","embeddable":true,"href":"https:\/\/ultramachineparts.com\/es\/wp-json\/wp\/v2\/pcategory?post=5396"},{"taxonomy":"ptag","embeddable":true,"href":"https:\/\/ultramachineparts.com\/es\/wp-json\/wp\/v2\/ptag?post=5396"}],"curies":[{"name":"wp","href":"https:\/\/api.w.org\/{rel}","templated":true}]}}