{"id":5447,"date":"2026-05-04T11:16:41","date_gmt":"2026-05-04T11:16:41","guid":{"rendered":"https:\/\/ultramachineparts.com\/?post_type=product&#038;p=5447"},"modified":"2026-04-30T03:36:45","modified_gmt":"2026-04-30T03:36:45","slug":"5245004-5244555","status":"publish","type":"product","link":"https:\/\/ultramachineparts.com\/es\/product\/5245004-5244555\/","title":{"rendered":"5244555 \/ 5245004 Fuente de alimentaci\u00f3n de CC APS II PST para sistemas de ultrasonidos GE LOGIQ P6"},"content":{"rendered":"<p><strong>Reparaci\u00f3n GE LOGIQ P6 APS-II PST DC Power Supply P\/N 5244555<\/strong><\/p>\n<p><strong>N\u00famero de pieza:<\/strong> 5245004\/5244555<\/p>\n<p><strong>Sistema compatible:<\/strong> Sistema de ultrasonidos GE LOGIQ P6<\/p>\n<p><strong>Estado:<\/strong> Servicio de reacondicionamiento\/reparaci\u00f3n de la fuente de alimentaci\u00f3n de CC APS-II PST, comprobada y restaurada para que funcione de forma estable.<\/p>\n<p><strong>Plazo de entrega:<\/strong> De 2 a 4 d\u00edas laborables tras la confirmaci\u00f3n del pedido<\/p>\n<p><strong>Garant\u00eda:<\/strong> 90 d\u00edas de garant\u00eda<\/p>\n<p><strong>Notas:<\/strong><\/p>\n<ul>\n<li>Compruebe el n\u00famero de pieza 5244555 y la compatibilidad del sistema antes de realizar el pedido.<\/li>\n<li>Aseg\u00farese de que el equipo de ultrasonidos est\u00e1 apagado antes de la instalaci\u00f3n<\/li>\n<li>Las fuentes de alimentaci\u00f3n defectuosas deben devolverse para su reparaci\u00f3n o cambio.<\/li>\n<\/ul>","protected":false},"excerpt":{"rendered":"<p>5244555 \/ 5245004 APS II PST Fuente de alimentaci\u00f3n de CC para el sistema de ultrasonidos LOGIQ P6 de GE. Disponible para servicio de venta, reparaci\u00f3n y sustituci\u00f3n. Totalmente probada y restaurada profesionalmente con un plazo de entrega r\u00e1pido de 2-4 d\u00edas y 90 d\u00edas de garant\u00eda para un suministro de energ\u00eda estable y un funcionamiento fiable del sistema.<\/p>","protected":false},"featured_media":12398,"parent":0,"template":"","meta":{"_acf_changed":false,"_kad_blocks_custom_css":"","_kad_blocks_head_custom_js":"","_kad_blocks_body_custom_js":"","_kad_blocks_footer_custom_js":"","_kadence_starter_templates_imported_post":false,"_kad_post_transparent":"default","_kad_post_title":"","_kad_post_layout":"default","_kad_post_sidebar_id":"","_kad_post_content_style":"default","_kad_post_vertical_padding":"default","_kad_post_feature":"","_kad_post_feature_position":"","_kad_post_header":false,"_kad_post_footer":false},"pcategory":[5],"ptag":[],"class_list":["post-5447","product","type-product","status-publish","has-post-thumbnail","hentry","pcategory-ultrasound-boards-repair"],"acf":[],"yoast_head":"<!-- This site is optimized with the Yoast SEO plugin v27.1.1 - https:\/\/yoast.com\/product\/yoast-seo-wordpress\/ -->\n<title>5244555 \/ 5245004 APS II PST DC Power Supply for GE LOGIQ P6 Ultrasound Systems<\/title>\n<meta name=\"robots\" content=\"index, follow, max-snippet:-1, max-image-preview:large, max-video-preview:-1\" \/>\n<link rel=\"canonical\" href=\"https:\/\/ultramachineparts.com\/es\/product\/5245004-5244555\/\" \/>\n<meta property=\"og:locale\" content=\"es_ES\" \/>\n<meta property=\"og:type\" content=\"article\" \/>\n<meta property=\"og:title\" content=\"5244555 \/ 5245004 APS II PST DC Power Supply for GE LOGIQ P6 Ultrasound Systems\" \/>\n<meta property=\"og:description\" content=\"5244555 \/ 5245004 APS II PST DC power supply for GE LOGIQ P6 ultrasound system. Available for sales, repair, and replacement service. Fully tested and professionally restored with fast 2\u20134 day turnaround and 90-day warranty for stable power delivery and reliable system operation.\" \/>\n<meta property=\"og:url\" content=\"https:\/\/ultramachineparts.com\/es\/product\/5245004-5244555\/\" \/>\n<meta property=\"og:site_name\" content=\"ultramachine-part\" \/>\n<meta property=\"og:image\" content=\"https:\/\/ultramachineparts.com\/wp-content\/uploads\/2027\/03\/5244555-3.jpg\" \/>\n\t<meta property=\"og:image:width\" content=\"800\" \/>\n\t<meta property=\"og:image:height\" content=\"800\" \/>\n\t<meta property=\"og:image:type\" content=\"image\/jpeg\" \/>\n<meta name=\"twitter:card\" content=\"summary_large_image\" \/>\n<meta name=\"twitter:label1\" content=\"Tiempo de lectura\" \/>\n\t<meta name=\"twitter:data1\" content=\"1 minuto\" \/>\n<script type=\"application\/ld+json\" class=\"yoast-schema-graph\">{\"@context\":\"https:\/\/schema.org\",\"@graph\":[{\"@type\":\"WebPage\",\"@id\":\"https:\/\/ultramachineparts.com\/product\/5245004-5244555\/\",\"url\":\"https:\/\/ultramachineparts.com\/product\/5245004-5244555\/\",\"name\":\"5244555 \/ 5245004 APS II PST DC Power Supply for GE LOGIQ P6 Ultrasound Systems\",\"isPartOf\":{\"@id\":\"https:\/\/ultramachineparts.com\/#website\"},\"primaryImageOfPage\":{\"@id\":\"https:\/\/ultramachineparts.com\/product\/5245004-5244555\/#primaryimage\"},\"image\":{\"@id\":\"https:\/\/ultramachineparts.com\/product\/5245004-5244555\/#primaryimage\"},\"thumbnailUrl\":\"https:\/\/ultramachineparts.com\/wp-content\/uploads\/2027\/03\/5244555-3.jpg\",\"datePublished\":\"2026-05-04T11:16:41+00:00\",\"breadcrumb\":{\"@id\":\"https:\/\/ultramachineparts.com\/product\/5245004-5244555\/#breadcrumb\"},\"inLanguage\":\"es\",\"potentialAction\":[{\"@type\":\"ReadAction\",\"target\":[\"https:\/\/ultramachineparts.com\/product\/5245004-5244555\/\"]}]},{\"@type\":\"ImageObject\",\"inLanguage\":\"es\",\"@id\":\"https:\/\/ultramachineparts.com\/product\/5245004-5244555\/#primaryimage\",\"url\":\"https:\/\/ultramachineparts.com\/wp-content\/uploads\/2027\/03\/5244555-3.jpg\",\"contentUrl\":\"https:\/\/ultramachineparts.com\/wp-content\/uploads\/2027\/03\/5244555-3.jpg\",\"width\":800,\"height\":800},{\"@type\":\"BreadcrumbList\",\"@id\":\"https:\/\/ultramachineparts.com\/product\/5245004-5244555\/#breadcrumb\",\"itemListElement\":[{\"@type\":\"ListItem\",\"position\":1,\"name\":\"Home\",\"item\":\"https:\/\/ultramachineparts.com\/\"},{\"@type\":\"ListItem\",\"position\":2,\"name\":\"Ultrasound Boards Repair\",\"item\":\"https:\/\/ultramachineparts.com\/pcategory\/ultrasound-boards-repair\/\"},{\"@type\":\"ListItem\",\"position\":3,\"name\":\"5244555 \/ 5245004 APS II PST DC Power Supply for GE LOGIQ P6 Ultrasound Systems\"}]},{\"@type\":\"WebSite\",\"@id\":\"https:\/\/ultramachineparts.com\/#website\",\"url\":\"https:\/\/ultramachineparts.com\/\",\"name\":\"ultramachine-part\",\"description\":\"\",\"publisher\":{\"@id\":\"https:\/\/ultramachineparts.com\/#organization\"},\"potentialAction\":[{\"@type\":\"SearchAction\",\"target\":{\"@type\":\"EntryPoint\",\"urlTemplate\":\"https:\/\/ultramachineparts.com\/?s={search_term_string}\"},\"query-input\":{\"@type\":\"PropertyValueSpecification\",\"valueRequired\":true,\"valueName\":\"search_term_string\"}}],\"inLanguage\":\"es\"},{\"@type\":\"Organization\",\"@id\":\"https:\/\/ultramachineparts.com\/#organization\",\"name\":\"ultramachine-part\",\"url\":\"https:\/\/ultramachineparts.com\/\",\"logo\":{\"@type\":\"ImageObject\",\"inLanguage\":\"es\",\"@id\":\"https:\/\/ultramachineparts.com\/#\/schema\/logo\/image\/\",\"url\":\"https:\/\/ultramachineparts.com\/wp-content\/uploads\/2026\/03\/logo-echoelite.png\",\"contentUrl\":\"https:\/\/ultramachineparts.com\/wp-content\/uploads\/2026\/03\/logo-echoelite.png\",\"width\":463,\"height\":120,\"caption\":\"ultramachine-part\"},\"image\":{\"@id\":\"https:\/\/ultramachineparts.com\/#\/schema\/logo\/image\/\"}}]}<\/script>\n<!-- \/ Yoast SEO plugin. -->","yoast_head_json":{"title":"5244555 \/ 5245004 Fuente de alimentaci\u00f3n de CC APS II PST para sistemas de ultrasonidos GE LOGIQ P6","robots":{"index":"index","follow":"follow","max-snippet":"max-snippet:-1","max-image-preview":"max-image-preview:large","max-video-preview":"max-video-preview:-1"},"canonical":"https:\/\/ultramachineparts.com\/es\/product\/5245004-5244555\/","og_locale":"es_ES","og_type":"article","og_title":"5244555 \/ 5245004 APS II PST DC Power Supply for GE LOGIQ P6 Ultrasound Systems","og_description":"5244555 \/ 5245004 APS II PST DC power supply for GE LOGIQ P6 ultrasound system. Available for sales, repair, and replacement service. Fully tested and professionally restored with fast 2\u20134 day turnaround and 90-day warranty for stable power delivery and reliable system operation.","og_url":"https:\/\/ultramachineparts.com\/es\/product\/5245004-5244555\/","og_site_name":"ultramachine-part","og_image":[{"width":800,"height":800,"url":"https:\/\/ultramachineparts.com\/wp-content\/uploads\/2027\/03\/5244555-3.jpg","type":"image\/jpeg"}],"twitter_card":"summary_large_image","twitter_misc":{"Tiempo de lectura":"1 minuto"},"schema":{"@context":"https:\/\/schema.org","@graph":[{"@type":"WebPage","@id":"https:\/\/ultramachineparts.com\/product\/5245004-5244555\/","url":"https:\/\/ultramachineparts.com\/product\/5245004-5244555\/","name":"5244555 \/ 5245004 Fuente de alimentaci\u00f3n de CC APS II PST para sistemas de ultrasonidos GE LOGIQ P6","isPartOf":{"@id":"https:\/\/ultramachineparts.com\/#website"},"primaryImageOfPage":{"@id":"https:\/\/ultramachineparts.com\/product\/5245004-5244555\/#primaryimage"},"image":{"@id":"https:\/\/ultramachineparts.com\/product\/5245004-5244555\/#primaryimage"},"thumbnailUrl":"https:\/\/ultramachineparts.com\/wp-content\/uploads\/2027\/03\/5244555-3.jpg","datePublished":"2026-05-04T11:16:41+00:00","breadcrumb":{"@id":"https:\/\/ultramachineparts.com\/product\/5245004-5244555\/#breadcrumb"},"inLanguage":"es","potentialAction":[{"@type":"ReadAction","target":["https:\/\/ultramachineparts.com\/product\/5245004-5244555\/"]}]},{"@type":"ImageObject","inLanguage":"es","@id":"https:\/\/ultramachineparts.com\/product\/5245004-5244555\/#primaryimage","url":"https:\/\/ultramachineparts.com\/wp-content\/uploads\/2027\/03\/5244555-3.jpg","contentUrl":"https:\/\/ultramachineparts.com\/wp-content\/uploads\/2027\/03\/5244555-3.jpg","width":800,"height":800},{"@type":"BreadcrumbList","@id":"https:\/\/ultramachineparts.com\/product\/5245004-5244555\/#breadcrumb","itemListElement":[{"@type":"ListItem","position":1,"name":"Home","item":"https:\/\/ultramachineparts.com\/"},{"@type":"ListItem","position":2,"name":"Ultrasound Boards Repair","item":"https:\/\/ultramachineparts.com\/pcategory\/ultrasound-boards-repair\/"},{"@type":"ListItem","position":3,"name":"5244555 \/ 5245004 APS II PST DC Power Supply for GE LOGIQ P6 Ultrasound Systems"}]},{"@type":"WebSite","@id":"https:\/\/ultramachineparts.com\/#website","url":"https:\/\/ultramachineparts.com\/","name":"ultramachine-parte","description":"","publisher":{"@id":"https:\/\/ultramachineparts.com\/#organization"},"potentialAction":[{"@type":"SearchAction","target":{"@type":"EntryPoint","urlTemplate":"https:\/\/ultramachineparts.com\/?s={search_term_string}"},"query-input":{"@type":"PropertyValueSpecification","valueRequired":true,"valueName":"search_term_string"}}],"inLanguage":"es"},{"@type":"Organization","@id":"https:\/\/ultramachineparts.com\/#organization","name":"ultramachine-parte","url":"https:\/\/ultramachineparts.com\/","logo":{"@type":"ImageObject","inLanguage":"es","@id":"https:\/\/ultramachineparts.com\/#\/schema\/logo\/image\/","url":"https:\/\/ultramachineparts.com\/wp-content\/uploads\/2026\/03\/logo-echoelite.png","contentUrl":"https:\/\/ultramachineparts.com\/wp-content\/uploads\/2026\/03\/logo-echoelite.png","width":463,"height":120,"caption":"ultramachine-part"},"image":{"@id":"https:\/\/ultramachineparts.com\/#\/schema\/logo\/image\/"}}]}},"taxonomy_info":{"pcategory":[{"value":5,"label":"Ultrasound Boards Repair"}]},"featured_image_src_large":["https:\/\/ultramachineparts.com\/wp-content\/uploads\/2027\/03\/5244555-3.jpg",800,800,false],"author_info":[],"comment_info":"","_links":{"self":[{"href":"https:\/\/ultramachineparts.com\/es\/wp-json\/wp\/v2\/product\/5447","targetHints":{"allow":["GET"]}}],"collection":[{"href":"https:\/\/ultramachineparts.com\/es\/wp-json\/wp\/v2\/product"}],"about":[{"href":"https:\/\/ultramachineparts.com\/es\/wp-json\/wp\/v2\/types\/product"}],"wp:featuredmedia":[{"embeddable":true,"href":"https:\/\/ultramachineparts.com\/es\/wp-json\/wp\/v2\/media\/12398"}],"wp:attachment":[{"href":"https:\/\/ultramachineparts.com\/es\/wp-json\/wp\/v2\/media?parent=5447"}],"wp:term":[{"taxonomy":"pcategory","embeddable":true,"href":"https:\/\/ultramachineparts.com\/es\/wp-json\/wp\/v2\/pcategory?post=5447"},{"taxonomy":"ptag","embeddable":true,"href":"https:\/\/ultramachineparts.com\/es\/wp-json\/wp\/v2\/ptag?post=5447"}],"curies":[{"name":"wp","href":"https:\/\/api.w.org\/{rel}","templated":true}]}}