{"id":3416,"date":"2026-03-18T11:52:30","date_gmt":"2026-03-18T11:52:30","guid":{"rendered":"https:\/\/ultramachineparts.com\/?post_type=product&#038;p=3416"},"modified":"2026-03-19T06:44:37","modified_gmt":"2026-03-19T06:44:37","slug":"ge-voluson-module-board-ktz195636","status":"publish","type":"product","link":"https:\/\/ultramachineparts.com\/fr\/product\/ge-voluson-module-board-ktz195636\/","title":{"rendered":"GE Voluson 730 CPU P5 Module Board KTZ195636 Ultrasound Part for Repair or Replacement"},"content":{"rendered":"<p>Le <strong>GE Voluson 730 CPU P5 Module Board KTZ195636<\/strong> est compatible avec les syst\u00e8mes d'\u00e9chographie GE Voluson 730 et prend en charge les fonctions de traitement de base dans le module dorsal du syst\u00e8me.<\/p>\n<p><img loading=\"lazy\" decoding=\"async\" class=\"alignnone size-full wp-image-3634\" src=\"https:\/\/ultramachineparts.com\/wp-content\/uploads\/2027\/03\/Board-KTZ195636-5.jpg\" alt=\"\" width=\"800\" height=\"600\" srcset=\"https:\/\/ultramachineparts.com\/wp-content\/uploads\/2027\/03\/Board-KTZ195636-5.jpg 800w, https:\/\/ultramachineparts.com\/wp-content\/uploads\/2027\/03\/Board-KTZ195636-5-300x225.jpg 300w, https:\/\/ultramachineparts.com\/wp-content\/uploads\/2027\/03\/Board-KTZ195636-5-768x576.jpg 768w, https:\/\/ultramachineparts.com\/wp-content\/uploads\/2027\/03\/Board-KTZ195636-5-16x12.jpg 16w\" sizes=\"auto, (max-width: 800px) 100vw, 800px\" \/> <img loading=\"lazy\" decoding=\"async\" class=\"alignnone size-full wp-image-3633\" src=\"https:\/\/ultramachineparts.com\/wp-content\/uploads\/2027\/03\/Board-KTZ195636-4.jpg\" alt=\"GE Voluson 730 Board KTZ195636\" width=\"800\" height=\"600\" srcset=\"https:\/\/ultramachineparts.com\/wp-content\/uploads\/2027\/03\/Board-KTZ195636-4.jpg 800w, https:\/\/ultramachineparts.com\/wp-content\/uploads\/2027\/03\/Board-KTZ195636-4-300x225.jpg 300w, https:\/\/ultramachineparts.com\/wp-content\/uploads\/2027\/03\/Board-KTZ195636-4-768x576.jpg 768w, https:\/\/ultramachineparts.com\/wp-content\/uploads\/2027\/03\/Board-KTZ195636-4-16x12.jpg 16w\" sizes=\"auto, (max-width: 800px) 100vw, 800px\" \/><\/p>\n<p><strong>Informations sur le produit<\/strong><\/p>\n<ul>\n<li><strong>Nom du produit :<\/strong> Carte du module P5 de l'UC<\/li>\n<li><strong>Num\u00e9ro de pi\u00e8ce :<\/strong> KTZ195636<\/li>\n<li><strong>Syst\u00e8me compatible :<\/strong> Syst\u00e8me d'\u00e9chographie GE Voluson 730<\/li>\n<li><strong>Fonction :<\/strong> Prise en charge des t\u00e2ches principales de traitement et de contr\u00f4le du syst\u00e8me<\/li>\n<li><strong>\u00c9tat :<\/strong> Carte originale en \u00e9tat de fonctionnement test\u00e9<\/li>\n<li><strong>Garantie :<\/strong> 60 jours<\/li>\n<li><strong>D\u00e9lai de livraison :<\/strong> G\u00e9n\u00e9ralement 2 \u00e0 4 jours ouvrables<\/li>\n<li><strong>Service :<\/strong> Vente pure et simple \/ \u00c9change \/ R\u00e9paration possible<\/li>\n<\/ul>\n<p><strong>Notes de service<\/strong><\/p>\n<ul>\n<li>Veuillez confirmer la compatibilit\u00e9 avec votre syst\u00e8me GE Voluson 730 avant de passer commande.<\/li>\n<li>Le tableau doit \u00eatre complet et adapt\u00e9 \u00e0 l'\u00e9valuation du service.<\/li>\n<li>Les options d'\u00e9change peuvent n\u00e9cessiter le renvoi de la carte d\u00e9fectueuse d'origine.<\/li>\n<li>L'installation par un professionnel est recommand\u00e9e.<\/li>\n<li>Contactez-nous pour une \u00e9valuation des r\u00e9parations ou des demandes d'achat en gros.<\/li>\n<\/ul>","protected":false},"excerpt":{"rendered":"<p>La carte module CPU P5 GE Voluson 730 KTZ195636 est compatible avec les syst\u00e8mes d'\u00e9chographie GE Voluson 730 et prend en charge les fonctions de traitement de base au sein du module back-end du syst\u00e8me. Informations sur le produit Nom du produit : Carte module CPU P5 Num\u00e9ro de pi\u00e8ce : KTZ195636 Syst\u00e8me compatible : Syst\u00e8me d'\u00e9chographie GE Voluson 730 Fonction : Prend en charge le traitement de base et les t\u00e2ches de contr\u00f4le du syst\u00e8me : Original...<\/p>","protected":false},"featured_media":3630,"parent":0,"template":"","meta":{"_acf_changed":false,"_kad_blocks_custom_css":"","_kad_blocks_head_custom_js":"","_kad_blocks_body_custom_js":"","_kad_blocks_footer_custom_js":"","_kadence_starter_templates_imported_post":false,"_kad_post_transparent":"default","_kad_post_title":"","_kad_post_layout":"default","_kad_post_sidebar_id":"","_kad_post_content_style":"default","_kad_post_vertical_padding":"default","_kad_post_feature":"","_kad_post_feature_position":"","_kad_post_header":false,"_kad_post_footer":false},"pcategory":[5],"ptag":[],"class_list":["post-3416","product","type-product","status-publish","has-post-thumbnail","hentry","pcategory-ultrasound-boards-repair"],"acf":[],"yoast_head":"<!-- This site is optimized with the Yoast SEO plugin v27.1.1 - https:\/\/yoast.com\/product\/yoast-seo-wordpress\/ -->\n<title>GE Voluson 730 CPU P5 Module Board KTZ195636 Ultrasound Part for Repair or Replacement<\/title>\n<meta name=\"robots\" content=\"index, follow, max-snippet:-1, max-image-preview:large, max-video-preview:-1\" \/>\n<link rel=\"canonical\" href=\"https:\/\/ultramachineparts.com\/fr\/product\/ge-voluson-module-board-ktz195636\/\" \/>\n<meta property=\"og:locale\" content=\"fr_FR\" \/>\n<meta property=\"og:type\" content=\"article\" \/>\n<meta property=\"og:title\" content=\"GE Voluson 730 CPU P5 Module Board KTZ195636 Ultrasound Part for Repair or Replacement\" \/>\n<meta property=\"og:description\" content=\"The GE Voluson 730 CPU P5 Module Board KTZ195636 is compatible with GE Voluson 730 ultrasound systems and supports core processing functions within the system back-end module. Product Information Product Name: CPU P5 Module Board Part Number: KTZ195636 Compatible System: GE Voluson 730 ultrasound system Function: Supports core processing and system control tasks Condition: Original...\" \/>\n<meta property=\"og:url\" content=\"https:\/\/ultramachineparts.com\/fr\/product\/ge-voluson-module-board-ktz195636\/\" \/>\n<meta property=\"og:site_name\" content=\"ultramachine-part\" \/>\n<meta property=\"article:modified_time\" content=\"2026-03-19T06:44:37+00:00\" \/>\n<meta property=\"og:image\" content=\"https:\/\/ultramachineparts.com\/wp-content\/uploads\/2027\/03\/Board-KTZ195636-1.jpg\" \/>\n\t<meta property=\"og:image:width\" content=\"800\" \/>\n\t<meta property=\"og:image:height\" content=\"600\" \/>\n\t<meta property=\"og:image:type\" content=\"image\/jpeg\" \/>\n<meta name=\"twitter:card\" content=\"summary_large_image\" \/>\n<meta name=\"twitter:label1\" content=\"Dur\u00e9e de lecture estim\u00e9e\" \/>\n\t<meta name=\"twitter:data1\" content=\"2 minutes\" \/>\n<script type=\"application\/ld+json\" class=\"yoast-schema-graph\">{\"@context\":\"https:\/\/schema.org\",\"@graph\":[{\"@type\":\"WebPage\",\"@id\":\"https:\/\/ultramachineparts.com\/product\/ge-voluson-module-board-ktz195636\/\",\"url\":\"https:\/\/ultramachineparts.com\/product\/ge-voluson-module-board-ktz195636\/\",\"name\":\"GE Voluson 730 CPU P5 Module Board KTZ195636 Ultrasound Part for Repair or Replacement\",\"isPartOf\":{\"@id\":\"https:\/\/ultramachineparts.com\/#website\"},\"primaryImageOfPage\":{\"@id\":\"https:\/\/ultramachineparts.com\/product\/ge-voluson-module-board-ktz195636\/#primaryimage\"},\"image\":{\"@id\":\"https:\/\/ultramachineparts.com\/product\/ge-voluson-module-board-ktz195636\/#primaryimage\"},\"thumbnailUrl\":\"https:\/\/ultramachineparts.com\/wp-content\/uploads\/2027\/03\/Board-KTZ195636-1.jpg\",\"datePublished\":\"2026-03-18T11:52:30+00:00\",\"dateModified\":\"2026-03-19T06:44:37+00:00\",\"breadcrumb\":{\"@id\":\"https:\/\/ultramachineparts.com\/product\/ge-voluson-module-board-ktz195636\/#breadcrumb\"},\"inLanguage\":\"fr-FR\",\"potentialAction\":[{\"@type\":\"ReadAction\",\"target\":[\"https:\/\/ultramachineparts.com\/product\/ge-voluson-module-board-ktz195636\/\"]}]},{\"@type\":\"ImageObject\",\"inLanguage\":\"fr-FR\",\"@id\":\"https:\/\/ultramachineparts.com\/product\/ge-voluson-module-board-ktz195636\/#primaryimage\",\"url\":\"https:\/\/ultramachineparts.com\/wp-content\/uploads\/2027\/03\/Board-KTZ195636-1.jpg\",\"contentUrl\":\"https:\/\/ultramachineparts.com\/wp-content\/uploads\/2027\/03\/Board-KTZ195636-1.jpg\",\"width\":800,\"height\":600,\"caption\":\"GE Voluson 730 CPU P5 Module Board KTZ195636\"},{\"@type\":\"BreadcrumbList\",\"@id\":\"https:\/\/ultramachineparts.com\/product\/ge-voluson-module-board-ktz195636\/#breadcrumb\",\"itemListElement\":[{\"@type\":\"ListItem\",\"position\":1,\"name\":\"Home\",\"item\":\"https:\/\/ultramachineparts.com\/\"},{\"@type\":\"ListItem\",\"position\":2,\"name\":\"Ultrasound Boards Repair\",\"item\":\"https:\/\/ultramachineparts.com\/pcategory\/ultrasound-boards-repair\/\"},{\"@type\":\"ListItem\",\"position\":3,\"name\":\"GE Voluson 730 CPU P5 Module Board KTZ195636 Ultrasound Part for Repair or Replacement\"}]},{\"@type\":\"WebSite\",\"@id\":\"https:\/\/ultramachineparts.com\/#website\",\"url\":\"https:\/\/ultramachineparts.com\/\",\"name\":\"ultramachine-part\",\"description\":\"\",\"publisher\":{\"@id\":\"https:\/\/ultramachineparts.com\/#organization\"},\"potentialAction\":[{\"@type\":\"SearchAction\",\"target\":{\"@type\":\"EntryPoint\",\"urlTemplate\":\"https:\/\/ultramachineparts.com\/?s={search_term_string}\"},\"query-input\":{\"@type\":\"PropertyValueSpecification\",\"valueRequired\":true,\"valueName\":\"search_term_string\"}}],\"inLanguage\":\"fr-FR\"},{\"@type\":\"Organization\",\"@id\":\"https:\/\/ultramachineparts.com\/#organization\",\"name\":\"ultramachine-part\",\"url\":\"https:\/\/ultramachineparts.com\/\",\"logo\":{\"@type\":\"ImageObject\",\"inLanguage\":\"fr-FR\",\"@id\":\"https:\/\/ultramachineparts.com\/#\/schema\/logo\/image\/\",\"url\":\"https:\/\/ultramachineparts.com\/wp-content\/uploads\/2026\/03\/logo-echoelite.png\",\"contentUrl\":\"https:\/\/ultramachineparts.com\/wp-content\/uploads\/2026\/03\/logo-echoelite.png\",\"width\":463,\"height\":120,\"caption\":\"ultramachine-part\"},\"image\":{\"@id\":\"https:\/\/ultramachineparts.com\/#\/schema\/logo\/image\/\"}}]}<\/script>\n<!-- \/ Yoast SEO plugin. -->","yoast_head_json":{"title":"GE Voluson 730 CPU P5 Module Board KTZ195636 Ultrasound Part for Repair or Replacement","robots":{"index":"index","follow":"follow","max-snippet":"max-snippet:-1","max-image-preview":"max-image-preview:large","max-video-preview":"max-video-preview:-1"},"canonical":"https:\/\/ultramachineparts.com\/fr\/product\/ge-voluson-module-board-ktz195636\/","og_locale":"fr_FR","og_type":"article","og_title":"GE Voluson 730 CPU P5 Module Board KTZ195636 Ultrasound Part for Repair or Replacement","og_description":"The GE Voluson 730 CPU P5 Module Board KTZ195636 is compatible with GE Voluson 730 ultrasound systems and supports core processing functions within the system back-end module. Product Information Product Name: CPU P5 Module Board Part Number: KTZ195636 Compatible System: GE Voluson 730 ultrasound system Function: Supports core processing and system control tasks Condition: Original...","og_url":"https:\/\/ultramachineparts.com\/fr\/product\/ge-voluson-module-board-ktz195636\/","og_site_name":"ultramachine-part","article_modified_time":"2026-03-19T06:44:37+00:00","og_image":[{"width":800,"height":600,"url":"https:\/\/ultramachineparts.com\/wp-content\/uploads\/2027\/03\/Board-KTZ195636-1.jpg","type":"image\/jpeg"}],"twitter_card":"summary_large_image","twitter_misc":{"Dur\u00e9e de lecture estim\u00e9e":"2 minutes"},"schema":{"@context":"https:\/\/schema.org","@graph":[{"@type":"WebPage","@id":"https:\/\/ultramachineparts.com\/product\/ge-voluson-module-board-ktz195636\/","url":"https:\/\/ultramachineparts.com\/product\/ge-voluson-module-board-ktz195636\/","name":"GE Voluson 730 CPU P5 Module Board KTZ195636 Ultrasound Part for Repair or Replacement","isPartOf":{"@id":"https:\/\/ultramachineparts.com\/#website"},"primaryImageOfPage":{"@id":"https:\/\/ultramachineparts.com\/product\/ge-voluson-module-board-ktz195636\/#primaryimage"},"image":{"@id":"https:\/\/ultramachineparts.com\/product\/ge-voluson-module-board-ktz195636\/#primaryimage"},"thumbnailUrl":"https:\/\/ultramachineparts.com\/wp-content\/uploads\/2027\/03\/Board-KTZ195636-1.jpg","datePublished":"2026-03-18T11:52:30+00:00","dateModified":"2026-03-19T06:44:37+00:00","breadcrumb":{"@id":"https:\/\/ultramachineparts.com\/product\/ge-voluson-module-board-ktz195636\/#breadcrumb"},"inLanguage":"fr-FR","potentialAction":[{"@type":"ReadAction","target":["https:\/\/ultramachineparts.com\/product\/ge-voluson-module-board-ktz195636\/"]}]},{"@type":"ImageObject","inLanguage":"fr-FR","@id":"https:\/\/ultramachineparts.com\/product\/ge-voluson-module-board-ktz195636\/#primaryimage","url":"https:\/\/ultramachineparts.com\/wp-content\/uploads\/2027\/03\/Board-KTZ195636-1.jpg","contentUrl":"https:\/\/ultramachineparts.com\/wp-content\/uploads\/2027\/03\/Board-KTZ195636-1.jpg","width":800,"height":600,"caption":"GE Voluson 730 CPU P5 Module Board KTZ195636"},{"@type":"BreadcrumbList","@id":"https:\/\/ultramachineparts.com\/product\/ge-voluson-module-board-ktz195636\/#breadcrumb","itemListElement":[{"@type":"ListItem","position":1,"name":"Home","item":"https:\/\/ultramachineparts.com\/"},{"@type":"ListItem","position":2,"name":"Ultrasound Boards Repair","item":"https:\/\/ultramachineparts.com\/pcategory\/ultrasound-boards-repair\/"},{"@type":"ListItem","position":3,"name":"GE Voluson 730 CPU P5 Module Board KTZ195636 Ultrasound Part for Repair or Replacement"}]},{"@type":"WebSite","@id":"https:\/\/ultramachineparts.com\/#website","url":"https:\/\/ultramachineparts.com\/","name":"partie ultramachine","description":"","publisher":{"@id":"https:\/\/ultramachineparts.com\/#organization"},"potentialAction":[{"@type":"SearchAction","target":{"@type":"EntryPoint","urlTemplate":"https:\/\/ultramachineparts.com\/?s={search_term_string}"},"query-input":{"@type":"PropertyValueSpecification","valueRequired":true,"valueName":"search_term_string"}}],"inLanguage":"fr-FR"},{"@type":"Organization","@id":"https:\/\/ultramachineparts.com\/#organization","name":"partie ultramachine","url":"https:\/\/ultramachineparts.com\/","logo":{"@type":"ImageObject","inLanguage":"fr-FR","@id":"https:\/\/ultramachineparts.com\/#\/schema\/logo\/image\/","url":"https:\/\/ultramachineparts.com\/wp-content\/uploads\/2026\/03\/logo-echoelite.png","contentUrl":"https:\/\/ultramachineparts.com\/wp-content\/uploads\/2026\/03\/logo-echoelite.png","width":463,"height":120,"caption":"ultramachine-part"},"image":{"@id":"https:\/\/ultramachineparts.com\/#\/schema\/logo\/image\/"}}]}},"taxonomy_info":{"pcategory":[{"value":5,"label":"Ultrasound Boards Repair"}]},"featured_image_src_large":["https:\/\/ultramachineparts.com\/wp-content\/uploads\/2027\/03\/Board-KTZ195636-1.jpg",800,600,false],"author_info":[],"comment_info":"","_links":{"self":[{"href":"https:\/\/ultramachineparts.com\/fr\/wp-json\/wp\/v2\/product\/3416","targetHints":{"allow":["GET"]}}],"collection":[{"href":"https:\/\/ultramachineparts.com\/fr\/wp-json\/wp\/v2\/product"}],"about":[{"href":"https:\/\/ultramachineparts.com\/fr\/wp-json\/wp\/v2\/types\/product"}],"wp:featuredmedia":[{"embeddable":true,"href":"https:\/\/ultramachineparts.com\/fr\/wp-json\/wp\/v2\/media\/3630"}],"wp:attachment":[{"href":"https:\/\/ultramachineparts.com\/fr\/wp-json\/wp\/v2\/media?parent=3416"}],"wp:term":[{"taxonomy":"pcategory","embeddable":true,"href":"https:\/\/ultramachineparts.com\/fr\/wp-json\/wp\/v2\/pcategory?post=3416"},{"taxonomy":"ptag","embeddable":true,"href":"https:\/\/ultramachineparts.com\/fr\/wp-json\/wp\/v2\/ptag?post=3416"}],"curies":[{"name":"wp","href":"https:\/\/api.w.org\/{rel}","templated":true}]}}