{"id":3440,"date":"2026-03-13T19:38:30","date_gmt":"2026-03-13T19:38:30","guid":{"rendered":"https:\/\/ultramachineparts.com\/?post_type=product&#038;p=3440"},"modified":"2026-03-13T07:37:13","modified_gmt":"2026-03-13T07:37:13","slug":"samsung-medison-sonoace-x6-pc-board","status":"publish","type":"product","link":"https:\/\/ultramachineparts.com\/fr\/product\/samsung-medison-sonoace-x6-pc-board\/","title":{"rendered":"Samsung Medison Sonoace X6 PC Board 349-02-BE-0 Ultrasound Accessory"},"content":{"rendered":"<p>Le <strong>Carte PC Samsung Medison Sonoace X6<\/strong> est une carte de circuit imprim\u00e9 de remplacement con\u00e7ue pour \u00eatre utilis\u00e9e dans le syst\u00e8me de diagnostic par ultrasons Samsung Medison Sonoace X6. Il sert de carte \u00e9lectronique interne pour prendre en charge le contr\u00f4le du syst\u00e8me central, le traitement du signal et le flux de donn\u00e9es essentiels pour une performance d'imagerie fiable.<\/p>\n<p><strong>Informations sur le produit<\/strong><\/p>\n<ul>\n<li><strong>Nom du produit :<\/strong> Carte PC pour \u00e9chographie<\/li>\n<li><strong>P\/N<\/strong>: 349-02-BE-0<\/li>\n<li><strong>Syst\u00e8me compatible :<\/strong> Syst\u00e8me d'\u00e9chographie Samsung Medison Sonoace X6<\/li>\n<li><strong>Fonction :<\/strong> Circuit imprim\u00e9 interne pour le contr\u00f4le du syst\u00e8me et la gestion des signaux<\/li>\n<li><strong>Marque :<\/strong> Samsung Medison<\/li>\n<li><strong>\u00c9tat :<\/strong> Pi\u00e8ce de rechange usag\u00e9e<\/li>\n<li><strong>Garantie :<\/strong> 3 mois<\/li>\n<li><strong>D\u00e9lai de livraison :<\/strong> G\u00e9n\u00e9ralement dans un d\u00e9lai de 3 \u00e0 7 jours ouvrables lorsque le produit est en stock.<\/li>\n<li><strong>Service :<\/strong> Vente pure et simple \/ \u00c9change \/ R\u00e9paration possible<\/li>\n<\/ul>\n<p><strong>Notes de service<\/strong><\/p>\n<ul>\n<li>Veuillez v\u00e9rifier la compatibilit\u00e9 avec votre syst\u00e8me Samsung Medison Sonoace X6 avant de passer commande.<\/li>\n<li>L'installation doit \u00eatre effectu\u00e9e par des techniciens qualifi\u00e9s, familiaris\u00e9s avec l'\u00e9lectronique des ultrasons.<\/li>\n<li>Le service d'\u00e9change ou de garantie peut n\u00e9cessiter le renvoi de la carte d\u00e9fectueuse d'origine.<\/li>\n<li>Manipuler avec pr\u00e9caution pour \u00e9viter d'endommager les composants \u00e9lectroniques sensibles.<\/li>\n<li>Contacter le fournisseur pour l'\u00e9valuation des r\u00e9parations, l'assistance technique ou les demandes d'achat en gros.<\/li>\n<\/ul>","protected":false},"excerpt":{"rendered":"<p>Carte PC 349-02-BE-0 remise \u00e0 neuf pour Samsung Medison Sonoace X6, pi\u00e8ce de rechange pour \u00e9chographes, avec garantie et livraison dans le monde entier.<\/p>","protected":false},"featured_media":3483,"parent":0,"template":"","meta":{"_acf_changed":false,"_kad_blocks_custom_css":"","_kad_blocks_head_custom_js":"","_kad_blocks_body_custom_js":"","_kad_blocks_footer_custom_js":"","_kadence_starter_templates_imported_post":false,"_kad_post_transparent":"default","_kad_post_title":"","_kad_post_layout":"default","_kad_post_sidebar_id":"","_kad_post_content_style":"default","_kad_post_vertical_padding":"default","_kad_post_feature":"","_kad_post_feature_position":"","_kad_post_header":false,"_kad_post_footer":false},"pcategory":[5],"ptag":[],"class_list":["post-3440","product","type-product","status-publish","has-post-thumbnail","hentry","pcategory-ultrasound-boards-repair"],"acf":[],"yoast_head":"<!-- This site is optimized with the Yoast SEO plugin v27.1.1 - https:\/\/yoast.com\/product\/yoast-seo-wordpress\/ -->\n<title>Samsung Medison Sonoace X6 PC Board 349-02-BE-0 Ultrasound Accessory<\/title>\n<meta name=\"description\" content=\"Refurbished Samsung Medison Sonoace X6 PC Board 349-02-BE-0 ultrasound replacement part with warranty and worldwide delivery.\" \/>\n<meta name=\"robots\" content=\"index, follow, max-snippet:-1, max-image-preview:large, max-video-preview:-1\" \/>\n<link rel=\"canonical\" href=\"https:\/\/ultramachineparts.com\/fr\/product\/samsung-medison-sonoace-x6-pc-board\/\" \/>\n<meta property=\"og:locale\" content=\"fr_FR\" \/>\n<meta property=\"og:type\" content=\"article\" \/>\n<meta property=\"og:title\" content=\"Samsung Medison Sonoace X6 PC Board 349-02-BE-0 Ultrasound Accessory\" \/>\n<meta property=\"og:description\" content=\"Refurbished Samsung Medison Sonoace X6 PC Board 349-02-BE-0 ultrasound replacement part with warranty and worldwide delivery.\" \/>\n<meta property=\"og:url\" content=\"https:\/\/ultramachineparts.com\/fr\/product\/samsung-medison-sonoace-x6-pc-board\/\" \/>\n<meta property=\"og:site_name\" content=\"ultramachine-part\" \/>\n<meta property=\"og:image\" content=\"https:\/\/ultramachineparts.com\/wp-content\/uploads\/2027\/03\/Samsung-Medison-Sonoace-X6-PC-Board-2.jpg\" \/>\n\t<meta property=\"og:image:width\" content=\"1125\" \/>\n\t<meta property=\"og:image:height\" content=\"1278\" \/>\n\t<meta property=\"og:image:type\" content=\"image\/jpeg\" \/>\n<meta name=\"twitter:card\" content=\"summary_large_image\" \/>\n<meta name=\"twitter:label1\" content=\"Dur\u00e9e de lecture estim\u00e9e\" \/>\n\t<meta name=\"twitter:data1\" content=\"1 minute\" \/>\n<script type=\"application\/ld+json\" class=\"yoast-schema-graph\">{\"@context\":\"https:\/\/schema.org\",\"@graph\":[{\"@type\":\"WebPage\",\"@id\":\"https:\/\/ultramachineparts.com\/product\/samsung-medison-sonoace-x6-pc-board\/\",\"url\":\"https:\/\/ultramachineparts.com\/product\/samsung-medison-sonoace-x6-pc-board\/\",\"name\":\"Samsung Medison Sonoace X6 PC Board 349-02-BE-0 Ultrasound Accessory\",\"isPartOf\":{\"@id\":\"https:\/\/ultramachineparts.com\/#website\"},\"primaryImageOfPage\":{\"@id\":\"https:\/\/ultramachineparts.com\/product\/samsung-medison-sonoace-x6-pc-board\/#primaryimage\"},\"image\":{\"@id\":\"https:\/\/ultramachineparts.com\/product\/samsung-medison-sonoace-x6-pc-board\/#primaryimage\"},\"thumbnailUrl\":\"https:\/\/ultramachineparts.com\/wp-content\/uploads\/2027\/03\/Samsung-Medison-Sonoace-X6-PC-Board-2.jpg\",\"datePublished\":\"2026-03-13T19:38:30+00:00\",\"description\":\"Refurbished Samsung Medison Sonoace X6 PC Board 349-02-BE-0 ultrasound replacement part with warranty and worldwide delivery.\",\"breadcrumb\":{\"@id\":\"https:\/\/ultramachineparts.com\/product\/samsung-medison-sonoace-x6-pc-board\/#breadcrumb\"},\"inLanguage\":\"fr-FR\",\"potentialAction\":[{\"@type\":\"ReadAction\",\"target\":[\"https:\/\/ultramachineparts.com\/product\/samsung-medison-sonoace-x6-pc-board\/\"]}]},{\"@type\":\"ImageObject\",\"inLanguage\":\"fr-FR\",\"@id\":\"https:\/\/ultramachineparts.com\/product\/samsung-medison-sonoace-x6-pc-board\/#primaryimage\",\"url\":\"https:\/\/ultramachineparts.com\/wp-content\/uploads\/2027\/03\/Samsung-Medison-Sonoace-X6-PC-Board-2.jpg\",\"contentUrl\":\"https:\/\/ultramachineparts.com\/wp-content\/uploads\/2027\/03\/Samsung-Medison-Sonoace-X6-PC-Board-2.jpg\",\"width\":1125,\"height\":1278},{\"@type\":\"BreadcrumbList\",\"@id\":\"https:\/\/ultramachineparts.com\/product\/samsung-medison-sonoace-x6-pc-board\/#breadcrumb\",\"itemListElement\":[{\"@type\":\"ListItem\",\"position\":1,\"name\":\"Home\",\"item\":\"https:\/\/ultramachineparts.com\/\"},{\"@type\":\"ListItem\",\"position\":2,\"name\":\"Ultrasound Boards Repair\",\"item\":\"https:\/\/ultramachineparts.com\/pcategory\/ultrasound-boards-repair\/\"},{\"@type\":\"ListItem\",\"position\":3,\"name\":\"Samsung Medison Sonoace X6 PC Board 349-02-BE-0 Ultrasound Accessory\"}]},{\"@type\":\"WebSite\",\"@id\":\"https:\/\/ultramachineparts.com\/#website\",\"url\":\"https:\/\/ultramachineparts.com\/\",\"name\":\"ultramachine-part\",\"description\":\"\",\"publisher\":{\"@id\":\"https:\/\/ultramachineparts.com\/#organization\"},\"potentialAction\":[{\"@type\":\"SearchAction\",\"target\":{\"@type\":\"EntryPoint\",\"urlTemplate\":\"https:\/\/ultramachineparts.com\/?s={search_term_string}\"},\"query-input\":{\"@type\":\"PropertyValueSpecification\",\"valueRequired\":true,\"valueName\":\"search_term_string\"}}],\"inLanguage\":\"fr-FR\"},{\"@type\":\"Organization\",\"@id\":\"https:\/\/ultramachineparts.com\/#organization\",\"name\":\"ultramachine-part\",\"url\":\"https:\/\/ultramachineparts.com\/\",\"logo\":{\"@type\":\"ImageObject\",\"inLanguage\":\"fr-FR\",\"@id\":\"https:\/\/ultramachineparts.com\/#\/schema\/logo\/image\/\",\"url\":\"https:\/\/ultramachineparts.com\/wp-content\/uploads\/2026\/03\/logo-echoelite.png\",\"contentUrl\":\"https:\/\/ultramachineparts.com\/wp-content\/uploads\/2026\/03\/logo-echoelite.png\",\"width\":463,\"height\":120,\"caption\":\"ultramachine-part\"},\"image\":{\"@id\":\"https:\/\/ultramachineparts.com\/#\/schema\/logo\/image\/\"}}]}<\/script>\n<!-- \/ Yoast SEO plugin. -->","yoast_head_json":{"title":"Samsung Medison Sonoace X6 PC Board 349-02-BE-0 Ultrasound Accessory","description":"Carte PC 349-02-BE-0 remise \u00e0 neuf pour Samsung Medison Sonoace X6, pi\u00e8ce de rechange pour \u00e9chographes, avec garantie et livraison dans le monde entier.","robots":{"index":"index","follow":"follow","max-snippet":"max-snippet:-1","max-image-preview":"max-image-preview:large","max-video-preview":"max-video-preview:-1"},"canonical":"https:\/\/ultramachineparts.com\/fr\/product\/samsung-medison-sonoace-x6-pc-board\/","og_locale":"fr_FR","og_type":"article","og_title":"Samsung Medison Sonoace X6 PC Board 349-02-BE-0 Ultrasound Accessory","og_description":"Refurbished Samsung Medison Sonoace X6 PC Board 349-02-BE-0 ultrasound replacement part with warranty and worldwide delivery.","og_url":"https:\/\/ultramachineparts.com\/fr\/product\/samsung-medison-sonoace-x6-pc-board\/","og_site_name":"ultramachine-part","og_image":[{"width":1125,"height":1278,"url":"https:\/\/ultramachineparts.com\/wp-content\/uploads\/2027\/03\/Samsung-Medison-Sonoace-X6-PC-Board-2.jpg","type":"image\/jpeg"}],"twitter_card":"summary_large_image","twitter_misc":{"Dur\u00e9e de lecture estim\u00e9e":"1 minute"},"schema":{"@context":"https:\/\/schema.org","@graph":[{"@type":"WebPage","@id":"https:\/\/ultramachineparts.com\/product\/samsung-medison-sonoace-x6-pc-board\/","url":"https:\/\/ultramachineparts.com\/product\/samsung-medison-sonoace-x6-pc-board\/","name":"Samsung Medison Sonoace X6 PC Board 349-02-BE-0 Ultrasound Accessory","isPartOf":{"@id":"https:\/\/ultramachineparts.com\/#website"},"primaryImageOfPage":{"@id":"https:\/\/ultramachineparts.com\/product\/samsung-medison-sonoace-x6-pc-board\/#primaryimage"},"image":{"@id":"https:\/\/ultramachineparts.com\/product\/samsung-medison-sonoace-x6-pc-board\/#primaryimage"},"thumbnailUrl":"https:\/\/ultramachineparts.com\/wp-content\/uploads\/2027\/03\/Samsung-Medison-Sonoace-X6-PC-Board-2.jpg","datePublished":"2026-03-13T19:38:30+00:00","description":"Carte PC 349-02-BE-0 remise \u00e0 neuf pour Samsung Medison Sonoace X6, pi\u00e8ce de rechange pour \u00e9chographes, avec garantie et livraison dans le monde entier.","breadcrumb":{"@id":"https:\/\/ultramachineparts.com\/product\/samsung-medison-sonoace-x6-pc-board\/#breadcrumb"},"inLanguage":"fr-FR","potentialAction":[{"@type":"ReadAction","target":["https:\/\/ultramachineparts.com\/product\/samsung-medison-sonoace-x6-pc-board\/"]}]},{"@type":"ImageObject","inLanguage":"fr-FR","@id":"https:\/\/ultramachineparts.com\/product\/samsung-medison-sonoace-x6-pc-board\/#primaryimage","url":"https:\/\/ultramachineparts.com\/wp-content\/uploads\/2027\/03\/Samsung-Medison-Sonoace-X6-PC-Board-2.jpg","contentUrl":"https:\/\/ultramachineparts.com\/wp-content\/uploads\/2027\/03\/Samsung-Medison-Sonoace-X6-PC-Board-2.jpg","width":1125,"height":1278},{"@type":"BreadcrumbList","@id":"https:\/\/ultramachineparts.com\/product\/samsung-medison-sonoace-x6-pc-board\/#breadcrumb","itemListElement":[{"@type":"ListItem","position":1,"name":"Home","item":"https:\/\/ultramachineparts.com\/"},{"@type":"ListItem","position":2,"name":"Ultrasound Boards Repair","item":"https:\/\/ultramachineparts.com\/pcategory\/ultrasound-boards-repair\/"},{"@type":"ListItem","position":3,"name":"Samsung Medison Sonoace X6 PC Board 349-02-BE-0 Ultrasound Accessory"}]},{"@type":"WebSite","@id":"https:\/\/ultramachineparts.com\/#website","url":"https:\/\/ultramachineparts.com\/","name":"partie ultramachine","description":"","publisher":{"@id":"https:\/\/ultramachineparts.com\/#organization"},"potentialAction":[{"@type":"SearchAction","target":{"@type":"EntryPoint","urlTemplate":"https:\/\/ultramachineparts.com\/?s={search_term_string}"},"query-input":{"@type":"PropertyValueSpecification","valueRequired":true,"valueName":"search_term_string"}}],"inLanguage":"fr-FR"},{"@type":"Organization","@id":"https:\/\/ultramachineparts.com\/#organization","name":"partie ultramachine","url":"https:\/\/ultramachineparts.com\/","logo":{"@type":"ImageObject","inLanguage":"fr-FR","@id":"https:\/\/ultramachineparts.com\/#\/schema\/logo\/image\/","url":"https:\/\/ultramachineparts.com\/wp-content\/uploads\/2026\/03\/logo-echoelite.png","contentUrl":"https:\/\/ultramachineparts.com\/wp-content\/uploads\/2026\/03\/logo-echoelite.png","width":463,"height":120,"caption":"ultramachine-part"},"image":{"@id":"https:\/\/ultramachineparts.com\/#\/schema\/logo\/image\/"}}]}},"taxonomy_info":{"pcategory":[{"value":5,"label":"Ultrasound Boards Repair"}]},"featured_image_src_large":["https:\/\/ultramachineparts.com\/wp-content\/uploads\/2027\/03\/Samsung-Medison-Sonoace-X6-PC-Board-2-901x1024.jpg",901,1024,true],"author_info":[],"comment_info":"","_links":{"self":[{"href":"https:\/\/ultramachineparts.com\/fr\/wp-json\/wp\/v2\/product\/3440","targetHints":{"allow":["GET"]}}],"collection":[{"href":"https:\/\/ultramachineparts.com\/fr\/wp-json\/wp\/v2\/product"}],"about":[{"href":"https:\/\/ultramachineparts.com\/fr\/wp-json\/wp\/v2\/types\/product"}],"wp:featuredmedia":[{"embeddable":true,"href":"https:\/\/ultramachineparts.com\/fr\/wp-json\/wp\/v2\/media\/3483"}],"wp:attachment":[{"href":"https:\/\/ultramachineparts.com\/fr\/wp-json\/wp\/v2\/media?parent=3440"}],"wp:term":[{"taxonomy":"pcategory","embeddable":true,"href":"https:\/\/ultramachineparts.com\/fr\/wp-json\/wp\/v2\/pcategory?post=3440"},{"taxonomy":"ptag","embeddable":true,"href":"https:\/\/ultramachineparts.com\/fr\/wp-json\/wp\/v2\/ptag?post=3440"}],"curies":[{"name":"wp","href":"https:\/\/api.w.org\/{rel}","templated":true}]}}