{"id":4910,"date":"2026-04-03T04:06:10","date_gmt":"2026-04-03T04:06:10","guid":{"rendered":"https:\/\/ultramachineparts.com\/?post_type=product&#038;p=4910"},"modified":"2026-04-01T01:20:48","modified_gmt":"2026-04-01T01:20:48","slug":"siemens-10349351-2","status":"publish","type":"product","link":"https:\/\/ultramachineparts.com\/fr\/product\/siemens-10349351-2\/","title":{"rendered":"Siemens X150 Monitor 10349351 Ultrasound Display Repair Exchange"},"content":{"rendered":"<p>10349351 Le remplacement, la r\u00e9paration et la vente de moniteurs remis \u00e0 neuf sont disponibles pour le syst\u00e8me d'\u00e9chographie Siemens X150. Chaque unit\u00e9 est test\u00e9e pour garantir un affichage clair de l'image et des performances stables.<\/p>\n<p><strong>Informations sur le produit<\/strong><\/p>\n<ul>\n<li>Nom de la pi\u00e8ce : Moniteur \/ \u00e9cran<\/li>\n<li>R\u00e9f\u00e9rence Fabricant : 10349351<\/li>\n<li>Syst\u00e8me compatible : Syst\u00e8me d'\u00e9chographie Siemens X150<\/li>\n<li>Condition : Original utilis\u00e9 \/ Remis \u00e0 neuf et test\u00e9 par des professionnels<\/li>\n<li>Garantie : 90 jours<\/li>\n<li>Service : R\u00e9paration \/ \u00c9change \/ Vente pure et simple<\/li>\n<li>Temps de r\u00e9paration : 2-5 jours ouvrables<\/li>\n<\/ul>\n<p><strong>Notes<\/strong><\/p>\n<ul>\n<li>Veuillez confirmer le num\u00e9ro de pi\u00e8ce et le mod\u00e8le de syst\u00e8me avant de passer commande.<\/li>\n<li>Assurez-vous que le syst\u00e8me d'\u00e9chographie est hors tension avant l'installation.<\/li>\n<li>Le service d'\u00e9change n\u00e9cessite de renvoyer le moniteur d\u00e9fectueux<\/li>\n<\/ul>","protected":false},"excerpt":{"rendered":"<p>Moniteur Siemens X150 10349351 disponible pour le remplacement, la r\u00e9paration et la vente reconditionn\u00e9e avec une garantie de 90 jours pour la maintenance du syst\u00e8me d'\u00e9chographie.<\/p>","protected":false},"featured_media":4912,"parent":0,"template":"","meta":{"_acf_changed":false,"_kad_blocks_custom_css":"","_kad_blocks_head_custom_js":"","_kad_blocks_body_custom_js":"","_kad_blocks_footer_custom_js":"","_kadence_starter_templates_imported_post":false,"_kad_post_transparent":"default","_kad_post_title":"","_kad_post_layout":"default","_kad_post_sidebar_id":"","_kad_post_content_style":"default","_kad_post_vertical_padding":"default","_kad_post_feature":"","_kad_post_feature_position":"","_kad_post_header":false,"_kad_post_footer":false},"pcategory":[35],"ptag":[],"class_list":["post-4910","product","type-product","status-publish","has-post-thumbnail","hentry","pcategory-ultrasound-components"],"acf":[],"yoast_head":"<!-- This site is optimized with the Yoast SEO plugin v27.1.1 - https:\/\/yoast.com\/product\/yoast-seo-wordpress\/ -->\n<title>Siemens X150 Monitor 10349351 Ultrasound Display Repair Exchange<\/title>\n<meta name=\"robots\" content=\"index, follow, max-snippet:-1, max-image-preview:large, max-video-preview:-1\" \/>\n<link rel=\"canonical\" href=\"https:\/\/ultramachineparts.com\/fr\/product\/siemens-10349351-2\/\" \/>\n<meta property=\"og:locale\" content=\"fr_FR\" \/>\n<meta property=\"og:type\" content=\"article\" \/>\n<meta property=\"og:title\" content=\"Siemens X150 Monitor 10349351 Ultrasound Display Repair Exchange\" \/>\n<meta property=\"og:description\" content=\"Siemens X150 monitor 10349351 available for replacement, repair, and refurbished sale with 90-day warranty for ultrasound system maintenance.\" \/>\n<meta property=\"og:url\" content=\"https:\/\/ultramachineparts.com\/fr\/product\/siemens-10349351-2\/\" \/>\n<meta property=\"og:site_name\" content=\"ultramachine-part\" \/>\n<meta property=\"og:image\" content=\"https:\/\/ultramachineparts.com\/wp-content\/uploads\/2027\/03\/Siemens-10349351_1.jpg\" \/>\n\t<meta property=\"og:image:width\" content=\"800\" \/>\n\t<meta property=\"og:image:height\" content=\"800\" \/>\n\t<meta property=\"og:image:type\" content=\"image\/jpeg\" \/>\n<meta name=\"twitter:card\" content=\"summary_large_image\" \/>\n<meta name=\"twitter:label1\" content=\"Dur\u00e9e de lecture estim\u00e9e\" \/>\n\t<meta name=\"twitter:data1\" content=\"1 minute\" \/>\n<script type=\"application\/ld+json\" class=\"yoast-schema-graph\">{\"@context\":\"https:\/\/schema.org\",\"@graph\":[{\"@type\":\"WebPage\",\"@id\":\"https:\/\/ultramachineparts.com\/product\/siemens-10349351-2\/\",\"url\":\"https:\/\/ultramachineparts.com\/product\/siemens-10349351-2\/\",\"name\":\"Siemens X150 Monitor 10349351 Ultrasound Display Repair Exchange\",\"isPartOf\":{\"@id\":\"https:\/\/ultramachineparts.com\/#website\"},\"primaryImageOfPage\":{\"@id\":\"https:\/\/ultramachineparts.com\/product\/siemens-10349351-2\/#primaryimage\"},\"image\":{\"@id\":\"https:\/\/ultramachineparts.com\/product\/siemens-10349351-2\/#primaryimage\"},\"thumbnailUrl\":\"https:\/\/ultramachineparts.com\/wp-content\/uploads\/2027\/03\/Siemens-10349351_1.jpg\",\"datePublished\":\"2026-04-03T04:06:10+00:00\",\"breadcrumb\":{\"@id\":\"https:\/\/ultramachineparts.com\/product\/siemens-10349351-2\/#breadcrumb\"},\"inLanguage\":\"fr-FR\",\"potentialAction\":[{\"@type\":\"ReadAction\",\"target\":[\"https:\/\/ultramachineparts.com\/product\/siemens-10349351-2\/\"]}]},{\"@type\":\"ImageObject\",\"inLanguage\":\"fr-FR\",\"@id\":\"https:\/\/ultramachineparts.com\/product\/siemens-10349351-2\/#primaryimage\",\"url\":\"https:\/\/ultramachineparts.com\/wp-content\/uploads\/2027\/03\/Siemens-10349351_1.jpg\",\"contentUrl\":\"https:\/\/ultramachineparts.com\/wp-content\/uploads\/2027\/03\/Siemens-10349351_1.jpg\",\"width\":800,\"height\":800},{\"@type\":\"BreadcrumbList\",\"@id\":\"https:\/\/ultramachineparts.com\/product\/siemens-10349351-2\/#breadcrumb\",\"itemListElement\":[{\"@type\":\"ListItem\",\"position\":1,\"name\":\"Home\",\"item\":\"https:\/\/ultramachineparts.com\/\"},{\"@type\":\"ListItem\",\"position\":2,\"name\":\"Ultrasound Components\",\"item\":\"https:\/\/ultramachineparts.com\/pcategory\/ultrasound-components\/\"},{\"@type\":\"ListItem\",\"position\":3,\"name\":\"Siemens X150 Monitor 10349351 Ultrasound Display Repair Exchange\"}]},{\"@type\":\"WebSite\",\"@id\":\"https:\/\/ultramachineparts.com\/#website\",\"url\":\"https:\/\/ultramachineparts.com\/\",\"name\":\"ultramachine-part\",\"description\":\"\",\"publisher\":{\"@id\":\"https:\/\/ultramachineparts.com\/#organization\"},\"potentialAction\":[{\"@type\":\"SearchAction\",\"target\":{\"@type\":\"EntryPoint\",\"urlTemplate\":\"https:\/\/ultramachineparts.com\/?s={search_term_string}\"},\"query-input\":{\"@type\":\"PropertyValueSpecification\",\"valueRequired\":true,\"valueName\":\"search_term_string\"}}],\"inLanguage\":\"fr-FR\"},{\"@type\":\"Organization\",\"@id\":\"https:\/\/ultramachineparts.com\/#organization\",\"name\":\"ultramachine-part\",\"url\":\"https:\/\/ultramachineparts.com\/\",\"logo\":{\"@type\":\"ImageObject\",\"inLanguage\":\"fr-FR\",\"@id\":\"https:\/\/ultramachineparts.com\/#\/schema\/logo\/image\/\",\"url\":\"https:\/\/ultramachineparts.com\/wp-content\/uploads\/2026\/03\/logo-echoelite.png\",\"contentUrl\":\"https:\/\/ultramachineparts.com\/wp-content\/uploads\/2026\/03\/logo-echoelite.png\",\"width\":463,\"height\":120,\"caption\":\"ultramachine-part\"},\"image\":{\"@id\":\"https:\/\/ultramachineparts.com\/#\/schema\/logo\/image\/\"}}]}<\/script>\n<!-- \/ Yoast SEO plugin. -->","yoast_head_json":{"title":"Siemens X150 Monitor 10349351 Ultrasound Display Repair Exchange","robots":{"index":"index","follow":"follow","max-snippet":"max-snippet:-1","max-image-preview":"max-image-preview:large","max-video-preview":"max-video-preview:-1"},"canonical":"https:\/\/ultramachineparts.com\/fr\/product\/siemens-10349351-2\/","og_locale":"fr_FR","og_type":"article","og_title":"Siemens X150 Monitor 10349351 Ultrasound Display Repair Exchange","og_description":"Siemens X150 monitor 10349351 available for replacement, repair, and refurbished sale with 90-day warranty for ultrasound system maintenance.","og_url":"https:\/\/ultramachineparts.com\/fr\/product\/siemens-10349351-2\/","og_site_name":"ultramachine-part","og_image":[{"width":800,"height":800,"url":"https:\/\/ultramachineparts.com\/wp-content\/uploads\/2027\/03\/Siemens-10349351_1.jpg","type":"image\/jpeg"}],"twitter_card":"summary_large_image","twitter_misc":{"Dur\u00e9e de lecture estim\u00e9e":"1 minute"},"schema":{"@context":"https:\/\/schema.org","@graph":[{"@type":"WebPage","@id":"https:\/\/ultramachineparts.com\/product\/siemens-10349351-2\/","url":"https:\/\/ultramachineparts.com\/product\/siemens-10349351-2\/","name":"Siemens X150 Monitor 10349351 Ultrasound Display Repair Exchange","isPartOf":{"@id":"https:\/\/ultramachineparts.com\/#website"},"primaryImageOfPage":{"@id":"https:\/\/ultramachineparts.com\/product\/siemens-10349351-2\/#primaryimage"},"image":{"@id":"https:\/\/ultramachineparts.com\/product\/siemens-10349351-2\/#primaryimage"},"thumbnailUrl":"https:\/\/ultramachineparts.com\/wp-content\/uploads\/2027\/03\/Siemens-10349351_1.jpg","datePublished":"2026-04-03T04:06:10+00:00","breadcrumb":{"@id":"https:\/\/ultramachineparts.com\/product\/siemens-10349351-2\/#breadcrumb"},"inLanguage":"fr-FR","potentialAction":[{"@type":"ReadAction","target":["https:\/\/ultramachineparts.com\/product\/siemens-10349351-2\/"]}]},{"@type":"ImageObject","inLanguage":"fr-FR","@id":"https:\/\/ultramachineparts.com\/product\/siemens-10349351-2\/#primaryimage","url":"https:\/\/ultramachineparts.com\/wp-content\/uploads\/2027\/03\/Siemens-10349351_1.jpg","contentUrl":"https:\/\/ultramachineparts.com\/wp-content\/uploads\/2027\/03\/Siemens-10349351_1.jpg","width":800,"height":800},{"@type":"BreadcrumbList","@id":"https:\/\/ultramachineparts.com\/product\/siemens-10349351-2\/#breadcrumb","itemListElement":[{"@type":"ListItem","position":1,"name":"Home","item":"https:\/\/ultramachineparts.com\/"},{"@type":"ListItem","position":2,"name":"Ultrasound Components","item":"https:\/\/ultramachineparts.com\/pcategory\/ultrasound-components\/"},{"@type":"ListItem","position":3,"name":"Siemens X150 Monitor 10349351 Ultrasound Display Repair Exchange"}]},{"@type":"WebSite","@id":"https:\/\/ultramachineparts.com\/#website","url":"https:\/\/ultramachineparts.com\/","name":"partie ultramachine","description":"","publisher":{"@id":"https:\/\/ultramachineparts.com\/#organization"},"potentialAction":[{"@type":"SearchAction","target":{"@type":"EntryPoint","urlTemplate":"https:\/\/ultramachineparts.com\/?s={search_term_string}"},"query-input":{"@type":"PropertyValueSpecification","valueRequired":true,"valueName":"search_term_string"}}],"inLanguage":"fr-FR"},{"@type":"Organization","@id":"https:\/\/ultramachineparts.com\/#organization","name":"partie ultramachine","url":"https:\/\/ultramachineparts.com\/","logo":{"@type":"ImageObject","inLanguage":"fr-FR","@id":"https:\/\/ultramachineparts.com\/#\/schema\/logo\/image\/","url":"https:\/\/ultramachineparts.com\/wp-content\/uploads\/2026\/03\/logo-echoelite.png","contentUrl":"https:\/\/ultramachineparts.com\/wp-content\/uploads\/2026\/03\/logo-echoelite.png","width":463,"height":120,"caption":"ultramachine-part"},"image":{"@id":"https:\/\/ultramachineparts.com\/#\/schema\/logo\/image\/"}}]}},"taxonomy_info":{"pcategory":[{"value":35,"label":"Ultrasound Components"}]},"featured_image_src_large":["https:\/\/ultramachineparts.com\/wp-content\/uploads\/2027\/03\/Siemens-10349351_1.jpg",800,800,false],"author_info":[],"comment_info":"","_links":{"self":[{"href":"https:\/\/ultramachineparts.com\/fr\/wp-json\/wp\/v2\/product\/4910","targetHints":{"allow":["GET"]}}],"collection":[{"href":"https:\/\/ultramachineparts.com\/fr\/wp-json\/wp\/v2\/product"}],"about":[{"href":"https:\/\/ultramachineparts.com\/fr\/wp-json\/wp\/v2\/types\/product"}],"wp:featuredmedia":[{"embeddable":true,"href":"https:\/\/ultramachineparts.com\/fr\/wp-json\/wp\/v2\/media\/4912"}],"wp:attachment":[{"href":"https:\/\/ultramachineparts.com\/fr\/wp-json\/wp\/v2\/media?parent=4910"}],"wp:term":[{"taxonomy":"pcategory","embeddable":true,"href":"https:\/\/ultramachineparts.com\/fr\/wp-json\/wp\/v2\/pcategory?post=4910"},{"taxonomy":"ptag","embeddable":true,"href":"https:\/\/ultramachineparts.com\/fr\/wp-json\/wp\/v2\/ptag?post=4910"}],"curies":[{"name":"wp","href":"https:\/\/api.w.org\/{rel}","templated":true}]}}