{"id":4940,"date":"2026-04-04T14:35:13","date_gmt":"2026-04-04T14:35:13","guid":{"rendered":"https:\/\/ultramachineparts.com\/?post_type=product&#038;p=4940"},"modified":"2026-04-01T02:18:25","modified_gmt":"2026-04-01T02:18:25","slug":"hitachi-7513629a1-2","status":"publish","type":"product","link":"https:\/\/ultramachineparts.com\/fr\/product\/hitachi-7513629a1-2\/","title":{"rendered":"Hitachi Preirus TX1 Board 7513629A remis \u00e0 neuf R\u00e9paration et remplacement"},"content":{"rendered":"<p>Les services de r\u00e9paration, d'\u00e9change et de vente de cartes 7513629A TX1 sont pris en charge pour le syst\u00e8me d'\u00e9chographie Hitachi HI VISION Preirus. Toutes les cartes sont enti\u00e8rement test\u00e9es pour garantir des performances de transmission stables et un fonctionnement fiable du syst\u00e8me.<\/p>\n<p><strong>Informations sur le produit<\/strong><\/p>\n<ul>\n<li>Nom de la pi\u00e8ce : Carte TX1<\/li>\n<li>Num\u00e9ro de pi\u00e8ce : 7513629A<\/li>\n<li>Syst\u00e8me compatible : Syst\u00e8me d'\u00e9chographie Hitachi HI VISION Preirus<\/li>\n<li>Condition : Original utilis\u00e9 \/ Remis \u00e0 neuf et test\u00e9 par des professionnels<\/li>\n<li>Garantie : 90 jours<\/li>\n<li>Service : R\u00e9paration \/ \u00c9change \/ Vente pure et simple<\/li>\n<li>Temps de r\u00e9paration : 2-5 jours ouvrables<\/li>\n<\/ul>\n<p><strong>Notes<\/strong><\/p>\n<ul>\n<li>Veuillez confirmer le num\u00e9ro de pi\u00e8ce et le mod\u00e8le de syst\u00e8me avant de passer commande.<\/li>\n<li>Assurez-vous que le syst\u00e8me d'\u00e9chographie est hors tension avant l'installation.<\/li>\n<li>Le service d'\u00e9change n\u00e9cessite le renvoi de la carte d\u00e9fectueuse<\/li>\n<\/ul>","protected":false},"excerpt":{"rendered":"<p>Hitachi HI VISION Preirus TX1 board 7513629A disponible pour le remplacement, la r\u00e9paration et la vente reconditionn\u00e9e avec une garantie de 90 jours pour le support du syst\u00e8me d'\u00e9chographie.<\/p>","protected":false},"featured_media":8065,"parent":0,"template":"","meta":{"_acf_changed":false,"_kad_blocks_custom_css":"","_kad_blocks_head_custom_js":"","_kad_blocks_body_custom_js":"","_kad_blocks_footer_custom_js":"","_kadence_starter_templates_imported_post":false,"_kad_post_transparent":"default","_kad_post_title":"","_kad_post_layout":"default","_kad_post_sidebar_id":"","_kad_post_content_style":"default","_kad_post_vertical_padding":"default","_kad_post_feature":"","_kad_post_feature_position":"","_kad_post_header":false,"_kad_post_footer":false},"pcategory":[5],"ptag":[],"class_list":["post-4940","product","type-product","status-publish","has-post-thumbnail","hentry","pcategory-ultrasound-boards-repair"],"acf":[],"yoast_head":"<!-- This site is optimized with the Yoast SEO plugin v27.1.1 - https:\/\/yoast.com\/product\/yoast-seo-wordpress\/ -->\n<title>Refurbished Hitachi Preirus TX1 Board 7513629A Repair and Replacement<\/title>\n<meta name=\"robots\" content=\"index, follow, max-snippet:-1, max-image-preview:large, max-video-preview:-1\" \/>\n<link rel=\"canonical\" href=\"https:\/\/ultramachineparts.com\/fr\/product\/hitachi-7513629a1-2\/\" \/>\n<meta property=\"og:locale\" content=\"fr_FR\" \/>\n<meta property=\"og:type\" content=\"article\" \/>\n<meta property=\"og:title\" content=\"Refurbished Hitachi Preirus TX1 Board 7513629A Repair and Replacement\" \/>\n<meta property=\"og:description\" content=\"Hitachi HI VISION Preirus TX1 board 7513629A available for replacement, repair, and refurbished sale with 90\u2011day warranty for ultrasound system support.\" \/>\n<meta property=\"og:url\" content=\"https:\/\/ultramachineparts.com\/fr\/product\/hitachi-7513629a1-2\/\" \/>\n<meta property=\"og:site_name\" content=\"ultramachine-part\" \/>\n<meta property=\"og:image\" content=\"https:\/\/ultramachineparts.com\/wp-content\/uploads\/2027\/03\/7513629A-2.jpg\" \/>\n\t<meta property=\"og:image:width\" content=\"470\" \/>\n\t<meta property=\"og:image:height\" content=\"351\" \/>\n\t<meta property=\"og:image:type\" content=\"image\/jpeg\" \/>\n<meta name=\"twitter:card\" content=\"summary_large_image\" \/>\n<meta name=\"twitter:label1\" content=\"Dur\u00e9e de lecture estim\u00e9e\" \/>\n\t<meta name=\"twitter:data1\" content=\"1 minute\" \/>\n<script type=\"application\/ld+json\" class=\"yoast-schema-graph\">{\"@context\":\"https:\/\/schema.org\",\"@graph\":[{\"@type\":\"WebPage\",\"@id\":\"https:\/\/ultramachineparts.com\/product\/hitachi-7513629a1-2\/\",\"url\":\"https:\/\/ultramachineparts.com\/product\/hitachi-7513629a1-2\/\",\"name\":\"Refurbished Hitachi Preirus TX1 Board 7513629A Repair and Replacement\",\"isPartOf\":{\"@id\":\"https:\/\/ultramachineparts.com\/#website\"},\"primaryImageOfPage\":{\"@id\":\"https:\/\/ultramachineparts.com\/product\/hitachi-7513629a1-2\/#primaryimage\"},\"image\":{\"@id\":\"https:\/\/ultramachineparts.com\/product\/hitachi-7513629a1-2\/#primaryimage\"},\"thumbnailUrl\":\"https:\/\/ultramachineparts.com\/wp-content\/uploads\/2027\/03\/7513629A-2.jpg\",\"datePublished\":\"2026-04-04T14:35:13+00:00\",\"breadcrumb\":{\"@id\":\"https:\/\/ultramachineparts.com\/product\/hitachi-7513629a1-2\/#breadcrumb\"},\"inLanguage\":\"fr-FR\",\"potentialAction\":[{\"@type\":\"ReadAction\",\"target\":[\"https:\/\/ultramachineparts.com\/product\/hitachi-7513629a1-2\/\"]}]},{\"@type\":\"ImageObject\",\"inLanguage\":\"fr-FR\",\"@id\":\"https:\/\/ultramachineparts.com\/product\/hitachi-7513629a1-2\/#primaryimage\",\"url\":\"https:\/\/ultramachineparts.com\/wp-content\/uploads\/2027\/03\/7513629A-2.jpg\",\"contentUrl\":\"https:\/\/ultramachineparts.com\/wp-content\/uploads\/2027\/03\/7513629A-2.jpg\",\"width\":470,\"height\":351},{\"@type\":\"BreadcrumbList\",\"@id\":\"https:\/\/ultramachineparts.com\/product\/hitachi-7513629a1-2\/#breadcrumb\",\"itemListElement\":[{\"@type\":\"ListItem\",\"position\":1,\"name\":\"Home\",\"item\":\"https:\/\/ultramachineparts.com\/\"},{\"@type\":\"ListItem\",\"position\":2,\"name\":\"Ultrasound Boards Repair\",\"item\":\"https:\/\/ultramachineparts.com\/pcategory\/ultrasound-boards-repair\/\"},{\"@type\":\"ListItem\",\"position\":3,\"name\":\"Refurbished Hitachi Preirus TX1 Board 7513629A Repair and Replacement\"}]},{\"@type\":\"WebSite\",\"@id\":\"https:\/\/ultramachineparts.com\/#website\",\"url\":\"https:\/\/ultramachineparts.com\/\",\"name\":\"ultramachine-part\",\"description\":\"\",\"publisher\":{\"@id\":\"https:\/\/ultramachineparts.com\/#organization\"},\"potentialAction\":[{\"@type\":\"SearchAction\",\"target\":{\"@type\":\"EntryPoint\",\"urlTemplate\":\"https:\/\/ultramachineparts.com\/?s={search_term_string}\"},\"query-input\":{\"@type\":\"PropertyValueSpecification\",\"valueRequired\":true,\"valueName\":\"search_term_string\"}}],\"inLanguage\":\"fr-FR\"},{\"@type\":\"Organization\",\"@id\":\"https:\/\/ultramachineparts.com\/#organization\",\"name\":\"ultramachine-part\",\"url\":\"https:\/\/ultramachineparts.com\/\",\"logo\":{\"@type\":\"ImageObject\",\"inLanguage\":\"fr-FR\",\"@id\":\"https:\/\/ultramachineparts.com\/#\/schema\/logo\/image\/\",\"url\":\"https:\/\/ultramachineparts.com\/wp-content\/uploads\/2026\/03\/logo-echoelite.png\",\"contentUrl\":\"https:\/\/ultramachineparts.com\/wp-content\/uploads\/2026\/03\/logo-echoelite.png\",\"width\":463,\"height\":120,\"caption\":\"ultramachine-part\"},\"image\":{\"@id\":\"https:\/\/ultramachineparts.com\/#\/schema\/logo\/image\/\"}}]}<\/script>\n<!-- \/ Yoast SEO plugin. -->","yoast_head_json":{"title":"Hitachi Preirus TX1 Board 7513629A remis \u00e0 neuf R\u00e9paration et remplacement","robots":{"index":"index","follow":"follow","max-snippet":"max-snippet:-1","max-image-preview":"max-image-preview:large","max-video-preview":"max-video-preview:-1"},"canonical":"https:\/\/ultramachineparts.com\/fr\/product\/hitachi-7513629a1-2\/","og_locale":"fr_FR","og_type":"article","og_title":"Refurbished Hitachi Preirus TX1 Board 7513629A Repair and Replacement","og_description":"Hitachi HI VISION Preirus TX1 board 7513629A available for replacement, repair, and refurbished sale with 90\u2011day warranty for ultrasound system support.","og_url":"https:\/\/ultramachineparts.com\/fr\/product\/hitachi-7513629a1-2\/","og_site_name":"ultramachine-part","og_image":[{"width":470,"height":351,"url":"https:\/\/ultramachineparts.com\/wp-content\/uploads\/2027\/03\/7513629A-2.jpg","type":"image\/jpeg"}],"twitter_card":"summary_large_image","twitter_misc":{"Dur\u00e9e de lecture estim\u00e9e":"1 minute"},"schema":{"@context":"https:\/\/schema.org","@graph":[{"@type":"WebPage","@id":"https:\/\/ultramachineparts.com\/product\/hitachi-7513629a1-2\/","url":"https:\/\/ultramachineparts.com\/product\/hitachi-7513629a1-2\/","name":"Hitachi Preirus TX1 Board 7513629A remis \u00e0 neuf R\u00e9paration et remplacement","isPartOf":{"@id":"https:\/\/ultramachineparts.com\/#website"},"primaryImageOfPage":{"@id":"https:\/\/ultramachineparts.com\/product\/hitachi-7513629a1-2\/#primaryimage"},"image":{"@id":"https:\/\/ultramachineparts.com\/product\/hitachi-7513629a1-2\/#primaryimage"},"thumbnailUrl":"https:\/\/ultramachineparts.com\/wp-content\/uploads\/2027\/03\/7513629A-2.jpg","datePublished":"2026-04-04T14:35:13+00:00","breadcrumb":{"@id":"https:\/\/ultramachineparts.com\/product\/hitachi-7513629a1-2\/#breadcrumb"},"inLanguage":"fr-FR","potentialAction":[{"@type":"ReadAction","target":["https:\/\/ultramachineparts.com\/product\/hitachi-7513629a1-2\/"]}]},{"@type":"ImageObject","inLanguage":"fr-FR","@id":"https:\/\/ultramachineparts.com\/product\/hitachi-7513629a1-2\/#primaryimage","url":"https:\/\/ultramachineparts.com\/wp-content\/uploads\/2027\/03\/7513629A-2.jpg","contentUrl":"https:\/\/ultramachineparts.com\/wp-content\/uploads\/2027\/03\/7513629A-2.jpg","width":470,"height":351},{"@type":"BreadcrumbList","@id":"https:\/\/ultramachineparts.com\/product\/hitachi-7513629a1-2\/#breadcrumb","itemListElement":[{"@type":"ListItem","position":1,"name":"Home","item":"https:\/\/ultramachineparts.com\/"},{"@type":"ListItem","position":2,"name":"Ultrasound Boards Repair","item":"https:\/\/ultramachineparts.com\/pcategory\/ultrasound-boards-repair\/"},{"@type":"ListItem","position":3,"name":"Refurbished Hitachi Preirus TX1 Board 7513629A Repair and Replacement"}]},{"@type":"WebSite","@id":"https:\/\/ultramachineparts.com\/#website","url":"https:\/\/ultramachineparts.com\/","name":"partie ultramachine","description":"","publisher":{"@id":"https:\/\/ultramachineparts.com\/#organization"},"potentialAction":[{"@type":"SearchAction","target":{"@type":"EntryPoint","urlTemplate":"https:\/\/ultramachineparts.com\/?s={search_term_string}"},"query-input":{"@type":"PropertyValueSpecification","valueRequired":true,"valueName":"search_term_string"}}],"inLanguage":"fr-FR"},{"@type":"Organization","@id":"https:\/\/ultramachineparts.com\/#organization","name":"partie ultramachine","url":"https:\/\/ultramachineparts.com\/","logo":{"@type":"ImageObject","inLanguage":"fr-FR","@id":"https:\/\/ultramachineparts.com\/#\/schema\/logo\/image\/","url":"https:\/\/ultramachineparts.com\/wp-content\/uploads\/2026\/03\/logo-echoelite.png","contentUrl":"https:\/\/ultramachineparts.com\/wp-content\/uploads\/2026\/03\/logo-echoelite.png","width":463,"height":120,"caption":"ultramachine-part"},"image":{"@id":"https:\/\/ultramachineparts.com\/#\/schema\/logo\/image\/"}}]}},"taxonomy_info":{"pcategory":[{"value":5,"label":"Ultrasound Boards Repair"}]},"featured_image_src_large":["https:\/\/ultramachineparts.com\/wp-content\/uploads\/2027\/03\/7513629A-2.jpg",470,351,false],"author_info":[],"comment_info":"","_links":{"self":[{"href":"https:\/\/ultramachineparts.com\/fr\/wp-json\/wp\/v2\/product\/4940","targetHints":{"allow":["GET"]}}],"collection":[{"href":"https:\/\/ultramachineparts.com\/fr\/wp-json\/wp\/v2\/product"}],"about":[{"href":"https:\/\/ultramachineparts.com\/fr\/wp-json\/wp\/v2\/types\/product"}],"wp:featuredmedia":[{"embeddable":true,"href":"https:\/\/ultramachineparts.com\/fr\/wp-json\/wp\/v2\/media\/8065"}],"wp:attachment":[{"href":"https:\/\/ultramachineparts.com\/fr\/wp-json\/wp\/v2\/media?parent=4940"}],"wp:term":[{"taxonomy":"pcategory","embeddable":true,"href":"https:\/\/ultramachineparts.com\/fr\/wp-json\/wp\/v2\/pcategory?post=4940"},{"taxonomy":"ptag","embeddable":true,"href":"https:\/\/ultramachineparts.com\/fr\/wp-json\/wp\/v2\/ptag?post=4940"}],"curies":[{"name":"wp","href":"https:\/\/api.w.org\/{rel}","templated":true}]}}