{"id":5068,"date":"2026-04-10T19:39:45","date_gmt":"2026-04-10T19:39:45","guid":{"rendered":"https:\/\/ultramachineparts.com\/?post_type=product&#038;p=5068"},"modified":"2026-04-08T05:33:26","modified_gmt":"2026-04-08T05:33:26","slug":"ge-ktz303054-kti303054-2","status":"publish","type":"product","link":"https:\/\/ultramachineparts.com\/fr\/product\/ge-ktz303054-kti303054-2\/","title":{"rendered":"KTZ303054 \/ KTI303054 GE Voluson E6\/E8\/E10 RSX Ultrasound Part"},"content":{"rendered":"<p><strong>Num\u00e9ro de pi\u00e8ce :<\/strong> KTZ303054 \/ KTI303054<\/p>\n<p><strong>Syst\u00e8me compatible :<\/strong> GE Voluson E6 \/ E8 \/ E10 Syst\u00e8me d'\u00e9chographie<\/p>\n<p><strong>\u00c9tat :<\/strong> Original utilis\u00e9 \/ Remis \u00e0 neuf et test\u00e9 par des professionnels<\/p>\n<p><strong>Garantie :<\/strong> 60 jours<\/p>\n<p><strong>Service :<\/strong> R\u00e9paration \/ \u00c9change \/ Vente pure et simple<\/p>\n<p><strong>Temps de r\u00e9paration :<\/strong> 2-4 jours ouvrables<\/p>\n<p><strong>Notes :<\/strong><\/p>\n<ul>\n<li>Veuillez confirmer le num\u00e9ro de pi\u00e8ce et le mod\u00e8le de syst\u00e8me avant de passer commande.<\/li>\n<li>Assurez-vous que le syst\u00e8me d'\u00e9chographie est hors tension avant l'installation.<\/li>\n<li>Le service d'\u00e9change n\u00e9cessite le renvoi de la carte d\u00e9fectueuse<\/li>\n<\/ul>","protected":false},"excerpt":{"rendered":"<p>Num\u00e9ro de pi\u00e8ce : KTZ303054 \/ KTI303054 Syst\u00e8me compatible : GE Voluson E6 \/ E8 \/ E10 Syst\u00e8me d'\u00e9chographie Condition : Original utilis\u00e9 \/ Professionnellement remis \u00e0 neuf et test\u00e9 Garantie : 60 jours Service : R\u00e9paration \/ \u00c9change \/ Vente directe D\u00e9lai de r\u00e9paration : 2-4 jours ouvrables Notes : Veuillez confirmer le num\u00e9ro de pi\u00e8ce et le mod\u00e8le du syst\u00e8me avant de commander Assurez-vous que le syst\u00e8me d'\u00e9chographie est...<\/p>","protected":false},"featured_media":0,"parent":0,"template":"","meta":{"_acf_changed":false,"_kad_blocks_custom_css":"","_kad_blocks_head_custom_js":"","_kad_blocks_body_custom_js":"","_kad_blocks_footer_custom_js":"","_kadence_starter_templates_imported_post":false,"_kad_post_transparent":"default","_kad_post_title":"","_kad_post_layout":"default","_kad_post_sidebar_id":"","_kad_post_content_style":"default","_kad_post_vertical_padding":"default","_kad_post_feature":"","_kad_post_feature_position":"","_kad_post_header":false,"_kad_post_footer":false},"pcategory":[5],"ptag":[],"class_list":["post-5068","product","type-product","status-publish","hentry","pcategory-ultrasound-boards-repair"],"acf":[],"yoast_head":"<!-- This site is optimized with the Yoast SEO plugin v27.1.1 - https:\/\/yoast.com\/product\/yoast-seo-wordpress\/ -->\n<title>KTZ303054 \/ KTI303054 GE Voluson E6\/E8\/E10 RSX Ultrasound Part<\/title>\n<meta name=\"description\" content=\"https:\/\/www.rongtaomedical.com\/repair-ge-voluson-e6-e8-e10-rsx-p-n-ktz303054-kti303054-p00694p1.html\" \/>\n<meta name=\"robots\" content=\"index, follow, max-snippet:-1, max-image-preview:large, max-video-preview:-1\" \/>\n<link rel=\"canonical\" href=\"https:\/\/ultramachineparts.com\/fr\/product\/ge-ktz303054-kti303054-2\/\" \/>\n<meta property=\"og:locale\" content=\"fr_FR\" \/>\n<meta property=\"og:type\" content=\"article\" \/>\n<meta property=\"og:title\" content=\"KTZ303054 \/ KTI303054 GE Voluson E6\/E8\/E10 RSX Ultrasound Part\" \/>\n<meta property=\"og:description\" content=\"https:\/\/www.rongtaomedical.com\/repair-ge-voluson-e6-e8-e10-rsx-p-n-ktz303054-kti303054-p00694p1.html\" \/>\n<meta property=\"og:url\" content=\"https:\/\/ultramachineparts.com\/fr\/product\/ge-ktz303054-kti303054-2\/\" \/>\n<meta property=\"og:site_name\" content=\"ultramachine-part\" \/>\n<meta name=\"twitter:card\" content=\"summary_large_image\" \/>\n<meta name=\"twitter:label1\" content=\"Dur\u00e9e de lecture estim\u00e9e\" \/>\n\t<meta name=\"twitter:data1\" content=\"1 minute\" \/>\n<script type=\"application\/ld+json\" class=\"yoast-schema-graph\">{\"@context\":\"https:\/\/schema.org\",\"@graph\":[{\"@type\":\"WebPage\",\"@id\":\"https:\/\/ultramachineparts.com\/product\/ge-ktz303054-kti303054-2\/\",\"url\":\"https:\/\/ultramachineparts.com\/product\/ge-ktz303054-kti303054-2\/\",\"name\":\"KTZ303054 \/ KTI303054 GE Voluson E6\/E8\/E10 RSX Ultrasound Part\",\"isPartOf\":{\"@id\":\"https:\/\/ultramachineparts.com\/#website\"},\"datePublished\":\"2026-04-10T19:39:45+00:00\",\"description\":\"https:\/\/www.rongtaomedical.com\/repair-ge-voluson-e6-e8-e10-rsx-p-n-ktz303054-kti303054-p00694p1.html\",\"breadcrumb\":{\"@id\":\"https:\/\/ultramachineparts.com\/product\/ge-ktz303054-kti303054-2\/#breadcrumb\"},\"inLanguage\":\"fr-FR\",\"potentialAction\":[{\"@type\":\"ReadAction\",\"target\":[\"https:\/\/ultramachineparts.com\/product\/ge-ktz303054-kti303054-2\/\"]}]},{\"@type\":\"BreadcrumbList\",\"@id\":\"https:\/\/ultramachineparts.com\/product\/ge-ktz303054-kti303054-2\/#breadcrumb\",\"itemListElement\":[{\"@type\":\"ListItem\",\"position\":1,\"name\":\"Home\",\"item\":\"https:\/\/ultramachineparts.com\/\"},{\"@type\":\"ListItem\",\"position\":2,\"name\":\"Ultrasound Boards Repair\",\"item\":\"https:\/\/ultramachineparts.com\/pcategory\/ultrasound-boards-repair\/\"},{\"@type\":\"ListItem\",\"position\":3,\"name\":\"KTZ303054 \/ KTI303054 GE Voluson E6\/E8\/E10 RSX Ultrasound Part\"}]},{\"@type\":\"WebSite\",\"@id\":\"https:\/\/ultramachineparts.com\/#website\",\"url\":\"https:\/\/ultramachineparts.com\/\",\"name\":\"ultramachine-part\",\"description\":\"\",\"publisher\":{\"@id\":\"https:\/\/ultramachineparts.com\/#organization\"},\"potentialAction\":[{\"@type\":\"SearchAction\",\"target\":{\"@type\":\"EntryPoint\",\"urlTemplate\":\"https:\/\/ultramachineparts.com\/?s={search_term_string}\"},\"query-input\":{\"@type\":\"PropertyValueSpecification\",\"valueRequired\":true,\"valueName\":\"search_term_string\"}}],\"inLanguage\":\"fr-FR\"},{\"@type\":\"Organization\",\"@id\":\"https:\/\/ultramachineparts.com\/#organization\",\"name\":\"ultramachine-part\",\"url\":\"https:\/\/ultramachineparts.com\/\",\"logo\":{\"@type\":\"ImageObject\",\"inLanguage\":\"fr-FR\",\"@id\":\"https:\/\/ultramachineparts.com\/#\/schema\/logo\/image\/\",\"url\":\"https:\/\/ultramachineparts.com\/wp-content\/uploads\/2026\/03\/logo-echoelite.png\",\"contentUrl\":\"https:\/\/ultramachineparts.com\/wp-content\/uploads\/2026\/03\/logo-echoelite.png\",\"width\":463,\"height\":120,\"caption\":\"ultramachine-part\"},\"image\":{\"@id\":\"https:\/\/ultramachineparts.com\/#\/schema\/logo\/image\/\"}}]}<\/script>\n<!-- \/ Yoast SEO plugin. -->","yoast_head_json":{"title":"KTZ303054 \/ KTI303054 GE Voluson E6\/E8\/E10 RSX Ultrasound Part","description":"https:\/\/www.rongtaomedical.com\/repair-ge-voluson-e6-e8-e10-rsx-p-n-ktz303054-kti303054-p00694p1.html","robots":{"index":"index","follow":"follow","max-snippet":"max-snippet:-1","max-image-preview":"max-image-preview:large","max-video-preview":"max-video-preview:-1"},"canonical":"https:\/\/ultramachineparts.com\/fr\/product\/ge-ktz303054-kti303054-2\/","og_locale":"fr_FR","og_type":"article","og_title":"KTZ303054 \/ KTI303054 GE Voluson E6\/E8\/E10 RSX Ultrasound Part","og_description":"https:\/\/www.rongtaomedical.com\/repair-ge-voluson-e6-e8-e10-rsx-p-n-ktz303054-kti303054-p00694p1.html","og_url":"https:\/\/ultramachineparts.com\/fr\/product\/ge-ktz303054-kti303054-2\/","og_site_name":"ultramachine-part","twitter_card":"summary_large_image","twitter_misc":{"Dur\u00e9e de lecture estim\u00e9e":"1 minute"},"schema":{"@context":"https:\/\/schema.org","@graph":[{"@type":"WebPage","@id":"https:\/\/ultramachineparts.com\/product\/ge-ktz303054-kti303054-2\/","url":"https:\/\/ultramachineparts.com\/product\/ge-ktz303054-kti303054-2\/","name":"KTZ303054 \/ KTI303054 GE Voluson E6\/E8\/E10 RSX Ultrasound Part","isPartOf":{"@id":"https:\/\/ultramachineparts.com\/#website"},"datePublished":"2026-04-10T19:39:45+00:00","description":"https:\/\/www.rongtaomedical.com\/repair-ge-voluson-e6-e8-e10-rsx-p-n-ktz303054-kti303054-p00694p1.html","breadcrumb":{"@id":"https:\/\/ultramachineparts.com\/product\/ge-ktz303054-kti303054-2\/#breadcrumb"},"inLanguage":"fr-FR","potentialAction":[{"@type":"ReadAction","target":["https:\/\/ultramachineparts.com\/product\/ge-ktz303054-kti303054-2\/"]}]},{"@type":"BreadcrumbList","@id":"https:\/\/ultramachineparts.com\/product\/ge-ktz303054-kti303054-2\/#breadcrumb","itemListElement":[{"@type":"ListItem","position":1,"name":"Home","item":"https:\/\/ultramachineparts.com\/"},{"@type":"ListItem","position":2,"name":"Ultrasound Boards Repair","item":"https:\/\/ultramachineparts.com\/pcategory\/ultrasound-boards-repair\/"},{"@type":"ListItem","position":3,"name":"KTZ303054 \/ KTI303054 GE Voluson E6\/E8\/E10 RSX Ultrasound Part"}]},{"@type":"WebSite","@id":"https:\/\/ultramachineparts.com\/#website","url":"https:\/\/ultramachineparts.com\/","name":"partie ultramachine","description":"","publisher":{"@id":"https:\/\/ultramachineparts.com\/#organization"},"potentialAction":[{"@type":"SearchAction","target":{"@type":"EntryPoint","urlTemplate":"https:\/\/ultramachineparts.com\/?s={search_term_string}"},"query-input":{"@type":"PropertyValueSpecification","valueRequired":true,"valueName":"search_term_string"}}],"inLanguage":"fr-FR"},{"@type":"Organization","@id":"https:\/\/ultramachineparts.com\/#organization","name":"partie ultramachine","url":"https:\/\/ultramachineparts.com\/","logo":{"@type":"ImageObject","inLanguage":"fr-FR","@id":"https:\/\/ultramachineparts.com\/#\/schema\/logo\/image\/","url":"https:\/\/ultramachineparts.com\/wp-content\/uploads\/2026\/03\/logo-echoelite.png","contentUrl":"https:\/\/ultramachineparts.com\/wp-content\/uploads\/2026\/03\/logo-echoelite.png","width":463,"height":120,"caption":"ultramachine-part"},"image":{"@id":"https:\/\/ultramachineparts.com\/#\/schema\/logo\/image\/"}}]}},"taxonomy_info":{"pcategory":[{"value":5,"label":"Ultrasound Boards Repair"}]},"featured_image_src_large":false,"author_info":[],"comment_info":"","_links":{"self":[{"href":"https:\/\/ultramachineparts.com\/fr\/wp-json\/wp\/v2\/product\/5068","targetHints":{"allow":["GET"]}}],"collection":[{"href":"https:\/\/ultramachineparts.com\/fr\/wp-json\/wp\/v2\/product"}],"about":[{"href":"https:\/\/ultramachineparts.com\/fr\/wp-json\/wp\/v2\/types\/product"}],"wp:attachment":[{"href":"https:\/\/ultramachineparts.com\/fr\/wp-json\/wp\/v2\/media?parent=5068"}],"wp:term":[{"taxonomy":"pcategory","embeddable":true,"href":"https:\/\/ultramachineparts.com\/fr\/wp-json\/wp\/v2\/pcategory?post=5068"},{"taxonomy":"ptag","embeddable":true,"href":"https:\/\/ultramachineparts.com\/fr\/wp-json\/wp\/v2\/ptag?post=5068"}],"curies":[{"name":"wp","href":"https:\/\/api.w.org\/{rel}","templated":true}]}}