{"id":5097,"date":"2026-04-12T07:16:06","date_gmt":"2026-04-12T07:16:06","guid":{"rendered":"https:\/\/ultramachineparts.com\/?post_type=product&#038;p=5097"},"modified":"2026-04-08T13:04:57","modified_gmt":"2026-04-08T13:04:57","slug":"ge-5393908-2","status":"publish","type":"product","link":"https:\/\/ultramachineparts.com\/fr\/product\/ge-5393908-2\/","title":{"rendered":"GE Logiq E9 MRX Board 5393908 R\u00e9paration et remise \u00e0 neuf Ventes"},"content":{"rendered":"<p><strong>P\/N 5393908 R\u00e9paration de la carte MRX du GE Logiq E9<\/strong><\/p>\n<p><strong>Num\u00e9ro de pi\u00e8ce :<\/strong> 5393908<\/p>\n<p><strong>Syst\u00e8me compatible :<\/strong> Syst\u00e8me d'\u00e9chographie GE Logiq E9<\/p>\n<p><strong>\u00c9tat :<\/strong> Service de r\u00e9paration<\/p>\n<p><strong>Temps de r\u00e9paration :<\/strong> 2-4 jours<\/p>\n<p><strong>Garantie :<\/strong> 60 jours apr\u00e8s la fixation<\/p>\n<p><strong>Notes :<\/strong><\/p>\n<ul>\n<li>Veuillez confirmer le num\u00e9ro de pi\u00e8ce et le mod\u00e8le de syst\u00e8me avant de passer commande.<\/li>\n<li>Assurez-vous que le syst\u00e8me d'\u00e9chographie est hors tension avant l'installation.<\/li>\n<li>Diff\u00e9rents d\u00e9fauts peuvent \u00e9galement \u00eatre corrig\u00e9s<\/li>\n<\/ul>","protected":false},"excerpt":{"rendered":"<p>Service fiable de r\u00e9paration, de remplacement et de vente reconditionn\u00e9e pour GE Logiq E9 MRX Board 5393908. R\u00e9solvez les probl\u00e8mes d'erreur syst\u00e8me, d'absence d'image et de traitement du signal avec des solutions enti\u00e8rement test\u00e9es et une garantie de 90 jours.<\/p>","protected":false},"featured_media":5098,"parent":0,"template":"","meta":{"_acf_changed":false,"_kad_blocks_custom_css":"","_kad_blocks_head_custom_js":"","_kad_blocks_body_custom_js":"","_kad_blocks_footer_custom_js":"","_kadence_starter_templates_imported_post":false,"_kad_post_transparent":"default","_kad_post_title":"","_kad_post_layout":"default","_kad_post_sidebar_id":"","_kad_post_content_style":"default","_kad_post_vertical_padding":"default","_kad_post_feature":"","_kad_post_feature_position":"","_kad_post_header":false,"_kad_post_footer":false},"pcategory":[5],"ptag":[],"class_list":["post-5097","product","type-product","status-publish","has-post-thumbnail","hentry","pcategory-ultrasound-boards-repair"],"acf":[],"yoast_head":"<!-- This site is optimized with the Yoast SEO plugin v27.1.1 - https:\/\/yoast.com\/product\/yoast-seo-wordpress\/ -->\n<title>GE Logiq E9 MRX Board 5393908 Repair &amp; Refurbished Sales<\/title>\n<meta name=\"robots\" content=\"index, follow, max-snippet:-1, max-image-preview:large, max-video-preview:-1\" \/>\n<link rel=\"canonical\" href=\"https:\/\/ultramachineparts.com\/fr\/product\/ge-5393908-2\/\" \/>\n<meta property=\"og:locale\" content=\"fr_FR\" \/>\n<meta property=\"og:type\" content=\"article\" \/>\n<meta property=\"og:title\" content=\"GE Logiq E9 MRX Board 5393908 Repair &amp; Refurbished Sales\" \/>\n<meta property=\"og:description\" content=\"Reliable repair, replacement, and refurbished sales service for GE Logiq E9 MRX Board 5393908. Solve system error, no image, and signal processing issues with fully tested solutions and 90 days warranty.\" \/>\n<meta property=\"og:url\" content=\"https:\/\/ultramachineparts.com\/fr\/product\/ge-5393908-2\/\" \/>\n<meta property=\"og:site_name\" content=\"ultramachine-part\" \/>\n<meta property=\"og:image\" content=\"https:\/\/ultramachineparts.com\/wp-content\/uploads\/2027\/03\/GE-5393908.jpg\" \/>\n\t<meta property=\"og:image:width\" content=\"800\" \/>\n\t<meta property=\"og:image:height\" content=\"800\" \/>\n\t<meta property=\"og:image:type\" content=\"image\/jpeg\" \/>\n<meta name=\"twitter:card\" content=\"summary_large_image\" \/>\n<meta name=\"twitter:label1\" content=\"Dur\u00e9e de lecture estim\u00e9e\" \/>\n\t<meta name=\"twitter:data1\" content=\"1 minute\" \/>\n<script type=\"application\/ld+json\" class=\"yoast-schema-graph\">{\"@context\":\"https:\/\/schema.org\",\"@graph\":[{\"@type\":\"WebPage\",\"@id\":\"https:\/\/ultramachineparts.com\/product\/ge-5393908-2\/\",\"url\":\"https:\/\/ultramachineparts.com\/product\/ge-5393908-2\/\",\"name\":\"GE Logiq E9 MRX Board 5393908 Repair & Refurbished Sales\",\"isPartOf\":{\"@id\":\"https:\/\/ultramachineparts.com\/#website\"},\"primaryImageOfPage\":{\"@id\":\"https:\/\/ultramachineparts.com\/product\/ge-5393908-2\/#primaryimage\"},\"image\":{\"@id\":\"https:\/\/ultramachineparts.com\/product\/ge-5393908-2\/#primaryimage\"},\"thumbnailUrl\":\"https:\/\/ultramachineparts.com\/wp-content\/uploads\/2027\/03\/GE-5393908.jpg\",\"datePublished\":\"2026-04-12T07:16:06+00:00\",\"breadcrumb\":{\"@id\":\"https:\/\/ultramachineparts.com\/product\/ge-5393908-2\/#breadcrumb\"},\"inLanguage\":\"fr-FR\",\"potentialAction\":[{\"@type\":\"ReadAction\",\"target\":[\"https:\/\/ultramachineparts.com\/product\/ge-5393908-2\/\"]}]},{\"@type\":\"ImageObject\",\"inLanguage\":\"fr-FR\",\"@id\":\"https:\/\/ultramachineparts.com\/product\/ge-5393908-2\/#primaryimage\",\"url\":\"https:\/\/ultramachineparts.com\/wp-content\/uploads\/2027\/03\/GE-5393908.jpg\",\"contentUrl\":\"https:\/\/ultramachineparts.com\/wp-content\/uploads\/2027\/03\/GE-5393908.jpg\",\"width\":800,\"height\":800},{\"@type\":\"BreadcrumbList\",\"@id\":\"https:\/\/ultramachineparts.com\/product\/ge-5393908-2\/#breadcrumb\",\"itemListElement\":[{\"@type\":\"ListItem\",\"position\":1,\"name\":\"Home\",\"item\":\"https:\/\/ultramachineparts.com\/\"},{\"@type\":\"ListItem\",\"position\":2,\"name\":\"Ultrasound Boards Repair\",\"item\":\"https:\/\/ultramachineparts.com\/pcategory\/ultrasound-boards-repair\/\"},{\"@type\":\"ListItem\",\"position\":3,\"name\":\"GE Logiq E9 MRX Board 5393908 Repair &#038; Refurbished Sales\"}]},{\"@type\":\"WebSite\",\"@id\":\"https:\/\/ultramachineparts.com\/#website\",\"url\":\"https:\/\/ultramachineparts.com\/\",\"name\":\"ultramachine-part\",\"description\":\"\",\"publisher\":{\"@id\":\"https:\/\/ultramachineparts.com\/#organization\"},\"potentialAction\":[{\"@type\":\"SearchAction\",\"target\":{\"@type\":\"EntryPoint\",\"urlTemplate\":\"https:\/\/ultramachineparts.com\/?s={search_term_string}\"},\"query-input\":{\"@type\":\"PropertyValueSpecification\",\"valueRequired\":true,\"valueName\":\"search_term_string\"}}],\"inLanguage\":\"fr-FR\"},{\"@type\":\"Organization\",\"@id\":\"https:\/\/ultramachineparts.com\/#organization\",\"name\":\"ultramachine-part\",\"url\":\"https:\/\/ultramachineparts.com\/\",\"logo\":{\"@type\":\"ImageObject\",\"inLanguage\":\"fr-FR\",\"@id\":\"https:\/\/ultramachineparts.com\/#\/schema\/logo\/image\/\",\"url\":\"https:\/\/ultramachineparts.com\/wp-content\/uploads\/2026\/03\/logo-echoelite.png\",\"contentUrl\":\"https:\/\/ultramachineparts.com\/wp-content\/uploads\/2026\/03\/logo-echoelite.png\",\"width\":463,\"height\":120,\"caption\":\"ultramachine-part\"},\"image\":{\"@id\":\"https:\/\/ultramachineparts.com\/#\/schema\/logo\/image\/\"}}]}<\/script>\n<!-- \/ Yoast SEO plugin. -->","yoast_head_json":{"title":"GE Logiq E9 MRX Board 5393908 R\u00e9paration et remise \u00e0 neuf Ventes","robots":{"index":"index","follow":"follow","max-snippet":"max-snippet:-1","max-image-preview":"max-image-preview:large","max-video-preview":"max-video-preview:-1"},"canonical":"https:\/\/ultramachineparts.com\/fr\/product\/ge-5393908-2\/","og_locale":"fr_FR","og_type":"article","og_title":"GE Logiq E9 MRX Board 5393908 Repair & Refurbished Sales","og_description":"Reliable repair, replacement, and refurbished sales service for GE Logiq E9 MRX Board 5393908. Solve system error, no image, and signal processing issues with fully tested solutions and 90 days warranty.","og_url":"https:\/\/ultramachineparts.com\/fr\/product\/ge-5393908-2\/","og_site_name":"ultramachine-part","og_image":[{"width":800,"height":800,"url":"https:\/\/ultramachineparts.com\/wp-content\/uploads\/2027\/03\/GE-5393908.jpg","type":"image\/jpeg"}],"twitter_card":"summary_large_image","twitter_misc":{"Dur\u00e9e de lecture estim\u00e9e":"1 minute"},"schema":{"@context":"https:\/\/schema.org","@graph":[{"@type":"WebPage","@id":"https:\/\/ultramachineparts.com\/product\/ge-5393908-2\/","url":"https:\/\/ultramachineparts.com\/product\/ge-5393908-2\/","name":"GE Logiq E9 MRX Board 5393908 R\u00e9paration et remise \u00e0 neuf Ventes","isPartOf":{"@id":"https:\/\/ultramachineparts.com\/#website"},"primaryImageOfPage":{"@id":"https:\/\/ultramachineparts.com\/product\/ge-5393908-2\/#primaryimage"},"image":{"@id":"https:\/\/ultramachineparts.com\/product\/ge-5393908-2\/#primaryimage"},"thumbnailUrl":"https:\/\/ultramachineparts.com\/wp-content\/uploads\/2027\/03\/GE-5393908.jpg","datePublished":"2026-04-12T07:16:06+00:00","breadcrumb":{"@id":"https:\/\/ultramachineparts.com\/product\/ge-5393908-2\/#breadcrumb"},"inLanguage":"fr-FR","potentialAction":[{"@type":"ReadAction","target":["https:\/\/ultramachineparts.com\/product\/ge-5393908-2\/"]}]},{"@type":"ImageObject","inLanguage":"fr-FR","@id":"https:\/\/ultramachineparts.com\/product\/ge-5393908-2\/#primaryimage","url":"https:\/\/ultramachineparts.com\/wp-content\/uploads\/2027\/03\/GE-5393908.jpg","contentUrl":"https:\/\/ultramachineparts.com\/wp-content\/uploads\/2027\/03\/GE-5393908.jpg","width":800,"height":800},{"@type":"BreadcrumbList","@id":"https:\/\/ultramachineparts.com\/product\/ge-5393908-2\/#breadcrumb","itemListElement":[{"@type":"ListItem","position":1,"name":"Home","item":"https:\/\/ultramachineparts.com\/"},{"@type":"ListItem","position":2,"name":"Ultrasound Boards Repair","item":"https:\/\/ultramachineparts.com\/pcategory\/ultrasound-boards-repair\/"},{"@type":"ListItem","position":3,"name":"GE Logiq E9 MRX Board 5393908 Repair &#038; Refurbished Sales"}]},{"@type":"WebSite","@id":"https:\/\/ultramachineparts.com\/#website","url":"https:\/\/ultramachineparts.com\/","name":"partie ultramachine","description":"","publisher":{"@id":"https:\/\/ultramachineparts.com\/#organization"},"potentialAction":[{"@type":"SearchAction","target":{"@type":"EntryPoint","urlTemplate":"https:\/\/ultramachineparts.com\/?s={search_term_string}"},"query-input":{"@type":"PropertyValueSpecification","valueRequired":true,"valueName":"search_term_string"}}],"inLanguage":"fr-FR"},{"@type":"Organization","@id":"https:\/\/ultramachineparts.com\/#organization","name":"partie ultramachine","url":"https:\/\/ultramachineparts.com\/","logo":{"@type":"ImageObject","inLanguage":"fr-FR","@id":"https:\/\/ultramachineparts.com\/#\/schema\/logo\/image\/","url":"https:\/\/ultramachineparts.com\/wp-content\/uploads\/2026\/03\/logo-echoelite.png","contentUrl":"https:\/\/ultramachineparts.com\/wp-content\/uploads\/2026\/03\/logo-echoelite.png","width":463,"height":120,"caption":"ultramachine-part"},"image":{"@id":"https:\/\/ultramachineparts.com\/#\/schema\/logo\/image\/"}}]}},"taxonomy_info":{"pcategory":[{"value":5,"label":"Ultrasound Boards Repair"}]},"featured_image_src_large":["https:\/\/ultramachineparts.com\/wp-content\/uploads\/2027\/03\/GE-5393908.jpg",800,800,false],"author_info":[],"comment_info":"","_links":{"self":[{"href":"https:\/\/ultramachineparts.com\/fr\/wp-json\/wp\/v2\/product\/5097","targetHints":{"allow":["GET"]}}],"collection":[{"href":"https:\/\/ultramachineparts.com\/fr\/wp-json\/wp\/v2\/product"}],"about":[{"href":"https:\/\/ultramachineparts.com\/fr\/wp-json\/wp\/v2\/types\/product"}],"wp:featuredmedia":[{"embeddable":true,"href":"https:\/\/ultramachineparts.com\/fr\/wp-json\/wp\/v2\/media\/5098"}],"wp:attachment":[{"href":"https:\/\/ultramachineparts.com\/fr\/wp-json\/wp\/v2\/media?parent=5097"}],"wp:term":[{"taxonomy":"pcategory","embeddable":true,"href":"https:\/\/ultramachineparts.com\/fr\/wp-json\/wp\/v2\/pcategory?post=5097"},{"taxonomy":"ptag","embeddable":true,"href":"https:\/\/ultramachineparts.com\/fr\/wp-json\/wp\/v2\/ptag?post=5097"}],"curies":[{"name":"wp","href":"https:\/\/api.w.org\/{rel}","templated":true}]}}