{"id":5102,"date":"2026-04-13T07:23:22","date_gmt":"2026-04-13T07:23:22","guid":{"rendered":"https:\/\/ultramachineparts.com\/?post_type=product&#038;p=5102"},"modified":"2026-04-10T03:38:27","modified_gmt":"2026-04-10T03:38:27","slug":"philips-453561294281-2","status":"publish","type":"product","link":"https:\/\/ultramachineparts.com\/fr\/product\/philips-453561294281-2\/","title":{"rendered":"453561294281 Moniteur Philips IU22 remis \u00e0 neuf et r\u00e9par\u00e9"},"content":{"rendered":"<p>Il s'agit d'un moniteur Philips IU22 utilis\u00e9 dans les syst\u00e8mes d'\u00e9chographie Philips IU22. EchoElite Medical propose des services de r\u00e9paration, de remise \u00e0 neuf, de remplacement et d'\u00e9change pour ce produit, tous couverts par une garantie de 90 jours.<\/p>\n<div class=\"product-detail\">\n<div class=\"product-description\">\n<p>Moniteur Philips IU22 pour \u00e9chographie 453561294281<\/p>\n<p>1. P\/N : 453561294281<\/p>\n<p>2. Compatible avec le syst\u00e8me Philips IU22<\/p>\n<p>3. Garantie de 90 jours apr\u00e8s r\u00e9paration ou remise \u00e0 neuf<\/p>\n<\/div>\n<div class=\"product-content\">\n<p>&nbsp;<\/p>\n<\/div>\n<div class=\"notes\">\n<p><strong>Notes<\/strong><\/p>\n<ul>\n<li>Veuillez v\u00e9rifier le num\u00e9ro de pi\u00e8ce et la compatibilit\u00e9 du syst\u00e8me avant de passer commande.<\/li>\n<li>\u00c9teignez compl\u00e8tement le syst\u00e8me \u00e0 ultrasons avant l'installation.<\/li>\n<li>Les commandes d'\u00e9change n\u00e9cessitent le retour de l'unit\u00e9 d\u00e9fectueuse dans les meilleurs d\u00e9lais.<\/li>\n<\/ul>\n<\/div>\n<\/div>","protected":false},"excerpt":{"rendered":"<p>Moniteur Philips IU22 453561294281 service de r\u00e9paration et de remise \u00e0 neuf. Prise en charge des options de remplacement et d'\u00e9change avec une garantie de 90 jours. Contactez-nous pour un devis.<\/p>","protected":false},"featured_media":5104,"parent":0,"template":"","meta":{"_acf_changed":false,"_kad_blocks_custom_css":"","_kad_blocks_head_custom_js":"","_kad_blocks_body_custom_js":"","_kad_blocks_footer_custom_js":"","_kadence_starter_templates_imported_post":false,"_kad_post_transparent":"default","_kad_post_title":"","_kad_post_layout":"default","_kad_post_sidebar_id":"","_kad_post_content_style":"default","_kad_post_vertical_padding":"default","_kad_post_feature":"","_kad_post_feature_position":"","_kad_post_header":false,"_kad_post_footer":false},"pcategory":[35],"ptag":[],"class_list":["post-5102","product","type-product","status-publish","has-post-thumbnail","hentry","pcategory-ultrasound-components"],"acf":[],"yoast_head":"<!-- This site is optimized with the Yoast SEO plugin v27.1.1 - https:\/\/yoast.com\/product\/yoast-seo-wordpress\/ -->\n<title>453561294281 Philips IU22 Monitor Refurbished &amp; Repair<\/title>\n<meta name=\"robots\" content=\"index, follow, max-snippet:-1, max-image-preview:large, max-video-preview:-1\" \/>\n<link rel=\"canonical\" href=\"https:\/\/ultramachineparts.com\/fr\/product\/philips-453561294281-2\/\" \/>\n<meta property=\"og:locale\" content=\"fr_FR\" \/>\n<meta property=\"og:type\" content=\"article\" \/>\n<meta property=\"og:title\" content=\"453561294281 Philips IU22 Monitor Refurbished &amp; Repair\" \/>\n<meta property=\"og:description\" content=\"Philips IU22 monitor 453561294281 repair and refurbished service. Support replacement and exchange options with 90 days warranty. Contact us for quotation.\" \/>\n<meta property=\"og:url\" content=\"https:\/\/ultramachineparts.com\/fr\/product\/philips-453561294281-2\/\" \/>\n<meta property=\"og:site_name\" content=\"ultramachine-part\" \/>\n<meta property=\"og:image\" content=\"https:\/\/ultramachineparts.com\/wp-content\/uploads\/2027\/03\/Philips-453561294281-_1.jpg\" \/>\n\t<meta property=\"og:image:width\" content=\"800\" \/>\n\t<meta property=\"og:image:height\" content=\"800\" \/>\n\t<meta property=\"og:image:type\" content=\"image\/jpeg\" \/>\n<meta name=\"twitter:card\" content=\"summary_large_image\" \/>\n<meta name=\"twitter:label1\" content=\"Dur\u00e9e de lecture estim\u00e9e\" \/>\n\t<meta name=\"twitter:data1\" content=\"1 minute\" \/>\n<script type=\"application\/ld+json\" class=\"yoast-schema-graph\">{\"@context\":\"https:\/\/schema.org\",\"@graph\":[{\"@type\":\"WebPage\",\"@id\":\"https:\/\/ultramachineparts.com\/product\/philips-453561294281-2\/\",\"url\":\"https:\/\/ultramachineparts.com\/product\/philips-453561294281-2\/\",\"name\":\"453561294281 Philips IU22 Monitor Refurbished & Repair\",\"isPartOf\":{\"@id\":\"https:\/\/ultramachineparts.com\/#website\"},\"primaryImageOfPage\":{\"@id\":\"https:\/\/ultramachineparts.com\/product\/philips-453561294281-2\/#primaryimage\"},\"image\":{\"@id\":\"https:\/\/ultramachineparts.com\/product\/philips-453561294281-2\/#primaryimage\"},\"thumbnailUrl\":\"https:\/\/ultramachineparts.com\/wp-content\/uploads\/2027\/03\/Philips-453561294281-_1.jpg\",\"datePublished\":\"2026-04-13T07:23:22+00:00\",\"breadcrumb\":{\"@id\":\"https:\/\/ultramachineparts.com\/product\/philips-453561294281-2\/#breadcrumb\"},\"inLanguage\":\"fr-FR\",\"potentialAction\":[{\"@type\":\"ReadAction\",\"target\":[\"https:\/\/ultramachineparts.com\/product\/philips-453561294281-2\/\"]}]},{\"@type\":\"ImageObject\",\"inLanguage\":\"fr-FR\",\"@id\":\"https:\/\/ultramachineparts.com\/product\/philips-453561294281-2\/#primaryimage\",\"url\":\"https:\/\/ultramachineparts.com\/wp-content\/uploads\/2027\/03\/Philips-453561294281-_1.jpg\",\"contentUrl\":\"https:\/\/ultramachineparts.com\/wp-content\/uploads\/2027\/03\/Philips-453561294281-_1.jpg\",\"width\":800,\"height\":800},{\"@type\":\"BreadcrumbList\",\"@id\":\"https:\/\/ultramachineparts.com\/product\/philips-453561294281-2\/#breadcrumb\",\"itemListElement\":[{\"@type\":\"ListItem\",\"position\":1,\"name\":\"Home\",\"item\":\"https:\/\/ultramachineparts.com\/\"},{\"@type\":\"ListItem\",\"position\":2,\"name\":\"Ultrasound Components\",\"item\":\"https:\/\/ultramachineparts.com\/pcategory\/ultrasound-components\/\"},{\"@type\":\"ListItem\",\"position\":3,\"name\":\"453561294281 Philips IU22 Monitor Refurbished &#038; Repair\"}]},{\"@type\":\"WebSite\",\"@id\":\"https:\/\/ultramachineparts.com\/#website\",\"url\":\"https:\/\/ultramachineparts.com\/\",\"name\":\"ultramachine-part\",\"description\":\"\",\"publisher\":{\"@id\":\"https:\/\/ultramachineparts.com\/#organization\"},\"potentialAction\":[{\"@type\":\"SearchAction\",\"target\":{\"@type\":\"EntryPoint\",\"urlTemplate\":\"https:\/\/ultramachineparts.com\/?s={search_term_string}\"},\"query-input\":{\"@type\":\"PropertyValueSpecification\",\"valueRequired\":true,\"valueName\":\"search_term_string\"}}],\"inLanguage\":\"fr-FR\"},{\"@type\":\"Organization\",\"@id\":\"https:\/\/ultramachineparts.com\/#organization\",\"name\":\"ultramachine-part\",\"url\":\"https:\/\/ultramachineparts.com\/\",\"logo\":{\"@type\":\"ImageObject\",\"inLanguage\":\"fr-FR\",\"@id\":\"https:\/\/ultramachineparts.com\/#\/schema\/logo\/image\/\",\"url\":\"https:\/\/ultramachineparts.com\/wp-content\/uploads\/2026\/03\/logo-echoelite.png\",\"contentUrl\":\"https:\/\/ultramachineparts.com\/wp-content\/uploads\/2026\/03\/logo-echoelite.png\",\"width\":463,\"height\":120,\"caption\":\"ultramachine-part\"},\"image\":{\"@id\":\"https:\/\/ultramachineparts.com\/#\/schema\/logo\/image\/\"}}]}<\/script>\n<!-- \/ Yoast SEO plugin. -->","yoast_head_json":{"title":"453561294281 Moniteur Philips IU22 remis \u00e0 neuf et r\u00e9par\u00e9","robots":{"index":"index","follow":"follow","max-snippet":"max-snippet:-1","max-image-preview":"max-image-preview:large","max-video-preview":"max-video-preview:-1"},"canonical":"https:\/\/ultramachineparts.com\/fr\/product\/philips-453561294281-2\/","og_locale":"fr_FR","og_type":"article","og_title":"453561294281 Philips IU22 Monitor Refurbished & Repair","og_description":"Philips IU22 monitor 453561294281 repair and refurbished service. Support replacement and exchange options with 90 days warranty. Contact us for quotation.","og_url":"https:\/\/ultramachineparts.com\/fr\/product\/philips-453561294281-2\/","og_site_name":"ultramachine-part","og_image":[{"width":800,"height":800,"url":"https:\/\/ultramachineparts.com\/wp-content\/uploads\/2027\/03\/Philips-453561294281-_1.jpg","type":"image\/jpeg"}],"twitter_card":"summary_large_image","twitter_misc":{"Dur\u00e9e de lecture estim\u00e9e":"1 minute"},"schema":{"@context":"https:\/\/schema.org","@graph":[{"@type":"WebPage","@id":"https:\/\/ultramachineparts.com\/product\/philips-453561294281-2\/","url":"https:\/\/ultramachineparts.com\/product\/philips-453561294281-2\/","name":"453561294281 Moniteur Philips IU22 remis \u00e0 neuf et r\u00e9par\u00e9","isPartOf":{"@id":"https:\/\/ultramachineparts.com\/#website"},"primaryImageOfPage":{"@id":"https:\/\/ultramachineparts.com\/product\/philips-453561294281-2\/#primaryimage"},"image":{"@id":"https:\/\/ultramachineparts.com\/product\/philips-453561294281-2\/#primaryimage"},"thumbnailUrl":"https:\/\/ultramachineparts.com\/wp-content\/uploads\/2027\/03\/Philips-453561294281-_1.jpg","datePublished":"2026-04-13T07:23:22+00:00","breadcrumb":{"@id":"https:\/\/ultramachineparts.com\/product\/philips-453561294281-2\/#breadcrumb"},"inLanguage":"fr-FR","potentialAction":[{"@type":"ReadAction","target":["https:\/\/ultramachineparts.com\/product\/philips-453561294281-2\/"]}]},{"@type":"ImageObject","inLanguage":"fr-FR","@id":"https:\/\/ultramachineparts.com\/product\/philips-453561294281-2\/#primaryimage","url":"https:\/\/ultramachineparts.com\/wp-content\/uploads\/2027\/03\/Philips-453561294281-_1.jpg","contentUrl":"https:\/\/ultramachineparts.com\/wp-content\/uploads\/2027\/03\/Philips-453561294281-_1.jpg","width":800,"height":800},{"@type":"BreadcrumbList","@id":"https:\/\/ultramachineparts.com\/product\/philips-453561294281-2\/#breadcrumb","itemListElement":[{"@type":"ListItem","position":1,"name":"Home","item":"https:\/\/ultramachineparts.com\/"},{"@type":"ListItem","position":2,"name":"Ultrasound Components","item":"https:\/\/ultramachineparts.com\/pcategory\/ultrasound-components\/"},{"@type":"ListItem","position":3,"name":"453561294281 Philips IU22 Monitor Refurbished &#038; Repair"}]},{"@type":"WebSite","@id":"https:\/\/ultramachineparts.com\/#website","url":"https:\/\/ultramachineparts.com\/","name":"partie ultramachine","description":"","publisher":{"@id":"https:\/\/ultramachineparts.com\/#organization"},"potentialAction":[{"@type":"SearchAction","target":{"@type":"EntryPoint","urlTemplate":"https:\/\/ultramachineparts.com\/?s={search_term_string}"},"query-input":{"@type":"PropertyValueSpecification","valueRequired":true,"valueName":"search_term_string"}}],"inLanguage":"fr-FR"},{"@type":"Organization","@id":"https:\/\/ultramachineparts.com\/#organization","name":"partie ultramachine","url":"https:\/\/ultramachineparts.com\/","logo":{"@type":"ImageObject","inLanguage":"fr-FR","@id":"https:\/\/ultramachineparts.com\/#\/schema\/logo\/image\/","url":"https:\/\/ultramachineparts.com\/wp-content\/uploads\/2026\/03\/logo-echoelite.png","contentUrl":"https:\/\/ultramachineparts.com\/wp-content\/uploads\/2026\/03\/logo-echoelite.png","width":463,"height":120,"caption":"ultramachine-part"},"image":{"@id":"https:\/\/ultramachineparts.com\/#\/schema\/logo\/image\/"}}]}},"taxonomy_info":{"pcategory":[{"value":35,"label":"Ultrasound Components"}]},"featured_image_src_large":["https:\/\/ultramachineparts.com\/wp-content\/uploads\/2027\/03\/Philips-453561294281-_1.jpg",800,800,false],"author_info":[],"comment_info":"","_links":{"self":[{"href":"https:\/\/ultramachineparts.com\/fr\/wp-json\/wp\/v2\/product\/5102","targetHints":{"allow":["GET"]}}],"collection":[{"href":"https:\/\/ultramachineparts.com\/fr\/wp-json\/wp\/v2\/product"}],"about":[{"href":"https:\/\/ultramachineparts.com\/fr\/wp-json\/wp\/v2\/types\/product"}],"wp:featuredmedia":[{"embeddable":true,"href":"https:\/\/ultramachineparts.com\/fr\/wp-json\/wp\/v2\/media\/5104"}],"wp:attachment":[{"href":"https:\/\/ultramachineparts.com\/fr\/wp-json\/wp\/v2\/media?parent=5102"}],"wp:term":[{"taxonomy":"pcategory","embeddable":true,"href":"https:\/\/ultramachineparts.com\/fr\/wp-json\/wp\/v2\/pcategory?post=5102"},{"taxonomy":"ptag","embeddable":true,"href":"https:\/\/ultramachineparts.com\/fr\/wp-json\/wp\/v2\/ptag?post=5102"}],"curies":[{"name":"wp","href":"https:\/\/api.w.org\/{rel}","templated":true}]}}