{"id":5142,"date":"2026-04-15T09:07:02","date_gmt":"2026-04-15T09:07:02","guid":{"rendered":"https:\/\/ultramachineparts.com\/?post_type=product&#038;p=5142"},"modified":"2026-04-10T11:36:27","modified_gmt":"2026-04-10T11:36:27","slug":"ge-5451284-2-2","status":"publish","type":"product","link":"https:\/\/ultramachineparts.com\/fr\/product\/ge-5451284-2-2\/","title":{"rendered":"5451284-2 GE LOGIQ e Portable Ultrasound Battery"},"content":{"rendered":"<p><strong>Batterie GE LOGIQ E (P\/N : 5451284-2)<\/strong><\/p>\n<p><strong>Num\u00e9ro de pi\u00e8ce :<\/strong> 5451284-2<\/p>\n<p><strong>Syst\u00e8me compatible :<\/strong> Syst\u00e8me d'\u00e9chographie GE LOGIQ E<\/p>\n<p><strong>\u00c9tat :<\/strong> Batterie de remplacement remise \u00e0 neuf, test\u00e9e et fonctionnant correctement<\/p>\n<p><strong>D\u00e9lai de livraison :<\/strong> Exp\u00e9dition dans les 2 \u00e0 5 jours ouvrables<\/p>\n<p><strong>Garantie :<\/strong> Garantie de 90 jours<\/p>\n<p><strong>Notes :<\/strong><\/p>\n<ul>\n<li>Veuillez confirmer le num\u00e9ro de r\u00e9f\u00e9rence de la batterie et la compatibilit\u00e9 avec le mod\u00e8le LOGIQ E avant de passer commande.<\/li>\n<li>Assurez-vous que le syst\u00e8me d'\u00e9chographie est hors tension avant l'installation.<\/li>\n<li>Les piles d\u00e9fectueuses doivent \u00eatre renvoy\u00e9es pour \u00eatre r\u00e9par\u00e9es ou \u00e9chang\u00e9es.<\/li>\n<\/ul>","protected":false},"excerpt":{"rendered":"<p>GE LOGIQ e ultrasound battery 5451284-2 service de r\u00e9paration et de remise \u00e0 neuf. Options de remplacement et d'\u00e9change avec une garantie de 90 jours. Contactez-nous pour un devis.<\/p>","protected":false},"featured_media":5144,"parent":0,"template":"","meta":{"_acf_changed":false,"_kad_blocks_custom_css":"","_kad_blocks_head_custom_js":"","_kad_blocks_body_custom_js":"","_kad_blocks_footer_custom_js":"","_kadence_starter_templates_imported_post":false,"_kad_post_transparent":"default","_kad_post_title":"","_kad_post_layout":"default","_kad_post_sidebar_id":"","_kad_post_content_style":"default","_kad_post_vertical_padding":"default","_kad_post_feature":"","_kad_post_feature_position":"","_kad_post_header":false,"_kad_post_footer":false},"pcategory":[35],"ptag":[],"class_list":["post-5142","product","type-product","status-publish","has-post-thumbnail","hentry","pcategory-ultrasound-components"],"acf":[],"yoast_head":"<!-- This site is optimized with the Yoast SEO plugin v27.1.1 - https:\/\/yoast.com\/product\/yoast-seo-wordpress\/ -->\n<title>5451284-2 GE LOGIQ e Portable Ultrasound Battery<\/title>\n<meta name=\"robots\" content=\"index, follow, max-snippet:-1, max-image-preview:large, max-video-preview:-1\" \/>\n<link rel=\"canonical\" href=\"https:\/\/ultramachineparts.com\/fr\/product\/ge-5451284-2-2\/\" \/>\n<meta property=\"og:locale\" content=\"fr_FR\" \/>\n<meta property=\"og:type\" content=\"article\" \/>\n<meta property=\"og:title\" content=\"5451284-2 GE LOGIQ e Portable Ultrasound Battery\" \/>\n<meta property=\"og:description\" content=\"GE LOGIQ e ultrasound battery 5451284-2 repair and refurbished service. Support replacement and exchange options with 90 days warranty. Contact us for quotation.\" \/>\n<meta property=\"og:url\" content=\"https:\/\/ultramachineparts.com\/fr\/product\/ge-5451284-2-2\/\" \/>\n<meta property=\"og:site_name\" content=\"ultramachine-part\" \/>\n<meta property=\"og:image\" content=\"https:\/\/ultramachineparts.com\/wp-content\/uploads\/2027\/03\/GE-5451284-2_1.jpg\" \/>\n\t<meta property=\"og:image:width\" content=\"800\" \/>\n\t<meta property=\"og:image:height\" content=\"800\" \/>\n\t<meta property=\"og:image:type\" content=\"image\/jpeg\" \/>\n<meta name=\"twitter:card\" content=\"summary_large_image\" \/>\n<meta name=\"twitter:label1\" content=\"Dur\u00e9e de lecture estim\u00e9e\" \/>\n\t<meta name=\"twitter:data1\" content=\"1 minute\" \/>\n<script type=\"application\/ld+json\" class=\"yoast-schema-graph\">{\"@context\":\"https:\/\/schema.org\",\"@graph\":[{\"@type\":\"WebPage\",\"@id\":\"https:\/\/ultramachineparts.com\/product\/ge-5451284-2-2\/\",\"url\":\"https:\/\/ultramachineparts.com\/product\/ge-5451284-2-2\/\",\"name\":\"5451284-2 GE LOGIQ e Portable Ultrasound Battery\",\"isPartOf\":{\"@id\":\"https:\/\/ultramachineparts.com\/#website\"},\"primaryImageOfPage\":{\"@id\":\"https:\/\/ultramachineparts.com\/product\/ge-5451284-2-2\/#primaryimage\"},\"image\":{\"@id\":\"https:\/\/ultramachineparts.com\/product\/ge-5451284-2-2\/#primaryimage\"},\"thumbnailUrl\":\"https:\/\/ultramachineparts.com\/wp-content\/uploads\/2027\/03\/GE-5451284-2_1.jpg\",\"datePublished\":\"2026-04-15T09:07:02+00:00\",\"breadcrumb\":{\"@id\":\"https:\/\/ultramachineparts.com\/product\/ge-5451284-2-2\/#breadcrumb\"},\"inLanguage\":\"fr-FR\",\"potentialAction\":[{\"@type\":\"ReadAction\",\"target\":[\"https:\/\/ultramachineparts.com\/product\/ge-5451284-2-2\/\"]}]},{\"@type\":\"ImageObject\",\"inLanguage\":\"fr-FR\",\"@id\":\"https:\/\/ultramachineparts.com\/product\/ge-5451284-2-2\/#primaryimage\",\"url\":\"https:\/\/ultramachineparts.com\/wp-content\/uploads\/2027\/03\/GE-5451284-2_1.jpg\",\"contentUrl\":\"https:\/\/ultramachineparts.com\/wp-content\/uploads\/2027\/03\/GE-5451284-2_1.jpg\",\"width\":800,\"height\":800},{\"@type\":\"BreadcrumbList\",\"@id\":\"https:\/\/ultramachineparts.com\/product\/ge-5451284-2-2\/#breadcrumb\",\"itemListElement\":[{\"@type\":\"ListItem\",\"position\":1,\"name\":\"Home\",\"item\":\"https:\/\/ultramachineparts.com\/\"},{\"@type\":\"ListItem\",\"position\":2,\"name\":\"Ultrasound Components\",\"item\":\"https:\/\/ultramachineparts.com\/pcategory\/ultrasound-components\/\"},{\"@type\":\"ListItem\",\"position\":3,\"name\":\"5451284-2 GE LOGIQ e Portable Ultrasound Battery\"}]},{\"@type\":\"WebSite\",\"@id\":\"https:\/\/ultramachineparts.com\/#website\",\"url\":\"https:\/\/ultramachineparts.com\/\",\"name\":\"ultramachine-part\",\"description\":\"\",\"publisher\":{\"@id\":\"https:\/\/ultramachineparts.com\/#organization\"},\"potentialAction\":[{\"@type\":\"SearchAction\",\"target\":{\"@type\":\"EntryPoint\",\"urlTemplate\":\"https:\/\/ultramachineparts.com\/?s={search_term_string}\"},\"query-input\":{\"@type\":\"PropertyValueSpecification\",\"valueRequired\":true,\"valueName\":\"search_term_string\"}}],\"inLanguage\":\"fr-FR\"},{\"@type\":\"Organization\",\"@id\":\"https:\/\/ultramachineparts.com\/#organization\",\"name\":\"ultramachine-part\",\"url\":\"https:\/\/ultramachineparts.com\/\",\"logo\":{\"@type\":\"ImageObject\",\"inLanguage\":\"fr-FR\",\"@id\":\"https:\/\/ultramachineparts.com\/#\/schema\/logo\/image\/\",\"url\":\"https:\/\/ultramachineparts.com\/wp-content\/uploads\/2026\/03\/logo-echoelite.png\",\"contentUrl\":\"https:\/\/ultramachineparts.com\/wp-content\/uploads\/2026\/03\/logo-echoelite.png\",\"width\":463,\"height\":120,\"caption\":\"ultramachine-part\"},\"image\":{\"@id\":\"https:\/\/ultramachineparts.com\/#\/schema\/logo\/image\/\"}}]}<\/script>\n<!-- \/ Yoast SEO plugin. -->","yoast_head_json":{"title":"5451284-2 GE LOGIQ e Portable Ultrasound Battery","robots":{"index":"index","follow":"follow","max-snippet":"max-snippet:-1","max-image-preview":"max-image-preview:large","max-video-preview":"max-video-preview:-1"},"canonical":"https:\/\/ultramachineparts.com\/fr\/product\/ge-5451284-2-2\/","og_locale":"fr_FR","og_type":"article","og_title":"5451284-2 GE LOGIQ e Portable Ultrasound Battery","og_description":"GE LOGIQ e ultrasound battery 5451284-2 repair and refurbished service. Support replacement and exchange options with 90 days warranty. Contact us for quotation.","og_url":"https:\/\/ultramachineparts.com\/fr\/product\/ge-5451284-2-2\/","og_site_name":"ultramachine-part","og_image":[{"width":800,"height":800,"url":"https:\/\/ultramachineparts.com\/wp-content\/uploads\/2027\/03\/GE-5451284-2_1.jpg","type":"image\/jpeg"}],"twitter_card":"summary_large_image","twitter_misc":{"Dur\u00e9e de lecture estim\u00e9e":"1 minute"},"schema":{"@context":"https:\/\/schema.org","@graph":[{"@type":"WebPage","@id":"https:\/\/ultramachineparts.com\/product\/ge-5451284-2-2\/","url":"https:\/\/ultramachineparts.com\/product\/ge-5451284-2-2\/","name":"5451284-2 GE LOGIQ e Portable Ultrasound Battery","isPartOf":{"@id":"https:\/\/ultramachineparts.com\/#website"},"primaryImageOfPage":{"@id":"https:\/\/ultramachineparts.com\/product\/ge-5451284-2-2\/#primaryimage"},"image":{"@id":"https:\/\/ultramachineparts.com\/product\/ge-5451284-2-2\/#primaryimage"},"thumbnailUrl":"https:\/\/ultramachineparts.com\/wp-content\/uploads\/2027\/03\/GE-5451284-2_1.jpg","datePublished":"2026-04-15T09:07:02+00:00","breadcrumb":{"@id":"https:\/\/ultramachineparts.com\/product\/ge-5451284-2-2\/#breadcrumb"},"inLanguage":"fr-FR","potentialAction":[{"@type":"ReadAction","target":["https:\/\/ultramachineparts.com\/product\/ge-5451284-2-2\/"]}]},{"@type":"ImageObject","inLanguage":"fr-FR","@id":"https:\/\/ultramachineparts.com\/product\/ge-5451284-2-2\/#primaryimage","url":"https:\/\/ultramachineparts.com\/wp-content\/uploads\/2027\/03\/GE-5451284-2_1.jpg","contentUrl":"https:\/\/ultramachineparts.com\/wp-content\/uploads\/2027\/03\/GE-5451284-2_1.jpg","width":800,"height":800},{"@type":"BreadcrumbList","@id":"https:\/\/ultramachineparts.com\/product\/ge-5451284-2-2\/#breadcrumb","itemListElement":[{"@type":"ListItem","position":1,"name":"Home","item":"https:\/\/ultramachineparts.com\/"},{"@type":"ListItem","position":2,"name":"Ultrasound Components","item":"https:\/\/ultramachineparts.com\/pcategory\/ultrasound-components\/"},{"@type":"ListItem","position":3,"name":"5451284-2 GE LOGIQ e Portable Ultrasound Battery"}]},{"@type":"WebSite","@id":"https:\/\/ultramachineparts.com\/#website","url":"https:\/\/ultramachineparts.com\/","name":"partie ultramachine","description":"","publisher":{"@id":"https:\/\/ultramachineparts.com\/#organization"},"potentialAction":[{"@type":"SearchAction","target":{"@type":"EntryPoint","urlTemplate":"https:\/\/ultramachineparts.com\/?s={search_term_string}"},"query-input":{"@type":"PropertyValueSpecification","valueRequired":true,"valueName":"search_term_string"}}],"inLanguage":"fr-FR"},{"@type":"Organization","@id":"https:\/\/ultramachineparts.com\/#organization","name":"partie ultramachine","url":"https:\/\/ultramachineparts.com\/","logo":{"@type":"ImageObject","inLanguage":"fr-FR","@id":"https:\/\/ultramachineparts.com\/#\/schema\/logo\/image\/","url":"https:\/\/ultramachineparts.com\/wp-content\/uploads\/2026\/03\/logo-echoelite.png","contentUrl":"https:\/\/ultramachineparts.com\/wp-content\/uploads\/2026\/03\/logo-echoelite.png","width":463,"height":120,"caption":"ultramachine-part"},"image":{"@id":"https:\/\/ultramachineparts.com\/#\/schema\/logo\/image\/"}}]}},"taxonomy_info":{"pcategory":[{"value":35,"label":"Ultrasound Components"}]},"featured_image_src_large":["https:\/\/ultramachineparts.com\/wp-content\/uploads\/2027\/03\/GE-5451284-2_1.jpg",800,800,false],"author_info":[],"comment_info":"","_links":{"self":[{"href":"https:\/\/ultramachineparts.com\/fr\/wp-json\/wp\/v2\/product\/5142","targetHints":{"allow":["GET"]}}],"collection":[{"href":"https:\/\/ultramachineparts.com\/fr\/wp-json\/wp\/v2\/product"}],"about":[{"href":"https:\/\/ultramachineparts.com\/fr\/wp-json\/wp\/v2\/types\/product"}],"wp:featuredmedia":[{"embeddable":true,"href":"https:\/\/ultramachineparts.com\/fr\/wp-json\/wp\/v2\/media\/5144"}],"wp:attachment":[{"href":"https:\/\/ultramachineparts.com\/fr\/wp-json\/wp\/v2\/media?parent=5142"}],"wp:term":[{"taxonomy":"pcategory","embeddable":true,"href":"https:\/\/ultramachineparts.com\/fr\/wp-json\/wp\/v2\/pcategory?post=5142"},{"taxonomy":"ptag","embeddable":true,"href":"https:\/\/ultramachineparts.com\/fr\/wp-json\/wp\/v2\/ptag?post=5142"}],"curies":[{"name":"wp","href":"https:\/\/api.w.org\/{rel}","templated":true}]}}