{"id":5261,"date":"2026-04-21T08:14:19","date_gmt":"2026-04-21T08:14:19","guid":{"rendered":"https:\/\/ultramachineparts.com\/?post_type=product&#038;p=5261"},"modified":"2026-04-13T05:03:46","modified_gmt":"2026-04-13T05:03:46","slug":"philips-m2540-60010-2","status":"publish","type":"product","link":"https:\/\/ultramachineparts.com\/fr\/product\/philips-m2540-60010-2\/","title":{"rendered":"M2540-60010 Carte PCBA de fond de panier pour les syst\u00e8mes d'\u00e9chographie Philips"},"content":{"rendered":"<p><strong>M2540-60010 Carte PCBA de fond de panier pour Philips Ultrasound<\/strong><\/p>\n<p><strong>Num\u00e9ro de pi\u00e8ce :<\/strong> M2540-60010<\/p>\n<p><strong>Syst\u00e8me compatible :<\/strong> \u00c9quipement de diagnostic par ultrasons Philips<\/p>\n<p><strong>\u00c9tat :<\/strong> Carte PCBA de fond de panier remise \u00e0 neuf, enti\u00e8rement test\u00e9e et fonctionnant de mani\u00e8re fiable<\/p>\n<p><strong>D\u00e9lai de livraison :<\/strong> Exp\u00e9dition dans les 2 \u00e0 5 jours ouvrables<\/p>\n<p><strong>Garantie :<\/strong> Garantie de 90 jours<\/p>\n<p><strong>Notes :<\/strong><\/p>\n<ul>\n<li>Veuillez v\u00e9rifier la r\u00e9f\u00e9rence de la carte m\u00e8re et le mod\u00e8le d'\u00e9chographe Philips compatible avant de passer commande.<\/li>\n<li>Assurez-vous que le syst\u00e8me d'\u00e9chographie est hors tension avant l'installation.<\/li>\n<li>Le retour des cartes d\u00e9fectueuses est n\u00e9cessaire pour les services de r\u00e9paration ou de remplacement.<\/li>\n<\/ul>","protected":false},"excerpt":{"rendered":"<p>Carte PCBA de fond de panier M2540-60010 pour les syst\u00e8mes d'\u00e9chographie Philips. Unit\u00e9 professionnelle remise \u00e0 neuf, adapt\u00e9e \u00e0 la vente, au service de r\u00e9paration et aux applications de remplacement. Enti\u00e8rement test\u00e9 et fiable avec une garantie de 90 jours.<\/p>","protected":false},"featured_media":5263,"parent":0,"template":"","meta":{"_acf_changed":false,"_kad_blocks_custom_css":"","_kad_blocks_head_custom_js":"","_kad_blocks_body_custom_js":"","_kad_blocks_footer_custom_js":"","_kadence_starter_templates_imported_post":false,"_kad_post_transparent":"default","_kad_post_title":"","_kad_post_layout":"default","_kad_post_sidebar_id":"","_kad_post_content_style":"default","_kad_post_vertical_padding":"default","_kad_post_feature":"","_kad_post_feature_position":"","_kad_post_header":false,"_kad_post_footer":false},"pcategory":[5],"ptag":[],"class_list":["post-5261","product","type-product","status-publish","has-post-thumbnail","hentry","pcategory-ultrasound-boards-repair"],"acf":[],"yoast_head":"<!-- This site is optimized with the Yoast SEO plugin v27.1.1 - https:\/\/yoast.com\/product\/yoast-seo-wordpress\/ -->\n<title>M2540-60010 Backplane PCBA Board for Philips Ultrasound Systems<\/title>\n<meta name=\"robots\" content=\"index, follow, max-snippet:-1, max-image-preview:large, max-video-preview:-1\" \/>\n<link rel=\"canonical\" href=\"https:\/\/ultramachineparts.com\/fr\/product\/philips-m2540-60010-2\/\" \/>\n<meta property=\"og:locale\" content=\"fr_FR\" \/>\n<meta property=\"og:type\" content=\"article\" \/>\n<meta property=\"og:title\" content=\"M2540-60010 Backplane PCBA Board for Philips Ultrasound Systems\" \/>\n<meta property=\"og:description\" content=\"M2540-60010 backplane PCBA board for Philips ultrasound systems. Professional refurbished unit suitable for sale, repair service, and replacement applications. Fully tested and reliable with 90-day warranty.\" \/>\n<meta property=\"og:url\" content=\"https:\/\/ultramachineparts.com\/fr\/product\/philips-m2540-60010-2\/\" \/>\n<meta property=\"og:site_name\" content=\"ultramachine-part\" \/>\n<meta property=\"og:image\" content=\"https:\/\/ultramachineparts.com\/wp-content\/uploads\/2027\/03\/Philips-M2540-60010_1.jpg\" \/>\n\t<meta property=\"og:image:width\" content=\"800\" \/>\n\t<meta property=\"og:image:height\" content=\"800\" \/>\n\t<meta property=\"og:image:type\" content=\"image\/jpeg\" \/>\n<meta name=\"twitter:card\" content=\"summary_large_image\" \/>\n<meta name=\"twitter:label1\" content=\"Dur\u00e9e de lecture estim\u00e9e\" \/>\n\t<meta name=\"twitter:data1\" content=\"1 minute\" \/>\n<script type=\"application\/ld+json\" class=\"yoast-schema-graph\">{\"@context\":\"https:\/\/schema.org\",\"@graph\":[{\"@type\":\"WebPage\",\"@id\":\"https:\/\/ultramachineparts.com\/product\/philips-m2540-60010-2\/\",\"url\":\"https:\/\/ultramachineparts.com\/product\/philips-m2540-60010-2\/\",\"name\":\"M2540-60010 Backplane PCBA Board for Philips Ultrasound Systems\",\"isPartOf\":{\"@id\":\"https:\/\/ultramachineparts.com\/#website\"},\"primaryImageOfPage\":{\"@id\":\"https:\/\/ultramachineparts.com\/product\/philips-m2540-60010-2\/#primaryimage\"},\"image\":{\"@id\":\"https:\/\/ultramachineparts.com\/product\/philips-m2540-60010-2\/#primaryimage\"},\"thumbnailUrl\":\"https:\/\/ultramachineparts.com\/wp-content\/uploads\/2027\/03\/Philips-M2540-60010_1.jpg\",\"datePublished\":\"2026-04-21T08:14:19+00:00\",\"breadcrumb\":{\"@id\":\"https:\/\/ultramachineparts.com\/product\/philips-m2540-60010-2\/#breadcrumb\"},\"inLanguage\":\"fr-FR\",\"potentialAction\":[{\"@type\":\"ReadAction\",\"target\":[\"https:\/\/ultramachineparts.com\/product\/philips-m2540-60010-2\/\"]}]},{\"@type\":\"ImageObject\",\"inLanguage\":\"fr-FR\",\"@id\":\"https:\/\/ultramachineparts.com\/product\/philips-m2540-60010-2\/#primaryimage\",\"url\":\"https:\/\/ultramachineparts.com\/wp-content\/uploads\/2027\/03\/Philips-M2540-60010_1.jpg\",\"contentUrl\":\"https:\/\/ultramachineparts.com\/wp-content\/uploads\/2027\/03\/Philips-M2540-60010_1.jpg\",\"width\":800,\"height\":800},{\"@type\":\"BreadcrumbList\",\"@id\":\"https:\/\/ultramachineparts.com\/product\/philips-m2540-60010-2\/#breadcrumb\",\"itemListElement\":[{\"@type\":\"ListItem\",\"position\":1,\"name\":\"Home\",\"item\":\"https:\/\/ultramachineparts.com\/\"},{\"@type\":\"ListItem\",\"position\":2,\"name\":\"Ultrasound Boards Repair\",\"item\":\"https:\/\/ultramachineparts.com\/pcategory\/ultrasound-boards-repair\/\"},{\"@type\":\"ListItem\",\"position\":3,\"name\":\"M2540-60010 Backplane PCBA Board for Philips Ultrasound Systems\"}]},{\"@type\":\"WebSite\",\"@id\":\"https:\/\/ultramachineparts.com\/#website\",\"url\":\"https:\/\/ultramachineparts.com\/\",\"name\":\"ultramachine-part\",\"description\":\"\",\"publisher\":{\"@id\":\"https:\/\/ultramachineparts.com\/#organization\"},\"potentialAction\":[{\"@type\":\"SearchAction\",\"target\":{\"@type\":\"EntryPoint\",\"urlTemplate\":\"https:\/\/ultramachineparts.com\/?s={search_term_string}\"},\"query-input\":{\"@type\":\"PropertyValueSpecification\",\"valueRequired\":true,\"valueName\":\"search_term_string\"}}],\"inLanguage\":\"fr-FR\"},{\"@type\":\"Organization\",\"@id\":\"https:\/\/ultramachineparts.com\/#organization\",\"name\":\"ultramachine-part\",\"url\":\"https:\/\/ultramachineparts.com\/\",\"logo\":{\"@type\":\"ImageObject\",\"inLanguage\":\"fr-FR\",\"@id\":\"https:\/\/ultramachineparts.com\/#\/schema\/logo\/image\/\",\"url\":\"https:\/\/ultramachineparts.com\/wp-content\/uploads\/2026\/03\/logo-echoelite.png\",\"contentUrl\":\"https:\/\/ultramachineparts.com\/wp-content\/uploads\/2026\/03\/logo-echoelite.png\",\"width\":463,\"height\":120,\"caption\":\"ultramachine-part\"},\"image\":{\"@id\":\"https:\/\/ultramachineparts.com\/#\/schema\/logo\/image\/\"}}]}<\/script>\n<!-- \/ Yoast SEO plugin. -->","yoast_head_json":{"title":"M2540-60010 Carte PCBA de fond de panier pour les syst\u00e8mes d'\u00e9chographie Philips","robots":{"index":"index","follow":"follow","max-snippet":"max-snippet:-1","max-image-preview":"max-image-preview:large","max-video-preview":"max-video-preview:-1"},"canonical":"https:\/\/ultramachineparts.com\/fr\/product\/philips-m2540-60010-2\/","og_locale":"fr_FR","og_type":"article","og_title":"M2540-60010 Backplane PCBA Board for Philips Ultrasound Systems","og_description":"M2540-60010 backplane PCBA board for Philips ultrasound systems. Professional refurbished unit suitable for sale, repair service, and replacement applications. Fully tested and reliable with 90-day warranty.","og_url":"https:\/\/ultramachineparts.com\/fr\/product\/philips-m2540-60010-2\/","og_site_name":"ultramachine-part","og_image":[{"width":800,"height":800,"url":"https:\/\/ultramachineparts.com\/wp-content\/uploads\/2027\/03\/Philips-M2540-60010_1.jpg","type":"image\/jpeg"}],"twitter_card":"summary_large_image","twitter_misc":{"Dur\u00e9e de lecture estim\u00e9e":"1 minute"},"schema":{"@context":"https:\/\/schema.org","@graph":[{"@type":"WebPage","@id":"https:\/\/ultramachineparts.com\/product\/philips-m2540-60010-2\/","url":"https:\/\/ultramachineparts.com\/product\/philips-m2540-60010-2\/","name":"M2540-60010 Carte PCBA de fond de panier pour les syst\u00e8mes d'\u00e9chographie Philips","isPartOf":{"@id":"https:\/\/ultramachineparts.com\/#website"},"primaryImageOfPage":{"@id":"https:\/\/ultramachineparts.com\/product\/philips-m2540-60010-2\/#primaryimage"},"image":{"@id":"https:\/\/ultramachineparts.com\/product\/philips-m2540-60010-2\/#primaryimage"},"thumbnailUrl":"https:\/\/ultramachineparts.com\/wp-content\/uploads\/2027\/03\/Philips-M2540-60010_1.jpg","datePublished":"2026-04-21T08:14:19+00:00","breadcrumb":{"@id":"https:\/\/ultramachineparts.com\/product\/philips-m2540-60010-2\/#breadcrumb"},"inLanguage":"fr-FR","potentialAction":[{"@type":"ReadAction","target":["https:\/\/ultramachineparts.com\/product\/philips-m2540-60010-2\/"]}]},{"@type":"ImageObject","inLanguage":"fr-FR","@id":"https:\/\/ultramachineparts.com\/product\/philips-m2540-60010-2\/#primaryimage","url":"https:\/\/ultramachineparts.com\/wp-content\/uploads\/2027\/03\/Philips-M2540-60010_1.jpg","contentUrl":"https:\/\/ultramachineparts.com\/wp-content\/uploads\/2027\/03\/Philips-M2540-60010_1.jpg","width":800,"height":800},{"@type":"BreadcrumbList","@id":"https:\/\/ultramachineparts.com\/product\/philips-m2540-60010-2\/#breadcrumb","itemListElement":[{"@type":"ListItem","position":1,"name":"Home","item":"https:\/\/ultramachineparts.com\/"},{"@type":"ListItem","position":2,"name":"Ultrasound Boards Repair","item":"https:\/\/ultramachineparts.com\/pcategory\/ultrasound-boards-repair\/"},{"@type":"ListItem","position":3,"name":"M2540-60010 Backplane PCBA Board for Philips Ultrasound Systems"}]},{"@type":"WebSite","@id":"https:\/\/ultramachineparts.com\/#website","url":"https:\/\/ultramachineparts.com\/","name":"partie ultramachine","description":"","publisher":{"@id":"https:\/\/ultramachineparts.com\/#organization"},"potentialAction":[{"@type":"SearchAction","target":{"@type":"EntryPoint","urlTemplate":"https:\/\/ultramachineparts.com\/?s={search_term_string}"},"query-input":{"@type":"PropertyValueSpecification","valueRequired":true,"valueName":"search_term_string"}}],"inLanguage":"fr-FR"},{"@type":"Organization","@id":"https:\/\/ultramachineparts.com\/#organization","name":"partie ultramachine","url":"https:\/\/ultramachineparts.com\/","logo":{"@type":"ImageObject","inLanguage":"fr-FR","@id":"https:\/\/ultramachineparts.com\/#\/schema\/logo\/image\/","url":"https:\/\/ultramachineparts.com\/wp-content\/uploads\/2026\/03\/logo-echoelite.png","contentUrl":"https:\/\/ultramachineparts.com\/wp-content\/uploads\/2026\/03\/logo-echoelite.png","width":463,"height":120,"caption":"ultramachine-part"},"image":{"@id":"https:\/\/ultramachineparts.com\/#\/schema\/logo\/image\/"}}]}},"taxonomy_info":{"pcategory":[{"value":5,"label":"Ultrasound Boards Repair"}]},"featured_image_src_large":["https:\/\/ultramachineparts.com\/wp-content\/uploads\/2027\/03\/Philips-M2540-60010_1.jpg",800,800,false],"author_info":[],"comment_info":"","_links":{"self":[{"href":"https:\/\/ultramachineparts.com\/fr\/wp-json\/wp\/v2\/product\/5261","targetHints":{"allow":["GET"]}}],"collection":[{"href":"https:\/\/ultramachineparts.com\/fr\/wp-json\/wp\/v2\/product"}],"about":[{"href":"https:\/\/ultramachineparts.com\/fr\/wp-json\/wp\/v2\/types\/product"}],"wp:featuredmedia":[{"embeddable":true,"href":"https:\/\/ultramachineparts.com\/fr\/wp-json\/wp\/v2\/media\/5263"}],"wp:attachment":[{"href":"https:\/\/ultramachineparts.com\/fr\/wp-json\/wp\/v2\/media?parent=5261"}],"wp:term":[{"taxonomy":"pcategory","embeddable":true,"href":"https:\/\/ultramachineparts.com\/fr\/wp-json\/wp\/v2\/pcategory?post=5261"},{"taxonomy":"ptag","embeddable":true,"href":"https:\/\/ultramachineparts.com\/fr\/wp-json\/wp\/v2\/ptag?post=5261"}],"curies":[{"name":"wp","href":"https:\/\/api.w.org\/{rel}","templated":true}]}}