{"id":5264,"date":"2026-04-21T10:17:58","date_gmt":"2026-04-21T10:17:58","guid":{"rendered":"https:\/\/ultramachineparts.com\/?post_type=product&#038;p=5264"},"modified":"2026-04-13T05:07:09","modified_gmt":"2026-04-13T05:07:09","slug":"siemens-sp00838-2","status":"publish","type":"product","link":"https:\/\/ultramachineparts.com\/fr\/product\/siemens-sp00838-2\/","title":{"rendered":"Siemens Ultrasound SP00838 Board Repair, Replacement &amp; Sales Service"},"content":{"rendered":"<p><strong>SP00838 R\u00e9paration de la carte ultrasonique pour Siemens Ultrasound<\/strong><\/p>\n<p><strong>Num\u00e9ro de pi\u00e8ce :<\/strong> SP00838<\/p>\n<p><strong>Syst\u00e8me compatible :<\/strong> Syst\u00e8mes de diagnostic par ultrasons de Siemens<\/p>\n<p><strong>\u00c9tat :<\/strong> La carte \u00e0 ultrasons a \u00e9t\u00e9 r\u00e9par\u00e9e et test\u00e9e professionnellement pour garantir son bon fonctionnement.<\/p>\n<p><strong>Temps de r\u00e9paration :<\/strong> Le d\u00e9lai est g\u00e9n\u00e9ralement de 2 \u00e0 4 jours ouvrables.<\/p>\n<p><strong>Garantie :<\/strong> Garantie de 90 jours apr\u00e8s r\u00e9paration<\/p>\n<p><strong>Notes :<\/strong><\/p>\n<ul>\n<li>Veuillez confirmer le num\u00e9ro de pi\u00e8ce de la carte et le mod\u00e8le d'\u00e9chographe Siemens compatible avant de soumettre votre demande de r\u00e9paration.<\/li>\n<li>Assurez-vous que le syst\u00e8me d'\u00e9chographie est hors tension avant l'installation.<\/li>\n<li>Les diff\u00e9rents d\u00e9fauts d\u00e9tect\u00e9s peuvent \u00eatre diagnostiqu\u00e9s et corrig\u00e9s dans le cadre du service de r\u00e9paration de cartes par ultrasons.<\/li>\n<\/ul>","protected":false},"excerpt":{"rendered":"<p>Carte \u00e0 ultrasons SP00838 pour les syst\u00e8mes \u00e0 ultrasons Siemens Healthineers. Disponible pour la vente, la r\u00e9paration et le remplacement. R\u00e9par\u00e9 par des professionnels, enti\u00e8rement test\u00e9, d\u00e9lai d'ex\u00e9cution rapide de 2 \u00e0 4 jours et garantie de 90 jours.<\/p>","protected":false},"featured_media":5266,"parent":0,"template":"","meta":{"_acf_changed":false,"_kad_blocks_custom_css":"","_kad_blocks_head_custom_js":"","_kad_blocks_body_custom_js":"","_kad_blocks_footer_custom_js":"","_kadence_starter_templates_imported_post":false,"_kad_post_transparent":"default","_kad_post_title":"","_kad_post_layout":"default","_kad_post_sidebar_id":"","_kad_post_content_style":"default","_kad_post_vertical_padding":"default","_kad_post_feature":"","_kad_post_feature_position":"","_kad_post_header":false,"_kad_post_footer":false},"pcategory":[5],"ptag":[],"class_list":["post-5264","product","type-product","status-publish","has-post-thumbnail","hentry","pcategory-ultrasound-boards-repair"],"acf":[],"yoast_head":"<!-- This site is optimized with the Yoast SEO plugin v27.1.1 - https:\/\/yoast.com\/product\/yoast-seo-wordpress\/ -->\n<title>Siemens Ultrasound SP00838 Board Repair, Replacement &amp; Sales Service<\/title>\n<meta name=\"robots\" content=\"index, follow, max-snippet:-1, max-image-preview:large, max-video-preview:-1\" \/>\n<link rel=\"canonical\" href=\"https:\/\/ultramachineparts.com\/fr\/product\/siemens-sp00838-2\/\" \/>\n<meta property=\"og:locale\" content=\"fr_FR\" \/>\n<meta property=\"og:type\" content=\"article\" \/>\n<meta property=\"og:title\" content=\"Siemens Ultrasound SP00838 Board Repair, Replacement &amp; Sales Service\" \/>\n<meta property=\"og:description\" content=\"SP00838 ultrasonic board for Siemens Healthineers ultrasound systems. Available for sales, repair, and replacement service. Professionally repaired, fully tested, fast 2\u20134 day turnaround and 90-day\" \/>\n<meta property=\"og:url\" content=\"https:\/\/ultramachineparts.com\/fr\/product\/siemens-sp00838-2\/\" \/>\n<meta property=\"og:site_name\" content=\"ultramachine-part\" \/>\n<meta property=\"og:image\" content=\"https:\/\/ultramachineparts.com\/wp-content\/uploads\/2027\/03\/Siemens-SP00838_1.jpg\" \/>\n\t<meta property=\"og:image:width\" content=\"800\" \/>\n\t<meta property=\"og:image:height\" content=\"800\" \/>\n\t<meta property=\"og:image:type\" content=\"image\/jpeg\" \/>\n<meta name=\"twitter:card\" content=\"summary_large_image\" \/>\n<meta name=\"twitter:label1\" content=\"Dur\u00e9e de lecture estim\u00e9e\" \/>\n\t<meta name=\"twitter:data1\" content=\"1 minute\" \/>\n<script type=\"application\/ld+json\" class=\"yoast-schema-graph\">{\"@context\":\"https:\/\/schema.org\",\"@graph\":[{\"@type\":\"WebPage\",\"@id\":\"https:\/\/ultramachineparts.com\/product\/siemens-sp00838-2\/\",\"url\":\"https:\/\/ultramachineparts.com\/product\/siemens-sp00838-2\/\",\"name\":\"Siemens Ultrasound SP00838 Board Repair, Replacement & Sales Service\",\"isPartOf\":{\"@id\":\"https:\/\/ultramachineparts.com\/#website\"},\"primaryImageOfPage\":{\"@id\":\"https:\/\/ultramachineparts.com\/product\/siemens-sp00838-2\/#primaryimage\"},\"image\":{\"@id\":\"https:\/\/ultramachineparts.com\/product\/siemens-sp00838-2\/#primaryimage\"},\"thumbnailUrl\":\"https:\/\/ultramachineparts.com\/wp-content\/uploads\/2027\/03\/Siemens-SP00838_1.jpg\",\"datePublished\":\"2026-04-21T10:17:58+00:00\",\"breadcrumb\":{\"@id\":\"https:\/\/ultramachineparts.com\/product\/siemens-sp00838-2\/#breadcrumb\"},\"inLanguage\":\"fr-FR\",\"potentialAction\":[{\"@type\":\"ReadAction\",\"target\":[\"https:\/\/ultramachineparts.com\/product\/siemens-sp00838-2\/\"]}]},{\"@type\":\"ImageObject\",\"inLanguage\":\"fr-FR\",\"@id\":\"https:\/\/ultramachineparts.com\/product\/siemens-sp00838-2\/#primaryimage\",\"url\":\"https:\/\/ultramachineparts.com\/wp-content\/uploads\/2027\/03\/Siemens-SP00838_1.jpg\",\"contentUrl\":\"https:\/\/ultramachineparts.com\/wp-content\/uploads\/2027\/03\/Siemens-SP00838_1.jpg\",\"width\":800,\"height\":800},{\"@type\":\"BreadcrumbList\",\"@id\":\"https:\/\/ultramachineparts.com\/product\/siemens-sp00838-2\/#breadcrumb\",\"itemListElement\":[{\"@type\":\"ListItem\",\"position\":1,\"name\":\"Home\",\"item\":\"https:\/\/ultramachineparts.com\/\"},{\"@type\":\"ListItem\",\"position\":2,\"name\":\"Ultrasound Boards Repair\",\"item\":\"https:\/\/ultramachineparts.com\/pcategory\/ultrasound-boards-repair\/\"},{\"@type\":\"ListItem\",\"position\":3,\"name\":\"Siemens Ultrasound SP00838 Board Repair, Replacement &#038; Sales Service\"}]},{\"@type\":\"WebSite\",\"@id\":\"https:\/\/ultramachineparts.com\/#website\",\"url\":\"https:\/\/ultramachineparts.com\/\",\"name\":\"ultramachine-part\",\"description\":\"\",\"publisher\":{\"@id\":\"https:\/\/ultramachineparts.com\/#organization\"},\"potentialAction\":[{\"@type\":\"SearchAction\",\"target\":{\"@type\":\"EntryPoint\",\"urlTemplate\":\"https:\/\/ultramachineparts.com\/?s={search_term_string}\"},\"query-input\":{\"@type\":\"PropertyValueSpecification\",\"valueRequired\":true,\"valueName\":\"search_term_string\"}}],\"inLanguage\":\"fr-FR\"},{\"@type\":\"Organization\",\"@id\":\"https:\/\/ultramachineparts.com\/#organization\",\"name\":\"ultramachine-part\",\"url\":\"https:\/\/ultramachineparts.com\/\",\"logo\":{\"@type\":\"ImageObject\",\"inLanguage\":\"fr-FR\",\"@id\":\"https:\/\/ultramachineparts.com\/#\/schema\/logo\/image\/\",\"url\":\"https:\/\/ultramachineparts.com\/wp-content\/uploads\/2026\/03\/logo-echoelite.png\",\"contentUrl\":\"https:\/\/ultramachineparts.com\/wp-content\/uploads\/2026\/03\/logo-echoelite.png\",\"width\":463,\"height\":120,\"caption\":\"ultramachine-part\"},\"image\":{\"@id\":\"https:\/\/ultramachineparts.com\/#\/schema\/logo\/image\/\"}}]}<\/script>\n<!-- \/ Yoast SEO plugin. -->","yoast_head_json":{"title":"Siemens Ultrasound SP00838 Board Repair, Replacement &amp; Sales Service","robots":{"index":"index","follow":"follow","max-snippet":"max-snippet:-1","max-image-preview":"max-image-preview:large","max-video-preview":"max-video-preview:-1"},"canonical":"https:\/\/ultramachineparts.com\/fr\/product\/siemens-sp00838-2\/","og_locale":"fr_FR","og_type":"article","og_title":"Siemens Ultrasound SP00838 Board Repair, Replacement & Sales Service","og_description":"SP00838 ultrasonic board for Siemens Healthineers ultrasound systems. Available for sales, repair, and replacement service. Professionally repaired, fully tested, fast 2\u20134 day turnaround and 90-day","og_url":"https:\/\/ultramachineparts.com\/fr\/product\/siemens-sp00838-2\/","og_site_name":"ultramachine-part","og_image":[{"width":800,"height":800,"url":"https:\/\/ultramachineparts.com\/wp-content\/uploads\/2027\/03\/Siemens-SP00838_1.jpg","type":"image\/jpeg"}],"twitter_card":"summary_large_image","twitter_misc":{"Dur\u00e9e de lecture estim\u00e9e":"1 minute"},"schema":{"@context":"https:\/\/schema.org","@graph":[{"@type":"WebPage","@id":"https:\/\/ultramachineparts.com\/product\/siemens-sp00838-2\/","url":"https:\/\/ultramachineparts.com\/product\/siemens-sp00838-2\/","name":"Siemens Ultrasound SP00838 Board Repair, Replacement &amp; Sales Service","isPartOf":{"@id":"https:\/\/ultramachineparts.com\/#website"},"primaryImageOfPage":{"@id":"https:\/\/ultramachineparts.com\/product\/siemens-sp00838-2\/#primaryimage"},"image":{"@id":"https:\/\/ultramachineparts.com\/product\/siemens-sp00838-2\/#primaryimage"},"thumbnailUrl":"https:\/\/ultramachineparts.com\/wp-content\/uploads\/2027\/03\/Siemens-SP00838_1.jpg","datePublished":"2026-04-21T10:17:58+00:00","breadcrumb":{"@id":"https:\/\/ultramachineparts.com\/product\/siemens-sp00838-2\/#breadcrumb"},"inLanguage":"fr-FR","potentialAction":[{"@type":"ReadAction","target":["https:\/\/ultramachineparts.com\/product\/siemens-sp00838-2\/"]}]},{"@type":"ImageObject","inLanguage":"fr-FR","@id":"https:\/\/ultramachineparts.com\/product\/siemens-sp00838-2\/#primaryimage","url":"https:\/\/ultramachineparts.com\/wp-content\/uploads\/2027\/03\/Siemens-SP00838_1.jpg","contentUrl":"https:\/\/ultramachineparts.com\/wp-content\/uploads\/2027\/03\/Siemens-SP00838_1.jpg","width":800,"height":800},{"@type":"BreadcrumbList","@id":"https:\/\/ultramachineparts.com\/product\/siemens-sp00838-2\/#breadcrumb","itemListElement":[{"@type":"ListItem","position":1,"name":"Home","item":"https:\/\/ultramachineparts.com\/"},{"@type":"ListItem","position":2,"name":"Ultrasound Boards Repair","item":"https:\/\/ultramachineparts.com\/pcategory\/ultrasound-boards-repair\/"},{"@type":"ListItem","position":3,"name":"Siemens Ultrasound SP00838 Board Repair, Replacement &#038; Sales Service"}]},{"@type":"WebSite","@id":"https:\/\/ultramachineparts.com\/#website","url":"https:\/\/ultramachineparts.com\/","name":"partie ultramachine","description":"","publisher":{"@id":"https:\/\/ultramachineparts.com\/#organization"},"potentialAction":[{"@type":"SearchAction","target":{"@type":"EntryPoint","urlTemplate":"https:\/\/ultramachineparts.com\/?s={search_term_string}"},"query-input":{"@type":"PropertyValueSpecification","valueRequired":true,"valueName":"search_term_string"}}],"inLanguage":"fr-FR"},{"@type":"Organization","@id":"https:\/\/ultramachineparts.com\/#organization","name":"partie ultramachine","url":"https:\/\/ultramachineparts.com\/","logo":{"@type":"ImageObject","inLanguage":"fr-FR","@id":"https:\/\/ultramachineparts.com\/#\/schema\/logo\/image\/","url":"https:\/\/ultramachineparts.com\/wp-content\/uploads\/2026\/03\/logo-echoelite.png","contentUrl":"https:\/\/ultramachineparts.com\/wp-content\/uploads\/2026\/03\/logo-echoelite.png","width":463,"height":120,"caption":"ultramachine-part"},"image":{"@id":"https:\/\/ultramachineparts.com\/#\/schema\/logo\/image\/"}}]}},"taxonomy_info":{"pcategory":[{"value":5,"label":"Ultrasound Boards Repair"}]},"featured_image_src_large":["https:\/\/ultramachineparts.com\/wp-content\/uploads\/2027\/03\/Siemens-SP00838_1.jpg",800,800,false],"author_info":[],"comment_info":"","_links":{"self":[{"href":"https:\/\/ultramachineparts.com\/fr\/wp-json\/wp\/v2\/product\/5264","targetHints":{"allow":["GET"]}}],"collection":[{"href":"https:\/\/ultramachineparts.com\/fr\/wp-json\/wp\/v2\/product"}],"about":[{"href":"https:\/\/ultramachineparts.com\/fr\/wp-json\/wp\/v2\/types\/product"}],"wp:featuredmedia":[{"embeddable":true,"href":"https:\/\/ultramachineparts.com\/fr\/wp-json\/wp\/v2\/media\/5266"}],"wp:attachment":[{"href":"https:\/\/ultramachineparts.com\/fr\/wp-json\/wp\/v2\/media?parent=5264"}],"wp:term":[{"taxonomy":"pcategory","embeddable":true,"href":"https:\/\/ultramachineparts.com\/fr\/wp-json\/wp\/v2\/pcategory?post=5264"},{"taxonomy":"ptag","embeddable":true,"href":"https:\/\/ultramachineparts.com\/fr\/wp-json\/wp\/v2\/ptag?post=5264"}],"curies":[{"name":"wp","href":"https:\/\/api.w.org\/{rel}","templated":true}]}}