{"id":5329,"date":"2026-04-29T11:23:32","date_gmt":"2026-04-29T11:23:32","guid":{"rendered":"https:\/\/ultramachineparts.com\/?post_type=product&#038;p=5329"},"modified":"2026-04-29T05:46:25","modified_gmt":"2026-04-29T05:46:25","slug":"biosound-9501221-2","status":"publish","type":"product","link":"https:\/\/ultramachineparts.com\/fr\/product\/biosound-9501221-2\/","title":{"rendered":"9501221 R\u00e9paration, remplacement et vente de panneaux de contr\u00f4le pour les syst\u00e8mes \u00e0 ultrasons Esaote Biosound"},"content":{"rendered":"<p><strong>Panneau de contr\u00f4le Biosound Esaote 9501221<\/strong><\/p>\n<p><strong>Num\u00e9ro de pi\u00e8ce :<\/strong>\u00a09501221<\/p>\n<p><strong>Syst\u00e8me compatible :<\/strong>\u00a0Syst\u00e8me d'\u00e9chographie Biosound Esaote<\/p>\n<p><strong>\u00c9tat :<\/strong>\u00a0Panneau de contr\u00f4le remis \u00e0 neuf, test\u00e9 et remis en \u00e9tat de fonctionnement stable<\/p>\n<p><strong>D\u00e9lai de livraison :<\/strong>\u00a02-5 jours ouvrables apr\u00e8s confirmation de la commande<\/p>\n<p><strong>Garantie :<\/strong>\u00a0Garantie de 60 jours<\/p>\n<p><strong>Notes :<\/strong><\/p>\n<ul>\n<li>Veuillez v\u00e9rifier le num\u00e9ro de pi\u00e8ce 9501221 et la compatibilit\u00e9 du syst\u00e8me avant de passer commande.<\/li>\n<li>Assurez-vous que l'appareil \u00e0 ultrasons est hors tension avant l'installation.<\/li>\n<li>Les panneaux de contr\u00f4le d\u00e9fectueux doivent \u00eatre renvoy\u00e9s pour r\u00e9paration ou \u00e9change.<\/li>\n<\/ul>","protected":false},"excerpt":{"rendered":"<p>9501221 panneau de contr\u00f4le pour les syst\u00e8mes \u00e0 ultrasons Biosound Esaote. Disponible pour la vente, la r\u00e9paration et le remplacement. Remis \u00e0 neuf et enti\u00e8rement test\u00e9 pour un fonctionnement fiable avec une exp\u00e9dition rapide en 2-5 jours et une garantie de 90 jours pour le support des \u00e9quipements m\u00e9dicaux.<\/p>","protected":false},"featured_media":5332,"parent":0,"template":"","meta":{"_acf_changed":false,"_kad_blocks_custom_css":"","_kad_blocks_head_custom_js":"","_kad_blocks_body_custom_js":"","_kad_blocks_footer_custom_js":"","_kadence_starter_templates_imported_post":false,"_kad_post_transparent":"default","_kad_post_title":"","_kad_post_layout":"default","_kad_post_sidebar_id":"","_kad_post_content_style":"default","_kad_post_vertical_padding":"default","_kad_post_feature":"","_kad_post_feature_position":"","_kad_post_header":false,"_kad_post_footer":false},"pcategory":[35],"ptag":[],"class_list":["post-5329","product","type-product","status-publish","has-post-thumbnail","hentry","pcategory-ultrasound-components"],"acf":[],"yoast_head":"<!-- This site is optimized with the Yoast SEO plugin v27.1.1 - https:\/\/yoast.com\/product\/yoast-seo-wordpress\/ -->\n<title>9501221 Control Panel Repair, Replacement &amp; Sales for Esaote Biosound Ultrasound Systems<\/title>\n<meta name=\"robots\" content=\"index, follow, max-snippet:-1, max-image-preview:large, max-video-preview:-1\" \/>\n<link rel=\"canonical\" href=\"https:\/\/ultramachineparts.com\/fr\/product\/biosound-9501221-2\/\" \/>\n<meta property=\"og:locale\" content=\"fr_FR\" \/>\n<meta property=\"og:type\" content=\"article\" \/>\n<meta property=\"og:title\" content=\"9501221 Control Panel Repair, Replacement &amp; Sales for Esaote Biosound Ultrasound Systems\" \/>\n<meta property=\"og:description\" content=\"9501221 control panel for Biosound Esaote ultrasound systems. Available for sales, repair, and replacement service. Refurbished and fully tested for reliable operation with fast 2\u20135 day shipping and 90-day warranty for medical equipment support.\" \/>\n<meta property=\"og:url\" content=\"https:\/\/ultramachineparts.com\/fr\/product\/biosound-9501221-2\/\" \/>\n<meta property=\"og:site_name\" content=\"ultramachine-part\" \/>\n<meta property=\"og:image\" content=\"https:\/\/ultramachineparts.com\/wp-content\/uploads\/2027\/03\/Biosound-9501221_2.jpg\" \/>\n\t<meta property=\"og:image:width\" content=\"800\" \/>\n\t<meta property=\"og:image:height\" content=\"800\" \/>\n\t<meta property=\"og:image:type\" content=\"image\/jpeg\" \/>\n<meta name=\"twitter:card\" content=\"summary_large_image\" \/>\n<meta name=\"twitter:label1\" content=\"Dur\u00e9e de lecture estim\u00e9e\" \/>\n\t<meta name=\"twitter:data1\" content=\"1 minute\" \/>\n<script type=\"application\/ld+json\" class=\"yoast-schema-graph\">{\"@context\":\"https:\/\/schema.org\",\"@graph\":[{\"@type\":\"WebPage\",\"@id\":\"https:\/\/ultramachineparts.com\/product\/biosound-9501221-2\/\",\"url\":\"https:\/\/ultramachineparts.com\/product\/biosound-9501221-2\/\",\"name\":\"9501221 Control Panel Repair, Replacement & Sales for Esaote Biosound Ultrasound Systems\",\"isPartOf\":{\"@id\":\"https:\/\/ultramachineparts.com\/#website\"},\"primaryImageOfPage\":{\"@id\":\"https:\/\/ultramachineparts.com\/product\/biosound-9501221-2\/#primaryimage\"},\"image\":{\"@id\":\"https:\/\/ultramachineparts.com\/product\/biosound-9501221-2\/#primaryimage\"},\"thumbnailUrl\":\"https:\/\/ultramachineparts.com\/wp-content\/uploads\/2027\/03\/Biosound-9501221_2.jpg\",\"datePublished\":\"2026-04-29T11:23:32+00:00\",\"breadcrumb\":{\"@id\":\"https:\/\/ultramachineparts.com\/product\/biosound-9501221-2\/#breadcrumb\"},\"inLanguage\":\"fr-FR\",\"potentialAction\":[{\"@type\":\"ReadAction\",\"target\":[\"https:\/\/ultramachineparts.com\/product\/biosound-9501221-2\/\"]}]},{\"@type\":\"ImageObject\",\"inLanguage\":\"fr-FR\",\"@id\":\"https:\/\/ultramachineparts.com\/product\/biosound-9501221-2\/#primaryimage\",\"url\":\"https:\/\/ultramachineparts.com\/wp-content\/uploads\/2027\/03\/Biosound-9501221_2.jpg\",\"contentUrl\":\"https:\/\/ultramachineparts.com\/wp-content\/uploads\/2027\/03\/Biosound-9501221_2.jpg\",\"width\":800,\"height\":800},{\"@type\":\"BreadcrumbList\",\"@id\":\"https:\/\/ultramachineparts.com\/product\/biosound-9501221-2\/#breadcrumb\",\"itemListElement\":[{\"@type\":\"ListItem\",\"position\":1,\"name\":\"Home\",\"item\":\"https:\/\/ultramachineparts.com\/\"},{\"@type\":\"ListItem\",\"position\":2,\"name\":\"Ultrasound Components\",\"item\":\"https:\/\/ultramachineparts.com\/pcategory\/ultrasound-components\/\"},{\"@type\":\"ListItem\",\"position\":3,\"name\":\"9501221 Control Panel Repair, Replacement &#038; Sales for Esaote Biosound Ultrasound Systems\"}]},{\"@type\":\"WebSite\",\"@id\":\"https:\/\/ultramachineparts.com\/#website\",\"url\":\"https:\/\/ultramachineparts.com\/\",\"name\":\"ultramachine-part\",\"description\":\"\",\"publisher\":{\"@id\":\"https:\/\/ultramachineparts.com\/#organization\"},\"potentialAction\":[{\"@type\":\"SearchAction\",\"target\":{\"@type\":\"EntryPoint\",\"urlTemplate\":\"https:\/\/ultramachineparts.com\/?s={search_term_string}\"},\"query-input\":{\"@type\":\"PropertyValueSpecification\",\"valueRequired\":true,\"valueName\":\"search_term_string\"}}],\"inLanguage\":\"fr-FR\"},{\"@type\":\"Organization\",\"@id\":\"https:\/\/ultramachineparts.com\/#organization\",\"name\":\"ultramachine-part\",\"url\":\"https:\/\/ultramachineparts.com\/\",\"logo\":{\"@type\":\"ImageObject\",\"inLanguage\":\"fr-FR\",\"@id\":\"https:\/\/ultramachineparts.com\/#\/schema\/logo\/image\/\",\"url\":\"https:\/\/ultramachineparts.com\/wp-content\/uploads\/2026\/03\/logo-echoelite.png\",\"contentUrl\":\"https:\/\/ultramachineparts.com\/wp-content\/uploads\/2026\/03\/logo-echoelite.png\",\"width\":463,\"height\":120,\"caption\":\"ultramachine-part\"},\"image\":{\"@id\":\"https:\/\/ultramachineparts.com\/#\/schema\/logo\/image\/\"}}]}<\/script>\n<!-- \/ Yoast SEO plugin. -->","yoast_head_json":{"title":"9501221 R\u00e9paration, remplacement et vente de panneaux de contr\u00f4le pour les syst\u00e8mes \u00e0 ultrasons Esaote Biosound","robots":{"index":"index","follow":"follow","max-snippet":"max-snippet:-1","max-image-preview":"max-image-preview:large","max-video-preview":"max-video-preview:-1"},"canonical":"https:\/\/ultramachineparts.com\/fr\/product\/biosound-9501221-2\/","og_locale":"fr_FR","og_type":"article","og_title":"9501221 Control Panel Repair, Replacement & Sales for Esaote Biosound Ultrasound Systems","og_description":"9501221 control panel for Biosound Esaote ultrasound systems. Available for sales, repair, and replacement service. Refurbished and fully tested for reliable operation with fast 2\u20135 day shipping and 90-day warranty for medical equipment support.","og_url":"https:\/\/ultramachineparts.com\/fr\/product\/biosound-9501221-2\/","og_site_name":"ultramachine-part","og_image":[{"width":800,"height":800,"url":"https:\/\/ultramachineparts.com\/wp-content\/uploads\/2027\/03\/Biosound-9501221_2.jpg","type":"image\/jpeg"}],"twitter_card":"summary_large_image","twitter_misc":{"Dur\u00e9e de lecture estim\u00e9e":"1 minute"},"schema":{"@context":"https:\/\/schema.org","@graph":[{"@type":"WebPage","@id":"https:\/\/ultramachineparts.com\/product\/biosound-9501221-2\/","url":"https:\/\/ultramachineparts.com\/product\/biosound-9501221-2\/","name":"9501221 R\u00e9paration, remplacement et vente de panneaux de contr\u00f4le pour les syst\u00e8mes \u00e0 ultrasons Esaote Biosound","isPartOf":{"@id":"https:\/\/ultramachineparts.com\/#website"},"primaryImageOfPage":{"@id":"https:\/\/ultramachineparts.com\/product\/biosound-9501221-2\/#primaryimage"},"image":{"@id":"https:\/\/ultramachineparts.com\/product\/biosound-9501221-2\/#primaryimage"},"thumbnailUrl":"https:\/\/ultramachineparts.com\/wp-content\/uploads\/2027\/03\/Biosound-9501221_2.jpg","datePublished":"2026-04-29T11:23:32+00:00","breadcrumb":{"@id":"https:\/\/ultramachineparts.com\/product\/biosound-9501221-2\/#breadcrumb"},"inLanguage":"fr-FR","potentialAction":[{"@type":"ReadAction","target":["https:\/\/ultramachineparts.com\/product\/biosound-9501221-2\/"]}]},{"@type":"ImageObject","inLanguage":"fr-FR","@id":"https:\/\/ultramachineparts.com\/product\/biosound-9501221-2\/#primaryimage","url":"https:\/\/ultramachineparts.com\/wp-content\/uploads\/2027\/03\/Biosound-9501221_2.jpg","contentUrl":"https:\/\/ultramachineparts.com\/wp-content\/uploads\/2027\/03\/Biosound-9501221_2.jpg","width":800,"height":800},{"@type":"BreadcrumbList","@id":"https:\/\/ultramachineparts.com\/product\/biosound-9501221-2\/#breadcrumb","itemListElement":[{"@type":"ListItem","position":1,"name":"Home","item":"https:\/\/ultramachineparts.com\/"},{"@type":"ListItem","position":2,"name":"Ultrasound Components","item":"https:\/\/ultramachineparts.com\/pcategory\/ultrasound-components\/"},{"@type":"ListItem","position":3,"name":"9501221 Control Panel Repair, Replacement &#038; Sales for Esaote Biosound Ultrasound Systems"}]},{"@type":"WebSite","@id":"https:\/\/ultramachineparts.com\/#website","url":"https:\/\/ultramachineparts.com\/","name":"partie ultramachine","description":"","publisher":{"@id":"https:\/\/ultramachineparts.com\/#organization"},"potentialAction":[{"@type":"SearchAction","target":{"@type":"EntryPoint","urlTemplate":"https:\/\/ultramachineparts.com\/?s={search_term_string}"},"query-input":{"@type":"PropertyValueSpecification","valueRequired":true,"valueName":"search_term_string"}}],"inLanguage":"fr-FR"},{"@type":"Organization","@id":"https:\/\/ultramachineparts.com\/#organization","name":"partie ultramachine","url":"https:\/\/ultramachineparts.com\/","logo":{"@type":"ImageObject","inLanguage":"fr-FR","@id":"https:\/\/ultramachineparts.com\/#\/schema\/logo\/image\/","url":"https:\/\/ultramachineparts.com\/wp-content\/uploads\/2026\/03\/logo-echoelite.png","contentUrl":"https:\/\/ultramachineparts.com\/wp-content\/uploads\/2026\/03\/logo-echoelite.png","width":463,"height":120,"caption":"ultramachine-part"},"image":{"@id":"https:\/\/ultramachineparts.com\/#\/schema\/logo\/image\/"}}]}},"taxonomy_info":{"pcategory":[{"value":35,"label":"Ultrasound Components"}]},"featured_image_src_large":["https:\/\/ultramachineparts.com\/wp-content\/uploads\/2027\/03\/Biosound-9501221_2.jpg",800,800,false],"author_info":[],"comment_info":"","_links":{"self":[{"href":"https:\/\/ultramachineparts.com\/fr\/wp-json\/wp\/v2\/product\/5329","targetHints":{"allow":["GET"]}}],"collection":[{"href":"https:\/\/ultramachineparts.com\/fr\/wp-json\/wp\/v2\/product"}],"about":[{"href":"https:\/\/ultramachineparts.com\/fr\/wp-json\/wp\/v2\/types\/product"}],"wp:featuredmedia":[{"embeddable":true,"href":"https:\/\/ultramachineparts.com\/fr\/wp-json\/wp\/v2\/media\/5332"}],"wp:attachment":[{"href":"https:\/\/ultramachineparts.com\/fr\/wp-json\/wp\/v2\/media?parent=5329"}],"wp:term":[{"taxonomy":"pcategory","embeddable":true,"href":"https:\/\/ultramachineparts.com\/fr\/wp-json\/wp\/v2\/pcategory?post=5329"},{"taxonomy":"ptag","embeddable":true,"href":"https:\/\/ultramachineparts.com\/fr\/wp-json\/wp\/v2\/ptag?post=5329"}],"curies":[{"name":"wp","href":"https:\/\/api.w.org\/{rel}","templated":true}]}}