{"id":6276,"date":"2026-03-29T06:52:24","date_gmt":"2026-03-29T06:52:24","guid":{"rendered":"https:\/\/ultramachineparts.com\/?post_type=product&#038;p=6276"},"modified":"2026-03-29T05:44:30","modified_gmt":"2026-03-29T05:44:30","slug":"medison-bd3776-2","status":"publish","type":"product","link":"https:\/\/ultramachineparts.com\/fr\/product\/medison-bd3776-2\/","title":{"rendered":"BD3776 Medison Carte Graphique Ultrason ASSY R\u00e9paration"},"content":{"rendered":"<p><strong>Le Medison Graphics Card Ultrasound ASSY (Part No. BD3776)<\/strong> est une carte de traitement d'\u00e9cran con\u00e7ue pour les syst\u00e8mes d'\u00e9chographie Samsung Medison afin de g\u00e9rer le rendu d'image et la sortie graphique. Cette carte graphique Medison est principalement utilis\u00e9e dans les syst\u00e8mes d'\u00e9chographie Samsung Medison pour le traitement des images, la r\u00e9paration du syst\u00e8me et le remplacement dans les h\u00f4pitaux et les environnements de service d'\u00e9quipement m\u00e9dical.<\/p>\n<p><strong>Informations sur le produit<\/strong><\/p>\n<ul>\n<li><strong>Nom du produit :<\/strong> Carte graphique pour \u00e9chographie ASSY<\/li>\n<li><strong>Num\u00e9ro de pi\u00e8ce :<\/strong> BD3776<\/li>\n<li><strong>Syst\u00e8me compatible :<\/strong> Syst\u00e8mes d'\u00e9chographie Samsung Medison<\/li>\n<li><strong>Fonction :<\/strong> Traitement d'image et sortie d'affichage pour un syst\u00e8me d'imagerie \u00e0 ultrasons<\/li>\n<li><strong>\u00c9tat :<\/strong> Carte originale, test\u00e9e et en bon \u00e9tat de fonctionnement<\/li>\n<li><strong>Garantie :<\/strong> 90 jours<\/li>\n<li><strong>D\u00e9lai de livraison :<\/strong> Habituellement 2-4 jours ouvrables<\/li>\n<li><strong>Service :<\/strong> Vente \/ \u00e9change \/ service de r\u00e9paration disponible pour les pi\u00e8ces d\u00e9tach\u00e9es d'\u00e9chographie<\/li>\n<\/ul>\n<p><strong>Notes de service<\/strong><\/p>\n<ul>\n<li>Le syst\u00e8me doit \u00eatre mis hors tension avant d'installer ou de remplacer la carte graphique.<\/li>\n<li>Veuillez v\u00e9rifier la compatibilit\u00e9 avec votre mod\u00e8le d'\u00e9chographe avant de passer commande.<\/li>\n<li>Le service d'\u00e9change peut n\u00e9cessiter le renvoi de la carte m\u00e8re d\u00e9fectueuse.<\/li>\n<li>Contactez-nous pour une consultation technique, une \u00e9valuation des r\u00e9parations ou des demandes d'achat en gros.<\/li>\n<\/ul>","protected":false},"excerpt":{"rendered":"<p>BD3776 Medison Ultrasound Graphics Card ASSY r\u00e9paration avec un d\u00e9lai rapide de 2-4 jours ouvrables et une garantie de 60 jours. Service de haute qualit\u00e9 pour la carte graphique des \u00e9chographes Medison.<\/p>","protected":false},"featured_media":6279,"parent":0,"template":"","meta":{"_acf_changed":false,"_kad_blocks_custom_css":"","_kad_blocks_head_custom_js":"","_kad_blocks_body_custom_js":"","_kad_blocks_footer_custom_js":"","_kadence_starter_templates_imported_post":false,"_kad_post_transparent":"default","_kad_post_title":"","_kad_post_layout":"default","_kad_post_sidebar_id":"","_kad_post_content_style":"default","_kad_post_vertical_padding":"default","_kad_post_feature":"","_kad_post_feature_position":"","_kad_post_header":false,"_kad_post_footer":false},"pcategory":[5],"ptag":[],"class_list":["post-6276","product","type-product","status-publish","has-post-thumbnail","hentry","pcategory-ultrasound-boards-repair"],"acf":[],"yoast_head":"<!-- This site is optimized with the Yoast SEO plugin v27.1.1 - https:\/\/yoast.com\/product\/yoast-seo-wordpress\/ -->\n<title>BD3776 Medison Graphics Card Ultrasound ASSY Repair<\/title>\n<meta name=\"description\" content=\"BD3776 Medison Ultrasound Graphics Card ASSY repair with fast 2-4 working days turnaround and 60 days warranty. High-quality service for graphics processing board in Medison ultrasound machines.\" \/>\n<meta name=\"robots\" content=\"index, follow, max-snippet:-1, max-image-preview:large, max-video-preview:-1\" \/>\n<link rel=\"canonical\" href=\"https:\/\/ultramachineparts.com\/fr\/product\/medison-bd3776-2\/\" \/>\n<meta property=\"og:locale\" content=\"fr_FR\" \/>\n<meta property=\"og:type\" content=\"article\" \/>\n<meta property=\"og:title\" content=\"BD3776 Medison Graphics Card Ultrasound ASSY Repair\" \/>\n<meta property=\"og:description\" content=\"BD3776 Medison Ultrasound Graphics Card ASSY repair with fast 2-4 working days turnaround and 60 days warranty. High-quality service for graphics processing board in Medison ultrasound machines.\" \/>\n<meta property=\"og:url\" content=\"https:\/\/ultramachineparts.com\/fr\/product\/medison-bd3776-2\/\" \/>\n<meta property=\"og:site_name\" content=\"ultramachine-part\" \/>\n<meta property=\"og:image\" content=\"https:\/\/ultramachineparts.com\/wp-content\/uploads\/2027\/03\/Medison-BD3776_2.jpg\" \/>\n\t<meta property=\"og:image:width\" content=\"800\" \/>\n\t<meta property=\"og:image:height\" content=\"800\" \/>\n\t<meta property=\"og:image:type\" content=\"image\/jpeg\" \/>\n<meta name=\"twitter:card\" content=\"summary_large_image\" \/>\n<meta name=\"twitter:label1\" content=\"Dur\u00e9e de lecture estim\u00e9e\" \/>\n\t<meta name=\"twitter:data1\" content=\"1 minute\" \/>\n<script type=\"application\/ld+json\" class=\"yoast-schema-graph\">{\"@context\":\"https:\/\/schema.org\",\"@graph\":[{\"@type\":\"WebPage\",\"@id\":\"https:\/\/ultramachineparts.com\/product\/medison-bd3776-2\/\",\"url\":\"https:\/\/ultramachineparts.com\/product\/medison-bd3776-2\/\",\"name\":\"BD3776 Medison Graphics Card Ultrasound ASSY Repair\",\"isPartOf\":{\"@id\":\"https:\/\/ultramachineparts.com\/#website\"},\"primaryImageOfPage\":{\"@id\":\"https:\/\/ultramachineparts.com\/product\/medison-bd3776-2\/#primaryimage\"},\"image\":{\"@id\":\"https:\/\/ultramachineparts.com\/product\/medison-bd3776-2\/#primaryimage\"},\"thumbnailUrl\":\"https:\/\/ultramachineparts.com\/wp-content\/uploads\/2027\/03\/Medison-BD3776_2.jpg\",\"datePublished\":\"2026-03-29T06:52:24+00:00\",\"description\":\"BD3776 Medison Ultrasound Graphics Card ASSY repair with fast 2-4 working days turnaround and 60 days warranty. High-quality service for graphics processing board in Medison ultrasound machines.\",\"breadcrumb\":{\"@id\":\"https:\/\/ultramachineparts.com\/product\/medison-bd3776-2\/#breadcrumb\"},\"inLanguage\":\"fr-FR\",\"potentialAction\":[{\"@type\":\"ReadAction\",\"target\":[\"https:\/\/ultramachineparts.com\/product\/medison-bd3776-2\/\"]}]},{\"@type\":\"ImageObject\",\"inLanguage\":\"fr-FR\",\"@id\":\"https:\/\/ultramachineparts.com\/product\/medison-bd3776-2\/#primaryimage\",\"url\":\"https:\/\/ultramachineparts.com\/wp-content\/uploads\/2027\/03\/Medison-BD3776_2.jpg\",\"contentUrl\":\"https:\/\/ultramachineparts.com\/wp-content\/uploads\/2027\/03\/Medison-BD3776_2.jpg\",\"width\":800,\"height\":800,\"caption\":\"Medison BD3776_2\"},{\"@type\":\"BreadcrumbList\",\"@id\":\"https:\/\/ultramachineparts.com\/product\/medison-bd3776-2\/#breadcrumb\",\"itemListElement\":[{\"@type\":\"ListItem\",\"position\":1,\"name\":\"Home\",\"item\":\"https:\/\/ultramachineparts.com\/\"},{\"@type\":\"ListItem\",\"position\":2,\"name\":\"Ultrasound Boards Repair\",\"item\":\"https:\/\/ultramachineparts.com\/pcategory\/ultrasound-boards-repair\/\"},{\"@type\":\"ListItem\",\"position\":3,\"name\":\"BD3776 Medison Graphics Card Ultrasound ASSY Repair\"}]},{\"@type\":\"WebSite\",\"@id\":\"https:\/\/ultramachineparts.com\/#website\",\"url\":\"https:\/\/ultramachineparts.com\/\",\"name\":\"ultramachine-part\",\"description\":\"\",\"publisher\":{\"@id\":\"https:\/\/ultramachineparts.com\/#organization\"},\"potentialAction\":[{\"@type\":\"SearchAction\",\"target\":{\"@type\":\"EntryPoint\",\"urlTemplate\":\"https:\/\/ultramachineparts.com\/?s={search_term_string}\"},\"query-input\":{\"@type\":\"PropertyValueSpecification\",\"valueRequired\":true,\"valueName\":\"search_term_string\"}}],\"inLanguage\":\"fr-FR\"},{\"@type\":\"Organization\",\"@id\":\"https:\/\/ultramachineparts.com\/#organization\",\"name\":\"ultramachine-part\",\"url\":\"https:\/\/ultramachineparts.com\/\",\"logo\":{\"@type\":\"ImageObject\",\"inLanguage\":\"fr-FR\",\"@id\":\"https:\/\/ultramachineparts.com\/#\/schema\/logo\/image\/\",\"url\":\"https:\/\/ultramachineparts.com\/wp-content\/uploads\/2026\/03\/logo-echoelite.png\",\"contentUrl\":\"https:\/\/ultramachineparts.com\/wp-content\/uploads\/2026\/03\/logo-echoelite.png\",\"width\":463,\"height\":120,\"caption\":\"ultramachine-part\"},\"image\":{\"@id\":\"https:\/\/ultramachineparts.com\/#\/schema\/logo\/image\/\"}}]}<\/script>\n<!-- \/ Yoast SEO plugin. -->","yoast_head_json":{"title":"BD3776 Medison Carte Graphique Ultrason ASSY R\u00e9paration","description":"BD3776 Medison Ultrasound Graphics Card ASSY r\u00e9paration avec un d\u00e9lai rapide de 2-4 jours ouvrables et une garantie de 60 jours. Service de haute qualit\u00e9 pour la carte graphique des \u00e9chographes Medison.","robots":{"index":"index","follow":"follow","max-snippet":"max-snippet:-1","max-image-preview":"max-image-preview:large","max-video-preview":"max-video-preview:-1"},"canonical":"https:\/\/ultramachineparts.com\/fr\/product\/medison-bd3776-2\/","og_locale":"fr_FR","og_type":"article","og_title":"BD3776 Medison Graphics Card Ultrasound ASSY Repair","og_description":"BD3776 Medison Ultrasound Graphics Card ASSY repair with fast 2-4 working days turnaround and 60 days warranty. High-quality service for graphics processing board in Medison ultrasound machines.","og_url":"https:\/\/ultramachineparts.com\/fr\/product\/medison-bd3776-2\/","og_site_name":"ultramachine-part","og_image":[{"width":800,"height":800,"url":"https:\/\/ultramachineparts.com\/wp-content\/uploads\/2027\/03\/Medison-BD3776_2.jpg","type":"image\/jpeg"}],"twitter_card":"summary_large_image","twitter_misc":{"Dur\u00e9e de lecture estim\u00e9e":"1 minute"},"schema":{"@context":"https:\/\/schema.org","@graph":[{"@type":"WebPage","@id":"https:\/\/ultramachineparts.com\/product\/medison-bd3776-2\/","url":"https:\/\/ultramachineparts.com\/product\/medison-bd3776-2\/","name":"BD3776 Medison Carte Graphique Ultrason ASSY R\u00e9paration","isPartOf":{"@id":"https:\/\/ultramachineparts.com\/#website"},"primaryImageOfPage":{"@id":"https:\/\/ultramachineparts.com\/product\/medison-bd3776-2\/#primaryimage"},"image":{"@id":"https:\/\/ultramachineparts.com\/product\/medison-bd3776-2\/#primaryimage"},"thumbnailUrl":"https:\/\/ultramachineparts.com\/wp-content\/uploads\/2027\/03\/Medison-BD3776_2.jpg","datePublished":"2026-03-29T06:52:24+00:00","description":"BD3776 Medison Ultrasound Graphics Card ASSY r\u00e9paration avec un d\u00e9lai rapide de 2-4 jours ouvrables et une garantie de 60 jours. Service de haute qualit\u00e9 pour la carte graphique des \u00e9chographes Medison.","breadcrumb":{"@id":"https:\/\/ultramachineparts.com\/product\/medison-bd3776-2\/#breadcrumb"},"inLanguage":"fr-FR","potentialAction":[{"@type":"ReadAction","target":["https:\/\/ultramachineparts.com\/product\/medison-bd3776-2\/"]}]},{"@type":"ImageObject","inLanguage":"fr-FR","@id":"https:\/\/ultramachineparts.com\/product\/medison-bd3776-2\/#primaryimage","url":"https:\/\/ultramachineparts.com\/wp-content\/uploads\/2027\/03\/Medison-BD3776_2.jpg","contentUrl":"https:\/\/ultramachineparts.com\/wp-content\/uploads\/2027\/03\/Medison-BD3776_2.jpg","width":800,"height":800,"caption":"Medison BD3776_2"},{"@type":"BreadcrumbList","@id":"https:\/\/ultramachineparts.com\/product\/medison-bd3776-2\/#breadcrumb","itemListElement":[{"@type":"ListItem","position":1,"name":"Home","item":"https:\/\/ultramachineparts.com\/"},{"@type":"ListItem","position":2,"name":"Ultrasound Boards Repair","item":"https:\/\/ultramachineparts.com\/pcategory\/ultrasound-boards-repair\/"},{"@type":"ListItem","position":3,"name":"BD3776 Medison Graphics Card Ultrasound ASSY Repair"}]},{"@type":"WebSite","@id":"https:\/\/ultramachineparts.com\/#website","url":"https:\/\/ultramachineparts.com\/","name":"partie ultramachine","description":"","publisher":{"@id":"https:\/\/ultramachineparts.com\/#organization"},"potentialAction":[{"@type":"SearchAction","target":{"@type":"EntryPoint","urlTemplate":"https:\/\/ultramachineparts.com\/?s={search_term_string}"},"query-input":{"@type":"PropertyValueSpecification","valueRequired":true,"valueName":"search_term_string"}}],"inLanguage":"fr-FR"},{"@type":"Organization","@id":"https:\/\/ultramachineparts.com\/#organization","name":"partie ultramachine","url":"https:\/\/ultramachineparts.com\/","logo":{"@type":"ImageObject","inLanguage":"fr-FR","@id":"https:\/\/ultramachineparts.com\/#\/schema\/logo\/image\/","url":"https:\/\/ultramachineparts.com\/wp-content\/uploads\/2026\/03\/logo-echoelite.png","contentUrl":"https:\/\/ultramachineparts.com\/wp-content\/uploads\/2026\/03\/logo-echoelite.png","width":463,"height":120,"caption":"ultramachine-part"},"image":{"@id":"https:\/\/ultramachineparts.com\/#\/schema\/logo\/image\/"}}]}},"taxonomy_info":{"pcategory":[{"value":5,"label":"Ultrasound Boards Repair"}]},"featured_image_src_large":["https:\/\/ultramachineparts.com\/wp-content\/uploads\/2027\/03\/Medison-BD3776_2.jpg",800,800,false],"author_info":[],"comment_info":"","_links":{"self":[{"href":"https:\/\/ultramachineparts.com\/fr\/wp-json\/wp\/v2\/product\/6276","targetHints":{"allow":["GET"]}}],"collection":[{"href":"https:\/\/ultramachineparts.com\/fr\/wp-json\/wp\/v2\/product"}],"about":[{"href":"https:\/\/ultramachineparts.com\/fr\/wp-json\/wp\/v2\/types\/product"}],"wp:featuredmedia":[{"embeddable":true,"href":"https:\/\/ultramachineparts.com\/fr\/wp-json\/wp\/v2\/media\/6279"}],"wp:attachment":[{"href":"https:\/\/ultramachineparts.com\/fr\/wp-json\/wp\/v2\/media?parent=6276"}],"wp:term":[{"taxonomy":"pcategory","embeddable":true,"href":"https:\/\/ultramachineparts.com\/fr\/wp-json\/wp\/v2\/pcategory?post=6276"},{"taxonomy":"ptag","embeddable":true,"href":"https:\/\/ultramachineparts.com\/fr\/wp-json\/wp\/v2\/ptag?post=6276"}],"curies":[{"name":"wp","href":"https:\/\/api.w.org\/{rel}","templated":true}]}}