{"id":3297,"date":"2026-03-11T07:02:05","date_gmt":"2026-03-11T07:02:05","guid":{"rendered":"https:\/\/ultramachineparts.com\/?post_type=product&#038;p=3297"},"modified":"2026-03-13T03:38:01","modified_gmt":"2026-03-13T03:38:01","slug":"ge-logiq-v2-battery-5653692-2s","status":"publish","type":"product","link":"https:\/\/ultramachineparts.com\/pl\/product\/ge-logiq-v2-battery-5653692-2s\/","title":{"rendered":"GE LOGIQ V2 Battery P\/N: 5653692-2S | Dost\u0119pne od r\u0119ki, wymiana i naprawa"},"content":{"rendered":"<p>Jest to wysokiej jako\u015bci bateria litowo-jonowa kompatybilna z OEM, zaprojektowana specjalnie dla <strong>GE Healthcare LOGIQ V2<\/strong> przeno\u015bny system diagnostyki ultrasonograficznej (kompatybilny r\u00f3wnie\u017c z LOGIQ V1). Jest profesjonalnie dostarczany przez EchoElite, aby zapewni\u0107 niezawodne dzia\u0142anie i stabilne zasilanie sprz\u0119tu ultrasonograficznego.<\/p>\n<p><strong>G\u0142\u00f3wne specyfikacje<\/strong><\/p>\n<ul>\n<li><strong>Model:<\/strong> 5653692-2S (Model r\u00f3wnowa\u017cny: U80321-3R02)<\/li>\n<li><strong>Typ baterii:<\/strong> Inteligentny akumulator litowo-jonowy<\/li>\n<li><strong>Napi\u0119cie znamionowe:<\/strong> 14,54 V DC (niekt\u00f3re oznaczone jako 14,4 V)<\/li>\n<li><strong>Pojemno\u015b\u0107:<\/strong> 6.7Ah \/ 6700mAh<\/li>\n<li><strong>Energia:<\/strong> 97,42 Wh<\/li>\n<li><strong>Wymiary (w przybli\u017ceniu):<\/strong> 168 \u00d7 73,4 \u00d7 22,5 mm<\/li>\n<li><strong>Waga:<\/strong> Oko\u0142o 460-500 g<\/li>\n<li><strong>Napi\u0119cie graniczne \u0142adowania:<\/strong> 16.4V<\/li>\n<li><strong>Temperatura pracy:<\/strong> \u0141adowanie 10-30\u00b0C, temperatura pracy zgodna ze specyfikacj\u0105 GE<\/li>\n<\/ul>\n<p><img loading=\"lazy\" decoding=\"async\" class=\"alignnone size-full wp-image-3299\" src=\"https:\/\/ultramachineparts.com\/wp-content\/uploads\/2026\/03\/5653692-2S-2.jpg\" alt=\"\" width=\"700\" height=\"680\" srcset=\"https:\/\/ultramachineparts.com\/wp-content\/uploads\/2026\/03\/5653692-2S-2.jpg 700w, https:\/\/ultramachineparts.com\/wp-content\/uploads\/2026\/03\/5653692-2S-2-300x291.jpg 300w, https:\/\/ultramachineparts.com\/wp-content\/uploads\/2026\/03\/5653692-2S-2-12x12.jpg 12w\" sizes=\"auto, (max-width: 700px) 100vw, 700px\" \/> <img loading=\"lazy\" decoding=\"async\" class=\"alignnone size-full wp-image-3298\" src=\"https:\/\/ultramachineparts.com\/wp-content\/uploads\/2026\/03\/5653692-2S-1.jpg\" alt=\"\" width=\"700\" height=\"525\" srcset=\"https:\/\/ultramachineparts.com\/wp-content\/uploads\/2026\/03\/5653692-2S-1.jpg 700w, https:\/\/ultramachineparts.com\/wp-content\/uploads\/2026\/03\/5653692-2S-1-300x225.jpg 300w, https:\/\/ultramachineparts.com\/wp-content\/uploads\/2026\/03\/5653692-2S-1-16x12.jpg 16w\" sizes=\"auto, (max-width: 700px) 100vw, 700px\" \/><\/p>\n<p><strong>Cechy produktu<\/strong><\/p>\n<ul>\n<li>Bezpo\u015bredni zamiennik oryginalnej baterii, plug-and-play bez konieczno\u015bci modyfikacji<\/li>\n<li>Wbudowany inteligentny chip obs\u0142uguj\u0105cy wy\u015bwietlanie poziomu na\u0142adowania baterii i funkcje zabezpieczaj\u0105ce (ochrona przed prze\u0142adowaniem, nadmiernym roz\u0142adowaniem, zwarciem i przegrzaniem).<\/li>\n<li>\u017bywotno\u015b\u0107 baterii: W pe\u0142ni na\u0142adowana bateria wystarcza na oko\u0142o 30 minut pracy ultrad\u017awi\u0119k\u00f3w (w zale\u017cno\u015bci od trybu u\u017cytkowania i typu sondy).<\/li>\n<li>Wysoki standard bezpiecze\u0144stwa odpowiedni do zastosowa\u0144 w sprz\u0119cie medycznym<\/li>\n<li><strong>60-dniowa gwarancja<\/strong> z szybkim czasem wysy\u0142ki wynosz\u0105cym <strong>2-4 dni<\/strong><\/li>\n<\/ul>\n<p><strong>Kompatybilne systemy<\/strong><\/p>\n<ul>\n<li>GE LOGIQ V2<\/li>\n<li>GE LOGIQ V1<\/li>\n<\/ul>\n<p><strong>Informacje o zakupie<\/strong><\/p>\n<ul>\n<li>Dost\u0119pne w magazynie z niezawodn\u0105 jako\u015bci\u0105 r\u00f3wnowa\u017cn\u0105 OEM<\/li>\n<li>Zapraszamy do sk\u0142adania zapyta\u0144 dotycz\u0105cych zakup\u00f3w hurtowych i naprawy ultrad\u017awi\u0119k\u00f3w<\/li>\n<\/ul>\n<p>Aby uzyska\u0107 wi\u0119cej specyfikacji technicznych, zdj\u0119\u0107 produkt\u00f3w lub potwierdzenia kompatybilno\u015bci, prosimy o kontakt.<\/p>","protected":false},"excerpt":{"rendered":"<p>Zamienny akumulator do systemu ultrasonograficznego GE LOGIQ V2, numer cz\u0119\u015bci 5653692-2S. Wysokiej jako\u015bci akumulator litowo-jonowy 14,4 V 6,7 Ah kompatybilny z przeno\u015bnymi ultrasonografami GE LOGIQ V1 V2.<\/p>","protected":false},"featured_media":3300,"parent":0,"template":"","meta":{"_acf_changed":false,"_kad_blocks_custom_css":"","_kad_blocks_head_custom_js":"","_kad_blocks_body_custom_js":"","_kad_blocks_footer_custom_js":"","_kadence_starter_templates_imported_post":false,"_kad_post_transparent":"default","_kad_post_title":"","_kad_post_layout":"default","_kad_post_sidebar_id":"","_kad_post_content_style":"default","_kad_post_vertical_padding":"default","_kad_post_feature":"","_kad_post_feature_position":"","_kad_post_header":false,"_kad_post_footer":false},"pcategory":[34],"ptag":[],"class_list":["post-3297","product","type-product","status-publish","has-post-thumbnail","hentry","pcategory-ultrasound-power-supply"],"acf":[],"yoast_head":"<!-- This site is optimized with the Yoast SEO plugin v27.1.1 - https:\/\/yoast.com\/product\/yoast-seo-wordpress\/ -->\n<title>GE LOGIQ V2 Battery P\/N: 5653692-2S | Outright, Exchange &amp; Repair Available<\/title>\n<meta name=\"robots\" content=\"index, follow, max-snippet:-1, max-image-preview:large, max-video-preview:-1\" \/>\n<link rel=\"canonical\" href=\"https:\/\/ultramachineparts.com\/pl\/product\/ge-logiq-v2-battery-5653692-2s\/\" \/>\n<meta property=\"og:locale\" content=\"pl_PL\" \/>\n<meta property=\"og:type\" content=\"article\" \/>\n<meta property=\"og:title\" content=\"GE LOGIQ V2 Battery P\/N: 5653692-2S | Outright, Exchange &amp; Repair Available\" \/>\n<meta property=\"og:description\" content=\"Replacement battery for GE LOGIQ V2 ultrasound system, part number 5653692-2S. High-quality 14.4V 6.7Ah Li-ion battery compatible with GE LOGIQ V1 V2 portable ultrasound machines.\" \/>\n<meta property=\"og:url\" content=\"https:\/\/ultramachineparts.com\/pl\/product\/ge-logiq-v2-battery-5653692-2s\/\" \/>\n<meta property=\"og:site_name\" content=\"ultramachine-part\" \/>\n<meta property=\"article:modified_time\" content=\"2026-03-13T03:38:01+00:00\" \/>\n<meta property=\"og:image\" content=\"https:\/\/ultramachineparts.com\/wp-content\/uploads\/2026\/03\/5653692-2S-3.jpg\" \/>\n\t<meta property=\"og:image:width\" content=\"700\" \/>\n\t<meta property=\"og:image:height\" content=\"700\" \/>\n\t<meta property=\"og:image:type\" content=\"image\/jpeg\" \/>\n<meta name=\"twitter:card\" content=\"summary_large_image\" \/>\n<meta name=\"twitter:label1\" content=\"Szacowany czas czytania\" \/>\n\t<meta name=\"twitter:data1\" content=\"2 minuty\" \/>\n<script type=\"application\/ld+json\" class=\"yoast-schema-graph\">{\"@context\":\"https:\/\/schema.org\",\"@graph\":[{\"@type\":\"WebPage\",\"@id\":\"https:\/\/ultramachineparts.com\/product\/ge-logiq-v2-battery-5653692-2s\/\",\"url\":\"https:\/\/ultramachineparts.com\/product\/ge-logiq-v2-battery-5653692-2s\/\",\"name\":\"GE LOGIQ V2 Battery P\/N: 5653692-2S | Outright, Exchange & Repair Available\",\"isPartOf\":{\"@id\":\"https:\/\/ultramachineparts.com\/#website\"},\"primaryImageOfPage\":{\"@id\":\"https:\/\/ultramachineparts.com\/product\/ge-logiq-v2-battery-5653692-2s\/#primaryimage\"},\"image\":{\"@id\":\"https:\/\/ultramachineparts.com\/product\/ge-logiq-v2-battery-5653692-2s\/#primaryimage\"},\"thumbnailUrl\":\"https:\/\/ultramachineparts.com\/wp-content\/uploads\/2026\/03\/5653692-2S-3.jpg\",\"datePublished\":\"2026-03-11T07:02:05+00:00\",\"dateModified\":\"2026-03-13T03:38:01+00:00\",\"breadcrumb\":{\"@id\":\"https:\/\/ultramachineparts.com\/product\/ge-logiq-v2-battery-5653692-2s\/#breadcrumb\"},\"inLanguage\":\"pl-PL\",\"potentialAction\":[{\"@type\":\"ReadAction\",\"target\":[\"https:\/\/ultramachineparts.com\/product\/ge-logiq-v2-battery-5653692-2s\/\"]}]},{\"@type\":\"ImageObject\",\"inLanguage\":\"pl-PL\",\"@id\":\"https:\/\/ultramachineparts.com\/product\/ge-logiq-v2-battery-5653692-2s\/#primaryimage\",\"url\":\"https:\/\/ultramachineparts.com\/wp-content\/uploads\/2026\/03\/5653692-2S-3.jpg\",\"contentUrl\":\"https:\/\/ultramachineparts.com\/wp-content\/uploads\/2026\/03\/5653692-2S-3.jpg\",\"width\":700,\"height\":700},{\"@type\":\"BreadcrumbList\",\"@id\":\"https:\/\/ultramachineparts.com\/product\/ge-logiq-v2-battery-5653692-2s\/#breadcrumb\",\"itemListElement\":[{\"@type\":\"ListItem\",\"position\":1,\"name\":\"Home\",\"item\":\"https:\/\/ultramachineparts.com\/\"},{\"@type\":\"ListItem\",\"position\":2,\"name\":\"Ultrasound Power Supply\",\"item\":\"https:\/\/ultramachineparts.com\/pcategory\/ultrasound-power-supply\/\"},{\"@type\":\"ListItem\",\"position\":3,\"name\":\"GE LOGIQ V2 Battery P\/N: 5653692-2S | Outright, Exchange &#038; Repair Available\"}]},{\"@type\":\"WebSite\",\"@id\":\"https:\/\/ultramachineparts.com\/#website\",\"url\":\"https:\/\/ultramachineparts.com\/\",\"name\":\"ultramachine-part\",\"description\":\"\",\"publisher\":{\"@id\":\"https:\/\/ultramachineparts.com\/#organization\"},\"potentialAction\":[{\"@type\":\"SearchAction\",\"target\":{\"@type\":\"EntryPoint\",\"urlTemplate\":\"https:\/\/ultramachineparts.com\/?s={search_term_string}\"},\"query-input\":{\"@type\":\"PropertyValueSpecification\",\"valueRequired\":true,\"valueName\":\"search_term_string\"}}],\"inLanguage\":\"pl-PL\"},{\"@type\":\"Organization\",\"@id\":\"https:\/\/ultramachineparts.com\/#organization\",\"name\":\"ultramachine-part\",\"url\":\"https:\/\/ultramachineparts.com\/\",\"logo\":{\"@type\":\"ImageObject\",\"inLanguage\":\"pl-PL\",\"@id\":\"https:\/\/ultramachineparts.com\/#\/schema\/logo\/image\/\",\"url\":\"https:\/\/ultramachineparts.com\/wp-content\/uploads\/2026\/03\/logo-echoelite.png\",\"contentUrl\":\"https:\/\/ultramachineparts.com\/wp-content\/uploads\/2026\/03\/logo-echoelite.png\",\"width\":463,\"height\":120,\"caption\":\"ultramachine-part\"},\"image\":{\"@id\":\"https:\/\/ultramachineparts.com\/#\/schema\/logo\/image\/\"}}]}<\/script>\n<!-- \/ Yoast SEO plugin. -->","yoast_head_json":{"title":"GE LOGIQ V2 Battery P\/N: 5653692-2S | Dost\u0119pne od r\u0119ki, wymiana i naprawa","robots":{"index":"index","follow":"follow","max-snippet":"max-snippet:-1","max-image-preview":"max-image-preview:large","max-video-preview":"max-video-preview:-1"},"canonical":"https:\/\/ultramachineparts.com\/pl\/product\/ge-logiq-v2-battery-5653692-2s\/","og_locale":"pl_PL","og_type":"article","og_title":"GE LOGIQ V2 Battery P\/N: 5653692-2S | Outright, Exchange & Repair Available","og_description":"Replacement battery for GE LOGIQ V2 ultrasound system, part number 5653692-2S. High-quality 14.4V 6.7Ah Li-ion battery compatible with GE LOGIQ V1 V2 portable ultrasound machines.","og_url":"https:\/\/ultramachineparts.com\/pl\/product\/ge-logiq-v2-battery-5653692-2s\/","og_site_name":"ultramachine-part","article_modified_time":"2026-03-13T03:38:01+00:00","og_image":[{"width":700,"height":700,"url":"https:\/\/ultramachineparts.com\/wp-content\/uploads\/2026\/03\/5653692-2S-3.jpg","type":"image\/jpeg"}],"twitter_card":"summary_large_image","twitter_misc":{"Szacowany czas czytania":"2 minuty"},"schema":{"@context":"https:\/\/schema.org","@graph":[{"@type":"WebPage","@id":"https:\/\/ultramachineparts.com\/product\/ge-logiq-v2-battery-5653692-2s\/","url":"https:\/\/ultramachineparts.com\/product\/ge-logiq-v2-battery-5653692-2s\/","name":"GE LOGIQ V2 Battery P\/N: 5653692-2S | Dost\u0119pne od r\u0119ki, wymiana i naprawa","isPartOf":{"@id":"https:\/\/ultramachineparts.com\/#website"},"primaryImageOfPage":{"@id":"https:\/\/ultramachineparts.com\/product\/ge-logiq-v2-battery-5653692-2s\/#primaryimage"},"image":{"@id":"https:\/\/ultramachineparts.com\/product\/ge-logiq-v2-battery-5653692-2s\/#primaryimage"},"thumbnailUrl":"https:\/\/ultramachineparts.com\/wp-content\/uploads\/2026\/03\/5653692-2S-3.jpg","datePublished":"2026-03-11T07:02:05+00:00","dateModified":"2026-03-13T03:38:01+00:00","breadcrumb":{"@id":"https:\/\/ultramachineparts.com\/product\/ge-logiq-v2-battery-5653692-2s\/#breadcrumb"},"inLanguage":"pl-PL","potentialAction":[{"@type":"ReadAction","target":["https:\/\/ultramachineparts.com\/product\/ge-logiq-v2-battery-5653692-2s\/"]}]},{"@type":"ImageObject","inLanguage":"pl-PL","@id":"https:\/\/ultramachineparts.com\/product\/ge-logiq-v2-battery-5653692-2s\/#primaryimage","url":"https:\/\/ultramachineparts.com\/wp-content\/uploads\/2026\/03\/5653692-2S-3.jpg","contentUrl":"https:\/\/ultramachineparts.com\/wp-content\/uploads\/2026\/03\/5653692-2S-3.jpg","width":700,"height":700},{"@type":"BreadcrumbList","@id":"https:\/\/ultramachineparts.com\/product\/ge-logiq-v2-battery-5653692-2s\/#breadcrumb","itemListElement":[{"@type":"ListItem","position":1,"name":"Home","item":"https:\/\/ultramachineparts.com\/"},{"@type":"ListItem","position":2,"name":"Ultrasound Power Supply","item":"https:\/\/ultramachineparts.com\/pcategory\/ultrasound-power-supply\/"},{"@type":"ListItem","position":3,"name":"GE LOGIQ V2 Battery P\/N: 5653692-2S | Outright, Exchange &#038; Repair Available"}]},{"@type":"WebSite","@id":"https:\/\/ultramachineparts.com\/#website","url":"https:\/\/ultramachineparts.com\/","name":"cz\u0119\u015b\u0107 ultramaszynowa","description":"","publisher":{"@id":"https:\/\/ultramachineparts.com\/#organization"},"potentialAction":[{"@type":"SearchAction","target":{"@type":"EntryPoint","urlTemplate":"https:\/\/ultramachineparts.com\/?s={search_term_string}"},"query-input":{"@type":"PropertyValueSpecification","valueRequired":true,"valueName":"search_term_string"}}],"inLanguage":"pl-PL"},{"@type":"Organization","@id":"https:\/\/ultramachineparts.com\/#organization","name":"cz\u0119\u015b\u0107 ultramaszynowa","url":"https:\/\/ultramachineparts.com\/","logo":{"@type":"ImageObject","inLanguage":"pl-PL","@id":"https:\/\/ultramachineparts.com\/#\/schema\/logo\/image\/","url":"https:\/\/ultramachineparts.com\/wp-content\/uploads\/2026\/03\/logo-echoelite.png","contentUrl":"https:\/\/ultramachineparts.com\/wp-content\/uploads\/2026\/03\/logo-echoelite.png","width":463,"height":120,"caption":"ultramachine-part"},"image":{"@id":"https:\/\/ultramachineparts.com\/#\/schema\/logo\/image\/"}}]}},"taxonomy_info":{"pcategory":[{"value":34,"label":"Ultrasound Power Supply"}]},"featured_image_src_large":["https:\/\/ultramachineparts.com\/wp-content\/uploads\/2026\/03\/5653692-2S-3.jpg",700,700,false],"author_info":[],"comment_info":"","_links":{"self":[{"href":"https:\/\/ultramachineparts.com\/pl\/wp-json\/wp\/v2\/product\/3297","targetHints":{"allow":["GET"]}}],"collection":[{"href":"https:\/\/ultramachineparts.com\/pl\/wp-json\/wp\/v2\/product"}],"about":[{"href":"https:\/\/ultramachineparts.com\/pl\/wp-json\/wp\/v2\/types\/product"}],"wp:featuredmedia":[{"embeddable":true,"href":"https:\/\/ultramachineparts.com\/pl\/wp-json\/wp\/v2\/media\/3300"}],"wp:attachment":[{"href":"https:\/\/ultramachineparts.com\/pl\/wp-json\/wp\/v2\/media?parent=3297"}],"wp:term":[{"taxonomy":"pcategory","embeddable":true,"href":"https:\/\/ultramachineparts.com\/pl\/wp-json\/wp\/v2\/pcategory?post=3297"},{"taxonomy":"ptag","embeddable":true,"href":"https:\/\/ultramachineparts.com\/pl\/wp-json\/wp\/v2\/ptag?post=3297"}],"curies":[{"name":"wp","href":"https:\/\/api.w.org\/{rel}","templated":true}]}}