{"id":3432,"date":"2026-03-15T12:25:18","date_gmt":"2026-03-15T12:25:18","guid":{"rendered":"https:\/\/ultramachineparts.com\/?post_type=product&#038;p=3432"},"modified":"2026-03-16T08:16:44","modified_gmt":"2026-03-16T08:16:44","slug":"siemens-acuson-s2000-ultrasound-module-10430054","status":"publish","type":"product","link":"https:\/\/ultramachineparts.com\/pl\/product\/siemens-acuson-s2000-ultrasound-module-10430054\/","title":{"rendered":"Siemens Acuson S2000 Ultrasound Physiologic Processing Module 10430054 - Naprawa, wymiana lub natychmiastowa sprzeda\u017c"},"content":{"rendered":"<p>The <strong>Siemens Acuson S2000 Physio Module 10430054<\/strong> to wymienny modu\u0142 przetwarzania sygna\u0142\u00f3w fizjologicznych dla systemu ultrasonograficznego Siemens Acuson S2000. Obs\u0142uguje akwizycj\u0119 i przetwarzanie sygna\u0142\u00f3w fizjologicznych, takich jak EKG, podczas bada\u0144 ultrasonograficznych, pomagaj\u0105c zintegrowa\u0107 dane pacjenta z wynikami obrazowania w celu usprawnienia procesu diagnostycznego.<\/p>\n<p><img loading=\"lazy\" decoding=\"async\" class=\"alignnone size-full wp-image-3538\" src=\"https:\/\/ultramachineparts.com\/wp-content\/uploads\/2027\/03\/Siemens-Acuson-S2000-Module-10430054-2-1.jpg\" alt=\"Modu\u0142 Siemens Acuson S2000 10430054\" width=\"800\" height=\"800\" srcset=\"https:\/\/ultramachineparts.com\/wp-content\/uploads\/2027\/03\/Siemens-Acuson-S2000-Module-10430054-2-1.jpg 800w, https:\/\/ultramachineparts.com\/wp-content\/uploads\/2027\/03\/Siemens-Acuson-S2000-Module-10430054-2-1-300x300.jpg 300w, https:\/\/ultramachineparts.com\/wp-content\/uploads\/2027\/03\/Siemens-Acuson-S2000-Module-10430054-2-1-150x150.jpg 150w, https:\/\/ultramachineparts.com\/wp-content\/uploads\/2027\/03\/Siemens-Acuson-S2000-Module-10430054-2-1-768x768.jpg 768w, https:\/\/ultramachineparts.com\/wp-content\/uploads\/2027\/03\/Siemens-Acuson-S2000-Module-10430054-2-1-12x12.jpg 12w\" sizes=\"auto, (max-width: 800px) 100vw, 800px\" \/><\/p>\n<p><strong>Informacje o produkcie<\/strong><\/p>\n<ul>\n<li><strong>Nazwa produktu:<\/strong> Ultrasound Physio Module<\/li>\n<li><strong>Numer cz\u0119\u015bci:<\/strong> 10430054<\/li>\n<li><strong>Kompatybilny system:<\/strong> System ultrasonograficzny Siemens Acuson S2000<\/li>\n<li><strong>Funkcja:<\/strong> Interfejs sygna\u0142u fizjologicznego i modu\u0142 przetwarzania<\/li>\n<li><strong>Marka:<\/strong> Siemens<\/li>\n<li><strong>Stan:<\/strong> U\u017cywana lub oryginalna cz\u0119\u015b\u0107 zamienna<\/li>\n<li><strong>Gwarancja:<\/strong> 3 miesi\u0105ce<\/li>\n<li><strong>Czas dostawy:<\/strong> Zazwyczaj od 3 do 7 dni roboczych w przypadku dost\u0119pno\u015bci w magazynie<\/li>\n<li><strong>Serwis:<\/strong> Bezpo\u015brednia sprzeda\u017c \/ Wymiana \/ Naprawa dost\u0119pna<\/li>\n<\/ul>\n<p><strong>Uwagi dotycz\u0105ce us\u0142ugi<\/strong><\/p>\n<ul>\n<li>Przed z\u0142o\u017ceniem zam\u00f3wienia nale\u017cy potwierdzi\u0107 zgodno\u015b\u0107 z systemem Siemens Acuson S2000.<\/li>\n<li>Instalacja powinna by\u0107 przeprowadzona przez wykwalifikowanych technik\u00f3w serwisowych zaznajomionych z elektronik\u0105 systemu ultrasonograficznego.<\/li>\n<li>Wymiana lub serwis gwarancyjny mog\u0105 wymaga\u0107 zwrotu oryginalnego wadliwego urz\u0105dzenia.<\/li>\n<li>Nale\u017cy obchodzi\u0107 si\u0119 z nim ostro\u017cnie, aby unikn\u0105\u0107 uszkodzenia wra\u017cliwych element\u00f3w elektronicznych.<\/li>\n<li>Skontaktuj si\u0119 z dostawc\u0105 w celu oceny naprawy, wsparcia technicznego lub zapyta\u0144 dotycz\u0105cych zakup\u00f3w hurtowych.<\/li>\n<\/ul>","protected":false},"excerpt":{"rendered":"<p>Refurbished Siemens Acuson S2000 Physio Module 10430054 - zamiennik do system\u00f3w ultrasonograficznych obs\u0142uguj\u0105cych EKG i przetwarzanie sygna\u0142\u00f3w fizjologicznych. Dost\u0119pny do sprzeda\u017cy, naprawy lub wymiany z gwarancj\u0105.<\/p>","protected":false},"featured_media":3534,"parent":0,"template":"","meta":{"_acf_changed":false,"_kad_blocks_custom_css":"","_kad_blocks_head_custom_js":"","_kad_blocks_body_custom_js":"","_kad_blocks_footer_custom_js":"","_kadence_starter_templates_imported_post":false,"_kad_post_transparent":"default","_kad_post_title":"","_kad_post_layout":"default","_kad_post_sidebar_id":"","_kad_post_content_style":"default","_kad_post_vertical_padding":"default","_kad_post_feature":"","_kad_post_feature_position":"","_kad_post_header":false,"_kad_post_footer":false},"pcategory":[35],"ptag":[],"class_list":["post-3432","product","type-product","status-publish","has-post-thumbnail","hentry","pcategory-ultrasound-components"],"acf":[],"yoast_head":"<!-- This site is optimized with the Yoast SEO plugin v27.1.1 - https:\/\/yoast.com\/product\/yoast-seo-wordpress\/ -->\n<title>Siemens Acuson S2000 Ultrasound Physiologic Processing Module 10430054 \u2013 Repair, Exchange, or Outright Sale<\/title>\n<meta name=\"description\" content=\"Refurbished Siemens Acuson S2000 Physio Module 10430054 \u2013 replacement for ultrasound systems supporting ECG and physiologic signal processing. Available for sale, repair, or exchange with warranty.\" \/>\n<meta name=\"robots\" content=\"index, follow, max-snippet:-1, max-image-preview:large, max-video-preview:-1\" \/>\n<link rel=\"canonical\" href=\"https:\/\/ultramachineparts.com\/pl\/product\/siemens-acuson-s2000-ultrasound-module-10430054\/\" \/>\n<meta property=\"og:locale\" content=\"pl_PL\" \/>\n<meta property=\"og:type\" content=\"article\" \/>\n<meta property=\"og:title\" content=\"Siemens Acuson S2000 Ultrasound Physiologic Processing Module 10430054 \u2013 Repair, Exchange, or Outright Sale\" \/>\n<meta property=\"og:description\" content=\"Refurbished Siemens Acuson S2000 Physio Module 10430054 \u2013 replacement for ultrasound systems supporting ECG and physiologic signal processing. Available for sale, repair, or exchange with warranty.\" \/>\n<meta property=\"og:url\" content=\"https:\/\/ultramachineparts.com\/pl\/product\/siemens-acuson-s2000-ultrasound-module-10430054\/\" \/>\n<meta property=\"og:site_name\" content=\"ultramachine-part\" \/>\n<meta property=\"article:modified_time\" content=\"2026-03-16T08:16:44+00:00\" \/>\n<meta property=\"og:image\" content=\"https:\/\/ultramachineparts.com\/wp-content\/uploads\/2027\/03\/Siemens-Acuson-S2000-Module-10430054-1.jpg\" \/>\n\t<meta property=\"og:image:width\" content=\"800\" \/>\n\t<meta property=\"og:image:height\" content=\"800\" \/>\n\t<meta property=\"og:image:type\" content=\"image\/jpeg\" \/>\n<meta name=\"twitter:card\" content=\"summary_large_image\" \/>\n<meta name=\"twitter:label1\" content=\"Szacowany czas czytania\" \/>\n\t<meta name=\"twitter:data1\" content=\"2 minuty\" \/>\n<script type=\"application\/ld+json\" class=\"yoast-schema-graph\">{\"@context\":\"https:\/\/schema.org\",\"@graph\":[{\"@type\":\"WebPage\",\"@id\":\"https:\/\/ultramachineparts.com\/product\/siemens-acuson-s2000-ultrasound-module-10430054\/\",\"url\":\"https:\/\/ultramachineparts.com\/product\/siemens-acuson-s2000-ultrasound-module-10430054\/\",\"name\":\"Siemens Acuson S2000 Ultrasound Physiologic Processing Module 10430054 \u2013 Repair, Exchange, or Outright Sale\",\"isPartOf\":{\"@id\":\"https:\/\/ultramachineparts.com\/#website\"},\"primaryImageOfPage\":{\"@id\":\"https:\/\/ultramachineparts.com\/product\/siemens-acuson-s2000-ultrasound-module-10430054\/#primaryimage\"},\"image\":{\"@id\":\"https:\/\/ultramachineparts.com\/product\/siemens-acuson-s2000-ultrasound-module-10430054\/#primaryimage\"},\"thumbnailUrl\":\"https:\/\/ultramachineparts.com\/wp-content\/uploads\/2027\/03\/Siemens-Acuson-S2000-Module-10430054-1.jpg\",\"datePublished\":\"2026-03-15T12:25:18+00:00\",\"dateModified\":\"2026-03-16T08:16:44+00:00\",\"description\":\"Refurbished Siemens Acuson S2000 Physio Module 10430054 \u2013 replacement for ultrasound systems supporting ECG and physiologic signal processing. Available for sale, repair, or exchange with warranty.\",\"breadcrumb\":{\"@id\":\"https:\/\/ultramachineparts.com\/product\/siemens-acuson-s2000-ultrasound-module-10430054\/#breadcrumb\"},\"inLanguage\":\"pl-PL\",\"potentialAction\":[{\"@type\":\"ReadAction\",\"target\":[\"https:\/\/ultramachineparts.com\/product\/siemens-acuson-s2000-ultrasound-module-10430054\/\"]}]},{\"@type\":\"ImageObject\",\"inLanguage\":\"pl-PL\",\"@id\":\"https:\/\/ultramachineparts.com\/product\/siemens-acuson-s2000-ultrasound-module-10430054\/#primaryimage\",\"url\":\"https:\/\/ultramachineparts.com\/wp-content\/uploads\/2027\/03\/Siemens-Acuson-S2000-Module-10430054-1.jpg\",\"contentUrl\":\"https:\/\/ultramachineparts.com\/wp-content\/uploads\/2027\/03\/Siemens-Acuson-S2000-Module-10430054-1.jpg\",\"width\":800,\"height\":800,\"caption\":\"Siemens Acuson S2000 Module 10430054\"},{\"@type\":\"BreadcrumbList\",\"@id\":\"https:\/\/ultramachineparts.com\/product\/siemens-acuson-s2000-ultrasound-module-10430054\/#breadcrumb\",\"itemListElement\":[{\"@type\":\"ListItem\",\"position\":1,\"name\":\"Home\",\"item\":\"https:\/\/ultramachineparts.com\/\"},{\"@type\":\"ListItem\",\"position\":2,\"name\":\"Ultrasound Components\",\"item\":\"https:\/\/ultramachineparts.com\/pcategory\/ultrasound-components\/\"},{\"@type\":\"ListItem\",\"position\":3,\"name\":\"Siemens Acuson S2000 Ultrasound Physiologic Processing Module 10430054 \u2013 Repair, Exchange, or Outright Sale\"}]},{\"@type\":\"WebSite\",\"@id\":\"https:\/\/ultramachineparts.com\/#website\",\"url\":\"https:\/\/ultramachineparts.com\/\",\"name\":\"ultramachine-part\",\"description\":\"\",\"publisher\":{\"@id\":\"https:\/\/ultramachineparts.com\/#organization\"},\"potentialAction\":[{\"@type\":\"SearchAction\",\"target\":{\"@type\":\"EntryPoint\",\"urlTemplate\":\"https:\/\/ultramachineparts.com\/?s={search_term_string}\"},\"query-input\":{\"@type\":\"PropertyValueSpecification\",\"valueRequired\":true,\"valueName\":\"search_term_string\"}}],\"inLanguage\":\"pl-PL\"},{\"@type\":\"Organization\",\"@id\":\"https:\/\/ultramachineparts.com\/#organization\",\"name\":\"ultramachine-part\",\"url\":\"https:\/\/ultramachineparts.com\/\",\"logo\":{\"@type\":\"ImageObject\",\"inLanguage\":\"pl-PL\",\"@id\":\"https:\/\/ultramachineparts.com\/#\/schema\/logo\/image\/\",\"url\":\"https:\/\/ultramachineparts.com\/wp-content\/uploads\/2026\/03\/logo-echoelite.png\",\"contentUrl\":\"https:\/\/ultramachineparts.com\/wp-content\/uploads\/2026\/03\/logo-echoelite.png\",\"width\":463,\"height\":120,\"caption\":\"ultramachine-part\"},\"image\":{\"@id\":\"https:\/\/ultramachineparts.com\/#\/schema\/logo\/image\/\"}}]}<\/script>\n<!-- \/ Yoast SEO plugin. -->","yoast_head_json":{"title":"Siemens Acuson S2000 Ultrasound Physiologic Processing Module 10430054 - Naprawa, wymiana lub natychmiastowa sprzeda\u017c","description":"Refurbished Siemens Acuson S2000 Physio Module 10430054 - zamiennik do system\u00f3w ultrasonograficznych obs\u0142uguj\u0105cych EKG i przetwarzanie sygna\u0142\u00f3w fizjologicznych. Dost\u0119pny do sprzeda\u017cy, naprawy lub wymiany z gwarancj\u0105.","robots":{"index":"index","follow":"follow","max-snippet":"max-snippet:-1","max-image-preview":"max-image-preview:large","max-video-preview":"max-video-preview:-1"},"canonical":"https:\/\/ultramachineparts.com\/pl\/product\/siemens-acuson-s2000-ultrasound-module-10430054\/","og_locale":"pl_PL","og_type":"article","og_title":"Siemens Acuson S2000 Ultrasound Physiologic Processing Module 10430054 \u2013 Repair, Exchange, or Outright Sale","og_description":"Refurbished Siemens Acuson S2000 Physio Module 10430054 \u2013 replacement for ultrasound systems supporting ECG and physiologic signal processing. Available for sale, repair, or exchange with warranty.","og_url":"https:\/\/ultramachineparts.com\/pl\/product\/siemens-acuson-s2000-ultrasound-module-10430054\/","og_site_name":"ultramachine-part","article_modified_time":"2026-03-16T08:16:44+00:00","og_image":[{"width":800,"height":800,"url":"https:\/\/ultramachineparts.com\/wp-content\/uploads\/2027\/03\/Siemens-Acuson-S2000-Module-10430054-1.jpg","type":"image\/jpeg"}],"twitter_card":"summary_large_image","twitter_misc":{"Szacowany czas czytania":"2 minuty"},"schema":{"@context":"https:\/\/schema.org","@graph":[{"@type":"WebPage","@id":"https:\/\/ultramachineparts.com\/product\/siemens-acuson-s2000-ultrasound-module-10430054\/","url":"https:\/\/ultramachineparts.com\/product\/siemens-acuson-s2000-ultrasound-module-10430054\/","name":"Siemens Acuson S2000 Ultrasound Physiologic Processing Module 10430054 - Naprawa, wymiana lub natychmiastowa sprzeda\u017c","isPartOf":{"@id":"https:\/\/ultramachineparts.com\/#website"},"primaryImageOfPage":{"@id":"https:\/\/ultramachineparts.com\/product\/siemens-acuson-s2000-ultrasound-module-10430054\/#primaryimage"},"image":{"@id":"https:\/\/ultramachineparts.com\/product\/siemens-acuson-s2000-ultrasound-module-10430054\/#primaryimage"},"thumbnailUrl":"https:\/\/ultramachineparts.com\/wp-content\/uploads\/2027\/03\/Siemens-Acuson-S2000-Module-10430054-1.jpg","datePublished":"2026-03-15T12:25:18+00:00","dateModified":"2026-03-16T08:16:44+00:00","description":"Refurbished Siemens Acuson S2000 Physio Module 10430054 - zamiennik do system\u00f3w ultrasonograficznych obs\u0142uguj\u0105cych EKG i przetwarzanie sygna\u0142\u00f3w fizjologicznych. Dost\u0119pny do sprzeda\u017cy, naprawy lub wymiany z gwarancj\u0105.","breadcrumb":{"@id":"https:\/\/ultramachineparts.com\/product\/siemens-acuson-s2000-ultrasound-module-10430054\/#breadcrumb"},"inLanguage":"pl-PL","potentialAction":[{"@type":"ReadAction","target":["https:\/\/ultramachineparts.com\/product\/siemens-acuson-s2000-ultrasound-module-10430054\/"]}]},{"@type":"ImageObject","inLanguage":"pl-PL","@id":"https:\/\/ultramachineparts.com\/product\/siemens-acuson-s2000-ultrasound-module-10430054\/#primaryimage","url":"https:\/\/ultramachineparts.com\/wp-content\/uploads\/2027\/03\/Siemens-Acuson-S2000-Module-10430054-1.jpg","contentUrl":"https:\/\/ultramachineparts.com\/wp-content\/uploads\/2027\/03\/Siemens-Acuson-S2000-Module-10430054-1.jpg","width":800,"height":800,"caption":"Siemens Acuson S2000 Module 10430054"},{"@type":"BreadcrumbList","@id":"https:\/\/ultramachineparts.com\/product\/siemens-acuson-s2000-ultrasound-module-10430054\/#breadcrumb","itemListElement":[{"@type":"ListItem","position":1,"name":"Home","item":"https:\/\/ultramachineparts.com\/"},{"@type":"ListItem","position":2,"name":"Ultrasound Components","item":"https:\/\/ultramachineparts.com\/pcategory\/ultrasound-components\/"},{"@type":"ListItem","position":3,"name":"Siemens Acuson S2000 Ultrasound Physiologic Processing Module 10430054 \u2013 Repair, Exchange, or Outright Sale"}]},{"@type":"WebSite","@id":"https:\/\/ultramachineparts.com\/#website","url":"https:\/\/ultramachineparts.com\/","name":"cz\u0119\u015b\u0107 ultramaszynowa","description":"","publisher":{"@id":"https:\/\/ultramachineparts.com\/#organization"},"potentialAction":[{"@type":"SearchAction","target":{"@type":"EntryPoint","urlTemplate":"https:\/\/ultramachineparts.com\/?s={search_term_string}"},"query-input":{"@type":"PropertyValueSpecification","valueRequired":true,"valueName":"search_term_string"}}],"inLanguage":"pl-PL"},{"@type":"Organization","@id":"https:\/\/ultramachineparts.com\/#organization","name":"cz\u0119\u015b\u0107 ultramaszynowa","url":"https:\/\/ultramachineparts.com\/","logo":{"@type":"ImageObject","inLanguage":"pl-PL","@id":"https:\/\/ultramachineparts.com\/#\/schema\/logo\/image\/","url":"https:\/\/ultramachineparts.com\/wp-content\/uploads\/2026\/03\/logo-echoelite.png","contentUrl":"https:\/\/ultramachineparts.com\/wp-content\/uploads\/2026\/03\/logo-echoelite.png","width":463,"height":120,"caption":"ultramachine-part"},"image":{"@id":"https:\/\/ultramachineparts.com\/#\/schema\/logo\/image\/"}}]}},"taxonomy_info":{"pcategory":[{"value":35,"label":"Ultrasound Components"}]},"featured_image_src_large":["https:\/\/ultramachineparts.com\/wp-content\/uploads\/2027\/03\/Siemens-Acuson-S2000-Module-10430054-1.jpg",800,800,false],"author_info":[],"comment_info":"","_links":{"self":[{"href":"https:\/\/ultramachineparts.com\/pl\/wp-json\/wp\/v2\/product\/3432","targetHints":{"allow":["GET"]}}],"collection":[{"href":"https:\/\/ultramachineparts.com\/pl\/wp-json\/wp\/v2\/product"}],"about":[{"href":"https:\/\/ultramachineparts.com\/pl\/wp-json\/wp\/v2\/types\/product"}],"wp:featuredmedia":[{"embeddable":true,"href":"https:\/\/ultramachineparts.com\/pl\/wp-json\/wp\/v2\/media\/3534"}],"wp:attachment":[{"href":"https:\/\/ultramachineparts.com\/pl\/wp-json\/wp\/v2\/media?parent=3432"}],"wp:term":[{"taxonomy":"pcategory","embeddable":true,"href":"https:\/\/ultramachineparts.com\/pl\/wp-json\/wp\/v2\/pcategory?post=3432"},{"taxonomy":"ptag","embeddable":true,"href":"https:\/\/ultramachineparts.com\/pl\/wp-json\/wp\/v2\/ptag?post=3432"}],"curies":[{"name":"wp","href":"https:\/\/api.w.org\/{rel}","templated":true}]}}