{"id":3434,"date":"2026-03-14T15:29:08","date_gmt":"2026-03-14T15:29:08","guid":{"rendered":"https:\/\/ultramachineparts.com\/?post_type=product&#038;p=3434"},"modified":"2026-03-13T09:10:04","modified_gmt":"2026-03-13T09:10:04","slug":"e8-e6-rsr14-p9-receiver-sub-board","status":"publish","type":"product","link":"https:\/\/ultramachineparts.com\/pl\/product\/e8-e6-rsr14-p9-receiver-sub-board\/","title":{"rendered":"GE Ultrasound Voluson E6 E8 RSR14-P9 Receiver Sub Board KTI196357_9"},"content":{"rendered":"<p>The <strong>GE Voluson E8\/E6 RSR14-P9 KTI196357_9 P\u0142ytka podrz\u0119dna odbiornika<\/strong> to wymienna p\u0142yta podrz\u0119dna odbiornika przeznaczona do u\u017cytku w ultrasonograficznych systemach diagnostycznych GE Voluson E8 i Voluson E6. P\u0142ytka ta pomaga w odbieraniu i przetwarzaniu sygna\u0142\u00f3w echa z elektroniki front-end, przyczyniaj\u0105c si\u0119 do dok\u0142adnego obrazowania i niezawodnego dzia\u0142ania klinicznego.<\/p>\n<ul>\n<li><strong>Nazwa produktu:<\/strong> Podp\u0142ytka odbiornika ultrad\u017awi\u0119k\u00f3w<\/li>\n<li><strong>Numer cz\u0119\u015bci:<\/strong> RSR14-P9 KTI196357_9<\/li>\n<li><strong>Kompatybilne systemy:<\/strong> Systemy ultrasonograficzne GE Voluson E8 i E6<\/li>\n<li><strong>Funkcja:<\/strong> Podp\u0142ytka przetwarzania sygna\u0142u odbiornika do obrazowania<\/li>\n<li><strong>Marka:<\/strong> GE<\/li>\n<li><strong>Stan:<\/strong> Oryginalna przetestowana cz\u0119\u015b\u0107 zamienna<\/li>\n<li><strong>Gwarancja:<\/strong> 90 dni<\/li>\n<li><strong>Czas dostawy:<\/strong> Zwykle 2-7 dni roboczych w przypadku dost\u0119pno\u015bci w magazynie<\/li>\n<li><strong>Serwis:<\/strong> Bezpo\u015brednia sprzeda\u017c \/ Wymiana \/ Naprawa dost\u0119pna<\/li>\n<\/ul>\n<p><strong>Uwagi dotycz\u0105ce us\u0142ugi<\/strong><\/p>\n<ul>\n<li>Przed z\u0142o\u017ceniem zam\u00f3wienia nale\u017cy potwierdzi\u0107 zgodno\u015b\u0107 z systemem GE Voluson E8 lub E6.<\/li>\n<li>Instalacja powinna by\u0107 wykonywana przez wykwalifikowanych technik\u00f3w serwisowych z do\u015bwiadczeniem w zakresie elektroniki ultrad\u017awi\u0119kowej.<\/li>\n<li>Wymiana lub serwis gwarancyjny mog\u0105 wymaga\u0107 zwrotu oryginalnej wadliwej p\u0142yty.<\/li>\n<li>Aby unikn\u0105\u0107 uszkodzenia wra\u017cliwych komponent\u00f3w, zaleca si\u0119 prawid\u0142ow\u0105 obs\u0142ug\u0119 i \u015brodki ostro\u017cno\u015bci ESD.<\/li>\n<li>Skontaktuj si\u0119 z dostawc\u0105 w celu oceny naprawy, wsparcia technicznego lub zapyta\u0144 dotycz\u0105cych zakup\u00f3w hurtowych.<\/li>\n<\/ul>","protected":false},"excerpt":{"rendered":"<p>RSR14-P9KTI196357_9 p\u0142yta podrz\u0119dna odbiornika KTI196357_9 kompatybilna z ultrasonografami GE Voluson E6 i E8. Niezawodny dostawca cz\u0119\u015bci zamiennych do ultrasonograf\u00f3w z szybk\u0105 dostaw\u0105.<\/p>","protected":false},"featured_media":3497,"parent":0,"template":"","meta":{"_acf_changed":false,"_kad_blocks_custom_css":"","_kad_blocks_head_custom_js":"","_kad_blocks_body_custom_js":"","_kad_blocks_footer_custom_js":"","_kadence_starter_templates_imported_post":false,"_kad_post_transparent":"default","_kad_post_title":"","_kad_post_layout":"default","_kad_post_sidebar_id":"","_kad_post_content_style":"default","_kad_post_vertical_padding":"default","_kad_post_feature":"","_kad_post_feature_position":"","_kad_post_header":false,"_kad_post_footer":false},"pcategory":[5],"ptag":[],"class_list":["post-3434","product","type-product","status-publish","has-post-thumbnail","hentry","pcategory-ultrasound-boards-repair"],"acf":[],"yoast_head":"<!-- This site is optimized with the Yoast SEO plugin v27.1.1 - https:\/\/yoast.com\/product\/yoast-seo-wordpress\/ -->\n<title>GE Ultrasound Voluson E6 E8 RSR14-P9 Receiver Sub Board KTI196357_9<\/title>\n<meta name=\"description\" content=\"RSR14-P9 receiver sub board compatible with GE Voluson E6 and E8 ultrasound machines. Reliable ultrasound spare parts supplier with fast delivery.\" \/>\n<meta name=\"robots\" content=\"index, follow, max-snippet:-1, max-image-preview:large, max-video-preview:-1\" \/>\n<link rel=\"canonical\" href=\"https:\/\/ultramachineparts.com\/pl\/product\/e8-e6-rsr14-p9-receiver-sub-board\/\" \/>\n<meta property=\"og:locale\" content=\"pl_PL\" \/>\n<meta property=\"og:type\" content=\"article\" \/>\n<meta property=\"og:title\" content=\"GE Ultrasound Voluson E6 E8 RSR14-P9 Receiver Sub Board KTI196357_9\" \/>\n<meta property=\"og:description\" content=\"RSR14-P9 receiver sub board compatible with GE Voluson E6 and E8 ultrasound machines. Reliable ultrasound spare parts supplier with fast delivery.\" \/>\n<meta property=\"og:url\" content=\"https:\/\/ultramachineparts.com\/pl\/product\/e8-e6-rsr14-p9-receiver-sub-board\/\" \/>\n<meta property=\"og:site_name\" content=\"ultramachine-part\" \/>\n<meta property=\"og:image\" content=\"https:\/\/ultramachineparts.com\/wp-content\/uploads\/2026\/03\/E6-E8-RSR14-P9-Receiver-Sub-Board-2.jpg\" \/>\n\t<meta property=\"og:image:width\" content=\"860\" \/>\n\t<meta property=\"og:image:height\" content=\"1147\" \/>\n\t<meta property=\"og:image:type\" content=\"image\/jpeg\" \/>\n<meta name=\"twitter:card\" content=\"summary_large_image\" \/>\n<meta name=\"twitter:label1\" content=\"Szacowany czas czytania\" \/>\n\t<meta name=\"twitter:data1\" content=\"1 minuta\" \/>\n<script type=\"application\/ld+json\" class=\"yoast-schema-graph\">{\"@context\":\"https:\/\/schema.org\",\"@graph\":[{\"@type\":\"WebPage\",\"@id\":\"https:\/\/ultramachineparts.com\/product\/e8-e6-rsr14-p9-receiver-sub-board\/\",\"url\":\"https:\/\/ultramachineparts.com\/product\/e8-e6-rsr14-p9-receiver-sub-board\/\",\"name\":\"GE Ultrasound Voluson E6 E8 RSR14-P9 Receiver Sub Board KTI196357_9\",\"isPartOf\":{\"@id\":\"https:\/\/ultramachineparts.com\/#website\"},\"primaryImageOfPage\":{\"@id\":\"https:\/\/ultramachineparts.com\/product\/e8-e6-rsr14-p9-receiver-sub-board\/#primaryimage\"},\"image\":{\"@id\":\"https:\/\/ultramachineparts.com\/product\/e8-e6-rsr14-p9-receiver-sub-board\/#primaryimage\"},\"thumbnailUrl\":\"https:\/\/ultramachineparts.com\/wp-content\/uploads\/2026\/03\/E6-E8-RSR14-P9-Receiver-Sub-Board-2.jpg\",\"datePublished\":\"2026-03-14T15:29:08+00:00\",\"description\":\"RSR14-P9 receiver sub board compatible with GE Voluson E6 and E8 ultrasound machines. Reliable ultrasound spare parts supplier with fast delivery.\",\"breadcrumb\":{\"@id\":\"https:\/\/ultramachineparts.com\/product\/e8-e6-rsr14-p9-receiver-sub-board\/#breadcrumb\"},\"inLanguage\":\"pl-PL\",\"potentialAction\":[{\"@type\":\"ReadAction\",\"target\":[\"https:\/\/ultramachineparts.com\/product\/e8-e6-rsr14-p9-receiver-sub-board\/\"]}]},{\"@type\":\"ImageObject\",\"inLanguage\":\"pl-PL\",\"@id\":\"https:\/\/ultramachineparts.com\/product\/e8-e6-rsr14-p9-receiver-sub-board\/#primaryimage\",\"url\":\"https:\/\/ultramachineparts.com\/wp-content\/uploads\/2026\/03\/E6-E8-RSR14-P9-Receiver-Sub-Board-2.jpg\",\"contentUrl\":\"https:\/\/ultramachineparts.com\/wp-content\/uploads\/2026\/03\/E6-E8-RSR14-P9-Receiver-Sub-Board-2.jpg\",\"width\":860,\"height\":1147,\"caption\":\"E6 E8 RSR14-P9 Receiver Sub Board KTI196357_9\"},{\"@type\":\"BreadcrumbList\",\"@id\":\"https:\/\/ultramachineparts.com\/product\/e8-e6-rsr14-p9-receiver-sub-board\/#breadcrumb\",\"itemListElement\":[{\"@type\":\"ListItem\",\"position\":1,\"name\":\"Home\",\"item\":\"https:\/\/ultramachineparts.com\/\"},{\"@type\":\"ListItem\",\"position\":2,\"name\":\"Ultrasound Boards Repair\",\"item\":\"https:\/\/ultramachineparts.com\/pcategory\/ultrasound-boards-repair\/\"},{\"@type\":\"ListItem\",\"position\":3,\"name\":\"GE Ultrasound Voluson E6 E8 RSR14-P9 Receiver Sub Board KTI196357_9\"}]},{\"@type\":\"WebSite\",\"@id\":\"https:\/\/ultramachineparts.com\/#website\",\"url\":\"https:\/\/ultramachineparts.com\/\",\"name\":\"ultramachine-part\",\"description\":\"\",\"publisher\":{\"@id\":\"https:\/\/ultramachineparts.com\/#organization\"},\"potentialAction\":[{\"@type\":\"SearchAction\",\"target\":{\"@type\":\"EntryPoint\",\"urlTemplate\":\"https:\/\/ultramachineparts.com\/?s={search_term_string}\"},\"query-input\":{\"@type\":\"PropertyValueSpecification\",\"valueRequired\":true,\"valueName\":\"search_term_string\"}}],\"inLanguage\":\"pl-PL\"},{\"@type\":\"Organization\",\"@id\":\"https:\/\/ultramachineparts.com\/#organization\",\"name\":\"ultramachine-part\",\"url\":\"https:\/\/ultramachineparts.com\/\",\"logo\":{\"@type\":\"ImageObject\",\"inLanguage\":\"pl-PL\",\"@id\":\"https:\/\/ultramachineparts.com\/#\/schema\/logo\/image\/\",\"url\":\"https:\/\/ultramachineparts.com\/wp-content\/uploads\/2026\/03\/logo-echoelite.png\",\"contentUrl\":\"https:\/\/ultramachineparts.com\/wp-content\/uploads\/2026\/03\/logo-echoelite.png\",\"width\":463,\"height\":120,\"caption\":\"ultramachine-part\"},\"image\":{\"@id\":\"https:\/\/ultramachineparts.com\/#\/schema\/logo\/image\/\"}}]}<\/script>\n<!-- \/ Yoast SEO plugin. -->","yoast_head_json":{"title":"GE Ultrasound Voluson E6 E8 RSR14-P9 Receiver Sub Board KTI196357_9","description":"Podp\u0142ytka odbiornika RSR14-P9 kompatybilna z aparatami ultrasonograficznymi GE Voluson E6 i E8. Niezawodny dostawca cz\u0119\u015bci zamiennych do ultrasonograf\u00f3w z szybk\u0105 dostaw\u0105.","robots":{"index":"index","follow":"follow","max-snippet":"max-snippet:-1","max-image-preview":"max-image-preview:large","max-video-preview":"max-video-preview:-1"},"canonical":"https:\/\/ultramachineparts.com\/pl\/product\/e8-e6-rsr14-p9-receiver-sub-board\/","og_locale":"pl_PL","og_type":"article","og_title":"GE Ultrasound Voluson E6 E8 RSR14-P9 Receiver Sub Board KTI196357_9","og_description":"RSR14-P9 receiver sub board compatible with GE Voluson E6 and E8 ultrasound machines. Reliable ultrasound spare parts supplier with fast delivery.","og_url":"https:\/\/ultramachineparts.com\/pl\/product\/e8-e6-rsr14-p9-receiver-sub-board\/","og_site_name":"ultramachine-part","og_image":[{"width":860,"height":1147,"url":"https:\/\/ultramachineparts.com\/wp-content\/uploads\/2026\/03\/E6-E8-RSR14-P9-Receiver-Sub-Board-2.jpg","type":"image\/jpeg"}],"twitter_card":"summary_large_image","twitter_misc":{"Szacowany czas czytania":"1 minuta"},"schema":{"@context":"https:\/\/schema.org","@graph":[{"@type":"WebPage","@id":"https:\/\/ultramachineparts.com\/product\/e8-e6-rsr14-p9-receiver-sub-board\/","url":"https:\/\/ultramachineparts.com\/product\/e8-e6-rsr14-p9-receiver-sub-board\/","name":"GE Ultrasound Voluson E6 E8 RSR14-P9 Receiver Sub Board KTI196357_9","isPartOf":{"@id":"https:\/\/ultramachineparts.com\/#website"},"primaryImageOfPage":{"@id":"https:\/\/ultramachineparts.com\/product\/e8-e6-rsr14-p9-receiver-sub-board\/#primaryimage"},"image":{"@id":"https:\/\/ultramachineparts.com\/product\/e8-e6-rsr14-p9-receiver-sub-board\/#primaryimage"},"thumbnailUrl":"https:\/\/ultramachineparts.com\/wp-content\/uploads\/2026\/03\/E6-E8-RSR14-P9-Receiver-Sub-Board-2.jpg","datePublished":"2026-03-14T15:29:08+00:00","description":"Podp\u0142ytka odbiornika RSR14-P9 kompatybilna z aparatami ultrasonograficznymi GE Voluson E6 i E8. Niezawodny dostawca cz\u0119\u015bci zamiennych do ultrasonograf\u00f3w z szybk\u0105 dostaw\u0105.","breadcrumb":{"@id":"https:\/\/ultramachineparts.com\/product\/e8-e6-rsr14-p9-receiver-sub-board\/#breadcrumb"},"inLanguage":"pl-PL","potentialAction":[{"@type":"ReadAction","target":["https:\/\/ultramachineparts.com\/product\/e8-e6-rsr14-p9-receiver-sub-board\/"]}]},{"@type":"ImageObject","inLanguage":"pl-PL","@id":"https:\/\/ultramachineparts.com\/product\/e8-e6-rsr14-p9-receiver-sub-board\/#primaryimage","url":"https:\/\/ultramachineparts.com\/wp-content\/uploads\/2026\/03\/E6-E8-RSR14-P9-Receiver-Sub-Board-2.jpg","contentUrl":"https:\/\/ultramachineparts.com\/wp-content\/uploads\/2026\/03\/E6-E8-RSR14-P9-Receiver-Sub-Board-2.jpg","width":860,"height":1147,"caption":"E6 E8 RSR14-P9 Receiver Sub Board KTI196357_9"},{"@type":"BreadcrumbList","@id":"https:\/\/ultramachineparts.com\/product\/e8-e6-rsr14-p9-receiver-sub-board\/#breadcrumb","itemListElement":[{"@type":"ListItem","position":1,"name":"Home","item":"https:\/\/ultramachineparts.com\/"},{"@type":"ListItem","position":2,"name":"Ultrasound Boards Repair","item":"https:\/\/ultramachineparts.com\/pcategory\/ultrasound-boards-repair\/"},{"@type":"ListItem","position":3,"name":"GE Ultrasound Voluson E6 E8 RSR14-P9 Receiver Sub Board KTI196357_9"}]},{"@type":"WebSite","@id":"https:\/\/ultramachineparts.com\/#website","url":"https:\/\/ultramachineparts.com\/","name":"cz\u0119\u015b\u0107 ultramaszynowa","description":"","publisher":{"@id":"https:\/\/ultramachineparts.com\/#organization"},"potentialAction":[{"@type":"SearchAction","target":{"@type":"EntryPoint","urlTemplate":"https:\/\/ultramachineparts.com\/?s={search_term_string}"},"query-input":{"@type":"PropertyValueSpecification","valueRequired":true,"valueName":"search_term_string"}}],"inLanguage":"pl-PL"},{"@type":"Organization","@id":"https:\/\/ultramachineparts.com\/#organization","name":"cz\u0119\u015b\u0107 ultramaszynowa","url":"https:\/\/ultramachineparts.com\/","logo":{"@type":"ImageObject","inLanguage":"pl-PL","@id":"https:\/\/ultramachineparts.com\/#\/schema\/logo\/image\/","url":"https:\/\/ultramachineparts.com\/wp-content\/uploads\/2026\/03\/logo-echoelite.png","contentUrl":"https:\/\/ultramachineparts.com\/wp-content\/uploads\/2026\/03\/logo-echoelite.png","width":463,"height":120,"caption":"ultramachine-part"},"image":{"@id":"https:\/\/ultramachineparts.com\/#\/schema\/logo\/image\/"}}]}},"taxonomy_info":{"pcategory":[{"value":5,"label":"Ultrasound Boards Repair"}]},"featured_image_src_large":["https:\/\/ultramachineparts.com\/wp-content\/uploads\/2026\/03\/E6-E8-RSR14-P9-Receiver-Sub-Board-2-768x1024.jpg",768,1024,true],"author_info":[],"comment_info":"","_links":{"self":[{"href":"https:\/\/ultramachineparts.com\/pl\/wp-json\/wp\/v2\/product\/3434","targetHints":{"allow":["GET"]}}],"collection":[{"href":"https:\/\/ultramachineparts.com\/pl\/wp-json\/wp\/v2\/product"}],"about":[{"href":"https:\/\/ultramachineparts.com\/pl\/wp-json\/wp\/v2\/types\/product"}],"wp:featuredmedia":[{"embeddable":true,"href":"https:\/\/ultramachineparts.com\/pl\/wp-json\/wp\/v2\/media\/3497"}],"wp:attachment":[{"href":"https:\/\/ultramachineparts.com\/pl\/wp-json\/wp\/v2\/media?parent=3434"}],"wp:term":[{"taxonomy":"pcategory","embeddable":true,"href":"https:\/\/ultramachineparts.com\/pl\/wp-json\/wp\/v2\/pcategory?post=3434"},{"taxonomy":"ptag","embeddable":true,"href":"https:\/\/ultramachineparts.com\/pl\/wp-json\/wp\/v2\/ptag?post=3434"}],"curies":[{"name":"wp","href":"https:\/\/api.w.org\/{rel}","templated":true}]}}