{"id":3435,"date":"2026-03-15T09:30:55","date_gmt":"2026-03-15T09:30:55","guid":{"rendered":"https:\/\/ultramachineparts.com\/?post_type=product&#038;p=3435"},"modified":"2026-03-16T05:51:32","modified_gmt":"2026-03-16T05:51:32","slug":"ge-dbm128-board-5573638-2","status":"publish","type":"product","link":"https:\/\/ultramachineparts.com\/pl\/product\/ge-dbm128-board-5573638-2\/","title":{"rendered":"GE Voluson DBM128 P\u0142yta 5573638-2 Cz\u0119\u015b\u0107 zamienna do ultrasonografu"},"content":{"rendered":"<p>The <strong>GE Voluson S6\/S8\/S10\/P6\/P8 DBM128 Board 5573638-2<\/strong> to wewn\u0119trzna karta przetwarzania sygna\u0142u przeznaczona do u\u017cytku z systemami ultrasonograficznymi GE Voluson, wspomagaj\u0105ca cyfrowe formowanie wi\u0105zki i obs\u0142ug\u0119 danych echa w celu zapewnienia wysokiej jako\u015bci obrazowania diagnostycznego.<\/p>\n<p><strong>Informacje o produkcie<\/strong><\/p>\n<ul>\n<li><strong>Nazwa produktu:<\/strong> P\u0142ytka ultrasonograficzna DBM128<\/li>\n<li><strong>Numer cz\u0119\u015bci:<\/strong> 5573638-2<\/li>\n<li><strong>Kompatybilne systemy:<\/strong> Systemy ultrasonograficzne GE Voluson S6, S8, S10, P6 i P8<\/li>\n<li><strong>Funkcja:<\/strong> Karta formowania wi\u0105zki \/ przetwarzania sygna\u0142u do sterowania obrazowaniem i przep\u0142ywu danych<\/li>\n<li><strong>Marka:<\/strong> GE<\/li>\n<li><strong>Stan:<\/strong> U\u017cywana \/ oryginalna testowana cz\u0119\u015b\u0107 zamienna<\/li>\n<li><strong>Gwarancja:<\/strong> 6 miesi\u0119cy<\/li>\n<li><strong>Czas dostawy:<\/strong> Zwykle w ci\u0105gu 3-7 dni roboczych<\/li>\n<li><strong>Serwis:<\/strong> Bezpo\u015brednia sprzeda\u017c \/ Wymiana \/ Naprawa dost\u0119pna<\/li>\n<\/ul>\n<p><strong>Uwagi dotycz\u0105ce us\u0142ugi<\/strong><\/p>\n<ul>\n<li>Przed z\u0142o\u017ceniem zam\u00f3wienia nale\u017cy potwierdzi\u0107 zgodno\u015b\u0107 z posiadanym modelem systemu GE Voluson.<\/li>\n<li>Instalacja powinna by\u0107 wykonywana przez wykwalifikowanych technik\u00f3w serwisowych zaznajomionych z elektronik\u0105 ultrad\u017awi\u0119kow\u0105.<\/li>\n<li>Wymiana lub serwis gwarancyjny mog\u0105 wymaga\u0107 zwrotu oryginalnej wadliwej p\u0142yty.<\/li>\n<li>Nale\u017cy obchodzi\u0107 si\u0119 z nim ostro\u017cnie, aby unikn\u0105\u0107 uszkodzenia wra\u017cliwych element\u00f3w elektronicznych.<\/li>\n<li>Skontaktuj si\u0119 z dostawc\u0105 w celu oceny naprawy, wsparcia technicznego lub zapyta\u0144 dotycz\u0105cych zakup\u00f3w hurtowych.<\/li>\n<\/ul>","protected":false},"excerpt":{"rendered":"<p>GE Voluson DBM128 Board 5573638-2 p\u0142ytka formowania wi\u0105zki do system\u00f3w ultrasonograficznych. Niezawodne, przetestowane cz\u0119\u015bci zamienne z gwarancj\u0105.<\/p>","protected":false},"featured_media":3526,"parent":0,"template":"","meta":{"_acf_changed":false,"_kad_blocks_custom_css":"","_kad_blocks_head_custom_js":"","_kad_blocks_body_custom_js":"","_kad_blocks_footer_custom_js":"","_kadence_starter_templates_imported_post":false,"_kad_post_transparent":"default","_kad_post_title":"","_kad_post_layout":"default","_kad_post_sidebar_id":"","_kad_post_content_style":"default","_kad_post_vertical_padding":"default","_kad_post_feature":"","_kad_post_feature_position":"","_kad_post_header":false,"_kad_post_footer":false},"pcategory":[5],"ptag":[],"class_list":["post-3435","product","type-product","status-publish","has-post-thumbnail","hentry","pcategory-ultrasound-boards-repair"],"acf":[],"yoast_head":"<!-- This site is optimized with the Yoast SEO plugin v27.1.1 - https:\/\/yoast.com\/product\/yoast-seo-wordpress\/ -->\n<title>GE Voluson DBM128 Board 5573638-2 Ultrasound Replacement Part<\/title>\n<meta name=\"description\" content=\"GE Voluson DBM128 Board 5573638-2 beamforming board for ultrasound systems. Reliable tested replacement parts with warranty available.\" \/>\n<meta name=\"robots\" content=\"index, follow, max-snippet:-1, max-image-preview:large, max-video-preview:-1\" \/>\n<link rel=\"canonical\" href=\"https:\/\/ultramachineparts.com\/pl\/product\/ge-dbm128-board-5573638-2\/\" \/>\n<meta property=\"og:locale\" content=\"pl_PL\" \/>\n<meta property=\"og:type\" content=\"article\" \/>\n<meta property=\"og:title\" content=\"GE Voluson DBM128 Board 5573638-2 Ultrasound Replacement Part\" \/>\n<meta property=\"og:description\" content=\"GE Voluson DBM128 Board 5573638-2 beamforming board for ultrasound systems. Reliable tested replacement parts with warranty available.\" \/>\n<meta property=\"og:url\" content=\"https:\/\/ultramachineparts.com\/pl\/product\/ge-dbm128-board-5573638-2\/\" \/>\n<meta property=\"og:site_name\" content=\"ultramachine-part\" \/>\n<meta property=\"article:modified_time\" content=\"2026-03-16T05:51:32+00:00\" \/>\n<meta property=\"og:image\" content=\"https:\/\/ultramachineparts.com\/wp-content\/uploads\/2026\/03\/GE-DBM128-Board-5573638\u20112-1.jpg\" \/>\n\t<meta property=\"og:image:width\" content=\"1280\" \/>\n\t<meta property=\"og:image:height\" content=\"1344\" \/>\n\t<meta property=\"og:image:type\" content=\"image\/jpeg\" \/>\n<meta name=\"twitter:card\" content=\"summary_large_image\" \/>\n<meta name=\"twitter:label1\" content=\"Szacowany czas czytania\" \/>\n\t<meta name=\"twitter:data1\" content=\"1 minuta\" \/>\n<script type=\"application\/ld+json\" class=\"yoast-schema-graph\">{\"@context\":\"https:\/\/schema.org\",\"@graph\":[{\"@type\":\"WebPage\",\"@id\":\"https:\/\/ultramachineparts.com\/product\/ge-dbm128-board-5573638-2\/\",\"url\":\"https:\/\/ultramachineparts.com\/product\/ge-dbm128-board-5573638-2\/\",\"name\":\"GE Voluson DBM128 Board 5573638-2 Ultrasound Replacement Part\",\"isPartOf\":{\"@id\":\"https:\/\/ultramachineparts.com\/#website\"},\"primaryImageOfPage\":{\"@id\":\"https:\/\/ultramachineparts.com\/product\/ge-dbm128-board-5573638-2\/#primaryimage\"},\"image\":{\"@id\":\"https:\/\/ultramachineparts.com\/product\/ge-dbm128-board-5573638-2\/#primaryimage\"},\"thumbnailUrl\":\"https:\/\/ultramachineparts.com\/wp-content\/uploads\/2026\/03\/GE-DBM128-Board-5573638\u20112-1.jpg\",\"datePublished\":\"2026-03-15T09:30:55+00:00\",\"dateModified\":\"2026-03-16T05:51:32+00:00\",\"description\":\"GE Voluson DBM128 Board 5573638-2 beamforming board for ultrasound systems. Reliable tested replacement parts with warranty available.\",\"breadcrumb\":{\"@id\":\"https:\/\/ultramachineparts.com\/product\/ge-dbm128-board-5573638-2\/#breadcrumb\"},\"inLanguage\":\"pl-PL\",\"potentialAction\":[{\"@type\":\"ReadAction\",\"target\":[\"https:\/\/ultramachineparts.com\/product\/ge-dbm128-board-5573638-2\/\"]}]},{\"@type\":\"ImageObject\",\"inLanguage\":\"pl-PL\",\"@id\":\"https:\/\/ultramachineparts.com\/product\/ge-dbm128-board-5573638-2\/#primaryimage\",\"url\":\"https:\/\/ultramachineparts.com\/wp-content\/uploads\/2026\/03\/GE-DBM128-Board-5573638\u20112-1.jpg\",\"contentUrl\":\"https:\/\/ultramachineparts.com\/wp-content\/uploads\/2026\/03\/GE-DBM128-Board-5573638\u20112-1.jpg\",\"width\":1280,\"height\":1344},{\"@type\":\"BreadcrumbList\",\"@id\":\"https:\/\/ultramachineparts.com\/product\/ge-dbm128-board-5573638-2\/#breadcrumb\",\"itemListElement\":[{\"@type\":\"ListItem\",\"position\":1,\"name\":\"Home\",\"item\":\"https:\/\/ultramachineparts.com\/\"},{\"@type\":\"ListItem\",\"position\":2,\"name\":\"Ultrasound Boards Repair\",\"item\":\"https:\/\/ultramachineparts.com\/pcategory\/ultrasound-boards-repair\/\"},{\"@type\":\"ListItem\",\"position\":3,\"name\":\"GE Voluson DBM128 Board 5573638-2 Ultrasound Replacement Part\"}]},{\"@type\":\"WebSite\",\"@id\":\"https:\/\/ultramachineparts.com\/#website\",\"url\":\"https:\/\/ultramachineparts.com\/\",\"name\":\"ultramachine-part\",\"description\":\"\",\"publisher\":{\"@id\":\"https:\/\/ultramachineparts.com\/#organization\"},\"potentialAction\":[{\"@type\":\"SearchAction\",\"target\":{\"@type\":\"EntryPoint\",\"urlTemplate\":\"https:\/\/ultramachineparts.com\/?s={search_term_string}\"},\"query-input\":{\"@type\":\"PropertyValueSpecification\",\"valueRequired\":true,\"valueName\":\"search_term_string\"}}],\"inLanguage\":\"pl-PL\"},{\"@type\":\"Organization\",\"@id\":\"https:\/\/ultramachineparts.com\/#organization\",\"name\":\"ultramachine-part\",\"url\":\"https:\/\/ultramachineparts.com\/\",\"logo\":{\"@type\":\"ImageObject\",\"inLanguage\":\"pl-PL\",\"@id\":\"https:\/\/ultramachineparts.com\/#\/schema\/logo\/image\/\",\"url\":\"https:\/\/ultramachineparts.com\/wp-content\/uploads\/2026\/03\/logo-echoelite.png\",\"contentUrl\":\"https:\/\/ultramachineparts.com\/wp-content\/uploads\/2026\/03\/logo-echoelite.png\",\"width\":463,\"height\":120,\"caption\":\"ultramachine-part\"},\"image\":{\"@id\":\"https:\/\/ultramachineparts.com\/#\/schema\/logo\/image\/\"}}]}<\/script>\n<!-- \/ Yoast SEO plugin. -->","yoast_head_json":{"title":"GE Voluson DBM128 P\u0142yta 5573638-2 Cz\u0119\u015b\u0107 zamienna do ultrasonografu","description":"GE Voluson DBM128 Board 5573638-2 p\u0142ytka formowania wi\u0105zki do system\u00f3w ultrasonograficznych. Niezawodne, przetestowane cz\u0119\u015bci zamienne z gwarancj\u0105.","robots":{"index":"index","follow":"follow","max-snippet":"max-snippet:-1","max-image-preview":"max-image-preview:large","max-video-preview":"max-video-preview:-1"},"canonical":"https:\/\/ultramachineparts.com\/pl\/product\/ge-dbm128-board-5573638-2\/","og_locale":"pl_PL","og_type":"article","og_title":"GE Voluson DBM128 Board 5573638-2 Ultrasound Replacement Part","og_description":"GE Voluson DBM128 Board 5573638-2 beamforming board for ultrasound systems. Reliable tested replacement parts with warranty available.","og_url":"https:\/\/ultramachineparts.com\/pl\/product\/ge-dbm128-board-5573638-2\/","og_site_name":"ultramachine-part","article_modified_time":"2026-03-16T05:51:32+00:00","og_image":[{"width":1280,"height":1344,"url":"https:\/\/ultramachineparts.com\/wp-content\/uploads\/2026\/03\/GE-DBM128-Board-5573638\u20112-1.jpg","type":"image\/jpeg"}],"twitter_card":"summary_large_image","twitter_misc":{"Szacowany czas czytania":"1 minuta"},"schema":{"@context":"https:\/\/schema.org","@graph":[{"@type":"WebPage","@id":"https:\/\/ultramachineparts.com\/product\/ge-dbm128-board-5573638-2\/","url":"https:\/\/ultramachineparts.com\/product\/ge-dbm128-board-5573638-2\/","name":"GE Voluson DBM128 P\u0142yta 5573638-2 Cz\u0119\u015b\u0107 zamienna do ultrasonografu","isPartOf":{"@id":"https:\/\/ultramachineparts.com\/#website"},"primaryImageOfPage":{"@id":"https:\/\/ultramachineparts.com\/product\/ge-dbm128-board-5573638-2\/#primaryimage"},"image":{"@id":"https:\/\/ultramachineparts.com\/product\/ge-dbm128-board-5573638-2\/#primaryimage"},"thumbnailUrl":"https:\/\/ultramachineparts.com\/wp-content\/uploads\/2026\/03\/GE-DBM128-Board-5573638\u20112-1.jpg","datePublished":"2026-03-15T09:30:55+00:00","dateModified":"2026-03-16T05:51:32+00:00","description":"GE Voluson DBM128 Board 5573638-2 p\u0142ytka formowania wi\u0105zki do system\u00f3w ultrasonograficznych. Niezawodne, przetestowane cz\u0119\u015bci zamienne z gwarancj\u0105.","breadcrumb":{"@id":"https:\/\/ultramachineparts.com\/product\/ge-dbm128-board-5573638-2\/#breadcrumb"},"inLanguage":"pl-PL","potentialAction":[{"@type":"ReadAction","target":["https:\/\/ultramachineparts.com\/product\/ge-dbm128-board-5573638-2\/"]}]},{"@type":"ImageObject","inLanguage":"pl-PL","@id":"https:\/\/ultramachineparts.com\/product\/ge-dbm128-board-5573638-2\/#primaryimage","url":"https:\/\/ultramachineparts.com\/wp-content\/uploads\/2026\/03\/GE-DBM128-Board-5573638\u20112-1.jpg","contentUrl":"https:\/\/ultramachineparts.com\/wp-content\/uploads\/2026\/03\/GE-DBM128-Board-5573638\u20112-1.jpg","width":1280,"height":1344},{"@type":"BreadcrumbList","@id":"https:\/\/ultramachineparts.com\/product\/ge-dbm128-board-5573638-2\/#breadcrumb","itemListElement":[{"@type":"ListItem","position":1,"name":"Home","item":"https:\/\/ultramachineparts.com\/"},{"@type":"ListItem","position":2,"name":"Ultrasound Boards Repair","item":"https:\/\/ultramachineparts.com\/pcategory\/ultrasound-boards-repair\/"},{"@type":"ListItem","position":3,"name":"GE Voluson DBM128 Board 5573638-2 Ultrasound Replacement Part"}]},{"@type":"WebSite","@id":"https:\/\/ultramachineparts.com\/#website","url":"https:\/\/ultramachineparts.com\/","name":"cz\u0119\u015b\u0107 ultramaszynowa","description":"","publisher":{"@id":"https:\/\/ultramachineparts.com\/#organization"},"potentialAction":[{"@type":"SearchAction","target":{"@type":"EntryPoint","urlTemplate":"https:\/\/ultramachineparts.com\/?s={search_term_string}"},"query-input":{"@type":"PropertyValueSpecification","valueRequired":true,"valueName":"search_term_string"}}],"inLanguage":"pl-PL"},{"@type":"Organization","@id":"https:\/\/ultramachineparts.com\/#organization","name":"cz\u0119\u015b\u0107 ultramaszynowa","url":"https:\/\/ultramachineparts.com\/","logo":{"@type":"ImageObject","inLanguage":"pl-PL","@id":"https:\/\/ultramachineparts.com\/#\/schema\/logo\/image\/","url":"https:\/\/ultramachineparts.com\/wp-content\/uploads\/2026\/03\/logo-echoelite.png","contentUrl":"https:\/\/ultramachineparts.com\/wp-content\/uploads\/2026\/03\/logo-echoelite.png","width":463,"height":120,"caption":"ultramachine-part"},"image":{"@id":"https:\/\/ultramachineparts.com\/#\/schema\/logo\/image\/"}}]}},"taxonomy_info":{"pcategory":[{"value":5,"label":"Ultrasound Boards Repair"}]},"featured_image_src_large":["https:\/\/ultramachineparts.com\/wp-content\/uploads\/2026\/03\/GE-DBM128-Board-5573638\u20112-1-975x1024.jpg",975,1024,true],"author_info":[],"comment_info":"","_links":{"self":[{"href":"https:\/\/ultramachineparts.com\/pl\/wp-json\/wp\/v2\/product\/3435","targetHints":{"allow":["GET"]}}],"collection":[{"href":"https:\/\/ultramachineparts.com\/pl\/wp-json\/wp\/v2\/product"}],"about":[{"href":"https:\/\/ultramachineparts.com\/pl\/wp-json\/wp\/v2\/types\/product"}],"wp:featuredmedia":[{"embeddable":true,"href":"https:\/\/ultramachineparts.com\/pl\/wp-json\/wp\/v2\/media\/3526"}],"wp:attachment":[{"href":"https:\/\/ultramachineparts.com\/pl\/wp-json\/wp\/v2\/media?parent=3435"}],"wp:term":[{"taxonomy":"pcategory","embeddable":true,"href":"https:\/\/ultramachineparts.com\/pl\/wp-json\/wp\/v2\/pcategory?post=3435"},{"taxonomy":"ptag","embeddable":true,"href":"https:\/\/ultramachineparts.com\/pl\/wp-json\/wp\/v2\/ptag?post=3435"}],"curies":[{"name":"wp","href":"https:\/\/api.w.org\/{rel}","templated":true}]}}