{"id":4850,"date":"2026-03-31T02:55:26","date_gmt":"2026-03-31T02:55:26","guid":{"rendered":"https:\/\/ultramachineparts.com\/?post_type=product&#038;p=4850"},"modified":"2026-03-31T03:44:51","modified_gmt":"2026-03-31T03:44:51","slug":"toshiba-tsb1-30-20227-2","status":"publish","type":"product","link":"https:\/\/ultramachineparts.com\/pl\/product\/toshiba-tsb1-30-20227-2\/","title":{"rendered":"Refurbished P\/N TSB1-30-20227 Toshiba Famio 8 SSA-530A IO Board"},"content":{"rendered":"<p>P\u0142ytka IO Toshiba Famio 8 SSA-530A to wysokiej jako\u015bci odnowiona cz\u0119\u015b\u0107 przeznaczona do naprawy problem\u00f3w z wej\u015bciem\/wyj\u015bciem i komunikacj\u0105 w systemie ultrasonograficznym Toshiba Famio 8 (SSA-530A).<\/p>\n<p><strong>Informacje o produkcie<\/strong><\/p>\n<ul>\n<li><strong>Numer cz\u0119\u015bci:<\/strong> TSB1-30-20227<\/li>\n<li><strong>Kompatybilny system:<\/strong> System ultrasonograficzny Toshiba Famio 8 (SSA-530A)<\/li>\n<li><strong>Stan:<\/strong> Oryginalny u\u017cywany \/ profesjonalnie odnowiony i w pe\u0142ni przetestowany<\/li>\n<li><strong>Gwarancja:<\/strong> 60 dni<\/li>\n<li><strong>Serwis:<\/strong> Naprawa \/ wymiana \/ sprzeda\u017c<\/li>\n<li><strong>Czas naprawy:<\/strong> 2-5 dni roboczych<\/li>\n<\/ul>\n<p><strong>Uwagi<\/strong><\/p>\n<ul>\n<li>Przed z\u0142o\u017ceniem zam\u00f3wienia nale\u017cy potwierdzi\u0107 numer cz\u0119\u015bci i objawy usterki<\/li>\n<li>Przed instalacj\u0105 nale\u017cy ca\u0142kowicie wy\u0142\u0105czy\u0107 zasilanie systemu ultrasonograficznego<\/li>\n<li>Us\u0142uga wymiany wymaga zwrotu wadliwej p\u0142yty g\u0142\u00f3wnej<\/li>\n<\/ul>","protected":false},"excerpt":{"rendered":"<p>Kup odnowion\u0105 p\u0142yt\u0119 g\u0142\u00f3wn\u0105 Toshiba Famio 8 SSA-530A IO Board P\/N TSB1-30-20227 - Naprawa, wymiana i natychmiastowa wysy\u0142ka<\/p>","protected":false},"featured_media":4852,"parent":0,"template":"","meta":{"_acf_changed":false,"_kad_blocks_custom_css":"","_kad_blocks_head_custom_js":"","_kad_blocks_body_custom_js":"","_kad_blocks_footer_custom_js":"","_kadence_starter_templates_imported_post":false,"_kad_post_transparent":"default","_kad_post_title":"","_kad_post_layout":"default","_kad_post_sidebar_id":"","_kad_post_content_style":"default","_kad_post_vertical_padding":"default","_kad_post_feature":"","_kad_post_feature_position":"","_kad_post_header":false,"_kad_post_footer":false},"pcategory":[5],"ptag":[],"class_list":["post-4850","product","type-product","status-publish","has-post-thumbnail","hentry","pcategory-ultrasound-boards-repair"],"acf":[],"yoast_head":"<!-- This site is optimized with the Yoast SEO plugin v27.1.1 - https:\/\/yoast.com\/product\/yoast-seo-wordpress\/ -->\n<title>Refurbished P\/N TSB1-30-20227 Toshiba Famio 8 SSA-530A IO Board<\/title>\n<meta name=\"robots\" content=\"index, follow, max-snippet:-1, max-image-preview:large, max-video-preview:-1\" \/>\n<link rel=\"canonical\" href=\"https:\/\/ultramachineparts.com\/pl\/product\/toshiba-tsb1-30-20227-2\/\" \/>\n<meta property=\"og:locale\" content=\"pl_PL\" \/>\n<meta property=\"og:type\" content=\"article\" \/>\n<meta property=\"og:title\" content=\"Refurbished P\/N TSB1-30-20227 Toshiba Famio 8 SSA-530A IO Board\" \/>\n<meta property=\"og:description\" content=\"Buy Refurbished Toshiba Famio 8 SSA-530A IO Board P\/N TSB1-30-20227 - Repair, Exchange &amp; Outright Sale Service\" \/>\n<meta property=\"og:url\" content=\"https:\/\/ultramachineparts.com\/pl\/product\/toshiba-tsb1-30-20227-2\/\" \/>\n<meta property=\"og:site_name\" content=\"ultramachine-part\" \/>\n<meta property=\"article:modified_time\" content=\"2026-03-31T03:44:51+00:00\" \/>\n<meta property=\"og:image\" content=\"https:\/\/ultramachineparts.com\/wp-content\/uploads\/2027\/03\/Toshiba-TSB1-30-20227_1.jpg\" \/>\n\t<meta property=\"og:image:width\" content=\"800\" \/>\n\t<meta property=\"og:image:height\" content=\"800\" \/>\n\t<meta property=\"og:image:type\" content=\"image\/jpeg\" \/>\n<meta name=\"twitter:card\" content=\"summary_large_image\" \/>\n<meta name=\"twitter:label1\" content=\"Szacowany czas czytania\" \/>\n\t<meta name=\"twitter:data1\" content=\"1 minuta\" \/>\n<script type=\"application\/ld+json\" class=\"yoast-schema-graph\">{\"@context\":\"https:\/\/schema.org\",\"@graph\":[{\"@type\":\"WebPage\",\"@id\":\"https:\/\/ultramachineparts.com\/product\/toshiba-tsb1-30-20227-2\/\",\"url\":\"https:\/\/ultramachineparts.com\/product\/toshiba-tsb1-30-20227-2\/\",\"name\":\"Refurbished P\/N TSB1-30-20227 Toshiba Famio 8 SSA-530A IO Board\",\"isPartOf\":{\"@id\":\"https:\/\/ultramachineparts.com\/#website\"},\"primaryImageOfPage\":{\"@id\":\"https:\/\/ultramachineparts.com\/product\/toshiba-tsb1-30-20227-2\/#primaryimage\"},\"image\":{\"@id\":\"https:\/\/ultramachineparts.com\/product\/toshiba-tsb1-30-20227-2\/#primaryimage\"},\"thumbnailUrl\":\"https:\/\/ultramachineparts.com\/wp-content\/uploads\/2027\/03\/Toshiba-TSB1-30-20227_1.jpg\",\"datePublished\":\"2026-03-31T02:55:26+00:00\",\"dateModified\":\"2026-03-31T03:44:51+00:00\",\"breadcrumb\":{\"@id\":\"https:\/\/ultramachineparts.com\/product\/toshiba-tsb1-30-20227-2\/#breadcrumb\"},\"inLanguage\":\"pl-PL\",\"potentialAction\":[{\"@type\":\"ReadAction\",\"target\":[\"https:\/\/ultramachineparts.com\/product\/toshiba-tsb1-30-20227-2\/\"]}]},{\"@type\":\"ImageObject\",\"inLanguage\":\"pl-PL\",\"@id\":\"https:\/\/ultramachineparts.com\/product\/toshiba-tsb1-30-20227-2\/#primaryimage\",\"url\":\"https:\/\/ultramachineparts.com\/wp-content\/uploads\/2027\/03\/Toshiba-TSB1-30-20227_1.jpg\",\"contentUrl\":\"https:\/\/ultramachineparts.com\/wp-content\/uploads\/2027\/03\/Toshiba-TSB1-30-20227_1.jpg\",\"width\":800,\"height\":800,\"caption\":\"Toshiba TSB1-30-20227_1\"},{\"@type\":\"BreadcrumbList\",\"@id\":\"https:\/\/ultramachineparts.com\/product\/toshiba-tsb1-30-20227-2\/#breadcrumb\",\"itemListElement\":[{\"@type\":\"ListItem\",\"position\":1,\"name\":\"Home\",\"item\":\"https:\/\/ultramachineparts.com\/\"},{\"@type\":\"ListItem\",\"position\":2,\"name\":\"Ultrasound Boards Repair\",\"item\":\"https:\/\/ultramachineparts.com\/pcategory\/ultrasound-boards-repair\/\"},{\"@type\":\"ListItem\",\"position\":3,\"name\":\"Refurbished P\/N TSB1-30-20227 Toshiba Famio 8 SSA-530A IO Board\"}]},{\"@type\":\"WebSite\",\"@id\":\"https:\/\/ultramachineparts.com\/#website\",\"url\":\"https:\/\/ultramachineparts.com\/\",\"name\":\"ultramachine-part\",\"description\":\"\",\"publisher\":{\"@id\":\"https:\/\/ultramachineparts.com\/#organization\"},\"potentialAction\":[{\"@type\":\"SearchAction\",\"target\":{\"@type\":\"EntryPoint\",\"urlTemplate\":\"https:\/\/ultramachineparts.com\/?s={search_term_string}\"},\"query-input\":{\"@type\":\"PropertyValueSpecification\",\"valueRequired\":true,\"valueName\":\"search_term_string\"}}],\"inLanguage\":\"pl-PL\"},{\"@type\":\"Organization\",\"@id\":\"https:\/\/ultramachineparts.com\/#organization\",\"name\":\"ultramachine-part\",\"url\":\"https:\/\/ultramachineparts.com\/\",\"logo\":{\"@type\":\"ImageObject\",\"inLanguage\":\"pl-PL\",\"@id\":\"https:\/\/ultramachineparts.com\/#\/schema\/logo\/image\/\",\"url\":\"https:\/\/ultramachineparts.com\/wp-content\/uploads\/2026\/03\/logo-echoelite.png\",\"contentUrl\":\"https:\/\/ultramachineparts.com\/wp-content\/uploads\/2026\/03\/logo-echoelite.png\",\"width\":463,\"height\":120,\"caption\":\"ultramachine-part\"},\"image\":{\"@id\":\"https:\/\/ultramachineparts.com\/#\/schema\/logo\/image\/\"}}]}<\/script>\n<!-- \/ Yoast SEO plugin. -->","yoast_head_json":{"title":"Refurbished P\/N TSB1-30-20227 Toshiba Famio 8 SSA-530A IO Board","robots":{"index":"index","follow":"follow","max-snippet":"max-snippet:-1","max-image-preview":"max-image-preview:large","max-video-preview":"max-video-preview:-1"},"canonical":"https:\/\/ultramachineparts.com\/pl\/product\/toshiba-tsb1-30-20227-2\/","og_locale":"pl_PL","og_type":"article","og_title":"Refurbished P\/N TSB1-30-20227 Toshiba Famio 8 SSA-530A IO Board","og_description":"Buy Refurbished Toshiba Famio 8 SSA-530A IO Board P\/N TSB1-30-20227 - Repair, Exchange & Outright Sale Service","og_url":"https:\/\/ultramachineparts.com\/pl\/product\/toshiba-tsb1-30-20227-2\/","og_site_name":"ultramachine-part","article_modified_time":"2026-03-31T03:44:51+00:00","og_image":[{"width":800,"height":800,"url":"https:\/\/ultramachineparts.com\/wp-content\/uploads\/2027\/03\/Toshiba-TSB1-30-20227_1.jpg","type":"image\/jpeg"}],"twitter_card":"summary_large_image","twitter_misc":{"Szacowany czas czytania":"1 minuta"},"schema":{"@context":"https:\/\/schema.org","@graph":[{"@type":"WebPage","@id":"https:\/\/ultramachineparts.com\/product\/toshiba-tsb1-30-20227-2\/","url":"https:\/\/ultramachineparts.com\/product\/toshiba-tsb1-30-20227-2\/","name":"Refurbished P\/N TSB1-30-20227 Toshiba Famio 8 SSA-530A IO Board","isPartOf":{"@id":"https:\/\/ultramachineparts.com\/#website"},"primaryImageOfPage":{"@id":"https:\/\/ultramachineparts.com\/product\/toshiba-tsb1-30-20227-2\/#primaryimage"},"image":{"@id":"https:\/\/ultramachineparts.com\/product\/toshiba-tsb1-30-20227-2\/#primaryimage"},"thumbnailUrl":"https:\/\/ultramachineparts.com\/wp-content\/uploads\/2027\/03\/Toshiba-TSB1-30-20227_1.jpg","datePublished":"2026-03-31T02:55:26+00:00","dateModified":"2026-03-31T03:44:51+00:00","breadcrumb":{"@id":"https:\/\/ultramachineparts.com\/product\/toshiba-tsb1-30-20227-2\/#breadcrumb"},"inLanguage":"pl-PL","potentialAction":[{"@type":"ReadAction","target":["https:\/\/ultramachineparts.com\/product\/toshiba-tsb1-30-20227-2\/"]}]},{"@type":"ImageObject","inLanguage":"pl-PL","@id":"https:\/\/ultramachineparts.com\/product\/toshiba-tsb1-30-20227-2\/#primaryimage","url":"https:\/\/ultramachineparts.com\/wp-content\/uploads\/2027\/03\/Toshiba-TSB1-30-20227_1.jpg","contentUrl":"https:\/\/ultramachineparts.com\/wp-content\/uploads\/2027\/03\/Toshiba-TSB1-30-20227_1.jpg","width":800,"height":800,"caption":"Toshiba TSB1-30-20227_1"},{"@type":"BreadcrumbList","@id":"https:\/\/ultramachineparts.com\/product\/toshiba-tsb1-30-20227-2\/#breadcrumb","itemListElement":[{"@type":"ListItem","position":1,"name":"Home","item":"https:\/\/ultramachineparts.com\/"},{"@type":"ListItem","position":2,"name":"Ultrasound Boards Repair","item":"https:\/\/ultramachineparts.com\/pcategory\/ultrasound-boards-repair\/"},{"@type":"ListItem","position":3,"name":"Refurbished P\/N TSB1-30-20227 Toshiba Famio 8 SSA-530A IO Board"}]},{"@type":"WebSite","@id":"https:\/\/ultramachineparts.com\/#website","url":"https:\/\/ultramachineparts.com\/","name":"cz\u0119\u015b\u0107 ultramaszynowa","description":"","publisher":{"@id":"https:\/\/ultramachineparts.com\/#organization"},"potentialAction":[{"@type":"SearchAction","target":{"@type":"EntryPoint","urlTemplate":"https:\/\/ultramachineparts.com\/?s={search_term_string}"},"query-input":{"@type":"PropertyValueSpecification","valueRequired":true,"valueName":"search_term_string"}}],"inLanguage":"pl-PL"},{"@type":"Organization","@id":"https:\/\/ultramachineparts.com\/#organization","name":"cz\u0119\u015b\u0107 ultramaszynowa","url":"https:\/\/ultramachineparts.com\/","logo":{"@type":"ImageObject","inLanguage":"pl-PL","@id":"https:\/\/ultramachineparts.com\/#\/schema\/logo\/image\/","url":"https:\/\/ultramachineparts.com\/wp-content\/uploads\/2026\/03\/logo-echoelite.png","contentUrl":"https:\/\/ultramachineparts.com\/wp-content\/uploads\/2026\/03\/logo-echoelite.png","width":463,"height":120,"caption":"ultramachine-part"},"image":{"@id":"https:\/\/ultramachineparts.com\/#\/schema\/logo\/image\/"}}]}},"taxonomy_info":{"pcategory":[{"value":5,"label":"Ultrasound Boards Repair"}]},"featured_image_src_large":["https:\/\/ultramachineparts.com\/wp-content\/uploads\/2027\/03\/Toshiba-TSB1-30-20227_1.jpg",800,800,false],"author_info":[],"comment_info":"","_links":{"self":[{"href":"https:\/\/ultramachineparts.com\/pl\/wp-json\/wp\/v2\/product\/4850","targetHints":{"allow":["GET"]}}],"collection":[{"href":"https:\/\/ultramachineparts.com\/pl\/wp-json\/wp\/v2\/product"}],"about":[{"href":"https:\/\/ultramachineparts.com\/pl\/wp-json\/wp\/v2\/types\/product"}],"wp:featuredmedia":[{"embeddable":true,"href":"https:\/\/ultramachineparts.com\/pl\/wp-json\/wp\/v2\/media\/4852"}],"wp:attachment":[{"href":"https:\/\/ultramachineparts.com\/pl\/wp-json\/wp\/v2\/media?parent=4850"}],"wp:term":[{"taxonomy":"pcategory","embeddable":true,"href":"https:\/\/ultramachineparts.com\/pl\/wp-json\/wp\/v2\/pcategory?post=4850"},{"taxonomy":"ptag","embeddable":true,"href":"https:\/\/ultramachineparts.com\/pl\/wp-json\/wp\/v2\/ptag?post=4850"}],"curies":[{"name":"wp","href":"https:\/\/api.w.org\/{rel}","templated":true}]}}