{"id":4877,"date":"2026-04-01T03:29:46","date_gmt":"2026-04-01T03:29:46","guid":{"rendered":"https:\/\/ultramachineparts.com\/?post_type=product&#038;p=4877"},"modified":"2026-03-31T12:46:36","modified_gmt":"2026-03-31T12:46:36","slug":"philips-453561685791","status":"publish","type":"product","link":"https:\/\/ultramachineparts.com\/pl\/product\/philips-453561685791\/","title":{"rendered":"453561685791 P\u0142yta steruj\u0105ca Philips CX50 Naprawa cz\u0119\u015bci USG"},"content":{"rendered":"<p><strong>Nazwa cz\u0119\u015bci:<\/strong> Komisja Kontroli<\/p>\n<p><strong>Numer cz\u0119\u015bci:<\/strong> 453561685791<\/p>\n<p><strong>Kompatybilny system:<\/strong> System ultrasonograficzny Philips CX50<\/p>\n<p><strong>Stan:<\/strong> Oryginalny u\u017cywany \/ Profesjonalnie odnowiony i przetestowany<\/p>\n<p><strong>Gwarancja:<\/strong> 90 dni<\/p>\n<p><strong>Serwis:<\/strong> Naprawa \/ wymiana \/ sprzeda\u017c<\/p>\n<p><strong>Czas naprawy:<\/strong> 2-5 dni roboczych<\/p>\n<p><strong>Uwagi:<\/strong><\/p>\n<ul>\n<li>Przed z\u0142o\u017ceniem zam\u00f3wienia nale\u017cy potwierdzi\u0107 numer cz\u0119\u015bci i model systemu<\/li>\n<li>Przed instalacj\u0105 upewnij si\u0119, \u017ce system ultrasonograficzny jest wy\u0142\u0105czony.<\/li>\n<li>Us\u0142uga wymiany wymaga zwrotu wadliwej p\u0142yty<\/li>\n<\/ul>","protected":false},"excerpt":{"rendered":"<p>Nazwa cz\u0119\u015bci: P\u0142yta steruj\u0105ca Numer cz\u0119\u015bci: 453561685791 Kompatybilny system: Philips CX50 Ultrasound System Stan: Oryginalny u\u017cywany \/ Profesjonalnie odnowiony i przetestowany Gwarancja: 90 dni Serwis: Naprawa \/ Wymiana \/ Sprzeda\u017c Czas naprawy: 2-5 dni roboczych Uwagi: Prosimy o potwierdzenie numeru cz\u0119\u015bci i modelu systemu przed z\u0142o\u017ceniem zam\u00f3wienia Upewnij si\u0119, \u017ce system ultrasonograficzny jest wy\u0142\u0105czony przed...<\/p>","protected":false},"featured_media":4878,"parent":0,"template":"","meta":{"_acf_changed":false,"_kad_blocks_custom_css":"","_kad_blocks_head_custom_js":"","_kad_blocks_body_custom_js":"","_kad_blocks_footer_custom_js":"","_kadence_starter_templates_imported_post":false,"_kad_post_transparent":"default","_kad_post_title":"","_kad_post_layout":"default","_kad_post_sidebar_id":"","_kad_post_content_style":"default","_kad_post_vertical_padding":"default","_kad_post_feature":"","_kad_post_feature_position":"","_kad_post_header":false,"_kad_post_footer":false},"pcategory":[5],"ptag":[],"class_list":["post-4877","product","type-product","status-publish","has-post-thumbnail","hentry","pcategory-ultrasound-boards-repair"],"acf":[],"yoast_head":"<!-- This site is optimized with the Yoast SEO plugin v27.1.1 - https:\/\/yoast.com\/product\/yoast-seo-wordpress\/ -->\n<title>453561685791 Philips CX50 Control Board Ultrasound Part Repair<\/title>\n<meta name=\"robots\" content=\"index, follow, max-snippet:-1, max-image-preview:large, max-video-preview:-1\" \/>\n<link rel=\"canonical\" href=\"https:\/\/ultramachineparts.com\/pl\/product\/philips-453561685791\/\" \/>\n<meta property=\"og:locale\" content=\"pl_PL\" \/>\n<meta property=\"og:type\" content=\"article\" \/>\n<meta property=\"og:title\" content=\"453561685791 Philips CX50 Control Board Ultrasound Part Repair\" \/>\n<meta property=\"og:description\" content=\"Part Name: Control Board Part Number: 453561685791 Compatible System: Philips CX50 Ultrasound System Condition: Original used \/ Professionally refurbished and tested Warranty: 90 days Service: Repair \/ Exchange \/ Outright Sale Repair Time: 2\u20135 working days Notes: Please confirm the part number and system model before ordering Ensure the ultrasound system is powered off before...\" \/>\n<meta property=\"og:url\" content=\"https:\/\/ultramachineparts.com\/pl\/product\/philips-453561685791\/\" \/>\n<meta property=\"og:site_name\" content=\"ultramachine-part\" \/>\n<meta property=\"og:image\" content=\"https:\/\/ultramachineparts.com\/wp-content\/uploads\/2027\/03\/Philips-453561685791_1.jpg\" \/>\n\t<meta property=\"og:image:width\" content=\"800\" \/>\n\t<meta property=\"og:image:height\" content=\"800\" \/>\n\t<meta property=\"og:image:type\" content=\"image\/jpeg\" \/>\n<meta name=\"twitter:card\" content=\"summary_large_image\" \/>\n<meta name=\"twitter:label1\" content=\"Szacowany czas czytania\" \/>\n\t<meta name=\"twitter:data1\" content=\"1 minuta\" \/>\n<script type=\"application\/ld+json\" class=\"yoast-schema-graph\">{\"@context\":\"https:\/\/schema.org\",\"@graph\":[{\"@type\":\"WebPage\",\"@id\":\"https:\/\/ultramachineparts.com\/product\/philips-453561685791\/\",\"url\":\"https:\/\/ultramachineparts.com\/product\/philips-453561685791\/\",\"name\":\"453561685791 Philips CX50 Control Board Ultrasound Part Repair\",\"isPartOf\":{\"@id\":\"https:\/\/ultramachineparts.com\/#website\"},\"primaryImageOfPage\":{\"@id\":\"https:\/\/ultramachineparts.com\/product\/philips-453561685791\/#primaryimage\"},\"image\":{\"@id\":\"https:\/\/ultramachineparts.com\/product\/philips-453561685791\/#primaryimage\"},\"thumbnailUrl\":\"https:\/\/ultramachineparts.com\/wp-content\/uploads\/2027\/03\/Philips-453561685791_1.jpg\",\"datePublished\":\"2026-04-01T03:29:46+00:00\",\"breadcrumb\":{\"@id\":\"https:\/\/ultramachineparts.com\/product\/philips-453561685791\/#breadcrumb\"},\"inLanguage\":\"pl-PL\",\"potentialAction\":[{\"@type\":\"ReadAction\",\"target\":[\"https:\/\/ultramachineparts.com\/product\/philips-453561685791\/\"]}]},{\"@type\":\"ImageObject\",\"inLanguage\":\"pl-PL\",\"@id\":\"https:\/\/ultramachineparts.com\/product\/philips-453561685791\/#primaryimage\",\"url\":\"https:\/\/ultramachineparts.com\/wp-content\/uploads\/2027\/03\/Philips-453561685791_1.jpg\",\"contentUrl\":\"https:\/\/ultramachineparts.com\/wp-content\/uploads\/2027\/03\/Philips-453561685791_1.jpg\",\"width\":800,\"height\":800},{\"@type\":\"BreadcrumbList\",\"@id\":\"https:\/\/ultramachineparts.com\/product\/philips-453561685791\/#breadcrumb\",\"itemListElement\":[{\"@type\":\"ListItem\",\"position\":1,\"name\":\"Home\",\"item\":\"https:\/\/ultramachineparts.com\/\"},{\"@type\":\"ListItem\",\"position\":2,\"name\":\"Ultrasound Boards Repair\",\"item\":\"https:\/\/ultramachineparts.com\/pcategory\/ultrasound-boards-repair\/\"},{\"@type\":\"ListItem\",\"position\":3,\"name\":\"453561685791 Philips CX50 Control Board Ultrasound Part Repair\"}]},{\"@type\":\"WebSite\",\"@id\":\"https:\/\/ultramachineparts.com\/#website\",\"url\":\"https:\/\/ultramachineparts.com\/\",\"name\":\"ultramachine-part\",\"description\":\"\",\"publisher\":{\"@id\":\"https:\/\/ultramachineparts.com\/#organization\"},\"potentialAction\":[{\"@type\":\"SearchAction\",\"target\":{\"@type\":\"EntryPoint\",\"urlTemplate\":\"https:\/\/ultramachineparts.com\/?s={search_term_string}\"},\"query-input\":{\"@type\":\"PropertyValueSpecification\",\"valueRequired\":true,\"valueName\":\"search_term_string\"}}],\"inLanguage\":\"pl-PL\"},{\"@type\":\"Organization\",\"@id\":\"https:\/\/ultramachineparts.com\/#organization\",\"name\":\"ultramachine-part\",\"url\":\"https:\/\/ultramachineparts.com\/\",\"logo\":{\"@type\":\"ImageObject\",\"inLanguage\":\"pl-PL\",\"@id\":\"https:\/\/ultramachineparts.com\/#\/schema\/logo\/image\/\",\"url\":\"https:\/\/ultramachineparts.com\/wp-content\/uploads\/2026\/03\/logo-echoelite.png\",\"contentUrl\":\"https:\/\/ultramachineparts.com\/wp-content\/uploads\/2026\/03\/logo-echoelite.png\",\"width\":463,\"height\":120,\"caption\":\"ultramachine-part\"},\"image\":{\"@id\":\"https:\/\/ultramachineparts.com\/#\/schema\/logo\/image\/\"}}]}<\/script>\n<!-- \/ Yoast SEO plugin. -->","yoast_head_json":{"title":"453561685791 P\u0142yta steruj\u0105ca Philips CX50 Naprawa cz\u0119\u015bci USG","robots":{"index":"index","follow":"follow","max-snippet":"max-snippet:-1","max-image-preview":"max-image-preview:large","max-video-preview":"max-video-preview:-1"},"canonical":"https:\/\/ultramachineparts.com\/pl\/product\/philips-453561685791\/","og_locale":"pl_PL","og_type":"article","og_title":"453561685791 Philips CX50 Control Board Ultrasound Part Repair","og_description":"Part Name: Control Board Part Number: 453561685791 Compatible System: Philips CX50 Ultrasound System Condition: Original used \/ Professionally refurbished and tested Warranty: 90 days Service: Repair \/ Exchange \/ Outright Sale Repair Time: 2\u20135 working days Notes: Please confirm the part number and system model before ordering Ensure the ultrasound system is powered off before...","og_url":"https:\/\/ultramachineparts.com\/pl\/product\/philips-453561685791\/","og_site_name":"ultramachine-part","og_image":[{"width":800,"height":800,"url":"https:\/\/ultramachineparts.com\/wp-content\/uploads\/2027\/03\/Philips-453561685791_1.jpg","type":"image\/jpeg"}],"twitter_card":"summary_large_image","twitter_misc":{"Szacowany czas czytania":"1 minuta"},"schema":{"@context":"https:\/\/schema.org","@graph":[{"@type":"WebPage","@id":"https:\/\/ultramachineparts.com\/product\/philips-453561685791\/","url":"https:\/\/ultramachineparts.com\/product\/philips-453561685791\/","name":"453561685791 P\u0142yta steruj\u0105ca Philips CX50 Naprawa cz\u0119\u015bci USG","isPartOf":{"@id":"https:\/\/ultramachineparts.com\/#website"},"primaryImageOfPage":{"@id":"https:\/\/ultramachineparts.com\/product\/philips-453561685791\/#primaryimage"},"image":{"@id":"https:\/\/ultramachineparts.com\/product\/philips-453561685791\/#primaryimage"},"thumbnailUrl":"https:\/\/ultramachineparts.com\/wp-content\/uploads\/2027\/03\/Philips-453561685791_1.jpg","datePublished":"2026-04-01T03:29:46+00:00","breadcrumb":{"@id":"https:\/\/ultramachineparts.com\/product\/philips-453561685791\/#breadcrumb"},"inLanguage":"pl-PL","potentialAction":[{"@type":"ReadAction","target":["https:\/\/ultramachineparts.com\/product\/philips-453561685791\/"]}]},{"@type":"ImageObject","inLanguage":"pl-PL","@id":"https:\/\/ultramachineparts.com\/product\/philips-453561685791\/#primaryimage","url":"https:\/\/ultramachineparts.com\/wp-content\/uploads\/2027\/03\/Philips-453561685791_1.jpg","contentUrl":"https:\/\/ultramachineparts.com\/wp-content\/uploads\/2027\/03\/Philips-453561685791_1.jpg","width":800,"height":800},{"@type":"BreadcrumbList","@id":"https:\/\/ultramachineparts.com\/product\/philips-453561685791\/#breadcrumb","itemListElement":[{"@type":"ListItem","position":1,"name":"Home","item":"https:\/\/ultramachineparts.com\/"},{"@type":"ListItem","position":2,"name":"Ultrasound Boards Repair","item":"https:\/\/ultramachineparts.com\/pcategory\/ultrasound-boards-repair\/"},{"@type":"ListItem","position":3,"name":"453561685791 Philips CX50 Control Board Ultrasound Part Repair"}]},{"@type":"WebSite","@id":"https:\/\/ultramachineparts.com\/#website","url":"https:\/\/ultramachineparts.com\/","name":"cz\u0119\u015b\u0107 ultramaszynowa","description":"","publisher":{"@id":"https:\/\/ultramachineparts.com\/#organization"},"potentialAction":[{"@type":"SearchAction","target":{"@type":"EntryPoint","urlTemplate":"https:\/\/ultramachineparts.com\/?s={search_term_string}"},"query-input":{"@type":"PropertyValueSpecification","valueRequired":true,"valueName":"search_term_string"}}],"inLanguage":"pl-PL"},{"@type":"Organization","@id":"https:\/\/ultramachineparts.com\/#organization","name":"cz\u0119\u015b\u0107 ultramaszynowa","url":"https:\/\/ultramachineparts.com\/","logo":{"@type":"ImageObject","inLanguage":"pl-PL","@id":"https:\/\/ultramachineparts.com\/#\/schema\/logo\/image\/","url":"https:\/\/ultramachineparts.com\/wp-content\/uploads\/2026\/03\/logo-echoelite.png","contentUrl":"https:\/\/ultramachineparts.com\/wp-content\/uploads\/2026\/03\/logo-echoelite.png","width":463,"height":120,"caption":"ultramachine-part"},"image":{"@id":"https:\/\/ultramachineparts.com\/#\/schema\/logo\/image\/"}}]}},"taxonomy_info":{"pcategory":[{"value":5,"label":"Ultrasound Boards Repair"}]},"featured_image_src_large":["https:\/\/ultramachineparts.com\/wp-content\/uploads\/2027\/03\/Philips-453561685791_1.jpg",800,800,false],"author_info":[],"comment_info":"","_links":{"self":[{"href":"https:\/\/ultramachineparts.com\/pl\/wp-json\/wp\/v2\/product\/4877","targetHints":{"allow":["GET"]}}],"collection":[{"href":"https:\/\/ultramachineparts.com\/pl\/wp-json\/wp\/v2\/product"}],"about":[{"href":"https:\/\/ultramachineparts.com\/pl\/wp-json\/wp\/v2\/types\/product"}],"wp:featuredmedia":[{"embeddable":true,"href":"https:\/\/ultramachineparts.com\/pl\/wp-json\/wp\/v2\/media\/4878"}],"wp:attachment":[{"href":"https:\/\/ultramachineparts.com\/pl\/wp-json\/wp\/v2\/media?parent=4877"}],"wp:term":[{"taxonomy":"pcategory","embeddable":true,"href":"https:\/\/ultramachineparts.com\/pl\/wp-json\/wp\/v2\/pcategory?post=4877"},{"taxonomy":"ptag","embeddable":true,"href":"https:\/\/ultramachineparts.com\/pl\/wp-json\/wp\/v2\/ptag?post=4877"}],"curies":[{"name":"wp","href":"https:\/\/api.w.org\/{rel}","templated":true}]}}