{"id":4963,"date":"2026-04-05T07:57:02","date_gmt":"2026-04-05T07:57:02","guid":{"rendered":"https:\/\/ultramachineparts.com\/?post_type=product&#038;p=4963"},"modified":"2026-04-01T02:41:15","modified_gmt":"2026-04-01T02:41:15","slug":"philips-sp00840-2","status":"publish","type":"product","link":"https:\/\/ultramachineparts.com\/pl\/product\/philips-sp00840-2\/","title":{"rendered":"Philips HD11 Mainboard SP00840 Ultrasound Naprawa, wymiana i sprzeda\u017c odnowionego sprz\u0119tu"},"content":{"rendered":"<p>Us\u0142ugi wymiany, naprawy i sprzeda\u017cy odnowionej p\u0142yty g\u0142\u00f3wnej SP00840 s\u0105 dost\u0119pne dla systemu ultrasonograficznego Philips HD11. Ka\u017cda p\u0142yta g\u0142\u00f3wna jest profesjonalnie testowana, aby zapewni\u0107 stabilne sterowanie systemem i niezawodn\u0105 wydajno\u015b\u0107 obrazowania.<\/p>\n<p><strong>Informacje o produkcie<\/strong><\/p>\n<ul>\n<li>Nazwa cz\u0119\u015bci: P\u0142yta g\u0142\u00f3wna<\/li>\n<li>Numer cz\u0119\u015bci: SP00840<\/li>\n<li>Kompatybilny system: System ultrasonograficzny Philips HD11<\/li>\n<li>Stan: Oryginalny u\u017cywany \/ Profesjonalnie odnowiony i przetestowany<\/li>\n<li>Gwarancja: 90 dni<\/li>\n<li>Serwis: Naprawa \/ Wymiana \/ Sprzeda\u017c<\/li>\n<li>Czas naprawy: 2-5 dni roboczych<\/li>\n<\/ul>\n<p><strong>Uwagi<\/strong><\/p>\n<ul>\n<li>Przed z\u0142o\u017ceniem zam\u00f3wienia nale\u017cy potwierdzi\u0107 numer cz\u0119\u015bci i model systemu<\/li>\n<li>Przed instalacj\u0105 upewnij si\u0119, \u017ce system ultrasonograficzny jest wy\u0142\u0105czony.<\/li>\n<li>Us\u0142uga wymiany wymaga zwrotu wadliwej p\u0142yty g\u0142\u00f3wnej<\/li>\n<\/ul>","protected":false},"excerpt":{"rendered":"<p>P\u0142yta g\u0142\u00f3wna Philips HD11 SP00840 dost\u0119pna do wymiany, naprawy i odnowiona z 90-dniow\u0105 gwarancj\u0105 na konserwacj\u0119 systemu ultrad\u017awi\u0119kowego.<\/p>","protected":false},"featured_media":4966,"parent":0,"template":"","meta":{"_acf_changed":false,"_kad_blocks_custom_css":"","_kad_blocks_head_custom_js":"","_kad_blocks_body_custom_js":"","_kad_blocks_footer_custom_js":"","_kadence_starter_templates_imported_post":false,"_kad_post_transparent":"default","_kad_post_title":"","_kad_post_layout":"default","_kad_post_sidebar_id":"","_kad_post_content_style":"default","_kad_post_vertical_padding":"default","_kad_post_feature":"","_kad_post_feature_position":"","_kad_post_header":false,"_kad_post_footer":false},"pcategory":[5],"ptag":[],"class_list":["post-4963","product","type-product","status-publish","has-post-thumbnail","hentry","pcategory-ultrasound-boards-repair"],"acf":[],"yoast_head":"<!-- This site is optimized with the Yoast SEO plugin v27.1.1 - https:\/\/yoast.com\/product\/yoast-seo-wordpress\/ -->\n<title>Philips HD11 Mainboard SP00840 Ultrasound Repair Exchange and Refurbished Sale<\/title>\n<meta name=\"robots\" content=\"index, follow, max-snippet:-1, max-image-preview:large, max-video-preview:-1\" \/>\n<link rel=\"canonical\" href=\"https:\/\/ultramachineparts.com\/pl\/product\/philips-sp00840-2\/\" \/>\n<meta property=\"og:locale\" content=\"pl_PL\" \/>\n<meta property=\"og:type\" content=\"article\" \/>\n<meta property=\"og:title\" content=\"Philips HD11 Mainboard SP00840 Ultrasound Repair Exchange and Refurbished Sale\" \/>\n<meta property=\"og:description\" content=\"Philips HD11 mainboard SP00840 available for replacement, repair, and refurbished sale with 90\u2011day warranty for ultrasound system maintenance.\" \/>\n<meta property=\"og:url\" content=\"https:\/\/ultramachineparts.com\/pl\/product\/philips-sp00840-2\/\" \/>\n<meta property=\"og:site_name\" content=\"ultramachine-part\" \/>\n<meta property=\"og:image\" content=\"https:\/\/ultramachineparts.com\/wp-content\/uploads\/2027\/03\/Philips-SP00840_2.jpg\" \/>\n\t<meta property=\"og:image:width\" content=\"800\" \/>\n\t<meta property=\"og:image:height\" content=\"800\" \/>\n\t<meta property=\"og:image:type\" content=\"image\/jpeg\" \/>\n<meta name=\"twitter:card\" content=\"summary_large_image\" \/>\n<meta name=\"twitter:label1\" content=\"Szacowany czas czytania\" \/>\n\t<meta name=\"twitter:data1\" content=\"1 minuta\" \/>\n<script type=\"application\/ld+json\" class=\"yoast-schema-graph\">{\"@context\":\"https:\/\/schema.org\",\"@graph\":[{\"@type\":\"WebPage\",\"@id\":\"https:\/\/ultramachineparts.com\/product\/philips-sp00840-2\/\",\"url\":\"https:\/\/ultramachineparts.com\/product\/philips-sp00840-2\/\",\"name\":\"Philips HD11 Mainboard SP00840 Ultrasound Repair Exchange and Refurbished Sale\",\"isPartOf\":{\"@id\":\"https:\/\/ultramachineparts.com\/#website\"},\"primaryImageOfPage\":{\"@id\":\"https:\/\/ultramachineparts.com\/product\/philips-sp00840-2\/#primaryimage\"},\"image\":{\"@id\":\"https:\/\/ultramachineparts.com\/product\/philips-sp00840-2\/#primaryimage\"},\"thumbnailUrl\":\"https:\/\/ultramachineparts.com\/wp-content\/uploads\/2027\/03\/Philips-SP00840_2.jpg\",\"datePublished\":\"2026-04-05T07:57:02+00:00\",\"breadcrumb\":{\"@id\":\"https:\/\/ultramachineparts.com\/product\/philips-sp00840-2\/#breadcrumb\"},\"inLanguage\":\"pl-PL\",\"potentialAction\":[{\"@type\":\"ReadAction\",\"target\":[\"https:\/\/ultramachineparts.com\/product\/philips-sp00840-2\/\"]}]},{\"@type\":\"ImageObject\",\"inLanguage\":\"pl-PL\",\"@id\":\"https:\/\/ultramachineparts.com\/product\/philips-sp00840-2\/#primaryimage\",\"url\":\"https:\/\/ultramachineparts.com\/wp-content\/uploads\/2027\/03\/Philips-SP00840_2.jpg\",\"contentUrl\":\"https:\/\/ultramachineparts.com\/wp-content\/uploads\/2027\/03\/Philips-SP00840_2.jpg\",\"width\":800,\"height\":800},{\"@type\":\"BreadcrumbList\",\"@id\":\"https:\/\/ultramachineparts.com\/product\/philips-sp00840-2\/#breadcrumb\",\"itemListElement\":[{\"@type\":\"ListItem\",\"position\":1,\"name\":\"Home\",\"item\":\"https:\/\/ultramachineparts.com\/\"},{\"@type\":\"ListItem\",\"position\":2,\"name\":\"Ultrasound Boards Repair\",\"item\":\"https:\/\/ultramachineparts.com\/pcategory\/ultrasound-boards-repair\/\"},{\"@type\":\"ListItem\",\"position\":3,\"name\":\"Philips HD11 Mainboard SP00840 Ultrasound Repair Exchange and Refurbished Sale\"}]},{\"@type\":\"WebSite\",\"@id\":\"https:\/\/ultramachineparts.com\/#website\",\"url\":\"https:\/\/ultramachineparts.com\/\",\"name\":\"ultramachine-part\",\"description\":\"\",\"publisher\":{\"@id\":\"https:\/\/ultramachineparts.com\/#organization\"},\"potentialAction\":[{\"@type\":\"SearchAction\",\"target\":{\"@type\":\"EntryPoint\",\"urlTemplate\":\"https:\/\/ultramachineparts.com\/?s={search_term_string}\"},\"query-input\":{\"@type\":\"PropertyValueSpecification\",\"valueRequired\":true,\"valueName\":\"search_term_string\"}}],\"inLanguage\":\"pl-PL\"},{\"@type\":\"Organization\",\"@id\":\"https:\/\/ultramachineparts.com\/#organization\",\"name\":\"ultramachine-part\",\"url\":\"https:\/\/ultramachineparts.com\/\",\"logo\":{\"@type\":\"ImageObject\",\"inLanguage\":\"pl-PL\",\"@id\":\"https:\/\/ultramachineparts.com\/#\/schema\/logo\/image\/\",\"url\":\"https:\/\/ultramachineparts.com\/wp-content\/uploads\/2026\/03\/logo-echoelite.png\",\"contentUrl\":\"https:\/\/ultramachineparts.com\/wp-content\/uploads\/2026\/03\/logo-echoelite.png\",\"width\":463,\"height\":120,\"caption\":\"ultramachine-part\"},\"image\":{\"@id\":\"https:\/\/ultramachineparts.com\/#\/schema\/logo\/image\/\"}}]}<\/script>\n<!-- \/ Yoast SEO plugin. -->","yoast_head_json":{"title":"Philips HD11 Mainboard SP00840 Ultrasound Naprawa, wymiana i sprzeda\u017c odnowionego sprz\u0119tu","robots":{"index":"index","follow":"follow","max-snippet":"max-snippet:-1","max-image-preview":"max-image-preview:large","max-video-preview":"max-video-preview:-1"},"canonical":"https:\/\/ultramachineparts.com\/pl\/product\/philips-sp00840-2\/","og_locale":"pl_PL","og_type":"article","og_title":"Philips HD11 Mainboard SP00840 Ultrasound Repair Exchange and Refurbished Sale","og_description":"Philips HD11 mainboard SP00840 available for replacement, repair, and refurbished sale with 90\u2011day warranty for ultrasound system maintenance.","og_url":"https:\/\/ultramachineparts.com\/pl\/product\/philips-sp00840-2\/","og_site_name":"ultramachine-part","og_image":[{"width":800,"height":800,"url":"https:\/\/ultramachineparts.com\/wp-content\/uploads\/2027\/03\/Philips-SP00840_2.jpg","type":"image\/jpeg"}],"twitter_card":"summary_large_image","twitter_misc":{"Szacowany czas czytania":"1 minuta"},"schema":{"@context":"https:\/\/schema.org","@graph":[{"@type":"WebPage","@id":"https:\/\/ultramachineparts.com\/product\/philips-sp00840-2\/","url":"https:\/\/ultramachineparts.com\/product\/philips-sp00840-2\/","name":"Philips HD11 Mainboard SP00840 Ultrasound Naprawa, wymiana i sprzeda\u017c odnowionego sprz\u0119tu","isPartOf":{"@id":"https:\/\/ultramachineparts.com\/#website"},"primaryImageOfPage":{"@id":"https:\/\/ultramachineparts.com\/product\/philips-sp00840-2\/#primaryimage"},"image":{"@id":"https:\/\/ultramachineparts.com\/product\/philips-sp00840-2\/#primaryimage"},"thumbnailUrl":"https:\/\/ultramachineparts.com\/wp-content\/uploads\/2027\/03\/Philips-SP00840_2.jpg","datePublished":"2026-04-05T07:57:02+00:00","breadcrumb":{"@id":"https:\/\/ultramachineparts.com\/product\/philips-sp00840-2\/#breadcrumb"},"inLanguage":"pl-PL","potentialAction":[{"@type":"ReadAction","target":["https:\/\/ultramachineparts.com\/product\/philips-sp00840-2\/"]}]},{"@type":"ImageObject","inLanguage":"pl-PL","@id":"https:\/\/ultramachineparts.com\/product\/philips-sp00840-2\/#primaryimage","url":"https:\/\/ultramachineparts.com\/wp-content\/uploads\/2027\/03\/Philips-SP00840_2.jpg","contentUrl":"https:\/\/ultramachineparts.com\/wp-content\/uploads\/2027\/03\/Philips-SP00840_2.jpg","width":800,"height":800},{"@type":"BreadcrumbList","@id":"https:\/\/ultramachineparts.com\/product\/philips-sp00840-2\/#breadcrumb","itemListElement":[{"@type":"ListItem","position":1,"name":"Home","item":"https:\/\/ultramachineparts.com\/"},{"@type":"ListItem","position":2,"name":"Ultrasound Boards Repair","item":"https:\/\/ultramachineparts.com\/pcategory\/ultrasound-boards-repair\/"},{"@type":"ListItem","position":3,"name":"Philips HD11 Mainboard SP00840 Ultrasound Repair Exchange and Refurbished Sale"}]},{"@type":"WebSite","@id":"https:\/\/ultramachineparts.com\/#website","url":"https:\/\/ultramachineparts.com\/","name":"cz\u0119\u015b\u0107 ultramaszynowa","description":"","publisher":{"@id":"https:\/\/ultramachineparts.com\/#organization"},"potentialAction":[{"@type":"SearchAction","target":{"@type":"EntryPoint","urlTemplate":"https:\/\/ultramachineparts.com\/?s={search_term_string}"},"query-input":{"@type":"PropertyValueSpecification","valueRequired":true,"valueName":"search_term_string"}}],"inLanguage":"pl-PL"},{"@type":"Organization","@id":"https:\/\/ultramachineparts.com\/#organization","name":"cz\u0119\u015b\u0107 ultramaszynowa","url":"https:\/\/ultramachineparts.com\/","logo":{"@type":"ImageObject","inLanguage":"pl-PL","@id":"https:\/\/ultramachineparts.com\/#\/schema\/logo\/image\/","url":"https:\/\/ultramachineparts.com\/wp-content\/uploads\/2026\/03\/logo-echoelite.png","contentUrl":"https:\/\/ultramachineparts.com\/wp-content\/uploads\/2026\/03\/logo-echoelite.png","width":463,"height":120,"caption":"ultramachine-part"},"image":{"@id":"https:\/\/ultramachineparts.com\/#\/schema\/logo\/image\/"}}]}},"taxonomy_info":{"pcategory":[{"value":5,"label":"Ultrasound Boards Repair"}]},"featured_image_src_large":["https:\/\/ultramachineparts.com\/wp-content\/uploads\/2027\/03\/Philips-SP00840_2.jpg",800,800,false],"author_info":[],"comment_info":"","_links":{"self":[{"href":"https:\/\/ultramachineparts.com\/pl\/wp-json\/wp\/v2\/product\/4963","targetHints":{"allow":["GET"]}}],"collection":[{"href":"https:\/\/ultramachineparts.com\/pl\/wp-json\/wp\/v2\/product"}],"about":[{"href":"https:\/\/ultramachineparts.com\/pl\/wp-json\/wp\/v2\/types\/product"}],"wp:featuredmedia":[{"embeddable":true,"href":"https:\/\/ultramachineparts.com\/pl\/wp-json\/wp\/v2\/media\/4966"}],"wp:attachment":[{"href":"https:\/\/ultramachineparts.com\/pl\/wp-json\/wp\/v2\/media?parent=4963"}],"wp:term":[{"taxonomy":"pcategory","embeddable":true,"href":"https:\/\/ultramachineparts.com\/pl\/wp-json\/wp\/v2\/pcategory?post=4963"},{"taxonomy":"ptag","embeddable":true,"href":"https:\/\/ultramachineparts.com\/pl\/wp-json\/wp\/v2\/ptag?post=4963"}],"curies":[{"name":"wp","href":"https:\/\/api.w.org\/{rel}","templated":true}]}}