{"id":5068,"date":"2026-04-10T19:39:45","date_gmt":"2026-04-10T19:39:45","guid":{"rendered":"https:\/\/ultramachineparts.com\/?post_type=product&#038;p=5068"},"modified":"2026-04-08T05:33:26","modified_gmt":"2026-04-08T05:33:26","slug":"ge-ktz303054-kti303054-2","status":"publish","type":"product","link":"https:\/\/ultramachineparts.com\/pl\/product\/ge-ktz303054-kti303054-2\/","title":{"rendered":"KTZ303054 \/ KTI303054 Cz\u0119\u015b\u0107 do ultrasonografu GE Voluson E6\/E8\/E10 RSX"},"content":{"rendered":"<p><strong>Numer cz\u0119\u015bci:<\/strong> KTZ303054 \/ KTI303054<\/p>\n<p><strong>Kompatybilny system:<\/strong> System ultrasonograficzny GE Voluson E6 \/ E8 \/ E10<\/p>\n<p><strong>Stan:<\/strong> Oryginalny u\u017cywany \/ Profesjonalnie odnowiony i przetestowany<\/p>\n<p><strong>Gwarancja:<\/strong> 60 dni<\/p>\n<p><strong>Serwis:<\/strong> Naprawa \/ wymiana \/ sprzeda\u017c<\/p>\n<p><strong>Czas naprawy:<\/strong> 2-4 dni robocze<\/p>\n<p><strong>Uwagi:<\/strong><\/p>\n<ul>\n<li>Przed z\u0142o\u017ceniem zam\u00f3wienia nale\u017cy potwierdzi\u0107 numer cz\u0119\u015bci i model systemu<\/li>\n<li>Przed instalacj\u0105 upewnij si\u0119, \u017ce system ultrasonograficzny jest wy\u0142\u0105czony.<\/li>\n<li>Us\u0142uga wymiany wymaga zwrotu wadliwej p\u0142yty<\/li>\n<\/ul>","protected":false},"excerpt":{"rendered":"<p>Numer cz\u0119\u015bci: KTZ303054 \/ KTI303054 Kompatybilny system: GE Voluson E6 \/ E8 \/ E10 Ultrasound System Stan: Oryginalny u\u017cywany \/ Profesjonalnie odnowiony i przetestowany Gwarancja: 60 dni Serwis: Naprawa \/ Wymiana \/ Sprzeda\u017c Czas naprawy: 2-4 dni robocze Uwagi: Prosimy o potwierdzenie numeru cz\u0119\u015bci i modelu systemu przed z\u0142o\u017ceniem zam\u00f3wienia Upewnij si\u0119, \u017ce system ultrasonograficzny jest...<\/p>","protected":false},"featured_media":0,"parent":0,"template":"","meta":{"_acf_changed":false,"_kad_blocks_custom_css":"","_kad_blocks_head_custom_js":"","_kad_blocks_body_custom_js":"","_kad_blocks_footer_custom_js":"","_kadence_starter_templates_imported_post":false,"_kad_post_transparent":"default","_kad_post_title":"","_kad_post_layout":"default","_kad_post_sidebar_id":"","_kad_post_content_style":"default","_kad_post_vertical_padding":"default","_kad_post_feature":"","_kad_post_feature_position":"","_kad_post_header":false,"_kad_post_footer":false},"pcategory":[5],"ptag":[],"class_list":["post-5068","product","type-product","status-publish","hentry","pcategory-ultrasound-boards-repair"],"acf":[],"yoast_head":"<!-- This site is optimized with the Yoast SEO plugin v27.1.1 - https:\/\/yoast.com\/product\/yoast-seo-wordpress\/ -->\n<title>KTZ303054 \/ KTI303054 GE Voluson E6\/E8\/E10 RSX Ultrasound Part<\/title>\n<meta name=\"description\" content=\"https:\/\/www.rongtaomedical.com\/repair-ge-voluson-e6-e8-e10-rsx-p-n-ktz303054-kti303054-p00694p1.html\" \/>\n<meta name=\"robots\" content=\"index, follow, max-snippet:-1, max-image-preview:large, max-video-preview:-1\" \/>\n<link rel=\"canonical\" href=\"https:\/\/ultramachineparts.com\/pl\/product\/ge-ktz303054-kti303054-2\/\" \/>\n<meta property=\"og:locale\" content=\"pl_PL\" \/>\n<meta property=\"og:type\" content=\"article\" \/>\n<meta property=\"og:title\" content=\"KTZ303054 \/ KTI303054 GE Voluson E6\/E8\/E10 RSX Ultrasound Part\" \/>\n<meta property=\"og:description\" content=\"https:\/\/www.rongtaomedical.com\/repair-ge-voluson-e6-e8-e10-rsx-p-n-ktz303054-kti303054-p00694p1.html\" \/>\n<meta property=\"og:url\" content=\"https:\/\/ultramachineparts.com\/pl\/product\/ge-ktz303054-kti303054-2\/\" \/>\n<meta property=\"og:site_name\" content=\"ultramachine-part\" \/>\n<meta name=\"twitter:card\" content=\"summary_large_image\" \/>\n<meta name=\"twitter:label1\" content=\"Szacowany czas czytania\" \/>\n\t<meta name=\"twitter:data1\" content=\"1 minuta\" \/>\n<script type=\"application\/ld+json\" class=\"yoast-schema-graph\">{\"@context\":\"https:\/\/schema.org\",\"@graph\":[{\"@type\":\"WebPage\",\"@id\":\"https:\/\/ultramachineparts.com\/product\/ge-ktz303054-kti303054-2\/\",\"url\":\"https:\/\/ultramachineparts.com\/product\/ge-ktz303054-kti303054-2\/\",\"name\":\"KTZ303054 \/ KTI303054 GE Voluson E6\/E8\/E10 RSX Ultrasound Part\",\"isPartOf\":{\"@id\":\"https:\/\/ultramachineparts.com\/#website\"},\"datePublished\":\"2026-04-10T19:39:45+00:00\",\"description\":\"https:\/\/www.rongtaomedical.com\/repair-ge-voluson-e6-e8-e10-rsx-p-n-ktz303054-kti303054-p00694p1.html\",\"breadcrumb\":{\"@id\":\"https:\/\/ultramachineparts.com\/product\/ge-ktz303054-kti303054-2\/#breadcrumb\"},\"inLanguage\":\"pl-PL\",\"potentialAction\":[{\"@type\":\"ReadAction\",\"target\":[\"https:\/\/ultramachineparts.com\/product\/ge-ktz303054-kti303054-2\/\"]}]},{\"@type\":\"BreadcrumbList\",\"@id\":\"https:\/\/ultramachineparts.com\/product\/ge-ktz303054-kti303054-2\/#breadcrumb\",\"itemListElement\":[{\"@type\":\"ListItem\",\"position\":1,\"name\":\"Home\",\"item\":\"https:\/\/ultramachineparts.com\/\"},{\"@type\":\"ListItem\",\"position\":2,\"name\":\"Ultrasound Boards Repair\",\"item\":\"https:\/\/ultramachineparts.com\/pcategory\/ultrasound-boards-repair\/\"},{\"@type\":\"ListItem\",\"position\":3,\"name\":\"KTZ303054 \/ KTI303054 GE Voluson E6\/E8\/E10 RSX Ultrasound Part\"}]},{\"@type\":\"WebSite\",\"@id\":\"https:\/\/ultramachineparts.com\/#website\",\"url\":\"https:\/\/ultramachineparts.com\/\",\"name\":\"ultramachine-part\",\"description\":\"\",\"publisher\":{\"@id\":\"https:\/\/ultramachineparts.com\/#organization\"},\"potentialAction\":[{\"@type\":\"SearchAction\",\"target\":{\"@type\":\"EntryPoint\",\"urlTemplate\":\"https:\/\/ultramachineparts.com\/?s={search_term_string}\"},\"query-input\":{\"@type\":\"PropertyValueSpecification\",\"valueRequired\":true,\"valueName\":\"search_term_string\"}}],\"inLanguage\":\"pl-PL\"},{\"@type\":\"Organization\",\"@id\":\"https:\/\/ultramachineparts.com\/#organization\",\"name\":\"ultramachine-part\",\"url\":\"https:\/\/ultramachineparts.com\/\",\"logo\":{\"@type\":\"ImageObject\",\"inLanguage\":\"pl-PL\",\"@id\":\"https:\/\/ultramachineparts.com\/#\/schema\/logo\/image\/\",\"url\":\"https:\/\/ultramachineparts.com\/wp-content\/uploads\/2026\/03\/logo-echoelite.png\",\"contentUrl\":\"https:\/\/ultramachineparts.com\/wp-content\/uploads\/2026\/03\/logo-echoelite.png\",\"width\":463,\"height\":120,\"caption\":\"ultramachine-part\"},\"image\":{\"@id\":\"https:\/\/ultramachineparts.com\/#\/schema\/logo\/image\/\"}}]}<\/script>\n<!-- \/ Yoast SEO plugin. -->","yoast_head_json":{"title":"KTZ303054 \/ KTI303054 Cz\u0119\u015b\u0107 do ultrasonografu GE Voluson E6\/E8\/E10 RSX","description":"https:\/\/www.rongtaomedical.com\/repair-ge-voluson-e6-e8-e10-rsx-p-n-ktz303054-kti303054-p00694p1.html","robots":{"index":"index","follow":"follow","max-snippet":"max-snippet:-1","max-image-preview":"max-image-preview:large","max-video-preview":"max-video-preview:-1"},"canonical":"https:\/\/ultramachineparts.com\/pl\/product\/ge-ktz303054-kti303054-2\/","og_locale":"pl_PL","og_type":"article","og_title":"KTZ303054 \/ KTI303054 GE Voluson E6\/E8\/E10 RSX Ultrasound Part","og_description":"https:\/\/www.rongtaomedical.com\/repair-ge-voluson-e6-e8-e10-rsx-p-n-ktz303054-kti303054-p00694p1.html","og_url":"https:\/\/ultramachineparts.com\/pl\/product\/ge-ktz303054-kti303054-2\/","og_site_name":"ultramachine-part","twitter_card":"summary_large_image","twitter_misc":{"Szacowany czas czytania":"1 minuta"},"schema":{"@context":"https:\/\/schema.org","@graph":[{"@type":"WebPage","@id":"https:\/\/ultramachineparts.com\/product\/ge-ktz303054-kti303054-2\/","url":"https:\/\/ultramachineparts.com\/product\/ge-ktz303054-kti303054-2\/","name":"KTZ303054 \/ KTI303054 Cz\u0119\u015b\u0107 do ultrasonografu GE Voluson E6\/E8\/E10 RSX","isPartOf":{"@id":"https:\/\/ultramachineparts.com\/#website"},"datePublished":"2026-04-10T19:39:45+00:00","description":"https:\/\/www.rongtaomedical.com\/repair-ge-voluson-e6-e8-e10-rsx-p-n-ktz303054-kti303054-p00694p1.html","breadcrumb":{"@id":"https:\/\/ultramachineparts.com\/product\/ge-ktz303054-kti303054-2\/#breadcrumb"},"inLanguage":"pl-PL","potentialAction":[{"@type":"ReadAction","target":["https:\/\/ultramachineparts.com\/product\/ge-ktz303054-kti303054-2\/"]}]},{"@type":"BreadcrumbList","@id":"https:\/\/ultramachineparts.com\/product\/ge-ktz303054-kti303054-2\/#breadcrumb","itemListElement":[{"@type":"ListItem","position":1,"name":"Home","item":"https:\/\/ultramachineparts.com\/"},{"@type":"ListItem","position":2,"name":"Ultrasound Boards Repair","item":"https:\/\/ultramachineparts.com\/pcategory\/ultrasound-boards-repair\/"},{"@type":"ListItem","position":3,"name":"KTZ303054 \/ KTI303054 GE Voluson E6\/E8\/E10 RSX Ultrasound Part"}]},{"@type":"WebSite","@id":"https:\/\/ultramachineparts.com\/#website","url":"https:\/\/ultramachineparts.com\/","name":"cz\u0119\u015b\u0107 ultramaszynowa","description":"","publisher":{"@id":"https:\/\/ultramachineparts.com\/#organization"},"potentialAction":[{"@type":"SearchAction","target":{"@type":"EntryPoint","urlTemplate":"https:\/\/ultramachineparts.com\/?s={search_term_string}"},"query-input":{"@type":"PropertyValueSpecification","valueRequired":true,"valueName":"search_term_string"}}],"inLanguage":"pl-PL"},{"@type":"Organization","@id":"https:\/\/ultramachineparts.com\/#organization","name":"cz\u0119\u015b\u0107 ultramaszynowa","url":"https:\/\/ultramachineparts.com\/","logo":{"@type":"ImageObject","inLanguage":"pl-PL","@id":"https:\/\/ultramachineparts.com\/#\/schema\/logo\/image\/","url":"https:\/\/ultramachineparts.com\/wp-content\/uploads\/2026\/03\/logo-echoelite.png","contentUrl":"https:\/\/ultramachineparts.com\/wp-content\/uploads\/2026\/03\/logo-echoelite.png","width":463,"height":120,"caption":"ultramachine-part"},"image":{"@id":"https:\/\/ultramachineparts.com\/#\/schema\/logo\/image\/"}}]}},"taxonomy_info":{"pcategory":[{"value":5,"label":"Ultrasound Boards Repair"}]},"featured_image_src_large":false,"author_info":[],"comment_info":"","_links":{"self":[{"href":"https:\/\/ultramachineparts.com\/pl\/wp-json\/wp\/v2\/product\/5068","targetHints":{"allow":["GET"]}}],"collection":[{"href":"https:\/\/ultramachineparts.com\/pl\/wp-json\/wp\/v2\/product"}],"about":[{"href":"https:\/\/ultramachineparts.com\/pl\/wp-json\/wp\/v2\/types\/product"}],"wp:attachment":[{"href":"https:\/\/ultramachineparts.com\/pl\/wp-json\/wp\/v2\/media?parent=5068"}],"wp:term":[{"taxonomy":"pcategory","embeddable":true,"href":"https:\/\/ultramachineparts.com\/pl\/wp-json\/wp\/v2\/pcategory?post=5068"},{"taxonomy":"ptag","embeddable":true,"href":"https:\/\/ultramachineparts.com\/pl\/wp-json\/wp\/v2\/ptag?post=5068"}],"curies":[{"name":"wp","href":"https:\/\/api.w.org\/{rel}","templated":true}]}}