{"id":3297,"date":"2026-03-11T07:02:05","date_gmt":"2026-03-11T07:02:05","guid":{"rendered":"https:\/\/ultramachineparts.com\/?post_type=product&#038;p=3297"},"modified":"2026-03-13T03:38:01","modified_gmt":"2026-03-13T03:38:01","slug":"ge-logiq-v2-battery-5653692-2s","status":"publish","type":"product","link":"https:\/\/ultramachineparts.com\/pt\/product\/ge-logiq-v2-battery-5653692-2s\/","title":{"rendered":"Bateria GE LOGIQ V2 P\/N: 5653692-2S | Outright, Troca e Repara\u00e7\u00e3o Dispon\u00edvel"},"content":{"rendered":"<p>Esta \u00e9 uma bateria de i\u00f5es de l\u00edtio de alta qualidade compat\u00edvel com os OEM, concebida especificamente para o <strong>GE Healthcare LOGIQ V2<\/strong> sistema port\u00e1til de diagn\u00f3stico por ultra-sons (tamb\u00e9m compat\u00edvel com o LOGIQ V1). \u00c9 fornecido profissionalmente pela EchoElite para garantir um desempenho fi\u00e1vel e um suporte de energia est\u00e1vel para o equipamento de ultra-sons.<\/p>\n<p><strong>Especifica\u00e7\u00f5es principais<\/strong><\/p>\n<ul>\n<li><strong>Modelo:<\/strong> 5653692-2S (Modelo equivalente: U80321-3R02)<\/li>\n<li><strong>Tipo de bateria:<\/strong> Bateria inteligente recarreg\u00e1vel de i\u00f5es de l\u00edtio<\/li>\n<li><strong>Tens\u00e3o nominal:<\/strong> 14,54V DC (alguns rotulados como 14,4V)<\/li>\n<li><strong>Capacidade:<\/strong> 6,7Ah \/ 6700mAh<\/li>\n<li><strong>Energia:<\/strong> 97,42Wh<\/li>\n<li><strong>Dimens\u00f5es (aprox.):<\/strong> 168 \u00d7 73,4 \u00d7 22,5 mm<\/li>\n<li><strong>Peso:<\/strong> Aprox. 460-500g<\/li>\n<li><strong>Tens\u00e3o limite de carga:<\/strong> 16.4V<\/li>\n<li><strong>Temperatura de funcionamento:<\/strong> Carregamento 10-30\u00b0C, temperatura de funcionamento de acordo com as especifica\u00e7\u00f5es da GE<\/li>\n<\/ul>\n<p><img loading=\"lazy\" decoding=\"async\" class=\"alignnone size-full wp-image-3299\" src=\"https:\/\/ultramachineparts.com\/wp-content\/uploads\/2026\/03\/5653692-2S-2.jpg\" alt=\"\" width=\"700\" height=\"680\" srcset=\"https:\/\/ultramachineparts.com\/wp-content\/uploads\/2026\/03\/5653692-2S-2.jpg 700w, https:\/\/ultramachineparts.com\/wp-content\/uploads\/2026\/03\/5653692-2S-2-300x291.jpg 300w, https:\/\/ultramachineparts.com\/wp-content\/uploads\/2026\/03\/5653692-2S-2-12x12.jpg 12w\" sizes=\"auto, (max-width: 700px) 100vw, 700px\" \/> <img loading=\"lazy\" decoding=\"async\" class=\"alignnone size-full wp-image-3298\" src=\"https:\/\/ultramachineparts.com\/wp-content\/uploads\/2026\/03\/5653692-2S-1.jpg\" alt=\"\" width=\"700\" height=\"525\" srcset=\"https:\/\/ultramachineparts.com\/wp-content\/uploads\/2026\/03\/5653692-2S-1.jpg 700w, https:\/\/ultramachineparts.com\/wp-content\/uploads\/2026\/03\/5653692-2S-1-300x225.jpg 300w, https:\/\/ultramachineparts.com\/wp-content\/uploads\/2026\/03\/5653692-2S-1-16x12.jpg 16w\" sizes=\"auto, (max-width: 700px) 100vw, 700px\" \/><\/p>\n<p><strong>Carater\u00edsticas do produto<\/strong><\/p>\n<ul>\n<li>Substitui\u00e7\u00e3o direta da bateria original, plug-and-play sem necessidade de qualquer modifica\u00e7\u00e3o<\/li>\n<li>Chip inteligente incorporado que suporta a visualiza\u00e7\u00e3o do n\u00edvel da bateria e fun\u00e7\u00f5es de prote\u00e7\u00e3o (sobrecarga, descarga excessiva, curto-circuito e prote\u00e7\u00e3o contra sobreaquecimento)<\/li>\n<li>Dura\u00e7\u00e3o da bateria: Uma bateria totalmente carregada pode suportar aproximadamente 30 minutos de opera\u00e7\u00e3o de ultrassom (dependendo do modo de uso e do tipo de sonda)<\/li>\n<li>Elevado padr\u00e3o de seguran\u00e7a adequado para aplica\u00e7\u00f5es em equipamentos m\u00e9dicos<\/li>\n<li><strong>Garantia de 60 dias<\/strong> com um prazo de entrega r\u00e1pido de <strong>2-4 dias<\/strong><\/li>\n<\/ul>\n<p><strong>Sistemas compat\u00edveis<\/strong><\/p>\n<ul>\n<li>GE LOGIQ V2<\/li>\n<li>GE LOGIQ V1<\/li>\n<\/ul>\n<p><strong>Informa\u00e7\u00f5es de compra<\/strong><\/p>\n<ul>\n<li>Dispon\u00edvel em stock com qualidade fi\u00e1vel equivalente ao OEM<\/li>\n<li>S\u00e3o bem-vindos pedidos de informa\u00e7\u00e3o sobre compras a granel e servi\u00e7os de repara\u00e7\u00e3o de ultra-sons<\/li>\n<\/ul>\n<p>Para mais especifica\u00e7\u00f5es t\u00e9cnicas, fotografias de produtos ou confirma\u00e7\u00e3o de compatibilidade, n\u00e3o hesite em contactar-nos.<\/p>","protected":false},"excerpt":{"rendered":"<p>Bateria de substitui\u00e7\u00e3o para o sistema de ultra-sons GE LOGIQ V2, n\u00famero de pe\u00e7a 5653692-2S. Bateria de i\u00f5es de l\u00edtio de 14,4V 6,7Ah de alta qualidade compat\u00edvel com os aparelhos de ultra-sons port\u00e1teis GE LOGIQ V1 V2.<\/p>","protected":false},"featured_media":3300,"parent":0,"template":"","meta":{"_acf_changed":false,"_kad_blocks_custom_css":"","_kad_blocks_head_custom_js":"","_kad_blocks_body_custom_js":"","_kad_blocks_footer_custom_js":"","_kadence_starter_templates_imported_post":false,"_kad_post_transparent":"default","_kad_post_title":"","_kad_post_layout":"default","_kad_post_sidebar_id":"","_kad_post_content_style":"default","_kad_post_vertical_padding":"default","_kad_post_feature":"","_kad_post_feature_position":"","_kad_post_header":false,"_kad_post_footer":false},"pcategory":[34],"ptag":[],"class_list":["post-3297","product","type-product","status-publish","has-post-thumbnail","hentry","pcategory-ultrasound-power-supply"],"acf":[],"yoast_head":"<!-- This site is optimized with the Yoast SEO plugin v27.1.1 - https:\/\/yoast.com\/product\/yoast-seo-wordpress\/ -->\n<title>GE LOGIQ V2 Battery P\/N: 5653692-2S | Outright, Exchange &amp; Repair Available<\/title>\n<meta name=\"robots\" content=\"index, follow, max-snippet:-1, max-image-preview:large, max-video-preview:-1\" \/>\n<link rel=\"canonical\" href=\"https:\/\/ultramachineparts.com\/pt\/product\/ge-logiq-v2-battery-5653692-2s\/\" \/>\n<meta property=\"og:locale\" content=\"pt_PT\" \/>\n<meta property=\"og:type\" content=\"article\" \/>\n<meta property=\"og:title\" content=\"GE LOGIQ V2 Battery P\/N: 5653692-2S | Outright, Exchange &amp; Repair Available\" \/>\n<meta property=\"og:description\" content=\"Replacement battery for GE LOGIQ V2 ultrasound system, part number 5653692-2S. High-quality 14.4V 6.7Ah Li-ion battery compatible with GE LOGIQ V1 V2 portable ultrasound machines.\" \/>\n<meta property=\"og:url\" content=\"https:\/\/ultramachineparts.com\/pt\/product\/ge-logiq-v2-battery-5653692-2s\/\" \/>\n<meta property=\"og:site_name\" content=\"ultramachine-part\" \/>\n<meta property=\"article:modified_time\" content=\"2026-03-13T03:38:01+00:00\" \/>\n<meta property=\"og:image\" content=\"https:\/\/ultramachineparts.com\/wp-content\/uploads\/2026\/03\/5653692-2S-3.jpg\" \/>\n\t<meta property=\"og:image:width\" content=\"700\" \/>\n\t<meta property=\"og:image:height\" content=\"700\" \/>\n\t<meta property=\"og:image:type\" content=\"image\/jpeg\" \/>\n<meta name=\"twitter:card\" content=\"summary_large_image\" \/>\n<meta name=\"twitter:label1\" content=\"Tempo estimado de leitura\" \/>\n\t<meta name=\"twitter:data1\" content=\"2 minutos\" \/>\n<script type=\"application\/ld+json\" class=\"yoast-schema-graph\">{\"@context\":\"https:\/\/schema.org\",\"@graph\":[{\"@type\":\"WebPage\",\"@id\":\"https:\/\/ultramachineparts.com\/product\/ge-logiq-v2-battery-5653692-2s\/\",\"url\":\"https:\/\/ultramachineparts.com\/product\/ge-logiq-v2-battery-5653692-2s\/\",\"name\":\"GE LOGIQ V2 Battery P\/N: 5653692-2S | Outright, Exchange & Repair Available\",\"isPartOf\":{\"@id\":\"https:\/\/ultramachineparts.com\/#website\"},\"primaryImageOfPage\":{\"@id\":\"https:\/\/ultramachineparts.com\/product\/ge-logiq-v2-battery-5653692-2s\/#primaryimage\"},\"image\":{\"@id\":\"https:\/\/ultramachineparts.com\/product\/ge-logiq-v2-battery-5653692-2s\/#primaryimage\"},\"thumbnailUrl\":\"https:\/\/ultramachineparts.com\/wp-content\/uploads\/2026\/03\/5653692-2S-3.jpg\",\"datePublished\":\"2026-03-11T07:02:05+00:00\",\"dateModified\":\"2026-03-13T03:38:01+00:00\",\"breadcrumb\":{\"@id\":\"https:\/\/ultramachineparts.com\/product\/ge-logiq-v2-battery-5653692-2s\/#breadcrumb\"},\"inLanguage\":\"pt-PT\",\"potentialAction\":[{\"@type\":\"ReadAction\",\"target\":[\"https:\/\/ultramachineparts.com\/product\/ge-logiq-v2-battery-5653692-2s\/\"]}]},{\"@type\":\"ImageObject\",\"inLanguage\":\"pt-PT\",\"@id\":\"https:\/\/ultramachineparts.com\/product\/ge-logiq-v2-battery-5653692-2s\/#primaryimage\",\"url\":\"https:\/\/ultramachineparts.com\/wp-content\/uploads\/2026\/03\/5653692-2S-3.jpg\",\"contentUrl\":\"https:\/\/ultramachineparts.com\/wp-content\/uploads\/2026\/03\/5653692-2S-3.jpg\",\"width\":700,\"height\":700},{\"@type\":\"BreadcrumbList\",\"@id\":\"https:\/\/ultramachineparts.com\/product\/ge-logiq-v2-battery-5653692-2s\/#breadcrumb\",\"itemListElement\":[{\"@type\":\"ListItem\",\"position\":1,\"name\":\"Home\",\"item\":\"https:\/\/ultramachineparts.com\/\"},{\"@type\":\"ListItem\",\"position\":2,\"name\":\"Ultrasound Power Supply\",\"item\":\"https:\/\/ultramachineparts.com\/pcategory\/ultrasound-power-supply\/\"},{\"@type\":\"ListItem\",\"position\":3,\"name\":\"GE LOGIQ V2 Battery P\/N: 5653692-2S | Outright, Exchange &#038; Repair Available\"}]},{\"@type\":\"WebSite\",\"@id\":\"https:\/\/ultramachineparts.com\/#website\",\"url\":\"https:\/\/ultramachineparts.com\/\",\"name\":\"ultramachine-part\",\"description\":\"\",\"publisher\":{\"@id\":\"https:\/\/ultramachineparts.com\/#organization\"},\"potentialAction\":[{\"@type\":\"SearchAction\",\"target\":{\"@type\":\"EntryPoint\",\"urlTemplate\":\"https:\/\/ultramachineparts.com\/?s={search_term_string}\"},\"query-input\":{\"@type\":\"PropertyValueSpecification\",\"valueRequired\":true,\"valueName\":\"search_term_string\"}}],\"inLanguage\":\"pt-PT\"},{\"@type\":\"Organization\",\"@id\":\"https:\/\/ultramachineparts.com\/#organization\",\"name\":\"ultramachine-part\",\"url\":\"https:\/\/ultramachineparts.com\/\",\"logo\":{\"@type\":\"ImageObject\",\"inLanguage\":\"pt-PT\",\"@id\":\"https:\/\/ultramachineparts.com\/#\/schema\/logo\/image\/\",\"url\":\"https:\/\/ultramachineparts.com\/wp-content\/uploads\/2026\/03\/logo-echoelite.png\",\"contentUrl\":\"https:\/\/ultramachineparts.com\/wp-content\/uploads\/2026\/03\/logo-echoelite.png\",\"width\":463,\"height\":120,\"caption\":\"ultramachine-part\"},\"image\":{\"@id\":\"https:\/\/ultramachineparts.com\/#\/schema\/logo\/image\/\"}}]}<\/script>\n<!-- \/ Yoast SEO plugin. -->","yoast_head_json":{"title":"Bateria GE LOGIQ V2 P\/N: 5653692-2S | Outright, Troca e Repara\u00e7\u00e3o Dispon\u00edvel","robots":{"index":"index","follow":"follow","max-snippet":"max-snippet:-1","max-image-preview":"max-image-preview:large","max-video-preview":"max-video-preview:-1"},"canonical":"https:\/\/ultramachineparts.com\/pt\/product\/ge-logiq-v2-battery-5653692-2s\/","og_locale":"pt_PT","og_type":"article","og_title":"GE LOGIQ V2 Battery P\/N: 5653692-2S | Outright, Exchange & Repair Available","og_description":"Replacement battery for GE LOGIQ V2 ultrasound system, part number 5653692-2S. High-quality 14.4V 6.7Ah Li-ion battery compatible with GE LOGIQ V1 V2 portable ultrasound machines.","og_url":"https:\/\/ultramachineparts.com\/pt\/product\/ge-logiq-v2-battery-5653692-2s\/","og_site_name":"ultramachine-part","article_modified_time":"2026-03-13T03:38:01+00:00","og_image":[{"width":700,"height":700,"url":"https:\/\/ultramachineparts.com\/wp-content\/uploads\/2026\/03\/5653692-2S-3.jpg","type":"image\/jpeg"}],"twitter_card":"summary_large_image","twitter_misc":{"Tempo estimado de leitura":"2 minutos"},"schema":{"@context":"https:\/\/schema.org","@graph":[{"@type":"WebPage","@id":"https:\/\/ultramachineparts.com\/product\/ge-logiq-v2-battery-5653692-2s\/","url":"https:\/\/ultramachineparts.com\/product\/ge-logiq-v2-battery-5653692-2s\/","name":"Bateria GE LOGIQ V2 P\/N: 5653692-2S | Outright, Troca e Repara\u00e7\u00e3o Dispon\u00edvel","isPartOf":{"@id":"https:\/\/ultramachineparts.com\/#website"},"primaryImageOfPage":{"@id":"https:\/\/ultramachineparts.com\/product\/ge-logiq-v2-battery-5653692-2s\/#primaryimage"},"image":{"@id":"https:\/\/ultramachineparts.com\/product\/ge-logiq-v2-battery-5653692-2s\/#primaryimage"},"thumbnailUrl":"https:\/\/ultramachineparts.com\/wp-content\/uploads\/2026\/03\/5653692-2S-3.jpg","datePublished":"2026-03-11T07:02:05+00:00","dateModified":"2026-03-13T03:38:01+00:00","breadcrumb":{"@id":"https:\/\/ultramachineparts.com\/product\/ge-logiq-v2-battery-5653692-2s\/#breadcrumb"},"inLanguage":"pt-PT","potentialAction":[{"@type":"ReadAction","target":["https:\/\/ultramachineparts.com\/product\/ge-logiq-v2-battery-5653692-2s\/"]}]},{"@type":"ImageObject","inLanguage":"pt-PT","@id":"https:\/\/ultramachineparts.com\/product\/ge-logiq-v2-battery-5653692-2s\/#primaryimage","url":"https:\/\/ultramachineparts.com\/wp-content\/uploads\/2026\/03\/5653692-2S-3.jpg","contentUrl":"https:\/\/ultramachineparts.com\/wp-content\/uploads\/2026\/03\/5653692-2S-3.jpg","width":700,"height":700},{"@type":"BreadcrumbList","@id":"https:\/\/ultramachineparts.com\/product\/ge-logiq-v2-battery-5653692-2s\/#breadcrumb","itemListElement":[{"@type":"ListItem","position":1,"name":"Home","item":"https:\/\/ultramachineparts.com\/"},{"@type":"ListItem","position":2,"name":"Ultrasound Power Supply","item":"https:\/\/ultramachineparts.com\/pcategory\/ultrasound-power-supply\/"},{"@type":"ListItem","position":3,"name":"GE LOGIQ V2 Battery P\/N: 5653692-2S | Outright, Exchange &#038; Repair Available"}]},{"@type":"WebSite","@id":"https:\/\/ultramachineparts.com\/#website","url":"https:\/\/ultramachineparts.com\/","name":"pe\u00e7a de ultram\u00e1quina","description":"","publisher":{"@id":"https:\/\/ultramachineparts.com\/#organization"},"potentialAction":[{"@type":"SearchAction","target":{"@type":"EntryPoint","urlTemplate":"https:\/\/ultramachineparts.com\/?s={search_term_string}"},"query-input":{"@type":"PropertyValueSpecification","valueRequired":true,"valueName":"search_term_string"}}],"inLanguage":"pt-PT"},{"@type":"Organization","@id":"https:\/\/ultramachineparts.com\/#organization","name":"pe\u00e7a de ultram\u00e1quina","url":"https:\/\/ultramachineparts.com\/","logo":{"@type":"ImageObject","inLanguage":"pt-PT","@id":"https:\/\/ultramachineparts.com\/#\/schema\/logo\/image\/","url":"https:\/\/ultramachineparts.com\/wp-content\/uploads\/2026\/03\/logo-echoelite.png","contentUrl":"https:\/\/ultramachineparts.com\/wp-content\/uploads\/2026\/03\/logo-echoelite.png","width":463,"height":120,"caption":"ultramachine-part"},"image":{"@id":"https:\/\/ultramachineparts.com\/#\/schema\/logo\/image\/"}}]}},"taxonomy_info":{"pcategory":[{"value":34,"label":"Ultrasound Power Supply"}]},"featured_image_src_large":["https:\/\/ultramachineparts.com\/wp-content\/uploads\/2026\/03\/5653692-2S-3.jpg",700,700,false],"author_info":[],"comment_info":"","_links":{"self":[{"href":"https:\/\/ultramachineparts.com\/pt\/wp-json\/wp\/v2\/product\/3297","targetHints":{"allow":["GET"]}}],"collection":[{"href":"https:\/\/ultramachineparts.com\/pt\/wp-json\/wp\/v2\/product"}],"about":[{"href":"https:\/\/ultramachineparts.com\/pt\/wp-json\/wp\/v2\/types\/product"}],"wp:featuredmedia":[{"embeddable":true,"href":"https:\/\/ultramachineparts.com\/pt\/wp-json\/wp\/v2\/media\/3300"}],"wp:attachment":[{"href":"https:\/\/ultramachineparts.com\/pt\/wp-json\/wp\/v2\/media?parent=3297"}],"wp:term":[{"taxonomy":"pcategory","embeddable":true,"href":"https:\/\/ultramachineparts.com\/pt\/wp-json\/wp\/v2\/pcategory?post=3297"},{"taxonomy":"ptag","embeddable":true,"href":"https:\/\/ultramachineparts.com\/pt\/wp-json\/wp\/v2\/ptag?post=3297"}],"curies":[{"name":"wp","href":"https:\/\/api.w.org\/{rel}","templated":true}]}}