{"id":3307,"date":"2026-03-11T08:18:39","date_gmt":"2026-03-11T08:18:39","guid":{"rendered":"https:\/\/ultramachineparts.com\/?post_type=product&#038;p=3307"},"modified":"2026-03-13T03:37:53","modified_gmt":"2026-03-13T03:37:53","slug":"siemens-s2000-antares-power-supply-1p7846681","status":"publish","type":"product","link":"https:\/\/ultramachineparts.com\/pt\/product\/siemens-s2000-antares-power-supply-1p7846681\/","title":{"rendered":"Fonte de alimenta\u00e7\u00e3o de ultra-sons 1P7846681 BSM31-2014 para Siemens S2000 Antares"},"content":{"rendered":"<p><strong>Siemens S2000 \/ Antares Fonte de alimenta\u00e7\u00e3o 1P7846681 Servi\u00e7o de repara\u00e7\u00e3o<\/strong><\/p>\n<p>O <strong>Fonte de alimenta\u00e7\u00e3o 1P7846681<\/strong> \u00e9 um m\u00f3dulo de alimenta\u00e7\u00e3o utilizado nos sistemas de ultra-sons Siemens S2000 e Antares. Fornece energia el\u00e9ctrica est\u00e1vel para os componentes internos da plataforma de ultra-sons, ajudando a garantir um funcionamento fi\u00e1vel do sistema e um desempenho de imagem consistente. Esta pe\u00e7a \u00e9 normalmente utilizada para repara\u00e7\u00e3o, manuten\u00e7\u00e3o ou substitui\u00e7\u00e3o de equipamento de ultra-sons em hospitais, cl\u00ednicas e centros de assist\u00eancia m\u00e9dica.<\/p>\n<p><strong>Informa\u00e7\u00f5es sobre o produto<\/strong><\/p>\n<ul>\n<li><strong>Nome do produto:<\/strong> Fonte de alimenta\u00e7\u00e3o de ultrassom<\/li>\n<li><strong>N\u00famero da pe\u00e7a:<\/strong> 1P7846681<\/li>\n<li><strong>Sistema compat\u00edvel:<\/strong> Siemens S2000 \/ Antares<\/li>\n<li><strong>Estado:<\/strong> Quadro original em bom estado de funcionamento<\/li>\n<li><strong>Garantia:<\/strong> 90 dias ap\u00f3s a repara\u00e7\u00e3o<\/li>\n<li><strong>Prazo de entrega:<\/strong> Normalmente 2-4 dias \u00fateis<\/li>\n<li><strong>Servi\u00e7o:<\/strong> Disponibilidade de pe\u00e7as e conjuntos de ultra-sons para substitui\u00e7\u00e3o \/ troca \/ repara\u00e7\u00e3o<\/li>\n<\/ul>\n<p>Este m\u00f3dulo de alimenta\u00e7\u00e3o \u00e9 amplamente utilizado por distribuidores de equipamentos de ultrassom, engenheiros biom\u00e9dicos e empresas de manuten\u00e7\u00e3o de equipamentos m\u00e9dicos para restaurar a energia est\u00e1vel do sistema e garantir o funcionamento adequado do sistema de ultrassom.<\/p>","protected":false},"excerpt":{"rendered":"<p>Servi\u00e7o de repara\u00e7\u00e3o da fonte de alimenta\u00e7\u00e3o de ultra-sons Siemens S2000 Antares 1P7846681. Solu\u00e7\u00e3o econ\u00f3mica para a manuten\u00e7\u00e3o e substitui\u00e7\u00e3o de equipamento de ultra-sons.<\/p>","protected":false},"featured_media":3318,"parent":0,"template":"","meta":{"_acf_changed":false,"_kad_blocks_custom_css":"","_kad_blocks_head_custom_js":"","_kad_blocks_body_custom_js":"","_kad_blocks_footer_custom_js":"","_kadence_starter_templates_imported_post":false,"_kad_post_transparent":"default","_kad_post_title":"","_kad_post_layout":"default","_kad_post_sidebar_id":"","_kad_post_content_style":"default","_kad_post_vertical_padding":"default","_kad_post_feature":"","_kad_post_feature_position":"","_kad_post_header":false,"_kad_post_footer":false},"pcategory":[34],"ptag":[],"class_list":["post-3307","product","type-product","status-publish","has-post-thumbnail","hentry","pcategory-ultrasound-power-supply"],"acf":[],"yoast_head":"<!-- This site is optimized with the Yoast SEO plugin v27.1.1 - https:\/\/yoast.com\/product\/yoast-seo-wordpress\/ -->\n<title>Ultrasound Power Supply 1P7846681 BSM31-2014 for Siemens S2000 Antares<\/title>\n<meta name=\"description\" content=\"Siemens S2000 Antares ultrasound power supply 1P7846681 repair service. Cost-effective solution for ultrasound equipment maintenance and replacement.\" \/>\n<meta name=\"robots\" content=\"index, follow, max-snippet:-1, max-image-preview:large, max-video-preview:-1\" \/>\n<link rel=\"canonical\" href=\"https:\/\/ultramachineparts.com\/pt\/product\/siemens-s2000-antares-power-supply-1p7846681\/\" \/>\n<meta property=\"og:locale\" content=\"pt_PT\" \/>\n<meta property=\"og:type\" content=\"article\" \/>\n<meta property=\"og:title\" content=\"Ultrasound Power Supply 1P7846681 BSM31-2014 for Siemens S2000 Antares\" \/>\n<meta property=\"og:description\" content=\"Siemens S2000 Antares ultrasound power supply 1P7846681 repair service. Cost-effective solution for ultrasound equipment maintenance and replacement.\" \/>\n<meta property=\"og:url\" content=\"https:\/\/ultramachineparts.com\/pt\/product\/siemens-s2000-antares-power-supply-1p7846681\/\" \/>\n<meta property=\"og:site_name\" content=\"ultramachine-part\" \/>\n<meta property=\"article:modified_time\" content=\"2026-03-13T03:37:53+00:00\" \/>\n<meta property=\"og:image\" content=\"https:\/\/ultramachineparts.com\/wp-content\/uploads\/2027\/03\/1P7846681-1.jpg\" \/>\n\t<meta property=\"og:image:width\" content=\"800\" \/>\n\t<meta property=\"og:image:height\" content=\"800\" \/>\n\t<meta property=\"og:image:type\" content=\"image\/jpeg\" \/>\n<meta name=\"twitter:card\" content=\"summary_large_image\" \/>\n<meta name=\"twitter:label1\" content=\"Tempo estimado de leitura\" \/>\n\t<meta name=\"twitter:data1\" content=\"1 minuto\" \/>\n<script type=\"application\/ld+json\" class=\"yoast-schema-graph\">{\"@context\":\"https:\/\/schema.org\",\"@graph\":[{\"@type\":\"WebPage\",\"@id\":\"https:\/\/ultramachineparts.com\/product\/siemens-s2000-antares-power-supply-1p7846681\/\",\"url\":\"https:\/\/ultramachineparts.com\/product\/siemens-s2000-antares-power-supply-1p7846681\/\",\"name\":\"Ultrasound Power Supply 1P7846681 BSM31-2014 for Siemens S2000 Antares\",\"isPartOf\":{\"@id\":\"https:\/\/ultramachineparts.com\/#website\"},\"primaryImageOfPage\":{\"@id\":\"https:\/\/ultramachineparts.com\/product\/siemens-s2000-antares-power-supply-1p7846681\/#primaryimage\"},\"image\":{\"@id\":\"https:\/\/ultramachineparts.com\/product\/siemens-s2000-antares-power-supply-1p7846681\/#primaryimage\"},\"thumbnailUrl\":\"https:\/\/ultramachineparts.com\/wp-content\/uploads\/2027\/03\/1P7846681-1.jpg\",\"datePublished\":\"2026-03-11T08:18:39+00:00\",\"dateModified\":\"2026-03-13T03:37:53+00:00\",\"description\":\"Siemens S2000 Antares ultrasound power supply 1P7846681 repair service. Cost-effective solution for ultrasound equipment maintenance and replacement.\",\"breadcrumb\":{\"@id\":\"https:\/\/ultramachineparts.com\/product\/siemens-s2000-antares-power-supply-1p7846681\/#breadcrumb\"},\"inLanguage\":\"pt-PT\",\"potentialAction\":[{\"@type\":\"ReadAction\",\"target\":[\"https:\/\/ultramachineparts.com\/product\/siemens-s2000-antares-power-supply-1p7846681\/\"]}]},{\"@type\":\"ImageObject\",\"inLanguage\":\"pt-PT\",\"@id\":\"https:\/\/ultramachineparts.com\/product\/siemens-s2000-antares-power-supply-1p7846681\/#primaryimage\",\"url\":\"https:\/\/ultramachineparts.com\/wp-content\/uploads\/2027\/03\/1P7846681-1.jpg\",\"contentUrl\":\"https:\/\/ultramachineparts.com\/wp-content\/uploads\/2027\/03\/1P7846681-1.jpg\",\"width\":800,\"height\":800,\"caption\":\"1P7846681\"},{\"@type\":\"BreadcrumbList\",\"@id\":\"https:\/\/ultramachineparts.com\/product\/siemens-s2000-antares-power-supply-1p7846681\/#breadcrumb\",\"itemListElement\":[{\"@type\":\"ListItem\",\"position\":1,\"name\":\"Home\",\"item\":\"https:\/\/ultramachineparts.com\/\"},{\"@type\":\"ListItem\",\"position\":2,\"name\":\"Ultrasound Power Supply\",\"item\":\"https:\/\/ultramachineparts.com\/pcategory\/ultrasound-power-supply\/\"},{\"@type\":\"ListItem\",\"position\":3,\"name\":\"Ultrasound Power Supply 1P7846681 BSM31-2014 for Siemens S2000 Antares\"}]},{\"@type\":\"WebSite\",\"@id\":\"https:\/\/ultramachineparts.com\/#website\",\"url\":\"https:\/\/ultramachineparts.com\/\",\"name\":\"ultramachine-part\",\"description\":\"\",\"publisher\":{\"@id\":\"https:\/\/ultramachineparts.com\/#organization\"},\"potentialAction\":[{\"@type\":\"SearchAction\",\"target\":{\"@type\":\"EntryPoint\",\"urlTemplate\":\"https:\/\/ultramachineparts.com\/?s={search_term_string}\"},\"query-input\":{\"@type\":\"PropertyValueSpecification\",\"valueRequired\":true,\"valueName\":\"search_term_string\"}}],\"inLanguage\":\"pt-PT\"},{\"@type\":\"Organization\",\"@id\":\"https:\/\/ultramachineparts.com\/#organization\",\"name\":\"ultramachine-part\",\"url\":\"https:\/\/ultramachineparts.com\/\",\"logo\":{\"@type\":\"ImageObject\",\"inLanguage\":\"pt-PT\",\"@id\":\"https:\/\/ultramachineparts.com\/#\/schema\/logo\/image\/\",\"url\":\"https:\/\/ultramachineparts.com\/wp-content\/uploads\/2026\/03\/logo-echoelite.png\",\"contentUrl\":\"https:\/\/ultramachineparts.com\/wp-content\/uploads\/2026\/03\/logo-echoelite.png\",\"width\":463,\"height\":120,\"caption\":\"ultramachine-part\"},\"image\":{\"@id\":\"https:\/\/ultramachineparts.com\/#\/schema\/logo\/image\/\"}}]}<\/script>\n<!-- \/ Yoast SEO plugin. -->","yoast_head_json":{"title":"Fonte de alimenta\u00e7\u00e3o de ultra-sons 1P7846681 BSM31-2014 para Siemens S2000 Antares","description":"Servi\u00e7o de repara\u00e7\u00e3o da fonte de alimenta\u00e7\u00e3o de ultra-sons Siemens S2000 Antares 1P7846681. Solu\u00e7\u00e3o econ\u00f3mica para a manuten\u00e7\u00e3o e substitui\u00e7\u00e3o de equipamento de ultra-sons.","robots":{"index":"index","follow":"follow","max-snippet":"max-snippet:-1","max-image-preview":"max-image-preview:large","max-video-preview":"max-video-preview:-1"},"canonical":"https:\/\/ultramachineparts.com\/pt\/product\/siemens-s2000-antares-power-supply-1p7846681\/","og_locale":"pt_PT","og_type":"article","og_title":"Ultrasound Power Supply 1P7846681 BSM31-2014 for Siemens S2000 Antares","og_description":"Siemens S2000 Antares ultrasound power supply 1P7846681 repair service. Cost-effective solution for ultrasound equipment maintenance and replacement.","og_url":"https:\/\/ultramachineparts.com\/pt\/product\/siemens-s2000-antares-power-supply-1p7846681\/","og_site_name":"ultramachine-part","article_modified_time":"2026-03-13T03:37:53+00:00","og_image":[{"width":800,"height":800,"url":"https:\/\/ultramachineparts.com\/wp-content\/uploads\/2027\/03\/1P7846681-1.jpg","type":"image\/jpeg"}],"twitter_card":"summary_large_image","twitter_misc":{"Tempo estimado de leitura":"1 minuto"},"schema":{"@context":"https:\/\/schema.org","@graph":[{"@type":"WebPage","@id":"https:\/\/ultramachineparts.com\/product\/siemens-s2000-antares-power-supply-1p7846681\/","url":"https:\/\/ultramachineparts.com\/product\/siemens-s2000-antares-power-supply-1p7846681\/","name":"Fonte de alimenta\u00e7\u00e3o de ultra-sons 1P7846681 BSM31-2014 para Siemens S2000 Antares","isPartOf":{"@id":"https:\/\/ultramachineparts.com\/#website"},"primaryImageOfPage":{"@id":"https:\/\/ultramachineparts.com\/product\/siemens-s2000-antares-power-supply-1p7846681\/#primaryimage"},"image":{"@id":"https:\/\/ultramachineparts.com\/product\/siemens-s2000-antares-power-supply-1p7846681\/#primaryimage"},"thumbnailUrl":"https:\/\/ultramachineparts.com\/wp-content\/uploads\/2027\/03\/1P7846681-1.jpg","datePublished":"2026-03-11T08:18:39+00:00","dateModified":"2026-03-13T03:37:53+00:00","description":"Servi\u00e7o de repara\u00e7\u00e3o da fonte de alimenta\u00e7\u00e3o de ultra-sons Siemens S2000 Antares 1P7846681. Solu\u00e7\u00e3o econ\u00f3mica para a manuten\u00e7\u00e3o e substitui\u00e7\u00e3o de equipamento de ultra-sons.","breadcrumb":{"@id":"https:\/\/ultramachineparts.com\/product\/siemens-s2000-antares-power-supply-1p7846681\/#breadcrumb"},"inLanguage":"pt-PT","potentialAction":[{"@type":"ReadAction","target":["https:\/\/ultramachineparts.com\/product\/siemens-s2000-antares-power-supply-1p7846681\/"]}]},{"@type":"ImageObject","inLanguage":"pt-PT","@id":"https:\/\/ultramachineparts.com\/product\/siemens-s2000-antares-power-supply-1p7846681\/#primaryimage","url":"https:\/\/ultramachineparts.com\/wp-content\/uploads\/2027\/03\/1P7846681-1.jpg","contentUrl":"https:\/\/ultramachineparts.com\/wp-content\/uploads\/2027\/03\/1P7846681-1.jpg","width":800,"height":800,"caption":"1P7846681"},{"@type":"BreadcrumbList","@id":"https:\/\/ultramachineparts.com\/product\/siemens-s2000-antares-power-supply-1p7846681\/#breadcrumb","itemListElement":[{"@type":"ListItem","position":1,"name":"Home","item":"https:\/\/ultramachineparts.com\/"},{"@type":"ListItem","position":2,"name":"Ultrasound Power Supply","item":"https:\/\/ultramachineparts.com\/pcategory\/ultrasound-power-supply\/"},{"@type":"ListItem","position":3,"name":"Ultrasound Power Supply 1P7846681 BSM31-2014 for Siemens S2000 Antares"}]},{"@type":"WebSite","@id":"https:\/\/ultramachineparts.com\/#website","url":"https:\/\/ultramachineparts.com\/","name":"pe\u00e7a de ultram\u00e1quina","description":"","publisher":{"@id":"https:\/\/ultramachineparts.com\/#organization"},"potentialAction":[{"@type":"SearchAction","target":{"@type":"EntryPoint","urlTemplate":"https:\/\/ultramachineparts.com\/?s={search_term_string}"},"query-input":{"@type":"PropertyValueSpecification","valueRequired":true,"valueName":"search_term_string"}}],"inLanguage":"pt-PT"},{"@type":"Organization","@id":"https:\/\/ultramachineparts.com\/#organization","name":"pe\u00e7a de ultram\u00e1quina","url":"https:\/\/ultramachineparts.com\/","logo":{"@type":"ImageObject","inLanguage":"pt-PT","@id":"https:\/\/ultramachineparts.com\/#\/schema\/logo\/image\/","url":"https:\/\/ultramachineparts.com\/wp-content\/uploads\/2026\/03\/logo-echoelite.png","contentUrl":"https:\/\/ultramachineparts.com\/wp-content\/uploads\/2026\/03\/logo-echoelite.png","width":463,"height":120,"caption":"ultramachine-part"},"image":{"@id":"https:\/\/ultramachineparts.com\/#\/schema\/logo\/image\/"}}]}},"taxonomy_info":{"pcategory":[{"value":34,"label":"Ultrasound Power Supply"}]},"featured_image_src_large":["https:\/\/ultramachineparts.com\/wp-content\/uploads\/2027\/03\/1P7846681-1.jpg",800,800,false],"author_info":[],"comment_info":"","_links":{"self":[{"href":"https:\/\/ultramachineparts.com\/pt\/wp-json\/wp\/v2\/product\/3307","targetHints":{"allow":["GET"]}}],"collection":[{"href":"https:\/\/ultramachineparts.com\/pt\/wp-json\/wp\/v2\/product"}],"about":[{"href":"https:\/\/ultramachineparts.com\/pt\/wp-json\/wp\/v2\/types\/product"}],"wp:featuredmedia":[{"embeddable":true,"href":"https:\/\/ultramachineparts.com\/pt\/wp-json\/wp\/v2\/media\/3318"}],"wp:attachment":[{"href":"https:\/\/ultramachineparts.com\/pt\/wp-json\/wp\/v2\/media?parent=3307"}],"wp:term":[{"taxonomy":"pcategory","embeddable":true,"href":"https:\/\/ultramachineparts.com\/pt\/wp-json\/wp\/v2\/pcategory?post=3307"},{"taxonomy":"ptag","embeddable":true,"href":"https:\/\/ultramachineparts.com\/pt\/wp-json\/wp\/v2\/ptag?post=3307"}],"curies":[{"name":"wp","href":"https:\/\/api.w.org\/{rel}","templated":true}]}}