{"id":3415,"date":"2026-03-19T06:50:37","date_gmt":"2026-03-19T06:50:37","guid":{"rendered":"https:\/\/ultramachineparts.com\/?post_type=product&#038;p=3415"},"modified":"2026-03-19T06:44:40","modified_gmt":"2026-03-19T06:44:40","slug":"ge-dac-ba04-power-board-5433408-20","status":"publish","type":"product","link":"https:\/\/ultramachineparts.com\/pt\/product\/ge-dac-ba04-power-board-5433408-20\/","title":{"rendered":"Placa de alimenta\u00e7\u00e3o GE DAC-BA04 5433408-20 usada para o sistema de ultrassom Vivid E9"},"content":{"rendered":"<p><strong>Placa de alimenta\u00e7\u00e3o GE Vivid E9 DAC-BA04 Rev.A1 (N\/P: 5433408-20)<\/strong> foi concebido para ser utilizado com os sistemas de ultra-sons GE Vivid E9 e GE LOGIQ E9. Assegura uma distribui\u00e7\u00e3o de energia fi\u00e1vel e consistente aos m\u00f3dulos internos e aos componentes electr\u00f3nicos, suportando um funcionamento est\u00e1vel do sistema.<\/p>\n<p><img loading=\"lazy\" decoding=\"async\" class=\"alignnone size-full wp-image-3639\" src=\"https:\/\/ultramachineparts.com\/wp-content\/uploads\/2027\/03\/5433408-20-4.jpg\" alt=\"\" width=\"750\" height=\"477\" srcset=\"https:\/\/ultramachineparts.com\/wp-content\/uploads\/2027\/03\/5433408-20-4.jpg 750w, https:\/\/ultramachineparts.com\/wp-content\/uploads\/2027\/03\/5433408-20-4-300x191.jpg 300w, https:\/\/ultramachineparts.com\/wp-content\/uploads\/2027\/03\/5433408-20-4-18x12.jpg 18w\" sizes=\"auto, (max-width: 750px) 100vw, 750px\" \/> <img loading=\"lazy\" decoding=\"async\" class=\"alignnone wp-image-3638\" src=\"https:\/\/ultramachineparts.com\/wp-content\/uploads\/2027\/03\/5433408-20-3.jpg\" alt=\"\" width=\"750\" height=\"386\" srcset=\"https:\/\/ultramachineparts.com\/wp-content\/uploads\/2027\/03\/5433408-20-3.jpg 1458w, https:\/\/ultramachineparts.com\/wp-content\/uploads\/2027\/03\/5433408-20-3-300x154.jpg 300w, https:\/\/ultramachineparts.com\/wp-content\/uploads\/2027\/03\/5433408-20-3-1024x527.jpg 1024w, https:\/\/ultramachineparts.com\/wp-content\/uploads\/2027\/03\/5433408-20-3-768x395.jpg 768w, https:\/\/ultramachineparts.com\/wp-content\/uploads\/2027\/03\/5433408-20-3-18x9.jpg 18w\" sizes=\"auto, (max-width: 750px) 100vw, 750px\" \/><\/p>\n<p><strong>Informa\u00e7\u00f5es sobre o produto<\/strong><\/p>\n<ul>\n<li><strong>Nome do produto:<\/strong> Placa de alimenta\u00e7\u00e3o DAC-BA04<\/li>\n<li><strong>N\u00famero da pe\u00e7a:<\/strong> 5433408-20<\/li>\n<li><strong>Sistemas compat\u00edveis:<\/strong> Sistemas de ultrassom GE Vivid E9 \/ GE LOGIQ E9<\/li>\n<li><strong>Fun\u00e7\u00e3o:<\/strong> Fornece alimenta\u00e7\u00e3o el\u00e9ctrica est\u00e1vel e distribui\u00e7\u00e3o para m\u00f3dulos internos<\/li>\n<li><strong>Estado:<\/strong> Placa original, testada e em bom estado de funcionamento<\/li>\n<li><strong>Garantia:<\/strong> 60 dias<\/li>\n<li><strong>Prazo de entrega:<\/strong> Normalmente 2-4 dias \u00fateis<\/li>\n<li><strong>Op\u00e7\u00f5es de servi\u00e7o:<\/strong> Venda direta \/ Troca \/ Servi\u00e7o de repara\u00e7\u00e3o dispon\u00edvel<\/li>\n<\/ul>\n<p><strong>Notas de servi\u00e7o<\/strong><\/p>\n<ul>\n<li>Verifique a compatibilidade com o seu sistema GE Vivid E9 ou LOGIQ E9 antes de efetuar uma encomenda.<\/li>\n<li>O quadro deve estar completo para uma avalia\u00e7\u00e3o correta e para o processamento do servi\u00e7o.<\/li>\n<li>O servi\u00e7o de troca pode exigir a devolu\u00e7\u00e3o da unidade defeituosa.<\/li>\n<li>Recomenda-se vivamente a instala\u00e7\u00e3o por t\u00e9cnicos qualificados.<\/li>\n<li>N\u00e3o hesite em contactar-nos para uma avalia\u00e7\u00e3o da repara\u00e7\u00e3o ou para pedidos de compra a granel.<\/li>\n<\/ul>","protected":false},"excerpt":{"rendered":"<p>A placa de alimenta\u00e7\u00e3o GE Vivid E9 DAC-BA04 Rev.A1 (N\/P: 5433408-20) foi concebida para utiliza\u00e7\u00e3o com os sistemas de ultra-sons GE Vivid E9 e GE LOGIQ E9. Assegura uma distribui\u00e7\u00e3o de energia fi\u00e1vel e consistente aos m\u00f3dulos internos e componentes electr\u00f3nicos, suportando um funcionamento est\u00e1vel do sistema. Informa\u00e7\u00f5es sobre o produto Nome do produto: Placa de alimenta\u00e7\u00e3o DAC-BA04 N\u00famero de pe\u00e7a: 5433408-20 Sistemas compat\u00edveis: GE Vivid E9...<\/p>","protected":false},"featured_media":3637,"parent":0,"template":"","meta":{"_acf_changed":false,"_kad_blocks_custom_css":"","_kad_blocks_head_custom_js":"","_kad_blocks_body_custom_js":"","_kad_blocks_footer_custom_js":"","_kadence_starter_templates_imported_post":false,"_kad_post_transparent":"default","_kad_post_title":"","_kad_post_layout":"default","_kad_post_sidebar_id":"","_kad_post_content_style":"default","_kad_post_vertical_padding":"default","_kad_post_feature":"","_kad_post_feature_position":"","_kad_post_header":false,"_kad_post_footer":false},"pcategory":[5],"ptag":[],"class_list":["post-3415","product","type-product","status-publish","has-post-thumbnail","hentry","pcategory-ultrasound-boards-repair"],"acf":[],"yoast_head":"<!-- This site is optimized with the Yoast SEO plugin v27.1.1 - https:\/\/yoast.com\/product\/yoast-seo-wordpress\/ -->\n<title>Used GE DAC-BA04 Power Board 5433408-20 for Vivid E9 Ultrasound System<\/title>\n<meta name=\"robots\" content=\"index, follow, max-snippet:-1, max-image-preview:large, max-video-preview:-1\" \/>\n<link rel=\"canonical\" href=\"https:\/\/ultramachineparts.com\/pt\/product\/ge-dac-ba04-power-board-5433408-20\/\" \/>\n<meta property=\"og:locale\" content=\"pt_PT\" \/>\n<meta property=\"og:type\" content=\"article\" \/>\n<meta property=\"og:title\" content=\"Used GE DAC-BA04 Power Board 5433408-20 for Vivid E9 Ultrasound System\" \/>\n<meta property=\"og:description\" content=\"GE Vivid E9 DAC-BA04 Power Board Rev.A1 (P\/N: 5433408-20) is designed for use with GE Vivid E9 and GE LOGIQ E9 ultrasound systems. It ensures reliable and consistent power distribution to internal modules and electronic components, supporting stable system operation. Product Information Product Name: DAC-BA04 Power Board Part Number: 5433408-20 Compatible Systems: GE Vivid E9...\" \/>\n<meta property=\"og:url\" content=\"https:\/\/ultramachineparts.com\/pt\/product\/ge-dac-ba04-power-board-5433408-20\/\" \/>\n<meta property=\"og:site_name\" content=\"ultramachine-part\" \/>\n<meta property=\"og:image\" content=\"https:\/\/ultramachineparts.com\/wp-content\/uploads\/2027\/03\/5433408-20-2.jpg\" \/>\n\t<meta property=\"og:image:width\" content=\"750\" \/>\n\t<meta property=\"og:image:height\" content=\"563\" \/>\n\t<meta property=\"og:image:type\" content=\"image\/jpeg\" \/>\n<meta name=\"twitter:card\" content=\"summary_large_image\" \/>\n<meta name=\"twitter:label1\" content=\"Tempo estimado de leitura\" \/>\n\t<meta name=\"twitter:data1\" content=\"2 minutos\" \/>\n<script type=\"application\/ld+json\" class=\"yoast-schema-graph\">{\"@context\":\"https:\/\/schema.org\",\"@graph\":[{\"@type\":\"WebPage\",\"@id\":\"https:\/\/ultramachineparts.com\/product\/ge-dac-ba04-power-board-5433408-20\/\",\"url\":\"https:\/\/ultramachineparts.com\/product\/ge-dac-ba04-power-board-5433408-20\/\",\"name\":\"Used GE DAC-BA04 Power Board 5433408-20 for Vivid E9 Ultrasound System\",\"isPartOf\":{\"@id\":\"https:\/\/ultramachineparts.com\/#website\"},\"primaryImageOfPage\":{\"@id\":\"https:\/\/ultramachineparts.com\/product\/ge-dac-ba04-power-board-5433408-20\/#primaryimage\"},\"image\":{\"@id\":\"https:\/\/ultramachineparts.com\/product\/ge-dac-ba04-power-board-5433408-20\/#primaryimage\"},\"thumbnailUrl\":\"https:\/\/ultramachineparts.com\/wp-content\/uploads\/2027\/03\/5433408-20-2.jpg\",\"datePublished\":\"2026-03-19T06:50:37+00:00\",\"breadcrumb\":{\"@id\":\"https:\/\/ultramachineparts.com\/product\/ge-dac-ba04-power-board-5433408-20\/#breadcrumb\"},\"inLanguage\":\"pt-PT\",\"potentialAction\":[{\"@type\":\"ReadAction\",\"target\":[\"https:\/\/ultramachineparts.com\/product\/ge-dac-ba04-power-board-5433408-20\/\"]}]},{\"@type\":\"ImageObject\",\"inLanguage\":\"pt-PT\",\"@id\":\"https:\/\/ultramachineparts.com\/product\/ge-dac-ba04-power-board-5433408-20\/#primaryimage\",\"url\":\"https:\/\/ultramachineparts.com\/wp-content\/uploads\/2027\/03\/5433408-20-2.jpg\",\"contentUrl\":\"https:\/\/ultramachineparts.com\/wp-content\/uploads\/2027\/03\/5433408-20-2.jpg\",\"width\":750,\"height\":563,\"caption\":\"DAC-BA04 Power Board Rev.A1 (P\/N 5433408-20)\"},{\"@type\":\"BreadcrumbList\",\"@id\":\"https:\/\/ultramachineparts.com\/product\/ge-dac-ba04-power-board-5433408-20\/#breadcrumb\",\"itemListElement\":[{\"@type\":\"ListItem\",\"position\":1,\"name\":\"Home\",\"item\":\"https:\/\/ultramachineparts.com\/\"},{\"@type\":\"ListItem\",\"position\":2,\"name\":\"Ultrasound Boards Repair\",\"item\":\"https:\/\/ultramachineparts.com\/pcategory\/ultrasound-boards-repair\/\"},{\"@type\":\"ListItem\",\"position\":3,\"name\":\"Used GE DAC-BA04 Power Board 5433408-20 for Vivid E9 Ultrasound System\"}]},{\"@type\":\"WebSite\",\"@id\":\"https:\/\/ultramachineparts.com\/#website\",\"url\":\"https:\/\/ultramachineparts.com\/\",\"name\":\"ultramachine-part\",\"description\":\"\",\"publisher\":{\"@id\":\"https:\/\/ultramachineparts.com\/#organization\"},\"potentialAction\":[{\"@type\":\"SearchAction\",\"target\":{\"@type\":\"EntryPoint\",\"urlTemplate\":\"https:\/\/ultramachineparts.com\/?s={search_term_string}\"},\"query-input\":{\"@type\":\"PropertyValueSpecification\",\"valueRequired\":true,\"valueName\":\"search_term_string\"}}],\"inLanguage\":\"pt-PT\"},{\"@type\":\"Organization\",\"@id\":\"https:\/\/ultramachineparts.com\/#organization\",\"name\":\"ultramachine-part\",\"url\":\"https:\/\/ultramachineparts.com\/\",\"logo\":{\"@type\":\"ImageObject\",\"inLanguage\":\"pt-PT\",\"@id\":\"https:\/\/ultramachineparts.com\/#\/schema\/logo\/image\/\",\"url\":\"https:\/\/ultramachineparts.com\/wp-content\/uploads\/2026\/03\/logo-echoelite.png\",\"contentUrl\":\"https:\/\/ultramachineparts.com\/wp-content\/uploads\/2026\/03\/logo-echoelite.png\",\"width\":463,\"height\":120,\"caption\":\"ultramachine-part\"},\"image\":{\"@id\":\"https:\/\/ultramachineparts.com\/#\/schema\/logo\/image\/\"}}]}<\/script>\n<!-- \/ Yoast SEO plugin. -->","yoast_head_json":{"title":"Placa de alimenta\u00e7\u00e3o GE DAC-BA04 5433408-20 usada para o sistema de ultrassom Vivid E9","robots":{"index":"index","follow":"follow","max-snippet":"max-snippet:-1","max-image-preview":"max-image-preview:large","max-video-preview":"max-video-preview:-1"},"canonical":"https:\/\/ultramachineparts.com\/pt\/product\/ge-dac-ba04-power-board-5433408-20\/","og_locale":"pt_PT","og_type":"article","og_title":"Used GE DAC-BA04 Power Board 5433408-20 for Vivid E9 Ultrasound System","og_description":"GE Vivid E9 DAC-BA04 Power Board Rev.A1 (P\/N: 5433408-20) is designed for use with GE Vivid E9 and GE LOGIQ E9 ultrasound systems. It ensures reliable and consistent power distribution to internal modules and electronic components, supporting stable system operation. Product Information Product Name: DAC-BA04 Power Board Part Number: 5433408-20 Compatible Systems: GE Vivid E9...","og_url":"https:\/\/ultramachineparts.com\/pt\/product\/ge-dac-ba04-power-board-5433408-20\/","og_site_name":"ultramachine-part","og_image":[{"width":750,"height":563,"url":"https:\/\/ultramachineparts.com\/wp-content\/uploads\/2027\/03\/5433408-20-2.jpg","type":"image\/jpeg"}],"twitter_card":"summary_large_image","twitter_misc":{"Tempo estimado de leitura":"2 minutos"},"schema":{"@context":"https:\/\/schema.org","@graph":[{"@type":"WebPage","@id":"https:\/\/ultramachineparts.com\/product\/ge-dac-ba04-power-board-5433408-20\/","url":"https:\/\/ultramachineparts.com\/product\/ge-dac-ba04-power-board-5433408-20\/","name":"Placa de alimenta\u00e7\u00e3o GE DAC-BA04 5433408-20 usada para o sistema de ultrassom Vivid E9","isPartOf":{"@id":"https:\/\/ultramachineparts.com\/#website"},"primaryImageOfPage":{"@id":"https:\/\/ultramachineparts.com\/product\/ge-dac-ba04-power-board-5433408-20\/#primaryimage"},"image":{"@id":"https:\/\/ultramachineparts.com\/product\/ge-dac-ba04-power-board-5433408-20\/#primaryimage"},"thumbnailUrl":"https:\/\/ultramachineparts.com\/wp-content\/uploads\/2027\/03\/5433408-20-2.jpg","datePublished":"2026-03-19T06:50:37+00:00","breadcrumb":{"@id":"https:\/\/ultramachineparts.com\/product\/ge-dac-ba04-power-board-5433408-20\/#breadcrumb"},"inLanguage":"pt-PT","potentialAction":[{"@type":"ReadAction","target":["https:\/\/ultramachineparts.com\/product\/ge-dac-ba04-power-board-5433408-20\/"]}]},{"@type":"ImageObject","inLanguage":"pt-PT","@id":"https:\/\/ultramachineparts.com\/product\/ge-dac-ba04-power-board-5433408-20\/#primaryimage","url":"https:\/\/ultramachineparts.com\/wp-content\/uploads\/2027\/03\/5433408-20-2.jpg","contentUrl":"https:\/\/ultramachineparts.com\/wp-content\/uploads\/2027\/03\/5433408-20-2.jpg","width":750,"height":563,"caption":"DAC-BA04 Power Board Rev.A1 (P\/N 5433408-20)"},{"@type":"BreadcrumbList","@id":"https:\/\/ultramachineparts.com\/product\/ge-dac-ba04-power-board-5433408-20\/#breadcrumb","itemListElement":[{"@type":"ListItem","position":1,"name":"Home","item":"https:\/\/ultramachineparts.com\/"},{"@type":"ListItem","position":2,"name":"Ultrasound Boards Repair","item":"https:\/\/ultramachineparts.com\/pcategory\/ultrasound-boards-repair\/"},{"@type":"ListItem","position":3,"name":"Used GE DAC-BA04 Power Board 5433408-20 for Vivid E9 Ultrasound System"}]},{"@type":"WebSite","@id":"https:\/\/ultramachineparts.com\/#website","url":"https:\/\/ultramachineparts.com\/","name":"pe\u00e7a de ultram\u00e1quina","description":"","publisher":{"@id":"https:\/\/ultramachineparts.com\/#organization"},"potentialAction":[{"@type":"SearchAction","target":{"@type":"EntryPoint","urlTemplate":"https:\/\/ultramachineparts.com\/?s={search_term_string}"},"query-input":{"@type":"PropertyValueSpecification","valueRequired":true,"valueName":"search_term_string"}}],"inLanguage":"pt-PT"},{"@type":"Organization","@id":"https:\/\/ultramachineparts.com\/#organization","name":"pe\u00e7a de ultram\u00e1quina","url":"https:\/\/ultramachineparts.com\/","logo":{"@type":"ImageObject","inLanguage":"pt-PT","@id":"https:\/\/ultramachineparts.com\/#\/schema\/logo\/image\/","url":"https:\/\/ultramachineparts.com\/wp-content\/uploads\/2026\/03\/logo-echoelite.png","contentUrl":"https:\/\/ultramachineparts.com\/wp-content\/uploads\/2026\/03\/logo-echoelite.png","width":463,"height":120,"caption":"ultramachine-part"},"image":{"@id":"https:\/\/ultramachineparts.com\/#\/schema\/logo\/image\/"}}]}},"taxonomy_info":{"pcategory":[{"value":5,"label":"Ultrasound Boards Repair"}]},"featured_image_src_large":["https:\/\/ultramachineparts.com\/wp-content\/uploads\/2027\/03\/5433408-20-2.jpg",750,563,false],"author_info":[],"comment_info":"","_links":{"self":[{"href":"https:\/\/ultramachineparts.com\/pt\/wp-json\/wp\/v2\/product\/3415","targetHints":{"allow":["GET"]}}],"collection":[{"href":"https:\/\/ultramachineparts.com\/pt\/wp-json\/wp\/v2\/product"}],"about":[{"href":"https:\/\/ultramachineparts.com\/pt\/wp-json\/wp\/v2\/types\/product"}],"wp:featuredmedia":[{"embeddable":true,"href":"https:\/\/ultramachineparts.com\/pt\/wp-json\/wp\/v2\/media\/3637"}],"wp:attachment":[{"href":"https:\/\/ultramachineparts.com\/pt\/wp-json\/wp\/v2\/media?parent=3415"}],"wp:term":[{"taxonomy":"pcategory","embeddable":true,"href":"https:\/\/ultramachineparts.com\/pt\/wp-json\/wp\/v2\/pcategory?post=3415"},{"taxonomy":"ptag","embeddable":true,"href":"https:\/\/ultramachineparts.com\/pt\/wp-json\/wp\/v2\/ptag?post=3415"}],"curies":[{"name":"wp","href":"https:\/\/api.w.org\/{rel}","templated":true}]}}