{"id":5068,"date":"2026-04-10T19:39:45","date_gmt":"2026-04-10T19:39:45","guid":{"rendered":"https:\/\/ultramachineparts.com\/?post_type=product&#038;p=5068"},"modified":"2026-04-08T05:33:26","modified_gmt":"2026-04-08T05:33:26","slug":"ge-ktz303054-kti303054-2","status":"publish","type":"product","link":"https:\/\/ultramachineparts.com\/pt\/product\/ge-ktz303054-kti303054-2\/","title":{"rendered":"KTZ303054 \/ KTI303054 GE Voluson E6\/E8\/E10 RSX Pe\u00e7a de ultrassom"},"content":{"rendered":"<p><strong>N\u00famero da pe\u00e7a:<\/strong> KTZ303054 \/ KTI303054<\/p>\n<p><strong>Sistema compat\u00edvel:<\/strong> Sistema de ultrassom GE Voluson E6 \/ E8 \/ E10<\/p>\n<p><strong>Estado:<\/strong> Original usado \/ Profissionalmente renovado e testado<\/p>\n<p><strong>Garantia:<\/strong> 60 dias<\/p>\n<p><strong>Servi\u00e7o:<\/strong> Repara\u00e7\u00e3o \/ Troca \/ Venda direta<\/p>\n<p><strong>Tempo de repara\u00e7\u00e3o:<\/strong> 2-4 dias \u00fateis<\/p>\n<p><strong>Notas:<\/strong><\/p>\n<ul>\n<li>Confirme o n\u00famero da pe\u00e7a e o modelo do sistema antes de efetuar a encomenda<\/li>\n<li>Certifique-se de que o sistema de ultra-sons est\u00e1 desligado antes da instala\u00e7\u00e3o<\/li>\n<li>O servi\u00e7o de troca requer a devolu\u00e7\u00e3o da placa defeituosa<\/li>\n<\/ul>","protected":false},"excerpt":{"rendered":"<p>N\u00famero da pe\u00e7a: KTZ303054 \/ KTI303054 Sistema compat\u00edvel: Sistema de ultrassom GE Voluson E6 \/ E8 \/ E10 Condi\u00e7\u00e3o: Original usado \/ Profissionalmente renovado e testado Garantia: 60 dias Servi\u00e7o: Repara\u00e7\u00e3o \/ Troca \/ Venda direta Tempo de repara\u00e7\u00e3o: 2-4 dias \u00fateis Notas: Confirme o n\u00famero da pe\u00e7a e o modelo do sistema antes de encomendar Certifique-se de que o sistema de ultrassom est\u00e1...<\/p>","protected":false},"featured_media":0,"parent":0,"template":"","meta":{"_acf_changed":false,"_kad_blocks_custom_css":"","_kad_blocks_head_custom_js":"","_kad_blocks_body_custom_js":"","_kad_blocks_footer_custom_js":"","_kadence_starter_templates_imported_post":false,"_kad_post_transparent":"default","_kad_post_title":"","_kad_post_layout":"default","_kad_post_sidebar_id":"","_kad_post_content_style":"default","_kad_post_vertical_padding":"default","_kad_post_feature":"","_kad_post_feature_position":"","_kad_post_header":false,"_kad_post_footer":false},"pcategory":[5],"ptag":[],"class_list":["post-5068","product","type-product","status-publish","hentry","pcategory-ultrasound-boards-repair"],"acf":[],"yoast_head":"<!-- This site is optimized with the Yoast SEO plugin v27.1.1 - https:\/\/yoast.com\/product\/yoast-seo-wordpress\/ -->\n<title>KTZ303054 \/ KTI303054 GE Voluson E6\/E8\/E10 RSX Ultrasound Part<\/title>\n<meta name=\"description\" content=\"https:\/\/www.rongtaomedical.com\/repair-ge-voluson-e6-e8-e10-rsx-p-n-ktz303054-kti303054-p00694p1.html\" \/>\n<meta name=\"robots\" content=\"index, follow, max-snippet:-1, max-image-preview:large, max-video-preview:-1\" \/>\n<link rel=\"canonical\" href=\"https:\/\/ultramachineparts.com\/pt\/product\/ge-ktz303054-kti303054-2\/\" \/>\n<meta property=\"og:locale\" content=\"pt_PT\" \/>\n<meta property=\"og:type\" content=\"article\" \/>\n<meta property=\"og:title\" content=\"KTZ303054 \/ KTI303054 GE Voluson E6\/E8\/E10 RSX Ultrasound Part\" \/>\n<meta property=\"og:description\" content=\"https:\/\/www.rongtaomedical.com\/repair-ge-voluson-e6-e8-e10-rsx-p-n-ktz303054-kti303054-p00694p1.html\" \/>\n<meta property=\"og:url\" content=\"https:\/\/ultramachineparts.com\/pt\/product\/ge-ktz303054-kti303054-2\/\" \/>\n<meta property=\"og:site_name\" content=\"ultramachine-part\" \/>\n<meta name=\"twitter:card\" content=\"summary_large_image\" \/>\n<meta name=\"twitter:label1\" content=\"Tempo estimado de leitura\" \/>\n\t<meta name=\"twitter:data1\" content=\"1 minuto\" \/>\n<script type=\"application\/ld+json\" class=\"yoast-schema-graph\">{\"@context\":\"https:\/\/schema.org\",\"@graph\":[{\"@type\":\"WebPage\",\"@id\":\"https:\/\/ultramachineparts.com\/product\/ge-ktz303054-kti303054-2\/\",\"url\":\"https:\/\/ultramachineparts.com\/product\/ge-ktz303054-kti303054-2\/\",\"name\":\"KTZ303054 \/ KTI303054 GE Voluson E6\/E8\/E10 RSX Ultrasound Part\",\"isPartOf\":{\"@id\":\"https:\/\/ultramachineparts.com\/#website\"},\"datePublished\":\"2026-04-10T19:39:45+00:00\",\"description\":\"https:\/\/www.rongtaomedical.com\/repair-ge-voluson-e6-e8-e10-rsx-p-n-ktz303054-kti303054-p00694p1.html\",\"breadcrumb\":{\"@id\":\"https:\/\/ultramachineparts.com\/product\/ge-ktz303054-kti303054-2\/#breadcrumb\"},\"inLanguage\":\"pt-PT\",\"potentialAction\":[{\"@type\":\"ReadAction\",\"target\":[\"https:\/\/ultramachineparts.com\/product\/ge-ktz303054-kti303054-2\/\"]}]},{\"@type\":\"BreadcrumbList\",\"@id\":\"https:\/\/ultramachineparts.com\/product\/ge-ktz303054-kti303054-2\/#breadcrumb\",\"itemListElement\":[{\"@type\":\"ListItem\",\"position\":1,\"name\":\"Home\",\"item\":\"https:\/\/ultramachineparts.com\/\"},{\"@type\":\"ListItem\",\"position\":2,\"name\":\"Ultrasound Boards Repair\",\"item\":\"https:\/\/ultramachineparts.com\/pcategory\/ultrasound-boards-repair\/\"},{\"@type\":\"ListItem\",\"position\":3,\"name\":\"KTZ303054 \/ KTI303054 GE Voluson E6\/E8\/E10 RSX Ultrasound Part\"}]},{\"@type\":\"WebSite\",\"@id\":\"https:\/\/ultramachineparts.com\/#website\",\"url\":\"https:\/\/ultramachineparts.com\/\",\"name\":\"ultramachine-part\",\"description\":\"\",\"publisher\":{\"@id\":\"https:\/\/ultramachineparts.com\/#organization\"},\"potentialAction\":[{\"@type\":\"SearchAction\",\"target\":{\"@type\":\"EntryPoint\",\"urlTemplate\":\"https:\/\/ultramachineparts.com\/?s={search_term_string}\"},\"query-input\":{\"@type\":\"PropertyValueSpecification\",\"valueRequired\":true,\"valueName\":\"search_term_string\"}}],\"inLanguage\":\"pt-PT\"},{\"@type\":\"Organization\",\"@id\":\"https:\/\/ultramachineparts.com\/#organization\",\"name\":\"ultramachine-part\",\"url\":\"https:\/\/ultramachineparts.com\/\",\"logo\":{\"@type\":\"ImageObject\",\"inLanguage\":\"pt-PT\",\"@id\":\"https:\/\/ultramachineparts.com\/#\/schema\/logo\/image\/\",\"url\":\"https:\/\/ultramachineparts.com\/wp-content\/uploads\/2026\/03\/logo-echoelite.png\",\"contentUrl\":\"https:\/\/ultramachineparts.com\/wp-content\/uploads\/2026\/03\/logo-echoelite.png\",\"width\":463,\"height\":120,\"caption\":\"ultramachine-part\"},\"image\":{\"@id\":\"https:\/\/ultramachineparts.com\/#\/schema\/logo\/image\/\"}}]}<\/script>\n<!-- \/ Yoast SEO plugin. -->","yoast_head_json":{"title":"KTZ303054 \/ KTI303054 GE Voluson E6\/E8\/E10 RSX Pe\u00e7a de ultrassom","description":"https:\/\/www.rongtaomedical.com\/repair-ge-voluson-e6-e8-e10-rsx-p-n-ktz303054-kti303054-p00694p1.html","robots":{"index":"index","follow":"follow","max-snippet":"max-snippet:-1","max-image-preview":"max-image-preview:large","max-video-preview":"max-video-preview:-1"},"canonical":"https:\/\/ultramachineparts.com\/pt\/product\/ge-ktz303054-kti303054-2\/","og_locale":"pt_PT","og_type":"article","og_title":"KTZ303054 \/ KTI303054 GE Voluson E6\/E8\/E10 RSX Ultrasound Part","og_description":"https:\/\/www.rongtaomedical.com\/repair-ge-voluson-e6-e8-e10-rsx-p-n-ktz303054-kti303054-p00694p1.html","og_url":"https:\/\/ultramachineparts.com\/pt\/product\/ge-ktz303054-kti303054-2\/","og_site_name":"ultramachine-part","twitter_card":"summary_large_image","twitter_misc":{"Tempo estimado de leitura":"1 minuto"},"schema":{"@context":"https:\/\/schema.org","@graph":[{"@type":"WebPage","@id":"https:\/\/ultramachineparts.com\/product\/ge-ktz303054-kti303054-2\/","url":"https:\/\/ultramachineparts.com\/product\/ge-ktz303054-kti303054-2\/","name":"KTZ303054 \/ KTI303054 GE Voluson E6\/E8\/E10 RSX Pe\u00e7a de ultrassom","isPartOf":{"@id":"https:\/\/ultramachineparts.com\/#website"},"datePublished":"2026-04-10T19:39:45+00:00","description":"https:\/\/www.rongtaomedical.com\/repair-ge-voluson-e6-e8-e10-rsx-p-n-ktz303054-kti303054-p00694p1.html","breadcrumb":{"@id":"https:\/\/ultramachineparts.com\/product\/ge-ktz303054-kti303054-2\/#breadcrumb"},"inLanguage":"pt-PT","potentialAction":[{"@type":"ReadAction","target":["https:\/\/ultramachineparts.com\/product\/ge-ktz303054-kti303054-2\/"]}]},{"@type":"BreadcrumbList","@id":"https:\/\/ultramachineparts.com\/product\/ge-ktz303054-kti303054-2\/#breadcrumb","itemListElement":[{"@type":"ListItem","position":1,"name":"Home","item":"https:\/\/ultramachineparts.com\/"},{"@type":"ListItem","position":2,"name":"Ultrasound Boards Repair","item":"https:\/\/ultramachineparts.com\/pcategory\/ultrasound-boards-repair\/"},{"@type":"ListItem","position":3,"name":"KTZ303054 \/ KTI303054 GE Voluson E6\/E8\/E10 RSX Ultrasound Part"}]},{"@type":"WebSite","@id":"https:\/\/ultramachineparts.com\/#website","url":"https:\/\/ultramachineparts.com\/","name":"pe\u00e7a de ultram\u00e1quina","description":"","publisher":{"@id":"https:\/\/ultramachineparts.com\/#organization"},"potentialAction":[{"@type":"SearchAction","target":{"@type":"EntryPoint","urlTemplate":"https:\/\/ultramachineparts.com\/?s={search_term_string}"},"query-input":{"@type":"PropertyValueSpecification","valueRequired":true,"valueName":"search_term_string"}}],"inLanguage":"pt-PT"},{"@type":"Organization","@id":"https:\/\/ultramachineparts.com\/#organization","name":"pe\u00e7a de ultram\u00e1quina","url":"https:\/\/ultramachineparts.com\/","logo":{"@type":"ImageObject","inLanguage":"pt-PT","@id":"https:\/\/ultramachineparts.com\/#\/schema\/logo\/image\/","url":"https:\/\/ultramachineparts.com\/wp-content\/uploads\/2026\/03\/logo-echoelite.png","contentUrl":"https:\/\/ultramachineparts.com\/wp-content\/uploads\/2026\/03\/logo-echoelite.png","width":463,"height":120,"caption":"ultramachine-part"},"image":{"@id":"https:\/\/ultramachineparts.com\/#\/schema\/logo\/image\/"}}]}},"taxonomy_info":{"pcategory":[{"value":5,"label":"Ultrasound Boards Repair"}]},"featured_image_src_large":false,"author_info":[],"comment_info":"","_links":{"self":[{"href":"https:\/\/ultramachineparts.com\/pt\/wp-json\/wp\/v2\/product\/5068","targetHints":{"allow":["GET"]}}],"collection":[{"href":"https:\/\/ultramachineparts.com\/pt\/wp-json\/wp\/v2\/product"}],"about":[{"href":"https:\/\/ultramachineparts.com\/pt\/wp-json\/wp\/v2\/types\/product"}],"wp:attachment":[{"href":"https:\/\/ultramachineparts.com\/pt\/wp-json\/wp\/v2\/media?parent=5068"}],"wp:term":[{"taxonomy":"pcategory","embeddable":true,"href":"https:\/\/ultramachineparts.com\/pt\/wp-json\/wp\/v2\/pcategory?post=5068"},{"taxonomy":"ptag","embeddable":true,"href":"https:\/\/ultramachineparts.com\/pt\/wp-json\/wp\/v2\/ptag?post=5068"}],"curies":[{"name":"wp","href":"https:\/\/api.w.org\/{rel}","templated":true}]}}