{"id":5178,"date":"2026-04-17T13:47:02","date_gmt":"2026-04-17T13:47:02","guid":{"rendered":"https:\/\/ultramachineparts.com\/?post_type=product&#038;p=5178"},"modified":"2026-04-10T14:06:24","modified_gmt":"2026-04-10T14:06:24","slug":"toshiba-pm30-32750-2","status":"publish","type":"product","link":"https:\/\/ultramachineparts.com\/pt\/product\/toshiba-pm30-32750-2\/","title":{"rendered":"Toshiba Xario XG BP Board PM30-32750 Placa principal de ultrassom"},"content":{"rendered":"<h2>Informa\u00e7\u00f5es sobre o produto<\/h2>\n<ul>\n<li><strong>Nome do produto:<\/strong> Conselho de Administra\u00e7\u00e3o da BP<\/li>\n<li><strong>N\u00famero da pe\u00e7a:<\/strong> PM30-32750<\/li>\n<li><strong>Sistema compat\u00edvel:<\/strong> Sistema de ultrassom Toshiba Xario XG<\/li>\n<li><strong>Fun\u00e7\u00e3o:<\/strong> Placa principal para controlo do sistema e processamento de sinais<\/li>\n<li><strong>Tipo de servi\u00e7o:<\/strong> Vendas de repara\u00e7\u00e3o \/ substitui\u00e7\u00e3o \/ recondicionamento<\/li>\n<li><strong>Estado:<\/strong> Recondicionado \/ Totalmente testado<\/li>\n<li><strong>Tempo de repara\u00e7\u00e3o:<\/strong> 2-4 dias \u00fateis<\/li>\n<li><strong>Garantia:<\/strong> 90 dias<\/li>\n<\/ul>\n<h2>Descri\u00e7\u00e3o do produto<\/h2>\n<p>A placa BP do Toshiba Xario XG (P\/N PM30-32750) \u00e9 um m\u00f3dulo de controlo do sistema central respons\u00e1vel pelo funcionamento do sistema e pelo processamento de sinais.<\/p>\n<p>A falha desta placa pode resultar em falhas no arranque do sistema, erros de comunica\u00e7\u00e3o ou desempenho inst\u00e1vel. Fornecemos solu\u00e7\u00f5es de repara\u00e7\u00e3o, substitui\u00e7\u00e3o e venda de produtos recondicionados para restaurar a funcionalidade do sistema de forma eficiente e econ\u00f3mica.<\/p>\n<h2>Carater\u00edsticas principais<\/h2>\n<ul>\n<li>Placa de controlo do sistema principal para Toshiba Xario XG<\/li>\n<li>Assegura um funcionamento est\u00e1vel do sistema<\/li>\n<li>Corrige problemas de arranque e de processamento de sinal<\/li>\n<li>Totalmente testado antes da entrega<\/li>\n<li>Solu\u00e7\u00e3o renovada e econ\u00f3mica<\/li>\n<\/ul>\n<h2>Defeitos comuns que resolvemos<\/h2>\n<ul>\n<li>O sistema n\u00e3o arranca<\/li>\n<li>Erros de comunica\u00e7\u00e3o<\/li>\n<li>Falha no processamento do sinal<\/li>\n<li>Instabilidade do sistema<\/li>\n<\/ul>","protected":false},"excerpt":{"rendered":"<p>Servi\u00e7o fi\u00e1vel de repara\u00e7\u00e3o, substitui\u00e7\u00e3o e venda de produtos recondicionados para a placa Toshiba Xario XG BP PM30-32750. Resolva erros do sistema, falhas de arranque e problemas de processamento de sinal com solu\u00e7\u00f5es totalmente testadas e garantia de 90 dias.<\/p>","protected":false},"featured_media":8164,"parent":0,"template":"","meta":{"_acf_changed":false,"_kad_blocks_custom_css":"","_kad_blocks_head_custom_js":"","_kad_blocks_body_custom_js":"","_kad_blocks_footer_custom_js":"","_kadence_starter_templates_imported_post":false,"_kad_post_transparent":"default","_kad_post_title":"","_kad_post_layout":"default","_kad_post_sidebar_id":"","_kad_post_content_style":"default","_kad_post_vertical_padding":"default","_kad_post_feature":"","_kad_post_feature_position":"","_kad_post_header":false,"_kad_post_footer":false},"pcategory":[5],"ptag":[],"class_list":["post-5178","product","type-product","status-publish","has-post-thumbnail","hentry","pcategory-ultrasound-boards-repair"],"acf":[],"yoast_head":"<!-- This site is optimized with the Yoast SEO plugin v27.1.1 - https:\/\/yoast.com\/product\/yoast-seo-wordpress\/ -->\n<title>Toshiba Xario XG BP Board PM30-32750 Ultrasound Main Board<\/title>\n<meta name=\"robots\" content=\"index, follow, max-snippet:-1, max-image-preview:large, max-video-preview:-1\" \/>\n<link rel=\"canonical\" href=\"https:\/\/ultramachineparts.com\/pt\/product\/toshiba-pm30-32750-2\/\" \/>\n<meta property=\"og:locale\" content=\"pt_PT\" \/>\n<meta property=\"og:type\" content=\"article\" \/>\n<meta property=\"og:title\" content=\"Toshiba Xario XG BP Board PM30-32750 Ultrasound Main Board\" \/>\n<meta property=\"og:description\" content=\"Reliable repair, replacement, and refurbished sales service for Toshiba Xario XG BP board PM30-32750. Solve system error, startup failure, and signal processing issues with fully tested solutions and 90 days warranty.\" \/>\n<meta property=\"og:url\" content=\"https:\/\/ultramachineparts.com\/pt\/product\/toshiba-pm30-32750-2\/\" \/>\n<meta property=\"og:site_name\" content=\"ultramachine-part\" \/>\n<meta property=\"og:image\" content=\"https:\/\/ultramachineparts.com\/wp-content\/uploads\/2026\/04\/PM30-32750.jpg\" \/>\n\t<meta property=\"og:image:width\" content=\"800\" \/>\n\t<meta property=\"og:image:height\" content=\"800\" \/>\n\t<meta property=\"og:image:type\" content=\"image\/jpeg\" \/>\n<meta name=\"twitter:card\" content=\"summary_large_image\" \/>\n<meta name=\"twitter:label1\" content=\"Tempo estimado de leitura\" \/>\n\t<meta name=\"twitter:data1\" content=\"1 minuto\" \/>\n<script type=\"application\/ld+json\" class=\"yoast-schema-graph\">{\"@context\":\"https:\/\/schema.org\",\"@graph\":[{\"@type\":\"WebPage\",\"@id\":\"https:\/\/ultramachineparts.com\/product\/toshiba-pm30-32750-2\/\",\"url\":\"https:\/\/ultramachineparts.com\/product\/toshiba-pm30-32750-2\/\",\"name\":\"Toshiba Xario XG BP Board PM30-32750 Ultrasound Main Board\",\"isPartOf\":{\"@id\":\"https:\/\/ultramachineparts.com\/#website\"},\"primaryImageOfPage\":{\"@id\":\"https:\/\/ultramachineparts.com\/product\/toshiba-pm30-32750-2\/#primaryimage\"},\"image\":{\"@id\":\"https:\/\/ultramachineparts.com\/product\/toshiba-pm30-32750-2\/#primaryimage\"},\"thumbnailUrl\":\"https:\/\/ultramachineparts.com\/wp-content\/uploads\/2026\/04\/PM30-32750.jpg\",\"datePublished\":\"2026-04-17T13:47:02+00:00\",\"breadcrumb\":{\"@id\":\"https:\/\/ultramachineparts.com\/product\/toshiba-pm30-32750-2\/#breadcrumb\"},\"inLanguage\":\"pt-PT\",\"potentialAction\":[{\"@type\":\"ReadAction\",\"target\":[\"https:\/\/ultramachineparts.com\/product\/toshiba-pm30-32750-2\/\"]}]},{\"@type\":\"ImageObject\",\"inLanguage\":\"pt-PT\",\"@id\":\"https:\/\/ultramachineparts.com\/product\/toshiba-pm30-32750-2\/#primaryimage\",\"url\":\"https:\/\/ultramachineparts.com\/wp-content\/uploads\/2026\/04\/PM30-32750.jpg\",\"contentUrl\":\"https:\/\/ultramachineparts.com\/wp-content\/uploads\/2026\/04\/PM30-32750.jpg\",\"width\":800,\"height\":800,\"caption\":\"PM30-32750\"},{\"@type\":\"BreadcrumbList\",\"@id\":\"https:\/\/ultramachineparts.com\/product\/toshiba-pm30-32750-2\/#breadcrumb\",\"itemListElement\":[{\"@type\":\"ListItem\",\"position\":1,\"name\":\"Home\",\"item\":\"https:\/\/ultramachineparts.com\/\"},{\"@type\":\"ListItem\",\"position\":2,\"name\":\"Ultrasound Boards Repair\",\"item\":\"https:\/\/ultramachineparts.com\/pcategory\/ultrasound-boards-repair\/\"},{\"@type\":\"ListItem\",\"position\":3,\"name\":\"Toshiba Xario XG BP Board PM30-32750 Ultrasound Main Board\"}]},{\"@type\":\"WebSite\",\"@id\":\"https:\/\/ultramachineparts.com\/#website\",\"url\":\"https:\/\/ultramachineparts.com\/\",\"name\":\"ultramachine-part\",\"description\":\"\",\"publisher\":{\"@id\":\"https:\/\/ultramachineparts.com\/#organization\"},\"potentialAction\":[{\"@type\":\"SearchAction\",\"target\":{\"@type\":\"EntryPoint\",\"urlTemplate\":\"https:\/\/ultramachineparts.com\/?s={search_term_string}\"},\"query-input\":{\"@type\":\"PropertyValueSpecification\",\"valueRequired\":true,\"valueName\":\"search_term_string\"}}],\"inLanguage\":\"pt-PT\"},{\"@type\":\"Organization\",\"@id\":\"https:\/\/ultramachineparts.com\/#organization\",\"name\":\"ultramachine-part\",\"url\":\"https:\/\/ultramachineparts.com\/\",\"logo\":{\"@type\":\"ImageObject\",\"inLanguage\":\"pt-PT\",\"@id\":\"https:\/\/ultramachineparts.com\/#\/schema\/logo\/image\/\",\"url\":\"https:\/\/ultramachineparts.com\/wp-content\/uploads\/2026\/03\/logo-echoelite.png\",\"contentUrl\":\"https:\/\/ultramachineparts.com\/wp-content\/uploads\/2026\/03\/logo-echoelite.png\",\"width\":463,\"height\":120,\"caption\":\"ultramachine-part\"},\"image\":{\"@id\":\"https:\/\/ultramachineparts.com\/#\/schema\/logo\/image\/\"}}]}<\/script>\n<!-- \/ Yoast SEO plugin. -->","yoast_head_json":{"title":"Toshiba Xario XG BP Board PM30-32750 Placa principal de ultrassom","robots":{"index":"index","follow":"follow","max-snippet":"max-snippet:-1","max-image-preview":"max-image-preview:large","max-video-preview":"max-video-preview:-1"},"canonical":"https:\/\/ultramachineparts.com\/pt\/product\/toshiba-pm30-32750-2\/","og_locale":"pt_PT","og_type":"article","og_title":"Toshiba Xario XG BP Board PM30-32750 Ultrasound Main Board","og_description":"Reliable repair, replacement, and refurbished sales service for Toshiba Xario XG BP board PM30-32750. Solve system error, startup failure, and signal processing issues with fully tested solutions and 90 days warranty.","og_url":"https:\/\/ultramachineparts.com\/pt\/product\/toshiba-pm30-32750-2\/","og_site_name":"ultramachine-part","og_image":[{"width":800,"height":800,"url":"https:\/\/ultramachineparts.com\/wp-content\/uploads\/2026\/04\/PM30-32750.jpg","type":"image\/jpeg"}],"twitter_card":"summary_large_image","twitter_misc":{"Tempo estimado de leitura":"1 minuto"},"schema":{"@context":"https:\/\/schema.org","@graph":[{"@type":"WebPage","@id":"https:\/\/ultramachineparts.com\/product\/toshiba-pm30-32750-2\/","url":"https:\/\/ultramachineparts.com\/product\/toshiba-pm30-32750-2\/","name":"Toshiba Xario XG BP Board PM30-32750 Placa principal de ultrassom","isPartOf":{"@id":"https:\/\/ultramachineparts.com\/#website"},"primaryImageOfPage":{"@id":"https:\/\/ultramachineparts.com\/product\/toshiba-pm30-32750-2\/#primaryimage"},"image":{"@id":"https:\/\/ultramachineparts.com\/product\/toshiba-pm30-32750-2\/#primaryimage"},"thumbnailUrl":"https:\/\/ultramachineparts.com\/wp-content\/uploads\/2026\/04\/PM30-32750.jpg","datePublished":"2026-04-17T13:47:02+00:00","breadcrumb":{"@id":"https:\/\/ultramachineparts.com\/product\/toshiba-pm30-32750-2\/#breadcrumb"},"inLanguage":"pt-PT","potentialAction":[{"@type":"ReadAction","target":["https:\/\/ultramachineparts.com\/product\/toshiba-pm30-32750-2\/"]}]},{"@type":"ImageObject","inLanguage":"pt-PT","@id":"https:\/\/ultramachineparts.com\/product\/toshiba-pm30-32750-2\/#primaryimage","url":"https:\/\/ultramachineparts.com\/wp-content\/uploads\/2026\/04\/PM30-32750.jpg","contentUrl":"https:\/\/ultramachineparts.com\/wp-content\/uploads\/2026\/04\/PM30-32750.jpg","width":800,"height":800,"caption":"PM30-32750"},{"@type":"BreadcrumbList","@id":"https:\/\/ultramachineparts.com\/product\/toshiba-pm30-32750-2\/#breadcrumb","itemListElement":[{"@type":"ListItem","position":1,"name":"Home","item":"https:\/\/ultramachineparts.com\/"},{"@type":"ListItem","position":2,"name":"Ultrasound Boards Repair","item":"https:\/\/ultramachineparts.com\/pcategory\/ultrasound-boards-repair\/"},{"@type":"ListItem","position":3,"name":"Toshiba Xario XG BP Board PM30-32750 Ultrasound Main Board"}]},{"@type":"WebSite","@id":"https:\/\/ultramachineparts.com\/#website","url":"https:\/\/ultramachineparts.com\/","name":"pe\u00e7a de ultram\u00e1quina","description":"","publisher":{"@id":"https:\/\/ultramachineparts.com\/#organization"},"potentialAction":[{"@type":"SearchAction","target":{"@type":"EntryPoint","urlTemplate":"https:\/\/ultramachineparts.com\/?s={search_term_string}"},"query-input":{"@type":"PropertyValueSpecification","valueRequired":true,"valueName":"search_term_string"}}],"inLanguage":"pt-PT"},{"@type":"Organization","@id":"https:\/\/ultramachineparts.com\/#organization","name":"pe\u00e7a de ultram\u00e1quina","url":"https:\/\/ultramachineparts.com\/","logo":{"@type":"ImageObject","inLanguage":"pt-PT","@id":"https:\/\/ultramachineparts.com\/#\/schema\/logo\/image\/","url":"https:\/\/ultramachineparts.com\/wp-content\/uploads\/2026\/03\/logo-echoelite.png","contentUrl":"https:\/\/ultramachineparts.com\/wp-content\/uploads\/2026\/03\/logo-echoelite.png","width":463,"height":120,"caption":"ultramachine-part"},"image":{"@id":"https:\/\/ultramachineparts.com\/#\/schema\/logo\/image\/"}}]}},"taxonomy_info":{"pcategory":[{"value":5,"label":"Ultrasound Boards Repair"}]},"featured_image_src_large":["https:\/\/ultramachineparts.com\/wp-content\/uploads\/2026\/04\/PM30-32750.jpg",800,800,false],"author_info":[],"comment_info":"","_links":{"self":[{"href":"https:\/\/ultramachineparts.com\/pt\/wp-json\/wp\/v2\/product\/5178","targetHints":{"allow":["GET"]}}],"collection":[{"href":"https:\/\/ultramachineparts.com\/pt\/wp-json\/wp\/v2\/product"}],"about":[{"href":"https:\/\/ultramachineparts.com\/pt\/wp-json\/wp\/v2\/types\/product"}],"wp:featuredmedia":[{"embeddable":true,"href":"https:\/\/ultramachineparts.com\/pt\/wp-json\/wp\/v2\/media\/8164"}],"wp:attachment":[{"href":"https:\/\/ultramachineparts.com\/pt\/wp-json\/wp\/v2\/media?parent=5178"}],"wp:term":[{"taxonomy":"pcategory","embeddable":true,"href":"https:\/\/ultramachineparts.com\/pt\/wp-json\/wp\/v2\/pcategory?post=5178"},{"taxonomy":"ptag","embeddable":true,"href":"https:\/\/ultramachineparts.com\/pt\/wp-json\/wp\/v2\/ptag?post=5178"}],"curies":[{"name":"wp","href":"https:\/\/api.w.org\/{rel}","templated":true}]}}