{"id":5267,"date":"2026-04-21T09:21:36","date_gmt":"2026-04-21T09:21:36","guid":{"rendered":"https:\/\/ultramachineparts.com\/?post_type=product&#038;p=5267"},"modified":"2026-04-13T05:09:20","modified_gmt":"2026-04-13T05:09:20","slug":"ge-5201044-3-5201044-4-5201044-5-2","status":"publish","type":"product","link":"https:\/\/ultramachineparts.com\/pt\/product\/ge-5201044-3-5201044-4-5201044-5-2\/","title":{"rendered":"GTX-5201044-3 \/ 4 \/ 5 para GE HealthCare LOGIQ E9 Ultrasound"},"content":{"rendered":"<p><strong>GTX-5201044-3 \/ 5201044-4 \/ 5201044-5 Repara\u00e7\u00e3o de placas para GE LOGIQ E9<\/strong><\/p>\n<p><strong>N\u00famero da pe\u00e7a:<\/strong> GTX-5201044-3, 5201044-4, 5201044-5<\/p>\n<p><strong>Sistema compat\u00edvel:<\/strong> Sistemas de ultrassom GE LOGIQ E9<\/p>\n<p><strong>Estado:<\/strong> Conjunto da placa reparado, testado exaustivamente e reposto em condi\u00e7\u00f5es de funcionamento correto<\/p>\n<p><strong>Tempo de repara\u00e7\u00e3o:<\/strong> Normalmente conclu\u00eddo em 2-4 dias \u00fateis<\/p>\n<p><strong>Garantia:<\/strong> Garantia de 90 dias ap\u00f3s o servi\u00e7o de repara\u00e7\u00e3o<\/p>\n<p><strong>Notas:<\/strong><\/p>\n<ul>\n<li>Confirme os n\u00fameros de pe\u00e7a da placa e a compatibilidade do LOGIQ E9 antes de o enviar para repara\u00e7\u00e3o<\/li>\n<li>Certifique-se de que o sistema de ultra-sons est\u00e1 desligado antes da instala\u00e7\u00e3o<\/li>\n<li>No \u00e2mbito do servi\u00e7o de repara\u00e7\u00e3o, podem ser diagnosticados e resolvidos v\u00e1rios problemas da placa<\/li>\n<\/ul>","protected":false},"excerpt":{"rendered":"<p>Placa GE LOGIQ E9 GTX (GTX-5201044-3 \/ 5201044-4 \/ 5201044-5) servi\u00e7o de repara\u00e7\u00e3o, substitui\u00e7\u00e3o e venda. Totalmente testada e restaurada para um desempenho est\u00e1vel, com uma entrega r\u00e1pida e cobertura de garantia de 90 dias.<\/p>","protected":false},"featured_media":5269,"parent":0,"template":"","meta":{"_acf_changed":false,"_kad_blocks_custom_css":"","_kad_blocks_head_custom_js":"","_kad_blocks_body_custom_js":"","_kad_blocks_footer_custom_js":"","_kadence_starter_templates_imported_post":false,"_kad_post_transparent":"default","_kad_post_title":"","_kad_post_layout":"default","_kad_post_sidebar_id":"","_kad_post_content_style":"default","_kad_post_vertical_padding":"default","_kad_post_feature":"","_kad_post_feature_position":"","_kad_post_header":false,"_kad_post_footer":false},"pcategory":[5],"ptag":[],"class_list":["post-5267","product","type-product","status-publish","has-post-thumbnail","hentry","pcategory-ultrasound-boards-repair"],"acf":[],"yoast_head":"<!-- This site is optimized with the Yoast SEO plugin v27.1.1 - https:\/\/yoast.com\/product\/yoast-seo-wordpress\/ -->\n<title>GTX-5201044-3 \/ 4 \/ 5 for GE HealthCare LOGIQ E9 Ultrasound<\/title>\n<meta name=\"robots\" content=\"index, follow, max-snippet:-1, max-image-preview:large, max-video-preview:-1\" \/>\n<link rel=\"canonical\" href=\"https:\/\/ultramachineparts.com\/pt\/product\/ge-5201044-3-5201044-4-5201044-5-2\/\" \/>\n<meta property=\"og:locale\" content=\"pt_PT\" \/>\n<meta property=\"og:type\" content=\"article\" \/>\n<meta property=\"og:title\" content=\"GTX-5201044-3 \/ 4 \/ 5 for GE HealthCare LOGIQ E9 Ultrasound\" \/>\n<meta property=\"og:description\" content=\"GE LOGIQ E9 GTX board (GTX\u20115201044\u20113 \/ 5201044\u20114 \/ 5201044\u20115) repair, replacement, and sales service. Fully tested and restored for stable performance with fast turnaround and 90-day warranty coverage.\" \/>\n<meta property=\"og:url\" content=\"https:\/\/ultramachineparts.com\/pt\/product\/ge-5201044-3-5201044-4-5201044-5-2\/\" \/>\n<meta property=\"og:site_name\" content=\"ultramachine-part\" \/>\n<meta property=\"og:image\" content=\"https:\/\/ultramachineparts.com\/wp-content\/uploads\/2027\/03\/GE-5201044-3-5201044-4-5201044-5_1.jpg\" \/>\n\t<meta property=\"og:image:width\" content=\"800\" \/>\n\t<meta property=\"og:image:height\" content=\"800\" \/>\n\t<meta property=\"og:image:type\" content=\"image\/jpeg\" \/>\n<meta name=\"twitter:card\" content=\"summary_large_image\" \/>\n<meta name=\"twitter:label1\" content=\"Tempo estimado de leitura\" \/>\n\t<meta name=\"twitter:data1\" content=\"1 minuto\" \/>\n<script type=\"application\/ld+json\" class=\"yoast-schema-graph\">{\"@context\":\"https:\/\/schema.org\",\"@graph\":[{\"@type\":\"WebPage\",\"@id\":\"https:\/\/ultramachineparts.com\/product\/ge-5201044-3-5201044-4-5201044-5-2\/\",\"url\":\"https:\/\/ultramachineparts.com\/product\/ge-5201044-3-5201044-4-5201044-5-2\/\",\"name\":\"GTX-5201044-3 \/ 4 \/ 5 for GE HealthCare LOGIQ E9 Ultrasound\",\"isPartOf\":{\"@id\":\"https:\/\/ultramachineparts.com\/#website\"},\"primaryImageOfPage\":{\"@id\":\"https:\/\/ultramachineparts.com\/product\/ge-5201044-3-5201044-4-5201044-5-2\/#primaryimage\"},\"image\":{\"@id\":\"https:\/\/ultramachineparts.com\/product\/ge-5201044-3-5201044-4-5201044-5-2\/#primaryimage\"},\"thumbnailUrl\":\"https:\/\/ultramachineparts.com\/wp-content\/uploads\/2027\/03\/GE-5201044-3-5201044-4-5201044-5_1.jpg\",\"datePublished\":\"2026-04-21T09:21:36+00:00\",\"breadcrumb\":{\"@id\":\"https:\/\/ultramachineparts.com\/product\/ge-5201044-3-5201044-4-5201044-5-2\/#breadcrumb\"},\"inLanguage\":\"pt-PT\",\"potentialAction\":[{\"@type\":\"ReadAction\",\"target\":[\"https:\/\/ultramachineparts.com\/product\/ge-5201044-3-5201044-4-5201044-5-2\/\"]}]},{\"@type\":\"ImageObject\",\"inLanguage\":\"pt-PT\",\"@id\":\"https:\/\/ultramachineparts.com\/product\/ge-5201044-3-5201044-4-5201044-5-2\/#primaryimage\",\"url\":\"https:\/\/ultramachineparts.com\/wp-content\/uploads\/2027\/03\/GE-5201044-3-5201044-4-5201044-5_1.jpg\",\"contentUrl\":\"https:\/\/ultramachineparts.com\/wp-content\/uploads\/2027\/03\/GE-5201044-3-5201044-4-5201044-5_1.jpg\",\"width\":800,\"height\":800},{\"@type\":\"BreadcrumbList\",\"@id\":\"https:\/\/ultramachineparts.com\/product\/ge-5201044-3-5201044-4-5201044-5-2\/#breadcrumb\",\"itemListElement\":[{\"@type\":\"ListItem\",\"position\":1,\"name\":\"Home\",\"item\":\"https:\/\/ultramachineparts.com\/\"},{\"@type\":\"ListItem\",\"position\":2,\"name\":\"Ultrasound Boards Repair\",\"item\":\"https:\/\/ultramachineparts.com\/pcategory\/ultrasound-boards-repair\/\"},{\"@type\":\"ListItem\",\"position\":3,\"name\":\"GTX-5201044-3 \/ 4 \/ 5 for GE HealthCare LOGIQ E9 Ultrasound\"}]},{\"@type\":\"WebSite\",\"@id\":\"https:\/\/ultramachineparts.com\/#website\",\"url\":\"https:\/\/ultramachineparts.com\/\",\"name\":\"ultramachine-part\",\"description\":\"\",\"publisher\":{\"@id\":\"https:\/\/ultramachineparts.com\/#organization\"},\"potentialAction\":[{\"@type\":\"SearchAction\",\"target\":{\"@type\":\"EntryPoint\",\"urlTemplate\":\"https:\/\/ultramachineparts.com\/?s={search_term_string}\"},\"query-input\":{\"@type\":\"PropertyValueSpecification\",\"valueRequired\":true,\"valueName\":\"search_term_string\"}}],\"inLanguage\":\"pt-PT\"},{\"@type\":\"Organization\",\"@id\":\"https:\/\/ultramachineparts.com\/#organization\",\"name\":\"ultramachine-part\",\"url\":\"https:\/\/ultramachineparts.com\/\",\"logo\":{\"@type\":\"ImageObject\",\"inLanguage\":\"pt-PT\",\"@id\":\"https:\/\/ultramachineparts.com\/#\/schema\/logo\/image\/\",\"url\":\"https:\/\/ultramachineparts.com\/wp-content\/uploads\/2026\/03\/logo-echoelite.png\",\"contentUrl\":\"https:\/\/ultramachineparts.com\/wp-content\/uploads\/2026\/03\/logo-echoelite.png\",\"width\":463,\"height\":120,\"caption\":\"ultramachine-part\"},\"image\":{\"@id\":\"https:\/\/ultramachineparts.com\/#\/schema\/logo\/image\/\"}}]}<\/script>\n<!-- \/ Yoast SEO plugin. -->","yoast_head_json":{"title":"GTX-5201044-3 \/ 4 \/ 5 para GE HealthCare LOGIQ E9 Ultrasound","robots":{"index":"index","follow":"follow","max-snippet":"max-snippet:-1","max-image-preview":"max-image-preview:large","max-video-preview":"max-video-preview:-1"},"canonical":"https:\/\/ultramachineparts.com\/pt\/product\/ge-5201044-3-5201044-4-5201044-5-2\/","og_locale":"pt_PT","og_type":"article","og_title":"GTX-5201044-3 \/ 4 \/ 5 for GE HealthCare LOGIQ E9 Ultrasound","og_description":"GE LOGIQ E9 GTX board (GTX\u20115201044\u20113 \/ 5201044\u20114 \/ 5201044\u20115) repair, replacement, and sales service. Fully tested and restored for stable performance with fast turnaround and 90-day warranty coverage.","og_url":"https:\/\/ultramachineparts.com\/pt\/product\/ge-5201044-3-5201044-4-5201044-5-2\/","og_site_name":"ultramachine-part","og_image":[{"width":800,"height":800,"url":"https:\/\/ultramachineparts.com\/wp-content\/uploads\/2027\/03\/GE-5201044-3-5201044-4-5201044-5_1.jpg","type":"image\/jpeg"}],"twitter_card":"summary_large_image","twitter_misc":{"Tempo estimado de leitura":"1 minuto"},"schema":{"@context":"https:\/\/schema.org","@graph":[{"@type":"WebPage","@id":"https:\/\/ultramachineparts.com\/product\/ge-5201044-3-5201044-4-5201044-5-2\/","url":"https:\/\/ultramachineparts.com\/product\/ge-5201044-3-5201044-4-5201044-5-2\/","name":"GTX-5201044-3 \/ 4 \/ 5 para GE HealthCare LOGIQ E9 Ultrasound","isPartOf":{"@id":"https:\/\/ultramachineparts.com\/#website"},"primaryImageOfPage":{"@id":"https:\/\/ultramachineparts.com\/product\/ge-5201044-3-5201044-4-5201044-5-2\/#primaryimage"},"image":{"@id":"https:\/\/ultramachineparts.com\/product\/ge-5201044-3-5201044-4-5201044-5-2\/#primaryimage"},"thumbnailUrl":"https:\/\/ultramachineparts.com\/wp-content\/uploads\/2027\/03\/GE-5201044-3-5201044-4-5201044-5_1.jpg","datePublished":"2026-04-21T09:21:36+00:00","breadcrumb":{"@id":"https:\/\/ultramachineparts.com\/product\/ge-5201044-3-5201044-4-5201044-5-2\/#breadcrumb"},"inLanguage":"pt-PT","potentialAction":[{"@type":"ReadAction","target":["https:\/\/ultramachineparts.com\/product\/ge-5201044-3-5201044-4-5201044-5-2\/"]}]},{"@type":"ImageObject","inLanguage":"pt-PT","@id":"https:\/\/ultramachineparts.com\/product\/ge-5201044-3-5201044-4-5201044-5-2\/#primaryimage","url":"https:\/\/ultramachineparts.com\/wp-content\/uploads\/2027\/03\/GE-5201044-3-5201044-4-5201044-5_1.jpg","contentUrl":"https:\/\/ultramachineparts.com\/wp-content\/uploads\/2027\/03\/GE-5201044-3-5201044-4-5201044-5_1.jpg","width":800,"height":800},{"@type":"BreadcrumbList","@id":"https:\/\/ultramachineparts.com\/product\/ge-5201044-3-5201044-4-5201044-5-2\/#breadcrumb","itemListElement":[{"@type":"ListItem","position":1,"name":"Home","item":"https:\/\/ultramachineparts.com\/"},{"@type":"ListItem","position":2,"name":"Ultrasound Boards Repair","item":"https:\/\/ultramachineparts.com\/pcategory\/ultrasound-boards-repair\/"},{"@type":"ListItem","position":3,"name":"GTX-5201044-3 \/ 4 \/ 5 for GE HealthCare LOGIQ E9 Ultrasound"}]},{"@type":"WebSite","@id":"https:\/\/ultramachineparts.com\/#website","url":"https:\/\/ultramachineparts.com\/","name":"pe\u00e7a de ultram\u00e1quina","description":"","publisher":{"@id":"https:\/\/ultramachineparts.com\/#organization"},"potentialAction":[{"@type":"SearchAction","target":{"@type":"EntryPoint","urlTemplate":"https:\/\/ultramachineparts.com\/?s={search_term_string}"},"query-input":{"@type":"PropertyValueSpecification","valueRequired":true,"valueName":"search_term_string"}}],"inLanguage":"pt-PT"},{"@type":"Organization","@id":"https:\/\/ultramachineparts.com\/#organization","name":"pe\u00e7a de ultram\u00e1quina","url":"https:\/\/ultramachineparts.com\/","logo":{"@type":"ImageObject","inLanguage":"pt-PT","@id":"https:\/\/ultramachineparts.com\/#\/schema\/logo\/image\/","url":"https:\/\/ultramachineparts.com\/wp-content\/uploads\/2026\/03\/logo-echoelite.png","contentUrl":"https:\/\/ultramachineparts.com\/wp-content\/uploads\/2026\/03\/logo-echoelite.png","width":463,"height":120,"caption":"ultramachine-part"},"image":{"@id":"https:\/\/ultramachineparts.com\/#\/schema\/logo\/image\/"}}]}},"taxonomy_info":{"pcategory":[{"value":5,"label":"Ultrasound Boards Repair"}]},"featured_image_src_large":["https:\/\/ultramachineparts.com\/wp-content\/uploads\/2027\/03\/GE-5201044-3-5201044-4-5201044-5_1.jpg",800,800,false],"author_info":[],"comment_info":"","_links":{"self":[{"href":"https:\/\/ultramachineparts.com\/pt\/wp-json\/wp\/v2\/product\/5267","targetHints":{"allow":["GET"]}}],"collection":[{"href":"https:\/\/ultramachineparts.com\/pt\/wp-json\/wp\/v2\/product"}],"about":[{"href":"https:\/\/ultramachineparts.com\/pt\/wp-json\/wp\/v2\/types\/product"}],"wp:featuredmedia":[{"embeddable":true,"href":"https:\/\/ultramachineparts.com\/pt\/wp-json\/wp\/v2\/media\/5269"}],"wp:attachment":[{"href":"https:\/\/ultramachineparts.com\/pt\/wp-json\/wp\/v2\/media?parent=5267"}],"wp:term":[{"taxonomy":"pcategory","embeddable":true,"href":"https:\/\/ultramachineparts.com\/pt\/wp-json\/wp\/v2\/pcategory?post=5267"},{"taxonomy":"ptag","embeddable":true,"href":"https:\/\/ultramachineparts.com\/pt\/wp-json\/wp\/v2\/ptag?post=5267"}],"curies":[{"name":"wp","href":"https:\/\/api.w.org\/{rel}","templated":true}]}}