{"id":5375,"date":"2026-04-30T12:03:39","date_gmt":"2026-04-30T12:03:39","guid":{"rendered":"https:\/\/ultramachineparts.com\/?post_type=product&#038;p=5375"},"modified":"2026-04-30T02:30:47","modified_gmt":"2026-04-30T02:30:47","slug":"ge-ktz195998-2","status":"publish","type":"product","link":"https:\/\/ultramachineparts.com\/pt\/product\/ge-ktz195998-2\/","title":{"rendered":"Placa de processamento de sinal GE LOGIQ 730 KTZ195998 Repara\u00e7\u00e3o e troca para sistema de ultrassom"},"content":{"rendered":"<p><strong>Repara\u00e7\u00e3o da placa de processamento de sinais GE Voluson 730 (P\/N KTZ195998)<\/strong><\/p>\n<p><strong>N\u00famero da pe\u00e7a:<\/strong> KTZ195998<\/p>\n<p><strong>Sistema compat\u00edvel:<\/strong> Sistema de ultrassom GE Voluson 730<\/p>\n<p><strong>Estado:<\/strong> Servi\u00e7o de repara\u00e7\u00e3o\/recupera\u00e7\u00e3o da placa de processamento de sinais, testada e reposta em condi\u00e7\u00f5es de funcionamento est\u00e1veis<\/p>\n<p><strong>Prazo de entrega:<\/strong> 2-4 dias \u00fateis ap\u00f3s a confirma\u00e7\u00e3o da encomenda<\/p>\n<p><strong>Garantia:<\/strong> Cobertura de garantia de 90 dias<\/p>\n<p><strong>Notas:<\/strong><\/p>\n<ul>\n<li>Verifique o n\u00famero de pe\u00e7a KTZ195998 e a compatibilidade do sistema antes de efetuar a encomenda<\/li>\n<li>Certifique-se de que o equipamento de ultra-sons est\u00e1 desligado antes da instala\u00e7\u00e3o<\/li>\n<li>As placas com defeito devem ser devolvidas para repara\u00e7\u00e3o ou troca<\/li>\n<\/ul>","protected":false},"excerpt":{"rendered":"<p>Servi\u00e7o de repara\u00e7\u00e3o e troca da placa de processamento de sinal GE LOGIQ 730 KTZ195998 para o sistema de ultra-sons GE LOGIQ 730. Placa de processamento de sinal totalmente testada e restaurada profissionalmente com desempenho de processamento de imagem est\u00e1vel. R\u00e1pida execu\u00e7\u00e3o em 2-4 dias \u00fateis para uma opera\u00e7\u00e3o de diagn\u00f3stico fi\u00e1vel e estabilidade do sistema. Garantia de 90 dias inclu\u00edda para garantia de qualidade.<\/p>","protected":false},"featured_media":12390,"parent":0,"template":"","meta":{"_acf_changed":false,"_kad_blocks_custom_css":"","_kad_blocks_head_custom_js":"","_kad_blocks_body_custom_js":"","_kad_blocks_footer_custom_js":"","_kadence_starter_templates_imported_post":false,"_kad_post_transparent":"default","_kad_post_title":"","_kad_post_layout":"default","_kad_post_sidebar_id":"","_kad_post_content_style":"default","_kad_post_vertical_padding":"default","_kad_post_feature":"","_kad_post_feature_position":"","_kad_post_header":false,"_kad_post_footer":false},"pcategory":[5],"ptag":[],"class_list":["post-5375","product","type-product","status-publish","has-post-thumbnail","hentry","pcategory-ultrasound-boards-repair"],"acf":[],"yoast_head":"<!-- This site is optimized with the Yoast SEO plugin v27.1.1 - https:\/\/yoast.com\/product\/yoast-seo-wordpress\/ -->\n<title>GE LOGIQ 730 Signal Processing Board KTZ195998 Repair and Exchange for Ultrasound System<\/title>\n<meta name=\"robots\" content=\"index, follow, max-snippet:-1, max-image-preview:large, max-video-preview:-1\" \/>\n<link rel=\"canonical\" href=\"https:\/\/ultramachineparts.com\/pt\/product\/ge-ktz195998-2\/\" \/>\n<meta property=\"og:locale\" content=\"pt_PT\" \/>\n<meta property=\"og:type\" content=\"article\" \/>\n<meta property=\"og:title\" content=\"GE LOGIQ 730 Signal Processing Board KTZ195998 Repair and Exchange for Ultrasound System\" \/>\n<meta property=\"og:description\" content=\"GE LOGIQ 730 Signal Processing Board KTZ195998 repair and exchange service for GE LOGIQ 730 ultrasound system. Fully tested and professionally restored signal processing board with stable image processing performance. Fast 2\u20134 working days turnaround for reliable diagnostic operation and system stability. 90-day warranty included for quality assurance.\" \/>\n<meta property=\"og:url\" content=\"https:\/\/ultramachineparts.com\/pt\/product\/ge-ktz195998-2\/\" \/>\n<meta property=\"og:site_name\" content=\"ultramachine-part\" \/>\n<meta property=\"og:image\" content=\"https:\/\/ultramachineparts.com\/wp-content\/uploads\/2027\/03\/KTZ195998.jpg\" \/>\n\t<meta property=\"og:image:width\" content=\"640\" \/>\n\t<meta property=\"og:image:height\" content=\"640\" \/>\n\t<meta property=\"og:image:type\" content=\"image\/jpeg\" \/>\n<meta name=\"twitter:card\" content=\"summary_large_image\" \/>\n<meta name=\"twitter:label1\" content=\"Tempo estimado de leitura\" \/>\n\t<meta name=\"twitter:data1\" content=\"1 minuto\" \/>\n<script type=\"application\/ld+json\" class=\"yoast-schema-graph\">{\"@context\":\"https:\/\/schema.org\",\"@graph\":[{\"@type\":\"WebPage\",\"@id\":\"https:\/\/ultramachineparts.com\/product\/ge-ktz195998-2\/\",\"url\":\"https:\/\/ultramachineparts.com\/product\/ge-ktz195998-2\/\",\"name\":\"GE LOGIQ 730 Signal Processing Board KTZ195998 Repair and Exchange for Ultrasound System\",\"isPartOf\":{\"@id\":\"https:\/\/ultramachineparts.com\/#website\"},\"primaryImageOfPage\":{\"@id\":\"https:\/\/ultramachineparts.com\/product\/ge-ktz195998-2\/#primaryimage\"},\"image\":{\"@id\":\"https:\/\/ultramachineparts.com\/product\/ge-ktz195998-2\/#primaryimage\"},\"thumbnailUrl\":\"https:\/\/ultramachineparts.com\/wp-content\/uploads\/2027\/03\/KTZ195998.jpg\",\"datePublished\":\"2026-04-30T12:03:39+00:00\",\"breadcrumb\":{\"@id\":\"https:\/\/ultramachineparts.com\/product\/ge-ktz195998-2\/#breadcrumb\"},\"inLanguage\":\"pt-PT\",\"potentialAction\":[{\"@type\":\"ReadAction\",\"target\":[\"https:\/\/ultramachineparts.com\/product\/ge-ktz195998-2\/\"]}]},{\"@type\":\"ImageObject\",\"inLanguage\":\"pt-PT\",\"@id\":\"https:\/\/ultramachineparts.com\/product\/ge-ktz195998-2\/#primaryimage\",\"url\":\"https:\/\/ultramachineparts.com\/wp-content\/uploads\/2027\/03\/KTZ195998.jpg\",\"contentUrl\":\"https:\/\/ultramachineparts.com\/wp-content\/uploads\/2027\/03\/KTZ195998.jpg\",\"width\":640,\"height\":640,\"caption\":\"KTZ195998\"},{\"@type\":\"BreadcrumbList\",\"@id\":\"https:\/\/ultramachineparts.com\/product\/ge-ktz195998-2\/#breadcrumb\",\"itemListElement\":[{\"@type\":\"ListItem\",\"position\":1,\"name\":\"Home\",\"item\":\"https:\/\/ultramachineparts.com\/\"},{\"@type\":\"ListItem\",\"position\":2,\"name\":\"Ultrasound Boards Repair\",\"item\":\"https:\/\/ultramachineparts.com\/pcategory\/ultrasound-boards-repair\/\"},{\"@type\":\"ListItem\",\"position\":3,\"name\":\"GE LOGIQ 730 Signal Processing Board KTZ195998 Repair and Exchange for Ultrasound System\"}]},{\"@type\":\"WebSite\",\"@id\":\"https:\/\/ultramachineparts.com\/#website\",\"url\":\"https:\/\/ultramachineparts.com\/\",\"name\":\"ultramachine-part\",\"description\":\"\",\"publisher\":{\"@id\":\"https:\/\/ultramachineparts.com\/#organization\"},\"potentialAction\":[{\"@type\":\"SearchAction\",\"target\":{\"@type\":\"EntryPoint\",\"urlTemplate\":\"https:\/\/ultramachineparts.com\/?s={search_term_string}\"},\"query-input\":{\"@type\":\"PropertyValueSpecification\",\"valueRequired\":true,\"valueName\":\"search_term_string\"}}],\"inLanguage\":\"pt-PT\"},{\"@type\":\"Organization\",\"@id\":\"https:\/\/ultramachineparts.com\/#organization\",\"name\":\"ultramachine-part\",\"url\":\"https:\/\/ultramachineparts.com\/\",\"logo\":{\"@type\":\"ImageObject\",\"inLanguage\":\"pt-PT\",\"@id\":\"https:\/\/ultramachineparts.com\/#\/schema\/logo\/image\/\",\"url\":\"https:\/\/ultramachineparts.com\/wp-content\/uploads\/2026\/03\/logo-echoelite.png\",\"contentUrl\":\"https:\/\/ultramachineparts.com\/wp-content\/uploads\/2026\/03\/logo-echoelite.png\",\"width\":463,\"height\":120,\"caption\":\"ultramachine-part\"},\"image\":{\"@id\":\"https:\/\/ultramachineparts.com\/#\/schema\/logo\/image\/\"}}]}<\/script>\n<!-- \/ Yoast SEO plugin. -->","yoast_head_json":{"title":"Placa de processamento de sinal GE LOGIQ 730 KTZ195998 Repara\u00e7\u00e3o e troca para sistema de ultrassom","robots":{"index":"index","follow":"follow","max-snippet":"max-snippet:-1","max-image-preview":"max-image-preview:large","max-video-preview":"max-video-preview:-1"},"canonical":"https:\/\/ultramachineparts.com\/pt\/product\/ge-ktz195998-2\/","og_locale":"pt_PT","og_type":"article","og_title":"GE LOGIQ 730 Signal Processing Board KTZ195998 Repair and Exchange for Ultrasound System","og_description":"GE LOGIQ 730 Signal Processing Board KTZ195998 repair and exchange service for GE LOGIQ 730 ultrasound system. Fully tested and professionally restored signal processing board with stable image processing performance. Fast 2\u20134 working days turnaround for reliable diagnostic operation and system stability. 90-day warranty included for quality assurance.","og_url":"https:\/\/ultramachineparts.com\/pt\/product\/ge-ktz195998-2\/","og_site_name":"ultramachine-part","og_image":[{"width":640,"height":640,"url":"https:\/\/ultramachineparts.com\/wp-content\/uploads\/2027\/03\/KTZ195998.jpg","type":"image\/jpeg"}],"twitter_card":"summary_large_image","twitter_misc":{"Tempo estimado de leitura":"1 minuto"},"schema":{"@context":"https:\/\/schema.org","@graph":[{"@type":"WebPage","@id":"https:\/\/ultramachineparts.com\/product\/ge-ktz195998-2\/","url":"https:\/\/ultramachineparts.com\/product\/ge-ktz195998-2\/","name":"Placa de processamento de sinal GE LOGIQ 730 KTZ195998 Repara\u00e7\u00e3o e troca para sistema de ultrassom","isPartOf":{"@id":"https:\/\/ultramachineparts.com\/#website"},"primaryImageOfPage":{"@id":"https:\/\/ultramachineparts.com\/product\/ge-ktz195998-2\/#primaryimage"},"image":{"@id":"https:\/\/ultramachineparts.com\/product\/ge-ktz195998-2\/#primaryimage"},"thumbnailUrl":"https:\/\/ultramachineparts.com\/wp-content\/uploads\/2027\/03\/KTZ195998.jpg","datePublished":"2026-04-30T12:03:39+00:00","breadcrumb":{"@id":"https:\/\/ultramachineparts.com\/product\/ge-ktz195998-2\/#breadcrumb"},"inLanguage":"pt-PT","potentialAction":[{"@type":"ReadAction","target":["https:\/\/ultramachineparts.com\/product\/ge-ktz195998-2\/"]}]},{"@type":"ImageObject","inLanguage":"pt-PT","@id":"https:\/\/ultramachineparts.com\/product\/ge-ktz195998-2\/#primaryimage","url":"https:\/\/ultramachineparts.com\/wp-content\/uploads\/2027\/03\/KTZ195998.jpg","contentUrl":"https:\/\/ultramachineparts.com\/wp-content\/uploads\/2027\/03\/KTZ195998.jpg","width":640,"height":640,"caption":"KTZ195998"},{"@type":"BreadcrumbList","@id":"https:\/\/ultramachineparts.com\/product\/ge-ktz195998-2\/#breadcrumb","itemListElement":[{"@type":"ListItem","position":1,"name":"Home","item":"https:\/\/ultramachineparts.com\/"},{"@type":"ListItem","position":2,"name":"Ultrasound Boards Repair","item":"https:\/\/ultramachineparts.com\/pcategory\/ultrasound-boards-repair\/"},{"@type":"ListItem","position":3,"name":"GE LOGIQ 730 Signal Processing Board KTZ195998 Repair and Exchange for Ultrasound System"}]},{"@type":"WebSite","@id":"https:\/\/ultramachineparts.com\/#website","url":"https:\/\/ultramachineparts.com\/","name":"pe\u00e7a de ultram\u00e1quina","description":"","publisher":{"@id":"https:\/\/ultramachineparts.com\/#organization"},"potentialAction":[{"@type":"SearchAction","target":{"@type":"EntryPoint","urlTemplate":"https:\/\/ultramachineparts.com\/?s={search_term_string}"},"query-input":{"@type":"PropertyValueSpecification","valueRequired":true,"valueName":"search_term_string"}}],"inLanguage":"pt-PT"},{"@type":"Organization","@id":"https:\/\/ultramachineparts.com\/#organization","name":"pe\u00e7a de ultram\u00e1quina","url":"https:\/\/ultramachineparts.com\/","logo":{"@type":"ImageObject","inLanguage":"pt-PT","@id":"https:\/\/ultramachineparts.com\/#\/schema\/logo\/image\/","url":"https:\/\/ultramachineparts.com\/wp-content\/uploads\/2026\/03\/logo-echoelite.png","contentUrl":"https:\/\/ultramachineparts.com\/wp-content\/uploads\/2026\/03\/logo-echoelite.png","width":463,"height":120,"caption":"ultramachine-part"},"image":{"@id":"https:\/\/ultramachineparts.com\/#\/schema\/logo\/image\/"}}]}},"taxonomy_info":{"pcategory":[{"value":5,"label":"Ultrasound Boards Repair"}]},"featured_image_src_large":["https:\/\/ultramachineparts.com\/wp-content\/uploads\/2027\/03\/KTZ195998.jpg",640,640,false],"author_info":[],"comment_info":"","_links":{"self":[{"href":"https:\/\/ultramachineparts.com\/pt\/wp-json\/wp\/v2\/product\/5375","targetHints":{"allow":["GET"]}}],"collection":[{"href":"https:\/\/ultramachineparts.com\/pt\/wp-json\/wp\/v2\/product"}],"about":[{"href":"https:\/\/ultramachineparts.com\/pt\/wp-json\/wp\/v2\/types\/product"}],"wp:featuredmedia":[{"embeddable":true,"href":"https:\/\/ultramachineparts.com\/pt\/wp-json\/wp\/v2\/media\/12390"}],"wp:attachment":[{"href":"https:\/\/ultramachineparts.com\/pt\/wp-json\/wp\/v2\/media?parent=5375"}],"wp:term":[{"taxonomy":"pcategory","embeddable":true,"href":"https:\/\/ultramachineparts.com\/pt\/wp-json\/wp\/v2\/pcategory?post=5375"},{"taxonomy":"ptag","embeddable":true,"href":"https:\/\/ultramachineparts.com\/pt\/wp-json\/wp\/v2\/ptag?post=5375"}],"curies":[{"name":"wp","href":"https:\/\/api.w.org\/{rel}","templated":true}]}}