{"id":5387,"date":"2026-05-01T12:18:15","date_gmt":"2026-05-01T12:18:15","guid":{"rendered":"https:\/\/ultramachineparts.com\/?post_type=product&#038;p=5387"},"modified":"2026-04-30T02:42:25","modified_gmt":"2026-04-30T02:42:25","slug":"hitachi-tx-board-2","status":"publish","type":"product","link":"https:\/\/ultramachineparts.com\/pt\/product\/hitachi-tx-board-2\/","title":{"rendered":"Repara\u00e7\u00e3o e troca de placa Hitachi Aloka Arietta 60 TX para sistema de ultrassom"},"content":{"rendered":"<p><strong>N\u00famero da pe\u00e7a:<\/strong> TX Board ( Aloka Arietta 60 )<\/p>\n<p><strong>Sistema compat\u00edvel:<\/strong> Sistema de ultrassom Hitachi Aloka Arietta 60<\/p>\n<p><strong>Estado:<\/strong> Servi\u00e7o de repara\u00e7\u00e3o\/recondicionamento da placa TX, testada e restaurada para um estado de funcionamento est\u00e1vel<\/p>\n<p><strong>Prazo de entrega:<\/strong> 2-4 dias \u00fateis ap\u00f3s a confirma\u00e7\u00e3o da encomenda<\/p>\n<p><strong>Garantia:<\/strong> Cobertura de garantia de 90 dias<\/p>\n<p><strong>Notas:<\/strong><\/p>\n<ul>\n<li>Verifique o n\u00famero exato da pe\u00e7a e a compatibilidade do sistema antes de encomendar<\/li>\n<li>Certifique-se de que o equipamento de ultra-sons est\u00e1 desligado antes da instala\u00e7\u00e3o<\/li>\n<li>As placas com defeito devem ser devolvidas para repara\u00e7\u00e3o ou troca<\/li>\n<\/ul>","protected":false},"excerpt":{"rendered":"<p>Servi\u00e7o de repara\u00e7\u00e3o e troca da placa de transmiss\u00e3o Hitachi Aloka Arietta 60 EP555700 para o sistema de ultra-sons Hitachi Aloka Arietta 60. Placa de transmiss\u00e3o totalmente testada e restaurada profissionalmente com desempenho de sa\u00edda de sinal est\u00e1vel. R\u00e1pida execu\u00e7\u00e3o em 2-4 dias \u00fateis para uma opera\u00e7\u00e3o de imagiologia fi\u00e1vel e substitui\u00e7\u00e3o de falhas do sistema. Garantia de 90 dias inclu\u00edda para garantia de qualidade.<\/p>","protected":false},"featured_media":12391,"parent":0,"template":"","meta":{"_acf_changed":false,"_kad_blocks_custom_css":"","_kad_blocks_head_custom_js":"","_kad_blocks_body_custom_js":"","_kad_blocks_footer_custom_js":"","_kadence_starter_templates_imported_post":false,"_kad_post_transparent":"default","_kad_post_title":"","_kad_post_layout":"default","_kad_post_sidebar_id":"","_kad_post_content_style":"default","_kad_post_vertical_padding":"default","_kad_post_feature":"","_kad_post_feature_position":"","_kad_post_header":false,"_kad_post_footer":false},"pcategory":[5],"ptag":[],"class_list":["post-5387","product","type-product","status-publish","has-post-thumbnail","hentry","pcategory-ultrasound-boards-repair"],"acf":[],"yoast_head":"<!-- This site is optimized with the Yoast SEO plugin v27.1.1 - https:\/\/yoast.com\/product\/yoast-seo-wordpress\/ -->\n<title>Hitachi Aloka Arietta 60 TX Board Repair and Exchange for Ultrasound System<\/title>\n<meta name=\"robots\" content=\"index, follow, max-snippet:-1, max-image-preview:large, max-video-preview:-1\" \/>\n<link rel=\"canonical\" href=\"https:\/\/ultramachineparts.com\/pt\/product\/hitachi-tx-board-2\/\" \/>\n<meta property=\"og:locale\" content=\"pt_PT\" \/>\n<meta property=\"og:type\" content=\"article\" \/>\n<meta property=\"og:title\" content=\"Hitachi Aloka Arietta 60 TX Board Repair and Exchange for Ultrasound System\" \/>\n<meta property=\"og:description\" content=\"Hitachi Aloka Arietta 60 TX Board EP555700 repair and exchange service for Hitachi Aloka Arietta 60 ultrasound system. Fully tested and professionally restored transmission board with stable signal output performance. Fast 2\u20134 working days turnaround for reliable imaging operation and system fault replacement. 90-day warranty included for quality assurance.\" \/>\n<meta property=\"og:url\" content=\"https:\/\/ultramachineparts.com\/pt\/product\/hitachi-tx-board-2\/\" \/>\n<meta property=\"og:site_name\" content=\"ultramachine-part\" \/>\n<meta property=\"og:image\" content=\"https:\/\/ultramachineparts.com\/wp-content\/uploads\/2027\/03\/board.jpg\" \/>\n\t<meta property=\"og:image:width\" content=\"800\" \/>\n\t<meta property=\"og:image:height\" content=\"800\" \/>\n\t<meta property=\"og:image:type\" content=\"image\/jpeg\" \/>\n<meta name=\"twitter:card\" content=\"summary_large_image\" \/>\n<meta name=\"twitter:label1\" content=\"Tempo estimado de leitura\" \/>\n\t<meta name=\"twitter:data1\" content=\"1 minuto\" \/>\n<script type=\"application\/ld+json\" class=\"yoast-schema-graph\">{\"@context\":\"https:\/\/schema.org\",\"@graph\":[{\"@type\":\"WebPage\",\"@id\":\"https:\/\/ultramachineparts.com\/product\/hitachi-tx-board-2\/\",\"url\":\"https:\/\/ultramachineparts.com\/product\/hitachi-tx-board-2\/\",\"name\":\"Hitachi Aloka Arietta 60 TX Board Repair and Exchange for Ultrasound System\",\"isPartOf\":{\"@id\":\"https:\/\/ultramachineparts.com\/#website\"},\"primaryImageOfPage\":{\"@id\":\"https:\/\/ultramachineparts.com\/product\/hitachi-tx-board-2\/#primaryimage\"},\"image\":{\"@id\":\"https:\/\/ultramachineparts.com\/product\/hitachi-tx-board-2\/#primaryimage\"},\"thumbnailUrl\":\"https:\/\/ultramachineparts.com\/wp-content\/uploads\/2027\/03\/board.jpg\",\"datePublished\":\"2026-05-01T12:18:15+00:00\",\"breadcrumb\":{\"@id\":\"https:\/\/ultramachineparts.com\/product\/hitachi-tx-board-2\/#breadcrumb\"},\"inLanguage\":\"pt-PT\",\"potentialAction\":[{\"@type\":\"ReadAction\",\"target\":[\"https:\/\/ultramachineparts.com\/product\/hitachi-tx-board-2\/\"]}]},{\"@type\":\"ImageObject\",\"inLanguage\":\"pt-PT\",\"@id\":\"https:\/\/ultramachineparts.com\/product\/hitachi-tx-board-2\/#primaryimage\",\"url\":\"https:\/\/ultramachineparts.com\/wp-content\/uploads\/2027\/03\/board.jpg\",\"contentUrl\":\"https:\/\/ultramachineparts.com\/wp-content\/uploads\/2027\/03\/board.jpg\",\"width\":800,\"height\":800},{\"@type\":\"BreadcrumbList\",\"@id\":\"https:\/\/ultramachineparts.com\/product\/hitachi-tx-board-2\/#breadcrumb\",\"itemListElement\":[{\"@type\":\"ListItem\",\"position\":1,\"name\":\"Home\",\"item\":\"https:\/\/ultramachineparts.com\/\"},{\"@type\":\"ListItem\",\"position\":2,\"name\":\"Ultrasound Boards Repair\",\"item\":\"https:\/\/ultramachineparts.com\/pcategory\/ultrasound-boards-repair\/\"},{\"@type\":\"ListItem\",\"position\":3,\"name\":\"Hitachi Aloka Arietta 60 TX Board Repair and Exchange for Ultrasound System\"}]},{\"@type\":\"WebSite\",\"@id\":\"https:\/\/ultramachineparts.com\/#website\",\"url\":\"https:\/\/ultramachineparts.com\/\",\"name\":\"ultramachine-part\",\"description\":\"\",\"publisher\":{\"@id\":\"https:\/\/ultramachineparts.com\/#organization\"},\"potentialAction\":[{\"@type\":\"SearchAction\",\"target\":{\"@type\":\"EntryPoint\",\"urlTemplate\":\"https:\/\/ultramachineparts.com\/?s={search_term_string}\"},\"query-input\":{\"@type\":\"PropertyValueSpecification\",\"valueRequired\":true,\"valueName\":\"search_term_string\"}}],\"inLanguage\":\"pt-PT\"},{\"@type\":\"Organization\",\"@id\":\"https:\/\/ultramachineparts.com\/#organization\",\"name\":\"ultramachine-part\",\"url\":\"https:\/\/ultramachineparts.com\/\",\"logo\":{\"@type\":\"ImageObject\",\"inLanguage\":\"pt-PT\",\"@id\":\"https:\/\/ultramachineparts.com\/#\/schema\/logo\/image\/\",\"url\":\"https:\/\/ultramachineparts.com\/wp-content\/uploads\/2026\/03\/logo-echoelite.png\",\"contentUrl\":\"https:\/\/ultramachineparts.com\/wp-content\/uploads\/2026\/03\/logo-echoelite.png\",\"width\":463,\"height\":120,\"caption\":\"ultramachine-part\"},\"image\":{\"@id\":\"https:\/\/ultramachineparts.com\/#\/schema\/logo\/image\/\"}}]}<\/script>\n<!-- \/ Yoast SEO plugin. -->","yoast_head_json":{"title":"Repara\u00e7\u00e3o e troca de placa Hitachi Aloka Arietta 60 TX para sistema de ultrassom","robots":{"index":"index","follow":"follow","max-snippet":"max-snippet:-1","max-image-preview":"max-image-preview:large","max-video-preview":"max-video-preview:-1"},"canonical":"https:\/\/ultramachineparts.com\/pt\/product\/hitachi-tx-board-2\/","og_locale":"pt_PT","og_type":"article","og_title":"Hitachi Aloka Arietta 60 TX Board Repair and Exchange for Ultrasound System","og_description":"Hitachi Aloka Arietta 60 TX Board EP555700 repair and exchange service for Hitachi Aloka Arietta 60 ultrasound system. Fully tested and professionally restored transmission board with stable signal output performance. Fast 2\u20134 working days turnaround for reliable imaging operation and system fault replacement. 90-day warranty included for quality assurance.","og_url":"https:\/\/ultramachineparts.com\/pt\/product\/hitachi-tx-board-2\/","og_site_name":"ultramachine-part","og_image":[{"width":800,"height":800,"url":"https:\/\/ultramachineparts.com\/wp-content\/uploads\/2027\/03\/board.jpg","type":"image\/jpeg"}],"twitter_card":"summary_large_image","twitter_misc":{"Tempo estimado de leitura":"1 minuto"},"schema":{"@context":"https:\/\/schema.org","@graph":[{"@type":"WebPage","@id":"https:\/\/ultramachineparts.com\/product\/hitachi-tx-board-2\/","url":"https:\/\/ultramachineparts.com\/product\/hitachi-tx-board-2\/","name":"Repara\u00e7\u00e3o e troca de placa Hitachi Aloka Arietta 60 TX para sistema de ultrassom","isPartOf":{"@id":"https:\/\/ultramachineparts.com\/#website"},"primaryImageOfPage":{"@id":"https:\/\/ultramachineparts.com\/product\/hitachi-tx-board-2\/#primaryimage"},"image":{"@id":"https:\/\/ultramachineparts.com\/product\/hitachi-tx-board-2\/#primaryimage"},"thumbnailUrl":"https:\/\/ultramachineparts.com\/wp-content\/uploads\/2027\/03\/board.jpg","datePublished":"2026-05-01T12:18:15+00:00","breadcrumb":{"@id":"https:\/\/ultramachineparts.com\/product\/hitachi-tx-board-2\/#breadcrumb"},"inLanguage":"pt-PT","potentialAction":[{"@type":"ReadAction","target":["https:\/\/ultramachineparts.com\/product\/hitachi-tx-board-2\/"]}]},{"@type":"ImageObject","inLanguage":"pt-PT","@id":"https:\/\/ultramachineparts.com\/product\/hitachi-tx-board-2\/#primaryimage","url":"https:\/\/ultramachineparts.com\/wp-content\/uploads\/2027\/03\/board.jpg","contentUrl":"https:\/\/ultramachineparts.com\/wp-content\/uploads\/2027\/03\/board.jpg","width":800,"height":800},{"@type":"BreadcrumbList","@id":"https:\/\/ultramachineparts.com\/product\/hitachi-tx-board-2\/#breadcrumb","itemListElement":[{"@type":"ListItem","position":1,"name":"Home","item":"https:\/\/ultramachineparts.com\/"},{"@type":"ListItem","position":2,"name":"Ultrasound Boards Repair","item":"https:\/\/ultramachineparts.com\/pcategory\/ultrasound-boards-repair\/"},{"@type":"ListItem","position":3,"name":"Hitachi Aloka Arietta 60 TX Board Repair and Exchange for Ultrasound System"}]},{"@type":"WebSite","@id":"https:\/\/ultramachineparts.com\/#website","url":"https:\/\/ultramachineparts.com\/","name":"pe\u00e7a de ultram\u00e1quina","description":"","publisher":{"@id":"https:\/\/ultramachineparts.com\/#organization"},"potentialAction":[{"@type":"SearchAction","target":{"@type":"EntryPoint","urlTemplate":"https:\/\/ultramachineparts.com\/?s={search_term_string}"},"query-input":{"@type":"PropertyValueSpecification","valueRequired":true,"valueName":"search_term_string"}}],"inLanguage":"pt-PT"},{"@type":"Organization","@id":"https:\/\/ultramachineparts.com\/#organization","name":"pe\u00e7a de ultram\u00e1quina","url":"https:\/\/ultramachineparts.com\/","logo":{"@type":"ImageObject","inLanguage":"pt-PT","@id":"https:\/\/ultramachineparts.com\/#\/schema\/logo\/image\/","url":"https:\/\/ultramachineparts.com\/wp-content\/uploads\/2026\/03\/logo-echoelite.png","contentUrl":"https:\/\/ultramachineparts.com\/wp-content\/uploads\/2026\/03\/logo-echoelite.png","width":463,"height":120,"caption":"ultramachine-part"},"image":{"@id":"https:\/\/ultramachineparts.com\/#\/schema\/logo\/image\/"}}]}},"taxonomy_info":{"pcategory":[{"value":5,"label":"Ultrasound Boards Repair"}]},"featured_image_src_large":["https:\/\/ultramachineparts.com\/wp-content\/uploads\/2027\/03\/board.jpg",800,800,false],"author_info":[],"comment_info":"","_links":{"self":[{"href":"https:\/\/ultramachineparts.com\/pt\/wp-json\/wp\/v2\/product\/5387","targetHints":{"allow":["GET"]}}],"collection":[{"href":"https:\/\/ultramachineparts.com\/pt\/wp-json\/wp\/v2\/product"}],"about":[{"href":"https:\/\/ultramachineparts.com\/pt\/wp-json\/wp\/v2\/types\/product"}],"wp:featuredmedia":[{"embeddable":true,"href":"https:\/\/ultramachineparts.com\/pt\/wp-json\/wp\/v2\/media\/12391"}],"wp:attachment":[{"href":"https:\/\/ultramachineparts.com\/pt\/wp-json\/wp\/v2\/media?parent=5387"}],"wp:term":[{"taxonomy":"pcategory","embeddable":true,"href":"https:\/\/ultramachineparts.com\/pt\/wp-json\/wp\/v2\/pcategory?post=5387"},{"taxonomy":"ptag","embeddable":true,"href":"https:\/\/ultramachineparts.com\/pt\/wp-json\/wp\/v2\/ptag?post=5387"}],"curies":[{"name":"wp","href":"https:\/\/api.w.org\/{rel}","templated":true}]}}