{"id":5434,"date":"2026-05-04T13:05:43","date_gmt":"2026-05-04T13:05:43","guid":{"rendered":"https:\/\/ultramachineparts.com\/?post_type=product&#038;p=5434"},"modified":"2026-04-30T03:30:28","modified_gmt":"2026-04-30T03:30:28","slug":"ep479900cc","status":"publish","type":"product","link":"https:\/\/ultramachineparts.com\/pt\/product\/ep479900cc\/","title":{"rendered":"Placa de alimenta\u00e7\u00e3o EP479900CC para sistemas de ultrassom Hitachi Aloka SSD-3500"},"content":{"rendered":"<p><strong>Fonte de alimenta\u00e7\u00e3o Aloka SSD-3500 EP479900CC<\/strong><\/p>\n<p><strong>N\u00famero da pe\u00e7a:<\/strong> EP479900CC<\/p>\n<p><strong>Sistema compat\u00edvel:<\/strong> Sistema de ultrassom Aloka SSD-3500<\/p>\n<p><strong>Estado:<\/strong> Fonte de alimenta\u00e7\u00e3o recondicionada, testada e restaurada para condi\u00e7\u00f5es de funcionamento est\u00e1veis<\/p>\n<p><strong>Prazo de entrega:<\/strong> 2-5 dias \u00fateis ap\u00f3s a confirma\u00e7\u00e3o da encomenda<\/p>\n<p><strong>Garantia:<\/strong> Cobertura de garantia de 90 dias<\/p>\n<p><strong>Notas:<\/strong><\/p>\n<ul>\n<li>Verifique o n\u00famero de pe\u00e7a EP479900CC e a compatibilidade do sistema antes de efetuar a encomenda<\/li>\n<li>Certifique-se de que o equipamento de ultra-sons est\u00e1 desligado antes da instala\u00e7\u00e3o<\/li>\n<li>As fontes de alimenta\u00e7\u00e3o com defeito devem ser devolvidas para repara\u00e7\u00e3o ou troca<\/li>\n<\/ul>","protected":false},"excerpt":{"rendered":"<p>Placa de alimenta\u00e7\u00e3o EP479900CC para o sistema de ultra-sons Hitachi Aloka SSD-3500. Dispon\u00edvel para venda, repara\u00e7\u00e3o e servi\u00e7o de substitui\u00e7\u00e3o. Totalmente testada e restaurada por profissionais, com um prazo de entrega r\u00e1pido de 2 a 5 dias e garantia de 90 dias para um desempenho est\u00e1vel da fonte de alimenta\u00e7\u00e3o e um funcionamento fi\u00e1vel do sistema.<\/p>","protected":false},"featured_media":12392,"parent":0,"template":"","meta":{"_acf_changed":false,"_kad_blocks_custom_css":"","_kad_blocks_head_custom_js":"","_kad_blocks_body_custom_js":"","_kad_blocks_footer_custom_js":"","_kadence_starter_templates_imported_post":false,"_kad_post_transparent":"default","_kad_post_title":"","_kad_post_layout":"default","_kad_post_sidebar_id":"","_kad_post_content_style":"default","_kad_post_vertical_padding":"default","_kad_post_feature":"","_kad_post_feature_position":"","_kad_post_header":false,"_kad_post_footer":false},"pcategory":[5],"ptag":[],"class_list":["post-5434","product","type-product","status-publish","has-post-thumbnail","hentry","pcategory-ultrasound-boards-repair"],"acf":[],"yoast_head":"<!-- This site is optimized with the Yoast SEO plugin v27.1.1 - https:\/\/yoast.com\/product\/yoast-seo-wordpress\/ -->\n<title>EP479900CC Power Supply Board for Hitachi Aloka SSD-3500 Ultrasound Systems<\/title>\n<meta name=\"robots\" content=\"index, follow, max-snippet:-1, max-image-preview:large, max-video-preview:-1\" \/>\n<link rel=\"canonical\" href=\"https:\/\/ultramachineparts.com\/pt\/product\/ep479900cc\/\" \/>\n<meta property=\"og:locale\" content=\"pt_PT\" \/>\n<meta property=\"og:type\" content=\"article\" \/>\n<meta property=\"og:title\" content=\"EP479900CC Power Supply Board for Hitachi Aloka SSD-3500 Ultrasound Systems\" \/>\n<meta property=\"og:description\" content=\"EP479900CC power supply board for Hitachi Aloka SSD-3500 ultrasound system. Available for sales, repair, and replacement service. Fully tested and professionally restored with fast 2\u20135 day turnaround and 90-day warranty for stable power supply performance and reliable system operation.\" \/>\n<meta property=\"og:url\" content=\"https:\/\/ultramachineparts.com\/pt\/product\/ep479900cc\/\" \/>\n<meta property=\"og:site_name\" content=\"ultramachine-part\" \/>\n<meta property=\"og:image\" content=\"https:\/\/ultramachineparts.com\/wp-content\/uploads\/2027\/03\/EP479900CC-1.jpg\" \/>\n\t<meta property=\"og:image:width\" content=\"800\" \/>\n\t<meta property=\"og:image:height\" content=\"800\" \/>\n\t<meta property=\"og:image:type\" content=\"image\/jpeg\" \/>\n<meta name=\"twitter:card\" content=\"summary_large_image\" \/>\n<meta name=\"twitter:label1\" content=\"Tempo estimado de leitura\" \/>\n\t<meta name=\"twitter:data1\" content=\"1 minuto\" \/>\n<script type=\"application\/ld+json\" class=\"yoast-schema-graph\">{\"@context\":\"https:\/\/schema.org\",\"@graph\":[{\"@type\":\"WebPage\",\"@id\":\"https:\/\/ultramachineparts.com\/product\/ep479900cc\/\",\"url\":\"https:\/\/ultramachineparts.com\/product\/ep479900cc\/\",\"name\":\"EP479900CC Power Supply Board for Hitachi Aloka SSD-3500 Ultrasound Systems\",\"isPartOf\":{\"@id\":\"https:\/\/ultramachineparts.com\/#website\"},\"primaryImageOfPage\":{\"@id\":\"https:\/\/ultramachineparts.com\/product\/ep479900cc\/#primaryimage\"},\"image\":{\"@id\":\"https:\/\/ultramachineparts.com\/product\/ep479900cc\/#primaryimage\"},\"thumbnailUrl\":\"https:\/\/ultramachineparts.com\/wp-content\/uploads\/2027\/03\/EP479900CC-1.jpg\",\"datePublished\":\"2026-05-04T13:05:43+00:00\",\"breadcrumb\":{\"@id\":\"https:\/\/ultramachineparts.com\/product\/ep479900cc\/#breadcrumb\"},\"inLanguage\":\"pt-PT\",\"potentialAction\":[{\"@type\":\"ReadAction\",\"target\":[\"https:\/\/ultramachineparts.com\/product\/ep479900cc\/\"]}]},{\"@type\":\"ImageObject\",\"inLanguage\":\"pt-PT\",\"@id\":\"https:\/\/ultramachineparts.com\/product\/ep479900cc\/#primaryimage\",\"url\":\"https:\/\/ultramachineparts.com\/wp-content\/uploads\/2027\/03\/EP479900CC-1.jpg\",\"contentUrl\":\"https:\/\/ultramachineparts.com\/wp-content\/uploads\/2027\/03\/EP479900CC-1.jpg\",\"width\":800,\"height\":800},{\"@type\":\"BreadcrumbList\",\"@id\":\"https:\/\/ultramachineparts.com\/product\/ep479900cc\/#breadcrumb\",\"itemListElement\":[{\"@type\":\"ListItem\",\"position\":1,\"name\":\"Home\",\"item\":\"https:\/\/ultramachineparts.com\/\"},{\"@type\":\"ListItem\",\"position\":2,\"name\":\"Ultrasound Boards Repair\",\"item\":\"https:\/\/ultramachineparts.com\/pcategory\/ultrasound-boards-repair\/\"},{\"@type\":\"ListItem\",\"position\":3,\"name\":\"EP479900CC Power Supply Board for Hitachi Aloka SSD-3500 Ultrasound Systems\"}]},{\"@type\":\"WebSite\",\"@id\":\"https:\/\/ultramachineparts.com\/#website\",\"url\":\"https:\/\/ultramachineparts.com\/\",\"name\":\"ultramachine-part\",\"description\":\"\",\"publisher\":{\"@id\":\"https:\/\/ultramachineparts.com\/#organization\"},\"potentialAction\":[{\"@type\":\"SearchAction\",\"target\":{\"@type\":\"EntryPoint\",\"urlTemplate\":\"https:\/\/ultramachineparts.com\/?s={search_term_string}\"},\"query-input\":{\"@type\":\"PropertyValueSpecification\",\"valueRequired\":true,\"valueName\":\"search_term_string\"}}],\"inLanguage\":\"pt-PT\"},{\"@type\":\"Organization\",\"@id\":\"https:\/\/ultramachineparts.com\/#organization\",\"name\":\"ultramachine-part\",\"url\":\"https:\/\/ultramachineparts.com\/\",\"logo\":{\"@type\":\"ImageObject\",\"inLanguage\":\"pt-PT\",\"@id\":\"https:\/\/ultramachineparts.com\/#\/schema\/logo\/image\/\",\"url\":\"https:\/\/ultramachineparts.com\/wp-content\/uploads\/2026\/03\/logo-echoelite.png\",\"contentUrl\":\"https:\/\/ultramachineparts.com\/wp-content\/uploads\/2026\/03\/logo-echoelite.png\",\"width\":463,\"height\":120,\"caption\":\"ultramachine-part\"},\"image\":{\"@id\":\"https:\/\/ultramachineparts.com\/#\/schema\/logo\/image\/\"}}]}<\/script>\n<!-- \/ Yoast SEO plugin. -->","yoast_head_json":{"title":"Placa de alimenta\u00e7\u00e3o EP479900CC para sistemas de ultrassom Hitachi Aloka SSD-3500","robots":{"index":"index","follow":"follow","max-snippet":"max-snippet:-1","max-image-preview":"max-image-preview:large","max-video-preview":"max-video-preview:-1"},"canonical":"https:\/\/ultramachineparts.com\/pt\/product\/ep479900cc\/","og_locale":"pt_PT","og_type":"article","og_title":"EP479900CC Power Supply Board for Hitachi Aloka SSD-3500 Ultrasound Systems","og_description":"EP479900CC power supply board for Hitachi Aloka SSD-3500 ultrasound system. Available for sales, repair, and replacement service. Fully tested and professionally restored with fast 2\u20135 day turnaround and 90-day warranty for stable power supply performance and reliable system operation.","og_url":"https:\/\/ultramachineparts.com\/pt\/product\/ep479900cc\/","og_site_name":"ultramachine-part","og_image":[{"width":800,"height":800,"url":"https:\/\/ultramachineparts.com\/wp-content\/uploads\/2027\/03\/EP479900CC-1.jpg","type":"image\/jpeg"}],"twitter_card":"summary_large_image","twitter_misc":{"Tempo estimado de leitura":"1 minuto"},"schema":{"@context":"https:\/\/schema.org","@graph":[{"@type":"WebPage","@id":"https:\/\/ultramachineparts.com\/product\/ep479900cc\/","url":"https:\/\/ultramachineparts.com\/product\/ep479900cc\/","name":"Placa de alimenta\u00e7\u00e3o EP479900CC para sistemas de ultrassom Hitachi Aloka SSD-3500","isPartOf":{"@id":"https:\/\/ultramachineparts.com\/#website"},"primaryImageOfPage":{"@id":"https:\/\/ultramachineparts.com\/product\/ep479900cc\/#primaryimage"},"image":{"@id":"https:\/\/ultramachineparts.com\/product\/ep479900cc\/#primaryimage"},"thumbnailUrl":"https:\/\/ultramachineparts.com\/wp-content\/uploads\/2027\/03\/EP479900CC-1.jpg","datePublished":"2026-05-04T13:05:43+00:00","breadcrumb":{"@id":"https:\/\/ultramachineparts.com\/product\/ep479900cc\/#breadcrumb"},"inLanguage":"pt-PT","potentialAction":[{"@type":"ReadAction","target":["https:\/\/ultramachineparts.com\/product\/ep479900cc\/"]}]},{"@type":"ImageObject","inLanguage":"pt-PT","@id":"https:\/\/ultramachineparts.com\/product\/ep479900cc\/#primaryimage","url":"https:\/\/ultramachineparts.com\/wp-content\/uploads\/2027\/03\/EP479900CC-1.jpg","contentUrl":"https:\/\/ultramachineparts.com\/wp-content\/uploads\/2027\/03\/EP479900CC-1.jpg","width":800,"height":800},{"@type":"BreadcrumbList","@id":"https:\/\/ultramachineparts.com\/product\/ep479900cc\/#breadcrumb","itemListElement":[{"@type":"ListItem","position":1,"name":"Home","item":"https:\/\/ultramachineparts.com\/"},{"@type":"ListItem","position":2,"name":"Ultrasound Boards Repair","item":"https:\/\/ultramachineparts.com\/pcategory\/ultrasound-boards-repair\/"},{"@type":"ListItem","position":3,"name":"EP479900CC Power Supply Board for Hitachi Aloka SSD-3500 Ultrasound Systems"}]},{"@type":"WebSite","@id":"https:\/\/ultramachineparts.com\/#website","url":"https:\/\/ultramachineparts.com\/","name":"pe\u00e7a de ultram\u00e1quina","description":"","publisher":{"@id":"https:\/\/ultramachineparts.com\/#organization"},"potentialAction":[{"@type":"SearchAction","target":{"@type":"EntryPoint","urlTemplate":"https:\/\/ultramachineparts.com\/?s={search_term_string}"},"query-input":{"@type":"PropertyValueSpecification","valueRequired":true,"valueName":"search_term_string"}}],"inLanguage":"pt-PT"},{"@type":"Organization","@id":"https:\/\/ultramachineparts.com\/#organization","name":"pe\u00e7a de ultram\u00e1quina","url":"https:\/\/ultramachineparts.com\/","logo":{"@type":"ImageObject","inLanguage":"pt-PT","@id":"https:\/\/ultramachineparts.com\/#\/schema\/logo\/image\/","url":"https:\/\/ultramachineparts.com\/wp-content\/uploads\/2026\/03\/logo-echoelite.png","contentUrl":"https:\/\/ultramachineparts.com\/wp-content\/uploads\/2026\/03\/logo-echoelite.png","width":463,"height":120,"caption":"ultramachine-part"},"image":{"@id":"https:\/\/ultramachineparts.com\/#\/schema\/logo\/image\/"}}]}},"taxonomy_info":{"pcategory":[{"value":5,"label":"Ultrasound Boards Repair"}]},"featured_image_src_large":["https:\/\/ultramachineparts.com\/wp-content\/uploads\/2027\/03\/EP479900CC-1.jpg",800,800,false],"author_info":[],"comment_info":"","_links":{"self":[{"href":"https:\/\/ultramachineparts.com\/pt\/wp-json\/wp\/v2\/product\/5434","targetHints":{"allow":["GET"]}}],"collection":[{"href":"https:\/\/ultramachineparts.com\/pt\/wp-json\/wp\/v2\/product"}],"about":[{"href":"https:\/\/ultramachineparts.com\/pt\/wp-json\/wp\/v2\/types\/product"}],"wp:featuredmedia":[{"embeddable":true,"href":"https:\/\/ultramachineparts.com\/pt\/wp-json\/wp\/v2\/media\/12392"}],"wp:attachment":[{"href":"https:\/\/ultramachineparts.com\/pt\/wp-json\/wp\/v2\/media?parent=5434"}],"wp:term":[{"taxonomy":"pcategory","embeddable":true,"href":"https:\/\/ultramachineparts.com\/pt\/wp-json\/wp\/v2\/pcategory?post=5434"},{"taxonomy":"ptag","embeddable":true,"href":"https:\/\/ultramachineparts.com\/pt\/wp-json\/wp\/v2\/ptag?post=5434"}],"curies":[{"name":"wp","href":"https:\/\/api.w.org\/{rel}","templated":true}]}}