{"id":3297,"date":"2026-03-11T07:02:05","date_gmt":"2026-03-11T07:02:05","guid":{"rendered":"https:\/\/ultramachineparts.com\/?post_type=product&#038;p=3297"},"modified":"2026-03-13T03:38:01","modified_gmt":"2026-03-13T03:38:01","slug":"ge-logiq-v2-battery-5653692-2s","status":"publish","type":"product","link":"https:\/\/ultramachineparts.com\/tr\/product\/ge-logiq-v2-battery-5653692-2s\/","title":{"rendered":"GE LOGIQ V2 Batarya P\/N: 5653692-2S | Kesin, De\u011fi\u015fim ve Onar\u0131m Mevcut"},"content":{"rendered":"<p>Bu, \u00f6zellikle a\u015fa\u011f\u0131dakiler i\u00e7in tasarlanm\u0131\u015f y\u00fcksek kaliteli OEM uyumlu bir lityum iyon pildir <strong>GE Healthcare LOGIQ V2<\/strong> ta\u015f\u0131nabilir ultrason tan\u0131 sistemi (LOGIQ V1 ile de uyumludur). Ultrason ekipman\u0131 i\u00e7in g\u00fcvenilir performans ve istikrarl\u0131 g\u00fc\u00e7 deste\u011fi sa\u011flamak i\u00e7in EchoElite taraf\u0131ndan profesyonel olarak tedarik edilmektedir.<\/p>\n<p><strong>Ana \u00d6zellikler<\/strong><\/p>\n<ul>\n<li><strong>Model:<\/strong> 5653692-2S (E\u015fde\u011fer Model: U80321-3R02)<\/li>\n<li><strong>Pil Tipi:<\/strong> Li-ion \u015earj Edilebilir Ak\u0131ll\u0131 Pil Paketi<\/li>\n<li><strong>Nominal Gerilim:<\/strong> 14,54V DC (Baz\u0131lar\u0131 14,4V olarak etiketlenmi\u015ftir)<\/li>\n<li><strong>Kapasite:<\/strong> 6.7Ah \/ 6700mAh<\/li>\n<li><strong>Enerji:<\/strong> 97,42Wh<\/li>\n<li><strong>Boyutlar (Yakla\u015f\u0131k):<\/strong> 168 \u00d7 73,4 \u00d7 22,5 mm<\/li>\n<li><strong>A\u011f\u0131rl\u0131k:<\/strong> Yakla\u015f\u0131k 460-500g<\/li>\n<li><strong>\u015earj Limit Gerilimi:<\/strong> 16.4V<\/li>\n<li><strong>\u00c7al\u0131\u015fma S\u0131cakl\u0131\u011f\u0131:<\/strong> 10-30\u00b0C \u015farj, GE spesifikasyonlar\u0131na g\u00f6re \u00e7al\u0131\u015fma s\u0131cakl\u0131\u011f\u0131<\/li>\n<\/ul>\n<p><img loading=\"lazy\" decoding=\"async\" class=\"alignnone size-full wp-image-3299\" src=\"https:\/\/ultramachineparts.com\/wp-content\/uploads\/2026\/03\/5653692-2S-2.jpg\" alt=\"\" width=\"700\" height=\"680\" srcset=\"https:\/\/ultramachineparts.com\/wp-content\/uploads\/2026\/03\/5653692-2S-2.jpg 700w, https:\/\/ultramachineparts.com\/wp-content\/uploads\/2026\/03\/5653692-2S-2-300x291.jpg 300w, https:\/\/ultramachineparts.com\/wp-content\/uploads\/2026\/03\/5653692-2S-2-12x12.jpg 12w\" sizes=\"auto, (max-width: 700px) 100vw, 700px\" \/> <img loading=\"lazy\" decoding=\"async\" class=\"alignnone size-full wp-image-3298\" src=\"https:\/\/ultramachineparts.com\/wp-content\/uploads\/2026\/03\/5653692-2S-1.jpg\" alt=\"\" width=\"700\" height=\"525\" srcset=\"https:\/\/ultramachineparts.com\/wp-content\/uploads\/2026\/03\/5653692-2S-1.jpg 700w, https:\/\/ultramachineparts.com\/wp-content\/uploads\/2026\/03\/5653692-2S-1-300x225.jpg 300w, https:\/\/ultramachineparts.com\/wp-content\/uploads\/2026\/03\/5653692-2S-1-16x12.jpg 16w\" sizes=\"auto, (max-width: 700px) 100vw, 700px\" \/><\/p>\n<p><strong>\u00dcr\u00fcn \u00d6zellikleri<\/strong><\/p>\n<ul>\n<li>Orijinal ak\u00fcn\u00fcn do\u011frudan yerine ge\u00e7er, hi\u00e7bir modifikasyon gerektirmeden tak ve \u00e7al\u0131\u015ft\u0131r<\/li>\n<li>Pil seviyesi g\u00f6stergesini ve koruma i\u015flevlerini (a\u015f\u0131r\u0131 \u015farj, a\u015f\u0131r\u0131 de\u015farj, k\u0131sa devre ve a\u015f\u0131r\u0131 \u0131s\u0131nma korumas\u0131) destekleyen dahili ak\u0131ll\u0131 \u00e7ip<\/li>\n<li>Pil \u00f6mr\u00fc: Tam olarak \u015farj edilmi\u015f bir pil yakla\u015f\u0131k 30 dakikal\u0131k ultrason \u00e7al\u0131\u015fmas\u0131n\u0131 destekleyebilir (kullan\u0131m moduna ve prob tipine ba\u011fl\u0131 olarak)<\/li>\n<li>T\u0131bbi ekipman uygulamalar\u0131 i\u00e7in uygun y\u00fcksek g\u00fcvenlik standard\u0131<\/li>\n<li><strong>60 g\u00fcnl\u00fck garanti<\/strong> h\u0131zl\u0131 sevkiyat s\u00fcresi ile <strong>2-4 g\u00fcn<\/strong><\/li>\n<\/ul>\n<p><strong>Uyumlu Sistemler<\/strong><\/p>\n<ul>\n<li>GE LOGIQ V2<\/li>\n<li>GE LOGIQ V1<\/li>\n<\/ul>\n<p><strong>Sat\u0131n Alma Bilgileri<\/strong><\/p>\n<ul>\n<li>G\u00fcvenilir OEM e\u015fde\u011feri kalite ile stokta mevcuttur<\/li>\n<li>Toplu sat\u0131n alma ve ultrason onar\u0131m hizmeti talepleri kabul edilir<\/li>\n<\/ul>\n<p>Daha fazla teknik \u00f6zellik, \u00fcr\u00fcn foto\u011fraflar\u0131 veya uyumluluk onay\u0131 i\u00e7in l\u00fctfen bizimle ileti\u015fime ge\u00e7mekten \u00e7ekinmeyin.<\/p>","protected":false},"excerpt":{"rendered":"<p>GE LOGIQ V2 ultrason sistemi i\u00e7in yedek batarya, par\u00e7a numaras\u0131 5653692-2S. GE LOGIQ V1 V2 ta\u015f\u0131nabilir ultrason makineleri ile uyumlu y\u00fcksek kaliteli 14,4V 6,7Ah Li-ion pil.<\/p>","protected":false},"featured_media":3300,"parent":0,"template":"","meta":{"_acf_changed":false,"_kad_blocks_custom_css":"","_kad_blocks_head_custom_js":"","_kad_blocks_body_custom_js":"","_kad_blocks_footer_custom_js":"","_kadence_starter_templates_imported_post":false,"_kad_post_transparent":"default","_kad_post_title":"","_kad_post_layout":"default","_kad_post_sidebar_id":"","_kad_post_content_style":"default","_kad_post_vertical_padding":"default","_kad_post_feature":"","_kad_post_feature_position":"","_kad_post_header":false,"_kad_post_footer":false},"pcategory":[34],"ptag":[],"class_list":["post-3297","product","type-product","status-publish","has-post-thumbnail","hentry","pcategory-ultrasound-power-supply"],"acf":[],"yoast_head":"<!-- This site is optimized with the Yoast SEO plugin v27.1.1 - https:\/\/yoast.com\/product\/yoast-seo-wordpress\/ -->\n<title>GE LOGIQ V2 Battery P\/N: 5653692-2S | Outright, Exchange &amp; Repair Available<\/title>\n<meta name=\"robots\" content=\"index, follow, max-snippet:-1, max-image-preview:large, max-video-preview:-1\" \/>\n<link rel=\"canonical\" href=\"https:\/\/ultramachineparts.com\/tr\/product\/ge-logiq-v2-battery-5653692-2s\/\" \/>\n<meta property=\"og:locale\" content=\"tr_TR\" \/>\n<meta property=\"og:type\" content=\"article\" \/>\n<meta property=\"og:title\" content=\"GE LOGIQ V2 Battery P\/N: 5653692-2S | Outright, Exchange &amp; Repair Available\" \/>\n<meta property=\"og:description\" content=\"Replacement battery for GE LOGIQ V2 ultrasound system, part number 5653692-2S. High-quality 14.4V 6.7Ah Li-ion battery compatible with GE LOGIQ V1 V2 portable ultrasound machines.\" \/>\n<meta property=\"og:url\" content=\"https:\/\/ultramachineparts.com\/tr\/product\/ge-logiq-v2-battery-5653692-2s\/\" \/>\n<meta property=\"og:site_name\" content=\"ultramachine-part\" \/>\n<meta property=\"article:modified_time\" content=\"2026-03-13T03:38:01+00:00\" \/>\n<meta property=\"og:image\" content=\"https:\/\/ultramachineparts.com\/wp-content\/uploads\/2026\/03\/5653692-2S-3.jpg\" \/>\n\t<meta property=\"og:image:width\" content=\"700\" \/>\n\t<meta property=\"og:image:height\" content=\"700\" \/>\n\t<meta property=\"og:image:type\" content=\"image\/jpeg\" \/>\n<meta name=\"twitter:card\" content=\"summary_large_image\" \/>\n<meta name=\"twitter:label1\" content=\"Tahmini okuma s\u00fcresi\" \/>\n\t<meta name=\"twitter:data1\" content=\"2 dakika\" \/>\n<script type=\"application\/ld+json\" class=\"yoast-schema-graph\">{\"@context\":\"https:\/\/schema.org\",\"@graph\":[{\"@type\":\"WebPage\",\"@id\":\"https:\/\/ultramachineparts.com\/product\/ge-logiq-v2-battery-5653692-2s\/\",\"url\":\"https:\/\/ultramachineparts.com\/product\/ge-logiq-v2-battery-5653692-2s\/\",\"name\":\"GE LOGIQ V2 Battery P\/N: 5653692-2S | Outright, Exchange & Repair Available\",\"isPartOf\":{\"@id\":\"https:\/\/ultramachineparts.com\/#website\"},\"primaryImageOfPage\":{\"@id\":\"https:\/\/ultramachineparts.com\/product\/ge-logiq-v2-battery-5653692-2s\/#primaryimage\"},\"image\":{\"@id\":\"https:\/\/ultramachineparts.com\/product\/ge-logiq-v2-battery-5653692-2s\/#primaryimage\"},\"thumbnailUrl\":\"https:\/\/ultramachineparts.com\/wp-content\/uploads\/2026\/03\/5653692-2S-3.jpg\",\"datePublished\":\"2026-03-11T07:02:05+00:00\",\"dateModified\":\"2026-03-13T03:38:01+00:00\",\"breadcrumb\":{\"@id\":\"https:\/\/ultramachineparts.com\/product\/ge-logiq-v2-battery-5653692-2s\/#breadcrumb\"},\"inLanguage\":\"tr\",\"potentialAction\":[{\"@type\":\"ReadAction\",\"target\":[\"https:\/\/ultramachineparts.com\/product\/ge-logiq-v2-battery-5653692-2s\/\"]}]},{\"@type\":\"ImageObject\",\"inLanguage\":\"tr\",\"@id\":\"https:\/\/ultramachineparts.com\/product\/ge-logiq-v2-battery-5653692-2s\/#primaryimage\",\"url\":\"https:\/\/ultramachineparts.com\/wp-content\/uploads\/2026\/03\/5653692-2S-3.jpg\",\"contentUrl\":\"https:\/\/ultramachineparts.com\/wp-content\/uploads\/2026\/03\/5653692-2S-3.jpg\",\"width\":700,\"height\":700},{\"@type\":\"BreadcrumbList\",\"@id\":\"https:\/\/ultramachineparts.com\/product\/ge-logiq-v2-battery-5653692-2s\/#breadcrumb\",\"itemListElement\":[{\"@type\":\"ListItem\",\"position\":1,\"name\":\"Home\",\"item\":\"https:\/\/ultramachineparts.com\/\"},{\"@type\":\"ListItem\",\"position\":2,\"name\":\"Ultrasound Power Supply\",\"item\":\"https:\/\/ultramachineparts.com\/pcategory\/ultrasound-power-supply\/\"},{\"@type\":\"ListItem\",\"position\":3,\"name\":\"GE LOGIQ V2 Battery P\/N: 5653692-2S | Outright, Exchange &#038; Repair Available\"}]},{\"@type\":\"WebSite\",\"@id\":\"https:\/\/ultramachineparts.com\/#website\",\"url\":\"https:\/\/ultramachineparts.com\/\",\"name\":\"ultramachine-part\",\"description\":\"\",\"publisher\":{\"@id\":\"https:\/\/ultramachineparts.com\/#organization\"},\"potentialAction\":[{\"@type\":\"SearchAction\",\"target\":{\"@type\":\"EntryPoint\",\"urlTemplate\":\"https:\/\/ultramachineparts.com\/?s={search_term_string}\"},\"query-input\":{\"@type\":\"PropertyValueSpecification\",\"valueRequired\":true,\"valueName\":\"search_term_string\"}}],\"inLanguage\":\"tr\"},{\"@type\":\"Organization\",\"@id\":\"https:\/\/ultramachineparts.com\/#organization\",\"name\":\"ultramachine-part\",\"url\":\"https:\/\/ultramachineparts.com\/\",\"logo\":{\"@type\":\"ImageObject\",\"inLanguage\":\"tr\",\"@id\":\"https:\/\/ultramachineparts.com\/#\/schema\/logo\/image\/\",\"url\":\"https:\/\/ultramachineparts.com\/wp-content\/uploads\/2026\/03\/logo-echoelite.png\",\"contentUrl\":\"https:\/\/ultramachineparts.com\/wp-content\/uploads\/2026\/03\/logo-echoelite.png\",\"width\":463,\"height\":120,\"caption\":\"ultramachine-part\"},\"image\":{\"@id\":\"https:\/\/ultramachineparts.com\/#\/schema\/logo\/image\/\"}}]}<\/script>\n<!-- \/ Yoast SEO plugin. -->","yoast_head_json":{"title":"GE LOGIQ V2 Batarya P\/N: 5653692-2S | Kesin, De\u011fi\u015fim ve Onar\u0131m Mevcut","robots":{"index":"index","follow":"follow","max-snippet":"max-snippet:-1","max-image-preview":"max-image-preview:large","max-video-preview":"max-video-preview:-1"},"canonical":"https:\/\/ultramachineparts.com\/tr\/product\/ge-logiq-v2-battery-5653692-2s\/","og_locale":"tr_TR","og_type":"article","og_title":"GE LOGIQ V2 Battery P\/N: 5653692-2S | Outright, Exchange & Repair Available","og_description":"Replacement battery for GE LOGIQ V2 ultrasound system, part number 5653692-2S. High-quality 14.4V 6.7Ah Li-ion battery compatible with GE LOGIQ V1 V2 portable ultrasound machines.","og_url":"https:\/\/ultramachineparts.com\/tr\/product\/ge-logiq-v2-battery-5653692-2s\/","og_site_name":"ultramachine-part","article_modified_time":"2026-03-13T03:38:01+00:00","og_image":[{"width":700,"height":700,"url":"https:\/\/ultramachineparts.com\/wp-content\/uploads\/2026\/03\/5653692-2S-3.jpg","type":"image\/jpeg"}],"twitter_card":"summary_large_image","twitter_misc":{"Tahmini okuma s\u00fcresi":"2 dakika"},"schema":{"@context":"https:\/\/schema.org","@graph":[{"@type":"WebPage","@id":"https:\/\/ultramachineparts.com\/product\/ge-logiq-v2-battery-5653692-2s\/","url":"https:\/\/ultramachineparts.com\/product\/ge-logiq-v2-battery-5653692-2s\/","name":"GE LOGIQ V2 Batarya P\/N: 5653692-2S | Kesin, De\u011fi\u015fim ve Onar\u0131m Mevcut","isPartOf":{"@id":"https:\/\/ultramachineparts.com\/#website"},"primaryImageOfPage":{"@id":"https:\/\/ultramachineparts.com\/product\/ge-logiq-v2-battery-5653692-2s\/#primaryimage"},"image":{"@id":"https:\/\/ultramachineparts.com\/product\/ge-logiq-v2-battery-5653692-2s\/#primaryimage"},"thumbnailUrl":"https:\/\/ultramachineparts.com\/wp-content\/uploads\/2026\/03\/5653692-2S-3.jpg","datePublished":"2026-03-11T07:02:05+00:00","dateModified":"2026-03-13T03:38:01+00:00","breadcrumb":{"@id":"https:\/\/ultramachineparts.com\/product\/ge-logiq-v2-battery-5653692-2s\/#breadcrumb"},"inLanguage":"tr","potentialAction":[{"@type":"ReadAction","target":["https:\/\/ultramachineparts.com\/product\/ge-logiq-v2-battery-5653692-2s\/"]}]},{"@type":"ImageObject","inLanguage":"tr","@id":"https:\/\/ultramachineparts.com\/product\/ge-logiq-v2-battery-5653692-2s\/#primaryimage","url":"https:\/\/ultramachineparts.com\/wp-content\/uploads\/2026\/03\/5653692-2S-3.jpg","contentUrl":"https:\/\/ultramachineparts.com\/wp-content\/uploads\/2026\/03\/5653692-2S-3.jpg","width":700,"height":700},{"@type":"BreadcrumbList","@id":"https:\/\/ultramachineparts.com\/product\/ge-logiq-v2-battery-5653692-2s\/#breadcrumb","itemListElement":[{"@type":"ListItem","position":1,"name":"Home","item":"https:\/\/ultramachineparts.com\/"},{"@type":"ListItem","position":2,"name":"Ultrasound Power Supply","item":"https:\/\/ultramachineparts.com\/pcategory\/ultrasound-power-supply\/"},{"@type":"ListItem","position":3,"name":"GE LOGIQ V2 Battery P\/N: 5653692-2S | Outright, Exchange &#038; Repair Available"}]},{"@type":"WebSite","@id":"https:\/\/ultramachineparts.com\/#website","url":"https:\/\/ultramachineparts.com\/","name":"ultramachine-part","description":"","publisher":{"@id":"https:\/\/ultramachineparts.com\/#organization"},"potentialAction":[{"@type":"SearchAction","target":{"@type":"EntryPoint","urlTemplate":"https:\/\/ultramachineparts.com\/?s={search_term_string}"},"query-input":{"@type":"PropertyValueSpecification","valueRequired":true,"valueName":"search_term_string"}}],"inLanguage":"tr"},{"@type":"Organization","@id":"https:\/\/ultramachineparts.com\/#organization","name":"ultramachine-part","url":"https:\/\/ultramachineparts.com\/","logo":{"@type":"ImageObject","inLanguage":"tr","@id":"https:\/\/ultramachineparts.com\/#\/schema\/logo\/image\/","url":"https:\/\/ultramachineparts.com\/wp-content\/uploads\/2026\/03\/logo-echoelite.png","contentUrl":"https:\/\/ultramachineparts.com\/wp-content\/uploads\/2026\/03\/logo-echoelite.png","width":463,"height":120,"caption":"ultramachine-part"},"image":{"@id":"https:\/\/ultramachineparts.com\/#\/schema\/logo\/image\/"}}]}},"taxonomy_info":{"pcategory":[{"value":34,"label":"Ultrasound Power Supply"}]},"featured_image_src_large":["https:\/\/ultramachineparts.com\/wp-content\/uploads\/2026\/03\/5653692-2S-3.jpg",700,700,false],"author_info":[],"comment_info":"","_links":{"self":[{"href":"https:\/\/ultramachineparts.com\/tr\/wp-json\/wp\/v2\/product\/3297","targetHints":{"allow":["GET"]}}],"collection":[{"href":"https:\/\/ultramachineparts.com\/tr\/wp-json\/wp\/v2\/product"}],"about":[{"href":"https:\/\/ultramachineparts.com\/tr\/wp-json\/wp\/v2\/types\/product"}],"wp:featuredmedia":[{"embeddable":true,"href":"https:\/\/ultramachineparts.com\/tr\/wp-json\/wp\/v2\/media\/3300"}],"wp:attachment":[{"href":"https:\/\/ultramachineparts.com\/tr\/wp-json\/wp\/v2\/media?parent=3297"}],"wp:term":[{"taxonomy":"pcategory","embeddable":true,"href":"https:\/\/ultramachineparts.com\/tr\/wp-json\/wp\/v2\/pcategory?post=3297"},{"taxonomy":"ptag","embeddable":true,"href":"https:\/\/ultramachineparts.com\/tr\/wp-json\/wp\/v2\/ptag?post=3297"}],"curies":[{"name":"wp","href":"https:\/\/api.w.org\/{rel}","templated":true}]}}