{"id":3325,"date":"2026-03-21T11:57:59","date_gmt":"2026-03-21T11:57:59","guid":{"rendered":"https:\/\/ultramachineparts.com\/?post_type=product&#038;p=3325"},"modified":"2026-03-22T07:54:52","modified_gmt":"2026-03-22T07:54:52","slug":"mindray-probe-module-pem-21","status":"publish","type":"product","link":"https:\/\/ultramachineparts.com\/tr\/product\/mindray-probe-module-pem-21\/","title":{"rendered":"Mindray PEM-21 Mindray M5 M7 M9 Ta\u015f\u0131nabilir Ultrason i\u00e7in Prob Uzatma Mod\u00fcl\u00fc"},"content":{"rendered":"<p>Bu <strong>Mindray Prob Uzatma Mod\u00fcl\u00fc PEM-21 <\/strong>\u00a0uyumlu Mindray ta\u015f\u0131nabilir ultrason sistemleri i\u00e7in tasarlanm\u0131\u015f bir aksesuar mod\u00fcl\u00fcd\u00fcr. Ana d\u00f6n\u00fc\u015ft\u00fcr\u00fcc\u00fc aray\u00fcz\u00fcne ba\u011flan\u0131r ve prob ba\u011flant\u0131 portlar\u0131n\u0131 geni\u015fleterek kullan\u0131c\u0131lar\u0131n sisteme birden fazla ultrason probu takmas\u0131n\u0131 sa\u011flar. Bu tasar\u0131m, s\u0131k s\u0131k probun yeniden ba\u011flanmas\u0131 ihtiyac\u0131n\u0131 azaltmaya yard\u0131mc\u0131 olur ve rutin tan\u0131 muayeneleri s\u0131ras\u0131nda i\u015f ak\u0131\u015f\u0131 verimlili\u011fini art\u0131r\u0131r.<\/p>\n<p><img loading=\"lazy\" decoding=\"async\" class=\"alignnone size-full wp-image-3661\" src=\"https:\/\/ultramachineparts.com\/wp-content\/uploads\/2026\/12\/Mindray-PEM-21-5.jpg\" alt=\"\" width=\"800\" height=\"600\" srcset=\"https:\/\/ultramachineparts.com\/wp-content\/uploads\/2026\/12\/Mindray-PEM-21-5.jpg 800w, https:\/\/ultramachineparts.com\/wp-content\/uploads\/2026\/12\/Mindray-PEM-21-5-300x225.jpg 300w, https:\/\/ultramachineparts.com\/wp-content\/uploads\/2026\/12\/Mindray-PEM-21-5-768x576.jpg 768w, https:\/\/ultramachineparts.com\/wp-content\/uploads\/2026\/12\/Mindray-PEM-21-5-16x12.jpg 16w\" sizes=\"auto, (max-width: 800px) 100vw, 800px\" \/><\/p>\n<p>PEM-21 prob uzatma mod\u00fcl\u00fc, M serisi sistemler (M7 ve ilgili modeller dahil) gibi Mindray ta\u015f\u0131nabilir ultrason platformlar\u0131yla yayg\u0131n olarak kullan\u0131l\u0131r. Ultrason \u00fcnitesinin stabil sinyal iletimini ve g\u00fcvenilir g\u00f6r\u00fcnt\u00fcleme performans\u0131n\u0131 korurken ek transd\u00fcserleri desteklemesini sa\u011flar. Mod\u00fcl, hastanelerde, g\u00f6r\u00fcnt\u00fcleme merkezlerinde ve t\u0131bbi ekipman servis \u015firketlerinde ultrason sistemi bak\u0131m\u0131, de\u011fi\u015ftirme ve yedek par\u00e7a uygulamalar\u0131 i\u00e7in yayg\u0131n olarak kullan\u0131lmaktad\u0131r.<\/p>\n<p><strong>\u00dcr\u00fcn Bilgileri<\/strong><\/p>\n<ul>\n<li><strong>\u00dcr\u00fcn Ad\u0131:<\/strong> Ultrason Probu Uzatma Mod\u00fcl\u00fc<\/li>\n<li><strong>Model:<\/strong> PEM-21<\/li>\n<li><strong>Uyumlu Sistem:<\/strong> M5 \/ M7T \/ M9 serisi gibi Mindray ta\u015f\u0131nabilir ultrason sistemleri<\/li>\n<li><strong>Fonksiyon:<\/strong> Prob aray\u00fcz\u00fcn\u00fc geni\u015fletir ve birden fazla ultrason d\u00f6n\u00fc\u015ft\u00fcr\u00fcc\u00fcs\u00fcn\u00fcn ba\u011flanmas\u0131n\u0131 destekler<\/li>\n<li><strong>Durum:<\/strong> \u0130yi \u00e7al\u0131\u015f\u0131r durumda orijinal mod\u00fcl<\/li>\n<li><strong>Garanti:<\/strong> 90 g\u00fcn<\/li>\n<li><strong>Teslimat S\u00fcresi:<\/strong> Genellikle 2-4 i\u015f g\u00fcn\u00fc<\/li>\n<li><strong>Servis:<\/strong> Ultrason yedek par\u00e7alar\u0131 i\u00e7in kesin sat\u0131\u015f \/ De\u011fi\u015fim \/ Onar\u0131m hizmeti mevcuttur<\/li>\n<\/ul>\n<p><strong>Servis Notlar\u0131<\/strong><\/p>\n<ul>\n<li>Uzatma mod\u00fcl\u00fc yaln\u0131zca ultrason sistemi kapal\u0131yken tak\u0131lmal\u0131 veya \u00e7\u0131kar\u0131lmal\u0131d\u0131r.<\/li>\n<li>L\u00fctfen sipari\u015f vermeden \u00f6nce ultrason modelinizle uyumlulu\u011funu onaylay\u0131n.<\/li>\n<li>De\u011fi\u015fim hizmeti i\u00e7in ar\u0131zal\u0131 \u00e7ekirdek mod\u00fcl\u00fcn iade edilmesi gerekebilir.<\/li>\n<li>Teknik dan\u0131\u015fmanl\u0131k, onar\u0131m de\u011ferlendirmesi veya toplu sat\u0131n alma talepleri i\u00e7in bizimle ileti\u015fime ge\u00e7in.<\/li>\n<\/ul>","protected":false},"excerpt":{"rendered":"<p>Mindray PEM-21 ultrason probu uzatma mod\u00fcl\u00fc Mindray M serisi ta\u015f\u0131nabilir ultrason sistemleri ile uyumludur. Test edilmi\u015f \u00e7al\u0131\u015fma ko\u015fulu ile 90 g\u00fcn garanti ve h\u0131zl\u0131 teslimat.<\/p>","protected":false},"featured_media":3659,"parent":0,"template":"","meta":{"_acf_changed":false,"_kad_blocks_custom_css":"","_kad_blocks_head_custom_js":"","_kad_blocks_body_custom_js":"","_kad_blocks_footer_custom_js":"","_kadence_starter_templates_imported_post":false,"_kad_post_transparent":"default","_kad_post_title":"","_kad_post_layout":"default","_kad_post_sidebar_id":"","_kad_post_content_style":"default","_kad_post_vertical_padding":"default","_kad_post_feature":"","_kad_post_feature_position":"","_kad_post_header":false,"_kad_post_footer":false},"pcategory":[35],"ptag":[],"class_list":["post-3325","product","type-product","status-publish","has-post-thumbnail","hentry","pcategory-ultrasound-components"],"acf":[],"yoast_head":"<!-- This site is optimized with the Yoast SEO plugin v27.1.1 - https:\/\/yoast.com\/product\/yoast-seo-wordpress\/ -->\n<title>Mindray PEM-21 Probe Extend Module for Mindray M5 M7 M9 Portable Ultrasound<\/title>\n<meta name=\"description\" content=\"Mindray PEM-21 ultrasound probe extension module compatible with Mindray M series portable ultrasound systems. Tested working condition with 90 days warranty and fast delivery.\" \/>\n<meta name=\"robots\" content=\"index, follow, max-snippet:-1, max-image-preview:large, max-video-preview:-1\" \/>\n<link rel=\"canonical\" href=\"https:\/\/ultramachineparts.com\/tr\/product\/mindray-probe-module-pem-21\/\" \/>\n<meta property=\"og:locale\" content=\"tr_TR\" \/>\n<meta property=\"og:type\" content=\"article\" \/>\n<meta property=\"og:title\" content=\"Mindray PEM-21 Probe Extend Module for Mindray M5 M7 M9 Portable Ultrasound\" \/>\n<meta property=\"og:description\" content=\"Mindray PEM-21 ultrasound probe extension module compatible with Mindray M series portable ultrasound systems. Tested working condition with 90 days warranty and fast delivery.\" \/>\n<meta property=\"og:url\" content=\"https:\/\/ultramachineparts.com\/tr\/product\/mindray-probe-module-pem-21\/\" \/>\n<meta property=\"og:site_name\" content=\"ultramachine-part\" \/>\n<meta property=\"article:modified_time\" content=\"2026-03-22T07:54:52+00:00\" \/>\n<meta property=\"og:image\" content=\"https:\/\/ultramachineparts.com\/wp-content\/uploads\/2026\/12\/Mindray-PEM-21-3.jpg\" \/>\n\t<meta property=\"og:image:width\" content=\"800\" \/>\n\t<meta property=\"og:image:height\" content=\"718\" \/>\n\t<meta property=\"og:image:type\" content=\"image\/jpeg\" \/>\n<meta name=\"twitter:card\" content=\"summary_large_image\" \/>\n<meta name=\"twitter:label1\" content=\"Tahmini okuma s\u00fcresi\" \/>\n\t<meta name=\"twitter:data1\" content=\"2 dakika\" \/>\n<script type=\"application\/ld+json\" class=\"yoast-schema-graph\">{\"@context\":\"https:\/\/schema.org\",\"@graph\":[{\"@type\":\"WebPage\",\"@id\":\"https:\/\/ultramachineparts.com\/product\/mindray-probe-module-pem-21\/\",\"url\":\"https:\/\/ultramachineparts.com\/product\/mindray-probe-module-pem-21\/\",\"name\":\"Mindray PEM-21 Probe Extend Module for Mindray M5 M7 M9 Portable Ultrasound\",\"isPartOf\":{\"@id\":\"https:\/\/ultramachineparts.com\/#website\"},\"primaryImageOfPage\":{\"@id\":\"https:\/\/ultramachineparts.com\/product\/mindray-probe-module-pem-21\/#primaryimage\"},\"image\":{\"@id\":\"https:\/\/ultramachineparts.com\/product\/mindray-probe-module-pem-21\/#primaryimage\"},\"thumbnailUrl\":\"https:\/\/ultramachineparts.com\/wp-content\/uploads\/2026\/12\/Mindray-PEM-21-3.jpg\",\"datePublished\":\"2026-03-21T11:57:59+00:00\",\"dateModified\":\"2026-03-22T07:54:52+00:00\",\"description\":\"Mindray PEM-21 ultrasound probe extension module compatible with Mindray M series portable ultrasound systems. Tested working condition with 90 days warranty and fast delivery.\",\"breadcrumb\":{\"@id\":\"https:\/\/ultramachineparts.com\/product\/mindray-probe-module-pem-21\/#breadcrumb\"},\"inLanguage\":\"tr\",\"potentialAction\":[{\"@type\":\"ReadAction\",\"target\":[\"https:\/\/ultramachineparts.com\/product\/mindray-probe-module-pem-21\/\"]}]},{\"@type\":\"ImageObject\",\"inLanguage\":\"tr\",\"@id\":\"https:\/\/ultramachineparts.com\/product\/mindray-probe-module-pem-21\/#primaryimage\",\"url\":\"https:\/\/ultramachineparts.com\/wp-content\/uploads\/2026\/12\/Mindray-PEM-21-3.jpg\",\"contentUrl\":\"https:\/\/ultramachineparts.com\/wp-content\/uploads\/2026\/12\/Mindray-PEM-21-3.jpg\",\"width\":800,\"height\":718,\"caption\":\"Mindray PEM-21\"},{\"@type\":\"BreadcrumbList\",\"@id\":\"https:\/\/ultramachineparts.com\/product\/mindray-probe-module-pem-21\/#breadcrumb\",\"itemListElement\":[{\"@type\":\"ListItem\",\"position\":1,\"name\":\"Home\",\"item\":\"https:\/\/ultramachineparts.com\/\"},{\"@type\":\"ListItem\",\"position\":2,\"name\":\"Ultrasound Components\",\"item\":\"https:\/\/ultramachineparts.com\/pcategory\/ultrasound-components\/\"},{\"@type\":\"ListItem\",\"position\":3,\"name\":\"Mindray PEM-21 Probe Extend Module for Mindray M5 M7 M9 Portable Ultrasound\"}]},{\"@type\":\"WebSite\",\"@id\":\"https:\/\/ultramachineparts.com\/#website\",\"url\":\"https:\/\/ultramachineparts.com\/\",\"name\":\"ultramachine-part\",\"description\":\"\",\"publisher\":{\"@id\":\"https:\/\/ultramachineparts.com\/#organization\"},\"potentialAction\":[{\"@type\":\"SearchAction\",\"target\":{\"@type\":\"EntryPoint\",\"urlTemplate\":\"https:\/\/ultramachineparts.com\/?s={search_term_string}\"},\"query-input\":{\"@type\":\"PropertyValueSpecification\",\"valueRequired\":true,\"valueName\":\"search_term_string\"}}],\"inLanguage\":\"tr\"},{\"@type\":\"Organization\",\"@id\":\"https:\/\/ultramachineparts.com\/#organization\",\"name\":\"ultramachine-part\",\"url\":\"https:\/\/ultramachineparts.com\/\",\"logo\":{\"@type\":\"ImageObject\",\"inLanguage\":\"tr\",\"@id\":\"https:\/\/ultramachineparts.com\/#\/schema\/logo\/image\/\",\"url\":\"https:\/\/ultramachineparts.com\/wp-content\/uploads\/2026\/03\/logo-echoelite.png\",\"contentUrl\":\"https:\/\/ultramachineparts.com\/wp-content\/uploads\/2026\/03\/logo-echoelite.png\",\"width\":463,\"height\":120,\"caption\":\"ultramachine-part\"},\"image\":{\"@id\":\"https:\/\/ultramachineparts.com\/#\/schema\/logo\/image\/\"}}]}<\/script>\n<!-- \/ Yoast SEO plugin. -->","yoast_head_json":{"title":"Mindray PEM-21 Mindray M5 M7 M9 Ta\u015f\u0131nabilir Ultrason i\u00e7in Prob Uzatma Mod\u00fcl\u00fc","description":"Mindray PEM-21 ultrason probu uzatma mod\u00fcl\u00fc Mindray M serisi ta\u015f\u0131nabilir ultrason sistemleri ile uyumludur. Test edilmi\u015f \u00e7al\u0131\u015fma ko\u015fulu ile 90 g\u00fcn garanti ve h\u0131zl\u0131 teslimat.","robots":{"index":"index","follow":"follow","max-snippet":"max-snippet:-1","max-image-preview":"max-image-preview:large","max-video-preview":"max-video-preview:-1"},"canonical":"https:\/\/ultramachineparts.com\/tr\/product\/mindray-probe-module-pem-21\/","og_locale":"tr_TR","og_type":"article","og_title":"Mindray PEM-21 Probe Extend Module for Mindray M5 M7 M9 Portable Ultrasound","og_description":"Mindray PEM-21 ultrasound probe extension module compatible with Mindray M series portable ultrasound systems. Tested working condition with 90 days warranty and fast delivery.","og_url":"https:\/\/ultramachineparts.com\/tr\/product\/mindray-probe-module-pem-21\/","og_site_name":"ultramachine-part","article_modified_time":"2026-03-22T07:54:52+00:00","og_image":[{"width":800,"height":718,"url":"https:\/\/ultramachineparts.com\/wp-content\/uploads\/2026\/12\/Mindray-PEM-21-3.jpg","type":"image\/jpeg"}],"twitter_card":"summary_large_image","twitter_misc":{"Tahmini okuma s\u00fcresi":"2 dakika"},"schema":{"@context":"https:\/\/schema.org","@graph":[{"@type":"WebPage","@id":"https:\/\/ultramachineparts.com\/product\/mindray-probe-module-pem-21\/","url":"https:\/\/ultramachineparts.com\/product\/mindray-probe-module-pem-21\/","name":"Mindray PEM-21 Mindray M5 M7 M9 Ta\u015f\u0131nabilir Ultrason i\u00e7in Prob Uzatma Mod\u00fcl\u00fc","isPartOf":{"@id":"https:\/\/ultramachineparts.com\/#website"},"primaryImageOfPage":{"@id":"https:\/\/ultramachineparts.com\/product\/mindray-probe-module-pem-21\/#primaryimage"},"image":{"@id":"https:\/\/ultramachineparts.com\/product\/mindray-probe-module-pem-21\/#primaryimage"},"thumbnailUrl":"https:\/\/ultramachineparts.com\/wp-content\/uploads\/2026\/12\/Mindray-PEM-21-3.jpg","datePublished":"2026-03-21T11:57:59+00:00","dateModified":"2026-03-22T07:54:52+00:00","description":"Mindray PEM-21 ultrason probu uzatma mod\u00fcl\u00fc Mindray M serisi ta\u015f\u0131nabilir ultrason sistemleri ile uyumludur. Test edilmi\u015f \u00e7al\u0131\u015fma ko\u015fulu ile 90 g\u00fcn garanti ve h\u0131zl\u0131 teslimat.","breadcrumb":{"@id":"https:\/\/ultramachineparts.com\/product\/mindray-probe-module-pem-21\/#breadcrumb"},"inLanguage":"tr","potentialAction":[{"@type":"ReadAction","target":["https:\/\/ultramachineparts.com\/product\/mindray-probe-module-pem-21\/"]}]},{"@type":"ImageObject","inLanguage":"tr","@id":"https:\/\/ultramachineparts.com\/product\/mindray-probe-module-pem-21\/#primaryimage","url":"https:\/\/ultramachineparts.com\/wp-content\/uploads\/2026\/12\/Mindray-PEM-21-3.jpg","contentUrl":"https:\/\/ultramachineparts.com\/wp-content\/uploads\/2026\/12\/Mindray-PEM-21-3.jpg","width":800,"height":718,"caption":"Mindray PEM-21"},{"@type":"BreadcrumbList","@id":"https:\/\/ultramachineparts.com\/product\/mindray-probe-module-pem-21\/#breadcrumb","itemListElement":[{"@type":"ListItem","position":1,"name":"Home","item":"https:\/\/ultramachineparts.com\/"},{"@type":"ListItem","position":2,"name":"Ultrasound Components","item":"https:\/\/ultramachineparts.com\/pcategory\/ultrasound-components\/"},{"@type":"ListItem","position":3,"name":"Mindray PEM-21 Probe Extend Module for Mindray M5 M7 M9 Portable Ultrasound"}]},{"@type":"WebSite","@id":"https:\/\/ultramachineparts.com\/#website","url":"https:\/\/ultramachineparts.com\/","name":"ultramachine-part","description":"","publisher":{"@id":"https:\/\/ultramachineparts.com\/#organization"},"potentialAction":[{"@type":"SearchAction","target":{"@type":"EntryPoint","urlTemplate":"https:\/\/ultramachineparts.com\/?s={search_term_string}"},"query-input":{"@type":"PropertyValueSpecification","valueRequired":true,"valueName":"search_term_string"}}],"inLanguage":"tr"},{"@type":"Organization","@id":"https:\/\/ultramachineparts.com\/#organization","name":"ultramachine-part","url":"https:\/\/ultramachineparts.com\/","logo":{"@type":"ImageObject","inLanguage":"tr","@id":"https:\/\/ultramachineparts.com\/#\/schema\/logo\/image\/","url":"https:\/\/ultramachineparts.com\/wp-content\/uploads\/2026\/03\/logo-echoelite.png","contentUrl":"https:\/\/ultramachineparts.com\/wp-content\/uploads\/2026\/03\/logo-echoelite.png","width":463,"height":120,"caption":"ultramachine-part"},"image":{"@id":"https:\/\/ultramachineparts.com\/#\/schema\/logo\/image\/"}}]}},"taxonomy_info":{"pcategory":[{"value":35,"label":"Ultrasound Components"}]},"featured_image_src_large":["https:\/\/ultramachineparts.com\/wp-content\/uploads\/2026\/12\/Mindray-PEM-21-3.jpg",800,718,false],"author_info":[],"comment_info":"","_links":{"self":[{"href":"https:\/\/ultramachineparts.com\/tr\/wp-json\/wp\/v2\/product\/3325","targetHints":{"allow":["GET"]}}],"collection":[{"href":"https:\/\/ultramachineparts.com\/tr\/wp-json\/wp\/v2\/product"}],"about":[{"href":"https:\/\/ultramachineparts.com\/tr\/wp-json\/wp\/v2\/types\/product"}],"wp:featuredmedia":[{"embeddable":true,"href":"https:\/\/ultramachineparts.com\/tr\/wp-json\/wp\/v2\/media\/3659"}],"wp:attachment":[{"href":"https:\/\/ultramachineparts.com\/tr\/wp-json\/wp\/v2\/media?parent=3325"}],"wp:term":[{"taxonomy":"pcategory","embeddable":true,"href":"https:\/\/ultramachineparts.com\/tr\/wp-json\/wp\/v2\/pcategory?post=3325"},{"taxonomy":"ptag","embeddable":true,"href":"https:\/\/ultramachineparts.com\/tr\/wp-json\/wp\/v2\/ptag?post=3325"}],"curies":[{"name":"wp","href":"https:\/\/api.w.org\/{rel}","templated":true}]}}