{"id":3415,"date":"2026-03-19T06:50:37","date_gmt":"2026-03-19T06:50:37","guid":{"rendered":"https:\/\/ultramachineparts.com\/?post_type=product&#038;p=3415"},"modified":"2026-03-19T06:44:40","modified_gmt":"2026-03-19T06:44:40","slug":"ge-dac-ba04-power-board-5433408-20","status":"publish","type":"product","link":"https:\/\/ultramachineparts.com\/tr\/product\/ge-dac-ba04-power-board-5433408-20\/","title":{"rendered":"Vivid E9 Ultrason Sistemi i\u00e7in Kullan\u0131lm\u0131\u015f GE DAC-BA04 G\u00fc\u00e7 Kart\u0131 5433408-20"},"content":{"rendered":"<p><strong>GE Vivid E9 DAC-BA04 G\u00fc\u00e7 Kart\u0131 Rev.A1 (P\/N: 5433408-20)<\/strong> GE Vivid E9 ve GE LOGIQ E9 ultrason sistemleri ile kullan\u0131lmak \u00fczere tasarlanm\u0131\u015ft\u0131r. Dahili mod\u00fcllere ve elektronik bile\u015fenlere g\u00fcvenilir ve tutarl\u0131 g\u00fc\u00e7 da\u011f\u0131t\u0131m\u0131 sa\u011flayarak sistemin istikrarl\u0131 \u00e7al\u0131\u015fmas\u0131n\u0131 destekler.<\/p>\n<p><img loading=\"lazy\" decoding=\"async\" class=\"alignnone size-full wp-image-3639\" src=\"https:\/\/ultramachineparts.com\/wp-content\/uploads\/2027\/03\/5433408-20-4.jpg\" alt=\"\" width=\"750\" height=\"477\" srcset=\"https:\/\/ultramachineparts.com\/wp-content\/uploads\/2027\/03\/5433408-20-4.jpg 750w, https:\/\/ultramachineparts.com\/wp-content\/uploads\/2027\/03\/5433408-20-4-300x191.jpg 300w, https:\/\/ultramachineparts.com\/wp-content\/uploads\/2027\/03\/5433408-20-4-18x12.jpg 18w\" sizes=\"auto, (max-width: 750px) 100vw, 750px\" \/> <img loading=\"lazy\" decoding=\"async\" class=\"alignnone wp-image-3638\" src=\"https:\/\/ultramachineparts.com\/wp-content\/uploads\/2027\/03\/5433408-20-3.jpg\" alt=\"\" width=\"750\" height=\"386\" srcset=\"https:\/\/ultramachineparts.com\/wp-content\/uploads\/2027\/03\/5433408-20-3.jpg 1458w, https:\/\/ultramachineparts.com\/wp-content\/uploads\/2027\/03\/5433408-20-3-300x154.jpg 300w, https:\/\/ultramachineparts.com\/wp-content\/uploads\/2027\/03\/5433408-20-3-1024x527.jpg 1024w, https:\/\/ultramachineparts.com\/wp-content\/uploads\/2027\/03\/5433408-20-3-768x395.jpg 768w, https:\/\/ultramachineparts.com\/wp-content\/uploads\/2027\/03\/5433408-20-3-18x9.jpg 18w\" sizes=\"auto, (max-width: 750px) 100vw, 750px\" \/><\/p>\n<p><strong>\u00dcr\u00fcn Bilgileri<\/strong><\/p>\n<ul>\n<li><strong>\u00dcr\u00fcn Ad\u0131:<\/strong> DAC-BA04 G\u00fc\u00e7 Kart\u0131<\/li>\n<li><strong>Par\u00e7a Numaras\u0131:<\/strong> 5433408-20<\/li>\n<li><strong>Uyumlu Sistemler:<\/strong> GE Vivid E9 \/ GE LOGIQ E9 ultrason sistemleri<\/li>\n<li><strong>Fonksiyon:<\/strong> Dahili mod\u00fcller i\u00e7in istikrarl\u0131 g\u00fc\u00e7 kayna\u011f\u0131 ve da\u011f\u0131t\u0131m\u0131 sa\u011flar<\/li>\n<li><strong>Durum:<\/strong> Orijinal pano, test edilmi\u015f ve iyi \u00e7al\u0131\u015f\u0131r durumda<\/li>\n<li><strong>Garanti:<\/strong> 60 g\u00fcn<\/li>\n<li><strong>Teslimat S\u00fcresi:<\/strong> Genellikle 2-4 i\u015f g\u00fcn\u00fc<\/li>\n<li><strong>Hizmet Se\u00e7enekleri:<\/strong> Do\u011frudan sat\u0131\u015f \/ De\u011fi\u015fim \/ Onar\u0131m hizmeti mevcuttur<\/li>\n<\/ul>\n<p><strong>Servis Notlar\u0131<\/strong><\/p>\n<ul>\n<li>L\u00fctfen sipari\u015f vermeden \u00f6nce GE Vivid E9 veya LOGIQ E9 sisteminizle uyumlulu\u011funu do\u011frulay\u0131n.<\/li>\n<li>Uygun de\u011ferlendirme ve hizmet i\u015flemleri i\u00e7in pano eksiksiz olmal\u0131d\u0131r.<\/li>\n<li>De\u011fi\u015fim hizmeti i\u00e7in ar\u0131zal\u0131 \u00fcnitenin iade edilmesi gerekebilir.<\/li>\n<li>Kalifiye teknisyenler taraf\u0131ndan montaj yap\u0131lmas\u0131 \u015fiddetle tavsiye edilir.<\/li>\n<li>Onar\u0131m de\u011ferlendirmesi veya toplu sat\u0131n alma talepleri i\u00e7in bizimle ileti\u015fime ge\u00e7mekten \u00e7ekinmeyin.<\/li>\n<\/ul>","protected":false},"excerpt":{"rendered":"<p>GE Vivid E9 DAC-BA04 G\u00fc\u00e7 Kart\u0131 Rev.A1 (P\/N: 5433408-20), GE Vivid E9 ve GE LOGIQ E9 ultrason sistemleri ile kullan\u0131lmak \u00fczere tasarlanm\u0131\u015ft\u0131r. Dahili mod\u00fcllere ve elektronik bile\u015fenlere g\u00fcvenilir ve tutarl\u0131 g\u00fc\u00e7 da\u011f\u0131t\u0131m\u0131 sa\u011flayarak sistemin istikrarl\u0131 \u00e7al\u0131\u015fmas\u0131n\u0131 destekler. \u00dcr\u00fcn Bilgileri \u00dcr\u00fcn Ad\u0131: DAC-BA04 G\u00fc\u00e7 Kart\u0131 Par\u00e7a Numaras\u0131: 5433408-20 Uyumlu Sistemler: GE Vivid E9...<\/p>","protected":false},"featured_media":3637,"parent":0,"template":"","meta":{"_acf_changed":false,"_kad_blocks_custom_css":"","_kad_blocks_head_custom_js":"","_kad_blocks_body_custom_js":"","_kad_blocks_footer_custom_js":"","_kadence_starter_templates_imported_post":false,"_kad_post_transparent":"default","_kad_post_title":"","_kad_post_layout":"default","_kad_post_sidebar_id":"","_kad_post_content_style":"default","_kad_post_vertical_padding":"default","_kad_post_feature":"","_kad_post_feature_position":"","_kad_post_header":false,"_kad_post_footer":false},"pcategory":[5],"ptag":[],"class_list":["post-3415","product","type-product","status-publish","has-post-thumbnail","hentry","pcategory-ultrasound-boards-repair"],"acf":[],"yoast_head":"<!-- This site is optimized with the Yoast SEO plugin v27.1.1 - https:\/\/yoast.com\/product\/yoast-seo-wordpress\/ -->\n<title>Used GE DAC-BA04 Power Board 5433408-20 for Vivid E9 Ultrasound System<\/title>\n<meta name=\"robots\" content=\"index, follow, max-snippet:-1, max-image-preview:large, max-video-preview:-1\" \/>\n<link rel=\"canonical\" href=\"https:\/\/ultramachineparts.com\/tr\/product\/ge-dac-ba04-power-board-5433408-20\/\" \/>\n<meta property=\"og:locale\" content=\"tr_TR\" \/>\n<meta property=\"og:type\" content=\"article\" \/>\n<meta property=\"og:title\" content=\"Used GE DAC-BA04 Power Board 5433408-20 for Vivid E9 Ultrasound System\" \/>\n<meta property=\"og:description\" content=\"GE Vivid E9 DAC-BA04 Power Board Rev.A1 (P\/N: 5433408-20) is designed for use with GE Vivid E9 and GE LOGIQ E9 ultrasound systems. It ensures reliable and consistent power distribution to internal modules and electronic components, supporting stable system operation. Product Information Product Name: DAC-BA04 Power Board Part Number: 5433408-20 Compatible Systems: GE Vivid E9...\" \/>\n<meta property=\"og:url\" content=\"https:\/\/ultramachineparts.com\/tr\/product\/ge-dac-ba04-power-board-5433408-20\/\" \/>\n<meta property=\"og:site_name\" content=\"ultramachine-part\" \/>\n<meta property=\"og:image\" content=\"https:\/\/ultramachineparts.com\/wp-content\/uploads\/2027\/03\/5433408-20-2.jpg\" \/>\n\t<meta property=\"og:image:width\" content=\"750\" \/>\n\t<meta property=\"og:image:height\" content=\"563\" \/>\n\t<meta property=\"og:image:type\" content=\"image\/jpeg\" \/>\n<meta name=\"twitter:card\" content=\"summary_large_image\" \/>\n<meta name=\"twitter:label1\" content=\"Tahmini okuma s\u00fcresi\" \/>\n\t<meta name=\"twitter:data1\" content=\"2 dakika\" \/>\n<script type=\"application\/ld+json\" class=\"yoast-schema-graph\">{\"@context\":\"https:\/\/schema.org\",\"@graph\":[{\"@type\":\"WebPage\",\"@id\":\"https:\/\/ultramachineparts.com\/product\/ge-dac-ba04-power-board-5433408-20\/\",\"url\":\"https:\/\/ultramachineparts.com\/product\/ge-dac-ba04-power-board-5433408-20\/\",\"name\":\"Used GE DAC-BA04 Power Board 5433408-20 for Vivid E9 Ultrasound System\",\"isPartOf\":{\"@id\":\"https:\/\/ultramachineparts.com\/#website\"},\"primaryImageOfPage\":{\"@id\":\"https:\/\/ultramachineparts.com\/product\/ge-dac-ba04-power-board-5433408-20\/#primaryimage\"},\"image\":{\"@id\":\"https:\/\/ultramachineparts.com\/product\/ge-dac-ba04-power-board-5433408-20\/#primaryimage\"},\"thumbnailUrl\":\"https:\/\/ultramachineparts.com\/wp-content\/uploads\/2027\/03\/5433408-20-2.jpg\",\"datePublished\":\"2026-03-19T06:50:37+00:00\",\"breadcrumb\":{\"@id\":\"https:\/\/ultramachineparts.com\/product\/ge-dac-ba04-power-board-5433408-20\/#breadcrumb\"},\"inLanguage\":\"tr\",\"potentialAction\":[{\"@type\":\"ReadAction\",\"target\":[\"https:\/\/ultramachineparts.com\/product\/ge-dac-ba04-power-board-5433408-20\/\"]}]},{\"@type\":\"ImageObject\",\"inLanguage\":\"tr\",\"@id\":\"https:\/\/ultramachineparts.com\/product\/ge-dac-ba04-power-board-5433408-20\/#primaryimage\",\"url\":\"https:\/\/ultramachineparts.com\/wp-content\/uploads\/2027\/03\/5433408-20-2.jpg\",\"contentUrl\":\"https:\/\/ultramachineparts.com\/wp-content\/uploads\/2027\/03\/5433408-20-2.jpg\",\"width\":750,\"height\":563,\"caption\":\"DAC-BA04 Power Board Rev.A1 (P\/N 5433408-20)\"},{\"@type\":\"BreadcrumbList\",\"@id\":\"https:\/\/ultramachineparts.com\/product\/ge-dac-ba04-power-board-5433408-20\/#breadcrumb\",\"itemListElement\":[{\"@type\":\"ListItem\",\"position\":1,\"name\":\"Home\",\"item\":\"https:\/\/ultramachineparts.com\/\"},{\"@type\":\"ListItem\",\"position\":2,\"name\":\"Ultrasound Boards Repair\",\"item\":\"https:\/\/ultramachineparts.com\/pcategory\/ultrasound-boards-repair\/\"},{\"@type\":\"ListItem\",\"position\":3,\"name\":\"Used GE DAC-BA04 Power Board 5433408-20 for Vivid E9 Ultrasound System\"}]},{\"@type\":\"WebSite\",\"@id\":\"https:\/\/ultramachineparts.com\/#website\",\"url\":\"https:\/\/ultramachineparts.com\/\",\"name\":\"ultramachine-part\",\"description\":\"\",\"publisher\":{\"@id\":\"https:\/\/ultramachineparts.com\/#organization\"},\"potentialAction\":[{\"@type\":\"SearchAction\",\"target\":{\"@type\":\"EntryPoint\",\"urlTemplate\":\"https:\/\/ultramachineparts.com\/?s={search_term_string}\"},\"query-input\":{\"@type\":\"PropertyValueSpecification\",\"valueRequired\":true,\"valueName\":\"search_term_string\"}}],\"inLanguage\":\"tr\"},{\"@type\":\"Organization\",\"@id\":\"https:\/\/ultramachineparts.com\/#organization\",\"name\":\"ultramachine-part\",\"url\":\"https:\/\/ultramachineparts.com\/\",\"logo\":{\"@type\":\"ImageObject\",\"inLanguage\":\"tr\",\"@id\":\"https:\/\/ultramachineparts.com\/#\/schema\/logo\/image\/\",\"url\":\"https:\/\/ultramachineparts.com\/wp-content\/uploads\/2026\/03\/logo-echoelite.png\",\"contentUrl\":\"https:\/\/ultramachineparts.com\/wp-content\/uploads\/2026\/03\/logo-echoelite.png\",\"width\":463,\"height\":120,\"caption\":\"ultramachine-part\"},\"image\":{\"@id\":\"https:\/\/ultramachineparts.com\/#\/schema\/logo\/image\/\"}}]}<\/script>\n<!-- \/ Yoast SEO plugin. -->","yoast_head_json":{"title":"Vivid E9 Ultrason Sistemi i\u00e7in Kullan\u0131lm\u0131\u015f GE DAC-BA04 G\u00fc\u00e7 Kart\u0131 5433408-20","robots":{"index":"index","follow":"follow","max-snippet":"max-snippet:-1","max-image-preview":"max-image-preview:large","max-video-preview":"max-video-preview:-1"},"canonical":"https:\/\/ultramachineparts.com\/tr\/product\/ge-dac-ba04-power-board-5433408-20\/","og_locale":"tr_TR","og_type":"article","og_title":"Used GE DAC-BA04 Power Board 5433408-20 for Vivid E9 Ultrasound System","og_description":"GE Vivid E9 DAC-BA04 Power Board Rev.A1 (P\/N: 5433408-20) is designed for use with GE Vivid E9 and GE LOGIQ E9 ultrasound systems. It ensures reliable and consistent power distribution to internal modules and electronic components, supporting stable system operation. Product Information Product Name: DAC-BA04 Power Board Part Number: 5433408-20 Compatible Systems: GE Vivid E9...","og_url":"https:\/\/ultramachineparts.com\/tr\/product\/ge-dac-ba04-power-board-5433408-20\/","og_site_name":"ultramachine-part","og_image":[{"width":750,"height":563,"url":"https:\/\/ultramachineparts.com\/wp-content\/uploads\/2027\/03\/5433408-20-2.jpg","type":"image\/jpeg"}],"twitter_card":"summary_large_image","twitter_misc":{"Tahmini okuma s\u00fcresi":"2 dakika"},"schema":{"@context":"https:\/\/schema.org","@graph":[{"@type":"WebPage","@id":"https:\/\/ultramachineparts.com\/product\/ge-dac-ba04-power-board-5433408-20\/","url":"https:\/\/ultramachineparts.com\/product\/ge-dac-ba04-power-board-5433408-20\/","name":"Vivid E9 Ultrason Sistemi i\u00e7in Kullan\u0131lm\u0131\u015f GE DAC-BA04 G\u00fc\u00e7 Kart\u0131 5433408-20","isPartOf":{"@id":"https:\/\/ultramachineparts.com\/#website"},"primaryImageOfPage":{"@id":"https:\/\/ultramachineparts.com\/product\/ge-dac-ba04-power-board-5433408-20\/#primaryimage"},"image":{"@id":"https:\/\/ultramachineparts.com\/product\/ge-dac-ba04-power-board-5433408-20\/#primaryimage"},"thumbnailUrl":"https:\/\/ultramachineparts.com\/wp-content\/uploads\/2027\/03\/5433408-20-2.jpg","datePublished":"2026-03-19T06:50:37+00:00","breadcrumb":{"@id":"https:\/\/ultramachineparts.com\/product\/ge-dac-ba04-power-board-5433408-20\/#breadcrumb"},"inLanguage":"tr","potentialAction":[{"@type":"ReadAction","target":["https:\/\/ultramachineparts.com\/product\/ge-dac-ba04-power-board-5433408-20\/"]}]},{"@type":"ImageObject","inLanguage":"tr","@id":"https:\/\/ultramachineparts.com\/product\/ge-dac-ba04-power-board-5433408-20\/#primaryimage","url":"https:\/\/ultramachineparts.com\/wp-content\/uploads\/2027\/03\/5433408-20-2.jpg","contentUrl":"https:\/\/ultramachineparts.com\/wp-content\/uploads\/2027\/03\/5433408-20-2.jpg","width":750,"height":563,"caption":"DAC-BA04 Power Board Rev.A1 (P\/N 5433408-20)"},{"@type":"BreadcrumbList","@id":"https:\/\/ultramachineparts.com\/product\/ge-dac-ba04-power-board-5433408-20\/#breadcrumb","itemListElement":[{"@type":"ListItem","position":1,"name":"Home","item":"https:\/\/ultramachineparts.com\/"},{"@type":"ListItem","position":2,"name":"Ultrasound Boards Repair","item":"https:\/\/ultramachineparts.com\/pcategory\/ultrasound-boards-repair\/"},{"@type":"ListItem","position":3,"name":"Used GE DAC-BA04 Power Board 5433408-20 for Vivid E9 Ultrasound System"}]},{"@type":"WebSite","@id":"https:\/\/ultramachineparts.com\/#website","url":"https:\/\/ultramachineparts.com\/","name":"ultramachine-part","description":"","publisher":{"@id":"https:\/\/ultramachineparts.com\/#organization"},"potentialAction":[{"@type":"SearchAction","target":{"@type":"EntryPoint","urlTemplate":"https:\/\/ultramachineparts.com\/?s={search_term_string}"},"query-input":{"@type":"PropertyValueSpecification","valueRequired":true,"valueName":"search_term_string"}}],"inLanguage":"tr"},{"@type":"Organization","@id":"https:\/\/ultramachineparts.com\/#organization","name":"ultramachine-part","url":"https:\/\/ultramachineparts.com\/","logo":{"@type":"ImageObject","inLanguage":"tr","@id":"https:\/\/ultramachineparts.com\/#\/schema\/logo\/image\/","url":"https:\/\/ultramachineparts.com\/wp-content\/uploads\/2026\/03\/logo-echoelite.png","contentUrl":"https:\/\/ultramachineparts.com\/wp-content\/uploads\/2026\/03\/logo-echoelite.png","width":463,"height":120,"caption":"ultramachine-part"},"image":{"@id":"https:\/\/ultramachineparts.com\/#\/schema\/logo\/image\/"}}]}},"taxonomy_info":{"pcategory":[{"value":5,"label":"Ultrasound Boards Repair"}]},"featured_image_src_large":["https:\/\/ultramachineparts.com\/wp-content\/uploads\/2027\/03\/5433408-20-2.jpg",750,563,false],"author_info":[],"comment_info":"","_links":{"self":[{"href":"https:\/\/ultramachineparts.com\/tr\/wp-json\/wp\/v2\/product\/3415","targetHints":{"allow":["GET"]}}],"collection":[{"href":"https:\/\/ultramachineparts.com\/tr\/wp-json\/wp\/v2\/product"}],"about":[{"href":"https:\/\/ultramachineparts.com\/tr\/wp-json\/wp\/v2\/types\/product"}],"wp:featuredmedia":[{"embeddable":true,"href":"https:\/\/ultramachineparts.com\/tr\/wp-json\/wp\/v2\/media\/3637"}],"wp:attachment":[{"href":"https:\/\/ultramachineparts.com\/tr\/wp-json\/wp\/v2\/media?parent=3415"}],"wp:term":[{"taxonomy":"pcategory","embeddable":true,"href":"https:\/\/ultramachineparts.com\/tr\/wp-json\/wp\/v2\/pcategory?post=3415"},{"taxonomy":"ptag","embeddable":true,"href":"https:\/\/ultramachineparts.com\/tr\/wp-json\/wp\/v2\/ptag?post=3415"}],"curies":[{"name":"wp","href":"https:\/\/api.w.org\/{rel}","templated":true}]}}