{"id":3417,"date":"2026-03-18T17:54:24","date_gmt":"2026-03-18T17:54:24","guid":{"rendered":"https:\/\/ultramachineparts.com\/?post_type=product&#038;p=3417"},"modified":"2026-03-19T04:48:53","modified_gmt":"2026-03-19T04:48:53","slug":"ge-logiq-c5-keyboard","status":"publish","type":"product","link":"https:\/\/ultramachineparts.com\/tr\/product\/ge-logiq-c5-keyboard\/","title":{"rendered":"5308018 Rev.1 GE LOGIQ C5 Sistemi i\u00e7in Ultrason Klavyesi"},"content":{"rendered":"<p>Bu <strong>GE LOGIQ C5 Ultrason Klavyesi 5308018 Rev.1<\/strong> GE LOGIQ C5 ultrason sistemi ile uyumludur ve hasta veri giri\u015fi ve sistem \u00e7al\u0131\u015fmas\u0131 i\u00e7in ana alfan\u00fcmerik giri\u015f aray\u00fcz\u00fc sa\u011flar. Klavye, tarama ve muayene prosed\u00fcrleri s\u0131ras\u0131nda verimli i\u015f ak\u0131\u015f\u0131n\u0131 destekler.<\/p>\n<p><img loading=\"lazy\" decoding=\"async\" class=\"alignnone size-full wp-image-3628\" src=\"https:\/\/ultramachineparts.com\/wp-content\/uploads\/2027\/03\/GE-LOGIQ-C5-keyboard-2.jpg\" alt=\"\" width=\"750\" height=\"409\" srcset=\"https:\/\/ultramachineparts.com\/wp-content\/uploads\/2027\/03\/GE-LOGIQ-C5-keyboard-2.jpg 750w, https:\/\/ultramachineparts.com\/wp-content\/uploads\/2027\/03\/GE-LOGIQ-C5-keyboard-2-300x164.jpg 300w, https:\/\/ultramachineparts.com\/wp-content\/uploads\/2027\/03\/GE-LOGIQ-C5-keyboard-2-18x10.jpg 18w\" sizes=\"auto, (max-width: 750px) 100vw, 750px\" \/><\/p>\n<p><strong>\u00dcr\u00fcn Bilgileri<\/strong><\/p>\n<ul>\n<li><strong>\u00dcr\u00fcn Ad\u0131:<\/strong> Ultrason Klavyesi<\/li>\n<li><strong>Par\u00e7a Numaras\u0131:<\/strong> 5308018 Rev.1<\/li>\n<li><strong>Uyumlu Sistem:<\/strong> GE LOGIQ C5 ultrason sistemi<\/li>\n<li><strong>Fonksiyon:<\/strong> Alfan\u00fcmerik giri\u015f ve kontrol aray\u00fcz\u00fc<\/li>\n<li><strong>Durum:<\/strong> Test edilmi\u015f \u00e7al\u0131\u015f\u0131r durumda orijinal klavye<\/li>\n<li><strong>Garanti:<\/strong> 60 g\u00fcn<\/li>\n<li><strong>Teslimat S\u00fcresi:<\/strong> Tipik olarak 2-4 i\u015f g\u00fcn\u00fc<\/li>\n<li><strong>Servis:<\/strong> Kesin sat\u0131\u015f \/ De\u011fi\u015fim \/ Onar\u0131m mevcut<\/li>\n<\/ul>\n<p><strong>Servis Notlar\u0131<\/strong><\/p>\n<ul>\n<li>L\u00fctfen sipari\u015f vermeden \u00f6nce GE LOGIQ C5 sisteminizle uyumlulu\u011funu onaylay\u0131n.<\/li>\n<li>Klavye eksiksiz ve servis de\u011ferlendirmesi i\u00e7in uygun olmal\u0131d\u0131r.<\/li>\n<li>De\u011fi\u015fim se\u00e7enekleri orijinal ar\u0131zal\u0131 klavyenin iade edilmesini gerektirebilir.<\/li>\n<li>Profesyonel kurulum tavsiye edilir.<\/li>\n<li>Onar\u0131m de\u011ferlendirmesi veya toplu sat\u0131n alma talepleri i\u00e7in bizimle ileti\u015fime ge\u00e7in.<\/li>\n<\/ul>","protected":false},"excerpt":{"rendered":"<p>GE LOGIQ C5 Ultrason Klavyesi 5308018 Rev.1, GE LOGIQ C5 ultrason sistemi ile uyumludur ve hasta veri giri\u015fi ve sistem \u00e7al\u0131\u015fmas\u0131 i\u00e7in ana alfan\u00fcmerik giri\u015f aray\u00fcz\u00fc sa\u011flar. Klavye, tarama ve muayene prosed\u00fcrleri s\u0131ras\u0131nda verimli i\u015f ak\u0131\u015f\u0131n\u0131 destekler. \u00dcr\u00fcn Bilgileri \u00dcr\u00fcn Ad\u0131: Ultrason Klavyesi Par\u00e7a Numaras\u0131: 5308018 Rev.1 Uyumlu Sistem: GE LOGIQ...<\/p>","protected":false},"featured_media":3627,"parent":0,"template":"","meta":{"_acf_changed":false,"_kad_blocks_custom_css":"","_kad_blocks_head_custom_js":"","_kad_blocks_body_custom_js":"","_kad_blocks_footer_custom_js":"","_kadence_starter_templates_imported_post":false,"_kad_post_transparent":"default","_kad_post_title":"","_kad_post_layout":"default","_kad_post_sidebar_id":"","_kad_post_content_style":"default","_kad_post_vertical_padding":"default","_kad_post_feature":"","_kad_post_feature_position":"","_kad_post_header":false,"_kad_post_footer":false},"pcategory":[35],"ptag":[],"class_list":["post-3417","product","type-product","status-publish","has-post-thumbnail","hentry","pcategory-ultrasound-components"],"acf":[],"yoast_head":"<!-- This site is optimized with the Yoast SEO plugin v27.1.1 - https:\/\/yoast.com\/product\/yoast-seo-wordpress\/ -->\n<title>5308018 Rev.1 Ultrasound Keyboard for GE LOGIQ C5 System<\/title>\n<meta name=\"robots\" content=\"index, follow, max-snippet:-1, max-image-preview:large, max-video-preview:-1\" \/>\n<link rel=\"canonical\" href=\"https:\/\/ultramachineparts.com\/tr\/product\/ge-logiq-c5-keyboard\/\" \/>\n<meta property=\"og:locale\" content=\"tr_TR\" \/>\n<meta property=\"og:type\" content=\"article\" \/>\n<meta property=\"og:title\" content=\"5308018 Rev.1 Ultrasound Keyboard for GE LOGIQ C5 System\" \/>\n<meta property=\"og:description\" content=\"The GE LOGIQ C5 Ultrasound Keyboard 5308018 Rev.1 is compatible with the GE LOGIQ C5 ultrasound system and provides the main alphanumeric input interface for patient data entry and system operation. The keyboard supports efficient workflow during scanning and examination procedures. Product Information Product Name: Ultrasound Keyboard Part Number: 5308018 Rev.1 Compatible System: GE LOGIQ...\" \/>\n<meta property=\"og:url\" content=\"https:\/\/ultramachineparts.com\/tr\/product\/ge-logiq-c5-keyboard\/\" \/>\n<meta property=\"og:site_name\" content=\"ultramachine-part\" \/>\n<meta property=\"article:modified_time\" content=\"2026-03-19T04:48:53+00:00\" \/>\n<meta property=\"og:image\" content=\"https:\/\/ultramachineparts.com\/wp-content\/uploads\/2027\/03\/GE-LOGIQ-C5-keyboard-1.jpg\" \/>\n\t<meta property=\"og:image:width\" content=\"750\" \/>\n\t<meta property=\"og:image:height\" content=\"750\" \/>\n\t<meta property=\"og:image:type\" content=\"image\/jpeg\" \/>\n<meta name=\"twitter:card\" content=\"summary_large_image\" \/>\n<meta name=\"twitter:label1\" content=\"Tahmini okuma s\u00fcresi\" \/>\n\t<meta name=\"twitter:data1\" content=\"1 dakika\" \/>\n<script type=\"application\/ld+json\" class=\"yoast-schema-graph\">{\"@context\":\"https:\/\/schema.org\",\"@graph\":[{\"@type\":\"WebPage\",\"@id\":\"https:\/\/ultramachineparts.com\/product\/ge-logiq-c5-keyboard\/\",\"url\":\"https:\/\/ultramachineparts.com\/product\/ge-logiq-c5-keyboard\/\",\"name\":\"5308018 Rev.1 Ultrasound Keyboard for GE LOGIQ C5 System\",\"isPartOf\":{\"@id\":\"https:\/\/ultramachineparts.com\/#website\"},\"primaryImageOfPage\":{\"@id\":\"https:\/\/ultramachineparts.com\/product\/ge-logiq-c5-keyboard\/#primaryimage\"},\"image\":{\"@id\":\"https:\/\/ultramachineparts.com\/product\/ge-logiq-c5-keyboard\/#primaryimage\"},\"thumbnailUrl\":\"https:\/\/ultramachineparts.com\/wp-content\/uploads\/2027\/03\/GE-LOGIQ-C5-keyboard-1.jpg\",\"datePublished\":\"2026-03-18T17:54:24+00:00\",\"dateModified\":\"2026-03-19T04:48:53+00:00\",\"breadcrumb\":{\"@id\":\"https:\/\/ultramachineparts.com\/product\/ge-logiq-c5-keyboard\/#breadcrumb\"},\"inLanguage\":\"tr\",\"potentialAction\":[{\"@type\":\"ReadAction\",\"target\":[\"https:\/\/ultramachineparts.com\/product\/ge-logiq-c5-keyboard\/\"]}]},{\"@type\":\"ImageObject\",\"inLanguage\":\"tr\",\"@id\":\"https:\/\/ultramachineparts.com\/product\/ge-logiq-c5-keyboard\/#primaryimage\",\"url\":\"https:\/\/ultramachineparts.com\/wp-content\/uploads\/2027\/03\/GE-LOGIQ-C5-keyboard-1.jpg\",\"contentUrl\":\"https:\/\/ultramachineparts.com\/wp-content\/uploads\/2027\/03\/GE-LOGIQ-C5-keyboard-1.jpg\",\"width\":750,\"height\":750,\"caption\":\"GE LOGIQ C5 keyboard\"},{\"@type\":\"BreadcrumbList\",\"@id\":\"https:\/\/ultramachineparts.com\/product\/ge-logiq-c5-keyboard\/#breadcrumb\",\"itemListElement\":[{\"@type\":\"ListItem\",\"position\":1,\"name\":\"Home\",\"item\":\"https:\/\/ultramachineparts.com\/\"},{\"@type\":\"ListItem\",\"position\":2,\"name\":\"Ultrasound Components\",\"item\":\"https:\/\/ultramachineparts.com\/pcategory\/ultrasound-components\/\"},{\"@type\":\"ListItem\",\"position\":3,\"name\":\"5308018 Rev.1 Ultrasound Keyboard for GE LOGIQ C5 System\"}]},{\"@type\":\"WebSite\",\"@id\":\"https:\/\/ultramachineparts.com\/#website\",\"url\":\"https:\/\/ultramachineparts.com\/\",\"name\":\"ultramachine-part\",\"description\":\"\",\"publisher\":{\"@id\":\"https:\/\/ultramachineparts.com\/#organization\"},\"potentialAction\":[{\"@type\":\"SearchAction\",\"target\":{\"@type\":\"EntryPoint\",\"urlTemplate\":\"https:\/\/ultramachineparts.com\/?s={search_term_string}\"},\"query-input\":{\"@type\":\"PropertyValueSpecification\",\"valueRequired\":true,\"valueName\":\"search_term_string\"}}],\"inLanguage\":\"tr\"},{\"@type\":\"Organization\",\"@id\":\"https:\/\/ultramachineparts.com\/#organization\",\"name\":\"ultramachine-part\",\"url\":\"https:\/\/ultramachineparts.com\/\",\"logo\":{\"@type\":\"ImageObject\",\"inLanguage\":\"tr\",\"@id\":\"https:\/\/ultramachineparts.com\/#\/schema\/logo\/image\/\",\"url\":\"https:\/\/ultramachineparts.com\/wp-content\/uploads\/2026\/03\/logo-echoelite.png\",\"contentUrl\":\"https:\/\/ultramachineparts.com\/wp-content\/uploads\/2026\/03\/logo-echoelite.png\",\"width\":463,\"height\":120,\"caption\":\"ultramachine-part\"},\"image\":{\"@id\":\"https:\/\/ultramachineparts.com\/#\/schema\/logo\/image\/\"}}]}<\/script>\n<!-- \/ Yoast SEO plugin. -->","yoast_head_json":{"title":"5308018 Rev.1 GE LOGIQ C5 Sistemi i\u00e7in Ultrason Klavyesi","robots":{"index":"index","follow":"follow","max-snippet":"max-snippet:-1","max-image-preview":"max-image-preview:large","max-video-preview":"max-video-preview:-1"},"canonical":"https:\/\/ultramachineparts.com\/tr\/product\/ge-logiq-c5-keyboard\/","og_locale":"tr_TR","og_type":"article","og_title":"5308018 Rev.1 Ultrasound Keyboard for GE LOGIQ C5 System","og_description":"The GE LOGIQ C5 Ultrasound Keyboard 5308018 Rev.1 is compatible with the GE LOGIQ C5 ultrasound system and provides the main alphanumeric input interface for patient data entry and system operation. The keyboard supports efficient workflow during scanning and examination procedures. Product Information Product Name: Ultrasound Keyboard Part Number: 5308018 Rev.1 Compatible System: GE LOGIQ...","og_url":"https:\/\/ultramachineparts.com\/tr\/product\/ge-logiq-c5-keyboard\/","og_site_name":"ultramachine-part","article_modified_time":"2026-03-19T04:48:53+00:00","og_image":[{"width":750,"height":750,"url":"https:\/\/ultramachineparts.com\/wp-content\/uploads\/2027\/03\/GE-LOGIQ-C5-keyboard-1.jpg","type":"image\/jpeg"}],"twitter_card":"summary_large_image","twitter_misc":{"Tahmini okuma s\u00fcresi":"1 dakika"},"schema":{"@context":"https:\/\/schema.org","@graph":[{"@type":"WebPage","@id":"https:\/\/ultramachineparts.com\/product\/ge-logiq-c5-keyboard\/","url":"https:\/\/ultramachineparts.com\/product\/ge-logiq-c5-keyboard\/","name":"5308018 Rev.1 GE LOGIQ C5 Sistemi i\u00e7in Ultrason Klavyesi","isPartOf":{"@id":"https:\/\/ultramachineparts.com\/#website"},"primaryImageOfPage":{"@id":"https:\/\/ultramachineparts.com\/product\/ge-logiq-c5-keyboard\/#primaryimage"},"image":{"@id":"https:\/\/ultramachineparts.com\/product\/ge-logiq-c5-keyboard\/#primaryimage"},"thumbnailUrl":"https:\/\/ultramachineparts.com\/wp-content\/uploads\/2027\/03\/GE-LOGIQ-C5-keyboard-1.jpg","datePublished":"2026-03-18T17:54:24+00:00","dateModified":"2026-03-19T04:48:53+00:00","breadcrumb":{"@id":"https:\/\/ultramachineparts.com\/product\/ge-logiq-c5-keyboard\/#breadcrumb"},"inLanguage":"tr","potentialAction":[{"@type":"ReadAction","target":["https:\/\/ultramachineparts.com\/product\/ge-logiq-c5-keyboard\/"]}]},{"@type":"ImageObject","inLanguage":"tr","@id":"https:\/\/ultramachineparts.com\/product\/ge-logiq-c5-keyboard\/#primaryimage","url":"https:\/\/ultramachineparts.com\/wp-content\/uploads\/2027\/03\/GE-LOGIQ-C5-keyboard-1.jpg","contentUrl":"https:\/\/ultramachineparts.com\/wp-content\/uploads\/2027\/03\/GE-LOGIQ-C5-keyboard-1.jpg","width":750,"height":750,"caption":"GE LOGIQ C5 keyboard"},{"@type":"BreadcrumbList","@id":"https:\/\/ultramachineparts.com\/product\/ge-logiq-c5-keyboard\/#breadcrumb","itemListElement":[{"@type":"ListItem","position":1,"name":"Home","item":"https:\/\/ultramachineparts.com\/"},{"@type":"ListItem","position":2,"name":"Ultrasound Components","item":"https:\/\/ultramachineparts.com\/pcategory\/ultrasound-components\/"},{"@type":"ListItem","position":3,"name":"5308018 Rev.1 Ultrasound Keyboard for GE LOGIQ C5 System"}]},{"@type":"WebSite","@id":"https:\/\/ultramachineparts.com\/#website","url":"https:\/\/ultramachineparts.com\/","name":"ultramachine-part","description":"","publisher":{"@id":"https:\/\/ultramachineparts.com\/#organization"},"potentialAction":[{"@type":"SearchAction","target":{"@type":"EntryPoint","urlTemplate":"https:\/\/ultramachineparts.com\/?s={search_term_string}"},"query-input":{"@type":"PropertyValueSpecification","valueRequired":true,"valueName":"search_term_string"}}],"inLanguage":"tr"},{"@type":"Organization","@id":"https:\/\/ultramachineparts.com\/#organization","name":"ultramachine-part","url":"https:\/\/ultramachineparts.com\/","logo":{"@type":"ImageObject","inLanguage":"tr","@id":"https:\/\/ultramachineparts.com\/#\/schema\/logo\/image\/","url":"https:\/\/ultramachineparts.com\/wp-content\/uploads\/2026\/03\/logo-echoelite.png","contentUrl":"https:\/\/ultramachineparts.com\/wp-content\/uploads\/2026\/03\/logo-echoelite.png","width":463,"height":120,"caption":"ultramachine-part"},"image":{"@id":"https:\/\/ultramachineparts.com\/#\/schema\/logo\/image\/"}}]}},"taxonomy_info":{"pcategory":[{"value":35,"label":"Ultrasound Components"}]},"featured_image_src_large":["https:\/\/ultramachineparts.com\/wp-content\/uploads\/2027\/03\/GE-LOGIQ-C5-keyboard-1.jpg",750,750,false],"author_info":[],"comment_info":"","_links":{"self":[{"href":"https:\/\/ultramachineparts.com\/tr\/wp-json\/wp\/v2\/product\/3417","targetHints":{"allow":["GET"]}}],"collection":[{"href":"https:\/\/ultramachineparts.com\/tr\/wp-json\/wp\/v2\/product"}],"about":[{"href":"https:\/\/ultramachineparts.com\/tr\/wp-json\/wp\/v2\/types\/product"}],"wp:featuredmedia":[{"embeddable":true,"href":"https:\/\/ultramachineparts.com\/tr\/wp-json\/wp\/v2\/media\/3627"}],"wp:attachment":[{"href":"https:\/\/ultramachineparts.com\/tr\/wp-json\/wp\/v2\/media?parent=3417"}],"wp:term":[{"taxonomy":"pcategory","embeddable":true,"href":"https:\/\/ultramachineparts.com\/tr\/wp-json\/wp\/v2\/pcategory?post=3417"},{"taxonomy":"ptag","embeddable":true,"href":"https:\/\/ultramachineparts.com\/tr\/wp-json\/wp\/v2\/ptag?post=3417"}],"curies":[{"name":"wp","href":"https:\/\/api.w.org\/{rel}","templated":true}]}}