{"id":3418,"date":"2026-03-18T11:56:17","date_gmt":"2026-03-18T11:56:17","guid":{"rendered":"https:\/\/ultramachineparts.com\/?post_type=product&#038;p=3418"},"modified":"2026-03-17T08:25:12","modified_gmt":"2026-03-17T08:25:12","slug":"aplio-300-pm30-39260-probe-selector-board","status":"publish","type":"product","link":"https:\/\/ultramachineparts.com\/tr\/product\/aplio-300-pm30-39260-probe-selector-board\/","title":{"rendered":"Toshiba Aplio 300 PM30-39260 Prob Se\u00e7ici Kart\u0131"},"content":{"rendered":"<p>Bu <strong>Toshiba Aplio 300 Prob Se\u00e7ici Kart\u0131<\/strong> Toshiba Aplio 300 ultrason sistemleri ile uyumludur ve ba\u011fl\u0131 problar ile g\u00f6r\u00fcnt\u00fcleme sistemi aras\u0131nda prob se\u00e7imi ve sinyal y\u00f6nlendirmesini y\u00f6netir. Muayeneler s\u0131ras\u0131nda problar ve ana i\u015flem mod\u00fclleri aras\u0131nda istikrarl\u0131 ileti\u015fimin korunmas\u0131na yard\u0131mc\u0131 olur.<\/p>\n<p><strong>\u00dcr\u00fcn Bilgileri<\/strong><\/p>\n<ul>\n<li><strong>\u00dcr\u00fcn Ad\u0131:<\/strong> Prob Se\u00e7ici Kart\u0131<\/li>\n<li><strong>Uyumlu Sistem:<\/strong> Toshiba Aplio 300 ultrason sistemi<\/li>\n<li><strong>Fonksiyon:<\/strong> Prob se\u00e7imini ve sinyal y\u00f6nlendirmeyi kontrol eder<\/li>\n<li><strong>Durum:<\/strong> Test edilmi\u015f \u00e7al\u0131\u015f\u0131r durumda orijinal pano<\/li>\n<li><strong>Garanti:<\/strong> 60 g\u00fcn<\/li>\n<li><strong>Teslimat S\u00fcresi:<\/strong> Tipik olarak 2-4 i\u015f g\u00fcn\u00fc<\/li>\n<li><strong>Servis:<\/strong> Kesin sat\u0131\u015f \/ De\u011fi\u015fim \/ Onar\u0131m mevcut<\/li>\n<\/ul>\n<p><strong>Servis Notlar\u0131<\/strong><\/p>\n<ul>\n<li>L\u00fctfen sipari\u015f vermeden \u00f6nce Toshiba Aplio 300 sisteminizle uyumlulu\u011funu onaylay\u0131n.<\/li>\n<li>Pano eksiksiz ve hizmet de\u011ferlendirmesine uygun olmal\u0131d\u0131r.<\/li>\n<li>De\u011fi\u015fim se\u00e7enekleri orijinal ar\u0131zal\u0131 kart\u0131n iade edilmesini gerektirebilir.<\/li>\n<li>Profesyonel kurulum tavsiye edilir.<\/li>\n<li>Onar\u0131m de\u011ferlendirmesi veya toplu sat\u0131n alma talepleri i\u00e7in bizimle ileti\u015fime ge\u00e7in.<\/li>\n<\/ul>","protected":false},"excerpt":{"rendered":"<p>Sat\u0131l\u0131k Toshiba Aplio 300 Prob Se\u00e7ici Kart\u0131 - do\u011fru prob se\u00e7imi ve sinyal y\u00f6netimi sa\u011flar. Do\u011frudan sat\u0131n al\u0131nabilir, de\u011fi\u015ftirilebilir veya 60 g\u00fcnl\u00fck garanti ile onar\u0131labilir.<\/p>","protected":false},"featured_media":3583,"parent":0,"template":"","meta":{"_acf_changed":false,"_kad_blocks_custom_css":"","_kad_blocks_head_custom_js":"","_kad_blocks_body_custom_js":"","_kad_blocks_footer_custom_js":"","_kadence_starter_templates_imported_post":false,"_kad_post_transparent":"default","_kad_post_title":"","_kad_post_layout":"default","_kad_post_sidebar_id":"","_kad_post_content_style":"default","_kad_post_vertical_padding":"default","_kad_post_feature":"","_kad_post_feature_position":"","_kad_post_header":false,"_kad_post_footer":false},"pcategory":[5],"ptag":[],"class_list":["post-3418","product","type-product","status-publish","has-post-thumbnail","hentry","pcategory-ultrasound-boards-repair"],"acf":[],"yoast_head":"<!-- This site is optimized with the Yoast SEO plugin v27.1.1 - https:\/\/yoast.com\/product\/yoast-seo-wordpress\/ -->\n<title>Toshiba Aplio 300 PM30-39260 Probe Selector Board<\/title>\n<meta name=\"robots\" content=\"index, follow, max-snippet:-1, max-image-preview:large, max-video-preview:-1\" \/>\n<link rel=\"canonical\" href=\"https:\/\/ultramachineparts.com\/tr\/product\/aplio-300-pm30-39260-probe-selector-board\/\" \/>\n<meta property=\"og:locale\" content=\"tr_TR\" \/>\n<meta property=\"og:type\" content=\"article\" \/>\n<meta property=\"og:title\" content=\"Toshiba Aplio 300 PM30-39260 Probe Selector Board\" \/>\n<meta property=\"og:description\" content=\"Toshiba Aplio 300 Probe Selector Board for sale \u2013 ensures accurate probe selection and signal management. Available for outright purchase, exchange, or repair with 60-day warranty.\" \/>\n<meta property=\"og:url\" content=\"https:\/\/ultramachineparts.com\/tr\/product\/aplio-300-pm30-39260-probe-selector-board\/\" \/>\n<meta property=\"og:site_name\" content=\"ultramachine-part\" \/>\n<meta property=\"og:image\" content=\"https:\/\/ultramachineparts.com\/wp-content\/uploads\/2027\/03\/Toshiba-Aplio-300-Probe-Selector-Board-1.jpg\" \/>\n\t<meta property=\"og:image:width\" content=\"800\" \/>\n\t<meta property=\"og:image:height\" content=\"809\" \/>\n\t<meta property=\"og:image:type\" content=\"image\/jpeg\" \/>\n<meta name=\"twitter:card\" content=\"summary_large_image\" \/>\n<meta name=\"twitter:label1\" content=\"Tahmini okuma s\u00fcresi\" \/>\n\t<meta name=\"twitter:data1\" content=\"1 dakika\" \/>\n<script type=\"application\/ld+json\" class=\"yoast-schema-graph\">{\"@context\":\"https:\/\/schema.org\",\"@graph\":[{\"@type\":\"WebPage\",\"@id\":\"https:\/\/ultramachineparts.com\/product\/aplio-300-pm30-39260-probe-selector-board\/\",\"url\":\"https:\/\/ultramachineparts.com\/product\/aplio-300-pm30-39260-probe-selector-board\/\",\"name\":\"Toshiba Aplio 300 PM30-39260 Probe Selector Board\",\"isPartOf\":{\"@id\":\"https:\/\/ultramachineparts.com\/#website\"},\"primaryImageOfPage\":{\"@id\":\"https:\/\/ultramachineparts.com\/product\/aplio-300-pm30-39260-probe-selector-board\/#primaryimage\"},\"image\":{\"@id\":\"https:\/\/ultramachineparts.com\/product\/aplio-300-pm30-39260-probe-selector-board\/#primaryimage\"},\"thumbnailUrl\":\"https:\/\/ultramachineparts.com\/wp-content\/uploads\/2027\/03\/Toshiba-Aplio-300-Probe-Selector-Board-1.jpg\",\"datePublished\":\"2026-03-18T11:56:17+00:00\",\"breadcrumb\":{\"@id\":\"https:\/\/ultramachineparts.com\/product\/aplio-300-pm30-39260-probe-selector-board\/#breadcrumb\"},\"inLanguage\":\"tr\",\"potentialAction\":[{\"@type\":\"ReadAction\",\"target\":[\"https:\/\/ultramachineparts.com\/product\/aplio-300-pm30-39260-probe-selector-board\/\"]}]},{\"@type\":\"ImageObject\",\"inLanguage\":\"tr\",\"@id\":\"https:\/\/ultramachineparts.com\/product\/aplio-300-pm30-39260-probe-selector-board\/#primaryimage\",\"url\":\"https:\/\/ultramachineparts.com\/wp-content\/uploads\/2027\/03\/Toshiba-Aplio-300-Probe-Selector-Board-1.jpg\",\"contentUrl\":\"https:\/\/ultramachineparts.com\/wp-content\/uploads\/2027\/03\/Toshiba-Aplio-300-Probe-Selector-Board-1.jpg\",\"width\":800,\"height\":809},{\"@type\":\"BreadcrumbList\",\"@id\":\"https:\/\/ultramachineparts.com\/product\/aplio-300-pm30-39260-probe-selector-board\/#breadcrumb\",\"itemListElement\":[{\"@type\":\"ListItem\",\"position\":1,\"name\":\"Home\",\"item\":\"https:\/\/ultramachineparts.com\/\"},{\"@type\":\"ListItem\",\"position\":2,\"name\":\"Ultrasound Boards Repair\",\"item\":\"https:\/\/ultramachineparts.com\/pcategory\/ultrasound-boards-repair\/\"},{\"@type\":\"ListItem\",\"position\":3,\"name\":\"Toshiba Aplio 300 PM30-39260 Probe Selector Board\"}]},{\"@type\":\"WebSite\",\"@id\":\"https:\/\/ultramachineparts.com\/#website\",\"url\":\"https:\/\/ultramachineparts.com\/\",\"name\":\"ultramachine-part\",\"description\":\"\",\"publisher\":{\"@id\":\"https:\/\/ultramachineparts.com\/#organization\"},\"potentialAction\":[{\"@type\":\"SearchAction\",\"target\":{\"@type\":\"EntryPoint\",\"urlTemplate\":\"https:\/\/ultramachineparts.com\/?s={search_term_string}\"},\"query-input\":{\"@type\":\"PropertyValueSpecification\",\"valueRequired\":true,\"valueName\":\"search_term_string\"}}],\"inLanguage\":\"tr\"},{\"@type\":\"Organization\",\"@id\":\"https:\/\/ultramachineparts.com\/#organization\",\"name\":\"ultramachine-part\",\"url\":\"https:\/\/ultramachineparts.com\/\",\"logo\":{\"@type\":\"ImageObject\",\"inLanguage\":\"tr\",\"@id\":\"https:\/\/ultramachineparts.com\/#\/schema\/logo\/image\/\",\"url\":\"https:\/\/ultramachineparts.com\/wp-content\/uploads\/2026\/03\/logo-echoelite.png\",\"contentUrl\":\"https:\/\/ultramachineparts.com\/wp-content\/uploads\/2026\/03\/logo-echoelite.png\",\"width\":463,\"height\":120,\"caption\":\"ultramachine-part\"},\"image\":{\"@id\":\"https:\/\/ultramachineparts.com\/#\/schema\/logo\/image\/\"}}]}<\/script>\n<!-- \/ Yoast SEO plugin. -->","yoast_head_json":{"title":"Toshiba Aplio 300 PM30-39260 Prob Se\u00e7ici Kart\u0131","robots":{"index":"index","follow":"follow","max-snippet":"max-snippet:-1","max-image-preview":"max-image-preview:large","max-video-preview":"max-video-preview:-1"},"canonical":"https:\/\/ultramachineparts.com\/tr\/product\/aplio-300-pm30-39260-probe-selector-board\/","og_locale":"tr_TR","og_type":"article","og_title":"Toshiba Aplio 300 PM30-39260 Probe Selector Board","og_description":"Toshiba Aplio 300 Probe Selector Board for sale \u2013 ensures accurate probe selection and signal management. Available for outright purchase, exchange, or repair with 60-day warranty.","og_url":"https:\/\/ultramachineparts.com\/tr\/product\/aplio-300-pm30-39260-probe-selector-board\/","og_site_name":"ultramachine-part","og_image":[{"width":800,"height":809,"url":"https:\/\/ultramachineparts.com\/wp-content\/uploads\/2027\/03\/Toshiba-Aplio-300-Probe-Selector-Board-1.jpg","type":"image\/jpeg"}],"twitter_card":"summary_large_image","twitter_misc":{"Tahmini okuma s\u00fcresi":"1 dakika"},"schema":{"@context":"https:\/\/schema.org","@graph":[{"@type":"WebPage","@id":"https:\/\/ultramachineparts.com\/product\/aplio-300-pm30-39260-probe-selector-board\/","url":"https:\/\/ultramachineparts.com\/product\/aplio-300-pm30-39260-probe-selector-board\/","name":"Toshiba Aplio 300 PM30-39260 Prob Se\u00e7ici Kart\u0131","isPartOf":{"@id":"https:\/\/ultramachineparts.com\/#website"},"primaryImageOfPage":{"@id":"https:\/\/ultramachineparts.com\/product\/aplio-300-pm30-39260-probe-selector-board\/#primaryimage"},"image":{"@id":"https:\/\/ultramachineparts.com\/product\/aplio-300-pm30-39260-probe-selector-board\/#primaryimage"},"thumbnailUrl":"https:\/\/ultramachineparts.com\/wp-content\/uploads\/2027\/03\/Toshiba-Aplio-300-Probe-Selector-Board-1.jpg","datePublished":"2026-03-18T11:56:17+00:00","breadcrumb":{"@id":"https:\/\/ultramachineparts.com\/product\/aplio-300-pm30-39260-probe-selector-board\/#breadcrumb"},"inLanguage":"tr","potentialAction":[{"@type":"ReadAction","target":["https:\/\/ultramachineparts.com\/product\/aplio-300-pm30-39260-probe-selector-board\/"]}]},{"@type":"ImageObject","inLanguage":"tr","@id":"https:\/\/ultramachineparts.com\/product\/aplio-300-pm30-39260-probe-selector-board\/#primaryimage","url":"https:\/\/ultramachineparts.com\/wp-content\/uploads\/2027\/03\/Toshiba-Aplio-300-Probe-Selector-Board-1.jpg","contentUrl":"https:\/\/ultramachineparts.com\/wp-content\/uploads\/2027\/03\/Toshiba-Aplio-300-Probe-Selector-Board-1.jpg","width":800,"height":809},{"@type":"BreadcrumbList","@id":"https:\/\/ultramachineparts.com\/product\/aplio-300-pm30-39260-probe-selector-board\/#breadcrumb","itemListElement":[{"@type":"ListItem","position":1,"name":"Home","item":"https:\/\/ultramachineparts.com\/"},{"@type":"ListItem","position":2,"name":"Ultrasound Boards Repair","item":"https:\/\/ultramachineparts.com\/pcategory\/ultrasound-boards-repair\/"},{"@type":"ListItem","position":3,"name":"Toshiba Aplio 300 PM30-39260 Probe Selector Board"}]},{"@type":"WebSite","@id":"https:\/\/ultramachineparts.com\/#website","url":"https:\/\/ultramachineparts.com\/","name":"ultramachine-part","description":"","publisher":{"@id":"https:\/\/ultramachineparts.com\/#organization"},"potentialAction":[{"@type":"SearchAction","target":{"@type":"EntryPoint","urlTemplate":"https:\/\/ultramachineparts.com\/?s={search_term_string}"},"query-input":{"@type":"PropertyValueSpecification","valueRequired":true,"valueName":"search_term_string"}}],"inLanguage":"tr"},{"@type":"Organization","@id":"https:\/\/ultramachineparts.com\/#organization","name":"ultramachine-part","url":"https:\/\/ultramachineparts.com\/","logo":{"@type":"ImageObject","inLanguage":"tr","@id":"https:\/\/ultramachineparts.com\/#\/schema\/logo\/image\/","url":"https:\/\/ultramachineparts.com\/wp-content\/uploads\/2026\/03\/logo-echoelite.png","contentUrl":"https:\/\/ultramachineparts.com\/wp-content\/uploads\/2026\/03\/logo-echoelite.png","width":463,"height":120,"caption":"ultramachine-part"},"image":{"@id":"https:\/\/ultramachineparts.com\/#\/schema\/logo\/image\/"}}]}},"taxonomy_info":{"pcategory":[{"value":5,"label":"Ultrasound Boards Repair"}]},"featured_image_src_large":["https:\/\/ultramachineparts.com\/wp-content\/uploads\/2027\/03\/Toshiba-Aplio-300-Probe-Selector-Board-1.jpg",800,809,false],"author_info":[],"comment_info":"","_links":{"self":[{"href":"https:\/\/ultramachineparts.com\/tr\/wp-json\/wp\/v2\/product\/3418","targetHints":{"allow":["GET"]}}],"collection":[{"href":"https:\/\/ultramachineparts.com\/tr\/wp-json\/wp\/v2\/product"}],"about":[{"href":"https:\/\/ultramachineparts.com\/tr\/wp-json\/wp\/v2\/types\/product"}],"wp:featuredmedia":[{"embeddable":true,"href":"https:\/\/ultramachineparts.com\/tr\/wp-json\/wp\/v2\/media\/3583"}],"wp:attachment":[{"href":"https:\/\/ultramachineparts.com\/tr\/wp-json\/wp\/v2\/media?parent=3418"}],"wp:term":[{"taxonomy":"pcategory","embeddable":true,"href":"https:\/\/ultramachineparts.com\/tr\/wp-json\/wp\/v2\/pcategory?post=3418"},{"taxonomy":"ptag","embeddable":true,"href":"https:\/\/ultramachineparts.com\/tr\/wp-json\/wp\/v2\/ptag?post=3418"}],"curies":[{"name":"wp","href":"https:\/\/api.w.org\/{rel}","templated":true}]}}