{"id":3419,"date":"2026-03-18T11:58:11","date_gmt":"2026-03-18T11:58:11","guid":{"rendered":"https:\/\/ultramachineparts.com\/?post_type=product&#038;p=3419"},"modified":"2026-03-17T08:26:30","modified_gmt":"2026-03-17T08:26:30","slug":"ge-logiq-p6-lcd-monitor","status":"publish","type":"product","link":"https:\/\/ultramachineparts.com\/tr\/product\/ge-logiq-p6-lcd-monitor\/","title":{"rendered":"Yenilenmi\u015f GE LOGIQ P6 \/ P6 PRO 17-\u0130n\u00e7 LCD Monit\u00f6r Onar\u0131m\u0131 ve De\u011fi\u015fimi Mevcuttur"},"content":{"rendered":"<p>Bu <strong>GE LOGIQ P6 \/ P6 PRO 17-\u0130n\u00e7 LCD Monit\u00f6r<\/strong> GE LOGIQ P6 ve LOGIQ P6 PRO ultrason sistemleri ile uyumludur ve tan\u0131sal g\u00f6r\u00fcnt\u00fcleme ve sistem bilgileri i\u00e7in net g\u00f6r\u00fcnt\u00fc ekran\u0131 sa\u011flar. Monit\u00f6r, tarama ve muayene prosed\u00fcrleri s\u0131ras\u0131nda sabit g\u00f6rselle\u015ftirmeyi destekler.<\/p>\n<p><strong>\u00dcr\u00fcn Bilgileri<\/strong><\/p>\n<ul>\n<li><strong>\u00dcr\u00fcn Ad\u0131:<\/strong> LCD Monit\u00f6r<\/li>\n<li><strong>Ekran Boyutu:<\/strong> 17 \u0130n\u00e7<\/li>\n<li><strong>Uyumlu Sistem:<\/strong> GE LOGIQ P6 \/ P6 PRO ultrason sistemleri<\/li>\n<li><strong>Fonksiyon:<\/strong> Ultrason g\u00f6r\u00fcnt\u00fclerini ve sistem aray\u00fcz\u00fcn\u00fc g\u00f6r\u00fcnt\u00fcler<\/li>\n<li><strong>Durum:<\/strong> Test edilmi\u015f \u00e7al\u0131\u015f\u0131r durumda orijinal monit\u00f6r<\/li>\n<li><strong>Garanti:<\/strong> 60 g\u00fcn<\/li>\n<li><strong>Teslimat S\u00fcresi:<\/strong> Tipik olarak 2-4 i\u015f g\u00fcn\u00fc<\/li>\n<li><strong>Servis:<\/strong> Kesin sat\u0131\u015f \/ De\u011fi\u015fim \/ Onar\u0131m mevcut<\/li>\n<\/ul>\n<p><strong>Servis Notlar\u0131<\/strong><\/p>\n<ul>\n<li>L\u00fctfen sipari\u015f vermeden \u00f6nce GE LOGIQ P6 veya P6 PRO sisteminizle uyumlulu\u011funu onaylay\u0131n.<\/li>\n<li>Monit\u00f6r eksiksiz ve hizmet de\u011ferlendirmesi i\u00e7in uygun olmal\u0131d\u0131r.<\/li>\n<li>De\u011fi\u015fim se\u00e7enekleri orijinal ar\u0131zal\u0131 monit\u00f6r\u00fcn iade edilmesini gerektirebilir.<\/li>\n<li>Profesyonel kurulum tavsiye edilir.<\/li>\n<li>Onar\u0131m de\u011ferlendirmesi veya toplu sat\u0131n alma talepleri i\u00e7in bizimle ileti\u015fime ge\u00e7in.<\/li>\n<\/ul>","protected":false},"excerpt":{"rendered":"<p>Ultrason g\u00f6r\u00fcnt\u00fcleme i\u00e7in yenilenmi\u015f GE LOGIQ P6 \/ P6 PRO 17 in\u00e7 LCD ekran. Sistem performans\u0131n\u0131 korumak i\u00e7in de\u011fi\u015ftirme, onar\u0131m ve de\u011fi\u015fim i\u00e7in kullan\u0131labilir.<\/p>","protected":false},"featured_media":3582,"parent":0,"template":"","meta":{"_acf_changed":false,"_kad_blocks_custom_css":"","_kad_blocks_head_custom_js":"","_kad_blocks_body_custom_js":"","_kad_blocks_footer_custom_js":"","_kadence_starter_templates_imported_post":false,"_kad_post_transparent":"default","_kad_post_title":"","_kad_post_layout":"default","_kad_post_sidebar_id":"","_kad_post_content_style":"default","_kad_post_vertical_padding":"default","_kad_post_feature":"","_kad_post_feature_position":"","_kad_post_header":false,"_kad_post_footer":false},"pcategory":[35],"ptag":[],"class_list":["post-3419","product","type-product","status-publish","has-post-thumbnail","hentry","pcategory-ultrasound-components"],"acf":[],"yoast_head":"<!-- This site is optimized with the Yoast SEO plugin v27.1.1 - https:\/\/yoast.com\/product\/yoast-seo-wordpress\/ -->\n<title>Refurbished GE LOGIQ P6 \/ P6 PRO 17-Inch LCD Monitor Repair &amp; Exchange Available<\/title>\n<meta name=\"robots\" content=\"index, follow, max-snippet:-1, max-image-preview:large, max-video-preview:-1\" \/>\n<link rel=\"canonical\" href=\"https:\/\/ultramachineparts.com\/tr\/product\/ge-logiq-p6-lcd-monitor\/\" \/>\n<meta property=\"og:locale\" content=\"tr_TR\" \/>\n<meta property=\"og:type\" content=\"article\" \/>\n<meta property=\"og:title\" content=\"Refurbished GE LOGIQ P6 \/ P6 PRO 17-Inch LCD Monitor Repair &amp; Exchange Available\" \/>\n<meta property=\"og:description\" content=\"Refurbished GE LOGIQ P6 \/ P6 PRO 17-Inch LCD display for ultrasound imaging. Available for replacement, repair, and exchange to maintain system performance.\" \/>\n<meta property=\"og:url\" content=\"https:\/\/ultramachineparts.com\/tr\/product\/ge-logiq-p6-lcd-monitor\/\" \/>\n<meta property=\"og:site_name\" content=\"ultramachine-part\" \/>\n<meta property=\"og:image\" content=\"https:\/\/ultramachineparts.com\/wp-content\/uploads\/2027\/03\/GE-LOGIQ-P6-LCD-Monitor-2.jpg\" \/>\n\t<meta property=\"og:image:width\" content=\"800\" \/>\n\t<meta property=\"og:image:height\" content=\"800\" \/>\n\t<meta property=\"og:image:type\" content=\"image\/jpeg\" \/>\n<meta name=\"twitter:card\" content=\"summary_large_image\" \/>\n<meta name=\"twitter:label1\" content=\"Tahmini okuma s\u00fcresi\" \/>\n\t<meta name=\"twitter:data1\" content=\"1 dakika\" \/>\n<script type=\"application\/ld+json\" class=\"yoast-schema-graph\">{\"@context\":\"https:\/\/schema.org\",\"@graph\":[{\"@type\":\"WebPage\",\"@id\":\"https:\/\/ultramachineparts.com\/product\/ge-logiq-p6-lcd-monitor\/\",\"url\":\"https:\/\/ultramachineparts.com\/product\/ge-logiq-p6-lcd-monitor\/\",\"name\":\"Refurbished GE LOGIQ P6 \/ P6 PRO 17-Inch LCD Monitor Repair & Exchange Available\",\"isPartOf\":{\"@id\":\"https:\/\/ultramachineparts.com\/#website\"},\"primaryImageOfPage\":{\"@id\":\"https:\/\/ultramachineparts.com\/product\/ge-logiq-p6-lcd-monitor\/#primaryimage\"},\"image\":{\"@id\":\"https:\/\/ultramachineparts.com\/product\/ge-logiq-p6-lcd-monitor\/#primaryimage\"},\"thumbnailUrl\":\"https:\/\/ultramachineparts.com\/wp-content\/uploads\/2027\/03\/GE-LOGIQ-P6-LCD-Monitor-2.jpg\",\"datePublished\":\"2026-03-18T11:58:11+00:00\",\"breadcrumb\":{\"@id\":\"https:\/\/ultramachineparts.com\/product\/ge-logiq-p6-lcd-monitor\/#breadcrumb\"},\"inLanguage\":\"tr\",\"potentialAction\":[{\"@type\":\"ReadAction\",\"target\":[\"https:\/\/ultramachineparts.com\/product\/ge-logiq-p6-lcd-monitor\/\"]}]},{\"@type\":\"ImageObject\",\"inLanguage\":\"tr\",\"@id\":\"https:\/\/ultramachineparts.com\/product\/ge-logiq-p6-lcd-monitor\/#primaryimage\",\"url\":\"https:\/\/ultramachineparts.com\/wp-content\/uploads\/2027\/03\/GE-LOGIQ-P6-LCD-Monitor-2.jpg\",\"contentUrl\":\"https:\/\/ultramachineparts.com\/wp-content\/uploads\/2027\/03\/GE-LOGIQ-P6-LCD-Monitor-2.jpg\",\"width\":800,\"height\":800,\"caption\":\"GE LOGIQ P6 \/ P6 PRO 17-Inch LCD Monitor\"},{\"@type\":\"BreadcrumbList\",\"@id\":\"https:\/\/ultramachineparts.com\/product\/ge-logiq-p6-lcd-monitor\/#breadcrumb\",\"itemListElement\":[{\"@type\":\"ListItem\",\"position\":1,\"name\":\"Home\",\"item\":\"https:\/\/ultramachineparts.com\/\"},{\"@type\":\"ListItem\",\"position\":2,\"name\":\"Ultrasound Components\",\"item\":\"https:\/\/ultramachineparts.com\/pcategory\/ultrasound-components\/\"},{\"@type\":\"ListItem\",\"position\":3,\"name\":\"Refurbished GE LOGIQ P6 \/ P6 PRO 17-Inch LCD Monitor Repair &#038; Exchange Available\"}]},{\"@type\":\"WebSite\",\"@id\":\"https:\/\/ultramachineparts.com\/#website\",\"url\":\"https:\/\/ultramachineparts.com\/\",\"name\":\"ultramachine-part\",\"description\":\"\",\"publisher\":{\"@id\":\"https:\/\/ultramachineparts.com\/#organization\"},\"potentialAction\":[{\"@type\":\"SearchAction\",\"target\":{\"@type\":\"EntryPoint\",\"urlTemplate\":\"https:\/\/ultramachineparts.com\/?s={search_term_string}\"},\"query-input\":{\"@type\":\"PropertyValueSpecification\",\"valueRequired\":true,\"valueName\":\"search_term_string\"}}],\"inLanguage\":\"tr\"},{\"@type\":\"Organization\",\"@id\":\"https:\/\/ultramachineparts.com\/#organization\",\"name\":\"ultramachine-part\",\"url\":\"https:\/\/ultramachineparts.com\/\",\"logo\":{\"@type\":\"ImageObject\",\"inLanguage\":\"tr\",\"@id\":\"https:\/\/ultramachineparts.com\/#\/schema\/logo\/image\/\",\"url\":\"https:\/\/ultramachineparts.com\/wp-content\/uploads\/2026\/03\/logo-echoelite.png\",\"contentUrl\":\"https:\/\/ultramachineparts.com\/wp-content\/uploads\/2026\/03\/logo-echoelite.png\",\"width\":463,\"height\":120,\"caption\":\"ultramachine-part\"},\"image\":{\"@id\":\"https:\/\/ultramachineparts.com\/#\/schema\/logo\/image\/\"}}]}<\/script>\n<!-- \/ Yoast SEO plugin. -->","yoast_head_json":{"title":"Yenilenmi\u015f GE LOGIQ P6 \/ P6 PRO 17-\u0130n\u00e7 LCD Monit\u00f6r Onar\u0131m\u0131 ve De\u011fi\u015fimi Mevcuttur","robots":{"index":"index","follow":"follow","max-snippet":"max-snippet:-1","max-image-preview":"max-image-preview:large","max-video-preview":"max-video-preview:-1"},"canonical":"https:\/\/ultramachineparts.com\/tr\/product\/ge-logiq-p6-lcd-monitor\/","og_locale":"tr_TR","og_type":"article","og_title":"Refurbished GE LOGIQ P6 \/ P6 PRO 17-Inch LCD Monitor Repair & Exchange Available","og_description":"Refurbished GE LOGIQ P6 \/ P6 PRO 17-Inch LCD display for ultrasound imaging. Available for replacement, repair, and exchange to maintain system performance.","og_url":"https:\/\/ultramachineparts.com\/tr\/product\/ge-logiq-p6-lcd-monitor\/","og_site_name":"ultramachine-part","og_image":[{"width":800,"height":800,"url":"https:\/\/ultramachineparts.com\/wp-content\/uploads\/2027\/03\/GE-LOGIQ-P6-LCD-Monitor-2.jpg","type":"image\/jpeg"}],"twitter_card":"summary_large_image","twitter_misc":{"Tahmini okuma s\u00fcresi":"1 dakika"},"schema":{"@context":"https:\/\/schema.org","@graph":[{"@type":"WebPage","@id":"https:\/\/ultramachineparts.com\/product\/ge-logiq-p6-lcd-monitor\/","url":"https:\/\/ultramachineparts.com\/product\/ge-logiq-p6-lcd-monitor\/","name":"Yenilenmi\u015f GE LOGIQ P6 \/ P6 PRO 17-\u0130n\u00e7 LCD Monit\u00f6r Onar\u0131m\u0131 ve De\u011fi\u015fimi Mevcuttur","isPartOf":{"@id":"https:\/\/ultramachineparts.com\/#website"},"primaryImageOfPage":{"@id":"https:\/\/ultramachineparts.com\/product\/ge-logiq-p6-lcd-monitor\/#primaryimage"},"image":{"@id":"https:\/\/ultramachineparts.com\/product\/ge-logiq-p6-lcd-monitor\/#primaryimage"},"thumbnailUrl":"https:\/\/ultramachineparts.com\/wp-content\/uploads\/2027\/03\/GE-LOGIQ-P6-LCD-Monitor-2.jpg","datePublished":"2026-03-18T11:58:11+00:00","breadcrumb":{"@id":"https:\/\/ultramachineparts.com\/product\/ge-logiq-p6-lcd-monitor\/#breadcrumb"},"inLanguage":"tr","potentialAction":[{"@type":"ReadAction","target":["https:\/\/ultramachineparts.com\/product\/ge-logiq-p6-lcd-monitor\/"]}]},{"@type":"ImageObject","inLanguage":"tr","@id":"https:\/\/ultramachineparts.com\/product\/ge-logiq-p6-lcd-monitor\/#primaryimage","url":"https:\/\/ultramachineparts.com\/wp-content\/uploads\/2027\/03\/GE-LOGIQ-P6-LCD-Monitor-2.jpg","contentUrl":"https:\/\/ultramachineparts.com\/wp-content\/uploads\/2027\/03\/GE-LOGIQ-P6-LCD-Monitor-2.jpg","width":800,"height":800,"caption":"GE LOGIQ P6 \/ P6 PRO 17-Inch LCD Monitor"},{"@type":"BreadcrumbList","@id":"https:\/\/ultramachineparts.com\/product\/ge-logiq-p6-lcd-monitor\/#breadcrumb","itemListElement":[{"@type":"ListItem","position":1,"name":"Home","item":"https:\/\/ultramachineparts.com\/"},{"@type":"ListItem","position":2,"name":"Ultrasound Components","item":"https:\/\/ultramachineparts.com\/pcategory\/ultrasound-components\/"},{"@type":"ListItem","position":3,"name":"Refurbished GE LOGIQ P6 \/ P6 PRO 17-Inch LCD Monitor Repair &#038; Exchange Available"}]},{"@type":"WebSite","@id":"https:\/\/ultramachineparts.com\/#website","url":"https:\/\/ultramachineparts.com\/","name":"ultramachine-part","description":"","publisher":{"@id":"https:\/\/ultramachineparts.com\/#organization"},"potentialAction":[{"@type":"SearchAction","target":{"@type":"EntryPoint","urlTemplate":"https:\/\/ultramachineparts.com\/?s={search_term_string}"},"query-input":{"@type":"PropertyValueSpecification","valueRequired":true,"valueName":"search_term_string"}}],"inLanguage":"tr"},{"@type":"Organization","@id":"https:\/\/ultramachineparts.com\/#organization","name":"ultramachine-part","url":"https:\/\/ultramachineparts.com\/","logo":{"@type":"ImageObject","inLanguage":"tr","@id":"https:\/\/ultramachineparts.com\/#\/schema\/logo\/image\/","url":"https:\/\/ultramachineparts.com\/wp-content\/uploads\/2026\/03\/logo-echoelite.png","contentUrl":"https:\/\/ultramachineparts.com\/wp-content\/uploads\/2026\/03\/logo-echoelite.png","width":463,"height":120,"caption":"ultramachine-part"},"image":{"@id":"https:\/\/ultramachineparts.com\/#\/schema\/logo\/image\/"}}]}},"taxonomy_info":{"pcategory":[{"value":35,"label":"Ultrasound Components"}]},"featured_image_src_large":["https:\/\/ultramachineparts.com\/wp-content\/uploads\/2027\/03\/GE-LOGIQ-P6-LCD-Monitor-2.jpg",800,800,false],"author_info":[],"comment_info":"","_links":{"self":[{"href":"https:\/\/ultramachineparts.com\/tr\/wp-json\/wp\/v2\/product\/3419","targetHints":{"allow":["GET"]}}],"collection":[{"href":"https:\/\/ultramachineparts.com\/tr\/wp-json\/wp\/v2\/product"}],"about":[{"href":"https:\/\/ultramachineparts.com\/tr\/wp-json\/wp\/v2\/types\/product"}],"wp:featuredmedia":[{"embeddable":true,"href":"https:\/\/ultramachineparts.com\/tr\/wp-json\/wp\/v2\/media\/3582"}],"wp:attachment":[{"href":"https:\/\/ultramachineparts.com\/tr\/wp-json\/wp\/v2\/media?parent=3419"}],"wp:term":[{"taxonomy":"pcategory","embeddable":true,"href":"https:\/\/ultramachineparts.com\/tr\/wp-json\/wp\/v2\/pcategory?post=3419"},{"taxonomy":"ptag","embeddable":true,"href":"https:\/\/ultramachineparts.com\/tr\/wp-json\/wp\/v2\/ptag?post=3419"}],"curies":[{"name":"wp","href":"https:\/\/api.w.org\/{rel}","templated":true}]}}