{"id":3428,"date":"2026-03-16T22:17:42","date_gmt":"2026-03-16T22:17:42","guid":{"rendered":"https:\/\/ultramachineparts.com\/?post_type=product&#038;p=3428"},"modified":"2026-03-17T07:06:05","modified_gmt":"2026-03-17T07:06:05","slug":"aloka-eu-6031c","status":"publish","type":"product","link":"https:\/\/ultramachineparts.com\/tr\/product\/aloka-eu-6031c\/","title":{"rendered":"Hitachi Aloka Alpha 10 HV EU-6031C Ultrason G\u00fc\u00e7 Kayna\u011f\u0131 Onar\u0131m\u0131 ve De\u011fi\u015ftirilmesi"},"content":{"rendered":"<p>Aloka Prosound Alpha 10 HV G\u00fc\u00e7 Kayna\u011f\u0131 EU-6031C, Aloka Prosound Alpha 10 ultrason tan\u0131 sistemi i\u00e7in tasarlanm\u0131\u015f y\u00fcksek voltajl\u0131 bir g\u00fc\u00e7 kayna\u011f\u0131 mod\u00fcl\u00fcd\u00fcr. Dahili sistem bile\u015fenleri i\u00e7in gerekli olan kararl\u0131 y\u00fcksek voltaj \u00e7\u0131k\u0131\u015f\u0131 sa\u011flayarak g\u00f6r\u00fcnt\u00fcleme ve klinik muayeneler s\u0131ras\u0131nda g\u00fcvenilir \u00e7al\u0131\u015fma sa\u011flar.<\/p>\n<p><strong>\u00dcr\u00fcn Bilgileri<\/strong><\/p>\n<ul>\n<li><strong>\u00dcr\u00fcn Ad\u0131:<\/strong> Ultrason HV G\u00fc\u00e7 Kayna\u011f\u0131 Mod\u00fcl\u00fc<\/li>\n<li><strong>Par\u00e7a Numaras\u0131:<\/strong> EU-6031C<\/li>\n<li><strong>Uyumlu Sistem:<\/strong> Aloka Prosound Alpha 10 ultrason sistemi<\/li>\n<li><strong>Fonksiyon:<\/strong> Sistemin \u00e7al\u0131\u015fmas\u0131 i\u00e7in y\u00fcksek voltajl\u0131 g\u00fc\u00e7 kayna\u011f\u0131<\/li>\n<li><strong>Marka:<\/strong> Aloka<\/li>\n<li><strong>Durum:<\/strong> Orijinal test edilmi\u015f yedek par\u00e7a<\/li>\n<li><strong>Garanti:<\/strong> 3 ay<\/li>\n<li><strong>Teslimat S\u00fcresi:<\/strong> Stokta varsa genellikle 3-7 i\u015f g\u00fcn\u00fc<\/li>\n<li><strong>Servis:<\/strong> Kesin sat\u0131\u015f \/ De\u011fi\u015fim \/ Onar\u0131m mevcut<\/li>\n<\/ul>\n<p><strong>Servis Notlar\u0131<\/strong><\/p>\n<ul>\n<li>Y\u00fcksek voltaj mod\u00fclleri kalifiye teknisyenler taraf\u0131ndan kurulmal\u0131d\u0131r.<\/li>\n<li>De\u011fi\u015fim veya garanti hizmeti i\u00e7in orijinal ar\u0131zal\u0131 \u00fcnitenin iade edilmesi gerekebilir.<\/li>\n<li>Do\u011fru kurulum, istikrarl\u0131 sistem performans\u0131 sa\u011flar.<\/li>\n<li>Onar\u0131m de\u011ferlendirmesi, teknik destek veya toplu sat\u0131n alma talepleri i\u00e7in tedarik\u00e7iyle ileti\u015fime ge\u00e7in.<\/li>\n<\/ul>","protected":false},"excerpt":{"rendered":"<p>Ultrason sistemleri i\u00e7in yenilenmi\u015f Aloka Prosound Alpha 10 HV G\u00fc\u00e7 Kayna\u011f\u0131 EU-6031C. De\u011fi\u015ftirme, onar\u0131m ve de\u011fi\u015fim hizmetleri mevcuttur. H\u0131zl\u0131 teslimat ile test edilmi\u015f ve g\u00fcvenilir.<\/p>","protected":false},"featured_media":3576,"parent":0,"template":"","meta":{"_acf_changed":false,"_kad_blocks_custom_css":"","_kad_blocks_head_custom_js":"","_kad_blocks_body_custom_js":"","_kad_blocks_footer_custom_js":"","_kadence_starter_templates_imported_post":false,"_kad_post_transparent":"default","_kad_post_title":"","_kad_post_layout":"default","_kad_post_sidebar_id":"","_kad_post_content_style":"default","_kad_post_vertical_padding":"default","_kad_post_feature":"","_kad_post_feature_position":"","_kad_post_header":false,"_kad_post_footer":false},"pcategory":[34],"ptag":[],"class_list":["post-3428","product","type-product","status-publish","has-post-thumbnail","hentry","pcategory-ultrasound-power-supply"],"acf":[],"yoast_head":"<!-- This site is optimized with the Yoast SEO plugin v27.1.1 - https:\/\/yoast.com\/product\/yoast-seo-wordpress\/ -->\n<title>Hitachi Aloka Alpha 10 HV EU\u20116031C Ultrasound Power Supply Repair &amp; Replacement<\/title>\n<meta name=\"description\" content=\"Refurbished Aloka Prosound Alpha 10 HV Power Supply EU\u20116031C for ultrasound systems. Replacement, repair, and exchange services available. Tested and reliable with fast delivery.\" \/>\n<meta name=\"robots\" content=\"index, follow, max-snippet:-1, max-image-preview:large, max-video-preview:-1\" \/>\n<link rel=\"canonical\" href=\"https:\/\/ultramachineparts.com\/tr\/product\/aloka-eu-6031c\/\" \/>\n<meta property=\"og:locale\" content=\"tr_TR\" \/>\n<meta property=\"og:type\" content=\"article\" \/>\n<meta property=\"og:title\" content=\"Hitachi Aloka Alpha 10 HV EU\u20116031C Ultrasound Power Supply Repair &amp; Replacement\" \/>\n<meta property=\"og:description\" content=\"Refurbished Aloka Prosound Alpha 10 HV Power Supply EU\u20116031C for ultrasound systems. Replacement, repair, and exchange services available. Tested and reliable with fast delivery.\" \/>\n<meta property=\"og:url\" content=\"https:\/\/ultramachineparts.com\/tr\/product\/aloka-eu-6031c\/\" \/>\n<meta property=\"og:site_name\" content=\"ultramachine-part\" \/>\n<meta property=\"article:modified_time\" content=\"2026-03-17T07:06:05+00:00\" \/>\n<meta property=\"og:image\" content=\"https:\/\/ultramachineparts.com\/wp-content\/uploads\/2026\/03\/6031C.jpg\" \/>\n\t<meta property=\"og:image:width\" content=\"750\" \/>\n\t<meta property=\"og:image:height\" content=\"716\" \/>\n\t<meta property=\"og:image:type\" content=\"image\/jpeg\" \/>\n<meta name=\"twitter:card\" content=\"summary_large_image\" \/>\n<meta name=\"twitter:label1\" content=\"Tahmini okuma s\u00fcresi\" \/>\n\t<meta name=\"twitter:data1\" content=\"1 dakika\" \/>\n<script type=\"application\/ld+json\" class=\"yoast-schema-graph\">{\"@context\":\"https:\/\/schema.org\",\"@graph\":[{\"@type\":\"WebPage\",\"@id\":\"https:\/\/ultramachineparts.com\/product\/aloka-eu-6031c\/\",\"url\":\"https:\/\/ultramachineparts.com\/product\/aloka-eu-6031c\/\",\"name\":\"Hitachi Aloka Alpha 10 HV EU\u20116031C Ultrasound Power Supply Repair & Replacement\",\"isPartOf\":{\"@id\":\"https:\/\/ultramachineparts.com\/#website\"},\"primaryImageOfPage\":{\"@id\":\"https:\/\/ultramachineparts.com\/product\/aloka-eu-6031c\/#primaryimage\"},\"image\":{\"@id\":\"https:\/\/ultramachineparts.com\/product\/aloka-eu-6031c\/#primaryimage\"},\"thumbnailUrl\":\"https:\/\/ultramachineparts.com\/wp-content\/uploads\/2026\/03\/6031C.jpg\",\"datePublished\":\"2026-03-16T22:17:42+00:00\",\"dateModified\":\"2026-03-17T07:06:05+00:00\",\"description\":\"Refurbished Aloka Prosound Alpha 10 HV Power Supply EU\u20116031C for ultrasound systems. Replacement, repair, and exchange services available. Tested and reliable with fast delivery.\",\"breadcrumb\":{\"@id\":\"https:\/\/ultramachineparts.com\/product\/aloka-eu-6031c\/#breadcrumb\"},\"inLanguage\":\"tr\",\"potentialAction\":[{\"@type\":\"ReadAction\",\"target\":[\"https:\/\/ultramachineparts.com\/product\/aloka-eu-6031c\/\"]}]},{\"@type\":\"ImageObject\",\"inLanguage\":\"tr\",\"@id\":\"https:\/\/ultramachineparts.com\/product\/aloka-eu-6031c\/#primaryimage\",\"url\":\"https:\/\/ultramachineparts.com\/wp-content\/uploads\/2026\/03\/6031C.jpg\",\"contentUrl\":\"https:\/\/ultramachineparts.com\/wp-content\/uploads\/2026\/03\/6031C.jpg\",\"width\":750,\"height\":716,\"caption\":\"Aloka Alpha 10 HV EU\u20116031C =\"},{\"@type\":\"BreadcrumbList\",\"@id\":\"https:\/\/ultramachineparts.com\/product\/aloka-eu-6031c\/#breadcrumb\",\"itemListElement\":[{\"@type\":\"ListItem\",\"position\":1,\"name\":\"Home\",\"item\":\"https:\/\/ultramachineparts.com\/\"},{\"@type\":\"ListItem\",\"position\":2,\"name\":\"Ultrasound Power Supply\",\"item\":\"https:\/\/ultramachineparts.com\/pcategory\/ultrasound-power-supply\/\"},{\"@type\":\"ListItem\",\"position\":3,\"name\":\"Hitachi Aloka Alpha 10 HV EU\u20116031C Ultrasound Power Supply Repair &#038; Replacement\"}]},{\"@type\":\"WebSite\",\"@id\":\"https:\/\/ultramachineparts.com\/#website\",\"url\":\"https:\/\/ultramachineparts.com\/\",\"name\":\"ultramachine-part\",\"description\":\"\",\"publisher\":{\"@id\":\"https:\/\/ultramachineparts.com\/#organization\"},\"potentialAction\":[{\"@type\":\"SearchAction\",\"target\":{\"@type\":\"EntryPoint\",\"urlTemplate\":\"https:\/\/ultramachineparts.com\/?s={search_term_string}\"},\"query-input\":{\"@type\":\"PropertyValueSpecification\",\"valueRequired\":true,\"valueName\":\"search_term_string\"}}],\"inLanguage\":\"tr\"},{\"@type\":\"Organization\",\"@id\":\"https:\/\/ultramachineparts.com\/#organization\",\"name\":\"ultramachine-part\",\"url\":\"https:\/\/ultramachineparts.com\/\",\"logo\":{\"@type\":\"ImageObject\",\"inLanguage\":\"tr\",\"@id\":\"https:\/\/ultramachineparts.com\/#\/schema\/logo\/image\/\",\"url\":\"https:\/\/ultramachineparts.com\/wp-content\/uploads\/2026\/03\/logo-echoelite.png\",\"contentUrl\":\"https:\/\/ultramachineparts.com\/wp-content\/uploads\/2026\/03\/logo-echoelite.png\",\"width\":463,\"height\":120,\"caption\":\"ultramachine-part\"},\"image\":{\"@id\":\"https:\/\/ultramachineparts.com\/#\/schema\/logo\/image\/\"}}]}<\/script>\n<!-- \/ Yoast SEO plugin. -->","yoast_head_json":{"title":"Hitachi Aloka Alpha 10 HV EU-6031C Ultrason G\u00fc\u00e7 Kayna\u011f\u0131 Onar\u0131m\u0131 ve De\u011fi\u015ftirilmesi","description":"Ultrason sistemleri i\u00e7in yenilenmi\u015f Aloka Prosound Alpha 10 HV G\u00fc\u00e7 Kayna\u011f\u0131 EU-6031C. De\u011fi\u015ftirme, onar\u0131m ve de\u011fi\u015fim hizmetleri mevcuttur. H\u0131zl\u0131 teslimat ile test edilmi\u015f ve g\u00fcvenilir.","robots":{"index":"index","follow":"follow","max-snippet":"max-snippet:-1","max-image-preview":"max-image-preview:large","max-video-preview":"max-video-preview:-1"},"canonical":"https:\/\/ultramachineparts.com\/tr\/product\/aloka-eu-6031c\/","og_locale":"tr_TR","og_type":"article","og_title":"Hitachi Aloka Alpha 10 HV EU\u20116031C Ultrasound Power Supply Repair & Replacement","og_description":"Refurbished Aloka Prosound Alpha 10 HV Power Supply EU\u20116031C for ultrasound systems. Replacement, repair, and exchange services available. Tested and reliable with fast delivery.","og_url":"https:\/\/ultramachineparts.com\/tr\/product\/aloka-eu-6031c\/","og_site_name":"ultramachine-part","article_modified_time":"2026-03-17T07:06:05+00:00","og_image":[{"width":750,"height":716,"url":"https:\/\/ultramachineparts.com\/wp-content\/uploads\/2026\/03\/6031C.jpg","type":"image\/jpeg"}],"twitter_card":"summary_large_image","twitter_misc":{"Tahmini okuma s\u00fcresi":"1 dakika"},"schema":{"@context":"https:\/\/schema.org","@graph":[{"@type":"WebPage","@id":"https:\/\/ultramachineparts.com\/product\/aloka-eu-6031c\/","url":"https:\/\/ultramachineparts.com\/product\/aloka-eu-6031c\/","name":"Hitachi Aloka Alpha 10 HV EU-6031C Ultrason G\u00fc\u00e7 Kayna\u011f\u0131 Onar\u0131m\u0131 ve De\u011fi\u015ftirilmesi","isPartOf":{"@id":"https:\/\/ultramachineparts.com\/#website"},"primaryImageOfPage":{"@id":"https:\/\/ultramachineparts.com\/product\/aloka-eu-6031c\/#primaryimage"},"image":{"@id":"https:\/\/ultramachineparts.com\/product\/aloka-eu-6031c\/#primaryimage"},"thumbnailUrl":"https:\/\/ultramachineparts.com\/wp-content\/uploads\/2026\/03\/6031C.jpg","datePublished":"2026-03-16T22:17:42+00:00","dateModified":"2026-03-17T07:06:05+00:00","description":"Ultrason sistemleri i\u00e7in yenilenmi\u015f Aloka Prosound Alpha 10 HV G\u00fc\u00e7 Kayna\u011f\u0131 EU-6031C. De\u011fi\u015ftirme, onar\u0131m ve de\u011fi\u015fim hizmetleri mevcuttur. H\u0131zl\u0131 teslimat ile test edilmi\u015f ve g\u00fcvenilir.","breadcrumb":{"@id":"https:\/\/ultramachineparts.com\/product\/aloka-eu-6031c\/#breadcrumb"},"inLanguage":"tr","potentialAction":[{"@type":"ReadAction","target":["https:\/\/ultramachineparts.com\/product\/aloka-eu-6031c\/"]}]},{"@type":"ImageObject","inLanguage":"tr","@id":"https:\/\/ultramachineparts.com\/product\/aloka-eu-6031c\/#primaryimage","url":"https:\/\/ultramachineparts.com\/wp-content\/uploads\/2026\/03\/6031C.jpg","contentUrl":"https:\/\/ultramachineparts.com\/wp-content\/uploads\/2026\/03\/6031C.jpg","width":750,"height":716,"caption":"Aloka Alpha 10 HV EU\u20116031C ="},{"@type":"BreadcrumbList","@id":"https:\/\/ultramachineparts.com\/product\/aloka-eu-6031c\/#breadcrumb","itemListElement":[{"@type":"ListItem","position":1,"name":"Home","item":"https:\/\/ultramachineparts.com\/"},{"@type":"ListItem","position":2,"name":"Ultrasound Power Supply","item":"https:\/\/ultramachineparts.com\/pcategory\/ultrasound-power-supply\/"},{"@type":"ListItem","position":3,"name":"Hitachi Aloka Alpha 10 HV EU\u20116031C Ultrasound Power Supply Repair &#038; Replacement"}]},{"@type":"WebSite","@id":"https:\/\/ultramachineparts.com\/#website","url":"https:\/\/ultramachineparts.com\/","name":"ultramachine-part","description":"","publisher":{"@id":"https:\/\/ultramachineparts.com\/#organization"},"potentialAction":[{"@type":"SearchAction","target":{"@type":"EntryPoint","urlTemplate":"https:\/\/ultramachineparts.com\/?s={search_term_string}"},"query-input":{"@type":"PropertyValueSpecification","valueRequired":true,"valueName":"search_term_string"}}],"inLanguage":"tr"},{"@type":"Organization","@id":"https:\/\/ultramachineparts.com\/#organization","name":"ultramachine-part","url":"https:\/\/ultramachineparts.com\/","logo":{"@type":"ImageObject","inLanguage":"tr","@id":"https:\/\/ultramachineparts.com\/#\/schema\/logo\/image\/","url":"https:\/\/ultramachineparts.com\/wp-content\/uploads\/2026\/03\/logo-echoelite.png","contentUrl":"https:\/\/ultramachineparts.com\/wp-content\/uploads\/2026\/03\/logo-echoelite.png","width":463,"height":120,"caption":"ultramachine-part"},"image":{"@id":"https:\/\/ultramachineparts.com\/#\/schema\/logo\/image\/"}}]}},"taxonomy_info":{"pcategory":[{"value":34,"label":"Ultrasound Power Supply"}]},"featured_image_src_large":["https:\/\/ultramachineparts.com\/wp-content\/uploads\/2026\/03\/6031C.jpg",750,716,false],"author_info":[],"comment_info":"","_links":{"self":[{"href":"https:\/\/ultramachineparts.com\/tr\/wp-json\/wp\/v2\/product\/3428","targetHints":{"allow":["GET"]}}],"collection":[{"href":"https:\/\/ultramachineparts.com\/tr\/wp-json\/wp\/v2\/product"}],"about":[{"href":"https:\/\/ultramachineparts.com\/tr\/wp-json\/wp\/v2\/types\/product"}],"wp:featuredmedia":[{"embeddable":true,"href":"https:\/\/ultramachineparts.com\/tr\/wp-json\/wp\/v2\/media\/3576"}],"wp:attachment":[{"href":"https:\/\/ultramachineparts.com\/tr\/wp-json\/wp\/v2\/media?parent=3428"}],"wp:term":[{"taxonomy":"pcategory","embeddable":true,"href":"https:\/\/ultramachineparts.com\/tr\/wp-json\/wp\/v2\/pcategory?post=3428"},{"taxonomy":"ptag","embeddable":true,"href":"https:\/\/ultramachineparts.com\/tr\/wp-json\/wp\/v2\/ptag?post=3428"}],"curies":[{"name":"wp","href":"https:\/\/api.w.org\/{rel}","templated":true}]}}