{"id":3430,"date":"2026-03-16T19:21:29","date_gmt":"2026-03-16T19:21:29","guid":{"rendered":"https:\/\/ultramachineparts.com\/?post_type=product&#038;p=3430"},"modified":"2026-03-17T02:57:16","modified_gmt":"2026-03-17T02:57:16","slug":"philips-453561197522","status":"publish","type":"product","link":"https:\/\/ultramachineparts.com\/tr\/product\/philips-453561197522\/","title":{"rendered":"Philips IE33 Ultrason Kontrol Paneli 453561197522 |Yenilenmi\u015f De\u011fi\u015ftirme ve Onar\u0131m"},"content":{"rendered":"<p>Bu <strong>Philips IE33 Kontrol Paneli Assy 453561197522<\/strong> Philips IE33 ultrason tan\u0131 sistemi ile kullan\u0131lmak \u00fczere tasarlanm\u0131\u015f bir kontrol paneli d\u00fczene\u011fidir. G\u00f6r\u00fcnt\u00fcleme ve muayene i\u015flemleri i\u00e7in d\u00fc\u011fme ve i\u015flev eri\u015fimi dahil olmak \u00fczere kullan\u0131c\u0131 giri\u015fi ve sistem kontrol\u00fc i\u00e7in ana aray\u00fcz sa\u011flar.<\/p>\n<p><strong>\u00dcr\u00fcn Bilgileri<\/strong><\/p>\n<ul>\n<li><strong>\u00dcr\u00fcn Ad\u0131:<\/strong> Ultrason Kontrol Paneli Tertibat\u0131<\/li>\n<li><strong>Par\u00e7a Numaras\u0131:<\/strong> 453561197522<\/li>\n<li><strong>Uyumlu Sistem:<\/strong> Philips IE33 ultrason sistemi<\/li>\n<li><strong>Fonksiyon:<\/strong> Sistem i\u015fletimi i\u00e7in kullan\u0131c\u0131 kontrol aray\u00fcz\u00fc<\/li>\n<li><strong>Marka:<\/strong> Philips<\/li>\n<li><strong>Durum:<\/strong> Orijinal veya yenilenmi\u015f yedek par\u00e7a<\/li>\n<li><strong>Garanti:<\/strong> Tipik olarak 3 ay (tedarik\u00e7iye ba\u011fl\u0131) :<\/li>\n<li><strong>Teslimat S\u00fcresi:<\/strong> Stokta oldu\u011funda genellikle 3-7 i\u015f g\u00fcn\u00fc<\/li>\n<li><strong>Servis:<\/strong> Kesin sat\u0131\u015f \/ De\u011fi\u015fim \/ Onar\u0131m mevcut<\/li>\n<\/ul>\n<p><strong>Servis Notlar\u0131<\/strong><\/p>\n<ul>\n<li>L\u00fctfen sipari\u015f vermeden \u00f6nce Philips IE33 sisteminizle uyumlulu\u011funu onaylay\u0131n.<\/li>\n<li>Kurulum, ultrason sistemi bile\u015fenlerini bilen kalifiye servis teknisyenleri taraf\u0131ndan ger\u00e7ekle\u015ftirilmelidir.<\/li>\n<li>De\u011fi\u015fim veya garanti hizmeti i\u00e7in orijinal ar\u0131zal\u0131 \u00fcnitenin iadesi gerekebilir.<\/li>\n<li>Kurulum s\u0131ras\u0131nda do\u011fru kullan\u0131m, sistem g\u00fcvenilirli\u011finin korunmas\u0131na yard\u0131mc\u0131 olur.<\/li>\n<li>Onar\u0131m de\u011ferlendirmesi, teknik destek veya toplu sat\u0131n alma talepleri i\u00e7in tedarik\u00e7iyle ileti\u015fime ge\u00e7in.<\/li>\n<\/ul>","protected":false},"excerpt":{"rendered":"<p>Philips IE33 Kontrol Paneli 453561197522 ultrason sistemleri i\u00e7in. Yenilenmi\u015f par\u00e7alar, h\u0131zl\u0131 sevkiyat, profesyonel kurulum \u00f6nerilir ve garanti hizmeti mevcuttur.<\/p>","protected":false},"featured_media":3561,"parent":0,"template":"","meta":{"_acf_changed":false,"_kad_blocks_custom_css":"","_kad_blocks_head_custom_js":"","_kad_blocks_body_custom_js":"","_kad_blocks_footer_custom_js":"","_kadence_starter_templates_imported_post":false,"_kad_post_transparent":"default","_kad_post_title":"","_kad_post_layout":"default","_kad_post_sidebar_id":"","_kad_post_content_style":"default","_kad_post_vertical_padding":"default","_kad_post_feature":"","_kad_post_feature_position":"","_kad_post_header":false,"_kad_post_footer":false},"pcategory":[35],"ptag":[],"class_list":["post-3430","product","type-product","status-publish","has-post-thumbnail","hentry","pcategory-ultrasound-components"],"acf":[],"yoast_head":"<!-- This site is optimized with the Yoast SEO plugin v27.1.1 - https:\/\/yoast.com\/product\/yoast-seo-wordpress\/ -->\n<title>Philips IE33 Ultrasound Control Panel 453561197522 |Refurbished Replacement &amp; Repair<\/title>\n<meta name=\"description\" content=\"Philips IE33 Control Panel 453561197522 for ultrasound systems. Refurbished parts, quick shipping, professional installation recommended, and warranty service available.\" \/>\n<meta name=\"robots\" content=\"index, follow, max-snippet:-1, max-image-preview:large, max-video-preview:-1\" \/>\n<link rel=\"canonical\" href=\"https:\/\/ultramachineparts.com\/tr\/product\/philips-453561197522\/\" \/>\n<meta property=\"og:locale\" content=\"tr_TR\" \/>\n<meta property=\"og:type\" content=\"article\" \/>\n<meta property=\"og:title\" content=\"Philips IE33 Ultrasound Control Panel 453561197522 |Refurbished Replacement &amp; Repair\" \/>\n<meta property=\"og:description\" content=\"Philips IE33 Control Panel 453561197522 for ultrasound systems. Refurbished parts, quick shipping, professional installation recommended, and warranty service available.\" \/>\n<meta property=\"og:url\" content=\"https:\/\/ultramachineparts.com\/tr\/product\/philips-453561197522\/\" \/>\n<meta property=\"og:site_name\" content=\"ultramachine-part\" \/>\n<meta property=\"article:modified_time\" content=\"2026-03-17T02:57:16+00:00\" \/>\n<meta property=\"og:image\" content=\"https:\/\/ultramachineparts.com\/wp-content\/uploads\/2027\/03\/Philips-453561197522-2.jpg\" \/>\n\t<meta property=\"og:image:width\" content=\"800\" \/>\n\t<meta property=\"og:image:height\" content=\"800\" \/>\n\t<meta property=\"og:image:type\" content=\"image\/jpeg\" \/>\n<meta name=\"twitter:card\" content=\"summary_large_image\" \/>\n<meta name=\"twitter:label1\" content=\"Tahmini okuma s\u00fcresi\" \/>\n\t<meta name=\"twitter:data1\" content=\"1 dakika\" \/>\n<script type=\"application\/ld+json\" class=\"yoast-schema-graph\">{\"@context\":\"https:\/\/schema.org\",\"@graph\":[{\"@type\":\"WebPage\",\"@id\":\"https:\/\/ultramachineparts.com\/product\/philips-453561197522\/\",\"url\":\"https:\/\/ultramachineparts.com\/product\/philips-453561197522\/\",\"name\":\"Philips IE33 Ultrasound Control Panel 453561197522 |Refurbished Replacement & Repair\",\"isPartOf\":{\"@id\":\"https:\/\/ultramachineparts.com\/#website\"},\"primaryImageOfPage\":{\"@id\":\"https:\/\/ultramachineparts.com\/product\/philips-453561197522\/#primaryimage\"},\"image\":{\"@id\":\"https:\/\/ultramachineparts.com\/product\/philips-453561197522\/#primaryimage\"},\"thumbnailUrl\":\"https:\/\/ultramachineparts.com\/wp-content\/uploads\/2027\/03\/Philips-453561197522-2.jpg\",\"datePublished\":\"2026-03-16T19:21:29+00:00\",\"dateModified\":\"2026-03-17T02:57:16+00:00\",\"description\":\"Philips IE33 Control Panel 453561197522 for ultrasound systems. Refurbished parts, quick shipping, professional installation recommended, and warranty service available.\",\"breadcrumb\":{\"@id\":\"https:\/\/ultramachineparts.com\/product\/philips-453561197522\/#breadcrumb\"},\"inLanguage\":\"tr\",\"potentialAction\":[{\"@type\":\"ReadAction\",\"target\":[\"https:\/\/ultramachineparts.com\/product\/philips-453561197522\/\"]}]},{\"@type\":\"ImageObject\",\"inLanguage\":\"tr\",\"@id\":\"https:\/\/ultramachineparts.com\/product\/philips-453561197522\/#primaryimage\",\"url\":\"https:\/\/ultramachineparts.com\/wp-content\/uploads\/2027\/03\/Philips-453561197522-2.jpg\",\"contentUrl\":\"https:\/\/ultramachineparts.com\/wp-content\/uploads\/2027\/03\/Philips-453561197522-2.jpg\",\"width\":800,\"height\":800,\"caption\":\"Philips 453561197522\"},{\"@type\":\"BreadcrumbList\",\"@id\":\"https:\/\/ultramachineparts.com\/product\/philips-453561197522\/#breadcrumb\",\"itemListElement\":[{\"@type\":\"ListItem\",\"position\":1,\"name\":\"Home\",\"item\":\"https:\/\/ultramachineparts.com\/\"},{\"@type\":\"ListItem\",\"position\":2,\"name\":\"Ultrasound Components\",\"item\":\"https:\/\/ultramachineparts.com\/pcategory\/ultrasound-components\/\"},{\"@type\":\"ListItem\",\"position\":3,\"name\":\"Philips IE33 Ultrasound Control Panel 453561197522 |Refurbished Replacement &#038; Repair\"}]},{\"@type\":\"WebSite\",\"@id\":\"https:\/\/ultramachineparts.com\/#website\",\"url\":\"https:\/\/ultramachineparts.com\/\",\"name\":\"ultramachine-part\",\"description\":\"\",\"publisher\":{\"@id\":\"https:\/\/ultramachineparts.com\/#organization\"},\"potentialAction\":[{\"@type\":\"SearchAction\",\"target\":{\"@type\":\"EntryPoint\",\"urlTemplate\":\"https:\/\/ultramachineparts.com\/?s={search_term_string}\"},\"query-input\":{\"@type\":\"PropertyValueSpecification\",\"valueRequired\":true,\"valueName\":\"search_term_string\"}}],\"inLanguage\":\"tr\"},{\"@type\":\"Organization\",\"@id\":\"https:\/\/ultramachineparts.com\/#organization\",\"name\":\"ultramachine-part\",\"url\":\"https:\/\/ultramachineparts.com\/\",\"logo\":{\"@type\":\"ImageObject\",\"inLanguage\":\"tr\",\"@id\":\"https:\/\/ultramachineparts.com\/#\/schema\/logo\/image\/\",\"url\":\"https:\/\/ultramachineparts.com\/wp-content\/uploads\/2026\/03\/logo-echoelite.png\",\"contentUrl\":\"https:\/\/ultramachineparts.com\/wp-content\/uploads\/2026\/03\/logo-echoelite.png\",\"width\":463,\"height\":120,\"caption\":\"ultramachine-part\"},\"image\":{\"@id\":\"https:\/\/ultramachineparts.com\/#\/schema\/logo\/image\/\"}}]}<\/script>\n<!-- \/ Yoast SEO plugin. -->","yoast_head_json":{"title":"Philips IE33 Ultrason Kontrol Paneli 453561197522 |Yenilenmi\u015f De\u011fi\u015ftirme ve Onar\u0131m","description":"Philips IE33 Kontrol Paneli 453561197522 ultrason sistemleri i\u00e7in. Yenilenmi\u015f par\u00e7alar, h\u0131zl\u0131 sevkiyat, profesyonel kurulum \u00f6nerilir ve garanti hizmeti mevcuttur.","robots":{"index":"index","follow":"follow","max-snippet":"max-snippet:-1","max-image-preview":"max-image-preview:large","max-video-preview":"max-video-preview:-1"},"canonical":"https:\/\/ultramachineparts.com\/tr\/product\/philips-453561197522\/","og_locale":"tr_TR","og_type":"article","og_title":"Philips IE33 Ultrasound Control Panel 453561197522 |Refurbished Replacement & Repair","og_description":"Philips IE33 Control Panel 453561197522 for ultrasound systems. Refurbished parts, quick shipping, professional installation recommended, and warranty service available.","og_url":"https:\/\/ultramachineparts.com\/tr\/product\/philips-453561197522\/","og_site_name":"ultramachine-part","article_modified_time":"2026-03-17T02:57:16+00:00","og_image":[{"width":800,"height":800,"url":"https:\/\/ultramachineparts.com\/wp-content\/uploads\/2027\/03\/Philips-453561197522-2.jpg","type":"image\/jpeg"}],"twitter_card":"summary_large_image","twitter_misc":{"Tahmini okuma s\u00fcresi":"1 dakika"},"schema":{"@context":"https:\/\/schema.org","@graph":[{"@type":"WebPage","@id":"https:\/\/ultramachineparts.com\/product\/philips-453561197522\/","url":"https:\/\/ultramachineparts.com\/product\/philips-453561197522\/","name":"Philips IE33 Ultrason Kontrol Paneli 453561197522 |Yenilenmi\u015f De\u011fi\u015ftirme ve Onar\u0131m","isPartOf":{"@id":"https:\/\/ultramachineparts.com\/#website"},"primaryImageOfPage":{"@id":"https:\/\/ultramachineparts.com\/product\/philips-453561197522\/#primaryimage"},"image":{"@id":"https:\/\/ultramachineparts.com\/product\/philips-453561197522\/#primaryimage"},"thumbnailUrl":"https:\/\/ultramachineparts.com\/wp-content\/uploads\/2027\/03\/Philips-453561197522-2.jpg","datePublished":"2026-03-16T19:21:29+00:00","dateModified":"2026-03-17T02:57:16+00:00","description":"Philips IE33 Kontrol Paneli 453561197522 ultrason sistemleri i\u00e7in. Yenilenmi\u015f par\u00e7alar, h\u0131zl\u0131 sevkiyat, profesyonel kurulum \u00f6nerilir ve garanti hizmeti mevcuttur.","breadcrumb":{"@id":"https:\/\/ultramachineparts.com\/product\/philips-453561197522\/#breadcrumb"},"inLanguage":"tr","potentialAction":[{"@type":"ReadAction","target":["https:\/\/ultramachineparts.com\/product\/philips-453561197522\/"]}]},{"@type":"ImageObject","inLanguage":"tr","@id":"https:\/\/ultramachineparts.com\/product\/philips-453561197522\/#primaryimage","url":"https:\/\/ultramachineparts.com\/wp-content\/uploads\/2027\/03\/Philips-453561197522-2.jpg","contentUrl":"https:\/\/ultramachineparts.com\/wp-content\/uploads\/2027\/03\/Philips-453561197522-2.jpg","width":800,"height":800,"caption":"Philips 453561197522"},{"@type":"BreadcrumbList","@id":"https:\/\/ultramachineparts.com\/product\/philips-453561197522\/#breadcrumb","itemListElement":[{"@type":"ListItem","position":1,"name":"Home","item":"https:\/\/ultramachineparts.com\/"},{"@type":"ListItem","position":2,"name":"Ultrasound Components","item":"https:\/\/ultramachineparts.com\/pcategory\/ultrasound-components\/"},{"@type":"ListItem","position":3,"name":"Philips IE33 Ultrasound Control Panel 453561197522 |Refurbished Replacement &#038; Repair"}]},{"@type":"WebSite","@id":"https:\/\/ultramachineparts.com\/#website","url":"https:\/\/ultramachineparts.com\/","name":"ultramachine-part","description":"","publisher":{"@id":"https:\/\/ultramachineparts.com\/#organization"},"potentialAction":[{"@type":"SearchAction","target":{"@type":"EntryPoint","urlTemplate":"https:\/\/ultramachineparts.com\/?s={search_term_string}"},"query-input":{"@type":"PropertyValueSpecification","valueRequired":true,"valueName":"search_term_string"}}],"inLanguage":"tr"},{"@type":"Organization","@id":"https:\/\/ultramachineparts.com\/#organization","name":"ultramachine-part","url":"https:\/\/ultramachineparts.com\/","logo":{"@type":"ImageObject","inLanguage":"tr","@id":"https:\/\/ultramachineparts.com\/#\/schema\/logo\/image\/","url":"https:\/\/ultramachineparts.com\/wp-content\/uploads\/2026\/03\/logo-echoelite.png","contentUrl":"https:\/\/ultramachineparts.com\/wp-content\/uploads\/2026\/03\/logo-echoelite.png","width":463,"height":120,"caption":"ultramachine-part"},"image":{"@id":"https:\/\/ultramachineparts.com\/#\/schema\/logo\/image\/"}}]}},"taxonomy_info":{"pcategory":[{"value":35,"label":"Ultrasound Components"}]},"featured_image_src_large":["https:\/\/ultramachineparts.com\/wp-content\/uploads\/2027\/03\/Philips-453561197522-2.jpg",800,800,false],"author_info":[],"comment_info":"","_links":{"self":[{"href":"https:\/\/ultramachineparts.com\/tr\/wp-json\/wp\/v2\/product\/3430","targetHints":{"allow":["GET"]}}],"collection":[{"href":"https:\/\/ultramachineparts.com\/tr\/wp-json\/wp\/v2\/product"}],"about":[{"href":"https:\/\/ultramachineparts.com\/tr\/wp-json\/wp\/v2\/types\/product"}],"wp:featuredmedia":[{"embeddable":true,"href":"https:\/\/ultramachineparts.com\/tr\/wp-json\/wp\/v2\/media\/3561"}],"wp:attachment":[{"href":"https:\/\/ultramachineparts.com\/tr\/wp-json\/wp\/v2\/media?parent=3430"}],"wp:term":[{"taxonomy":"pcategory","embeddable":true,"href":"https:\/\/ultramachineparts.com\/tr\/wp-json\/wp\/v2\/pcategory?post=3430"},{"taxonomy":"ptag","embeddable":true,"href":"https:\/\/ultramachineparts.com\/tr\/wp-json\/wp\/v2\/ptag?post=3430"}],"curies":[{"name":"wp","href":"https:\/\/api.w.org\/{rel}","templated":true}]}}