{"id":3431,"date":"2026-03-15T19:23:20","date_gmt":"2026-03-15T19:23:20","guid":{"rendered":"https:\/\/ultramachineparts.com\/?post_type=product&#038;p=3431"},"modified":"2026-03-16T08:46:09","modified_gmt":"2026-03-16T08:46:09","slug":"ktz301620-x-rtf20h-p10-probe-selector-board","status":"publish","type":"product","link":"https:\/\/ultramachineparts.com\/tr\/product\/ktz301620-x-rtf20h-p10-probe-selector-board\/","title":{"rendered":"GE KTZ301620-X RTF20H P10 Voluson E8 i\u00e7in Ultrason Probu Se\u00e7ici Kart\u0131 - Kullan\u0131lm\u0131\u015f Yedek, Sat\u0131\u015f, Onar\u0131m, De\u011fi\u015fim"},"content":{"rendered":"<p>Bu <strong>GE KTZ301620-X RTF20H P10 Prob Se\u00e7ici Kart\u0131<\/strong> GE Voluson E8 ultrason sisteminde kullan\u0131lmak \u00fczere tasarlanm\u0131\u015f bir yedek prob se\u00e7ici kart\u0131d\u0131r. Bu dahili kart, ba\u011fl\u0131 ultrason problar\u0131n\u0131n tan\u0131nmas\u0131n\u0131 ve de\u011fi\u015ftirilmesini y\u00f6neterek g\u00f6r\u00fcnt\u00fcleme i\u015flemleri i\u00e7in do\u011fru sinyal y\u00f6nlendirmesini ve sistem kontrol\u00fcn\u00fc destekler.<\/p>\n<p><strong>\u00dcr\u00fcn Bilgileri<\/strong><\/p>\n<ul>\n<li><strong>\u00dcr\u00fcn Ad\u0131:<\/strong> Ultrason Probu Se\u00e7ici Kart\u0131<\/li>\n<li><strong>Par\u00e7a Numaras\u0131:<\/strong> KTZ301620-X RTF20H P10<\/li>\n<li><strong>Uyumlu Sistem:<\/strong> GE Voluson E8 ultrason sistemi<\/li>\n<li><strong>Fonksiyon:<\/strong> Sistem g\u00f6r\u00fcnt\u00fcleme kontrol\u00fc i\u00e7in prob tan\u0131ma ve se\u00e7ici kart<\/li>\n<li><strong>Marka:<\/strong> GE<\/li>\n<li><strong>Durum:<\/strong> Kullan\u0131lm\u0131\u015f \/ orijinal test edilmi\u015f par\u00e7a<\/li>\n<li><strong>Garanti:<\/strong> 6-12 ay (tedarik\u00e7iye ba\u011fl\u0131)<\/li>\n<li><strong>Teslimat S\u00fcresi:<\/strong> Stokta oldu\u011funda genellikle 3-7 i\u015f g\u00fcn\u00fc i\u00e7inde<\/li>\n<li><strong>Servis:<\/strong> Kesin sat\u0131\u015f \/ De\u011fi\u015fim \/ Onar\u0131m mevcut<\/li>\n<\/ul>\n<p><strong>Servis Notlar\u0131<\/strong><\/p>\n<ul>\n<li>L\u00fctfen sipari\u015f vermeden \u00f6nce GE Voluson E8 sisteminizle uyumlulu\u011funu onaylay\u0131n.<\/li>\n<li>Kurulum, ultrason elektroni\u011fi konusunda bilgili kalifiye teknisyenler taraf\u0131ndan ger\u00e7ekle\u015ftirilmelidir.<\/li>\n<li>De\u011fi\u015fim veya garanti hizmeti i\u00e7in orijinal ar\u0131zal\u0131 kart\u0131n iade edilmesi gerekebilir.<\/li>\n<li>Hassas elektronik bile\u015fenlerin zarar g\u00f6rmesini \u00f6nlemek i\u00e7in dikkatli kullan\u0131n.<\/li>\n<li>Onar\u0131m de\u011ferlendirmesi, teknik destek veya toplu sat\u0131n alma talepleri i\u00e7in tedarik\u00e7iyle ileti\u015fime ge\u00e7in.<\/li>\n<\/ul>","protected":false},"excerpt":{"rendered":"<p>GE KTZ301620-X RTF20H P10 Prob Se\u00e7ici Kart\u0131, GE Voluson E8 ultrason sisteminde kullan\u0131lmak \u00fczere tasarlanm\u0131\u015f yedek bir prob se\u00e7ici kart\u0131d\u0131r. Bu dahili kart, ba\u011fl\u0131 ultrason problar\u0131n\u0131n tan\u0131nmas\u0131n\u0131 ve de\u011fi\u015ftirilmesini y\u00f6neterek g\u00f6r\u00fcnt\u00fcleme i\u015flemleri i\u00e7in do\u011fru sinyal y\u00f6nlendirmesini ve sistem kontrol\u00fcn\u00fc destekler. \u00dcr\u00fcn Bilgileri \u00dcr\u00fcn Ad\u0131: Ultrason Probu Se\u00e7ici Kart\u0131 Par\u00e7a ...<\/p>","protected":false},"featured_media":3545,"parent":0,"template":"","meta":{"_acf_changed":false,"_kad_blocks_custom_css":"","_kad_blocks_head_custom_js":"","_kad_blocks_body_custom_js":"","_kad_blocks_footer_custom_js":"","_kadence_starter_templates_imported_post":false,"_kad_post_transparent":"default","_kad_post_title":"","_kad_post_layout":"default","_kad_post_sidebar_id":"","_kad_post_content_style":"default","_kad_post_vertical_padding":"default","_kad_post_feature":"","_kad_post_feature_position":"","_kad_post_header":false,"_kad_post_footer":false},"pcategory":[5],"ptag":[],"class_list":["post-3431","product","type-product","status-publish","has-post-thumbnail","hentry","pcategory-ultrasound-boards-repair"],"acf":[],"yoast_head":"<!-- This site is optimized with the Yoast SEO plugin v27.1.1 - https:\/\/yoast.com\/product\/yoast-seo-wordpress\/ -->\n<title>GE KTZ301620\u2011X RTF20H P10 Ultrasound Probe Selector Board for Voluson E8 \u2013 Used Replacement, Sale, Repair, Exchange<\/title>\n<meta name=\"robots\" content=\"index, follow, max-snippet:-1, max-image-preview:large, max-video-preview:-1\" \/>\n<link rel=\"canonical\" href=\"https:\/\/ultramachineparts.com\/tr\/product\/ktz301620-x-rtf20h-p10-probe-selector-board\/\" \/>\n<meta property=\"og:locale\" content=\"tr_TR\" \/>\n<meta property=\"og:type\" content=\"article\" \/>\n<meta property=\"og:title\" content=\"GE KTZ301620\u2011X RTF20H P10 Ultrasound Probe Selector Board for Voluson E8 \u2013 Used Replacement, Sale, Repair, Exchange\" \/>\n<meta property=\"og:description\" content=\"The GE KTZ301620\u2011X RTF20H P10 Probe Selector Board is a replacement probe selector board designed for use in the GE Voluson E8 ultrasound system. This internal board manages the recognition and switching of connected ultrasound probes, supporting accurate signal routing and system control for imaging operations. Product Information Product Name: Ultrasound Probe Selector Board Part...\" \/>\n<meta property=\"og:url\" content=\"https:\/\/ultramachineparts.com\/tr\/product\/ktz301620-x-rtf20h-p10-probe-selector-board\/\" \/>\n<meta property=\"og:site_name\" content=\"ultramachine-part\" \/>\n<meta property=\"article:modified_time\" content=\"2026-03-16T08:46:09+00:00\" \/>\n<meta property=\"og:image\" content=\"https:\/\/ultramachineparts.com\/wp-content\/uploads\/2026\/03\/RTF20H-P10-Board-1.jpg\" \/>\n\t<meta property=\"og:image:width\" content=\"800\" \/>\n\t<meta property=\"og:image:height\" content=\"694\" \/>\n\t<meta property=\"og:image:type\" content=\"image\/jpeg\" \/>\n<meta name=\"twitter:card\" content=\"summary_large_image\" \/>\n<meta name=\"twitter:label1\" content=\"Tahmini okuma s\u00fcresi\" \/>\n\t<meta name=\"twitter:data1\" content=\"1 dakika\" \/>\n<script type=\"application\/ld+json\" class=\"yoast-schema-graph\">{\"@context\":\"https:\/\/schema.org\",\"@graph\":[{\"@type\":\"WebPage\",\"@id\":\"https:\/\/ultramachineparts.com\/product\/ktz301620-x-rtf20h-p10-probe-selector-board\/\",\"url\":\"https:\/\/ultramachineparts.com\/product\/ktz301620-x-rtf20h-p10-probe-selector-board\/\",\"name\":\"GE KTZ301620\u2011X RTF20H P10 Ultrasound Probe Selector Board for Voluson E8 \u2013 Used Replacement, Sale, Repair, Exchange\",\"isPartOf\":{\"@id\":\"https:\/\/ultramachineparts.com\/#website\"},\"primaryImageOfPage\":{\"@id\":\"https:\/\/ultramachineparts.com\/product\/ktz301620-x-rtf20h-p10-probe-selector-board\/#primaryimage\"},\"image\":{\"@id\":\"https:\/\/ultramachineparts.com\/product\/ktz301620-x-rtf20h-p10-probe-selector-board\/#primaryimage\"},\"thumbnailUrl\":\"https:\/\/ultramachineparts.com\/wp-content\/uploads\/2026\/03\/RTF20H-P10-Board-1.jpg\",\"datePublished\":\"2026-03-15T19:23:20+00:00\",\"dateModified\":\"2026-03-16T08:46:09+00:00\",\"breadcrumb\":{\"@id\":\"https:\/\/ultramachineparts.com\/product\/ktz301620-x-rtf20h-p10-probe-selector-board\/#breadcrumb\"},\"inLanguage\":\"tr\",\"potentialAction\":[{\"@type\":\"ReadAction\",\"target\":[\"https:\/\/ultramachineparts.com\/product\/ktz301620-x-rtf20h-p10-probe-selector-board\/\"]}]},{\"@type\":\"ImageObject\",\"inLanguage\":\"tr\",\"@id\":\"https:\/\/ultramachineparts.com\/product\/ktz301620-x-rtf20h-p10-probe-selector-board\/#primaryimage\",\"url\":\"https:\/\/ultramachineparts.com\/wp-content\/uploads\/2026\/03\/RTF20H-P10-Board-1.jpg\",\"contentUrl\":\"https:\/\/ultramachineparts.com\/wp-content\/uploads\/2026\/03\/RTF20H-P10-Board-1.jpg\",\"width\":800,\"height\":694,\"caption\":\"RTF20H P10 Board\"},{\"@type\":\"BreadcrumbList\",\"@id\":\"https:\/\/ultramachineparts.com\/product\/ktz301620-x-rtf20h-p10-probe-selector-board\/#breadcrumb\",\"itemListElement\":[{\"@type\":\"ListItem\",\"position\":1,\"name\":\"Home\",\"item\":\"https:\/\/ultramachineparts.com\/\"},{\"@type\":\"ListItem\",\"position\":2,\"name\":\"Ultrasound Boards Repair\",\"item\":\"https:\/\/ultramachineparts.com\/pcategory\/ultrasound-boards-repair\/\"},{\"@type\":\"ListItem\",\"position\":3,\"name\":\"GE KTZ301620\u2011X RTF20H P10 Ultrasound Probe Selector Board for Voluson E8 \u2013 Used Replacement, Sale, Repair, Exchange\"}]},{\"@type\":\"WebSite\",\"@id\":\"https:\/\/ultramachineparts.com\/#website\",\"url\":\"https:\/\/ultramachineparts.com\/\",\"name\":\"ultramachine-part\",\"description\":\"\",\"publisher\":{\"@id\":\"https:\/\/ultramachineparts.com\/#organization\"},\"potentialAction\":[{\"@type\":\"SearchAction\",\"target\":{\"@type\":\"EntryPoint\",\"urlTemplate\":\"https:\/\/ultramachineparts.com\/?s={search_term_string}\"},\"query-input\":{\"@type\":\"PropertyValueSpecification\",\"valueRequired\":true,\"valueName\":\"search_term_string\"}}],\"inLanguage\":\"tr\"},{\"@type\":\"Organization\",\"@id\":\"https:\/\/ultramachineparts.com\/#organization\",\"name\":\"ultramachine-part\",\"url\":\"https:\/\/ultramachineparts.com\/\",\"logo\":{\"@type\":\"ImageObject\",\"inLanguage\":\"tr\",\"@id\":\"https:\/\/ultramachineparts.com\/#\/schema\/logo\/image\/\",\"url\":\"https:\/\/ultramachineparts.com\/wp-content\/uploads\/2026\/03\/logo-echoelite.png\",\"contentUrl\":\"https:\/\/ultramachineparts.com\/wp-content\/uploads\/2026\/03\/logo-echoelite.png\",\"width\":463,\"height\":120,\"caption\":\"ultramachine-part\"},\"image\":{\"@id\":\"https:\/\/ultramachineparts.com\/#\/schema\/logo\/image\/\"}}]}<\/script>\n<!-- \/ Yoast SEO plugin. -->","yoast_head_json":{"title":"GE KTZ301620-X RTF20H P10 Voluson E8 i\u00e7in Ultrason Probu Se\u00e7ici Kart\u0131 - Kullan\u0131lm\u0131\u015f Yedek, Sat\u0131\u015f, Onar\u0131m, De\u011fi\u015fim","robots":{"index":"index","follow":"follow","max-snippet":"max-snippet:-1","max-image-preview":"max-image-preview:large","max-video-preview":"max-video-preview:-1"},"canonical":"https:\/\/ultramachineparts.com\/tr\/product\/ktz301620-x-rtf20h-p10-probe-selector-board\/","og_locale":"tr_TR","og_type":"article","og_title":"GE KTZ301620\u2011X RTF20H P10 Ultrasound Probe Selector Board for Voluson E8 \u2013 Used Replacement, Sale, Repair, Exchange","og_description":"The GE KTZ301620\u2011X RTF20H P10 Probe Selector Board is a replacement probe selector board designed for use in the GE Voluson E8 ultrasound system. This internal board manages the recognition and switching of connected ultrasound probes, supporting accurate signal routing and system control for imaging operations. Product Information Product Name: Ultrasound Probe Selector Board Part...","og_url":"https:\/\/ultramachineparts.com\/tr\/product\/ktz301620-x-rtf20h-p10-probe-selector-board\/","og_site_name":"ultramachine-part","article_modified_time":"2026-03-16T08:46:09+00:00","og_image":[{"width":800,"height":694,"url":"https:\/\/ultramachineparts.com\/wp-content\/uploads\/2026\/03\/RTF20H-P10-Board-1.jpg","type":"image\/jpeg"}],"twitter_card":"summary_large_image","twitter_misc":{"Tahmini okuma s\u00fcresi":"1 dakika"},"schema":{"@context":"https:\/\/schema.org","@graph":[{"@type":"WebPage","@id":"https:\/\/ultramachineparts.com\/product\/ktz301620-x-rtf20h-p10-probe-selector-board\/","url":"https:\/\/ultramachineparts.com\/product\/ktz301620-x-rtf20h-p10-probe-selector-board\/","name":"GE KTZ301620-X RTF20H P10 Voluson E8 i\u00e7in Ultrason Probu Se\u00e7ici Kart\u0131 - Kullan\u0131lm\u0131\u015f Yedek, Sat\u0131\u015f, Onar\u0131m, De\u011fi\u015fim","isPartOf":{"@id":"https:\/\/ultramachineparts.com\/#website"},"primaryImageOfPage":{"@id":"https:\/\/ultramachineparts.com\/product\/ktz301620-x-rtf20h-p10-probe-selector-board\/#primaryimage"},"image":{"@id":"https:\/\/ultramachineparts.com\/product\/ktz301620-x-rtf20h-p10-probe-selector-board\/#primaryimage"},"thumbnailUrl":"https:\/\/ultramachineparts.com\/wp-content\/uploads\/2026\/03\/RTF20H-P10-Board-1.jpg","datePublished":"2026-03-15T19:23:20+00:00","dateModified":"2026-03-16T08:46:09+00:00","breadcrumb":{"@id":"https:\/\/ultramachineparts.com\/product\/ktz301620-x-rtf20h-p10-probe-selector-board\/#breadcrumb"},"inLanguage":"tr","potentialAction":[{"@type":"ReadAction","target":["https:\/\/ultramachineparts.com\/product\/ktz301620-x-rtf20h-p10-probe-selector-board\/"]}]},{"@type":"ImageObject","inLanguage":"tr","@id":"https:\/\/ultramachineparts.com\/product\/ktz301620-x-rtf20h-p10-probe-selector-board\/#primaryimage","url":"https:\/\/ultramachineparts.com\/wp-content\/uploads\/2026\/03\/RTF20H-P10-Board-1.jpg","contentUrl":"https:\/\/ultramachineparts.com\/wp-content\/uploads\/2026\/03\/RTF20H-P10-Board-1.jpg","width":800,"height":694,"caption":"RTF20H P10 Board"},{"@type":"BreadcrumbList","@id":"https:\/\/ultramachineparts.com\/product\/ktz301620-x-rtf20h-p10-probe-selector-board\/#breadcrumb","itemListElement":[{"@type":"ListItem","position":1,"name":"Home","item":"https:\/\/ultramachineparts.com\/"},{"@type":"ListItem","position":2,"name":"Ultrasound Boards Repair","item":"https:\/\/ultramachineparts.com\/pcategory\/ultrasound-boards-repair\/"},{"@type":"ListItem","position":3,"name":"GE KTZ301620\u2011X RTF20H P10 Ultrasound Probe Selector Board for Voluson E8 \u2013 Used Replacement, Sale, Repair, Exchange"}]},{"@type":"WebSite","@id":"https:\/\/ultramachineparts.com\/#website","url":"https:\/\/ultramachineparts.com\/","name":"ultramachine-part","description":"","publisher":{"@id":"https:\/\/ultramachineparts.com\/#organization"},"potentialAction":[{"@type":"SearchAction","target":{"@type":"EntryPoint","urlTemplate":"https:\/\/ultramachineparts.com\/?s={search_term_string}"},"query-input":{"@type":"PropertyValueSpecification","valueRequired":true,"valueName":"search_term_string"}}],"inLanguage":"tr"},{"@type":"Organization","@id":"https:\/\/ultramachineparts.com\/#organization","name":"ultramachine-part","url":"https:\/\/ultramachineparts.com\/","logo":{"@type":"ImageObject","inLanguage":"tr","@id":"https:\/\/ultramachineparts.com\/#\/schema\/logo\/image\/","url":"https:\/\/ultramachineparts.com\/wp-content\/uploads\/2026\/03\/logo-echoelite.png","contentUrl":"https:\/\/ultramachineparts.com\/wp-content\/uploads\/2026\/03\/logo-echoelite.png","width":463,"height":120,"caption":"ultramachine-part"},"image":{"@id":"https:\/\/ultramachineparts.com\/#\/schema\/logo\/image\/"}}]}},"taxonomy_info":{"pcategory":[{"value":5,"label":"Ultrasound Boards Repair"}]},"featured_image_src_large":["https:\/\/ultramachineparts.com\/wp-content\/uploads\/2026\/03\/RTF20H-P10-Board-1.jpg",800,694,false],"author_info":[],"comment_info":"","_links":{"self":[{"href":"https:\/\/ultramachineparts.com\/tr\/wp-json\/wp\/v2\/product\/3431","targetHints":{"allow":["GET"]}}],"collection":[{"href":"https:\/\/ultramachineparts.com\/tr\/wp-json\/wp\/v2\/product"}],"about":[{"href":"https:\/\/ultramachineparts.com\/tr\/wp-json\/wp\/v2\/types\/product"}],"wp:featuredmedia":[{"embeddable":true,"href":"https:\/\/ultramachineparts.com\/tr\/wp-json\/wp\/v2\/media\/3545"}],"wp:attachment":[{"href":"https:\/\/ultramachineparts.com\/tr\/wp-json\/wp\/v2\/media?parent=3431"}],"wp:term":[{"taxonomy":"pcategory","embeddable":true,"href":"https:\/\/ultramachineparts.com\/tr\/wp-json\/wp\/v2\/pcategory?post=3431"},{"taxonomy":"ptag","embeddable":true,"href":"https:\/\/ultramachineparts.com\/tr\/wp-json\/wp\/v2\/ptag?post=3431"}],"curies":[{"name":"wp","href":"https:\/\/api.w.org\/{rel}","templated":true}]}}