{"id":3432,"date":"2026-03-15T12:25:18","date_gmt":"2026-03-15T12:25:18","guid":{"rendered":"https:\/\/ultramachineparts.com\/?post_type=product&#038;p=3432"},"modified":"2026-03-16T08:16:44","modified_gmt":"2026-03-16T08:16:44","slug":"siemens-acuson-s2000-ultrasound-module-10430054","status":"publish","type":"product","link":"https:\/\/ultramachineparts.com\/tr\/product\/siemens-acuson-s2000-ultrasound-module-10430054\/","title":{"rendered":"Siemens Acuson S2000 Ultrason Fizyolojik \u0130\u015fleme Mod\u00fcl\u00fc 10430054 - Onar\u0131m, De\u011fi\u015fim veya Kesin Sat\u0131\u015f"},"content":{"rendered":"<p>Bu <strong>Siemens Acuson S2000 Fizyo Mod\u00fcl\u00fc 10430054<\/strong> Siemens Acuson S2000 ultrason sistemi i\u00e7in yedek bir fizyolojik sinyal i\u015fleme mod\u00fcl\u00fcd\u00fcr. Ultrason muayeneleri s\u0131ras\u0131nda EKG gibi fizyolojik sinyallerin al\u0131nmas\u0131n\u0131 ve i\u015flenmesini destekler ve geli\u015fmi\u015f tan\u0131sal i\u015f ak\u0131\u015f\u0131 i\u00e7in hasta verilerinin g\u00f6r\u00fcnt\u00fcleme sonu\u00e7lar\u0131yla entegre edilmesine yard\u0131mc\u0131 olur.<\/p>\n<p><img loading=\"lazy\" decoding=\"async\" class=\"alignnone size-full wp-image-3538\" src=\"https:\/\/ultramachineparts.com\/wp-content\/uploads\/2027\/03\/Siemens-Acuson-S2000-Module-10430054-2-1.jpg\" alt=\"Siemens Acuson S2000 Mod\u00fcl\u00fc 10430054\" width=\"800\" height=\"800\" srcset=\"https:\/\/ultramachineparts.com\/wp-content\/uploads\/2027\/03\/Siemens-Acuson-S2000-Module-10430054-2-1.jpg 800w, https:\/\/ultramachineparts.com\/wp-content\/uploads\/2027\/03\/Siemens-Acuson-S2000-Module-10430054-2-1-300x300.jpg 300w, https:\/\/ultramachineparts.com\/wp-content\/uploads\/2027\/03\/Siemens-Acuson-S2000-Module-10430054-2-1-150x150.jpg 150w, https:\/\/ultramachineparts.com\/wp-content\/uploads\/2027\/03\/Siemens-Acuson-S2000-Module-10430054-2-1-768x768.jpg 768w, https:\/\/ultramachineparts.com\/wp-content\/uploads\/2027\/03\/Siemens-Acuson-S2000-Module-10430054-2-1-12x12.jpg 12w\" sizes=\"auto, (max-width: 800px) 100vw, 800px\" \/><\/p>\n<p><strong>\u00dcr\u00fcn Bilgileri<\/strong><\/p>\n<ul>\n<li><strong>\u00dcr\u00fcn Ad\u0131:<\/strong> Ultrason Fizyo Mod\u00fcl\u00fc<\/li>\n<li><strong>Par\u00e7a Numaras\u0131:<\/strong> 10430054<\/li>\n<li><strong>Uyumlu Sistem:<\/strong> Siemens Acuson S2000 ultrason sistemi<\/li>\n<li><strong>Fonksiyon:<\/strong> Fizyolojik sinyal aray\u00fcz\u00fc ve i\u015fleme mod\u00fcl\u00fc<\/li>\n<li><strong>Marka:<\/strong> Siemens<\/li>\n<li><strong>Durum:<\/strong> Kullan\u0131lm\u0131\u015f veya orijinal yedek par\u00e7a<\/li>\n<li><strong>Garanti:<\/strong> 3 ay<\/li>\n<li><strong>Teslimat S\u00fcresi:<\/strong> Stokta oldu\u011funda genellikle 3-7 i\u015f g\u00fcn\u00fc<\/li>\n<li><strong>Servis:<\/strong> Kesin sat\u0131\u015f \/ De\u011fi\u015fim \/ Onar\u0131m mevcut<\/li>\n<\/ul>\n<p><strong>Servis Notlar\u0131<\/strong><\/p>\n<ul>\n<li>L\u00fctfen sipari\u015f vermeden \u00f6nce Siemens Acuson S2000 sisteminizle uyumlulu\u011funu onaylay\u0131n.<\/li>\n<li>Kurulum, ultrason sistemi elektroni\u011fini bilen kalifiye servis teknisyenleri taraf\u0131ndan ger\u00e7ekle\u015ftirilmelidir.<\/li>\n<li>De\u011fi\u015fim veya garanti hizmeti i\u00e7in orijinal ar\u0131zal\u0131 \u00fcnitenin iade edilmesi gerekebilir.<\/li>\n<li>Hassas elektronik bile\u015fenlerin zarar g\u00f6rmesini \u00f6nlemek i\u00e7in dikkatli kullan\u0131n.<\/li>\n<li>Onar\u0131m de\u011ferlendirmesi, teknik destek veya toplu sat\u0131n alma talepleri i\u00e7in tedarik\u00e7iyle ileti\u015fime ge\u00e7in.<\/li>\n<\/ul>","protected":false},"excerpt":{"rendered":"<p>Yenilenmi\u015f Siemens Acuson S2000 Physio Module 10430054 - EKG ve fizyolojik sinyal i\u015flemeyi destekleyen ultrason sistemleri i\u00e7in yedek. Sat\u0131\u015f, onar\u0131m veya garanti ile de\u011fi\u015fim i\u00e7in kullan\u0131labilir.<\/p>","protected":false},"featured_media":3534,"parent":0,"template":"","meta":{"_acf_changed":false,"_kad_blocks_custom_css":"","_kad_blocks_head_custom_js":"","_kad_blocks_body_custom_js":"","_kad_blocks_footer_custom_js":"","_kadence_starter_templates_imported_post":false,"_kad_post_transparent":"default","_kad_post_title":"","_kad_post_layout":"default","_kad_post_sidebar_id":"","_kad_post_content_style":"default","_kad_post_vertical_padding":"default","_kad_post_feature":"","_kad_post_feature_position":"","_kad_post_header":false,"_kad_post_footer":false},"pcategory":[35],"ptag":[],"class_list":["post-3432","product","type-product","status-publish","has-post-thumbnail","hentry","pcategory-ultrasound-components"],"acf":[],"yoast_head":"<!-- This site is optimized with the Yoast SEO plugin v27.1.1 - https:\/\/yoast.com\/product\/yoast-seo-wordpress\/ -->\n<title>Siemens Acuson S2000 Ultrasound Physiologic Processing Module 10430054 \u2013 Repair, Exchange, or Outright Sale<\/title>\n<meta name=\"description\" content=\"Refurbished Siemens Acuson S2000 Physio Module 10430054 \u2013 replacement for ultrasound systems supporting ECG and physiologic signal processing. Available for sale, repair, or exchange with warranty.\" \/>\n<meta name=\"robots\" content=\"index, follow, max-snippet:-1, max-image-preview:large, max-video-preview:-1\" \/>\n<link rel=\"canonical\" href=\"https:\/\/ultramachineparts.com\/tr\/product\/siemens-acuson-s2000-ultrasound-module-10430054\/\" \/>\n<meta property=\"og:locale\" content=\"tr_TR\" \/>\n<meta property=\"og:type\" content=\"article\" \/>\n<meta property=\"og:title\" content=\"Siemens Acuson S2000 Ultrasound Physiologic Processing Module 10430054 \u2013 Repair, Exchange, or Outright Sale\" \/>\n<meta property=\"og:description\" content=\"Refurbished Siemens Acuson S2000 Physio Module 10430054 \u2013 replacement for ultrasound systems supporting ECG and physiologic signal processing. Available for sale, repair, or exchange with warranty.\" \/>\n<meta property=\"og:url\" content=\"https:\/\/ultramachineparts.com\/tr\/product\/siemens-acuson-s2000-ultrasound-module-10430054\/\" \/>\n<meta property=\"og:site_name\" content=\"ultramachine-part\" \/>\n<meta property=\"article:modified_time\" content=\"2026-03-16T08:16:44+00:00\" \/>\n<meta property=\"og:image\" content=\"https:\/\/ultramachineparts.com\/wp-content\/uploads\/2027\/03\/Siemens-Acuson-S2000-Module-10430054-1.jpg\" \/>\n\t<meta property=\"og:image:width\" content=\"800\" \/>\n\t<meta property=\"og:image:height\" content=\"800\" \/>\n\t<meta property=\"og:image:type\" content=\"image\/jpeg\" \/>\n<meta name=\"twitter:card\" content=\"summary_large_image\" \/>\n<meta name=\"twitter:label1\" content=\"Tahmini okuma s\u00fcresi\" \/>\n\t<meta name=\"twitter:data1\" content=\"2 dakika\" \/>\n<script type=\"application\/ld+json\" class=\"yoast-schema-graph\">{\"@context\":\"https:\/\/schema.org\",\"@graph\":[{\"@type\":\"WebPage\",\"@id\":\"https:\/\/ultramachineparts.com\/product\/siemens-acuson-s2000-ultrasound-module-10430054\/\",\"url\":\"https:\/\/ultramachineparts.com\/product\/siemens-acuson-s2000-ultrasound-module-10430054\/\",\"name\":\"Siemens Acuson S2000 Ultrasound Physiologic Processing Module 10430054 \u2013 Repair, Exchange, or Outright Sale\",\"isPartOf\":{\"@id\":\"https:\/\/ultramachineparts.com\/#website\"},\"primaryImageOfPage\":{\"@id\":\"https:\/\/ultramachineparts.com\/product\/siemens-acuson-s2000-ultrasound-module-10430054\/#primaryimage\"},\"image\":{\"@id\":\"https:\/\/ultramachineparts.com\/product\/siemens-acuson-s2000-ultrasound-module-10430054\/#primaryimage\"},\"thumbnailUrl\":\"https:\/\/ultramachineparts.com\/wp-content\/uploads\/2027\/03\/Siemens-Acuson-S2000-Module-10430054-1.jpg\",\"datePublished\":\"2026-03-15T12:25:18+00:00\",\"dateModified\":\"2026-03-16T08:16:44+00:00\",\"description\":\"Refurbished Siemens Acuson S2000 Physio Module 10430054 \u2013 replacement for ultrasound systems supporting ECG and physiologic signal processing. Available for sale, repair, or exchange with warranty.\",\"breadcrumb\":{\"@id\":\"https:\/\/ultramachineparts.com\/product\/siemens-acuson-s2000-ultrasound-module-10430054\/#breadcrumb\"},\"inLanguage\":\"tr\",\"potentialAction\":[{\"@type\":\"ReadAction\",\"target\":[\"https:\/\/ultramachineparts.com\/product\/siemens-acuson-s2000-ultrasound-module-10430054\/\"]}]},{\"@type\":\"ImageObject\",\"inLanguage\":\"tr\",\"@id\":\"https:\/\/ultramachineparts.com\/product\/siemens-acuson-s2000-ultrasound-module-10430054\/#primaryimage\",\"url\":\"https:\/\/ultramachineparts.com\/wp-content\/uploads\/2027\/03\/Siemens-Acuson-S2000-Module-10430054-1.jpg\",\"contentUrl\":\"https:\/\/ultramachineparts.com\/wp-content\/uploads\/2027\/03\/Siemens-Acuson-S2000-Module-10430054-1.jpg\",\"width\":800,\"height\":800,\"caption\":\"Siemens Acuson S2000 Module 10430054\"},{\"@type\":\"BreadcrumbList\",\"@id\":\"https:\/\/ultramachineparts.com\/product\/siemens-acuson-s2000-ultrasound-module-10430054\/#breadcrumb\",\"itemListElement\":[{\"@type\":\"ListItem\",\"position\":1,\"name\":\"Home\",\"item\":\"https:\/\/ultramachineparts.com\/\"},{\"@type\":\"ListItem\",\"position\":2,\"name\":\"Ultrasound Components\",\"item\":\"https:\/\/ultramachineparts.com\/pcategory\/ultrasound-components\/\"},{\"@type\":\"ListItem\",\"position\":3,\"name\":\"Siemens Acuson S2000 Ultrasound Physiologic Processing Module 10430054 \u2013 Repair, Exchange, or Outright Sale\"}]},{\"@type\":\"WebSite\",\"@id\":\"https:\/\/ultramachineparts.com\/#website\",\"url\":\"https:\/\/ultramachineparts.com\/\",\"name\":\"ultramachine-part\",\"description\":\"\",\"publisher\":{\"@id\":\"https:\/\/ultramachineparts.com\/#organization\"},\"potentialAction\":[{\"@type\":\"SearchAction\",\"target\":{\"@type\":\"EntryPoint\",\"urlTemplate\":\"https:\/\/ultramachineparts.com\/?s={search_term_string}\"},\"query-input\":{\"@type\":\"PropertyValueSpecification\",\"valueRequired\":true,\"valueName\":\"search_term_string\"}}],\"inLanguage\":\"tr\"},{\"@type\":\"Organization\",\"@id\":\"https:\/\/ultramachineparts.com\/#organization\",\"name\":\"ultramachine-part\",\"url\":\"https:\/\/ultramachineparts.com\/\",\"logo\":{\"@type\":\"ImageObject\",\"inLanguage\":\"tr\",\"@id\":\"https:\/\/ultramachineparts.com\/#\/schema\/logo\/image\/\",\"url\":\"https:\/\/ultramachineparts.com\/wp-content\/uploads\/2026\/03\/logo-echoelite.png\",\"contentUrl\":\"https:\/\/ultramachineparts.com\/wp-content\/uploads\/2026\/03\/logo-echoelite.png\",\"width\":463,\"height\":120,\"caption\":\"ultramachine-part\"},\"image\":{\"@id\":\"https:\/\/ultramachineparts.com\/#\/schema\/logo\/image\/\"}}]}<\/script>\n<!-- \/ Yoast SEO plugin. -->","yoast_head_json":{"title":"Siemens Acuson S2000 Ultrason Fizyolojik \u0130\u015fleme Mod\u00fcl\u00fc 10430054 - Onar\u0131m, De\u011fi\u015fim veya Kesin Sat\u0131\u015f","description":"Yenilenmi\u015f Siemens Acuson S2000 Physio Module 10430054 - EKG ve fizyolojik sinyal i\u015flemeyi destekleyen ultrason sistemleri i\u00e7in yedek. Sat\u0131\u015f, onar\u0131m veya garanti ile de\u011fi\u015fim i\u00e7in kullan\u0131labilir.","robots":{"index":"index","follow":"follow","max-snippet":"max-snippet:-1","max-image-preview":"max-image-preview:large","max-video-preview":"max-video-preview:-1"},"canonical":"https:\/\/ultramachineparts.com\/tr\/product\/siemens-acuson-s2000-ultrasound-module-10430054\/","og_locale":"tr_TR","og_type":"article","og_title":"Siemens Acuson S2000 Ultrasound Physiologic Processing Module 10430054 \u2013 Repair, Exchange, or Outright Sale","og_description":"Refurbished Siemens Acuson S2000 Physio Module 10430054 \u2013 replacement for ultrasound systems supporting ECG and physiologic signal processing. Available for sale, repair, or exchange with warranty.","og_url":"https:\/\/ultramachineparts.com\/tr\/product\/siemens-acuson-s2000-ultrasound-module-10430054\/","og_site_name":"ultramachine-part","article_modified_time":"2026-03-16T08:16:44+00:00","og_image":[{"width":800,"height":800,"url":"https:\/\/ultramachineparts.com\/wp-content\/uploads\/2027\/03\/Siemens-Acuson-S2000-Module-10430054-1.jpg","type":"image\/jpeg"}],"twitter_card":"summary_large_image","twitter_misc":{"Tahmini okuma s\u00fcresi":"2 dakika"},"schema":{"@context":"https:\/\/schema.org","@graph":[{"@type":"WebPage","@id":"https:\/\/ultramachineparts.com\/product\/siemens-acuson-s2000-ultrasound-module-10430054\/","url":"https:\/\/ultramachineparts.com\/product\/siemens-acuson-s2000-ultrasound-module-10430054\/","name":"Siemens Acuson S2000 Ultrason Fizyolojik \u0130\u015fleme Mod\u00fcl\u00fc 10430054 - Onar\u0131m, De\u011fi\u015fim veya Kesin Sat\u0131\u015f","isPartOf":{"@id":"https:\/\/ultramachineparts.com\/#website"},"primaryImageOfPage":{"@id":"https:\/\/ultramachineparts.com\/product\/siemens-acuson-s2000-ultrasound-module-10430054\/#primaryimage"},"image":{"@id":"https:\/\/ultramachineparts.com\/product\/siemens-acuson-s2000-ultrasound-module-10430054\/#primaryimage"},"thumbnailUrl":"https:\/\/ultramachineparts.com\/wp-content\/uploads\/2027\/03\/Siemens-Acuson-S2000-Module-10430054-1.jpg","datePublished":"2026-03-15T12:25:18+00:00","dateModified":"2026-03-16T08:16:44+00:00","description":"Yenilenmi\u015f Siemens Acuson S2000 Physio Module 10430054 - EKG ve fizyolojik sinyal i\u015flemeyi destekleyen ultrason sistemleri i\u00e7in yedek. Sat\u0131\u015f, onar\u0131m veya garanti ile de\u011fi\u015fim i\u00e7in kullan\u0131labilir.","breadcrumb":{"@id":"https:\/\/ultramachineparts.com\/product\/siemens-acuson-s2000-ultrasound-module-10430054\/#breadcrumb"},"inLanguage":"tr","potentialAction":[{"@type":"ReadAction","target":["https:\/\/ultramachineparts.com\/product\/siemens-acuson-s2000-ultrasound-module-10430054\/"]}]},{"@type":"ImageObject","inLanguage":"tr","@id":"https:\/\/ultramachineparts.com\/product\/siemens-acuson-s2000-ultrasound-module-10430054\/#primaryimage","url":"https:\/\/ultramachineparts.com\/wp-content\/uploads\/2027\/03\/Siemens-Acuson-S2000-Module-10430054-1.jpg","contentUrl":"https:\/\/ultramachineparts.com\/wp-content\/uploads\/2027\/03\/Siemens-Acuson-S2000-Module-10430054-1.jpg","width":800,"height":800,"caption":"Siemens Acuson S2000 Module 10430054"},{"@type":"BreadcrumbList","@id":"https:\/\/ultramachineparts.com\/product\/siemens-acuson-s2000-ultrasound-module-10430054\/#breadcrumb","itemListElement":[{"@type":"ListItem","position":1,"name":"Home","item":"https:\/\/ultramachineparts.com\/"},{"@type":"ListItem","position":2,"name":"Ultrasound Components","item":"https:\/\/ultramachineparts.com\/pcategory\/ultrasound-components\/"},{"@type":"ListItem","position":3,"name":"Siemens Acuson S2000 Ultrasound Physiologic Processing Module 10430054 \u2013 Repair, Exchange, or Outright Sale"}]},{"@type":"WebSite","@id":"https:\/\/ultramachineparts.com\/#website","url":"https:\/\/ultramachineparts.com\/","name":"ultramachine-part","description":"","publisher":{"@id":"https:\/\/ultramachineparts.com\/#organization"},"potentialAction":[{"@type":"SearchAction","target":{"@type":"EntryPoint","urlTemplate":"https:\/\/ultramachineparts.com\/?s={search_term_string}"},"query-input":{"@type":"PropertyValueSpecification","valueRequired":true,"valueName":"search_term_string"}}],"inLanguage":"tr"},{"@type":"Organization","@id":"https:\/\/ultramachineparts.com\/#organization","name":"ultramachine-part","url":"https:\/\/ultramachineparts.com\/","logo":{"@type":"ImageObject","inLanguage":"tr","@id":"https:\/\/ultramachineparts.com\/#\/schema\/logo\/image\/","url":"https:\/\/ultramachineparts.com\/wp-content\/uploads\/2026\/03\/logo-echoelite.png","contentUrl":"https:\/\/ultramachineparts.com\/wp-content\/uploads\/2026\/03\/logo-echoelite.png","width":463,"height":120,"caption":"ultramachine-part"},"image":{"@id":"https:\/\/ultramachineparts.com\/#\/schema\/logo\/image\/"}}]}},"taxonomy_info":{"pcategory":[{"value":35,"label":"Ultrasound Components"}]},"featured_image_src_large":["https:\/\/ultramachineparts.com\/wp-content\/uploads\/2027\/03\/Siemens-Acuson-S2000-Module-10430054-1.jpg",800,800,false],"author_info":[],"comment_info":"","_links":{"self":[{"href":"https:\/\/ultramachineparts.com\/tr\/wp-json\/wp\/v2\/product\/3432","targetHints":{"allow":["GET"]}}],"collection":[{"href":"https:\/\/ultramachineparts.com\/tr\/wp-json\/wp\/v2\/product"}],"about":[{"href":"https:\/\/ultramachineparts.com\/tr\/wp-json\/wp\/v2\/types\/product"}],"wp:featuredmedia":[{"embeddable":true,"href":"https:\/\/ultramachineparts.com\/tr\/wp-json\/wp\/v2\/media\/3534"}],"wp:attachment":[{"href":"https:\/\/ultramachineparts.com\/tr\/wp-json\/wp\/v2\/media?parent=3432"}],"wp:term":[{"taxonomy":"pcategory","embeddable":true,"href":"https:\/\/ultramachineparts.com\/tr\/wp-json\/wp\/v2\/pcategory?post=3432"},{"taxonomy":"ptag","embeddable":true,"href":"https:\/\/ultramachineparts.com\/tr\/wp-json\/wp\/v2\/ptag?post=3432"}],"curies":[{"name":"wp","href":"https:\/\/api.w.org\/{rel}","templated":true}]}}