{"id":3433,"date":"2026-03-15T12:27:07","date_gmt":"2026-03-15T12:27:07","guid":{"rendered":"https:\/\/ultramachineparts.com\/?post_type=product&#038;p=3433"},"modified":"2026-03-16T08:16:40","modified_gmt":"2026-03-16T08:16:40","slug":"2382377-2-rev5","status":"publish","type":"product","link":"https:\/\/ultramachineparts.com\/tr\/product\/2382377-2-rev5\/","title":{"rendered":"GE Logiq Book XP DC-DC PWA G\u00fc\u00e7 Kayna\u011f\u0131 Mod\u00fcl\u00fc Tertibat\u0131 P\/N 2382377-2 Rev5"},"content":{"rendered":"<p>Bu <strong>GE Logiq Book XP DC-DC PWA Assy P\/N 2382377-2 Rev5<\/strong> GE Logiq Book ve Logiq Book XP ultrason sistemleri ile kullan\u0131lmak \u00fczere tasarlanm\u0131\u015f bir DC'den DC'ye g\u00fc\u00e7 d\u00f6n\u00fc\u015ft\u00fcrme bask\u0131l\u0131 kablo tertibat\u0131d\u0131r. Bu mod\u00fcl, \u00e7e\u015fitli sistem bile\u015fenlerine istikrarl\u0131 g\u00fc\u00e7 da\u011f\u0131t\u0131m\u0131 sa\u011flamak i\u00e7in dahili DC voltajlar\u0131n\u0131 d\u00fczenler ve d\u00f6n\u00fc\u015ft\u00fcr\u00fcr, klinik g\u00f6r\u00fcnt\u00fcleme i\u015flemleri boyunca g\u00fcvenilir performans\u0131 destekler.<\/p>\n<p><strong>\u00dcr\u00fcn Bilgileri<\/strong><\/p>\n<ul>\n<li><strong>\u00dcr\u00fcn Ad\u0131:<\/strong> DC-DC G\u00fc\u00e7 Kayna\u011f\u0131 PWA D\u00fczene\u011fi<\/li>\n<li><strong>Par\u00e7a Numaras\u0131:<\/strong> 2382377-2 Rev5<\/li>\n<li><strong>Uyumlu Sistem:<\/strong> GE Logiq Book \/ Logiq Book XP ultrason sistemleri<\/li>\n<li><strong>Fonksiyon:<\/strong> Besleme voltajlar\u0131n\u0131 da\u011f\u0131tmak ve d\u00fczenlemek i\u00e7in dahili DC-DC g\u00fc\u00e7 d\u00f6n\u00fc\u015ft\u00fcrme mod\u00fcl\u00fc<\/li>\n<li><strong>Marka:<\/strong> GE<\/li>\n<li><strong>Durum:<\/strong> Orijinal test edilmi\u015f yedek par\u00e7a<\/li>\n<li><strong>Garanti:<\/strong>90 g\u00fcn<\/li>\n<li><strong>Teslimat S\u00fcresi:<\/strong> Stokta oldu\u011funda genellikle 2-7 i\u015f g\u00fcn\u00fc<\/li>\n<li><strong>Servis:<\/strong> Kesin sat\u0131\u015f \/ De\u011fi\u015fim \/ Onar\u0131m mevcut<\/li>\n<\/ul>\n<p><strong>Servis Notlar\u0131<\/strong><\/p>\n<ul>\n<li>L\u00fctfen sipari\u015f vermeden \u00f6nce GE Logiq Book veya Logiq Book XP sisteminizle uyumlulu\u011funu onaylay\u0131n.<\/li>\n<li>Kurulum, kalifiye biyomedikal servis teknisyenleri taraf\u0131ndan ger\u00e7ekle\u015ftirilmelidir.<\/li>\n<li>De\u011fi\u015fim veya garanti hizmeti i\u00e7in orijinal ar\u0131zal\u0131 \u00fcnitenin iade edilmesi gerekebilir.<\/li>\n<li>Hassas elektronik cihazlar\u0131n zarar g\u00f6rmesini \u00f6nlemek i\u00e7in uygun kullan\u0131m ve ESD \u00f6nlemleri tavsiye edilir.<\/li>\n<li>Onar\u0131m de\u011ferlendirmesi, teknik destek veya toplu sat\u0131n alma talepleri i\u00e7in tedarik\u00e7iyle ileti\u015fime ge\u00e7in.<\/li>\n<\/ul>","protected":false},"excerpt":{"rendered":"<p>Logiq Book XP ve Logiq Book ultrason sistemleri i\u00e7in GE DC-DC PWA G\u00fc\u00e7 Kayna\u011f\u0131 Kart\u0131, istikrarl\u0131 voltaj da\u011f\u0131t\u0131m\u0131 i\u00e7in tasarlanm\u0131\u015f, test edilmi\u015f de\u011fi\u015ftirme, onar\u0131m, de\u011fi\u015fim ve garanti hizmetleri ile.<\/p>","protected":false},"featured_media":3530,"parent":0,"template":"","meta":{"_acf_changed":false,"_kad_blocks_custom_css":"","_kad_blocks_head_custom_js":"","_kad_blocks_body_custom_js":"","_kad_blocks_footer_custom_js":"","_kadence_starter_templates_imported_post":false,"_kad_post_transparent":"default","_kad_post_title":"","_kad_post_layout":"default","_kad_post_sidebar_id":"","_kad_post_content_style":"default","_kad_post_vertical_padding":"default","_kad_post_feature":"","_kad_post_feature_position":"","_kad_post_header":false,"_kad_post_footer":false},"pcategory":[34],"ptag":[],"class_list":["post-3433","product","type-product","status-publish","has-post-thumbnail","hentry","pcategory-ultrasound-power-supply"],"acf":[],"yoast_head":"<!-- This site is optimized with the Yoast SEO plugin v27.1.1 - https:\/\/yoast.com\/product\/yoast-seo-wordpress\/ -->\n<title>GE Logiq Book XP DC-DC PWA Power Supply Module Assembly P\/N 2382377-2 Rev5<\/title>\n<meta name=\"description\" content=\"GE DC-DC PWA Power Supply Board for Logiq Book XP and Logiq Book ultrasound systems, designed for stable voltage distribution, tested replacement, with repair, exchange, and warranty services.\" \/>\n<meta name=\"robots\" content=\"index, follow, max-snippet:-1, max-image-preview:large, max-video-preview:-1\" \/>\n<link rel=\"canonical\" href=\"https:\/\/ultramachineparts.com\/tr\/product\/2382377-2-rev5\/\" \/>\n<meta property=\"og:locale\" content=\"tr_TR\" \/>\n<meta property=\"og:type\" content=\"article\" \/>\n<meta property=\"og:title\" content=\"GE Logiq Book XP DC-DC PWA Power Supply Module Assembly P\/N 2382377-2 Rev5\" \/>\n<meta property=\"og:description\" content=\"GE DC-DC PWA Power Supply Board for Logiq Book XP and Logiq Book ultrasound systems, designed for stable voltage distribution, tested replacement, with repair, exchange, and warranty services.\" \/>\n<meta property=\"og:url\" content=\"https:\/\/ultramachineparts.com\/tr\/product\/2382377-2-rev5\/\" \/>\n<meta property=\"og:site_name\" content=\"ultramachine-part\" \/>\n<meta property=\"article:modified_time\" content=\"2026-03-16T08:16:40+00:00\" \/>\n<meta property=\"og:image\" content=\"https:\/\/ultramachineparts.com\/wp-content\/uploads\/2027\/03\/2382377-2-Rev5.jpg\" \/>\n\t<meta property=\"og:image:width\" content=\"700\" \/>\n\t<meta property=\"og:image:height\" content=\"700\" \/>\n\t<meta property=\"og:image:type\" content=\"image\/jpeg\" \/>\n<meta name=\"twitter:card\" content=\"summary_large_image\" \/>\n<meta name=\"twitter:label1\" content=\"Tahmini okuma s\u00fcresi\" \/>\n\t<meta name=\"twitter:data1\" content=\"1 dakika\" \/>\n<script type=\"application\/ld+json\" class=\"yoast-schema-graph\">{\"@context\":\"https:\/\/schema.org\",\"@graph\":[{\"@type\":\"WebPage\",\"@id\":\"https:\/\/ultramachineparts.com\/product\/2382377-2-rev5\/\",\"url\":\"https:\/\/ultramachineparts.com\/product\/2382377-2-rev5\/\",\"name\":\"GE Logiq Book XP DC-DC PWA Power Supply Module Assembly P\/N 2382377-2 Rev5\",\"isPartOf\":{\"@id\":\"https:\/\/ultramachineparts.com\/#website\"},\"primaryImageOfPage\":{\"@id\":\"https:\/\/ultramachineparts.com\/product\/2382377-2-rev5\/#primaryimage\"},\"image\":{\"@id\":\"https:\/\/ultramachineparts.com\/product\/2382377-2-rev5\/#primaryimage\"},\"thumbnailUrl\":\"https:\/\/ultramachineparts.com\/wp-content\/uploads\/2027\/03\/2382377-2-Rev5.jpg\",\"datePublished\":\"2026-03-15T12:27:07+00:00\",\"dateModified\":\"2026-03-16T08:16:40+00:00\",\"description\":\"GE DC-DC PWA Power Supply Board for Logiq Book XP and Logiq Book ultrasound systems, designed for stable voltage distribution, tested replacement, with repair, exchange, and warranty services.\",\"breadcrumb\":{\"@id\":\"https:\/\/ultramachineparts.com\/product\/2382377-2-rev5\/#breadcrumb\"},\"inLanguage\":\"tr\",\"potentialAction\":[{\"@type\":\"ReadAction\",\"target\":[\"https:\/\/ultramachineparts.com\/product\/2382377-2-rev5\/\"]}]},{\"@type\":\"ImageObject\",\"inLanguage\":\"tr\",\"@id\":\"https:\/\/ultramachineparts.com\/product\/2382377-2-rev5\/#primaryimage\",\"url\":\"https:\/\/ultramachineparts.com\/wp-content\/uploads\/2027\/03\/2382377-2-Rev5.jpg\",\"contentUrl\":\"https:\/\/ultramachineparts.com\/wp-content\/uploads\/2027\/03\/2382377-2-Rev5.jpg\",\"width\":700,\"height\":700,\"caption\":\"2382377-2 Rev5\"},{\"@type\":\"BreadcrumbList\",\"@id\":\"https:\/\/ultramachineparts.com\/product\/2382377-2-rev5\/#breadcrumb\",\"itemListElement\":[{\"@type\":\"ListItem\",\"position\":1,\"name\":\"Home\",\"item\":\"https:\/\/ultramachineparts.com\/\"},{\"@type\":\"ListItem\",\"position\":2,\"name\":\"Ultrasound Power Supply\",\"item\":\"https:\/\/ultramachineparts.com\/pcategory\/ultrasound-power-supply\/\"},{\"@type\":\"ListItem\",\"position\":3,\"name\":\"GE Logiq Book XP DC-DC PWA Power Supply Module Assembly P\/N 2382377-2 Rev5\"}]},{\"@type\":\"WebSite\",\"@id\":\"https:\/\/ultramachineparts.com\/#website\",\"url\":\"https:\/\/ultramachineparts.com\/\",\"name\":\"ultramachine-part\",\"description\":\"\",\"publisher\":{\"@id\":\"https:\/\/ultramachineparts.com\/#organization\"},\"potentialAction\":[{\"@type\":\"SearchAction\",\"target\":{\"@type\":\"EntryPoint\",\"urlTemplate\":\"https:\/\/ultramachineparts.com\/?s={search_term_string}\"},\"query-input\":{\"@type\":\"PropertyValueSpecification\",\"valueRequired\":true,\"valueName\":\"search_term_string\"}}],\"inLanguage\":\"tr\"},{\"@type\":\"Organization\",\"@id\":\"https:\/\/ultramachineparts.com\/#organization\",\"name\":\"ultramachine-part\",\"url\":\"https:\/\/ultramachineparts.com\/\",\"logo\":{\"@type\":\"ImageObject\",\"inLanguage\":\"tr\",\"@id\":\"https:\/\/ultramachineparts.com\/#\/schema\/logo\/image\/\",\"url\":\"https:\/\/ultramachineparts.com\/wp-content\/uploads\/2026\/03\/logo-echoelite.png\",\"contentUrl\":\"https:\/\/ultramachineparts.com\/wp-content\/uploads\/2026\/03\/logo-echoelite.png\",\"width\":463,\"height\":120,\"caption\":\"ultramachine-part\"},\"image\":{\"@id\":\"https:\/\/ultramachineparts.com\/#\/schema\/logo\/image\/\"}}]}<\/script>\n<!-- \/ Yoast SEO plugin. -->","yoast_head_json":{"title":"GE Logiq Book XP DC-DC PWA G\u00fc\u00e7 Kayna\u011f\u0131 Mod\u00fcl\u00fc Tertibat\u0131 P\/N 2382377-2 Rev5","description":"Logiq Book XP ve Logiq Book ultrason sistemleri i\u00e7in GE DC-DC PWA G\u00fc\u00e7 Kayna\u011f\u0131 Kart\u0131, istikrarl\u0131 voltaj da\u011f\u0131t\u0131m\u0131 i\u00e7in tasarlanm\u0131\u015f, test edilmi\u015f de\u011fi\u015ftirme, onar\u0131m, de\u011fi\u015fim ve garanti hizmetleri ile.","robots":{"index":"index","follow":"follow","max-snippet":"max-snippet:-1","max-image-preview":"max-image-preview:large","max-video-preview":"max-video-preview:-1"},"canonical":"https:\/\/ultramachineparts.com\/tr\/product\/2382377-2-rev5\/","og_locale":"tr_TR","og_type":"article","og_title":"GE Logiq Book XP DC-DC PWA Power Supply Module Assembly P\/N 2382377-2 Rev5","og_description":"GE DC-DC PWA Power Supply Board for Logiq Book XP and Logiq Book ultrasound systems, designed for stable voltage distribution, tested replacement, with repair, exchange, and warranty services.","og_url":"https:\/\/ultramachineparts.com\/tr\/product\/2382377-2-rev5\/","og_site_name":"ultramachine-part","article_modified_time":"2026-03-16T08:16:40+00:00","og_image":[{"width":700,"height":700,"url":"https:\/\/ultramachineparts.com\/wp-content\/uploads\/2027\/03\/2382377-2-Rev5.jpg","type":"image\/jpeg"}],"twitter_card":"summary_large_image","twitter_misc":{"Tahmini okuma s\u00fcresi":"1 dakika"},"schema":{"@context":"https:\/\/schema.org","@graph":[{"@type":"WebPage","@id":"https:\/\/ultramachineparts.com\/product\/2382377-2-rev5\/","url":"https:\/\/ultramachineparts.com\/product\/2382377-2-rev5\/","name":"GE Logiq Book XP DC-DC PWA G\u00fc\u00e7 Kayna\u011f\u0131 Mod\u00fcl\u00fc Tertibat\u0131 P\/N 2382377-2 Rev5","isPartOf":{"@id":"https:\/\/ultramachineparts.com\/#website"},"primaryImageOfPage":{"@id":"https:\/\/ultramachineparts.com\/product\/2382377-2-rev5\/#primaryimage"},"image":{"@id":"https:\/\/ultramachineparts.com\/product\/2382377-2-rev5\/#primaryimage"},"thumbnailUrl":"https:\/\/ultramachineparts.com\/wp-content\/uploads\/2027\/03\/2382377-2-Rev5.jpg","datePublished":"2026-03-15T12:27:07+00:00","dateModified":"2026-03-16T08:16:40+00:00","description":"Logiq Book XP ve Logiq Book ultrason sistemleri i\u00e7in GE DC-DC PWA G\u00fc\u00e7 Kayna\u011f\u0131 Kart\u0131, istikrarl\u0131 voltaj da\u011f\u0131t\u0131m\u0131 i\u00e7in tasarlanm\u0131\u015f, test edilmi\u015f de\u011fi\u015ftirme, onar\u0131m, de\u011fi\u015fim ve garanti hizmetleri ile.","breadcrumb":{"@id":"https:\/\/ultramachineparts.com\/product\/2382377-2-rev5\/#breadcrumb"},"inLanguage":"tr","potentialAction":[{"@type":"ReadAction","target":["https:\/\/ultramachineparts.com\/product\/2382377-2-rev5\/"]}]},{"@type":"ImageObject","inLanguage":"tr","@id":"https:\/\/ultramachineparts.com\/product\/2382377-2-rev5\/#primaryimage","url":"https:\/\/ultramachineparts.com\/wp-content\/uploads\/2027\/03\/2382377-2-Rev5.jpg","contentUrl":"https:\/\/ultramachineparts.com\/wp-content\/uploads\/2027\/03\/2382377-2-Rev5.jpg","width":700,"height":700,"caption":"2382377-2 Rev5"},{"@type":"BreadcrumbList","@id":"https:\/\/ultramachineparts.com\/product\/2382377-2-rev5\/#breadcrumb","itemListElement":[{"@type":"ListItem","position":1,"name":"Home","item":"https:\/\/ultramachineparts.com\/"},{"@type":"ListItem","position":2,"name":"Ultrasound Power Supply","item":"https:\/\/ultramachineparts.com\/pcategory\/ultrasound-power-supply\/"},{"@type":"ListItem","position":3,"name":"GE Logiq Book XP DC-DC PWA Power Supply Module Assembly P\/N 2382377-2 Rev5"}]},{"@type":"WebSite","@id":"https:\/\/ultramachineparts.com\/#website","url":"https:\/\/ultramachineparts.com\/","name":"ultramachine-part","description":"","publisher":{"@id":"https:\/\/ultramachineparts.com\/#organization"},"potentialAction":[{"@type":"SearchAction","target":{"@type":"EntryPoint","urlTemplate":"https:\/\/ultramachineparts.com\/?s={search_term_string}"},"query-input":{"@type":"PropertyValueSpecification","valueRequired":true,"valueName":"search_term_string"}}],"inLanguage":"tr"},{"@type":"Organization","@id":"https:\/\/ultramachineparts.com\/#organization","name":"ultramachine-part","url":"https:\/\/ultramachineparts.com\/","logo":{"@type":"ImageObject","inLanguage":"tr","@id":"https:\/\/ultramachineparts.com\/#\/schema\/logo\/image\/","url":"https:\/\/ultramachineparts.com\/wp-content\/uploads\/2026\/03\/logo-echoelite.png","contentUrl":"https:\/\/ultramachineparts.com\/wp-content\/uploads\/2026\/03\/logo-echoelite.png","width":463,"height":120,"caption":"ultramachine-part"},"image":{"@id":"https:\/\/ultramachineparts.com\/#\/schema\/logo\/image\/"}}]}},"taxonomy_info":{"pcategory":[{"value":34,"label":"Ultrasound Power Supply"}]},"featured_image_src_large":["https:\/\/ultramachineparts.com\/wp-content\/uploads\/2027\/03\/2382377-2-Rev5.jpg",700,700,false],"author_info":[],"comment_info":"","_links":{"self":[{"href":"https:\/\/ultramachineparts.com\/tr\/wp-json\/wp\/v2\/product\/3433","targetHints":{"allow":["GET"]}}],"collection":[{"href":"https:\/\/ultramachineparts.com\/tr\/wp-json\/wp\/v2\/product"}],"about":[{"href":"https:\/\/ultramachineparts.com\/tr\/wp-json\/wp\/v2\/types\/product"}],"wp:featuredmedia":[{"embeddable":true,"href":"https:\/\/ultramachineparts.com\/tr\/wp-json\/wp\/v2\/media\/3530"}],"wp:attachment":[{"href":"https:\/\/ultramachineparts.com\/tr\/wp-json\/wp\/v2\/media?parent=3433"}],"wp:term":[{"taxonomy":"pcategory","embeddable":true,"href":"https:\/\/ultramachineparts.com\/tr\/wp-json\/wp\/v2\/pcategory?post=3433"},{"taxonomy":"ptag","embeddable":true,"href":"https:\/\/ultramachineparts.com\/tr\/wp-json\/wp\/v2\/ptag?post=3433"}],"curies":[{"name":"wp","href":"https:\/\/api.w.org\/{rel}","templated":true}]}}