{"id":3434,"date":"2026-03-14T15:29:08","date_gmt":"2026-03-14T15:29:08","guid":{"rendered":"https:\/\/ultramachineparts.com\/?post_type=product&#038;p=3434"},"modified":"2026-03-13T09:10:04","modified_gmt":"2026-03-13T09:10:04","slug":"e8-e6-rsr14-p9-receiver-sub-board","status":"publish","type":"product","link":"https:\/\/ultramachineparts.com\/tr\/product\/e8-e6-rsr14-p9-receiver-sub-board\/","title":{"rendered":"GE Ultrason Voluson E6 E8 RSR14-P9 Al\u0131c\u0131 Alt Kart\u0131 KTI196357_9"},"content":{"rendered":"<p>Bu <strong>GE Voluson E8\/E6 RSR14-P9 KTI196357_9 Al\u0131c\u0131 Alt Kart\u0131<\/strong> GE Voluson E8 ve Voluson E6 ultrason tan\u0131 sistemlerinde kullan\u0131lmak \u00fczere tasarlanm\u0131\u015f bir yedek al\u0131c\u0131 alt kart\u0131d\u0131r. Bu kart, \u00f6n u\u00e7 elektroni\u011finden eko sinyallerinin al\u0131nmas\u0131na ve i\u015flenmesine yard\u0131mc\u0131 olarak do\u011fru g\u00f6r\u00fcnt\u00fcleme performans\u0131na ve g\u00fcvenilir klinik \u00e7al\u0131\u015fmaya katk\u0131da bulunur.<\/p>\n<ul>\n<li><strong>\u00dcr\u00fcn Ad\u0131:<\/strong> Ultrason Al\u0131c\u0131 Alt Kart\u0131<\/li>\n<li><strong>Par\u00e7a Numaras\u0131:<\/strong> RSR14-P9 KTI196357_9<\/li>\n<li><strong>Uyumlu Sistemler:<\/strong> GE Voluson E8 &amp; E6 ultrason sistemleri<\/li>\n<li><strong>Fonksiyon:<\/strong> G\u00f6r\u00fcnt\u00fcleme i\u00e7in al\u0131c\u0131 sinyal i\u015fleme alt kart\u0131<\/li>\n<li><strong>Marka:<\/strong> GE<\/li>\n<li><strong>Durum:<\/strong> Orijinal test edilmi\u015f yedek par\u00e7a<\/li>\n<li><strong>Garanti:<\/strong> 90 g\u00fcn<\/li>\n<li><strong>Teslimat S\u00fcresi:<\/strong> Stokta oldu\u011funda genellikle 2-7 i\u015f g\u00fcn\u00fc<\/li>\n<li><strong>Servis:<\/strong> Kesin sat\u0131\u015f \/ De\u011fi\u015fim \/ Onar\u0131m mevcut<\/li>\n<\/ul>\n<p><strong>Servis Notlar\u0131<\/strong><\/p>\n<ul>\n<li>L\u00fctfen sipari\u015f vermeden \u00f6nce GE Voluson E8 veya E6 sisteminizle uyumlulu\u011fu onaylay\u0131n.<\/li>\n<li>Kurulum, ultrason elektroni\u011fi konusunda deneyimli kalifiye servis teknisyenleri taraf\u0131ndan ger\u00e7ekle\u015ftirilmelidir.<\/li>\n<li>De\u011fi\u015fim veya garanti hizmeti i\u00e7in orijinal ar\u0131zal\u0131 kart\u0131n iade edilmesi gerekebilir.<\/li>\n<li>Hassas bile\u015fenlerin zarar g\u00f6rmesini \u00f6nlemek i\u00e7in uygun kullan\u0131m ve ESD \u00f6nlemleri \u00f6nerilir.<\/li>\n<li>Onar\u0131m de\u011ferlendirmesi, teknik destek veya toplu sat\u0131n alma talepleri i\u00e7in tedarik\u00e7iyle ileti\u015fime ge\u00e7in.<\/li>\n<\/ul>","protected":false},"excerpt":{"rendered":"<p>RSR14-P9KTI196357_9 al\u0131c\u0131 alt kart\u0131 KTI196357_9 GE Voluson E6 ve E8 ultrason makineleri ile uyumludur. H\u0131zl\u0131 teslimat ile g\u00fcvenilir ultrason yedek par\u00e7a tedarik\u00e7isi.<\/p>","protected":false},"featured_media":3497,"parent":0,"template":"","meta":{"_acf_changed":false,"_kad_blocks_custom_css":"","_kad_blocks_head_custom_js":"","_kad_blocks_body_custom_js":"","_kad_blocks_footer_custom_js":"","_kadence_starter_templates_imported_post":false,"_kad_post_transparent":"default","_kad_post_title":"","_kad_post_layout":"default","_kad_post_sidebar_id":"","_kad_post_content_style":"default","_kad_post_vertical_padding":"default","_kad_post_feature":"","_kad_post_feature_position":"","_kad_post_header":false,"_kad_post_footer":false},"pcategory":[5],"ptag":[],"class_list":["post-3434","product","type-product","status-publish","has-post-thumbnail","hentry","pcategory-ultrasound-boards-repair"],"acf":[],"yoast_head":"<!-- This site is optimized with the Yoast SEO plugin v27.1.1 - https:\/\/yoast.com\/product\/yoast-seo-wordpress\/ -->\n<title>GE Ultrasound Voluson E6 E8 RSR14-P9 Receiver Sub Board KTI196357_9<\/title>\n<meta name=\"description\" content=\"RSR14-P9 receiver sub board compatible with GE Voluson E6 and E8 ultrasound machines. Reliable ultrasound spare parts supplier with fast delivery.\" \/>\n<meta name=\"robots\" content=\"index, follow, max-snippet:-1, max-image-preview:large, max-video-preview:-1\" \/>\n<link rel=\"canonical\" href=\"https:\/\/ultramachineparts.com\/tr\/product\/e8-e6-rsr14-p9-receiver-sub-board\/\" \/>\n<meta property=\"og:locale\" content=\"tr_TR\" \/>\n<meta property=\"og:type\" content=\"article\" \/>\n<meta property=\"og:title\" content=\"GE Ultrasound Voluson E6 E8 RSR14-P9 Receiver Sub Board KTI196357_9\" \/>\n<meta property=\"og:description\" content=\"RSR14-P9 receiver sub board compatible with GE Voluson E6 and E8 ultrasound machines. Reliable ultrasound spare parts supplier with fast delivery.\" \/>\n<meta property=\"og:url\" content=\"https:\/\/ultramachineparts.com\/tr\/product\/e8-e6-rsr14-p9-receiver-sub-board\/\" \/>\n<meta property=\"og:site_name\" content=\"ultramachine-part\" \/>\n<meta property=\"og:image\" content=\"https:\/\/ultramachineparts.com\/wp-content\/uploads\/2026\/03\/E6-E8-RSR14-P9-Receiver-Sub-Board-2.jpg\" \/>\n\t<meta property=\"og:image:width\" content=\"860\" \/>\n\t<meta property=\"og:image:height\" content=\"1147\" \/>\n\t<meta property=\"og:image:type\" content=\"image\/jpeg\" \/>\n<meta name=\"twitter:card\" content=\"summary_large_image\" \/>\n<meta name=\"twitter:label1\" content=\"Tahmini okuma s\u00fcresi\" \/>\n\t<meta name=\"twitter:data1\" content=\"1 dakika\" \/>\n<script type=\"application\/ld+json\" class=\"yoast-schema-graph\">{\"@context\":\"https:\/\/schema.org\",\"@graph\":[{\"@type\":\"WebPage\",\"@id\":\"https:\/\/ultramachineparts.com\/product\/e8-e6-rsr14-p9-receiver-sub-board\/\",\"url\":\"https:\/\/ultramachineparts.com\/product\/e8-e6-rsr14-p9-receiver-sub-board\/\",\"name\":\"GE Ultrasound Voluson E6 E8 RSR14-P9 Receiver Sub Board KTI196357_9\",\"isPartOf\":{\"@id\":\"https:\/\/ultramachineparts.com\/#website\"},\"primaryImageOfPage\":{\"@id\":\"https:\/\/ultramachineparts.com\/product\/e8-e6-rsr14-p9-receiver-sub-board\/#primaryimage\"},\"image\":{\"@id\":\"https:\/\/ultramachineparts.com\/product\/e8-e6-rsr14-p9-receiver-sub-board\/#primaryimage\"},\"thumbnailUrl\":\"https:\/\/ultramachineparts.com\/wp-content\/uploads\/2026\/03\/E6-E8-RSR14-P9-Receiver-Sub-Board-2.jpg\",\"datePublished\":\"2026-03-14T15:29:08+00:00\",\"description\":\"RSR14-P9 receiver sub board compatible with GE Voluson E6 and E8 ultrasound machines. Reliable ultrasound spare parts supplier with fast delivery.\",\"breadcrumb\":{\"@id\":\"https:\/\/ultramachineparts.com\/product\/e8-e6-rsr14-p9-receiver-sub-board\/#breadcrumb\"},\"inLanguage\":\"tr\",\"potentialAction\":[{\"@type\":\"ReadAction\",\"target\":[\"https:\/\/ultramachineparts.com\/product\/e8-e6-rsr14-p9-receiver-sub-board\/\"]}]},{\"@type\":\"ImageObject\",\"inLanguage\":\"tr\",\"@id\":\"https:\/\/ultramachineparts.com\/product\/e8-e6-rsr14-p9-receiver-sub-board\/#primaryimage\",\"url\":\"https:\/\/ultramachineparts.com\/wp-content\/uploads\/2026\/03\/E6-E8-RSR14-P9-Receiver-Sub-Board-2.jpg\",\"contentUrl\":\"https:\/\/ultramachineparts.com\/wp-content\/uploads\/2026\/03\/E6-E8-RSR14-P9-Receiver-Sub-Board-2.jpg\",\"width\":860,\"height\":1147,\"caption\":\"E6 E8 RSR14-P9 Receiver Sub Board KTI196357_9\"},{\"@type\":\"BreadcrumbList\",\"@id\":\"https:\/\/ultramachineparts.com\/product\/e8-e6-rsr14-p9-receiver-sub-board\/#breadcrumb\",\"itemListElement\":[{\"@type\":\"ListItem\",\"position\":1,\"name\":\"Home\",\"item\":\"https:\/\/ultramachineparts.com\/\"},{\"@type\":\"ListItem\",\"position\":2,\"name\":\"Ultrasound Boards Repair\",\"item\":\"https:\/\/ultramachineparts.com\/pcategory\/ultrasound-boards-repair\/\"},{\"@type\":\"ListItem\",\"position\":3,\"name\":\"GE Ultrasound Voluson E6 E8 RSR14-P9 Receiver Sub Board KTI196357_9\"}]},{\"@type\":\"WebSite\",\"@id\":\"https:\/\/ultramachineparts.com\/#website\",\"url\":\"https:\/\/ultramachineparts.com\/\",\"name\":\"ultramachine-part\",\"description\":\"\",\"publisher\":{\"@id\":\"https:\/\/ultramachineparts.com\/#organization\"},\"potentialAction\":[{\"@type\":\"SearchAction\",\"target\":{\"@type\":\"EntryPoint\",\"urlTemplate\":\"https:\/\/ultramachineparts.com\/?s={search_term_string}\"},\"query-input\":{\"@type\":\"PropertyValueSpecification\",\"valueRequired\":true,\"valueName\":\"search_term_string\"}}],\"inLanguage\":\"tr\"},{\"@type\":\"Organization\",\"@id\":\"https:\/\/ultramachineparts.com\/#organization\",\"name\":\"ultramachine-part\",\"url\":\"https:\/\/ultramachineparts.com\/\",\"logo\":{\"@type\":\"ImageObject\",\"inLanguage\":\"tr\",\"@id\":\"https:\/\/ultramachineparts.com\/#\/schema\/logo\/image\/\",\"url\":\"https:\/\/ultramachineparts.com\/wp-content\/uploads\/2026\/03\/logo-echoelite.png\",\"contentUrl\":\"https:\/\/ultramachineparts.com\/wp-content\/uploads\/2026\/03\/logo-echoelite.png\",\"width\":463,\"height\":120,\"caption\":\"ultramachine-part\"},\"image\":{\"@id\":\"https:\/\/ultramachineparts.com\/#\/schema\/logo\/image\/\"}}]}<\/script>\n<!-- \/ Yoast SEO plugin. -->","yoast_head_json":{"title":"GE Ultrason Voluson E6 E8 RSR14-P9 Al\u0131c\u0131 Alt Kart\u0131 KTI196357_9","description":"GE Voluson E6 ve E8 ultrason makineleri ile uyumlu RSR14-P9 al\u0131c\u0131 alt kart\u0131. H\u0131zl\u0131 teslimat ile g\u00fcvenilir ultrason yedek par\u00e7a tedarik\u00e7isi.","robots":{"index":"index","follow":"follow","max-snippet":"max-snippet:-1","max-image-preview":"max-image-preview:large","max-video-preview":"max-video-preview:-1"},"canonical":"https:\/\/ultramachineparts.com\/tr\/product\/e8-e6-rsr14-p9-receiver-sub-board\/","og_locale":"tr_TR","og_type":"article","og_title":"GE Ultrasound Voluson E6 E8 RSR14-P9 Receiver Sub Board KTI196357_9","og_description":"RSR14-P9 receiver sub board compatible with GE Voluson E6 and E8 ultrasound machines. Reliable ultrasound spare parts supplier with fast delivery.","og_url":"https:\/\/ultramachineparts.com\/tr\/product\/e8-e6-rsr14-p9-receiver-sub-board\/","og_site_name":"ultramachine-part","og_image":[{"width":860,"height":1147,"url":"https:\/\/ultramachineparts.com\/wp-content\/uploads\/2026\/03\/E6-E8-RSR14-P9-Receiver-Sub-Board-2.jpg","type":"image\/jpeg"}],"twitter_card":"summary_large_image","twitter_misc":{"Tahmini okuma s\u00fcresi":"1 dakika"},"schema":{"@context":"https:\/\/schema.org","@graph":[{"@type":"WebPage","@id":"https:\/\/ultramachineparts.com\/product\/e8-e6-rsr14-p9-receiver-sub-board\/","url":"https:\/\/ultramachineparts.com\/product\/e8-e6-rsr14-p9-receiver-sub-board\/","name":"GE Ultrason Voluson E6 E8 RSR14-P9 Al\u0131c\u0131 Alt Kart\u0131 KTI196357_9","isPartOf":{"@id":"https:\/\/ultramachineparts.com\/#website"},"primaryImageOfPage":{"@id":"https:\/\/ultramachineparts.com\/product\/e8-e6-rsr14-p9-receiver-sub-board\/#primaryimage"},"image":{"@id":"https:\/\/ultramachineparts.com\/product\/e8-e6-rsr14-p9-receiver-sub-board\/#primaryimage"},"thumbnailUrl":"https:\/\/ultramachineparts.com\/wp-content\/uploads\/2026\/03\/E6-E8-RSR14-P9-Receiver-Sub-Board-2.jpg","datePublished":"2026-03-14T15:29:08+00:00","description":"GE Voluson E6 ve E8 ultrason makineleri ile uyumlu RSR14-P9 al\u0131c\u0131 alt kart\u0131. H\u0131zl\u0131 teslimat ile g\u00fcvenilir ultrason yedek par\u00e7a tedarik\u00e7isi.","breadcrumb":{"@id":"https:\/\/ultramachineparts.com\/product\/e8-e6-rsr14-p9-receiver-sub-board\/#breadcrumb"},"inLanguage":"tr","potentialAction":[{"@type":"ReadAction","target":["https:\/\/ultramachineparts.com\/product\/e8-e6-rsr14-p9-receiver-sub-board\/"]}]},{"@type":"ImageObject","inLanguage":"tr","@id":"https:\/\/ultramachineparts.com\/product\/e8-e6-rsr14-p9-receiver-sub-board\/#primaryimage","url":"https:\/\/ultramachineparts.com\/wp-content\/uploads\/2026\/03\/E6-E8-RSR14-P9-Receiver-Sub-Board-2.jpg","contentUrl":"https:\/\/ultramachineparts.com\/wp-content\/uploads\/2026\/03\/E6-E8-RSR14-P9-Receiver-Sub-Board-2.jpg","width":860,"height":1147,"caption":"E6 E8 RSR14-P9 Receiver Sub Board KTI196357_9"},{"@type":"BreadcrumbList","@id":"https:\/\/ultramachineparts.com\/product\/e8-e6-rsr14-p9-receiver-sub-board\/#breadcrumb","itemListElement":[{"@type":"ListItem","position":1,"name":"Home","item":"https:\/\/ultramachineparts.com\/"},{"@type":"ListItem","position":2,"name":"Ultrasound Boards Repair","item":"https:\/\/ultramachineparts.com\/pcategory\/ultrasound-boards-repair\/"},{"@type":"ListItem","position":3,"name":"GE Ultrasound Voluson E6 E8 RSR14-P9 Receiver Sub Board KTI196357_9"}]},{"@type":"WebSite","@id":"https:\/\/ultramachineparts.com\/#website","url":"https:\/\/ultramachineparts.com\/","name":"ultramachine-part","description":"","publisher":{"@id":"https:\/\/ultramachineparts.com\/#organization"},"potentialAction":[{"@type":"SearchAction","target":{"@type":"EntryPoint","urlTemplate":"https:\/\/ultramachineparts.com\/?s={search_term_string}"},"query-input":{"@type":"PropertyValueSpecification","valueRequired":true,"valueName":"search_term_string"}}],"inLanguage":"tr"},{"@type":"Organization","@id":"https:\/\/ultramachineparts.com\/#organization","name":"ultramachine-part","url":"https:\/\/ultramachineparts.com\/","logo":{"@type":"ImageObject","inLanguage":"tr","@id":"https:\/\/ultramachineparts.com\/#\/schema\/logo\/image\/","url":"https:\/\/ultramachineparts.com\/wp-content\/uploads\/2026\/03\/logo-echoelite.png","contentUrl":"https:\/\/ultramachineparts.com\/wp-content\/uploads\/2026\/03\/logo-echoelite.png","width":463,"height":120,"caption":"ultramachine-part"},"image":{"@id":"https:\/\/ultramachineparts.com\/#\/schema\/logo\/image\/"}}]}},"taxonomy_info":{"pcategory":[{"value":5,"label":"Ultrasound Boards Repair"}]},"featured_image_src_large":["https:\/\/ultramachineparts.com\/wp-content\/uploads\/2026\/03\/E6-E8-RSR14-P9-Receiver-Sub-Board-2-768x1024.jpg",768,1024,true],"author_info":[],"comment_info":"","_links":{"self":[{"href":"https:\/\/ultramachineparts.com\/tr\/wp-json\/wp\/v2\/product\/3434","targetHints":{"allow":["GET"]}}],"collection":[{"href":"https:\/\/ultramachineparts.com\/tr\/wp-json\/wp\/v2\/product"}],"about":[{"href":"https:\/\/ultramachineparts.com\/tr\/wp-json\/wp\/v2\/types\/product"}],"wp:featuredmedia":[{"embeddable":true,"href":"https:\/\/ultramachineparts.com\/tr\/wp-json\/wp\/v2\/media\/3497"}],"wp:attachment":[{"href":"https:\/\/ultramachineparts.com\/tr\/wp-json\/wp\/v2\/media?parent=3434"}],"wp:term":[{"taxonomy":"pcategory","embeddable":true,"href":"https:\/\/ultramachineparts.com\/tr\/wp-json\/wp\/v2\/pcategory?post=3434"},{"taxonomy":"ptag","embeddable":true,"href":"https:\/\/ultramachineparts.com\/tr\/wp-json\/wp\/v2\/ptag?post=3434"}],"curies":[{"name":"wp","href":"https:\/\/api.w.org\/{rel}","templated":true}]}}