{"id":3441,"date":"2026-03-12T11:40:24","date_gmt":"2026-03-12T11:40:24","guid":{"rendered":"https:\/\/ultramachineparts.com\/?post_type=product&#038;p=3441"},"modified":"2026-03-13T03:37:00","modified_gmt":"2026-03-13T03:37:00","slug":"philips-hd11-hd15-power-supply-tc89m-1429","status":"publish","type":"product","link":"https:\/\/ultramachineparts.com\/tr\/product\/philips-hd11-hd15-power-supply-tc89m-1429\/","title":{"rendered":"Philips 453561382672 TC89M-1429 HD11 HD15 Ultrason Cihaz\u0131 i\u00e7in G\u00fc\u00e7 Kayna\u011f\u0131 Par\u00e7as\u0131"},"content":{"rendered":"<p>Bu <strong>Philips HD11\/HD15 G\u00fc\u00e7 Kayna\u011f\u0131 TC89M-1429<\/strong> Philips HD11 ve HD15 ultrason sistemleriyle kullan\u0131lmak \u00fczere tasarlanm\u0131\u015f, dahili elektronik aksamlara istikrarl\u0131 g\u00fc\u00e7 iletimi sa\u011flayan ve klinik g\u00f6r\u00fcnt\u00fcleme prosed\u00fcrleri s\u0131ras\u0131nda g\u00fcvenilir sistem \u00e7al\u0131\u015fmas\u0131n\u0131 destekleyen yedek bir g\u00fc\u00e7 kayna\u011f\u0131 mod\u00fcl\u00fcd\u00fcr.<\/p>\n<p><strong>\u00dcr\u00fcn Bilgileri<\/strong><\/p>\n<ul>\n<li><strong>\u00dcr\u00fcn Ad\u0131:<\/strong> Ultrason G\u00fc\u00e7 Kayna\u011f\u0131 Mod\u00fcl\u00fc<\/li>\n<li><strong>Model Numaras\u0131:<\/strong> TC89M-1429 \uff08P\/N 453561382672\uff09<\/li>\n<li><strong>Uyumlu Sistemler:<\/strong> Philips HD11 ve HD15 ultrason sistemleri<\/li>\n<li><strong>Fonksiyon:<\/strong> Dahili elektronikler ve sistemin \u00e7al\u0131\u015fmas\u0131 i\u00e7in g\u00fc\u00e7 kayna\u011f\u0131<\/li>\n<li><strong>Marka:<\/strong> Philips<\/li>\n<li><strong>Durum:<\/strong> Yedek par\u00e7a<\/li>\n<li><strong>Garanti:<\/strong> 3 ay<\/li>\n<li><strong>Teslimat S\u00fcresi:<\/strong> Stokta oldu\u011funda genellikle 3-7 i\u015f g\u00fcn\u00fc i\u00e7inde g\u00f6nderilir<\/li>\n<li><strong>Servis:<\/strong> Kesin sat\u0131\u015f \/ De\u011fi\u015fim \/ Onar\u0131m mevcut<\/li>\n<\/ul>\n<p><strong>Servis Notlar\u0131<\/strong><\/p>\n<ul>\n<li>L\u00fctfen sipari\u015f vermeden \u00f6nce Philips HD11 veya HD15 sisteminizle uyumlulu\u011funu onaylay\u0131n.<\/li>\n<li>Kurulum, ultrason g\u00fc\u00e7 kayna\u011f\u0131 mod\u00fcllerini bilen kalifiye servis teknisyenleri taraf\u0131ndan ger\u00e7ekle\u015ftirilmelidir.<\/li>\n<li>De\u011fi\u015fim veya garanti hizmeti i\u00e7in orijinal ar\u0131zal\u0131 \u00fcnitenin iade edilmesi gerekebilir.<\/li>\n<li>Hassas elektronik cihazlar\u0131n zarar g\u00f6rmesini \u00f6nlemek i\u00e7in uygun kullan\u0131m ve ESD \u00f6nlemleri tavsiye edilir.<\/li>\n<li>Onar\u0131m de\u011ferlendirmesi, teknik destek veya toplu sat\u0131n alma talepleri i\u00e7in tedarik\u00e7iyle ileti\u015fime ge\u00e7in.<\/li>\n<\/ul>","protected":false},"excerpt":{"rendered":"<p>HD11 ve HD15 ultrason sistemleri i\u00e7in y\u00fcksek kaliteli Philips TC89M-1429 \uff08P\/N 453561382672\uff09 g\u00fc\u00e7 kayna\u011f\u0131. Garanti ve k\u00fcresel nakliye ile g\u00fcvenilir yedek par\u00e7alar.<\/p>","protected":false},"featured_media":3471,"parent":0,"template":"","meta":{"_acf_changed":false,"_kad_blocks_custom_css":"","_kad_blocks_head_custom_js":"","_kad_blocks_body_custom_js":"","_kad_blocks_footer_custom_js":"","_kadence_starter_templates_imported_post":false,"_kad_post_transparent":"default","_kad_post_title":"","_kad_post_layout":"default","_kad_post_sidebar_id":"","_kad_post_content_style":"default","_kad_post_vertical_padding":"default","_kad_post_feature":"","_kad_post_feature_position":"","_kad_post_header":false,"_kad_post_footer":false},"pcategory":[34],"ptag":[],"class_list":["post-3441","product","type-product","status-publish","has-post-thumbnail","hentry","pcategory-ultrasound-power-supply"],"acf":[],"yoast_head":"<!-- This site is optimized with the Yoast SEO plugin v27.1.1 - https:\/\/yoast.com\/product\/yoast-seo-wordpress\/ -->\n<title>Philips 453561382672 TC89M-1429 Power Supply Part for HD11 HD15 Ultrasound Equipment<\/title>\n<meta name=\"description\" content=\"High-quality Philips TC89M-1429 \uff08P\/N 453561382672\uff09power supply for HD11 and HD15 ultrasound systems. Reliable replacement parts with warranty and global shipping.\" \/>\n<meta name=\"robots\" content=\"index, follow, max-snippet:-1, max-image-preview:large, max-video-preview:-1\" \/>\n<link rel=\"canonical\" href=\"https:\/\/ultramachineparts.com\/tr\/product\/philips-hd11-hd15-power-supply-tc89m-1429\/\" \/>\n<meta property=\"og:locale\" content=\"tr_TR\" \/>\n<meta property=\"og:type\" content=\"article\" \/>\n<meta property=\"og:title\" content=\"Philips 453561382672 TC89M-1429 Power Supply Part for HD11 HD15 Ultrasound Equipment\" \/>\n<meta property=\"og:description\" content=\"High-quality Philips TC89M-1429 \uff08P\/N 453561382672\uff09power supply for HD11 and HD15 ultrasound systems. Reliable replacement parts with warranty and global shipping.\" \/>\n<meta property=\"og:url\" content=\"https:\/\/ultramachineparts.com\/tr\/product\/philips-hd11-hd15-power-supply-tc89m-1429\/\" \/>\n<meta property=\"og:site_name\" content=\"ultramachine-part\" \/>\n<meta property=\"article:modified_time\" content=\"2026-03-13T03:37:00+00:00\" \/>\n<meta property=\"og:image\" content=\"https:\/\/ultramachineparts.com\/wp-content\/uploads\/2027\/03\/Philips-453561382672-TC89M-1429-Power-Supply-Part-1-1.jpg\" \/>\n\t<meta property=\"og:image:width\" content=\"1158\" \/>\n\t<meta property=\"og:image:height\" content=\"1158\" \/>\n\t<meta property=\"og:image:type\" content=\"image\/jpeg\" \/>\n<meta name=\"twitter:card\" content=\"summary_large_image\" \/>\n<meta name=\"twitter:label1\" content=\"Tahmini okuma s\u00fcresi\" \/>\n\t<meta name=\"twitter:data1\" content=\"1 dakika\" \/>\n<script type=\"application\/ld+json\" class=\"yoast-schema-graph\">{\"@context\":\"https:\/\/schema.org\",\"@graph\":[{\"@type\":\"WebPage\",\"@id\":\"https:\/\/ultramachineparts.com\/product\/philips-hd11-hd15-power-supply-tc89m-1429\/\",\"url\":\"https:\/\/ultramachineparts.com\/product\/philips-hd11-hd15-power-supply-tc89m-1429\/\",\"name\":\"Philips 453561382672 TC89M-1429 Power Supply Part for HD11 HD15 Ultrasound Equipment\",\"isPartOf\":{\"@id\":\"https:\/\/ultramachineparts.com\/#website\"},\"primaryImageOfPage\":{\"@id\":\"https:\/\/ultramachineparts.com\/product\/philips-hd11-hd15-power-supply-tc89m-1429\/#primaryimage\"},\"image\":{\"@id\":\"https:\/\/ultramachineparts.com\/product\/philips-hd11-hd15-power-supply-tc89m-1429\/#primaryimage\"},\"thumbnailUrl\":\"https:\/\/ultramachineparts.com\/wp-content\/uploads\/2027\/03\/Philips-453561382672-TC89M-1429-Power-Supply-Part-1-1.jpg\",\"datePublished\":\"2026-03-12T11:40:24+00:00\",\"dateModified\":\"2026-03-13T03:37:00+00:00\",\"description\":\"High-quality Philips TC89M-1429 \uff08P\/N 453561382672\uff09power supply for HD11 and HD15 ultrasound systems. Reliable replacement parts with warranty and global shipping.\",\"breadcrumb\":{\"@id\":\"https:\/\/ultramachineparts.com\/product\/philips-hd11-hd15-power-supply-tc89m-1429\/#breadcrumb\"},\"inLanguage\":\"tr\",\"potentialAction\":[{\"@type\":\"ReadAction\",\"target\":[\"https:\/\/ultramachineparts.com\/product\/philips-hd11-hd15-power-supply-tc89m-1429\/\"]}]},{\"@type\":\"ImageObject\",\"inLanguage\":\"tr\",\"@id\":\"https:\/\/ultramachineparts.com\/product\/philips-hd11-hd15-power-supply-tc89m-1429\/#primaryimage\",\"url\":\"https:\/\/ultramachineparts.com\/wp-content\/uploads\/2027\/03\/Philips-453561382672-TC89M-1429-Power-Supply-Part-1-1.jpg\",\"contentUrl\":\"https:\/\/ultramachineparts.com\/wp-content\/uploads\/2027\/03\/Philips-453561382672-TC89M-1429-Power-Supply-Part-1-1.jpg\",\"width\":1158,\"height\":1158,\"caption\":\"Philips 453561382672 TC89M-1429 Power Supply Part\"},{\"@type\":\"BreadcrumbList\",\"@id\":\"https:\/\/ultramachineparts.com\/product\/philips-hd11-hd15-power-supply-tc89m-1429\/#breadcrumb\",\"itemListElement\":[{\"@type\":\"ListItem\",\"position\":1,\"name\":\"Home\",\"item\":\"https:\/\/ultramachineparts.com\/\"},{\"@type\":\"ListItem\",\"position\":2,\"name\":\"Ultrasound Power Supply\",\"item\":\"https:\/\/ultramachineparts.com\/pcategory\/ultrasound-power-supply\/\"},{\"@type\":\"ListItem\",\"position\":3,\"name\":\"Philips 453561382672 TC89M-1429 Power Supply Part for HD11 HD15 Ultrasound Equipment\"}]},{\"@type\":\"WebSite\",\"@id\":\"https:\/\/ultramachineparts.com\/#website\",\"url\":\"https:\/\/ultramachineparts.com\/\",\"name\":\"ultramachine-part\",\"description\":\"\",\"publisher\":{\"@id\":\"https:\/\/ultramachineparts.com\/#organization\"},\"potentialAction\":[{\"@type\":\"SearchAction\",\"target\":{\"@type\":\"EntryPoint\",\"urlTemplate\":\"https:\/\/ultramachineparts.com\/?s={search_term_string}\"},\"query-input\":{\"@type\":\"PropertyValueSpecification\",\"valueRequired\":true,\"valueName\":\"search_term_string\"}}],\"inLanguage\":\"tr\"},{\"@type\":\"Organization\",\"@id\":\"https:\/\/ultramachineparts.com\/#organization\",\"name\":\"ultramachine-part\",\"url\":\"https:\/\/ultramachineparts.com\/\",\"logo\":{\"@type\":\"ImageObject\",\"inLanguage\":\"tr\",\"@id\":\"https:\/\/ultramachineparts.com\/#\/schema\/logo\/image\/\",\"url\":\"https:\/\/ultramachineparts.com\/wp-content\/uploads\/2026\/03\/logo-echoelite.png\",\"contentUrl\":\"https:\/\/ultramachineparts.com\/wp-content\/uploads\/2026\/03\/logo-echoelite.png\",\"width\":463,\"height\":120,\"caption\":\"ultramachine-part\"},\"image\":{\"@id\":\"https:\/\/ultramachineparts.com\/#\/schema\/logo\/image\/\"}}]}<\/script>\n<!-- \/ Yoast SEO plugin. -->","yoast_head_json":{"title":"Philips 453561382672 TC89M-1429 HD11 HD15 Ultrason Cihaz\u0131 i\u00e7in G\u00fc\u00e7 Kayna\u011f\u0131 Par\u00e7as\u0131","description":"HD11 ve HD15 ultrason sistemleri i\u00e7in y\u00fcksek kaliteli Philips TC89M-1429 \uff08P\/N 453561382672\uff09 g\u00fc\u00e7 kayna\u011f\u0131. Garanti ve k\u00fcresel nakliye ile g\u00fcvenilir yedek par\u00e7alar.","robots":{"index":"index","follow":"follow","max-snippet":"max-snippet:-1","max-image-preview":"max-image-preview:large","max-video-preview":"max-video-preview:-1"},"canonical":"https:\/\/ultramachineparts.com\/tr\/product\/philips-hd11-hd15-power-supply-tc89m-1429\/","og_locale":"tr_TR","og_type":"article","og_title":"Philips 453561382672 TC89M-1429 Power Supply Part for HD11 HD15 Ultrasound Equipment","og_description":"High-quality Philips TC89M-1429 \uff08P\/N 453561382672\uff09power supply for HD11 and HD15 ultrasound systems. Reliable replacement parts with warranty and global shipping.","og_url":"https:\/\/ultramachineparts.com\/tr\/product\/philips-hd11-hd15-power-supply-tc89m-1429\/","og_site_name":"ultramachine-part","article_modified_time":"2026-03-13T03:37:00+00:00","og_image":[{"width":1158,"height":1158,"url":"https:\/\/ultramachineparts.com\/wp-content\/uploads\/2027\/03\/Philips-453561382672-TC89M-1429-Power-Supply-Part-1-1.jpg","type":"image\/jpeg"}],"twitter_card":"summary_large_image","twitter_misc":{"Tahmini okuma s\u00fcresi":"1 dakika"},"schema":{"@context":"https:\/\/schema.org","@graph":[{"@type":"WebPage","@id":"https:\/\/ultramachineparts.com\/product\/philips-hd11-hd15-power-supply-tc89m-1429\/","url":"https:\/\/ultramachineparts.com\/product\/philips-hd11-hd15-power-supply-tc89m-1429\/","name":"Philips 453561382672 TC89M-1429 HD11 HD15 Ultrason Cihaz\u0131 i\u00e7in G\u00fc\u00e7 Kayna\u011f\u0131 Par\u00e7as\u0131","isPartOf":{"@id":"https:\/\/ultramachineparts.com\/#website"},"primaryImageOfPage":{"@id":"https:\/\/ultramachineparts.com\/product\/philips-hd11-hd15-power-supply-tc89m-1429\/#primaryimage"},"image":{"@id":"https:\/\/ultramachineparts.com\/product\/philips-hd11-hd15-power-supply-tc89m-1429\/#primaryimage"},"thumbnailUrl":"https:\/\/ultramachineparts.com\/wp-content\/uploads\/2027\/03\/Philips-453561382672-TC89M-1429-Power-Supply-Part-1-1.jpg","datePublished":"2026-03-12T11:40:24+00:00","dateModified":"2026-03-13T03:37:00+00:00","description":"HD11 ve HD15 ultrason sistemleri i\u00e7in y\u00fcksek kaliteli Philips TC89M-1429 \uff08P\/N 453561382672\uff09 g\u00fc\u00e7 kayna\u011f\u0131. Garanti ve k\u00fcresel nakliye ile g\u00fcvenilir yedek par\u00e7alar.","breadcrumb":{"@id":"https:\/\/ultramachineparts.com\/product\/philips-hd11-hd15-power-supply-tc89m-1429\/#breadcrumb"},"inLanguage":"tr","potentialAction":[{"@type":"ReadAction","target":["https:\/\/ultramachineparts.com\/product\/philips-hd11-hd15-power-supply-tc89m-1429\/"]}]},{"@type":"ImageObject","inLanguage":"tr","@id":"https:\/\/ultramachineparts.com\/product\/philips-hd11-hd15-power-supply-tc89m-1429\/#primaryimage","url":"https:\/\/ultramachineparts.com\/wp-content\/uploads\/2027\/03\/Philips-453561382672-TC89M-1429-Power-Supply-Part-1-1.jpg","contentUrl":"https:\/\/ultramachineparts.com\/wp-content\/uploads\/2027\/03\/Philips-453561382672-TC89M-1429-Power-Supply-Part-1-1.jpg","width":1158,"height":1158,"caption":"Philips 453561382672 TC89M-1429 Power Supply Part"},{"@type":"BreadcrumbList","@id":"https:\/\/ultramachineparts.com\/product\/philips-hd11-hd15-power-supply-tc89m-1429\/#breadcrumb","itemListElement":[{"@type":"ListItem","position":1,"name":"Home","item":"https:\/\/ultramachineparts.com\/"},{"@type":"ListItem","position":2,"name":"Ultrasound Power Supply","item":"https:\/\/ultramachineparts.com\/pcategory\/ultrasound-power-supply\/"},{"@type":"ListItem","position":3,"name":"Philips 453561382672 TC89M-1429 Power Supply Part for HD11 HD15 Ultrasound Equipment"}]},{"@type":"WebSite","@id":"https:\/\/ultramachineparts.com\/#website","url":"https:\/\/ultramachineparts.com\/","name":"ultramachine-part","description":"","publisher":{"@id":"https:\/\/ultramachineparts.com\/#organization"},"potentialAction":[{"@type":"SearchAction","target":{"@type":"EntryPoint","urlTemplate":"https:\/\/ultramachineparts.com\/?s={search_term_string}"},"query-input":{"@type":"PropertyValueSpecification","valueRequired":true,"valueName":"search_term_string"}}],"inLanguage":"tr"},{"@type":"Organization","@id":"https:\/\/ultramachineparts.com\/#organization","name":"ultramachine-part","url":"https:\/\/ultramachineparts.com\/","logo":{"@type":"ImageObject","inLanguage":"tr","@id":"https:\/\/ultramachineparts.com\/#\/schema\/logo\/image\/","url":"https:\/\/ultramachineparts.com\/wp-content\/uploads\/2026\/03\/logo-echoelite.png","contentUrl":"https:\/\/ultramachineparts.com\/wp-content\/uploads\/2026\/03\/logo-echoelite.png","width":463,"height":120,"caption":"ultramachine-part"},"image":{"@id":"https:\/\/ultramachineparts.com\/#\/schema\/logo\/image\/"}}]}},"taxonomy_info":{"pcategory":[{"value":34,"label":"Ultrasound Power Supply"}]},"featured_image_src_large":["https:\/\/ultramachineparts.com\/wp-content\/uploads\/2027\/03\/Philips-453561382672-TC89M-1429-Power-Supply-Part-1-1-1024x1024.jpg",1024,1024,true],"author_info":[],"comment_info":"","_links":{"self":[{"href":"https:\/\/ultramachineparts.com\/tr\/wp-json\/wp\/v2\/product\/3441","targetHints":{"allow":["GET"]}}],"collection":[{"href":"https:\/\/ultramachineparts.com\/tr\/wp-json\/wp\/v2\/product"}],"about":[{"href":"https:\/\/ultramachineparts.com\/tr\/wp-json\/wp\/v2\/types\/product"}],"wp:featuredmedia":[{"embeddable":true,"href":"https:\/\/ultramachineparts.com\/tr\/wp-json\/wp\/v2\/media\/3471"}],"wp:attachment":[{"href":"https:\/\/ultramachineparts.com\/tr\/wp-json\/wp\/v2\/media?parent=3441"}],"wp:term":[{"taxonomy":"pcategory","embeddable":true,"href":"https:\/\/ultramachineparts.com\/tr\/wp-json\/wp\/v2\/pcategory?post=3441"},{"taxonomy":"ptag","embeddable":true,"href":"https:\/\/ultramachineparts.com\/tr\/wp-json\/wp\/v2\/ptag?post=3441"}],"curies":[{"name":"wp","href":"https:\/\/api.w.org\/{rel}","templated":true}]}}