{"id":3447,"date":"2026-03-15T12:51:15","date_gmt":"2026-03-15T12:51:15","guid":{"rendered":"https:\/\/ultramachineparts.com\/?post_type=product&#038;p=3447"},"modified":"2026-04-01T08:58:30","modified_gmt":"2026-04-01T08:58:30","slug":"ge-5357234%e2%80%9120-bf192-assy-board","status":"publish","type":"product","link":"https:\/\/ultramachineparts.com\/tr\/product\/ge-5357234%e2%80%9120-bf192-assy-board\/","title":{"rendered":"GE 5357234-20 BF192 Assy Board-Ge Logiq S8 i\u00e7in Do\u011frudan Sat\u0131\u015f, De\u011fi\u015fim ve Onar\u0131m"},"content":{"rendered":"<p>Bu <strong>GE Logiq S8 BF192 Takma Kart\u0131 5357234-20<\/strong> GE LOGIQ S8 ultrason tan\u0131 sistemi ile kullan\u0131lmak \u00fczere tasarlanm\u0131\u015f yedek bir BF (beamformer) montaj kart\u0131d\u0131r. Bu kart, \u00f6n u\u00e7 sinyal i\u015fleme ve h\u00fczmeleme i\u015flevlerini destekleyerek klinik muayeneler s\u0131ras\u0131nda g\u00f6r\u00fcnt\u00fc kalitesine ve g\u00fcvenilir performansa katk\u0131da bulunur.<\/p>\n<p><strong>\u00dcr\u00fcn Bilgileri<\/strong><\/p>\n<ul>\n<li><strong>\u00dcr\u00fcn Ad\u0131:<\/strong> Ultrason BF192 Assy Kart\u0131<\/li>\n<li><strong>Par\u00e7a Numaras\u0131:<\/strong> 5357234-20<\/li>\n<li><strong>Uyumlu Sistem:<\/strong> GE LOGIQ S8 ultrason sistemi<\/li>\n<li><strong>Fonksiyon:<\/strong> Beamformer \/ sinyal i\u015fleme montaj kart\u0131<\/li>\n<li><strong>Marka:<\/strong> GE<\/li>\n<li><strong>Durum:<\/strong> Orijinal yedek par\u00e7a (test edilmi\u015ftir)<\/li>\n<li><strong>Garanti:<\/strong> Tipik olarak 3 ay<\/li>\n<li><strong>Teslimat S\u00fcresi:<\/strong> Stokta oldu\u011funda genellikle 3-7 i\u015f g\u00fcn\u00fc<\/li>\n<li><strong>Servis:<\/strong> Kesin sat\u0131\u015f \/ De\u011fi\u015fim \/ Onar\u0131m mevcut<\/li>\n<\/ul>\n<p><strong>Servis Notlar\u0131<\/strong><\/p>\n<ul>\n<li>L\u00fctfen sipari\u015f vermeden \u00f6nce GE LOGIQ S8 sisteminizle uyumlulu\u011funu onaylay\u0131n.<\/li>\n<li>Kurulum, ultrason elektroni\u011fi konusunda bilgili kalifiye teknisyenler taraf\u0131ndan ger\u00e7ekle\u015ftirilmelidir.<\/li>\n<li>De\u011fi\u015fim veya garanti hizmeti i\u00e7in orijinal ar\u0131zal\u0131 kart\u0131n iade edilmesi gerekebilir.<\/li>\n<li>Hassas bile\u015fenlerin zarar g\u00f6rmesini \u00f6nlemek i\u00e7in dikkatli kullan\u0131n.<\/li>\n<li>Onar\u0131m de\u011ferlendirmesi, teknik destek veya toplu sat\u0131n alma talepleri i\u00e7in tedarik\u00e7iyle ileti\u015fime ge\u00e7in.<\/li>\n<\/ul>","protected":false},"excerpt":{"rendered":"<p>GE Logiq S8 BF192 Assy Board 5357234-20, GE LOGIQ S8 ultrason tan\u0131 sistemi ile kullan\u0131lmak \u00fczere tasarlanm\u0131\u015f yedek bir BF (beamformer) montaj kart\u0131d\u0131r. Bu kart, \u00f6n u\u00e7 sinyal i\u015fleme ve h\u00fczmeleme i\u015flevlerini destekleyerek klinik muayeneler s\u0131ras\u0131nda g\u00f6r\u00fcnt\u00fc kalitesine ve g\u00fcvenilir performansa katk\u0131da bulunur. \u00dcr\u00fcn Bilgileri \u00dcr\u00fcn Ad\u0131: Ultrason BF192 Assy Kart\u0131 Par\u00e7a Numaras\u0131:...<\/p>","protected":false},"featured_media":3551,"parent":0,"template":"","meta":{"_acf_changed":false,"_kad_blocks_custom_css":"","_kad_blocks_head_custom_js":"","_kad_blocks_body_custom_js":"","_kad_blocks_footer_custom_js":"","_kadence_starter_templates_imported_post":false,"_kad_post_transparent":"default","_kad_post_title":"","_kad_post_layout":"default","_kad_post_sidebar_id":"","_kad_post_content_style":"default","_kad_post_vertical_padding":"default","_kad_post_feature":"","_kad_post_feature_position":"","_kad_post_header":false,"_kad_post_footer":false},"pcategory":[5],"ptag":[],"class_list":["post-3447","product","type-product","status-publish","has-post-thumbnail","hentry","pcategory-ultrasound-boards-repair"],"acf":[],"yoast_head":"<!-- This site is optimized with the Yoast SEO plugin v27.1.1 - https:\/\/yoast.com\/product\/yoast-seo-wordpress\/ -->\n<title>GE 5357234-20 BF192 Assy Board-Direct Sale, Exchange &amp; Repair for Ge Logiq S8<\/title>\n<meta name=\"robots\" content=\"index, follow, max-snippet:-1, max-image-preview:large, max-video-preview:-1\" \/>\n<link rel=\"canonical\" href=\"https:\/\/ultramachineparts.com\/tr\/product\/ge-5357234\u201120-bf192-assy-board\/\" \/>\n<meta property=\"og:locale\" content=\"tr_TR\" \/>\n<meta property=\"og:type\" content=\"article\" \/>\n<meta property=\"og:title\" content=\"GE 5357234-20 BF192 Assy Board-Direct Sale, Exchange &amp; Repair for Ge Logiq S8\" \/>\n<meta property=\"og:description\" content=\"The GE Logiq S8 BF192 Assy Board 5357234\u201120 is a replacement BF (beamformer) assembly board designed for use with the GE LOGIQ S8 ultrasound diagnostic system. This board supports front\u2011end signal processing and beamforming functions, contributing to image quality and reliable performance during clinical examinations. Product Information Product Name: Ultrasound BF192 Assy Board Part Number:...\" \/>\n<meta property=\"og:url\" content=\"https:\/\/ultramachineparts.com\/tr\/product\/ge-5357234\u201120-bf192-assy-board\/\" \/>\n<meta property=\"og:site_name\" content=\"ultramachine-part\" \/>\n<meta property=\"article:modified_time\" content=\"2026-04-01T08:58:30+00:00\" \/>\n<meta property=\"og:image\" content=\"https:\/\/ultramachineparts.com\/wp-content\/uploads\/2026\/03\/GE-5357234\u201120-2.jpeg\" \/>\n\t<meta property=\"og:image:width\" content=\"1600\" \/>\n\t<meta property=\"og:image:height\" content=\"1234\" \/>\n\t<meta property=\"og:image:type\" content=\"image\/jpeg\" \/>\n<meta name=\"twitter:card\" content=\"summary_large_image\" \/>\n<meta name=\"twitter:label1\" content=\"Tahmini okuma s\u00fcresi\" \/>\n\t<meta name=\"twitter:data1\" content=\"1 dakika\" \/>\n<script type=\"application\/ld+json\" class=\"yoast-schema-graph\">{\"@context\":\"https:\/\/schema.org\",\"@graph\":[{\"@type\":\"WebPage\",\"@id\":\"https:\/\/ultramachineparts.com\/product\/ge-5357234%e2%80%9120-bf192-assy-board\/\",\"url\":\"https:\/\/ultramachineparts.com\/product\/ge-5357234%e2%80%9120-bf192-assy-board\/\",\"name\":\"GE 5357234-20 BF192 Assy Board-Direct Sale, Exchange & Repair for Ge Logiq S8\",\"isPartOf\":{\"@id\":\"https:\/\/ultramachineparts.com\/#website\"},\"primaryImageOfPage\":{\"@id\":\"https:\/\/ultramachineparts.com\/product\/ge-5357234%e2%80%9120-bf192-assy-board\/#primaryimage\"},\"image\":{\"@id\":\"https:\/\/ultramachineparts.com\/product\/ge-5357234%e2%80%9120-bf192-assy-board\/#primaryimage\"},\"thumbnailUrl\":\"https:\/\/ultramachineparts.com\/wp-content\/uploads\/2026\/03\/GE-5357234\u201120-2.jpeg\",\"datePublished\":\"2026-03-15T12:51:15+00:00\",\"dateModified\":\"2026-04-01T08:58:30+00:00\",\"breadcrumb\":{\"@id\":\"https:\/\/ultramachineparts.com\/product\/ge-5357234%e2%80%9120-bf192-assy-board\/#breadcrumb\"},\"inLanguage\":\"tr\",\"potentialAction\":[{\"@type\":\"ReadAction\",\"target\":[\"https:\/\/ultramachineparts.com\/product\/ge-5357234%e2%80%9120-bf192-assy-board\/\"]}]},{\"@type\":\"ImageObject\",\"inLanguage\":\"tr\",\"@id\":\"https:\/\/ultramachineparts.com\/product\/ge-5357234%e2%80%9120-bf192-assy-board\/#primaryimage\",\"url\":\"https:\/\/ultramachineparts.com\/wp-content\/uploads\/2026\/03\/GE-5357234\u201120-2.jpeg\",\"contentUrl\":\"https:\/\/ultramachineparts.com\/wp-content\/uploads\/2026\/03\/GE-5357234\u201120-2.jpeg\",\"width\":1600,\"height\":1234,\"caption\":\"GE 5357234\u201120 board\"},{\"@type\":\"BreadcrumbList\",\"@id\":\"https:\/\/ultramachineparts.com\/product\/ge-5357234%e2%80%9120-bf192-assy-board\/#breadcrumb\",\"itemListElement\":[{\"@type\":\"ListItem\",\"position\":1,\"name\":\"Home\",\"item\":\"https:\/\/ultramachineparts.com\/\"},{\"@type\":\"ListItem\",\"position\":2,\"name\":\"Ultrasound Boards Repair\",\"item\":\"https:\/\/ultramachineparts.com\/pcategory\/ultrasound-boards-repair\/\"},{\"@type\":\"ListItem\",\"position\":3,\"name\":\"GE 5357234-20 BF192 Assy Board-Direct Sale, Exchange &#038; Repair for Ge Logiq S8\"}]},{\"@type\":\"WebSite\",\"@id\":\"https:\/\/ultramachineparts.com\/#website\",\"url\":\"https:\/\/ultramachineparts.com\/\",\"name\":\"ultramachine-part\",\"description\":\"\",\"publisher\":{\"@id\":\"https:\/\/ultramachineparts.com\/#organization\"},\"potentialAction\":[{\"@type\":\"SearchAction\",\"target\":{\"@type\":\"EntryPoint\",\"urlTemplate\":\"https:\/\/ultramachineparts.com\/?s={search_term_string}\"},\"query-input\":{\"@type\":\"PropertyValueSpecification\",\"valueRequired\":true,\"valueName\":\"search_term_string\"}}],\"inLanguage\":\"tr\"},{\"@type\":\"Organization\",\"@id\":\"https:\/\/ultramachineparts.com\/#organization\",\"name\":\"ultramachine-part\",\"url\":\"https:\/\/ultramachineparts.com\/\",\"logo\":{\"@type\":\"ImageObject\",\"inLanguage\":\"tr\",\"@id\":\"https:\/\/ultramachineparts.com\/#\/schema\/logo\/image\/\",\"url\":\"https:\/\/ultramachineparts.com\/wp-content\/uploads\/2026\/03\/logo-echoelite.png\",\"contentUrl\":\"https:\/\/ultramachineparts.com\/wp-content\/uploads\/2026\/03\/logo-echoelite.png\",\"width\":463,\"height\":120,\"caption\":\"ultramachine-part\"},\"image\":{\"@id\":\"https:\/\/ultramachineparts.com\/#\/schema\/logo\/image\/\"}}]}<\/script>\n<!-- \/ Yoast SEO plugin. -->","yoast_head_json":{"title":"GE 5357234-20 BF192 Assy Board-Ge Logiq S8 i\u00e7in Do\u011frudan Sat\u0131\u015f, De\u011fi\u015fim ve Onar\u0131m","robots":{"index":"index","follow":"follow","max-snippet":"max-snippet:-1","max-image-preview":"max-image-preview:large","max-video-preview":"max-video-preview:-1"},"canonical":"https:\/\/ultramachineparts.com\/tr\/product\/ge-5357234\u201120-bf192-assy-board\/","og_locale":"tr_TR","og_type":"article","og_title":"GE 5357234-20 BF192 Assy Board-Direct Sale, Exchange & Repair for Ge Logiq S8","og_description":"The GE Logiq S8 BF192 Assy Board 5357234\u201120 is a replacement BF (beamformer) assembly board designed for use with the GE LOGIQ S8 ultrasound diagnostic system. This board supports front\u2011end signal processing and beamforming functions, contributing to image quality and reliable performance during clinical examinations. Product Information Product Name: Ultrasound BF192 Assy Board Part Number:...","og_url":"https:\/\/ultramachineparts.com\/tr\/product\/ge-5357234\u201120-bf192-assy-board\/","og_site_name":"ultramachine-part","article_modified_time":"2026-04-01T08:58:30+00:00","og_image":[{"width":1600,"height":1234,"url":"https:\/\/ultramachineparts.com\/wp-content\/uploads\/2026\/03\/GE-5357234\u201120-2.jpeg","type":"image\/jpeg"}],"twitter_card":"summary_large_image","twitter_misc":{"Tahmini okuma s\u00fcresi":"1 dakika"},"schema":{"@context":"https:\/\/schema.org","@graph":[{"@type":"WebPage","@id":"https:\/\/ultramachineparts.com\/product\/ge-5357234%e2%80%9120-bf192-assy-board\/","url":"https:\/\/ultramachineparts.com\/product\/ge-5357234%e2%80%9120-bf192-assy-board\/","name":"GE 5357234-20 BF192 Assy Board-Ge Logiq S8 i\u00e7in Do\u011frudan Sat\u0131\u015f, De\u011fi\u015fim ve Onar\u0131m","isPartOf":{"@id":"https:\/\/ultramachineparts.com\/#website"},"primaryImageOfPage":{"@id":"https:\/\/ultramachineparts.com\/product\/ge-5357234%e2%80%9120-bf192-assy-board\/#primaryimage"},"image":{"@id":"https:\/\/ultramachineparts.com\/product\/ge-5357234%e2%80%9120-bf192-assy-board\/#primaryimage"},"thumbnailUrl":"https:\/\/ultramachineparts.com\/wp-content\/uploads\/2026\/03\/GE-5357234\u201120-2.jpeg","datePublished":"2026-03-15T12:51:15+00:00","dateModified":"2026-04-01T08:58:30+00:00","breadcrumb":{"@id":"https:\/\/ultramachineparts.com\/product\/ge-5357234%e2%80%9120-bf192-assy-board\/#breadcrumb"},"inLanguage":"tr","potentialAction":[{"@type":"ReadAction","target":["https:\/\/ultramachineparts.com\/product\/ge-5357234%e2%80%9120-bf192-assy-board\/"]}]},{"@type":"ImageObject","inLanguage":"tr","@id":"https:\/\/ultramachineparts.com\/product\/ge-5357234%e2%80%9120-bf192-assy-board\/#primaryimage","url":"https:\/\/ultramachineparts.com\/wp-content\/uploads\/2026\/03\/GE-5357234\u201120-2.jpeg","contentUrl":"https:\/\/ultramachineparts.com\/wp-content\/uploads\/2026\/03\/GE-5357234\u201120-2.jpeg","width":1600,"height":1234,"caption":"GE 5357234\u201120 board"},{"@type":"BreadcrumbList","@id":"https:\/\/ultramachineparts.com\/product\/ge-5357234%e2%80%9120-bf192-assy-board\/#breadcrumb","itemListElement":[{"@type":"ListItem","position":1,"name":"Home","item":"https:\/\/ultramachineparts.com\/"},{"@type":"ListItem","position":2,"name":"Ultrasound Boards Repair","item":"https:\/\/ultramachineparts.com\/pcategory\/ultrasound-boards-repair\/"},{"@type":"ListItem","position":3,"name":"GE 5357234-20 BF192 Assy Board-Direct Sale, Exchange &#038; Repair for Ge Logiq S8"}]},{"@type":"WebSite","@id":"https:\/\/ultramachineparts.com\/#website","url":"https:\/\/ultramachineparts.com\/","name":"ultramachine-part","description":"","publisher":{"@id":"https:\/\/ultramachineparts.com\/#organization"},"potentialAction":[{"@type":"SearchAction","target":{"@type":"EntryPoint","urlTemplate":"https:\/\/ultramachineparts.com\/?s={search_term_string}"},"query-input":{"@type":"PropertyValueSpecification","valueRequired":true,"valueName":"search_term_string"}}],"inLanguage":"tr"},{"@type":"Organization","@id":"https:\/\/ultramachineparts.com\/#organization","name":"ultramachine-part","url":"https:\/\/ultramachineparts.com\/","logo":{"@type":"ImageObject","inLanguage":"tr","@id":"https:\/\/ultramachineparts.com\/#\/schema\/logo\/image\/","url":"https:\/\/ultramachineparts.com\/wp-content\/uploads\/2026\/03\/logo-echoelite.png","contentUrl":"https:\/\/ultramachineparts.com\/wp-content\/uploads\/2026\/03\/logo-echoelite.png","width":463,"height":120,"caption":"ultramachine-part"},"image":{"@id":"https:\/\/ultramachineparts.com\/#\/schema\/logo\/image\/"}}]}},"taxonomy_info":{"pcategory":[{"value":5,"label":"Ultrasound Boards Repair"}]},"featured_image_src_large":["https:\/\/ultramachineparts.com\/wp-content\/uploads\/2026\/03\/GE-5357234\u201120-2-1024x790.jpeg",1024,790,true],"author_info":[],"comment_info":"","_links":{"self":[{"href":"https:\/\/ultramachineparts.com\/tr\/wp-json\/wp\/v2\/product\/3447","targetHints":{"allow":["GET"]}}],"collection":[{"href":"https:\/\/ultramachineparts.com\/tr\/wp-json\/wp\/v2\/product"}],"about":[{"href":"https:\/\/ultramachineparts.com\/tr\/wp-json\/wp\/v2\/types\/product"}],"wp:featuredmedia":[{"embeddable":true,"href":"https:\/\/ultramachineparts.com\/tr\/wp-json\/wp\/v2\/media\/3551"}],"wp:attachment":[{"href":"https:\/\/ultramachineparts.com\/tr\/wp-json\/wp\/v2\/media?parent=3447"}],"wp:term":[{"taxonomy":"pcategory","embeddable":true,"href":"https:\/\/ultramachineparts.com\/tr\/wp-json\/wp\/v2\/pcategory?post=3447"},{"taxonomy":"ptag","embeddable":true,"href":"https:\/\/ultramachineparts.com\/tr\/wp-json\/wp\/v2\/ptag?post=3447"}],"curies":[{"name":"wp","href":"https:\/\/api.w.org\/{rel}","templated":true}]}}